{"id":126499,"date":"2024-08-16T09:20:19","date_gmt":"2024-08-16T09:20:19","guid":{"rendered":"https:\/\/www.iplay.com\/games\/rescue-team-ancient-guardian-collectors-edition\/"},"modified":"2024-08-16T09:20:19","modified_gmt":"2024-08-16T09:20:19","slug":"rescue-team-ancient-guardian-collectors-edition","status":"publish","type":"product","link":"https:\/\/www.iplay.com\/fr\/games\/rescue-team-ancient-guardian-collectors-edition\/","title":{"rendered":"Rescue Team: Ancient Guardian Collector&#8217;s Edition"},"content":{"rendered":"<p>Une mission de sauvetage est en cours, o\u00f9 l\u2019\u00e9quilibre d\u00e9licat entre l\u2019exploration scientifique r\u00e9volutionnaire et les efforts humanitaires essentiels doit \u00eatre maintenu.<\/p>\n<p>Alors que des vies sont en jeu et que des maisons sont en ruines, l\u2019\u00e9quipe de secours a \u00e9t\u00e9 d\u00e9p\u00each\u00e9e au c\u0153ur de la derni\u00e8re catastrophe. L\u2019\u00e9quipe est charg\u00e9e de naviguer dans des paysages p\u00e9rilleux afin d\u2019\u00e9valuer pleinement l\u2019ampleur de la d\u00e9vastation. Au cours de ce chaos, cependant, une d\u00e9couverte inattendue a \u00e9t\u00e9 faite : un chemin cach\u00e9 menant \u00e0 des territoires inexplor\u00e9s, \u00e9pargn\u00e9s par la civilisation moderne.  <\/p>\n<p>\u00cates-vous pr\u00eat \u00e0 contribuer \u00e0 l\u2019\u00e9criture de l\u2019histoire ? Rejoignez la mission et soutenez l\u2019\u00e9quipe de sauvetage dans la construction de l\u2019avenir ! <\/p>\n<p><strong>Fonctionnalit\u00e9s<\/strong><\/p>\n<ul>\n<li>Profitez de s\u00e9quences anim\u00e9es en 2D magnifiquement con\u00e7ues.<\/li>\n<li>Terminez 50 niveaux difficiles dans le temps imparti.<\/li>\n<li>Am\u00e9liorez les h\u00e9ros et leur \u00e9quipement.<\/li>\n<li>Trouvez toutes les pi\u00e8ces manquantes du laboratoire d\u2019ing\u00e9nierie.<\/li>\n<li>D\u00e9couvrez tous les anciens parchemins.<\/li>\n<li>Planifiez votre chemin vers la victoire en quelques clics de souris.<\/li>\n<\/ul>\n<p><strong>Caract\u00e9ristiques de l\u2019\u00e9dition collector<\/strong><\/p>\n<ul>\n<li>Un chapitre suppl\u00e9mentaire avec 15 niveaux suppl\u00e9mentaires.<\/li>\n<li>Guide de niveau complet.<\/li>\n<li>Une bande-son originale et entra\u00eenante disponible en t\u00e9l\u00e9chargement.<\/li>\n<li>D\u00e9partement de robotique.<\/li>\n<li>Superbes fonds d\u2019\u00e9cran de bureau.<\/li>\n<li>Biographies des personnages.<\/li>\n<li>Encyclop\u00e9die du jeu.<\/li>\n<li>R\u00e9alisations.<\/li>\n<li>Une collection unique d\u2019autocollants.<\/li>\n<\/ul>\n","protected":false},"excerpt":{"rendered":"<p><strong>Rescue Team&nbsp;: Ancient Guardian Collector\u2019s Edition<\/strong> &#8211; Aidez-nous \u00e0 fa\u00e7onner l\u2019avenir !<\/p>\n","protected":false},"author":8,"featured_media":38796,"comment_status":"open","ping_status":"closed","template":"","meta":{"_acf_changed":false,"inline_featured_image":false},"product_brand":[],"product_cat":[216],"product_tag":[287,292],"class_list":{"0":"post-126499","1":"product","2":"type-product","3":"status-publish","4":"has-post-thumbnail","6":"product_cat-time-management-fr","7":"product_tag-play-on-pc-fr","8":"product_tag-rescue-team-series-fr","10":"first","11":"instock","12":"shipping-taxable","13":"purchasable","14":"product-type-simple"},"acf":[],"yoast_head":"<!-- This site is optimized with the Yoast SEO Premium plugin v25.2 (Yoast SEO v25.2) - https:\/\/yoast.com\/wordpress\/plugins\/seo\/ -->\n<title>Rescue Team\u00a0: Ancient Guardian CE - Aidez \u00e0 fa\u00e7onner l\u2019avenir !<\/title>\n<meta name=\"description\" content=\"Rescue Team&nbsp;: Ancient Guardian Collector\u2019s Edition - Aidez-nous \u00e0 fa\u00e7onner l\u2019avenir !\" \/>\n<meta name=\"robots\" content=\"index, follow, max-snippet:-1, max-image-preview:large, max-video-preview:-1\" \/>\n<link rel=\"canonical\" href=\"https:\/\/www.iplay.com\/fr\/games\/rescue-team-ancient-guardian-collectors-edition\/\" \/>\n<meta property=\"og:locale\" content=\"fr_FR\" \/>\n<meta property=\"og:type\" content=\"article\" \/>\n<meta property=\"og:title\" content=\"Rescue Team: Ancient Guardian Collector&#039;s Edition\" \/>\n<meta property=\"og:description\" content=\"Rescue Team&nbsp;: Ancient Guardian Collector\u2019s Edition - Aidez-nous \u00e0 fa\u00e7onner l\u2019avenir !\" \/>\n<meta property=\"og:url\" content=\"https:\/\/www.iplay.com\/fr\/games\/rescue-team-ancient-guardian-collectors-edition\/\" \/>\n<meta property=\"og:site_name\" content=\"IPlay\" \/>\n<meta property=\"og:image\" content=\"https:\/\/www.iplay.com\/wp-content\/uploads\/2024\/09\/400x400-rescue_team_-_ancient_guardian_ce_large_square_tile_image.webp\" \/>\n\t<meta property=\"og:image:width\" content=\"400\" \/>\n\t<meta property=\"og:image:height\" content=\"400\" \/>\n\t<meta property=\"og:image:type\" content=\"image\/webp\" \/>\n<meta name=\"twitter:card\" content=\"summary_large_image\" \/>\n<meta name=\"twitter:label1\" content=\"Dur\u00e9e de lecture estim\u00e9e\" \/>\n\t<meta name=\"twitter:data1\" content=\"1 minute\" \/>\n<script type=\"application\/ld+json\" class=\"yoast-schema-graph\">{\"@context\":\"https:\/\/schema.org\",\"@graph\":[{\"@type\":\"WebPage\",\"@id\":\"https:\/\/www.iplay.com\/fr\/games\/rescue-team-ancient-guardian-collectors-edition\/\",\"url\":\"https:\/\/www.iplay.com\/fr\/games\/rescue-team-ancient-guardian-collectors-edition\/\",\"name\":\"Rescue Team\u00a0: Ancient Guardian CE - Aidez \u00e0 fa\u00e7onner l\u2019avenir !\",\"isPartOf\":{\"@id\":\"https:\/\/www.iplay.com\/en\/#website\"},\"primaryImageOfPage\":{\"@id\":\"https:\/\/www.iplay.com\/fr\/games\/rescue-team-ancient-guardian-collectors-edition\/#primaryimage\"},\"image\":{\"@id\":\"https:\/\/www.iplay.com\/fr\/games\/rescue-team-ancient-guardian-collectors-edition\/#primaryimage\"},\"thumbnailUrl\":\"https:\/\/www.iplay.com\/wp-content\/uploads\/2024\/09\/400x400-rescue_team_-_ancient_guardian_ce_large_square_tile_image.webp\",\"datePublished\":\"2024-08-16T09:20:19+00:00\",\"description\":\"Rescue Team&nbsp;: Ancient Guardian Collector\u2019s Edition - Aidez-nous \u00e0 fa\u00e7onner l\u2019avenir !\",\"breadcrumb\":{\"@id\":\"https:\/\/www.iplay.com\/fr\/games\/rescue-team-ancient-guardian-collectors-edition\/#breadcrumb\"},\"inLanguage\":\"fr-FR\",\"potentialAction\":[{\"@type\":\"ReadAction\",\"target\":[\"https:\/\/www.iplay.com\/fr\/games\/rescue-team-ancient-guardian-collectors-edition\/\"]}]},{\"@type\":\"ImageObject\",\"inLanguage\":\"fr-FR\",\"@id\":\"https:\/\/www.iplay.com\/fr\/games\/rescue-team-ancient-guardian-collectors-edition\/#primaryimage\",\"url\":\"https:\/\/www.iplay.com\/wp-content\/uploads\/2024\/09\/400x400-rescue_team_-_ancient_guardian_ce_large_square_tile_image.webp\",\"contentUrl\":\"https:\/\/www.iplay.com\/wp-content\/uploads\/2024\/09\/400x400-rescue_team_-_ancient_guardian_ce_large_square_tile_image.webp\",\"width\":400,\"height\":400},{\"@type\":\"BreadcrumbList\",\"@id\":\"https:\/\/www.iplay.com\/fr\/games\/rescue-team-ancient-guardian-collectors-edition\/#breadcrumb\",\"itemListElement\":[{\"@type\":\"ListItem\",\"position\":1,\"name\":\"Home\",\"item\":\"https:\/\/www.iplay.com\/fr\/home-page-2\/\"},{\"@type\":\"ListItem\",\"position\":2,\"name\":\"Shop\",\"item\":\"https:\/\/www.iplay.com\/en\/shop\/\"},{\"@type\":\"ListItem\",\"position\":3,\"name\":\"Rescue Team: Ancient Guardian Collector&#8217;s Edition\"}]},{\"@type\":\"WebSite\",\"@id\":\"https:\/\/www.iplay.com\/en\/#website\",\"url\":\"https:\/\/www.iplay.com\/en\/\",\"name\":\"IPlay\",\"description\":\"The Best Casual Games!\",\"publisher\":{\"@id\":\"https:\/\/www.iplay.com\/en\/#organization\"},\"potentialAction\":[{\"@type\":\"SearchAction\",\"target\":{\"@type\":\"EntryPoint\",\"urlTemplate\":\"https:\/\/www.iplay.com\/en\/?s={search_term_string}\"},\"query-input\":{\"@type\":\"PropertyValueSpecification\",\"valueRequired\":true,\"valueName\":\"search_term_string\"}}],\"inLanguage\":\"fr-FR\"},{\"@type\":\"Organization\",\"@id\":\"https:\/\/www.iplay.com\/en\/#organization\",\"name\":\"IPlay\",\"url\":\"https:\/\/www.iplay.com\/en\/\",\"logo\":{\"@type\":\"ImageObject\",\"inLanguage\":\"fr-FR\",\"@id\":\"https:\/\/www.iplay.com\/en\/#\/schema\/logo\/image\/\",\"url\":\"https:\/\/www.iplay.com\/wp-content\/uploads\/2023\/11\/Group-6100.svg\",\"contentUrl\":\"https:\/\/www.iplay.com\/wp-content\/uploads\/2023\/11\/Group-6100.svg\",\"width\":98,\"height\":25,\"caption\":\"IPlay\"},\"image\":{\"@id\":\"https:\/\/www.iplay.com\/en\/#\/schema\/logo\/image\/\"}}]}<\/script>\n<!-- \/ Yoast SEO Premium plugin. -->","yoast_head_json":{"title":"Rescue Team\u00a0: Ancient Guardian CE - Aidez \u00e0 fa\u00e7onner l\u2019avenir !","description":"Rescue Team&nbsp;: Ancient Guardian Collector\u2019s Edition - Aidez-nous \u00e0 fa\u00e7onner l\u2019avenir !","robots":{"index":"index","follow":"follow","max-snippet":"max-snippet:-1","max-image-preview":"max-image-preview:large","max-video-preview":"max-video-preview:-1"},"canonical":"https:\/\/www.iplay.com\/fr\/games\/rescue-team-ancient-guardian-collectors-edition\/","og_locale":"fr_FR","og_type":"article","og_title":"Rescue Team: Ancient Guardian Collector's Edition","og_description":"Rescue Team&nbsp;: Ancient Guardian Collector\u2019s Edition - Aidez-nous \u00e0 fa\u00e7onner l\u2019avenir !","og_url":"https:\/\/www.iplay.com\/fr\/games\/rescue-team-ancient-guardian-collectors-edition\/","og_site_name":"IPlay","og_image":[{"width":400,"height":400,"url":"https:\/\/www.iplay.com\/wp-content\/uploads\/2024\/09\/400x400-rescue_team_-_ancient_guardian_ce_large_square_tile_image.webp","type":"image\/webp"}],"twitter_card":"summary_large_image","twitter_misc":{"Dur\u00e9e de lecture estim\u00e9e":"1 minute"},"schema":{"@context":"https:\/\/schema.org","@graph":[{"@type":"WebPage","@id":"https:\/\/www.iplay.com\/fr\/games\/rescue-team-ancient-guardian-collectors-edition\/","url":"https:\/\/www.iplay.com\/fr\/games\/rescue-team-ancient-guardian-collectors-edition\/","name":"Rescue Team\u00a0: Ancient Guardian CE - Aidez \u00e0 fa\u00e7onner l\u2019avenir !","isPartOf":{"@id":"https:\/\/www.iplay.com\/en\/#website"},"primaryImageOfPage":{"@id":"https:\/\/www.iplay.com\/fr\/games\/rescue-team-ancient-guardian-collectors-edition\/#primaryimage"},"image":{"@id":"https:\/\/www.iplay.com\/fr\/games\/rescue-team-ancient-guardian-collectors-edition\/#primaryimage"},"thumbnailUrl":"https:\/\/www.iplay.com\/wp-content\/uploads\/2024\/09\/400x400-rescue_team_-_ancient_guardian_ce_large_square_tile_image.webp","datePublished":"2024-08-16T09:20:19+00:00","description":"Rescue Team&nbsp;: Ancient Guardian Collector\u2019s Edition - Aidez-nous \u00e0 fa\u00e7onner l\u2019avenir !","breadcrumb":{"@id":"https:\/\/www.iplay.com\/fr\/games\/rescue-team-ancient-guardian-collectors-edition\/#breadcrumb"},"inLanguage":"fr-FR","potentialAction":[{"@type":"ReadAction","target":["https:\/\/www.iplay.com\/fr\/games\/rescue-team-ancient-guardian-collectors-edition\/"]}]},{"@type":"ImageObject","inLanguage":"fr-FR","@id":"https:\/\/www.iplay.com\/fr\/games\/rescue-team-ancient-guardian-collectors-edition\/#primaryimage","url":"https:\/\/www.iplay.com\/wp-content\/uploads\/2024\/09\/400x400-rescue_team_-_ancient_guardian_ce_large_square_tile_image.webp","contentUrl":"https:\/\/www.iplay.com\/wp-content\/uploads\/2024\/09\/400x400-rescue_team_-_ancient_guardian_ce_large_square_tile_image.webp","width":400,"height":400},{"@type":"BreadcrumbList","@id":"https:\/\/www.iplay.com\/fr\/games\/rescue-team-ancient-guardian-collectors-edition\/#breadcrumb","itemListElement":[{"@type":"ListItem","position":1,"name":"Home","item":"https:\/\/www.iplay.com\/fr\/home-page-2\/"},{"@type":"ListItem","position":2,"name":"Shop","item":"https:\/\/www.iplay.com\/en\/shop\/"},{"@type":"ListItem","position":3,"name":"Rescue Team: Ancient Guardian Collector&#8217;s Edition"}]},{"@type":"WebSite","@id":"https:\/\/www.iplay.com\/en\/#website","url":"https:\/\/www.iplay.com\/en\/","name":"IPlay","description":"The Best Casual Games!","publisher":{"@id":"https:\/\/www.iplay.com\/en\/#organization"},"potentialAction":[{"@type":"SearchAction","target":{"@type":"EntryPoint","urlTemplate":"https:\/\/www.iplay.com\/en\/?s={search_term_string}"},"query-input":{"@type":"PropertyValueSpecification","valueRequired":true,"valueName":"search_term_string"}}],"inLanguage":"fr-FR"},{"@type":"Organization","@id":"https:\/\/www.iplay.com\/en\/#organization","name":"IPlay","url":"https:\/\/www.iplay.com\/en\/","logo":{"@type":"ImageObject","inLanguage":"fr-FR","@id":"https:\/\/www.iplay.com\/en\/#\/schema\/logo\/image\/","url":"https:\/\/www.iplay.com\/wp-content\/uploads\/2023\/11\/Group-6100.svg","contentUrl":"https:\/\/www.iplay.com\/wp-content\/uploads\/2023\/11\/Group-6100.svg","width":98,"height":25,"caption":"IPlay"},"image":{"@id":"https:\/\/www.iplay.com\/en\/#\/schema\/logo\/image\/"}}]}},"_links":{"self":[{"href":"https:\/\/www.iplay.com\/fr\/wp-json\/wp\/v2\/product\/126499","targetHints":{"allow":["GET"]}}],"collection":[{"href":"https:\/\/www.iplay.com\/fr\/wp-json\/wp\/v2\/product"}],"about":[{"href":"https:\/\/www.iplay.com\/fr\/wp-json\/wp\/v2\/types\/product"}],"author":[{"embeddable":true,"href":"https:\/\/www.iplay.com\/fr\/wp-json\/wp\/v2\/users\/8"}],"replies":[{"embeddable":true,"href":"https:\/\/www.iplay.com\/fr\/wp-json\/wp\/v2\/comments?post=126499"}],"wp:featuredmedia":[{"embeddable":true,"href":"https:\/\/www.iplay.com\/fr\/wp-json\/wp\/v2\/media\/38796"}],"wp:attachment":[{"href":"https:\/\/www.iplay.com\/fr\/wp-json\/wp\/v2\/media?parent=126499"}],"wp:term":[{"taxonomy":"product_brand","embeddable":true,"href":"https:\/\/www.iplay.com\/fr\/wp-json\/wp\/v2\/product_brand?post=126499"},{"taxonomy":"product_cat","embeddable":true,"href":"https:\/\/www.iplay.com\/fr\/wp-json\/wp\/v2\/product_cat?post=126499"},{"taxonomy":"product_tag","embeddable":true,"href":"https:\/\/www.iplay.com\/fr\/wp-json\/wp\/v2\/product_tag?post=126499"}],"curies":[{"name":"wp","href":"https:\/\/api.w.org\/{rel}","templated":true}]}}