{"id":126477,"date":"2020-07-27T00:00:00","date_gmt":"2020-07-27T00:00:00","guid":{"rendered":"https:\/\/www.iplay.com\/games\/family-mysteries-criminal-mindset-collectors-edition\/"},"modified":"2020-07-27T00:00:00","modified_gmt":"2020-07-27T00:00:00","slug":"family-mysteries-criminal-mindset-collectors-edition","status":"publish","type":"product","link":"https:\/\/www.iplay.com\/fr\/games\/family-mysteries-criminal-mindset-collectors-edition\/","title":{"rendered":"Family Mysteries: Criminal Mindset Collector&#8217;s Edition"},"content":{"rendered":"<p>La sp\u00e9cialiste du comportement Nancy Bradford n\u2019a jamais imagin\u00e9 la force sombre et brutale qui se cache derri\u00e8re la philanthropie exp\u00e9rimentale du c\u00e9l\u00e8bre et \u00e9nigmatique professeur Webster lorsqu\u2019elle a accept\u00e9 son offre de travailler avec lui. Pour d\u00e9couvrir la v\u00e9rit\u00e9 sur la mort de ses parents et d\u00e9couvrir la motivation derri\u00e8re ces exp\u00e9riences horribles, Nancy devra utiliser toute sa ruse et son instinct. L\u2019esprit humain est-il trop fragile ou peut-il \u00eatre corrompu assez rapidement ? Lisez Family Mysteries&nbsp;: Criminal Mindset pour le d\u00e9couvrir&nbsp;!   <\/p>\n<p>&nbsp;<\/p>\n<p>&nbsp;<\/p>\n<p><strong>Fonctionnalit\u00e9s:<\/strong><\/p>\n<p>&nbsp;<\/p>\n<p>&#8211; Sc\u00e8nes<br \/>\n d\u2019objets cach\u00e9s bonus- Mini-jeux<br \/>\n suppl\u00e9mentaires- Bande originale<br \/>\n t\u00e9l\u00e9chargeable- Fonds d\u2019\u00e9cran<\/p>\n","protected":false},"excerpt":{"rendered":"<p>Nancy Bradford est confront\u00e9e \u00e0 une d\u00e9cision : pr\u00e9server son emploi ou le monde libre et sans retenue.<\/p>\n","protected":false},"author":118,"featured_media":82610,"comment_status":"open","ping_status":"closed","template":"","meta":{"_acf_changed":false,"inline_featured_image":false},"product_brand":[],"product_cat":[165,202],"product_tag":[287],"class_list":{"0":"post-126477","1":"product","2":"type-product","3":"status-publish","4":"has-post-thumbnail","6":"product_cat-hidden-object-fr","7":"product_cat-removed-content-fr","8":"product_tag-play-on-pc-fr","10":"first","11":"instock","12":"shipping-taxable","13":"purchasable","14":"product-type-simple"},"acf":[],"yoast_head":"<!-- This site is optimized with the Yoast SEO Premium plugin v25.2 (Yoast SEO v25.2) - https:\/\/yoast.com\/wordpress\/plugins\/seo\/ -->\n<title>Family Mysteries\u00a0: Criminal Mindset Edition Collector - Nancy fait face \u00e0 un choix : sa carri\u00e8re ou un monde libre<\/title>\n<meta name=\"description\" content=\"Nancy Bradford est confront\u00e9e \u00e0 une d\u00e9cision : pr\u00e9server son emploi ou le monde libre et sans retenue.\" \/>\n<meta name=\"robots\" content=\"index, follow, max-snippet:-1, max-image-preview:large, max-video-preview:-1\" \/>\n<link rel=\"canonical\" href=\"https:\/\/www.iplay.com\/fr\/games\/family-mysteries-criminal-mindset-collectors-edition\/\" \/>\n<meta property=\"og:locale\" content=\"fr_FR\" \/>\n<meta property=\"og:type\" content=\"article\" \/>\n<meta property=\"og:title\" content=\"Family Mysteries: Criminal Mindset Collector&#039;s Edition\" \/>\n<meta property=\"og:description\" content=\"Nancy Bradford est confront\u00e9e \u00e0 une d\u00e9cision : pr\u00e9server son emploi ou le monde libre et sans retenue.\" \/>\n<meta property=\"og:url\" content=\"https:\/\/www.iplay.com\/fr\/games\/family-mysteries-criminal-mindset-collectors-edition\/\" \/>\n<meta property=\"og:site_name\" content=\"IPlay\" \/>\n<meta property=\"og:image\" content=\"https:\/\/www.iplay.com\/wp-content\/uploads\/2023\/12\/large_square_tile_image-2670.jpg\" \/>\n\t<meta property=\"og:image:width\" content=\"310\" \/>\n\t<meta property=\"og:image:height\" content=\"310\" \/>\n\t<meta property=\"og:image:type\" content=\"image\/jpeg\" \/>\n<meta name=\"twitter:card\" content=\"summary_large_image\" \/>\n<meta name=\"twitter:label1\" content=\"Dur\u00e9e de lecture estim\u00e9e\" \/>\n\t<meta name=\"twitter:data1\" content=\"1 minute\" \/>\n<script type=\"application\/ld+json\" class=\"yoast-schema-graph\">{\"@context\":\"https:\/\/schema.org\",\"@graph\":[{\"@type\":\"WebPage\",\"@id\":\"https:\/\/www.iplay.com\/fr\/games\/family-mysteries-criminal-mindset-collectors-edition\/\",\"url\":\"https:\/\/www.iplay.com\/fr\/games\/family-mysteries-criminal-mindset-collectors-edition\/\",\"name\":\"Family Mysteries\u00a0: Criminal Mindset Edition Collector - Nancy fait face \u00e0 un choix : sa carri\u00e8re ou un monde libre\",\"isPartOf\":{\"@id\":\"https:\/\/www.iplay.com\/en\/#website\"},\"primaryImageOfPage\":{\"@id\":\"https:\/\/www.iplay.com\/fr\/games\/family-mysteries-criminal-mindset-collectors-edition\/#primaryimage\"},\"image\":{\"@id\":\"https:\/\/www.iplay.com\/fr\/games\/family-mysteries-criminal-mindset-collectors-edition\/#primaryimage\"},\"thumbnailUrl\":\"https:\/\/www.iplay.com\/wp-content\/uploads\/2023\/12\/large_square_tile_image-2670.jpg\",\"datePublished\":\"2020-07-27T00:00:00+00:00\",\"description\":\"Nancy Bradford est confront\u00e9e \u00e0 une d\u00e9cision : pr\u00e9server son emploi ou le monde libre et sans retenue.\",\"breadcrumb\":{\"@id\":\"https:\/\/www.iplay.com\/fr\/games\/family-mysteries-criminal-mindset-collectors-edition\/#breadcrumb\"},\"inLanguage\":\"fr-FR\",\"potentialAction\":[{\"@type\":\"ReadAction\",\"target\":[\"https:\/\/www.iplay.com\/fr\/games\/family-mysteries-criminal-mindset-collectors-edition\/\"]}]},{\"@type\":\"ImageObject\",\"inLanguage\":\"fr-FR\",\"@id\":\"https:\/\/www.iplay.com\/fr\/games\/family-mysteries-criminal-mindset-collectors-edition\/#primaryimage\",\"url\":\"https:\/\/www.iplay.com\/wp-content\/uploads\/2023\/12\/large_square_tile_image-2670.jpg\",\"contentUrl\":\"https:\/\/www.iplay.com\/wp-content\/uploads\/2023\/12\/large_square_tile_image-2670.jpg\",\"width\":310,\"height\":310},{\"@type\":\"BreadcrumbList\",\"@id\":\"https:\/\/www.iplay.com\/fr\/games\/family-mysteries-criminal-mindset-collectors-edition\/#breadcrumb\",\"itemListElement\":[{\"@type\":\"ListItem\",\"position\":1,\"name\":\"Home\",\"item\":\"https:\/\/www.iplay.com\/fr\/home-page-2\/\"},{\"@type\":\"ListItem\",\"position\":2,\"name\":\"Shop\",\"item\":\"https:\/\/www.iplay.com\/en\/shop\/\"},{\"@type\":\"ListItem\",\"position\":3,\"name\":\"Family Mysteries: Criminal Mindset Collector&#8217;s Edition\"}]},{\"@type\":\"WebSite\",\"@id\":\"https:\/\/www.iplay.com\/en\/#website\",\"url\":\"https:\/\/www.iplay.com\/en\/\",\"name\":\"IPlay\",\"description\":\"The Best Casual Games!\",\"publisher\":{\"@id\":\"https:\/\/www.iplay.com\/en\/#organization\"},\"potentialAction\":[{\"@type\":\"SearchAction\",\"target\":{\"@type\":\"EntryPoint\",\"urlTemplate\":\"https:\/\/www.iplay.com\/en\/?s={search_term_string}\"},\"query-input\":{\"@type\":\"PropertyValueSpecification\",\"valueRequired\":true,\"valueName\":\"search_term_string\"}}],\"inLanguage\":\"fr-FR\"},{\"@type\":\"Organization\",\"@id\":\"https:\/\/www.iplay.com\/en\/#organization\",\"name\":\"IPlay\",\"url\":\"https:\/\/www.iplay.com\/en\/\",\"logo\":{\"@type\":\"ImageObject\",\"inLanguage\":\"fr-FR\",\"@id\":\"https:\/\/www.iplay.com\/en\/#\/schema\/logo\/image\/\",\"url\":\"https:\/\/www.iplay.com\/wp-content\/uploads\/2023\/11\/Group-6100.svg\",\"contentUrl\":\"https:\/\/www.iplay.com\/wp-content\/uploads\/2023\/11\/Group-6100.svg\",\"width\":98,\"height\":25,\"caption\":\"IPlay\"},\"image\":{\"@id\":\"https:\/\/www.iplay.com\/en\/#\/schema\/logo\/image\/\"}}]}<\/script>\n<!-- \/ Yoast SEO Premium plugin. -->","yoast_head_json":{"title":"Family Mysteries\u00a0: Criminal Mindset Edition Collector - Nancy fait face \u00e0 un choix : sa carri\u00e8re ou un monde libre","description":"Nancy Bradford est confront\u00e9e \u00e0 une d\u00e9cision : pr\u00e9server son emploi ou le monde libre et sans retenue.","robots":{"index":"index","follow":"follow","max-snippet":"max-snippet:-1","max-image-preview":"max-image-preview:large","max-video-preview":"max-video-preview:-1"},"canonical":"https:\/\/www.iplay.com\/fr\/games\/family-mysteries-criminal-mindset-collectors-edition\/","og_locale":"fr_FR","og_type":"article","og_title":"Family Mysteries: Criminal Mindset Collector's Edition","og_description":"Nancy Bradford est confront\u00e9e \u00e0 une d\u00e9cision : pr\u00e9server son emploi ou le monde libre et sans retenue.","og_url":"https:\/\/www.iplay.com\/fr\/games\/family-mysteries-criminal-mindset-collectors-edition\/","og_site_name":"IPlay","og_image":[{"width":310,"height":310,"url":"https:\/\/www.iplay.com\/wp-content\/uploads\/2023\/12\/large_square_tile_image-2670.jpg","type":"image\/jpeg"}],"twitter_card":"summary_large_image","twitter_misc":{"Dur\u00e9e de lecture estim\u00e9e":"1 minute"},"schema":{"@context":"https:\/\/schema.org","@graph":[{"@type":"WebPage","@id":"https:\/\/www.iplay.com\/fr\/games\/family-mysteries-criminal-mindset-collectors-edition\/","url":"https:\/\/www.iplay.com\/fr\/games\/family-mysteries-criminal-mindset-collectors-edition\/","name":"Family Mysteries\u00a0: Criminal Mindset Edition Collector - Nancy fait face \u00e0 un choix : sa carri\u00e8re ou un monde libre","isPartOf":{"@id":"https:\/\/www.iplay.com\/en\/#website"},"primaryImageOfPage":{"@id":"https:\/\/www.iplay.com\/fr\/games\/family-mysteries-criminal-mindset-collectors-edition\/#primaryimage"},"image":{"@id":"https:\/\/www.iplay.com\/fr\/games\/family-mysteries-criminal-mindset-collectors-edition\/#primaryimage"},"thumbnailUrl":"https:\/\/www.iplay.com\/wp-content\/uploads\/2023\/12\/large_square_tile_image-2670.jpg","datePublished":"2020-07-27T00:00:00+00:00","description":"Nancy Bradford est confront\u00e9e \u00e0 une d\u00e9cision : pr\u00e9server son emploi ou le monde libre et sans retenue.","breadcrumb":{"@id":"https:\/\/www.iplay.com\/fr\/games\/family-mysteries-criminal-mindset-collectors-edition\/#breadcrumb"},"inLanguage":"fr-FR","potentialAction":[{"@type":"ReadAction","target":["https:\/\/www.iplay.com\/fr\/games\/family-mysteries-criminal-mindset-collectors-edition\/"]}]},{"@type":"ImageObject","inLanguage":"fr-FR","@id":"https:\/\/www.iplay.com\/fr\/games\/family-mysteries-criminal-mindset-collectors-edition\/#primaryimage","url":"https:\/\/www.iplay.com\/wp-content\/uploads\/2023\/12\/large_square_tile_image-2670.jpg","contentUrl":"https:\/\/www.iplay.com\/wp-content\/uploads\/2023\/12\/large_square_tile_image-2670.jpg","width":310,"height":310},{"@type":"BreadcrumbList","@id":"https:\/\/www.iplay.com\/fr\/games\/family-mysteries-criminal-mindset-collectors-edition\/#breadcrumb","itemListElement":[{"@type":"ListItem","position":1,"name":"Home","item":"https:\/\/www.iplay.com\/fr\/home-page-2\/"},{"@type":"ListItem","position":2,"name":"Shop","item":"https:\/\/www.iplay.com\/en\/shop\/"},{"@type":"ListItem","position":3,"name":"Family Mysteries: Criminal Mindset Collector&#8217;s Edition"}]},{"@type":"WebSite","@id":"https:\/\/www.iplay.com\/en\/#website","url":"https:\/\/www.iplay.com\/en\/","name":"IPlay","description":"The Best Casual Games!","publisher":{"@id":"https:\/\/www.iplay.com\/en\/#organization"},"potentialAction":[{"@type":"SearchAction","target":{"@type":"EntryPoint","urlTemplate":"https:\/\/www.iplay.com\/en\/?s={search_term_string}"},"query-input":{"@type":"PropertyValueSpecification","valueRequired":true,"valueName":"search_term_string"}}],"inLanguage":"fr-FR"},{"@type":"Organization","@id":"https:\/\/www.iplay.com\/en\/#organization","name":"IPlay","url":"https:\/\/www.iplay.com\/en\/","logo":{"@type":"ImageObject","inLanguage":"fr-FR","@id":"https:\/\/www.iplay.com\/en\/#\/schema\/logo\/image\/","url":"https:\/\/www.iplay.com\/wp-content\/uploads\/2023\/11\/Group-6100.svg","contentUrl":"https:\/\/www.iplay.com\/wp-content\/uploads\/2023\/11\/Group-6100.svg","width":98,"height":25,"caption":"IPlay"},"image":{"@id":"https:\/\/www.iplay.com\/en\/#\/schema\/logo\/image\/"}}]}},"_links":{"self":[{"href":"https:\/\/www.iplay.com\/fr\/wp-json\/wp\/v2\/product\/126477","targetHints":{"allow":["GET"]}}],"collection":[{"href":"https:\/\/www.iplay.com\/fr\/wp-json\/wp\/v2\/product"}],"about":[{"href":"https:\/\/www.iplay.com\/fr\/wp-json\/wp\/v2\/types\/product"}],"author":[{"embeddable":true,"href":"https:\/\/www.iplay.com\/fr\/wp-json\/wp\/v2\/users\/118"}],"replies":[{"embeddable":true,"href":"https:\/\/www.iplay.com\/fr\/wp-json\/wp\/v2\/comments?post=126477"}],"wp:featuredmedia":[{"embeddable":true,"href":"https:\/\/www.iplay.com\/fr\/wp-json\/wp\/v2\/media\/82610"}],"wp:attachment":[{"href":"https:\/\/www.iplay.com\/fr\/wp-json\/wp\/v2\/media?parent=126477"}],"wp:term":[{"taxonomy":"product_brand","embeddable":true,"href":"https:\/\/www.iplay.com\/fr\/wp-json\/wp\/v2\/product_brand?post=126477"},{"taxonomy":"product_cat","embeddable":true,"href":"https:\/\/www.iplay.com\/fr\/wp-json\/wp\/v2\/product_cat?post=126477"},{"taxonomy":"product_tag","embeddable":true,"href":"https:\/\/www.iplay.com\/fr\/wp-json\/wp\/v2\/product_tag?post=126477"}],"curies":[{"name":"wp","href":"https:\/\/api.w.org\/{rel}","templated":true}]}}