{"id":126459,"date":"2017-06-21T00:00:01","date_gmt":"2017-06-21T00:00:01","guid":{"rendered":"https:\/\/www.iplay.com\/games\/vacation-adventures-park-ranger-6\/"},"modified":"2017-06-21T00:00:01","modified_gmt":"2017-06-21T00:00:01","slug":"vacation-adventures-park-ranger-6","status":"publish","type":"product","link":"https:\/\/www.iplay.com\/fr\/games\/vacation-adventures-park-ranger-6\/","title":{"rendered":"Vacation Adventures: Park Ranger 6"},"content":{"rendered":"<p>Cet \u00e9t\u00e9, aidez les rangers \u00e0 entretenir le parc national de Pinecreek Hills pour une activit\u00e9 amusante et \u00e9ducative. Pinecreek fait mieux que jamais dans le d\u00e9fi de conservation de cette ann\u00e9e. Faites un tour en hydroglisseur, nourrissez les cerfs et pilotez l\u2019h\u00e9licopt\u00e8re. D\u00e9couvrez le camp scout Arrowhead, la r\u00e9serve faunique nationale et le sanctuaire de Pinecreek, le village et la mine d\u2019or des ann\u00e9es 1800 et la station de terrain de la nature. Explorez des espaces ext\u00e9rieurs \u00e0 couper le souffle tels que des grottes enchanteresses et de belles cascades. Savourez les grands espaces, faites des feux de joie, passez la nuit et visitez Buffalo Point et l\u2019ancienne chapelle de Pinecreek. Profitez de jeux d\u2019objets cach\u00e9s et d\u2019\u00e9nigmes stimulants tout en rep\u00e9rant des centaines de poissons, d\u2019oiseaux, d\u2019animaux et d\u2019autres types d\u2019animaux sauvages. Vacation Adventures&nbsp;: Park Ranger 6 offre aux joueurs la possibilit\u00e9 de prot\u00e9ger l\u2019environnement tout en gagnant des souvenirs et des r\u00e9compenses en cours de route. Il propose des graphismes et un gameplay magnifiquement rendus, des niveaux d\u2019objets cach\u00e9s \u00e9poustouflants et des mini-puzzles incroyables. Il comprend \u00e9galement un carnet de notes sur la faune enti\u00e8rement illustr\u00e9 qui permet aux joueurs de d\u00e9couvrir ce que c\u2019est que d\u2019\u00eatre un garde forestier d\u2019un parc national.<\/p>\n","protected":false},"excerpt":{"rendered":"<p>Un voyage \u00e0 couper le souffle dans les grands espaces de Pinecreek Hills<\/p>\n","protected":false},"author":37,"featured_media":105458,"comment_status":"open","ping_status":"closed","template":"","meta":{"_acf_changed":false,"inline_featured_image":false},"product_brand":[],"product_cat":[165],"product_tag":[287],"class_list":{"0":"post-126459","1":"product","2":"type-product","3":"status-publish","4":"has-post-thumbnail","6":"product_cat-hidden-object-fr","7":"product_tag-play-on-pc-fr","9":"first","10":"instock","11":"shipping-taxable","12":"purchasable","13":"product-type-simple"},"acf":[],"yoast_head":"<!-- This site is optimized with the Yoast SEO Premium plugin v25.2 (Yoast SEO v25.2) - https:\/\/yoast.com\/wordpress\/plugins\/seo\/ -->\n<title>Vacation Adventures\u00a0: Park Ranger 6 - Une aventure sensationnelle dans les grands espaces de Pinecreek Hills<\/title>\n<meta name=\"description\" content=\"Un voyage \u00e0 couper le souffle dans les grands espaces de Pinecreek Hills\" \/>\n<meta name=\"robots\" content=\"index, follow, max-snippet:-1, max-image-preview:large, max-video-preview:-1\" \/>\n<link rel=\"canonical\" href=\"https:\/\/www.iplay.com\/fr\/games\/vacation-adventures-park-ranger-6\/\" \/>\n<meta property=\"og:locale\" content=\"fr_FR\" \/>\n<meta property=\"og:type\" content=\"article\" \/>\n<meta property=\"og:title\" content=\"Vacation Adventures: Park Ranger 6\" \/>\n<meta property=\"og:description\" content=\"Un voyage \u00e0 couper le souffle dans les grands espaces de Pinecreek Hills\" \/>\n<meta property=\"og:url\" content=\"https:\/\/www.iplay.com\/fr\/games\/vacation-adventures-park-ranger-6\/\" \/>\n<meta property=\"og:site_name\" content=\"IPlay\" \/>\n<meta property=\"og:image\" content=\"https:\/\/www.iplay.com\/wp-content\/uploads\/2023\/12\/large_square_tile_image-4109.jpg\" \/>\n\t<meta property=\"og:image:width\" content=\"310\" \/>\n\t<meta property=\"og:image:height\" content=\"310\" \/>\n\t<meta property=\"og:image:type\" content=\"image\/jpeg\" \/>\n<meta name=\"twitter:card\" content=\"summary_large_image\" \/>\n<meta name=\"twitter:label1\" content=\"Dur\u00e9e de lecture estim\u00e9e\" \/>\n\t<meta name=\"twitter:data1\" content=\"1 minute\" \/>\n<script type=\"application\/ld+json\" class=\"yoast-schema-graph\">{\"@context\":\"https:\/\/schema.org\",\"@graph\":[{\"@type\":\"WebPage\",\"@id\":\"https:\/\/www.iplay.com\/fr\/games\/vacation-adventures-park-ranger-6\/\",\"url\":\"https:\/\/www.iplay.com\/fr\/games\/vacation-adventures-park-ranger-6\/\",\"name\":\"Vacation Adventures\u00a0: Park Ranger 6 - Une aventure sensationnelle dans les grands espaces de Pinecreek Hills\",\"isPartOf\":{\"@id\":\"https:\/\/www.iplay.com\/en\/#website\"},\"primaryImageOfPage\":{\"@id\":\"https:\/\/www.iplay.com\/fr\/games\/vacation-adventures-park-ranger-6\/#primaryimage\"},\"image\":{\"@id\":\"https:\/\/www.iplay.com\/fr\/games\/vacation-adventures-park-ranger-6\/#primaryimage\"},\"thumbnailUrl\":\"https:\/\/www.iplay.com\/wp-content\/uploads\/2023\/12\/large_square_tile_image-4109.jpg\",\"datePublished\":\"2017-06-21T00:00:01+00:00\",\"description\":\"Un voyage \u00e0 couper le souffle dans les grands espaces de Pinecreek Hills\",\"breadcrumb\":{\"@id\":\"https:\/\/www.iplay.com\/fr\/games\/vacation-adventures-park-ranger-6\/#breadcrumb\"},\"inLanguage\":\"fr-FR\",\"potentialAction\":[{\"@type\":\"ReadAction\",\"target\":[\"https:\/\/www.iplay.com\/fr\/games\/vacation-adventures-park-ranger-6\/\"]}]},{\"@type\":\"ImageObject\",\"inLanguage\":\"fr-FR\",\"@id\":\"https:\/\/www.iplay.com\/fr\/games\/vacation-adventures-park-ranger-6\/#primaryimage\",\"url\":\"https:\/\/www.iplay.com\/wp-content\/uploads\/2023\/12\/large_square_tile_image-4109.jpg\",\"contentUrl\":\"https:\/\/www.iplay.com\/wp-content\/uploads\/2023\/12\/large_square_tile_image-4109.jpg\",\"width\":310,\"height\":310},{\"@type\":\"BreadcrumbList\",\"@id\":\"https:\/\/www.iplay.com\/fr\/games\/vacation-adventures-park-ranger-6\/#breadcrumb\",\"itemListElement\":[{\"@type\":\"ListItem\",\"position\":1,\"name\":\"Home\",\"item\":\"https:\/\/www.iplay.com\/fr\/home-page-2\/\"},{\"@type\":\"ListItem\",\"position\":2,\"name\":\"Shop\",\"item\":\"https:\/\/www.iplay.com\/en\/shop\/\"},{\"@type\":\"ListItem\",\"position\":3,\"name\":\"Vacation Adventures: Park Ranger 6\"}]},{\"@type\":\"WebSite\",\"@id\":\"https:\/\/www.iplay.com\/en\/#website\",\"url\":\"https:\/\/www.iplay.com\/en\/\",\"name\":\"IPlay\",\"description\":\"The Best Casual Games!\",\"publisher\":{\"@id\":\"https:\/\/www.iplay.com\/en\/#organization\"},\"potentialAction\":[{\"@type\":\"SearchAction\",\"target\":{\"@type\":\"EntryPoint\",\"urlTemplate\":\"https:\/\/www.iplay.com\/en\/?s={search_term_string}\"},\"query-input\":{\"@type\":\"PropertyValueSpecification\",\"valueRequired\":true,\"valueName\":\"search_term_string\"}}],\"inLanguage\":\"fr-FR\"},{\"@type\":\"Organization\",\"@id\":\"https:\/\/www.iplay.com\/en\/#organization\",\"name\":\"IPlay\",\"url\":\"https:\/\/www.iplay.com\/en\/\",\"logo\":{\"@type\":\"ImageObject\",\"inLanguage\":\"fr-FR\",\"@id\":\"https:\/\/www.iplay.com\/en\/#\/schema\/logo\/image\/\",\"url\":\"https:\/\/www.iplay.com\/wp-content\/uploads\/2023\/11\/Group-6100.svg\",\"contentUrl\":\"https:\/\/www.iplay.com\/wp-content\/uploads\/2023\/11\/Group-6100.svg\",\"width\":98,\"height\":25,\"caption\":\"IPlay\"},\"image\":{\"@id\":\"https:\/\/www.iplay.com\/en\/#\/schema\/logo\/image\/\"}}]}<\/script>\n<!-- \/ Yoast SEO Premium plugin. -->","yoast_head_json":{"title":"Vacation Adventures\u00a0: Park Ranger 6 - Une aventure sensationnelle dans les grands espaces de Pinecreek Hills","description":"Un voyage \u00e0 couper le souffle dans les grands espaces de Pinecreek Hills","robots":{"index":"index","follow":"follow","max-snippet":"max-snippet:-1","max-image-preview":"max-image-preview:large","max-video-preview":"max-video-preview:-1"},"canonical":"https:\/\/www.iplay.com\/fr\/games\/vacation-adventures-park-ranger-6\/","og_locale":"fr_FR","og_type":"article","og_title":"Vacation Adventures: Park Ranger 6","og_description":"Un voyage \u00e0 couper le souffle dans les grands espaces de Pinecreek Hills","og_url":"https:\/\/www.iplay.com\/fr\/games\/vacation-adventures-park-ranger-6\/","og_site_name":"IPlay","og_image":[{"width":310,"height":310,"url":"https:\/\/www.iplay.com\/wp-content\/uploads\/2023\/12\/large_square_tile_image-4109.jpg","type":"image\/jpeg"}],"twitter_card":"summary_large_image","twitter_misc":{"Dur\u00e9e de lecture estim\u00e9e":"1 minute"},"schema":{"@context":"https:\/\/schema.org","@graph":[{"@type":"WebPage","@id":"https:\/\/www.iplay.com\/fr\/games\/vacation-adventures-park-ranger-6\/","url":"https:\/\/www.iplay.com\/fr\/games\/vacation-adventures-park-ranger-6\/","name":"Vacation Adventures\u00a0: Park Ranger 6 - Une aventure sensationnelle dans les grands espaces de Pinecreek Hills","isPartOf":{"@id":"https:\/\/www.iplay.com\/en\/#website"},"primaryImageOfPage":{"@id":"https:\/\/www.iplay.com\/fr\/games\/vacation-adventures-park-ranger-6\/#primaryimage"},"image":{"@id":"https:\/\/www.iplay.com\/fr\/games\/vacation-adventures-park-ranger-6\/#primaryimage"},"thumbnailUrl":"https:\/\/www.iplay.com\/wp-content\/uploads\/2023\/12\/large_square_tile_image-4109.jpg","datePublished":"2017-06-21T00:00:01+00:00","description":"Un voyage \u00e0 couper le souffle dans les grands espaces de Pinecreek Hills","breadcrumb":{"@id":"https:\/\/www.iplay.com\/fr\/games\/vacation-adventures-park-ranger-6\/#breadcrumb"},"inLanguage":"fr-FR","potentialAction":[{"@type":"ReadAction","target":["https:\/\/www.iplay.com\/fr\/games\/vacation-adventures-park-ranger-6\/"]}]},{"@type":"ImageObject","inLanguage":"fr-FR","@id":"https:\/\/www.iplay.com\/fr\/games\/vacation-adventures-park-ranger-6\/#primaryimage","url":"https:\/\/www.iplay.com\/wp-content\/uploads\/2023\/12\/large_square_tile_image-4109.jpg","contentUrl":"https:\/\/www.iplay.com\/wp-content\/uploads\/2023\/12\/large_square_tile_image-4109.jpg","width":310,"height":310},{"@type":"BreadcrumbList","@id":"https:\/\/www.iplay.com\/fr\/games\/vacation-adventures-park-ranger-6\/#breadcrumb","itemListElement":[{"@type":"ListItem","position":1,"name":"Home","item":"https:\/\/www.iplay.com\/fr\/home-page-2\/"},{"@type":"ListItem","position":2,"name":"Shop","item":"https:\/\/www.iplay.com\/en\/shop\/"},{"@type":"ListItem","position":3,"name":"Vacation Adventures: Park Ranger 6"}]},{"@type":"WebSite","@id":"https:\/\/www.iplay.com\/en\/#website","url":"https:\/\/www.iplay.com\/en\/","name":"IPlay","description":"The Best Casual Games!","publisher":{"@id":"https:\/\/www.iplay.com\/en\/#organization"},"potentialAction":[{"@type":"SearchAction","target":{"@type":"EntryPoint","urlTemplate":"https:\/\/www.iplay.com\/en\/?s={search_term_string}"},"query-input":{"@type":"PropertyValueSpecification","valueRequired":true,"valueName":"search_term_string"}}],"inLanguage":"fr-FR"},{"@type":"Organization","@id":"https:\/\/www.iplay.com\/en\/#organization","name":"IPlay","url":"https:\/\/www.iplay.com\/en\/","logo":{"@type":"ImageObject","inLanguage":"fr-FR","@id":"https:\/\/www.iplay.com\/en\/#\/schema\/logo\/image\/","url":"https:\/\/www.iplay.com\/wp-content\/uploads\/2023\/11\/Group-6100.svg","contentUrl":"https:\/\/www.iplay.com\/wp-content\/uploads\/2023\/11\/Group-6100.svg","width":98,"height":25,"caption":"IPlay"},"image":{"@id":"https:\/\/www.iplay.com\/en\/#\/schema\/logo\/image\/"}}]}},"_links":{"self":[{"href":"https:\/\/www.iplay.com\/fr\/wp-json\/wp\/v2\/product\/126459","targetHints":{"allow":["GET"]}}],"collection":[{"href":"https:\/\/www.iplay.com\/fr\/wp-json\/wp\/v2\/product"}],"about":[{"href":"https:\/\/www.iplay.com\/fr\/wp-json\/wp\/v2\/types\/product"}],"author":[{"embeddable":true,"href":"https:\/\/www.iplay.com\/fr\/wp-json\/wp\/v2\/users\/37"}],"replies":[{"embeddable":true,"href":"https:\/\/www.iplay.com\/fr\/wp-json\/wp\/v2\/comments?post=126459"}],"wp:featuredmedia":[{"embeddable":true,"href":"https:\/\/www.iplay.com\/fr\/wp-json\/wp\/v2\/media\/105458"}],"wp:attachment":[{"href":"https:\/\/www.iplay.com\/fr\/wp-json\/wp\/v2\/media?parent=126459"}],"wp:term":[{"taxonomy":"product_brand","embeddable":true,"href":"https:\/\/www.iplay.com\/fr\/wp-json\/wp\/v2\/product_brand?post=126459"},{"taxonomy":"product_cat","embeddable":true,"href":"https:\/\/www.iplay.com\/fr\/wp-json\/wp\/v2\/product_cat?post=126459"},{"taxonomy":"product_tag","embeddable":true,"href":"https:\/\/www.iplay.com\/fr\/wp-json\/wp\/v2\/product_tag?post=126459"}],"curies":[{"name":"wp","href":"https:\/\/api.w.org\/{rel}","templated":true}]}}