{"id":126349,"date":"2022-07-14T00:00:00","date_gmt":"2022-07-14T00:00:00","guid":{"rendered":"https:\/\/www.iplay.com\/games\/jewel-quest-mysteries-2-trail-of-the-midnight-heart\/"},"modified":"2022-07-14T00:00:00","modified_gmt":"2022-07-14T00:00:00","slug":"jewel-quest-mysteries-2-trail-of-the-midnight-heart","status":"publish","type":"product","link":"https:\/\/www.iplay.com\/fr\/games\/jewel-quest-mysteries-2-trail-of-the-midnight-heart\/","title":{"rendered":"Jewel Quest Mysteries 2 Trail of the Midnight Heart"},"content":{"rendered":"<p>Eva Witheby se retrouve dans Jewel Quest Mysteries Trail of the Midnight Heart, loin de chez elle et entour\u00e9e d\u2019inconnus, apr\u00e8s avoir pris l\u2019appel de son oncle. Avec autant d\u2019agendas cach\u00e9s et de pistes dangereuses, il peut \u00eatre difficile de savoir qui croire. D\u00e9couvrez des artefacts dans des \u00e9crans d\u2019objets cach\u00e9s visuellement saisissants avec Eva. D\u00e9couvrez des outils qui vous permettront de d\u00e9couvrir des morceaux des inestimables tableaux de bijoux, ainsi que de tout nouveaux \u00e9crans de recherche d\u00e9filants qui vous mettront aux commandes d\u2019avions \u00e0 grande vitesse et d\u2019un voyage passionnant. Il n\u2019y a pas d\u2019autre aventure d\u2019objets cach\u00e9s comme Jewel Quest Mysteries 2 !<\/p>\n","protected":false},"excerpt":{"rendered":"<p>Une exp\u00e9rience unique d\u2019objets cach\u00e9s avec Jewel Quest Mysteries 2 Trail of the Midnight Heart !<\/p>\n","protected":false},"author":4,"featured_media":61909,"comment_status":"open","ping_status":"closed","template":"","meta":{"_acf_changed":false,"inline_featured_image":false},"product_brand":[],"product_cat":[165],"product_tag":[287],"class_list":{"0":"post-126349","1":"product","2":"type-product","3":"status-publish","4":"has-post-thumbnail","6":"product_cat-hidden-object-fr","7":"product_tag-play-on-pc-fr","9":"first","10":"instock","11":"shipping-taxable","12":"purchasable","13":"product-type-simple"},"acf":[],"yoast_head":"<!-- This site is optimized with the Yoast SEO Premium plugin v25.2 (Yoast SEO v25.2) - https:\/\/yoast.com\/wordpress\/plugins\/seo\/ -->\n<title>Jewel Quest Mysteries 2 Trail of the Midnight Heart - Plongez dans une aventure unique d\u2019objets cach\u00e9s<\/title>\n<meta name=\"description\" content=\"Une exp\u00e9rience unique d\u2019objets cach\u00e9s avec Jewel Quest Mysteries 2 Trail of the Midnight Heart !\" \/>\n<meta name=\"robots\" content=\"index, follow, max-snippet:-1, max-image-preview:large, max-video-preview:-1\" \/>\n<link rel=\"canonical\" href=\"https:\/\/www.iplay.com\/fr\/games\/jewel-quest-mysteries-2-trail-of-the-midnight-heart\/\" \/>\n<meta property=\"og:locale\" content=\"fr_FR\" \/>\n<meta property=\"og:type\" content=\"article\" \/>\n<meta property=\"og:title\" content=\"Jewel Quest Mysteries 2 Trail of the Midnight Heart\" \/>\n<meta property=\"og:description\" content=\"Une exp\u00e9rience unique d\u2019objets cach\u00e9s avec Jewel Quest Mysteries 2 Trail of the Midnight Heart !\" \/>\n<meta property=\"og:url\" content=\"https:\/\/www.iplay.com\/fr\/games\/jewel-quest-mysteries-2-trail-of-the-midnight-heart\/\" \/>\n<meta property=\"og:site_name\" content=\"IPlay\" \/>\n<meta property=\"og:image\" content=\"https:\/\/www.iplay.com\/wp-content\/uploads\/2023\/12\/large_square_tile_image-1352.jpg\" \/>\n\t<meta property=\"og:image:width\" content=\"310\" \/>\n\t<meta property=\"og:image:height\" content=\"310\" \/>\n\t<meta property=\"og:image:type\" content=\"image\/jpeg\" \/>\n<meta name=\"twitter:card\" content=\"summary_large_image\" \/>\n<meta name=\"twitter:label1\" content=\"Dur\u00e9e de lecture estim\u00e9e\" \/>\n\t<meta name=\"twitter:data1\" content=\"1 minute\" \/>\n<script type=\"application\/ld+json\" class=\"yoast-schema-graph\">{\"@context\":\"https:\/\/schema.org\",\"@graph\":[{\"@type\":\"WebPage\",\"@id\":\"https:\/\/www.iplay.com\/fr\/games\/jewel-quest-mysteries-2-trail-of-the-midnight-heart\/\",\"url\":\"https:\/\/www.iplay.com\/fr\/games\/jewel-quest-mysteries-2-trail-of-the-midnight-heart\/\",\"name\":\"Jewel Quest Mysteries 2 Trail of the Midnight Heart - Plongez dans une aventure unique d\u2019objets cach\u00e9s\",\"isPartOf\":{\"@id\":\"https:\/\/www.iplay.com\/en\/#website\"},\"primaryImageOfPage\":{\"@id\":\"https:\/\/www.iplay.com\/fr\/games\/jewel-quest-mysteries-2-trail-of-the-midnight-heart\/#primaryimage\"},\"image\":{\"@id\":\"https:\/\/www.iplay.com\/fr\/games\/jewel-quest-mysteries-2-trail-of-the-midnight-heart\/#primaryimage\"},\"thumbnailUrl\":\"https:\/\/www.iplay.com\/wp-content\/uploads\/2023\/12\/large_square_tile_image-1352.jpg\",\"datePublished\":\"2022-07-14T00:00:00+00:00\",\"description\":\"Une exp\u00e9rience unique d\u2019objets cach\u00e9s avec Jewel Quest Mysteries 2 Trail of the Midnight Heart !\",\"breadcrumb\":{\"@id\":\"https:\/\/www.iplay.com\/fr\/games\/jewel-quest-mysteries-2-trail-of-the-midnight-heart\/#breadcrumb\"},\"inLanguage\":\"fr-FR\",\"potentialAction\":[{\"@type\":\"ReadAction\",\"target\":[\"https:\/\/www.iplay.com\/fr\/games\/jewel-quest-mysteries-2-trail-of-the-midnight-heart\/\"]}]},{\"@type\":\"ImageObject\",\"inLanguage\":\"fr-FR\",\"@id\":\"https:\/\/www.iplay.com\/fr\/games\/jewel-quest-mysteries-2-trail-of-the-midnight-heart\/#primaryimage\",\"url\":\"https:\/\/www.iplay.com\/wp-content\/uploads\/2023\/12\/large_square_tile_image-1352.jpg\",\"contentUrl\":\"https:\/\/www.iplay.com\/wp-content\/uploads\/2023\/12\/large_square_tile_image-1352.jpg\",\"width\":310,\"height\":310},{\"@type\":\"BreadcrumbList\",\"@id\":\"https:\/\/www.iplay.com\/fr\/games\/jewel-quest-mysteries-2-trail-of-the-midnight-heart\/#breadcrumb\",\"itemListElement\":[{\"@type\":\"ListItem\",\"position\":1,\"name\":\"Home\",\"item\":\"https:\/\/www.iplay.com\/fr\/home-page-2\/\"},{\"@type\":\"ListItem\",\"position\":2,\"name\":\"Shop\",\"item\":\"https:\/\/www.iplay.com\/en\/shop\/\"},{\"@type\":\"ListItem\",\"position\":3,\"name\":\"Jewel Quest Mysteries 2 Trail of the Midnight Heart\"}]},{\"@type\":\"WebSite\",\"@id\":\"https:\/\/www.iplay.com\/en\/#website\",\"url\":\"https:\/\/www.iplay.com\/en\/\",\"name\":\"IPlay\",\"description\":\"The Best Casual Games!\",\"publisher\":{\"@id\":\"https:\/\/www.iplay.com\/en\/#organization\"},\"potentialAction\":[{\"@type\":\"SearchAction\",\"target\":{\"@type\":\"EntryPoint\",\"urlTemplate\":\"https:\/\/www.iplay.com\/en\/?s={search_term_string}\"},\"query-input\":{\"@type\":\"PropertyValueSpecification\",\"valueRequired\":true,\"valueName\":\"search_term_string\"}}],\"inLanguage\":\"fr-FR\"},{\"@type\":\"Organization\",\"@id\":\"https:\/\/www.iplay.com\/en\/#organization\",\"name\":\"IPlay\",\"url\":\"https:\/\/www.iplay.com\/en\/\",\"logo\":{\"@type\":\"ImageObject\",\"inLanguage\":\"fr-FR\",\"@id\":\"https:\/\/www.iplay.com\/en\/#\/schema\/logo\/image\/\",\"url\":\"https:\/\/www.iplay.com\/wp-content\/uploads\/2023\/11\/Group-6100.svg\",\"contentUrl\":\"https:\/\/www.iplay.com\/wp-content\/uploads\/2023\/11\/Group-6100.svg\",\"width\":98,\"height\":25,\"caption\":\"IPlay\"},\"image\":{\"@id\":\"https:\/\/www.iplay.com\/en\/#\/schema\/logo\/image\/\"}}]}<\/script>\n<!-- \/ Yoast SEO Premium plugin. -->","yoast_head_json":{"title":"Jewel Quest Mysteries 2 Trail of the Midnight Heart - Plongez dans une aventure unique d\u2019objets cach\u00e9s","description":"Une exp\u00e9rience unique d\u2019objets cach\u00e9s avec Jewel Quest Mysteries 2 Trail of the Midnight Heart !","robots":{"index":"index","follow":"follow","max-snippet":"max-snippet:-1","max-image-preview":"max-image-preview:large","max-video-preview":"max-video-preview:-1"},"canonical":"https:\/\/www.iplay.com\/fr\/games\/jewel-quest-mysteries-2-trail-of-the-midnight-heart\/","og_locale":"fr_FR","og_type":"article","og_title":"Jewel Quest Mysteries 2 Trail of the Midnight Heart","og_description":"Une exp\u00e9rience unique d\u2019objets cach\u00e9s avec Jewel Quest Mysteries 2 Trail of the Midnight Heart !","og_url":"https:\/\/www.iplay.com\/fr\/games\/jewel-quest-mysteries-2-trail-of-the-midnight-heart\/","og_site_name":"IPlay","og_image":[{"width":310,"height":310,"url":"https:\/\/www.iplay.com\/wp-content\/uploads\/2023\/12\/large_square_tile_image-1352.jpg","type":"image\/jpeg"}],"twitter_card":"summary_large_image","twitter_misc":{"Dur\u00e9e de lecture estim\u00e9e":"1 minute"},"schema":{"@context":"https:\/\/schema.org","@graph":[{"@type":"WebPage","@id":"https:\/\/www.iplay.com\/fr\/games\/jewel-quest-mysteries-2-trail-of-the-midnight-heart\/","url":"https:\/\/www.iplay.com\/fr\/games\/jewel-quest-mysteries-2-trail-of-the-midnight-heart\/","name":"Jewel Quest Mysteries 2 Trail of the Midnight Heart - Plongez dans une aventure unique d\u2019objets cach\u00e9s","isPartOf":{"@id":"https:\/\/www.iplay.com\/en\/#website"},"primaryImageOfPage":{"@id":"https:\/\/www.iplay.com\/fr\/games\/jewel-quest-mysteries-2-trail-of-the-midnight-heart\/#primaryimage"},"image":{"@id":"https:\/\/www.iplay.com\/fr\/games\/jewel-quest-mysteries-2-trail-of-the-midnight-heart\/#primaryimage"},"thumbnailUrl":"https:\/\/www.iplay.com\/wp-content\/uploads\/2023\/12\/large_square_tile_image-1352.jpg","datePublished":"2022-07-14T00:00:00+00:00","description":"Une exp\u00e9rience unique d\u2019objets cach\u00e9s avec Jewel Quest Mysteries 2 Trail of the Midnight Heart !","breadcrumb":{"@id":"https:\/\/www.iplay.com\/fr\/games\/jewel-quest-mysteries-2-trail-of-the-midnight-heart\/#breadcrumb"},"inLanguage":"fr-FR","potentialAction":[{"@type":"ReadAction","target":["https:\/\/www.iplay.com\/fr\/games\/jewel-quest-mysteries-2-trail-of-the-midnight-heart\/"]}]},{"@type":"ImageObject","inLanguage":"fr-FR","@id":"https:\/\/www.iplay.com\/fr\/games\/jewel-quest-mysteries-2-trail-of-the-midnight-heart\/#primaryimage","url":"https:\/\/www.iplay.com\/wp-content\/uploads\/2023\/12\/large_square_tile_image-1352.jpg","contentUrl":"https:\/\/www.iplay.com\/wp-content\/uploads\/2023\/12\/large_square_tile_image-1352.jpg","width":310,"height":310},{"@type":"BreadcrumbList","@id":"https:\/\/www.iplay.com\/fr\/games\/jewel-quest-mysteries-2-trail-of-the-midnight-heart\/#breadcrumb","itemListElement":[{"@type":"ListItem","position":1,"name":"Home","item":"https:\/\/www.iplay.com\/fr\/home-page-2\/"},{"@type":"ListItem","position":2,"name":"Shop","item":"https:\/\/www.iplay.com\/en\/shop\/"},{"@type":"ListItem","position":3,"name":"Jewel Quest Mysteries 2 Trail of the Midnight Heart"}]},{"@type":"WebSite","@id":"https:\/\/www.iplay.com\/en\/#website","url":"https:\/\/www.iplay.com\/en\/","name":"IPlay","description":"The Best Casual Games!","publisher":{"@id":"https:\/\/www.iplay.com\/en\/#organization"},"potentialAction":[{"@type":"SearchAction","target":{"@type":"EntryPoint","urlTemplate":"https:\/\/www.iplay.com\/en\/?s={search_term_string}"},"query-input":{"@type":"PropertyValueSpecification","valueRequired":true,"valueName":"search_term_string"}}],"inLanguage":"fr-FR"},{"@type":"Organization","@id":"https:\/\/www.iplay.com\/en\/#organization","name":"IPlay","url":"https:\/\/www.iplay.com\/en\/","logo":{"@type":"ImageObject","inLanguage":"fr-FR","@id":"https:\/\/www.iplay.com\/en\/#\/schema\/logo\/image\/","url":"https:\/\/www.iplay.com\/wp-content\/uploads\/2023\/11\/Group-6100.svg","contentUrl":"https:\/\/www.iplay.com\/wp-content\/uploads\/2023\/11\/Group-6100.svg","width":98,"height":25,"caption":"IPlay"},"image":{"@id":"https:\/\/www.iplay.com\/en\/#\/schema\/logo\/image\/"}}]}},"_links":{"self":[{"href":"https:\/\/www.iplay.com\/fr\/wp-json\/wp\/v2\/product\/126349","targetHints":{"allow":["GET"]}}],"collection":[{"href":"https:\/\/www.iplay.com\/fr\/wp-json\/wp\/v2\/product"}],"about":[{"href":"https:\/\/www.iplay.com\/fr\/wp-json\/wp\/v2\/types\/product"}],"author":[{"embeddable":true,"href":"https:\/\/www.iplay.com\/fr\/wp-json\/wp\/v2\/users\/4"}],"replies":[{"embeddable":true,"href":"https:\/\/www.iplay.com\/fr\/wp-json\/wp\/v2\/comments?post=126349"}],"wp:featuredmedia":[{"embeddable":true,"href":"https:\/\/www.iplay.com\/fr\/wp-json\/wp\/v2\/media\/61909"}],"wp:attachment":[{"href":"https:\/\/www.iplay.com\/fr\/wp-json\/wp\/v2\/media?parent=126349"}],"wp:term":[{"taxonomy":"product_brand","embeddable":true,"href":"https:\/\/www.iplay.com\/fr\/wp-json\/wp\/v2\/product_brand?post=126349"},{"taxonomy":"product_cat","embeddable":true,"href":"https:\/\/www.iplay.com\/fr\/wp-json\/wp\/v2\/product_cat?post=126349"},{"taxonomy":"product_tag","embeddable":true,"href":"https:\/\/www.iplay.com\/fr\/wp-json\/wp\/v2\/product_tag?post=126349"}],"curies":[{"name":"wp","href":"https:\/\/api.w.org\/{rel}","templated":true}]}}