{"id":126203,"date":"2019-07-12T00:00:00","date_gmt":"2019-07-12T00:00:00","guid":{"rendered":"https:\/\/www.iplay.com\/games\/argonauts-agency-5-captive-of-circe-collectors-edition\/"},"modified":"2019-07-12T00:00:00","modified_gmt":"2019-07-12T00:00:00","slug":"argonauts-agency-5-captive-of-circe-collectors-edition","status":"publish","type":"product","link":"https:\/\/www.iplay.com\/fr\/games\/argonauts-agency-5-captive-of-circe-collectors-edition\/","title":{"rendered":"Argonauts Agency 5 &#8211; Captive Of Circe Collector&#8217;s Edition"},"content":{"rendered":"<p>Un courrier se pr\u00e9senta \u00e0 la porte de l\u2019Agence des Argonautes par un matin calme. Il envoya \u00e0 Jason et M\u00e9d\u00e9e une invitation de mariage de leur vieil ami, le collectionneur P\u00e9lias. Un appel \u00e0 l\u2019aide cach\u00e9 \u00e9tait inclus dans la lettre. Jason et M\u00e9d\u00e9e ne peuvent pas abandonner leur ami en danger !   <\/p>\n<p>&nbsp;<\/p>\n<p>&nbsp;<\/p>\n<p><strong>Fonctionnalit\u00e9s:<\/strong><\/p>\n<p>&nbsp;<\/p>\n<p>&#8211; Zones soigneusement travaill\u00e9es<\/p>\n<p>&#8211; Une intrigue de bande dessin\u00e9e palpitante avec des personnages distinctifs<\/p>\n<p>&#8211; Des dizaines de t\u00e2ches<\/p>\n<p>&#8211; Nouveau gameplay<\/p>\n<p>&#8211; Graphiques riches<\/p>\n<p>&#8211; Bande sonore relaxante<\/p>\n<p>&#8211; Un guide utile<\/p>\n","protected":false},"excerpt":{"rendered":"<p>D\u00e9couvrez comment un invit\u00e9 s\u2019est transform\u00e9 en prisonnier ! Agence des Argonautes : prisonni\u00e8re de Circ\u00e9 <\/p>\n","protected":false},"author":13,"featured_media":93188,"comment_status":"open","ping_status":"closed","template":"","meta":{"_acf_changed":false,"inline_featured_image":false},"product_brand":[],"product_cat":[216],"product_tag":[287],"class_list":{"0":"post-126203","1":"product","2":"type-product","3":"status-publish","4":"has-post-thumbnail","6":"product_cat-time-management-fr","7":"product_tag-play-on-pc-fr","9":"first","10":"instock","11":"shipping-taxable","12":"purchasable","13":"product-type-simple"},"acf":[],"yoast_head":"<!-- This site is optimized with the Yoast SEO Premium plugin v25.2 (Yoast SEO v25.2) - https:\/\/yoast.com\/wordpress\/plugins\/seo\/ -->\n<title>Argonauts Agency 5 - Le Captif De Circ\u00e9 Edition Collector - Argonauts Agency\u00a0: Le Captif de Circ\u00e9 CE - visiteur devenu prisonnier<\/title>\n<meta name=\"description\" content=\"D\u00e9couvrez comment un invit\u00e9 s\u2019est transform\u00e9 en prisonnier ! Agence des Argonautes : prisonni\u00e8re de Circ\u00e9\" \/>\n<meta name=\"robots\" content=\"index, follow, max-snippet:-1, max-image-preview:large, max-video-preview:-1\" \/>\n<link rel=\"canonical\" href=\"https:\/\/www.iplay.com\/fr\/games\/argonauts-agency-5-captive-of-circe-collectors-edition\/\" \/>\n<meta property=\"og:locale\" content=\"fr_FR\" \/>\n<meta property=\"og:type\" content=\"article\" \/>\n<meta property=\"og:title\" content=\"Argonauts Agency 5 - Captive Of Circe Collector&#039;s Edition\" \/>\n<meta property=\"og:description\" content=\"D\u00e9couvrez comment un invit\u00e9 s\u2019est transform\u00e9 en prisonnier ! Agence des Argonautes : prisonni\u00e8re de Circ\u00e9\" \/>\n<meta property=\"og:url\" content=\"https:\/\/www.iplay.com\/fr\/games\/argonauts-agency-5-captive-of-circe-collectors-edition\/\" \/>\n<meta property=\"og:site_name\" content=\"IPlay\" \/>\n<meta property=\"og:image\" content=\"https:\/\/www.iplay.com\/wp-content\/uploads\/2023\/12\/large_square_tile_image-3339.jpg\" \/>\n\t<meta property=\"og:image:width\" content=\"310\" \/>\n\t<meta property=\"og:image:height\" content=\"310\" \/>\n\t<meta property=\"og:image:type\" content=\"image\/jpeg\" \/>\n<meta name=\"twitter:card\" content=\"summary_large_image\" \/>\n<meta name=\"twitter:label1\" content=\"Dur\u00e9e de lecture estim\u00e9e\" \/>\n\t<meta name=\"twitter:data1\" content=\"1 minute\" \/>\n<script type=\"application\/ld+json\" class=\"yoast-schema-graph\">{\"@context\":\"https:\/\/schema.org\",\"@graph\":[{\"@type\":\"WebPage\",\"@id\":\"https:\/\/www.iplay.com\/fr\/games\/argonauts-agency-5-captive-of-circe-collectors-edition\/\",\"url\":\"https:\/\/www.iplay.com\/fr\/games\/argonauts-agency-5-captive-of-circe-collectors-edition\/\",\"name\":\"Argonauts Agency 5 - Le Captif De Circ\u00e9 Edition Collector - Argonauts Agency\u00a0: Le Captif de Circ\u00e9 CE - visiteur devenu prisonnier\",\"isPartOf\":{\"@id\":\"https:\/\/www.iplay.com\/en\/#website\"},\"primaryImageOfPage\":{\"@id\":\"https:\/\/www.iplay.com\/fr\/games\/argonauts-agency-5-captive-of-circe-collectors-edition\/#primaryimage\"},\"image\":{\"@id\":\"https:\/\/www.iplay.com\/fr\/games\/argonauts-agency-5-captive-of-circe-collectors-edition\/#primaryimage\"},\"thumbnailUrl\":\"https:\/\/www.iplay.com\/wp-content\/uploads\/2023\/12\/large_square_tile_image-3339.jpg\",\"datePublished\":\"2019-07-12T00:00:00+00:00\",\"description\":\"D\u00e9couvrez comment un invit\u00e9 s\u2019est transform\u00e9 en prisonnier ! Agence des Argonautes : prisonni\u00e8re de Circ\u00e9\",\"breadcrumb\":{\"@id\":\"https:\/\/www.iplay.com\/fr\/games\/argonauts-agency-5-captive-of-circe-collectors-edition\/#breadcrumb\"},\"inLanguage\":\"fr-FR\",\"potentialAction\":[{\"@type\":\"ReadAction\",\"target\":[\"https:\/\/www.iplay.com\/fr\/games\/argonauts-agency-5-captive-of-circe-collectors-edition\/\"]}]},{\"@type\":\"ImageObject\",\"inLanguage\":\"fr-FR\",\"@id\":\"https:\/\/www.iplay.com\/fr\/games\/argonauts-agency-5-captive-of-circe-collectors-edition\/#primaryimage\",\"url\":\"https:\/\/www.iplay.com\/wp-content\/uploads\/2023\/12\/large_square_tile_image-3339.jpg\",\"contentUrl\":\"https:\/\/www.iplay.com\/wp-content\/uploads\/2023\/12\/large_square_tile_image-3339.jpg\",\"width\":310,\"height\":310},{\"@type\":\"BreadcrumbList\",\"@id\":\"https:\/\/www.iplay.com\/fr\/games\/argonauts-agency-5-captive-of-circe-collectors-edition\/#breadcrumb\",\"itemListElement\":[{\"@type\":\"ListItem\",\"position\":1,\"name\":\"Home\",\"item\":\"https:\/\/www.iplay.com\/fr\/home-page-2\/\"},{\"@type\":\"ListItem\",\"position\":2,\"name\":\"Shop\",\"item\":\"https:\/\/www.iplay.com\/en\/shop\/\"},{\"@type\":\"ListItem\",\"position\":3,\"name\":\"Argonauts Agency 5 &#8211; Captive Of Circe Collector&#8217;s Edition\"}]},{\"@type\":\"WebSite\",\"@id\":\"https:\/\/www.iplay.com\/en\/#website\",\"url\":\"https:\/\/www.iplay.com\/en\/\",\"name\":\"IPlay\",\"description\":\"The Best Casual Games!\",\"publisher\":{\"@id\":\"https:\/\/www.iplay.com\/en\/#organization\"},\"potentialAction\":[{\"@type\":\"SearchAction\",\"target\":{\"@type\":\"EntryPoint\",\"urlTemplate\":\"https:\/\/www.iplay.com\/en\/?s={search_term_string}\"},\"query-input\":{\"@type\":\"PropertyValueSpecification\",\"valueRequired\":true,\"valueName\":\"search_term_string\"}}],\"inLanguage\":\"fr-FR\"},{\"@type\":\"Organization\",\"@id\":\"https:\/\/www.iplay.com\/en\/#organization\",\"name\":\"IPlay\",\"url\":\"https:\/\/www.iplay.com\/en\/\",\"logo\":{\"@type\":\"ImageObject\",\"inLanguage\":\"fr-FR\",\"@id\":\"https:\/\/www.iplay.com\/en\/#\/schema\/logo\/image\/\",\"url\":\"https:\/\/www.iplay.com\/wp-content\/uploads\/2023\/11\/Group-6100.svg\",\"contentUrl\":\"https:\/\/www.iplay.com\/wp-content\/uploads\/2023\/11\/Group-6100.svg\",\"width\":98,\"height\":25,\"caption\":\"IPlay\"},\"image\":{\"@id\":\"https:\/\/www.iplay.com\/en\/#\/schema\/logo\/image\/\"}}]}<\/script>\n<!-- \/ Yoast SEO Premium plugin. -->","yoast_head_json":{"title":"Argonauts Agency 5 - Le Captif De Circ\u00e9 Edition Collector - Argonauts Agency\u00a0: Le Captif de Circ\u00e9 CE - visiteur devenu prisonnier","description":"D\u00e9couvrez comment un invit\u00e9 s\u2019est transform\u00e9 en prisonnier ! Agence des Argonautes : prisonni\u00e8re de Circ\u00e9","robots":{"index":"index","follow":"follow","max-snippet":"max-snippet:-1","max-image-preview":"max-image-preview:large","max-video-preview":"max-video-preview:-1"},"canonical":"https:\/\/www.iplay.com\/fr\/games\/argonauts-agency-5-captive-of-circe-collectors-edition\/","og_locale":"fr_FR","og_type":"article","og_title":"Argonauts Agency 5 - Captive Of Circe Collector's Edition","og_description":"D\u00e9couvrez comment un invit\u00e9 s\u2019est transform\u00e9 en prisonnier ! Agence des Argonautes : prisonni\u00e8re de Circ\u00e9","og_url":"https:\/\/www.iplay.com\/fr\/games\/argonauts-agency-5-captive-of-circe-collectors-edition\/","og_site_name":"IPlay","og_image":[{"width":310,"height":310,"url":"https:\/\/www.iplay.com\/wp-content\/uploads\/2023\/12\/large_square_tile_image-3339.jpg","type":"image\/jpeg"}],"twitter_card":"summary_large_image","twitter_misc":{"Dur\u00e9e de lecture estim\u00e9e":"1 minute"},"schema":{"@context":"https:\/\/schema.org","@graph":[{"@type":"WebPage","@id":"https:\/\/www.iplay.com\/fr\/games\/argonauts-agency-5-captive-of-circe-collectors-edition\/","url":"https:\/\/www.iplay.com\/fr\/games\/argonauts-agency-5-captive-of-circe-collectors-edition\/","name":"Argonauts Agency 5 - Le Captif De Circ\u00e9 Edition Collector - Argonauts Agency\u00a0: Le Captif de Circ\u00e9 CE - visiteur devenu prisonnier","isPartOf":{"@id":"https:\/\/www.iplay.com\/en\/#website"},"primaryImageOfPage":{"@id":"https:\/\/www.iplay.com\/fr\/games\/argonauts-agency-5-captive-of-circe-collectors-edition\/#primaryimage"},"image":{"@id":"https:\/\/www.iplay.com\/fr\/games\/argonauts-agency-5-captive-of-circe-collectors-edition\/#primaryimage"},"thumbnailUrl":"https:\/\/www.iplay.com\/wp-content\/uploads\/2023\/12\/large_square_tile_image-3339.jpg","datePublished":"2019-07-12T00:00:00+00:00","description":"D\u00e9couvrez comment un invit\u00e9 s\u2019est transform\u00e9 en prisonnier ! Agence des Argonautes : prisonni\u00e8re de Circ\u00e9","breadcrumb":{"@id":"https:\/\/www.iplay.com\/fr\/games\/argonauts-agency-5-captive-of-circe-collectors-edition\/#breadcrumb"},"inLanguage":"fr-FR","potentialAction":[{"@type":"ReadAction","target":["https:\/\/www.iplay.com\/fr\/games\/argonauts-agency-5-captive-of-circe-collectors-edition\/"]}]},{"@type":"ImageObject","inLanguage":"fr-FR","@id":"https:\/\/www.iplay.com\/fr\/games\/argonauts-agency-5-captive-of-circe-collectors-edition\/#primaryimage","url":"https:\/\/www.iplay.com\/wp-content\/uploads\/2023\/12\/large_square_tile_image-3339.jpg","contentUrl":"https:\/\/www.iplay.com\/wp-content\/uploads\/2023\/12\/large_square_tile_image-3339.jpg","width":310,"height":310},{"@type":"BreadcrumbList","@id":"https:\/\/www.iplay.com\/fr\/games\/argonauts-agency-5-captive-of-circe-collectors-edition\/#breadcrumb","itemListElement":[{"@type":"ListItem","position":1,"name":"Home","item":"https:\/\/www.iplay.com\/fr\/home-page-2\/"},{"@type":"ListItem","position":2,"name":"Shop","item":"https:\/\/www.iplay.com\/en\/shop\/"},{"@type":"ListItem","position":3,"name":"Argonauts Agency 5 &#8211; Captive Of Circe Collector&#8217;s Edition"}]},{"@type":"WebSite","@id":"https:\/\/www.iplay.com\/en\/#website","url":"https:\/\/www.iplay.com\/en\/","name":"IPlay","description":"The Best Casual Games!","publisher":{"@id":"https:\/\/www.iplay.com\/en\/#organization"},"potentialAction":[{"@type":"SearchAction","target":{"@type":"EntryPoint","urlTemplate":"https:\/\/www.iplay.com\/en\/?s={search_term_string}"},"query-input":{"@type":"PropertyValueSpecification","valueRequired":true,"valueName":"search_term_string"}}],"inLanguage":"fr-FR"},{"@type":"Organization","@id":"https:\/\/www.iplay.com\/en\/#organization","name":"IPlay","url":"https:\/\/www.iplay.com\/en\/","logo":{"@type":"ImageObject","inLanguage":"fr-FR","@id":"https:\/\/www.iplay.com\/en\/#\/schema\/logo\/image\/","url":"https:\/\/www.iplay.com\/wp-content\/uploads\/2023\/11\/Group-6100.svg","contentUrl":"https:\/\/www.iplay.com\/wp-content\/uploads\/2023\/11\/Group-6100.svg","width":98,"height":25,"caption":"IPlay"},"image":{"@id":"https:\/\/www.iplay.com\/en\/#\/schema\/logo\/image\/"}}]}},"_links":{"self":[{"href":"https:\/\/www.iplay.com\/fr\/wp-json\/wp\/v2\/product\/126203","targetHints":{"allow":["GET"]}}],"collection":[{"href":"https:\/\/www.iplay.com\/fr\/wp-json\/wp\/v2\/product"}],"about":[{"href":"https:\/\/www.iplay.com\/fr\/wp-json\/wp\/v2\/types\/product"}],"author":[{"embeddable":true,"href":"https:\/\/www.iplay.com\/fr\/wp-json\/wp\/v2\/users\/13"}],"replies":[{"embeddable":true,"href":"https:\/\/www.iplay.com\/fr\/wp-json\/wp\/v2\/comments?post=126203"}],"wp:featuredmedia":[{"embeddable":true,"href":"https:\/\/www.iplay.com\/fr\/wp-json\/wp\/v2\/media\/93188"}],"wp:attachment":[{"href":"https:\/\/www.iplay.com\/fr\/wp-json\/wp\/v2\/media?parent=126203"}],"wp:term":[{"taxonomy":"product_brand","embeddable":true,"href":"https:\/\/www.iplay.com\/fr\/wp-json\/wp\/v2\/product_brand?post=126203"},{"taxonomy":"product_cat","embeddable":true,"href":"https:\/\/www.iplay.com\/fr\/wp-json\/wp\/v2\/product_cat?post=126203"},{"taxonomy":"product_tag","embeddable":true,"href":"https:\/\/www.iplay.com\/fr\/wp-json\/wp\/v2\/product_tag?post=126203"}],"curies":[{"name":"wp","href":"https:\/\/api.w.org\/{rel}","templated":true}]}}