{"id":93208,"date":"2024-05-09T14:07:16","date_gmt":"2024-05-09T14:07:16","guid":{"rendered":"https:\/\/www.iplay.com\/games\/bubble-town-mobile\/"},"modified":"2025-02-28T12:16:39","modified_gmt":"2025-02-28T12:16:39","slug":"bubble-town-mobile","status":"publish","type":"product","link":"https:\/\/www.iplay.com\/es\/games\/bubble-town-mobile\/","title":{"rendered":"Bubble Town &#8211; Mobile"},"content":{"rendered":"<p>Con un solo disparo te enganchar\u00e1s a este entretenido shooter de burbujas de Match 3. Esta versi\u00f3n actualizada del juego de puzles arcade original incluye nuevos gr\u00e1ficos, m\u00e1s niveles y la posibilidad de intercambiar Borbs en el canon. <\/p>\n<p><b>Funciones<\/b><\/p>\n<ul>\n<li>Controles sencillos<\/li>\n<li>F\u00e1cil de aprender<\/li>\n<li>Tablas de clasificaci\u00f3n<\/li>\n<li>50 niveles<\/li>\n<\/ul>\n<p><b>C\u00f3mo jugar<\/b><\/p>\n<p>Combina tres burbujas, o Borbs, del mismo color para explotarlas. Haz estallar una combinaci\u00f3n de m\u00e1s de tres para ganar tiros adicionales.<\/p>\n","protected":false},"excerpt":{"rendered":"<p>Solo 1 disparo te engancha en este tirador de burbujas.<\/p>\n","protected":false},"author":11,"featured_media":87738,"comment_status":"open","ping_status":"closed","template":"","meta":{"_acf_changed":false,"inline_featured_image":false},"product_brand":[],"product_cat":[182,192],"product_tag":[286,303,288],"class_list":{"0":"post-93208","1":"product","2":"type-product","3":"status-publish","4":"has-post-thumbnail","6":"product_cat-mobile-games-es","7":"product_cat-puzzle-es","8":"product_tag-play-on-mac-es","9":"product_tag-play-on-mobile-es","10":"product_tag-play-on-pc-es","12":"first","13":"instock","14":"shipping-taxable","15":"purchasable","16":"product-type-html5_game"},"acf":[],"yoast_head":"<!-- This site is optimized with the Yoast SEO Premium plugin v25.2 (Yoast SEO v25.2) - https:\/\/yoast.com\/wordpress\/plugins\/seo\/ -->\n<title>Bubble Town - Juega en IPlay<\/title>\n<meta name=\"description\" content=\"Solo 1 disparo te engancha en este tirador de burbujas.\" \/>\n<meta name=\"robots\" content=\"index, follow, max-snippet:-1, max-image-preview:large, max-video-preview:-1\" \/>\n<link rel=\"canonical\" href=\"https:\/\/www.iplay.com\/es\/games\/bubble-town-mobile\/\" \/>\n<meta property=\"og:locale\" content=\"es_ES\" \/>\n<meta property=\"og:type\" content=\"article\" \/>\n<meta property=\"og:title\" content=\"Bubble Town - Mobile\" \/>\n<meta property=\"og:description\" content=\"Solo 1 disparo te engancha en este tirador de burbujas.\" \/>\n<meta property=\"og:url\" content=\"https:\/\/www.iplay.com\/es\/games\/bubble-town-mobile\/\" \/>\n<meta property=\"og:site_name\" content=\"IPlay\" \/>\n<meta property=\"article:modified_time\" content=\"2025-02-28T12:16:39+00:00\" \/>\n<meta property=\"og:image\" content=\"https:\/\/www.iplay.com\/wp-content\/uploads\/2024\/05\/400x400-bubbletown_thumb160x160v2-cgi-400w.webp\" \/>\n\t<meta property=\"og:image:width\" content=\"400\" \/>\n\t<meta property=\"og:image:height\" content=\"400\" \/>\n\t<meta property=\"og:image:type\" content=\"image\/webp\" \/>\n<meta name=\"twitter:card\" content=\"summary_large_image\" \/>\n<script type=\"application\/ld+json\" class=\"yoast-schema-graph\">{\"@context\":\"https:\/\/schema.org\",\"@graph\":[{\"@type\":\"WebPage\",\"@id\":\"https:\/\/www.iplay.com\/es\/games\/bubble-town-mobile\/\",\"url\":\"https:\/\/www.iplay.com\/es\/games\/bubble-town-mobile\/\",\"name\":\"Bubble Town - Juega en IPlay\",\"isPartOf\":{\"@id\":\"https:\/\/www.iplay.com\/en\/#website\"},\"primaryImageOfPage\":{\"@id\":\"https:\/\/www.iplay.com\/es\/games\/bubble-town-mobile\/#primaryimage\"},\"image\":{\"@id\":\"https:\/\/www.iplay.com\/es\/games\/bubble-town-mobile\/#primaryimage\"},\"thumbnailUrl\":\"https:\/\/www.iplay.com\/wp-content\/uploads\/2024\/05\/400x400-bubbletown_thumb160x160v2-cgi-400w.webp\",\"datePublished\":\"2024-05-09T14:07:16+00:00\",\"dateModified\":\"2025-02-28T12:16:39+00:00\",\"description\":\"Solo 1 disparo te engancha en este tirador de burbujas.\",\"breadcrumb\":{\"@id\":\"https:\/\/www.iplay.com\/es\/games\/bubble-town-mobile\/#breadcrumb\"},\"inLanguage\":\"es\",\"potentialAction\":[{\"@type\":\"ReadAction\",\"target\":[\"https:\/\/www.iplay.com\/es\/games\/bubble-town-mobile\/\"]}]},{\"@type\":\"ImageObject\",\"inLanguage\":\"es\",\"@id\":\"https:\/\/www.iplay.com\/es\/games\/bubble-town-mobile\/#primaryimage\",\"url\":\"https:\/\/www.iplay.com\/wp-content\/uploads\/2024\/05\/400x400-bubbletown_thumb160x160v2-cgi-400w.webp\",\"contentUrl\":\"https:\/\/www.iplay.com\/wp-content\/uploads\/2024\/05\/400x400-bubbletown_thumb160x160v2-cgi-400w.webp\",\"width\":400,\"height\":400},{\"@type\":\"BreadcrumbList\",\"@id\":\"https:\/\/www.iplay.com\/es\/games\/bubble-town-mobile\/#breadcrumb\",\"itemListElement\":[{\"@type\":\"ListItem\",\"position\":1,\"name\":\"Home\",\"item\":\"https:\/\/www.iplay.com\/es\/home-page-2\/\"},{\"@type\":\"ListItem\",\"position\":2,\"name\":\"Shop\",\"item\":\"https:\/\/www.iplay.com\/en\/shop\/\"},{\"@type\":\"ListItem\",\"position\":3,\"name\":\"Bubble Town &#8211; Mobile\"}]},{\"@type\":\"WebSite\",\"@id\":\"https:\/\/www.iplay.com\/en\/#website\",\"url\":\"https:\/\/www.iplay.com\/en\/\",\"name\":\"IPlay\",\"description\":\"The Best Casual Games!\",\"publisher\":{\"@id\":\"https:\/\/www.iplay.com\/en\/#organization\"},\"potentialAction\":[{\"@type\":\"SearchAction\",\"target\":{\"@type\":\"EntryPoint\",\"urlTemplate\":\"https:\/\/www.iplay.com\/en\/?s={search_term_string}\"},\"query-input\":{\"@type\":\"PropertyValueSpecification\",\"valueRequired\":true,\"valueName\":\"search_term_string\"}}],\"inLanguage\":\"es\"},{\"@type\":\"Organization\",\"@id\":\"https:\/\/www.iplay.com\/en\/#organization\",\"name\":\"IPlay\",\"url\":\"https:\/\/www.iplay.com\/en\/\",\"logo\":{\"@type\":\"ImageObject\",\"inLanguage\":\"es\",\"@id\":\"https:\/\/www.iplay.com\/en\/#\/schema\/logo\/image\/\",\"url\":\"https:\/\/www.iplay.com\/wp-content\/uploads\/2023\/11\/Group-6100.svg\",\"contentUrl\":\"https:\/\/www.iplay.com\/wp-content\/uploads\/2023\/11\/Group-6100.svg\",\"width\":98,\"height\":25,\"caption\":\"IPlay\"},\"image\":{\"@id\":\"https:\/\/www.iplay.com\/en\/#\/schema\/logo\/image\/\"}}]}<\/script>\n<!-- \/ Yoast SEO Premium plugin. -->","yoast_head_json":{"title":"Bubble Town - Juega en IPlay","description":"Solo 1 disparo te engancha en este tirador de burbujas.","robots":{"index":"index","follow":"follow","max-snippet":"max-snippet:-1","max-image-preview":"max-image-preview:large","max-video-preview":"max-video-preview:-1"},"canonical":"https:\/\/www.iplay.com\/es\/games\/bubble-town-mobile\/","og_locale":"es_ES","og_type":"article","og_title":"Bubble Town - Mobile","og_description":"Solo 1 disparo te engancha en este tirador de burbujas.","og_url":"https:\/\/www.iplay.com\/es\/games\/bubble-town-mobile\/","og_site_name":"IPlay","article_modified_time":"2025-02-28T12:16:39+00:00","og_image":[{"width":400,"height":400,"url":"https:\/\/www.iplay.com\/wp-content\/uploads\/2024\/05\/400x400-bubbletown_thumb160x160v2-cgi-400w.webp","type":"image\/webp"}],"twitter_card":"summary_large_image","schema":{"@context":"https:\/\/schema.org","@graph":[{"@type":"WebPage","@id":"https:\/\/www.iplay.com\/es\/games\/bubble-town-mobile\/","url":"https:\/\/www.iplay.com\/es\/games\/bubble-town-mobile\/","name":"Bubble Town - Juega en IPlay","isPartOf":{"@id":"https:\/\/www.iplay.com\/en\/#website"},"primaryImageOfPage":{"@id":"https:\/\/www.iplay.com\/es\/games\/bubble-town-mobile\/#primaryimage"},"image":{"@id":"https:\/\/www.iplay.com\/es\/games\/bubble-town-mobile\/#primaryimage"},"thumbnailUrl":"https:\/\/www.iplay.com\/wp-content\/uploads\/2024\/05\/400x400-bubbletown_thumb160x160v2-cgi-400w.webp","datePublished":"2024-05-09T14:07:16+00:00","dateModified":"2025-02-28T12:16:39+00:00","description":"Solo 1 disparo te engancha en este tirador de burbujas.","breadcrumb":{"@id":"https:\/\/www.iplay.com\/es\/games\/bubble-town-mobile\/#breadcrumb"},"inLanguage":"es","potentialAction":[{"@type":"ReadAction","target":["https:\/\/www.iplay.com\/es\/games\/bubble-town-mobile\/"]}]},{"@type":"ImageObject","inLanguage":"es","@id":"https:\/\/www.iplay.com\/es\/games\/bubble-town-mobile\/#primaryimage","url":"https:\/\/www.iplay.com\/wp-content\/uploads\/2024\/05\/400x400-bubbletown_thumb160x160v2-cgi-400w.webp","contentUrl":"https:\/\/www.iplay.com\/wp-content\/uploads\/2024\/05\/400x400-bubbletown_thumb160x160v2-cgi-400w.webp","width":400,"height":400},{"@type":"BreadcrumbList","@id":"https:\/\/www.iplay.com\/es\/games\/bubble-town-mobile\/#breadcrumb","itemListElement":[{"@type":"ListItem","position":1,"name":"Home","item":"https:\/\/www.iplay.com\/es\/home-page-2\/"},{"@type":"ListItem","position":2,"name":"Shop","item":"https:\/\/www.iplay.com\/en\/shop\/"},{"@type":"ListItem","position":3,"name":"Bubble Town &#8211; Mobile"}]},{"@type":"WebSite","@id":"https:\/\/www.iplay.com\/en\/#website","url":"https:\/\/www.iplay.com\/en\/","name":"IPlay","description":"The Best Casual Games!","publisher":{"@id":"https:\/\/www.iplay.com\/en\/#organization"},"potentialAction":[{"@type":"SearchAction","target":{"@type":"EntryPoint","urlTemplate":"https:\/\/www.iplay.com\/en\/?s={search_term_string}"},"query-input":{"@type":"PropertyValueSpecification","valueRequired":true,"valueName":"search_term_string"}}],"inLanguage":"es"},{"@type":"Organization","@id":"https:\/\/www.iplay.com\/en\/#organization","name":"IPlay","url":"https:\/\/www.iplay.com\/en\/","logo":{"@type":"ImageObject","inLanguage":"es","@id":"https:\/\/www.iplay.com\/en\/#\/schema\/logo\/image\/","url":"https:\/\/www.iplay.com\/wp-content\/uploads\/2023\/11\/Group-6100.svg","contentUrl":"https:\/\/www.iplay.com\/wp-content\/uploads\/2023\/11\/Group-6100.svg","width":98,"height":25,"caption":"IPlay"},"image":{"@id":"https:\/\/www.iplay.com\/en\/#\/schema\/logo\/image\/"}}]}},"_links":{"self":[{"href":"https:\/\/www.iplay.com\/es\/wp-json\/wp\/v2\/product\/93208","targetHints":{"allow":["GET"]}}],"collection":[{"href":"https:\/\/www.iplay.com\/es\/wp-json\/wp\/v2\/product"}],"about":[{"href":"https:\/\/www.iplay.com\/es\/wp-json\/wp\/v2\/types\/product"}],"author":[{"embeddable":true,"href":"https:\/\/www.iplay.com\/es\/wp-json\/wp\/v2\/users\/11"}],"replies":[{"embeddable":true,"href":"https:\/\/www.iplay.com\/es\/wp-json\/wp\/v2\/comments?post=93208"}],"wp:featuredmedia":[{"embeddable":true,"href":"https:\/\/www.iplay.com\/es\/wp-json\/wp\/v2\/media\/87738"}],"wp:attachment":[{"href":"https:\/\/www.iplay.com\/es\/wp-json\/wp\/v2\/media?parent=93208"}],"wp:term":[{"taxonomy":"product_brand","embeddable":true,"href":"https:\/\/www.iplay.com\/es\/wp-json\/wp\/v2\/product_brand?post=93208"},{"taxonomy":"product_cat","embeddable":true,"href":"https:\/\/www.iplay.com\/es\/wp-json\/wp\/v2\/product_cat?post=93208"},{"taxonomy":"product_tag","embeddable":true,"href":"https:\/\/www.iplay.com\/es\/wp-json\/wp\/v2\/product_tag?post=93208"}],"curies":[{"name":"wp","href":"https:\/\/api.w.org\/{rel}","templated":true}]}}