{"id":43093,"date":"2024-12-27T07:30:43","date_gmt":"2024-12-27T07:30:43","guid":{"rendered":"https:\/\/www.iplay.com\/games\/sea-life-explorer\/"},"modified":"2025-03-06T09:59:54","modified_gmt":"2025-03-06T09:59:54","slug":"sea-life-explorer","status":"publish","type":"product","link":"https:\/\/www.iplay.com\/es\/games\/sea-life-explorer\/","title":{"rendered":"Sea Life Explorer"},"content":{"rendered":"<p>Se emprende un viaje submarino para explorar barcos hundidos, misteriosos arrecifes de coral y antiguas ruinas ocultas bajo la superficie del oc\u00e9ano. Se descubren tesoros, se resuelven acertijos y se encuentran fascinantes criaturas marinas a lo largo de este inmersivo juego de objetos ocultos. <\/p>\n<p>Los impresionantes efectos visuales y la m\u00fasica encantadora garantizan que cada inmersi\u00f3n acerque a los jugadores a desentra\u00f1ar los secretos del mar azul profundo.<\/p>\n<p>&nbsp;<\/p>\n<p><strong>Funciones<\/strong><\/p>\n<ul>\n<li>Se exploran hermosas escenas submarinas llenas de objetos ocultos.<\/li>\n<li>Se proporciona una variedad de minijuegos, que incluyen rompecabezas y mahjong.<\/li>\n<li>Las vibraciones de la isla se disfrutan a trav\u00e9s de una hermosa banda sonora atmosf\u00e9rica.<\/li>\n<li>Se encuentran delfines y perlas adicionales en cada nivel para mostrar el dominio de los objetos ocultos.<\/li>\n<\/ul>\n","protected":false},"excerpt":{"rendered":"<p>Se ofrece una cautivadora aventura n\u00e1utica con <strong>Sea Life Explorer<\/strong><\/p>\n","protected":false},"author":125,"featured_media":43099,"comment_status":"open","ping_status":"closed","template":"","meta":{"_acf_changed":false,"inline_featured_image":false},"product_brand":[],"product_cat":[166],"product_tag":[288],"class_list":{"0":"post-43093","1":"product","2":"type-product","3":"status-publish","4":"has-post-thumbnail","6":"product_cat-hidden-object-es","7":"product_tag-play-on-pc-es","9":"first","10":"instock","11":"shipping-taxable","12":"purchasable","13":"product-type-simple"},"acf":[],"yoast_head":"<!-- This site is optimized with the Yoast SEO Premium plugin v25.2 (Yoast SEO v25.2) - https:\/\/yoast.com\/wordpress\/plugins\/seo\/ -->\n<title>\u00a1Descubre las maravillas y secretos del oc\u00e9ano en Sea Life Explorer!<\/title>\n<meta name=\"description\" content=\"Se ofrece una cautivadora aventura n\u00e1utica con Sea Life Explorer\" \/>\n<meta name=\"robots\" content=\"index, follow, max-snippet:-1, max-image-preview:large, max-video-preview:-1\" \/>\n<link rel=\"canonical\" href=\"https:\/\/www.iplay.com\/es\/games\/sea-life-explorer\/\" \/>\n<meta property=\"og:locale\" content=\"es_ES\" \/>\n<meta property=\"og:type\" content=\"article\" \/>\n<meta property=\"og:title\" content=\"Sea Life Explorer\" \/>\n<meta property=\"og:description\" content=\"Se ofrece una cautivadora aventura n\u00e1utica con Sea Life Explorer\" \/>\n<meta property=\"og:url\" content=\"https:\/\/www.iplay.com\/es\/games\/sea-life-explorer\/\" \/>\n<meta property=\"og:site_name\" content=\"IPlay\" \/>\n<meta property=\"article:modified_time\" content=\"2025-03-06T09:59:54+00:00\" \/>\n<meta property=\"og:image\" content=\"https:\/\/www.iplay.com\/wp-content\/uploads\/2024\/12\/sea_life_explorer_large_square_tile_image.webp\" \/>\n\t<meta property=\"og:image:width\" content=\"400\" \/>\n\t<meta property=\"og:image:height\" content=\"400\" \/>\n\t<meta property=\"og:image:type\" content=\"image\/webp\" \/>\n<meta name=\"twitter:card\" content=\"summary_large_image\" \/>\n<meta name=\"twitter:label1\" content=\"Est. reading time\" \/>\n\t<meta name=\"twitter:data1\" content=\"1 minuto\" \/>\n<script type=\"application\/ld+json\" class=\"yoast-schema-graph\">{\"@context\":\"https:\/\/schema.org\",\"@graph\":[{\"@type\":\"WebPage\",\"@id\":\"https:\/\/www.iplay.com\/es\/games\/sea-life-explorer\/\",\"url\":\"https:\/\/www.iplay.com\/es\/games\/sea-life-explorer\/\",\"name\":\"\u00a1Descubre las maravillas y secretos del oc\u00e9ano en Sea Life Explorer!\",\"isPartOf\":{\"@id\":\"https:\/\/www.iplay.com\/en\/#website\"},\"primaryImageOfPage\":{\"@id\":\"https:\/\/www.iplay.com\/es\/games\/sea-life-explorer\/#primaryimage\"},\"image\":{\"@id\":\"https:\/\/www.iplay.com\/es\/games\/sea-life-explorer\/#primaryimage\"},\"thumbnailUrl\":\"https:\/\/www.iplay.com\/wp-content\/uploads\/2024\/12\/sea_life_explorer_large_square_tile_image.webp\",\"datePublished\":\"2024-12-27T07:30:43+00:00\",\"dateModified\":\"2025-03-06T09:59:54+00:00\",\"description\":\"Se ofrece una cautivadora aventura n\u00e1utica con Sea Life Explorer\",\"breadcrumb\":{\"@id\":\"https:\/\/www.iplay.com\/es\/games\/sea-life-explorer\/#breadcrumb\"},\"inLanguage\":\"es\",\"potentialAction\":[{\"@type\":\"ReadAction\",\"target\":[\"https:\/\/www.iplay.com\/es\/games\/sea-life-explorer\/\"]}]},{\"@type\":\"ImageObject\",\"inLanguage\":\"es\",\"@id\":\"https:\/\/www.iplay.com\/es\/games\/sea-life-explorer\/#primaryimage\",\"url\":\"https:\/\/www.iplay.com\/wp-content\/uploads\/2024\/12\/sea_life_explorer_large_square_tile_image.webp\",\"contentUrl\":\"https:\/\/www.iplay.com\/wp-content\/uploads\/2024\/12\/sea_life_explorer_large_square_tile_image.webp\",\"width\":400,\"height\":400},{\"@type\":\"BreadcrumbList\",\"@id\":\"https:\/\/www.iplay.com\/es\/games\/sea-life-explorer\/#breadcrumb\",\"itemListElement\":[{\"@type\":\"ListItem\",\"position\":1,\"name\":\"Home\",\"item\":\"https:\/\/www.iplay.com\/es\/home-page-2\/\"},{\"@type\":\"ListItem\",\"position\":2,\"name\":\"Shop\",\"item\":\"https:\/\/www.iplay.com\/en\/shop\/\"},{\"@type\":\"ListItem\",\"position\":3,\"name\":\"Sea Life Explorer\"}]},{\"@type\":\"WebSite\",\"@id\":\"https:\/\/www.iplay.com\/en\/#website\",\"url\":\"https:\/\/www.iplay.com\/en\/\",\"name\":\"IPlay\",\"description\":\"The Best Casual Games!\",\"publisher\":{\"@id\":\"https:\/\/www.iplay.com\/en\/#organization\"},\"potentialAction\":[{\"@type\":\"SearchAction\",\"target\":{\"@type\":\"EntryPoint\",\"urlTemplate\":\"https:\/\/www.iplay.com\/en\/?s={search_term_string}\"},\"query-input\":{\"@type\":\"PropertyValueSpecification\",\"valueRequired\":true,\"valueName\":\"search_term_string\"}}],\"inLanguage\":\"es\"},{\"@type\":\"Organization\",\"@id\":\"https:\/\/www.iplay.com\/en\/#organization\",\"name\":\"IPlay\",\"url\":\"https:\/\/www.iplay.com\/en\/\",\"logo\":{\"@type\":\"ImageObject\",\"inLanguage\":\"es\",\"@id\":\"https:\/\/www.iplay.com\/en\/#\/schema\/logo\/image\/\",\"url\":\"https:\/\/www.iplay.com\/wp-content\/uploads\/2023\/11\/Group-6100.svg\",\"contentUrl\":\"https:\/\/www.iplay.com\/wp-content\/uploads\/2023\/11\/Group-6100.svg\",\"width\":98,\"height\":25,\"caption\":\"IPlay\"},\"image\":{\"@id\":\"https:\/\/www.iplay.com\/en\/#\/schema\/logo\/image\/\"}}]}<\/script>\n<!-- \/ Yoast SEO Premium plugin. -->","yoast_head_json":{"title":"\u00a1Descubre las maravillas y secretos del oc\u00e9ano en Sea Life Explorer!","description":"Se ofrece una cautivadora aventura n\u00e1utica con Sea Life Explorer","robots":{"index":"index","follow":"follow","max-snippet":"max-snippet:-1","max-image-preview":"max-image-preview:large","max-video-preview":"max-video-preview:-1"},"canonical":"https:\/\/www.iplay.com\/es\/games\/sea-life-explorer\/","og_locale":"es_ES","og_type":"article","og_title":"Sea Life Explorer","og_description":"Se ofrece una cautivadora aventura n\u00e1utica con Sea Life Explorer","og_url":"https:\/\/www.iplay.com\/es\/games\/sea-life-explorer\/","og_site_name":"IPlay","article_modified_time":"2025-03-06T09:59:54+00:00","og_image":[{"width":400,"height":400,"url":"https:\/\/www.iplay.com\/wp-content\/uploads\/2024\/12\/sea_life_explorer_large_square_tile_image.webp","type":"image\/webp"}],"twitter_card":"summary_large_image","twitter_misc":{"Est. reading time":"1 minuto"},"schema":{"@context":"https:\/\/schema.org","@graph":[{"@type":"WebPage","@id":"https:\/\/www.iplay.com\/es\/games\/sea-life-explorer\/","url":"https:\/\/www.iplay.com\/es\/games\/sea-life-explorer\/","name":"\u00a1Descubre las maravillas y secretos del oc\u00e9ano en Sea Life Explorer!","isPartOf":{"@id":"https:\/\/www.iplay.com\/en\/#website"},"primaryImageOfPage":{"@id":"https:\/\/www.iplay.com\/es\/games\/sea-life-explorer\/#primaryimage"},"image":{"@id":"https:\/\/www.iplay.com\/es\/games\/sea-life-explorer\/#primaryimage"},"thumbnailUrl":"https:\/\/www.iplay.com\/wp-content\/uploads\/2024\/12\/sea_life_explorer_large_square_tile_image.webp","datePublished":"2024-12-27T07:30:43+00:00","dateModified":"2025-03-06T09:59:54+00:00","description":"Se ofrece una cautivadora aventura n\u00e1utica con Sea Life Explorer","breadcrumb":{"@id":"https:\/\/www.iplay.com\/es\/games\/sea-life-explorer\/#breadcrumb"},"inLanguage":"es","potentialAction":[{"@type":"ReadAction","target":["https:\/\/www.iplay.com\/es\/games\/sea-life-explorer\/"]}]},{"@type":"ImageObject","inLanguage":"es","@id":"https:\/\/www.iplay.com\/es\/games\/sea-life-explorer\/#primaryimage","url":"https:\/\/www.iplay.com\/wp-content\/uploads\/2024\/12\/sea_life_explorer_large_square_tile_image.webp","contentUrl":"https:\/\/www.iplay.com\/wp-content\/uploads\/2024\/12\/sea_life_explorer_large_square_tile_image.webp","width":400,"height":400},{"@type":"BreadcrumbList","@id":"https:\/\/www.iplay.com\/es\/games\/sea-life-explorer\/#breadcrumb","itemListElement":[{"@type":"ListItem","position":1,"name":"Home","item":"https:\/\/www.iplay.com\/es\/home-page-2\/"},{"@type":"ListItem","position":2,"name":"Shop","item":"https:\/\/www.iplay.com\/en\/shop\/"},{"@type":"ListItem","position":3,"name":"Sea Life Explorer"}]},{"@type":"WebSite","@id":"https:\/\/www.iplay.com\/en\/#website","url":"https:\/\/www.iplay.com\/en\/","name":"IPlay","description":"The Best Casual Games!","publisher":{"@id":"https:\/\/www.iplay.com\/en\/#organization"},"potentialAction":[{"@type":"SearchAction","target":{"@type":"EntryPoint","urlTemplate":"https:\/\/www.iplay.com\/en\/?s={search_term_string}"},"query-input":{"@type":"PropertyValueSpecification","valueRequired":true,"valueName":"search_term_string"}}],"inLanguage":"es"},{"@type":"Organization","@id":"https:\/\/www.iplay.com\/en\/#organization","name":"IPlay","url":"https:\/\/www.iplay.com\/en\/","logo":{"@type":"ImageObject","inLanguage":"es","@id":"https:\/\/www.iplay.com\/en\/#\/schema\/logo\/image\/","url":"https:\/\/www.iplay.com\/wp-content\/uploads\/2023\/11\/Group-6100.svg","contentUrl":"https:\/\/www.iplay.com\/wp-content\/uploads\/2023\/11\/Group-6100.svg","width":98,"height":25,"caption":"IPlay"},"image":{"@id":"https:\/\/www.iplay.com\/en\/#\/schema\/logo\/image\/"}}]}},"_links":{"self":[{"href":"https:\/\/www.iplay.com\/es\/wp-json\/wp\/v2\/product\/43093","targetHints":{"allow":["GET"]}}],"collection":[{"href":"https:\/\/www.iplay.com\/es\/wp-json\/wp\/v2\/product"}],"about":[{"href":"https:\/\/www.iplay.com\/es\/wp-json\/wp\/v2\/types\/product"}],"author":[{"embeddable":true,"href":"https:\/\/www.iplay.com\/es\/wp-json\/wp\/v2\/users\/125"}],"replies":[{"embeddable":true,"href":"https:\/\/www.iplay.com\/es\/wp-json\/wp\/v2\/comments?post=43093"}],"wp:featuredmedia":[{"embeddable":true,"href":"https:\/\/www.iplay.com\/es\/wp-json\/wp\/v2\/media\/43099"}],"wp:attachment":[{"href":"https:\/\/www.iplay.com\/es\/wp-json\/wp\/v2\/media?parent=43093"}],"wp:term":[{"taxonomy":"product_brand","embeddable":true,"href":"https:\/\/www.iplay.com\/es\/wp-json\/wp\/v2\/product_brand?post=43093"},{"taxonomy":"product_cat","embeddable":true,"href":"https:\/\/www.iplay.com\/es\/wp-json\/wp\/v2\/product_cat?post=43093"},{"taxonomy":"product_tag","embeddable":true,"href":"https:\/\/www.iplay.com\/es\/wp-json\/wp\/v2\/product_tag?post=43093"}],"curies":[{"name":"wp","href":"https:\/\/api.w.org\/{rel}","templated":true}]}}