{"id":40952,"date":"2022-08-02T00:00:00","date_gmt":"2022-08-02T00:00:00","guid":{"rendered":"https:\/\/www.iplay.com\/games\/mary-le-chef-cooking-passion-platinum-edition\/"},"modified":"2022-08-02T00:00:00","modified_gmt":"2022-08-02T00:00:00","slug":"mary-le-chef-cooking-passion-platinum-edition","status":"publish","type":"product","link":"https:\/\/www.iplay.com\/es\/games\/mary-le-chef-cooking-passion-platinum-edition\/","title":{"rendered":"Mary le Chef &#8211; Cooking Passion Platinum Edition"},"content":{"rendered":"<p>\u00a1De las mentes de la aclamada serie Delicious! Mary le Chef &#8211; Cooking Passion Platinum Edition ofrece 60 niveles de restaurante y 30 niveles extra dif\u00edciles repartidos a lo largo de 6 encantadores cap\u00edtulos. Prepara m\u00e1s de cincuenta comidas distintas y moderniza tus restaurantes y men\u00fas. Mientras preparas todas esas deliciosas recetas, te deleitar\u00e1s con una historia incre\u00edble. Como una verdadera Vanderworth, los padres de Mary anticipan que tendr\u00e1 una pr\u00f3spera carrera legal. Trabaja en un importante bufete de abogados. Sin embargo, a Mary le gusta cocinar y quiere convertirse en chef en lugar de seguir una carrera en derecho. \u00bfTendr\u00e1 Mar\u00eda las agallas para seguir su intuici\u00f3n y hablar por s\u00ed misma? Juega al entretenido juego de cocina de gesti\u00f3n del tiempo para amantes de la comida, Mary le Chef &#8211; Cooking Passion Platinum Edition, \u00a1y divi\u00e9rtete! \u00a1Conoce a Emily O&#8217;Malley, un conocido personaje invitado de la serie Delicious!         <\/p>\n<p>&nbsp;<\/p>\n<p><strong><br \/>\nFunciones:<\/strong><\/p>\n<p>&nbsp;<\/p>\n<p>&#8211; 60 niveles repartidos en 6 entra\u00f1ables cap\u00edtulos<\/p>\n<p>&#8211; 30 etapas de desaf\u00edo adicionales- Setenta platos distintos y la opci\u00f3n de mejorar restaurantes y men\u00fas<\/p>\n","protected":false},"excerpt":{"rendered":"<p>\u00a1Ayuda a Mary a perseguir su pasi\u00f3n de convertirse en una maestra chef!<\/p>\n","protected":false},"author":4,"featured_media":40956,"comment_status":"open","ping_status":"closed","template":"","meta":{"_acf_changed":false,"inline_featured_image":false},"product_brand":[],"product_cat":[212],"product_tag":[288],"class_list":{"0":"post-40952","1":"product","2":"type-product","3":"status-publish","4":"has-post-thumbnail","6":"product_cat-time-management-es","7":"product_tag-play-on-pc-es","9":"first","10":"instock","11":"shipping-taxable","12":"purchasable","13":"product-type-simple"},"acf":[],"yoast_head":"<!-- This site is optimized with the Yoast SEO Premium plugin v25.2 (Yoast SEO v25.2) - https:\/\/yoast.com\/wordpress\/plugins\/seo\/ -->\n<title>Mary le Chef - Cooking Passion Platinum Edition - Ayuda a Mary a seguir su coraz\u00f3n y sus sue\u00f1os de convertirse en una verdadera chef<\/title>\n<meta name=\"description\" content=\"\u00a1Ayuda a Mary a perseguir su pasi\u00f3n de convertirse en una maestra chef!\" \/>\n<meta name=\"robots\" content=\"index, follow, max-snippet:-1, max-image-preview:large, max-video-preview:-1\" \/>\n<link rel=\"canonical\" href=\"https:\/\/www.iplay.com\/es\/games\/mary-le-chef-cooking-passion-platinum-edition\/\" \/>\n<meta property=\"og:locale\" content=\"es_ES\" \/>\n<meta property=\"og:type\" content=\"article\" \/>\n<meta property=\"og:title\" content=\"Mary le Chef - Cooking Passion Platinum Edition\" \/>\n<meta property=\"og:description\" content=\"\u00a1Ayuda a Mary a perseguir su pasi\u00f3n de convertirse en una maestra chef!\" \/>\n<meta property=\"og:url\" content=\"https:\/\/www.iplay.com\/es\/games\/mary-le-chef-cooking-passion-platinum-edition\/\" \/>\n<meta property=\"og:site_name\" content=\"IPlay\" \/>\n<meta property=\"og:image\" content=\"https:\/\/www.iplay.com\/wp-content\/uploads\/2023\/12\/large_square_tile_image-1313.jpg\" \/>\n\t<meta property=\"og:image:width\" content=\"310\" \/>\n\t<meta property=\"og:image:height\" content=\"310\" \/>\n\t<meta property=\"og:image:type\" content=\"image\/jpeg\" \/>\n<meta name=\"twitter:card\" content=\"summary_large_image\" \/>\n<meta name=\"twitter:label1\" content=\"Est. reading time\" \/>\n\t<meta name=\"twitter:data1\" content=\"1 minuto\" \/>\n<script type=\"application\/ld+json\" class=\"yoast-schema-graph\">{\"@context\":\"https:\/\/schema.org\",\"@graph\":[{\"@type\":\"WebPage\",\"@id\":\"https:\/\/www.iplay.com\/es\/games\/mary-le-chef-cooking-passion-platinum-edition\/\",\"url\":\"https:\/\/www.iplay.com\/es\/games\/mary-le-chef-cooking-passion-platinum-edition\/\",\"name\":\"Mary le Chef - Cooking Passion Platinum Edition - Ayuda a Mary a seguir su coraz\u00f3n y sus sue\u00f1os de convertirse en una verdadera chef\",\"isPartOf\":{\"@id\":\"https:\/\/www.iplay.com\/en\/#website\"},\"primaryImageOfPage\":{\"@id\":\"https:\/\/www.iplay.com\/es\/games\/mary-le-chef-cooking-passion-platinum-edition\/#primaryimage\"},\"image\":{\"@id\":\"https:\/\/www.iplay.com\/es\/games\/mary-le-chef-cooking-passion-platinum-edition\/#primaryimage\"},\"thumbnailUrl\":\"https:\/\/www.iplay.com\/wp-content\/uploads\/2023\/12\/large_square_tile_image-1313.jpg\",\"datePublished\":\"2022-08-02T00:00:00+00:00\",\"description\":\"\u00a1Ayuda a Mary a perseguir su pasi\u00f3n de convertirse en una maestra chef!\",\"breadcrumb\":{\"@id\":\"https:\/\/www.iplay.com\/es\/games\/mary-le-chef-cooking-passion-platinum-edition\/#breadcrumb\"},\"inLanguage\":\"es\",\"potentialAction\":[{\"@type\":\"ReadAction\",\"target\":[\"https:\/\/www.iplay.com\/es\/games\/mary-le-chef-cooking-passion-platinum-edition\/\"]}]},{\"@type\":\"ImageObject\",\"inLanguage\":\"es\",\"@id\":\"https:\/\/www.iplay.com\/es\/games\/mary-le-chef-cooking-passion-platinum-edition\/#primaryimage\",\"url\":\"https:\/\/www.iplay.com\/wp-content\/uploads\/2023\/12\/large_square_tile_image-1313.jpg\",\"contentUrl\":\"https:\/\/www.iplay.com\/wp-content\/uploads\/2023\/12\/large_square_tile_image-1313.jpg\",\"width\":310,\"height\":310},{\"@type\":\"BreadcrumbList\",\"@id\":\"https:\/\/www.iplay.com\/es\/games\/mary-le-chef-cooking-passion-platinum-edition\/#breadcrumb\",\"itemListElement\":[{\"@type\":\"ListItem\",\"position\":1,\"name\":\"Home\",\"item\":\"https:\/\/www.iplay.com\/es\/home-page-2\/\"},{\"@type\":\"ListItem\",\"position\":2,\"name\":\"Shop\",\"item\":\"https:\/\/www.iplay.com\/en\/shop\/\"},{\"@type\":\"ListItem\",\"position\":3,\"name\":\"Mary le Chef &#8211; Cooking Passion Platinum Edition\"}]},{\"@type\":\"WebSite\",\"@id\":\"https:\/\/www.iplay.com\/en\/#website\",\"url\":\"https:\/\/www.iplay.com\/en\/\",\"name\":\"IPlay\",\"description\":\"The Best Casual Games!\",\"publisher\":{\"@id\":\"https:\/\/www.iplay.com\/en\/#organization\"},\"potentialAction\":[{\"@type\":\"SearchAction\",\"target\":{\"@type\":\"EntryPoint\",\"urlTemplate\":\"https:\/\/www.iplay.com\/en\/?s={search_term_string}\"},\"query-input\":{\"@type\":\"PropertyValueSpecification\",\"valueRequired\":true,\"valueName\":\"search_term_string\"}}],\"inLanguage\":\"es\"},{\"@type\":\"Organization\",\"@id\":\"https:\/\/www.iplay.com\/en\/#organization\",\"name\":\"IPlay\",\"url\":\"https:\/\/www.iplay.com\/en\/\",\"logo\":{\"@type\":\"ImageObject\",\"inLanguage\":\"es\",\"@id\":\"https:\/\/www.iplay.com\/en\/#\/schema\/logo\/image\/\",\"url\":\"https:\/\/www.iplay.com\/wp-content\/uploads\/2023\/11\/Group-6100.svg\",\"contentUrl\":\"https:\/\/www.iplay.com\/wp-content\/uploads\/2023\/11\/Group-6100.svg\",\"width\":98,\"height\":25,\"caption\":\"IPlay\"},\"image\":{\"@id\":\"https:\/\/www.iplay.com\/en\/#\/schema\/logo\/image\/\"}}]}<\/script>\n<!-- \/ Yoast SEO Premium plugin. -->","yoast_head_json":{"title":"Mary le Chef - Cooking Passion Platinum Edition - Ayuda a Mary a seguir su coraz\u00f3n y sus sue\u00f1os de convertirse en una verdadera chef","description":"\u00a1Ayuda a Mary a perseguir su pasi\u00f3n de convertirse en una maestra chef!","robots":{"index":"index","follow":"follow","max-snippet":"max-snippet:-1","max-image-preview":"max-image-preview:large","max-video-preview":"max-video-preview:-1"},"canonical":"https:\/\/www.iplay.com\/es\/games\/mary-le-chef-cooking-passion-platinum-edition\/","og_locale":"es_ES","og_type":"article","og_title":"Mary le Chef - Cooking Passion Platinum Edition","og_description":"\u00a1Ayuda a Mary a perseguir su pasi\u00f3n de convertirse en una maestra chef!","og_url":"https:\/\/www.iplay.com\/es\/games\/mary-le-chef-cooking-passion-platinum-edition\/","og_site_name":"IPlay","og_image":[{"width":310,"height":310,"url":"https:\/\/www.iplay.com\/wp-content\/uploads\/2023\/12\/large_square_tile_image-1313.jpg","type":"image\/jpeg"}],"twitter_card":"summary_large_image","twitter_misc":{"Est. reading time":"1 minuto"},"schema":{"@context":"https:\/\/schema.org","@graph":[{"@type":"WebPage","@id":"https:\/\/www.iplay.com\/es\/games\/mary-le-chef-cooking-passion-platinum-edition\/","url":"https:\/\/www.iplay.com\/es\/games\/mary-le-chef-cooking-passion-platinum-edition\/","name":"Mary le Chef - Cooking Passion Platinum Edition - Ayuda a Mary a seguir su coraz\u00f3n y sus sue\u00f1os de convertirse en una verdadera chef","isPartOf":{"@id":"https:\/\/www.iplay.com\/en\/#website"},"primaryImageOfPage":{"@id":"https:\/\/www.iplay.com\/es\/games\/mary-le-chef-cooking-passion-platinum-edition\/#primaryimage"},"image":{"@id":"https:\/\/www.iplay.com\/es\/games\/mary-le-chef-cooking-passion-platinum-edition\/#primaryimage"},"thumbnailUrl":"https:\/\/www.iplay.com\/wp-content\/uploads\/2023\/12\/large_square_tile_image-1313.jpg","datePublished":"2022-08-02T00:00:00+00:00","description":"\u00a1Ayuda a Mary a perseguir su pasi\u00f3n de convertirse en una maestra chef!","breadcrumb":{"@id":"https:\/\/www.iplay.com\/es\/games\/mary-le-chef-cooking-passion-platinum-edition\/#breadcrumb"},"inLanguage":"es","potentialAction":[{"@type":"ReadAction","target":["https:\/\/www.iplay.com\/es\/games\/mary-le-chef-cooking-passion-platinum-edition\/"]}]},{"@type":"ImageObject","inLanguage":"es","@id":"https:\/\/www.iplay.com\/es\/games\/mary-le-chef-cooking-passion-platinum-edition\/#primaryimage","url":"https:\/\/www.iplay.com\/wp-content\/uploads\/2023\/12\/large_square_tile_image-1313.jpg","contentUrl":"https:\/\/www.iplay.com\/wp-content\/uploads\/2023\/12\/large_square_tile_image-1313.jpg","width":310,"height":310},{"@type":"BreadcrumbList","@id":"https:\/\/www.iplay.com\/es\/games\/mary-le-chef-cooking-passion-platinum-edition\/#breadcrumb","itemListElement":[{"@type":"ListItem","position":1,"name":"Home","item":"https:\/\/www.iplay.com\/es\/home-page-2\/"},{"@type":"ListItem","position":2,"name":"Shop","item":"https:\/\/www.iplay.com\/en\/shop\/"},{"@type":"ListItem","position":3,"name":"Mary le Chef &#8211; Cooking Passion Platinum Edition"}]},{"@type":"WebSite","@id":"https:\/\/www.iplay.com\/en\/#website","url":"https:\/\/www.iplay.com\/en\/","name":"IPlay","description":"The Best Casual Games!","publisher":{"@id":"https:\/\/www.iplay.com\/en\/#organization"},"potentialAction":[{"@type":"SearchAction","target":{"@type":"EntryPoint","urlTemplate":"https:\/\/www.iplay.com\/en\/?s={search_term_string}"},"query-input":{"@type":"PropertyValueSpecification","valueRequired":true,"valueName":"search_term_string"}}],"inLanguage":"es"},{"@type":"Organization","@id":"https:\/\/www.iplay.com\/en\/#organization","name":"IPlay","url":"https:\/\/www.iplay.com\/en\/","logo":{"@type":"ImageObject","inLanguage":"es","@id":"https:\/\/www.iplay.com\/en\/#\/schema\/logo\/image\/","url":"https:\/\/www.iplay.com\/wp-content\/uploads\/2023\/11\/Group-6100.svg","contentUrl":"https:\/\/www.iplay.com\/wp-content\/uploads\/2023\/11\/Group-6100.svg","width":98,"height":25,"caption":"IPlay"},"image":{"@id":"https:\/\/www.iplay.com\/en\/#\/schema\/logo\/image\/"}}]}},"_links":{"self":[{"href":"https:\/\/www.iplay.com\/es\/wp-json\/wp\/v2\/product\/40952","targetHints":{"allow":["GET"]}}],"collection":[{"href":"https:\/\/www.iplay.com\/es\/wp-json\/wp\/v2\/product"}],"about":[{"href":"https:\/\/www.iplay.com\/es\/wp-json\/wp\/v2\/types\/product"}],"author":[{"embeddable":true,"href":"https:\/\/www.iplay.com\/es\/wp-json\/wp\/v2\/users\/4"}],"replies":[{"embeddable":true,"href":"https:\/\/www.iplay.com\/es\/wp-json\/wp\/v2\/comments?post=40952"}],"wp:featuredmedia":[{"embeddable":true,"href":"https:\/\/www.iplay.com\/es\/wp-json\/wp\/v2\/media\/40956"}],"wp:attachment":[{"href":"https:\/\/www.iplay.com\/es\/wp-json\/wp\/v2\/media?parent=40952"}],"wp:term":[{"taxonomy":"product_brand","embeddable":true,"href":"https:\/\/www.iplay.com\/es\/wp-json\/wp\/v2\/product_brand?post=40952"},{"taxonomy":"product_cat","embeddable":true,"href":"https:\/\/www.iplay.com\/es\/wp-json\/wp\/v2\/product_cat?post=40952"},{"taxonomy":"product_tag","embeddable":true,"href":"https:\/\/www.iplay.com\/es\/wp-json\/wp\/v2\/product_tag?post=40952"}],"curies":[{"name":"wp","href":"https:\/\/api.w.org\/{rel}","templated":true}]}}