{"id":40822,"date":"2022-08-23T00:00:00","date_gmt":"2022-08-23T00:00:00","guid":{"rendered":"https:\/\/www.iplay.com\/games\/jojos-fashion-show-world-tour\/"},"modified":"2022-08-23T00:00:00","modified_gmt":"2022-08-23T00:00:00","slug":"jojos-fashion-show-world-tour","status":"publish","type":"product","link":"https:\/\/www.iplay.com\/es\/games\/jojos-fashion-show-world-tour\/","title":{"rendered":"Jojo&#8217;s Fashion Show: World Tour"},"content":{"rendered":"<p>Jojo&#8217;s Fashion Show: World Tour promete estanter\u00edas llenas de ropa colorida y nuevos modelos masculinos y femeninos realistas desde Jap\u00f3n hasta Barcelona. Jojo y Rosalind Cruz, un equipo de dise\u00f1o de moda de madre e hija, finalmente se han hecho un nombre. Jojo necesita encontrar un reemplazo confiable para Ros, quien ahora deja el nido para seguir sus propias ambiciones. A medida que se desarrolla el drama detr\u00e1s de escena, Jojo descubre que sus enemigos y aliados de buen tiempo est\u00e1n m\u00e1s cerca de lo que pensaba. Siga a Jojo en su misi\u00f3n global para prevenir esc\u00e1ndalos que podr\u00edan destruir la marca Las Cruces. \u00bfUn torero musculoso encaja en tu traje con segundos de sobra? \u00bfEres un dise\u00f1ador de moda merecedor de la pasarela de Las Cruces? Jojo necesita tu sentido de la moda m\u00e1s que nunca, especialmente con Ros al otro lado del oc\u00e9ano y la marca de Las Cruces en peligro.<\/p>\n","protected":false},"excerpt":{"rendered":"<p>Ahora que Jojo y Rosalind est\u00e1n de vuelta, \u00a1el estilo es m\u00e1s elegante que nunca!<\/p>\n","protected":false},"author":4,"featured_media":40824,"comment_status":"open","ping_status":"closed","template":"","meta":{"_acf_changed":false,"inline_featured_image":false},"product_brand":[],"product_cat":[212],"product_tag":[288],"class_list":{"0":"post-40822","1":"product","2":"type-product","3":"status-publish","4":"has-post-thumbnail","6":"product_cat-time-management-es","7":"product_tag-play-on-pc-es","9":"first","10":"instock","11":"shipping-taxable","12":"purchasable","13":"product-type-simple"},"acf":[],"yoast_head":"<!-- This site is optimized with the Yoast SEO Premium plugin v25.2 (Yoast SEO v25.2) - https:\/\/yoast.com\/wordpress\/plugins\/seo\/ -->\n<title>Jojo&#039;s Fashion Show: World Tour - Sum\u00e9rgete en el mundo de la moda de Jojo y Rosalind<\/title>\n<meta name=\"description\" content=\"Ahora que Jojo y Rosalind est\u00e1n de vuelta, \u00a1el estilo es m\u00e1s elegante que nunca!\" \/>\n<meta name=\"robots\" content=\"index, follow, max-snippet:-1, max-image-preview:large, max-video-preview:-1\" \/>\n<link rel=\"canonical\" href=\"https:\/\/www.iplay.com\/es\/games\/jojos-fashion-show-world-tour\/\" \/>\n<meta property=\"og:locale\" content=\"es_ES\" \/>\n<meta property=\"og:type\" content=\"article\" \/>\n<meta property=\"og:title\" content=\"Jojo&#039;s Fashion Show: World Tour\" \/>\n<meta property=\"og:description\" content=\"Ahora que Jojo y Rosalind est\u00e1n de vuelta, \u00a1el estilo es m\u00e1s elegante que nunca!\" \/>\n<meta property=\"og:url\" content=\"https:\/\/www.iplay.com\/es\/games\/jojos-fashion-show-world-tour\/\" \/>\n<meta property=\"og:site_name\" content=\"IPlay\" \/>\n<meta property=\"og:image\" content=\"https:\/\/www.iplay.com\/wp-content\/uploads\/2023\/12\/large_square_tile_image-892.jpg\" \/>\n\t<meta property=\"og:image:width\" content=\"310\" \/>\n\t<meta property=\"og:image:height\" content=\"310\" \/>\n\t<meta property=\"og:image:type\" content=\"image\/jpeg\" \/>\n<meta name=\"twitter:card\" content=\"summary_large_image\" \/>\n<meta name=\"twitter:label1\" content=\"Est. reading time\" \/>\n\t<meta name=\"twitter:data1\" content=\"1 minuto\" \/>\n<script type=\"application\/ld+json\" class=\"yoast-schema-graph\">{\"@context\":\"https:\/\/schema.org\",\"@graph\":[{\"@type\":\"WebPage\",\"@id\":\"https:\/\/www.iplay.com\/es\/games\/jojos-fashion-show-world-tour\/\",\"url\":\"https:\/\/www.iplay.com\/es\/games\/jojos-fashion-show-world-tour\/\",\"name\":\"Jojo's Fashion Show: World Tour - Sum\u00e9rgete en el mundo de la moda de Jojo y Rosalind\",\"isPartOf\":{\"@id\":\"https:\/\/www.iplay.com\/en\/#website\"},\"primaryImageOfPage\":{\"@id\":\"https:\/\/www.iplay.com\/es\/games\/jojos-fashion-show-world-tour\/#primaryimage\"},\"image\":{\"@id\":\"https:\/\/www.iplay.com\/es\/games\/jojos-fashion-show-world-tour\/#primaryimage\"},\"thumbnailUrl\":\"https:\/\/www.iplay.com\/wp-content\/uploads\/2023\/12\/large_square_tile_image-892.jpg\",\"datePublished\":\"2022-08-23T00:00:00+00:00\",\"description\":\"Ahora que Jojo y Rosalind est\u00e1n de vuelta, \u00a1el estilo es m\u00e1s elegante que nunca!\",\"breadcrumb\":{\"@id\":\"https:\/\/www.iplay.com\/es\/games\/jojos-fashion-show-world-tour\/#breadcrumb\"},\"inLanguage\":\"es\",\"potentialAction\":[{\"@type\":\"ReadAction\",\"target\":[\"https:\/\/www.iplay.com\/es\/games\/jojos-fashion-show-world-tour\/\"]}]},{\"@type\":\"ImageObject\",\"inLanguage\":\"es\",\"@id\":\"https:\/\/www.iplay.com\/es\/games\/jojos-fashion-show-world-tour\/#primaryimage\",\"url\":\"https:\/\/www.iplay.com\/wp-content\/uploads\/2023\/12\/large_square_tile_image-892.jpg\",\"contentUrl\":\"https:\/\/www.iplay.com\/wp-content\/uploads\/2023\/12\/large_square_tile_image-892.jpg\",\"width\":310,\"height\":310},{\"@type\":\"BreadcrumbList\",\"@id\":\"https:\/\/www.iplay.com\/es\/games\/jojos-fashion-show-world-tour\/#breadcrumb\",\"itemListElement\":[{\"@type\":\"ListItem\",\"position\":1,\"name\":\"Home\",\"item\":\"https:\/\/www.iplay.com\/es\/home-page-2\/\"},{\"@type\":\"ListItem\",\"position\":2,\"name\":\"Shop\",\"item\":\"https:\/\/www.iplay.com\/en\/shop\/\"},{\"@type\":\"ListItem\",\"position\":3,\"name\":\"Jojo&#8217;s Fashion Show: World Tour\"}]},{\"@type\":\"WebSite\",\"@id\":\"https:\/\/www.iplay.com\/en\/#website\",\"url\":\"https:\/\/www.iplay.com\/en\/\",\"name\":\"IPlay\",\"description\":\"The Best Casual Games!\",\"publisher\":{\"@id\":\"https:\/\/www.iplay.com\/en\/#organization\"},\"potentialAction\":[{\"@type\":\"SearchAction\",\"target\":{\"@type\":\"EntryPoint\",\"urlTemplate\":\"https:\/\/www.iplay.com\/en\/?s={search_term_string}\"},\"query-input\":{\"@type\":\"PropertyValueSpecification\",\"valueRequired\":true,\"valueName\":\"search_term_string\"}}],\"inLanguage\":\"es\"},{\"@type\":\"Organization\",\"@id\":\"https:\/\/www.iplay.com\/en\/#organization\",\"name\":\"IPlay\",\"url\":\"https:\/\/www.iplay.com\/en\/\",\"logo\":{\"@type\":\"ImageObject\",\"inLanguage\":\"es\",\"@id\":\"https:\/\/www.iplay.com\/en\/#\/schema\/logo\/image\/\",\"url\":\"https:\/\/www.iplay.com\/wp-content\/uploads\/2023\/11\/Group-6100.svg\",\"contentUrl\":\"https:\/\/www.iplay.com\/wp-content\/uploads\/2023\/11\/Group-6100.svg\",\"width\":98,\"height\":25,\"caption\":\"IPlay\"},\"image\":{\"@id\":\"https:\/\/www.iplay.com\/en\/#\/schema\/logo\/image\/\"}}]}<\/script>\n<!-- \/ Yoast SEO Premium plugin. -->","yoast_head_json":{"title":"Jojo's Fashion Show: World Tour - Sum\u00e9rgete en el mundo de la moda de Jojo y Rosalind","description":"Ahora que Jojo y Rosalind est\u00e1n de vuelta, \u00a1el estilo es m\u00e1s elegante que nunca!","robots":{"index":"index","follow":"follow","max-snippet":"max-snippet:-1","max-image-preview":"max-image-preview:large","max-video-preview":"max-video-preview:-1"},"canonical":"https:\/\/www.iplay.com\/es\/games\/jojos-fashion-show-world-tour\/","og_locale":"es_ES","og_type":"article","og_title":"Jojo's Fashion Show: World Tour","og_description":"Ahora que Jojo y Rosalind est\u00e1n de vuelta, \u00a1el estilo es m\u00e1s elegante que nunca!","og_url":"https:\/\/www.iplay.com\/es\/games\/jojos-fashion-show-world-tour\/","og_site_name":"IPlay","og_image":[{"width":310,"height":310,"url":"https:\/\/www.iplay.com\/wp-content\/uploads\/2023\/12\/large_square_tile_image-892.jpg","type":"image\/jpeg"}],"twitter_card":"summary_large_image","twitter_misc":{"Est. reading time":"1 minuto"},"schema":{"@context":"https:\/\/schema.org","@graph":[{"@type":"WebPage","@id":"https:\/\/www.iplay.com\/es\/games\/jojos-fashion-show-world-tour\/","url":"https:\/\/www.iplay.com\/es\/games\/jojos-fashion-show-world-tour\/","name":"Jojo's Fashion Show: World Tour - Sum\u00e9rgete en el mundo de la moda de Jojo y Rosalind","isPartOf":{"@id":"https:\/\/www.iplay.com\/en\/#website"},"primaryImageOfPage":{"@id":"https:\/\/www.iplay.com\/es\/games\/jojos-fashion-show-world-tour\/#primaryimage"},"image":{"@id":"https:\/\/www.iplay.com\/es\/games\/jojos-fashion-show-world-tour\/#primaryimage"},"thumbnailUrl":"https:\/\/www.iplay.com\/wp-content\/uploads\/2023\/12\/large_square_tile_image-892.jpg","datePublished":"2022-08-23T00:00:00+00:00","description":"Ahora que Jojo y Rosalind est\u00e1n de vuelta, \u00a1el estilo es m\u00e1s elegante que nunca!","breadcrumb":{"@id":"https:\/\/www.iplay.com\/es\/games\/jojos-fashion-show-world-tour\/#breadcrumb"},"inLanguage":"es","potentialAction":[{"@type":"ReadAction","target":["https:\/\/www.iplay.com\/es\/games\/jojos-fashion-show-world-tour\/"]}]},{"@type":"ImageObject","inLanguage":"es","@id":"https:\/\/www.iplay.com\/es\/games\/jojos-fashion-show-world-tour\/#primaryimage","url":"https:\/\/www.iplay.com\/wp-content\/uploads\/2023\/12\/large_square_tile_image-892.jpg","contentUrl":"https:\/\/www.iplay.com\/wp-content\/uploads\/2023\/12\/large_square_tile_image-892.jpg","width":310,"height":310},{"@type":"BreadcrumbList","@id":"https:\/\/www.iplay.com\/es\/games\/jojos-fashion-show-world-tour\/#breadcrumb","itemListElement":[{"@type":"ListItem","position":1,"name":"Home","item":"https:\/\/www.iplay.com\/es\/home-page-2\/"},{"@type":"ListItem","position":2,"name":"Shop","item":"https:\/\/www.iplay.com\/en\/shop\/"},{"@type":"ListItem","position":3,"name":"Jojo&#8217;s Fashion Show: World Tour"}]},{"@type":"WebSite","@id":"https:\/\/www.iplay.com\/en\/#website","url":"https:\/\/www.iplay.com\/en\/","name":"IPlay","description":"The Best Casual Games!","publisher":{"@id":"https:\/\/www.iplay.com\/en\/#organization"},"potentialAction":[{"@type":"SearchAction","target":{"@type":"EntryPoint","urlTemplate":"https:\/\/www.iplay.com\/en\/?s={search_term_string}"},"query-input":{"@type":"PropertyValueSpecification","valueRequired":true,"valueName":"search_term_string"}}],"inLanguage":"es"},{"@type":"Organization","@id":"https:\/\/www.iplay.com\/en\/#organization","name":"IPlay","url":"https:\/\/www.iplay.com\/en\/","logo":{"@type":"ImageObject","inLanguage":"es","@id":"https:\/\/www.iplay.com\/en\/#\/schema\/logo\/image\/","url":"https:\/\/www.iplay.com\/wp-content\/uploads\/2023\/11\/Group-6100.svg","contentUrl":"https:\/\/www.iplay.com\/wp-content\/uploads\/2023\/11\/Group-6100.svg","width":98,"height":25,"caption":"IPlay"},"image":{"@id":"https:\/\/www.iplay.com\/en\/#\/schema\/logo\/image\/"}}]}},"_links":{"self":[{"href":"https:\/\/www.iplay.com\/es\/wp-json\/wp\/v2\/product\/40822","targetHints":{"allow":["GET"]}}],"collection":[{"href":"https:\/\/www.iplay.com\/es\/wp-json\/wp\/v2\/product"}],"about":[{"href":"https:\/\/www.iplay.com\/es\/wp-json\/wp\/v2\/types\/product"}],"author":[{"embeddable":true,"href":"https:\/\/www.iplay.com\/es\/wp-json\/wp\/v2\/users\/4"}],"replies":[{"embeddable":true,"href":"https:\/\/www.iplay.com\/es\/wp-json\/wp\/v2\/comments?post=40822"}],"wp:featuredmedia":[{"embeddable":true,"href":"https:\/\/www.iplay.com\/es\/wp-json\/wp\/v2\/media\/40824"}],"wp:attachment":[{"href":"https:\/\/www.iplay.com\/es\/wp-json\/wp\/v2\/media?parent=40822"}],"wp:term":[{"taxonomy":"product_brand","embeddable":true,"href":"https:\/\/www.iplay.com\/es\/wp-json\/wp\/v2\/product_brand?post=40822"},{"taxonomy":"product_cat","embeddable":true,"href":"https:\/\/www.iplay.com\/es\/wp-json\/wp\/v2\/product_cat?post=40822"},{"taxonomy":"product_tag","embeddable":true,"href":"https:\/\/www.iplay.com\/es\/wp-json\/wp\/v2\/product_tag?post=40822"}],"curies":[{"name":"wp","href":"https:\/\/api.w.org\/{rel}","templated":true}]}}