{"id":40792,"date":"2024-12-24T07:30:28","date_gmt":"2024-12-24T07:30:28","guid":{"rendered":"https:\/\/www.iplay.com\/games\/christmas-fables-the-wishing-store-collectors-edition\/"},"modified":"2025-03-06T09:59:55","modified_gmt":"2025-03-06T09:59:55","slug":"christmas-fables-the-wishing-store-collectors-edition","status":"publish","type":"product","link":"https:\/\/www.iplay.com\/es\/games\/christmas-fables-the-wishing-store-collectors-edition\/","title":{"rendered":"Christmas Fables: The Wishing Store Collector&#8217;s Edition"},"content":{"rendered":"<p>Una visita a Christmashire es bienvenida, donde el esp\u00edritu festivo ha sido exiliado por el Sr. Greedy, un alcalde helado. Esta sombr\u00eda ciudad debe ser explorada, sus secretos descubiertos y la alegr\u00eda navide\u00f1a restaurada a pesar de los numerosos desaf\u00edos. Para demostrar que eres digno de heredar el imperio de juguetes de tu padre, debes hacer esfuerzos para revivir el esp\u00edritu de la temporada. Formar equipo con Rudolf, el reno, y Nicholas, el maestro de juguetes, garantiza una aventura m\u00e1gica llena de alegr\u00eda estacional.   <\/p>\n<p>&nbsp;<\/p>\n<p><strong>Funciones<\/strong><\/p>\n<ul>\n<li>Al completar el juego, se desbloquea un cap\u00edtulo de bonificaci\u00f3n especial.<\/li>\n<li>Se pueden descubrir art\u00edculos navide\u00f1os exclusivos que no se encuentran en ning\u00fan otro lugar.<\/li>\n<li>La habilidad con Yuletide se demuestra desbloqueando logros.<\/li>\n<\/ul>\n","protected":false},"excerpt":{"rendered":"<p>Encuentra tesoros navide\u00f1os escondidos mientras exploras Christmashire en <strong>Christmas Fables &#8211; The Wishing Store Collector&#8217;s Edition<\/strong><\/p>\n","protected":false},"author":52,"featured_media":40797,"comment_status":"open","ping_status":"closed","template":"","meta":{"_acf_changed":false,"inline_featured_image":false},"product_brand":[],"product_cat":[166],"product_tag":[288],"class_list":{"0":"post-40792","1":"product","2":"type-product","3":"status-publish","4":"has-post-thumbnail","6":"product_cat-hidden-object-es","7":"product_tag-play-on-pc-es","9":"first","10":"instock","11":"shipping-taxable","12":"purchasable","13":"product-type-simple"},"acf":[],"yoast_head":"<!-- This site is optimized with the Yoast SEO Premium plugin v25.2 (Yoast SEO v25.2) - https:\/\/yoast.com\/wordpress\/plugins\/seo\/ -->\n<title>\u00a1Encuentra tesoros navide\u00f1os escondidos mientras exploras Christmashire!<\/title>\n<meta name=\"description\" content=\"Encuentra tesoros navide\u00f1os escondidos mientras exploras Christmashire en Christmas Fables - The Wishing Store Collector&#039;s Edition\" \/>\n<meta name=\"robots\" content=\"index, follow, max-snippet:-1, max-image-preview:large, max-video-preview:-1\" \/>\n<link rel=\"canonical\" href=\"https:\/\/www.iplay.com\/es\/games\/christmas-fables-the-wishing-store-collectors-edition\/\" \/>\n<meta property=\"og:locale\" content=\"es_ES\" \/>\n<meta property=\"og:type\" content=\"article\" \/>\n<meta property=\"og:title\" content=\"Christmas Fables: The Wishing Store Collector&#039;s Edition\" \/>\n<meta property=\"og:description\" content=\"Encuentra tesoros navide\u00f1os escondidos mientras exploras Christmashire en Christmas Fables - The Wishing Store Collector&#039;s Edition\" \/>\n<meta property=\"og:url\" content=\"https:\/\/www.iplay.com\/es\/games\/christmas-fables-the-wishing-store-collectors-edition\/\" \/>\n<meta property=\"og:site_name\" content=\"IPlay\" \/>\n<meta property=\"article:modified_time\" content=\"2025-03-06T09:59:55+00:00\" \/>\n<meta property=\"og:image\" content=\"https:\/\/www.iplay.com\/wp-content\/uploads\/2024\/12\/christmas_fables_-_the_wishing_store_ce_large_video_screenshot.webp\" \/>\n\t<meta property=\"og:image:width\" content=\"715\" \/>\n\t<meta property=\"og:image:height\" content=\"485\" \/>\n\t<meta property=\"og:image:type\" content=\"image\/webp\" \/>\n<meta name=\"twitter:card\" content=\"summary_large_image\" \/>\n<meta name=\"twitter:label1\" content=\"Est. reading time\" \/>\n\t<meta name=\"twitter:data1\" content=\"1 minuto\" \/>\n<script type=\"application\/ld+json\" class=\"yoast-schema-graph\">{\"@context\":\"https:\/\/schema.org\",\"@graph\":[{\"@type\":\"WebPage\",\"@id\":\"https:\/\/www.iplay.com\/es\/games\/christmas-fables-the-wishing-store-collectors-edition\/\",\"url\":\"https:\/\/www.iplay.com\/es\/games\/christmas-fables-the-wishing-store-collectors-edition\/\",\"name\":\"\u00a1Encuentra tesoros navide\u00f1os escondidos mientras exploras Christmashire!\",\"isPartOf\":{\"@id\":\"https:\/\/www.iplay.com\/en\/#website\"},\"primaryImageOfPage\":{\"@id\":\"https:\/\/www.iplay.com\/es\/games\/christmas-fables-the-wishing-store-collectors-edition\/#primaryimage\"},\"image\":{\"@id\":\"https:\/\/www.iplay.com\/es\/games\/christmas-fables-the-wishing-store-collectors-edition\/#primaryimage\"},\"thumbnailUrl\":\"https:\/\/www.iplay.com\/wp-content\/uploads\/2024\/12\/christmas_fables_-_the_wishing_store_ce_large_video_screenshot.webp\",\"datePublished\":\"2024-12-24T07:30:28+00:00\",\"dateModified\":\"2025-03-06T09:59:55+00:00\",\"description\":\"Encuentra tesoros navide\u00f1os escondidos mientras exploras Christmashire en Christmas Fables - The Wishing Store Collector's Edition\",\"breadcrumb\":{\"@id\":\"https:\/\/www.iplay.com\/es\/games\/christmas-fables-the-wishing-store-collectors-edition\/#breadcrumb\"},\"inLanguage\":\"es\",\"potentialAction\":[{\"@type\":\"ReadAction\",\"target\":[\"https:\/\/www.iplay.com\/es\/games\/christmas-fables-the-wishing-store-collectors-edition\/\"]}]},{\"@type\":\"ImageObject\",\"inLanguage\":\"es\",\"@id\":\"https:\/\/www.iplay.com\/es\/games\/christmas-fables-the-wishing-store-collectors-edition\/#primaryimage\",\"url\":\"https:\/\/www.iplay.com\/wp-content\/uploads\/2024\/12\/christmas_fables_-_the_wishing_store_ce_large_video_screenshot.webp\",\"contentUrl\":\"https:\/\/www.iplay.com\/wp-content\/uploads\/2024\/12\/christmas_fables_-_the_wishing_store_ce_large_video_screenshot.webp\",\"width\":715,\"height\":485},{\"@type\":\"BreadcrumbList\",\"@id\":\"https:\/\/www.iplay.com\/es\/games\/christmas-fables-the-wishing-store-collectors-edition\/#breadcrumb\",\"itemListElement\":[{\"@type\":\"ListItem\",\"position\":1,\"name\":\"Home\",\"item\":\"https:\/\/www.iplay.com\/es\/home-page-2\/\"},{\"@type\":\"ListItem\",\"position\":2,\"name\":\"Shop\",\"item\":\"https:\/\/www.iplay.com\/en\/shop\/\"},{\"@type\":\"ListItem\",\"position\":3,\"name\":\"Christmas Fables: The Wishing Store Collector&#8217;s Edition\"}]},{\"@type\":\"WebSite\",\"@id\":\"https:\/\/www.iplay.com\/en\/#website\",\"url\":\"https:\/\/www.iplay.com\/en\/\",\"name\":\"IPlay\",\"description\":\"The Best Casual Games!\",\"publisher\":{\"@id\":\"https:\/\/www.iplay.com\/en\/#organization\"},\"potentialAction\":[{\"@type\":\"SearchAction\",\"target\":{\"@type\":\"EntryPoint\",\"urlTemplate\":\"https:\/\/www.iplay.com\/en\/?s={search_term_string}\"},\"query-input\":{\"@type\":\"PropertyValueSpecification\",\"valueRequired\":true,\"valueName\":\"search_term_string\"}}],\"inLanguage\":\"es\"},{\"@type\":\"Organization\",\"@id\":\"https:\/\/www.iplay.com\/en\/#organization\",\"name\":\"IPlay\",\"url\":\"https:\/\/www.iplay.com\/en\/\",\"logo\":{\"@type\":\"ImageObject\",\"inLanguage\":\"es\",\"@id\":\"https:\/\/www.iplay.com\/en\/#\/schema\/logo\/image\/\",\"url\":\"https:\/\/www.iplay.com\/wp-content\/uploads\/2023\/11\/Group-6100.svg\",\"contentUrl\":\"https:\/\/www.iplay.com\/wp-content\/uploads\/2023\/11\/Group-6100.svg\",\"width\":98,\"height\":25,\"caption\":\"IPlay\"},\"image\":{\"@id\":\"https:\/\/www.iplay.com\/en\/#\/schema\/logo\/image\/\"}}]}<\/script>\n<!-- \/ Yoast SEO Premium plugin. -->","yoast_head_json":{"title":"\u00a1Encuentra tesoros navide\u00f1os escondidos mientras exploras Christmashire!","description":"Encuentra tesoros navide\u00f1os escondidos mientras exploras Christmashire en Christmas Fables - The Wishing Store Collector's Edition","robots":{"index":"index","follow":"follow","max-snippet":"max-snippet:-1","max-image-preview":"max-image-preview:large","max-video-preview":"max-video-preview:-1"},"canonical":"https:\/\/www.iplay.com\/es\/games\/christmas-fables-the-wishing-store-collectors-edition\/","og_locale":"es_ES","og_type":"article","og_title":"Christmas Fables: The Wishing Store Collector's Edition","og_description":"Encuentra tesoros navide\u00f1os escondidos mientras exploras Christmashire en Christmas Fables - The Wishing Store Collector's Edition","og_url":"https:\/\/www.iplay.com\/es\/games\/christmas-fables-the-wishing-store-collectors-edition\/","og_site_name":"IPlay","article_modified_time":"2025-03-06T09:59:55+00:00","og_image":[{"width":715,"height":485,"url":"https:\/\/www.iplay.com\/wp-content\/uploads\/2024\/12\/christmas_fables_-_the_wishing_store_ce_large_video_screenshot.webp","type":"image\/webp"}],"twitter_card":"summary_large_image","twitter_misc":{"Est. reading time":"1 minuto"},"schema":{"@context":"https:\/\/schema.org","@graph":[{"@type":"WebPage","@id":"https:\/\/www.iplay.com\/es\/games\/christmas-fables-the-wishing-store-collectors-edition\/","url":"https:\/\/www.iplay.com\/es\/games\/christmas-fables-the-wishing-store-collectors-edition\/","name":"\u00a1Encuentra tesoros navide\u00f1os escondidos mientras exploras Christmashire!","isPartOf":{"@id":"https:\/\/www.iplay.com\/en\/#website"},"primaryImageOfPage":{"@id":"https:\/\/www.iplay.com\/es\/games\/christmas-fables-the-wishing-store-collectors-edition\/#primaryimage"},"image":{"@id":"https:\/\/www.iplay.com\/es\/games\/christmas-fables-the-wishing-store-collectors-edition\/#primaryimage"},"thumbnailUrl":"https:\/\/www.iplay.com\/wp-content\/uploads\/2024\/12\/christmas_fables_-_the_wishing_store_ce_large_video_screenshot.webp","datePublished":"2024-12-24T07:30:28+00:00","dateModified":"2025-03-06T09:59:55+00:00","description":"Encuentra tesoros navide\u00f1os escondidos mientras exploras Christmashire en Christmas Fables - The Wishing Store Collector's Edition","breadcrumb":{"@id":"https:\/\/www.iplay.com\/es\/games\/christmas-fables-the-wishing-store-collectors-edition\/#breadcrumb"},"inLanguage":"es","potentialAction":[{"@type":"ReadAction","target":["https:\/\/www.iplay.com\/es\/games\/christmas-fables-the-wishing-store-collectors-edition\/"]}]},{"@type":"ImageObject","inLanguage":"es","@id":"https:\/\/www.iplay.com\/es\/games\/christmas-fables-the-wishing-store-collectors-edition\/#primaryimage","url":"https:\/\/www.iplay.com\/wp-content\/uploads\/2024\/12\/christmas_fables_-_the_wishing_store_ce_large_video_screenshot.webp","contentUrl":"https:\/\/www.iplay.com\/wp-content\/uploads\/2024\/12\/christmas_fables_-_the_wishing_store_ce_large_video_screenshot.webp","width":715,"height":485},{"@type":"BreadcrumbList","@id":"https:\/\/www.iplay.com\/es\/games\/christmas-fables-the-wishing-store-collectors-edition\/#breadcrumb","itemListElement":[{"@type":"ListItem","position":1,"name":"Home","item":"https:\/\/www.iplay.com\/es\/home-page-2\/"},{"@type":"ListItem","position":2,"name":"Shop","item":"https:\/\/www.iplay.com\/en\/shop\/"},{"@type":"ListItem","position":3,"name":"Christmas Fables: The Wishing Store Collector&#8217;s Edition"}]},{"@type":"WebSite","@id":"https:\/\/www.iplay.com\/en\/#website","url":"https:\/\/www.iplay.com\/en\/","name":"IPlay","description":"The Best Casual Games!","publisher":{"@id":"https:\/\/www.iplay.com\/en\/#organization"},"potentialAction":[{"@type":"SearchAction","target":{"@type":"EntryPoint","urlTemplate":"https:\/\/www.iplay.com\/en\/?s={search_term_string}"},"query-input":{"@type":"PropertyValueSpecification","valueRequired":true,"valueName":"search_term_string"}}],"inLanguage":"es"},{"@type":"Organization","@id":"https:\/\/www.iplay.com\/en\/#organization","name":"IPlay","url":"https:\/\/www.iplay.com\/en\/","logo":{"@type":"ImageObject","inLanguage":"es","@id":"https:\/\/www.iplay.com\/en\/#\/schema\/logo\/image\/","url":"https:\/\/www.iplay.com\/wp-content\/uploads\/2023\/11\/Group-6100.svg","contentUrl":"https:\/\/www.iplay.com\/wp-content\/uploads\/2023\/11\/Group-6100.svg","width":98,"height":25,"caption":"IPlay"},"image":{"@id":"https:\/\/www.iplay.com\/en\/#\/schema\/logo\/image\/"}}]}},"_links":{"self":[{"href":"https:\/\/www.iplay.com\/es\/wp-json\/wp\/v2\/product\/40792","targetHints":{"allow":["GET"]}}],"collection":[{"href":"https:\/\/www.iplay.com\/es\/wp-json\/wp\/v2\/product"}],"about":[{"href":"https:\/\/www.iplay.com\/es\/wp-json\/wp\/v2\/types\/product"}],"author":[{"embeddable":true,"href":"https:\/\/www.iplay.com\/es\/wp-json\/wp\/v2\/users\/52"}],"replies":[{"embeddable":true,"href":"https:\/\/www.iplay.com\/es\/wp-json\/wp\/v2\/comments?post=40792"}],"wp:featuredmedia":[{"embeddable":true,"href":"https:\/\/www.iplay.com\/es\/wp-json\/wp\/v2\/media\/40797"}],"wp:attachment":[{"href":"https:\/\/www.iplay.com\/es\/wp-json\/wp\/v2\/media?parent=40792"}],"wp:term":[{"taxonomy":"product_brand","embeddable":true,"href":"https:\/\/www.iplay.com\/es\/wp-json\/wp\/v2\/product_brand?post=40792"},{"taxonomy":"product_cat","embeddable":true,"href":"https:\/\/www.iplay.com\/es\/wp-json\/wp\/v2\/product_cat?post=40792"},{"taxonomy":"product_tag","embeddable":true,"href":"https:\/\/www.iplay.com\/es\/wp-json\/wp\/v2\/product_tag?post=40792"}],"curies":[{"name":"wp","href":"https:\/\/api.w.org\/{rel}","templated":true}]}}