{"id":40694,"date":"2019-06-29T00:00:00","date_gmt":"2019-06-29T00:00:00","guid":{"rendered":"https:\/\/www.iplay.com\/games\/travel-mosaics-8-breathtaking-seoul\/"},"modified":"2019-06-29T00:00:00","modified_gmt":"2019-06-29T00:00:00","slug":"travel-mosaics-8-breathtaking-seoul","status":"publish","type":"product","link":"https:\/\/www.iplay.com\/es\/games\/travel-mosaics-8-breathtaking-seoul\/","title":{"rendered":"Travel Mosaics 8: Breathtaking Seoul"},"content":{"rendered":"<p>Para jugadores de todas las edades, Travel Mosaics es un juego educativo incre\u00edblemente encantador e inteligente. Acompa\u00f1a a la familia Walker en un recorrido por los destinos tur\u00edsticos m\u00e1s notables y conocidos de Se\u00fal. Juega el juego para descubrir una gran cantidad de informaci\u00f3n interesante, resolver desafiantes preguntas de trivia y recolectar monedas de oro y recuerdos. \u00a1Aumenta tus conocimientos mientras te diviertes! Travel Mosaics tiene 140 rompecabezas de nonogramas, que tambi\u00e9n se conocen como Picross o Griddlers. Pero a diferencia de los nonogramas tradicionales, los rompecabezas de Travel Mosaics tienen c\u00f3digos de colores. Cada problema tiene una imagen secreta semi-abstracta que tu razonamiento l\u00f3gico ser\u00e1 capaz de revelar. Los jugadores que sean persistentes y concentrados tambi\u00e9n podr\u00e1n acceder a 20 niveles de rompecabezas m\u00e1s que muestran la belleza de Soul of Asia. Travel Mosaics es un fant\u00e1stico rompecabezas para cualquiera que sienta curiosidad por el pasado de Se\u00fal o sus atracciones tur\u00edsticas. Es la capital de Corea del Sur.         <\/p>\n<p>&nbsp;<\/p>\n<p>&nbsp;<\/p>\n<p><strong>Funciones:<\/strong><\/p>\n<p>&nbsp;<\/p>\n<ul>\n<li>Un exquisito recorrido virtual por Se\u00fal, apodada el alma de Asia, que muestra sus principales atracciones<\/li>\n<li>Tres niveles de dificultad, que van desde el juego f\u00e1cil con un solo color hasta los desaf\u00edos serios con el cambio de color (hasta seis colores)<\/li>\n<li>140 nonogramas codificados por colores, 20 nonogramas adicionales + 20 rompecabezas adicionales<\/li>\n<li>Interesantes y exigentes preguntas de trivia sobre la capital de Corea del Sur<\/li>\n<li>Misteriosas im\u00e1genes semi-abstractas que se revelar\u00e1n en cada nivel<\/li>\n<li>Un mont\u00f3n de diversi\u00f3n y una buena cantidad de conocimientos de entretenimiento educativo<\/li>\n<\/ul>\n","protected":false},"excerpt":{"rendered":"<p>\u00a1Ve a dar un paseo por Se\u00fal con la familia Walker! Mosaicos de viaje 8: Magn\u00edfica Se\u00fal <\/p>\n","protected":false},"author":14,"featured_media":40698,"comment_status":"open","ping_status":"closed","template":"","meta":{"_acf_changed":false,"inline_featured_image":false},"product_brand":[],"product_cat":[192],"product_tag":[],"class_list":{"0":"post-40694","1":"product","2":"type-product","3":"status-publish","4":"has-post-thumbnail","6":"product_cat-puzzle-es","8":"first","9":"instock","10":"shipping-taxable","11":"purchasable","12":"product-type-simple"},"acf":[],"yoast_head":"<!-- This site is optimized with the Yoast SEO Premium plugin v25.2 (Yoast SEO v25.2) - https:\/\/yoast.com\/wordpress\/plugins\/seo\/ -->\n<title>Mosaicos de Viaje 8: Impresionante Se\u00fal - Recorre Se\u00fal con la familia Walker en Mosaicos de Viaje 8<\/title>\n<meta name=\"description\" content=\"\u00a1Ve a dar un paseo por Se\u00fal con la familia Walker! Mosaicos de viaje 8: Magn\u00edfica Se\u00fal\" \/>\n<meta name=\"robots\" content=\"index, follow, max-snippet:-1, max-image-preview:large, max-video-preview:-1\" \/>\n<link rel=\"canonical\" href=\"https:\/\/www.iplay.com\/es\/games\/travel-mosaics-8-breathtaking-seoul\/\" \/>\n<meta property=\"og:locale\" content=\"es_ES\" \/>\n<meta property=\"og:type\" content=\"article\" \/>\n<meta property=\"og:title\" content=\"Travel Mosaics 8: Breathtaking Seoul\" \/>\n<meta property=\"og:description\" content=\"\u00a1Ve a dar un paseo por Se\u00fal con la familia Walker! Mosaicos de viaje 8: Magn\u00edfica Se\u00fal\" \/>\n<meta property=\"og:url\" content=\"https:\/\/www.iplay.com\/es\/games\/travel-mosaics-8-breathtaking-seoul\/\" \/>\n<meta property=\"og:site_name\" content=\"IPlay\" \/>\n<meta property=\"og:image\" content=\"https:\/\/www.iplay.com\/wp-content\/uploads\/2023\/12\/large_square_tile_image-3342.jpg\" \/>\n\t<meta property=\"og:image:width\" content=\"310\" \/>\n\t<meta property=\"og:image:height\" content=\"310\" \/>\n\t<meta property=\"og:image:type\" content=\"image\/jpeg\" \/>\n<meta name=\"twitter:card\" content=\"summary_large_image\" \/>\n<meta name=\"twitter:label1\" content=\"Est. reading time\" \/>\n\t<meta name=\"twitter:data1\" content=\"1 minuto\" \/>\n<script type=\"application\/ld+json\" class=\"yoast-schema-graph\">{\"@context\":\"https:\/\/schema.org\",\"@graph\":[{\"@type\":\"WebPage\",\"@id\":\"https:\/\/www.iplay.com\/es\/games\/travel-mosaics-8-breathtaking-seoul\/\",\"url\":\"https:\/\/www.iplay.com\/es\/games\/travel-mosaics-8-breathtaking-seoul\/\",\"name\":\"Mosaicos de Viaje 8: Impresionante Se\u00fal - Recorre Se\u00fal con la familia Walker en Mosaicos de Viaje 8\",\"isPartOf\":{\"@id\":\"https:\/\/www.iplay.com\/en\/#website\"},\"primaryImageOfPage\":{\"@id\":\"https:\/\/www.iplay.com\/es\/games\/travel-mosaics-8-breathtaking-seoul\/#primaryimage\"},\"image\":{\"@id\":\"https:\/\/www.iplay.com\/es\/games\/travel-mosaics-8-breathtaking-seoul\/#primaryimage\"},\"thumbnailUrl\":\"https:\/\/www.iplay.com\/wp-content\/uploads\/2023\/12\/large_square_tile_image-3342.jpg\",\"datePublished\":\"2019-06-29T00:00:00+00:00\",\"description\":\"\u00a1Ve a dar un paseo por Se\u00fal con la familia Walker! Mosaicos de viaje 8: Magn\u00edfica Se\u00fal\",\"breadcrumb\":{\"@id\":\"https:\/\/www.iplay.com\/es\/games\/travel-mosaics-8-breathtaking-seoul\/#breadcrumb\"},\"inLanguage\":\"es\",\"potentialAction\":[{\"@type\":\"ReadAction\",\"target\":[\"https:\/\/www.iplay.com\/es\/games\/travel-mosaics-8-breathtaking-seoul\/\"]}]},{\"@type\":\"ImageObject\",\"inLanguage\":\"es\",\"@id\":\"https:\/\/www.iplay.com\/es\/games\/travel-mosaics-8-breathtaking-seoul\/#primaryimage\",\"url\":\"https:\/\/www.iplay.com\/wp-content\/uploads\/2023\/12\/large_square_tile_image-3342.jpg\",\"contentUrl\":\"https:\/\/www.iplay.com\/wp-content\/uploads\/2023\/12\/large_square_tile_image-3342.jpg\",\"width\":310,\"height\":310},{\"@type\":\"BreadcrumbList\",\"@id\":\"https:\/\/www.iplay.com\/es\/games\/travel-mosaics-8-breathtaking-seoul\/#breadcrumb\",\"itemListElement\":[{\"@type\":\"ListItem\",\"position\":1,\"name\":\"Home\",\"item\":\"https:\/\/www.iplay.com\/es\/home-page-2\/\"},{\"@type\":\"ListItem\",\"position\":2,\"name\":\"Shop\",\"item\":\"https:\/\/www.iplay.com\/en\/shop\/\"},{\"@type\":\"ListItem\",\"position\":3,\"name\":\"Travel Mosaics 8: Breathtaking Seoul\"}]},{\"@type\":\"WebSite\",\"@id\":\"https:\/\/www.iplay.com\/en\/#website\",\"url\":\"https:\/\/www.iplay.com\/en\/\",\"name\":\"IPlay\",\"description\":\"The Best Casual Games!\",\"publisher\":{\"@id\":\"https:\/\/www.iplay.com\/en\/#organization\"},\"potentialAction\":[{\"@type\":\"SearchAction\",\"target\":{\"@type\":\"EntryPoint\",\"urlTemplate\":\"https:\/\/www.iplay.com\/en\/?s={search_term_string}\"},\"query-input\":{\"@type\":\"PropertyValueSpecification\",\"valueRequired\":true,\"valueName\":\"search_term_string\"}}],\"inLanguage\":\"es\"},{\"@type\":\"Organization\",\"@id\":\"https:\/\/www.iplay.com\/en\/#organization\",\"name\":\"IPlay\",\"url\":\"https:\/\/www.iplay.com\/en\/\",\"logo\":{\"@type\":\"ImageObject\",\"inLanguage\":\"es\",\"@id\":\"https:\/\/www.iplay.com\/en\/#\/schema\/logo\/image\/\",\"url\":\"https:\/\/www.iplay.com\/wp-content\/uploads\/2023\/11\/Group-6100.svg\",\"contentUrl\":\"https:\/\/www.iplay.com\/wp-content\/uploads\/2023\/11\/Group-6100.svg\",\"width\":98,\"height\":25,\"caption\":\"IPlay\"},\"image\":{\"@id\":\"https:\/\/www.iplay.com\/en\/#\/schema\/logo\/image\/\"}}]}<\/script>\n<!-- \/ Yoast SEO Premium plugin. -->","yoast_head_json":{"title":"Mosaicos de Viaje 8: Impresionante Se\u00fal - Recorre Se\u00fal con la familia Walker en Mosaicos de Viaje 8","description":"\u00a1Ve a dar un paseo por Se\u00fal con la familia Walker! Mosaicos de viaje 8: Magn\u00edfica Se\u00fal","robots":{"index":"index","follow":"follow","max-snippet":"max-snippet:-1","max-image-preview":"max-image-preview:large","max-video-preview":"max-video-preview:-1"},"canonical":"https:\/\/www.iplay.com\/es\/games\/travel-mosaics-8-breathtaking-seoul\/","og_locale":"es_ES","og_type":"article","og_title":"Travel Mosaics 8: Breathtaking Seoul","og_description":"\u00a1Ve a dar un paseo por Se\u00fal con la familia Walker! Mosaicos de viaje 8: Magn\u00edfica Se\u00fal","og_url":"https:\/\/www.iplay.com\/es\/games\/travel-mosaics-8-breathtaking-seoul\/","og_site_name":"IPlay","og_image":[{"width":310,"height":310,"url":"https:\/\/www.iplay.com\/wp-content\/uploads\/2023\/12\/large_square_tile_image-3342.jpg","type":"image\/jpeg"}],"twitter_card":"summary_large_image","twitter_misc":{"Est. reading time":"1 minuto"},"schema":{"@context":"https:\/\/schema.org","@graph":[{"@type":"WebPage","@id":"https:\/\/www.iplay.com\/es\/games\/travel-mosaics-8-breathtaking-seoul\/","url":"https:\/\/www.iplay.com\/es\/games\/travel-mosaics-8-breathtaking-seoul\/","name":"Mosaicos de Viaje 8: Impresionante Se\u00fal - Recorre Se\u00fal con la familia Walker en Mosaicos de Viaje 8","isPartOf":{"@id":"https:\/\/www.iplay.com\/en\/#website"},"primaryImageOfPage":{"@id":"https:\/\/www.iplay.com\/es\/games\/travel-mosaics-8-breathtaking-seoul\/#primaryimage"},"image":{"@id":"https:\/\/www.iplay.com\/es\/games\/travel-mosaics-8-breathtaking-seoul\/#primaryimage"},"thumbnailUrl":"https:\/\/www.iplay.com\/wp-content\/uploads\/2023\/12\/large_square_tile_image-3342.jpg","datePublished":"2019-06-29T00:00:00+00:00","description":"\u00a1Ve a dar un paseo por Se\u00fal con la familia Walker! Mosaicos de viaje 8: Magn\u00edfica Se\u00fal","breadcrumb":{"@id":"https:\/\/www.iplay.com\/es\/games\/travel-mosaics-8-breathtaking-seoul\/#breadcrumb"},"inLanguage":"es","potentialAction":[{"@type":"ReadAction","target":["https:\/\/www.iplay.com\/es\/games\/travel-mosaics-8-breathtaking-seoul\/"]}]},{"@type":"ImageObject","inLanguage":"es","@id":"https:\/\/www.iplay.com\/es\/games\/travel-mosaics-8-breathtaking-seoul\/#primaryimage","url":"https:\/\/www.iplay.com\/wp-content\/uploads\/2023\/12\/large_square_tile_image-3342.jpg","contentUrl":"https:\/\/www.iplay.com\/wp-content\/uploads\/2023\/12\/large_square_tile_image-3342.jpg","width":310,"height":310},{"@type":"BreadcrumbList","@id":"https:\/\/www.iplay.com\/es\/games\/travel-mosaics-8-breathtaking-seoul\/#breadcrumb","itemListElement":[{"@type":"ListItem","position":1,"name":"Home","item":"https:\/\/www.iplay.com\/es\/home-page-2\/"},{"@type":"ListItem","position":2,"name":"Shop","item":"https:\/\/www.iplay.com\/en\/shop\/"},{"@type":"ListItem","position":3,"name":"Travel Mosaics 8: Breathtaking Seoul"}]},{"@type":"WebSite","@id":"https:\/\/www.iplay.com\/en\/#website","url":"https:\/\/www.iplay.com\/en\/","name":"IPlay","description":"The Best Casual Games!","publisher":{"@id":"https:\/\/www.iplay.com\/en\/#organization"},"potentialAction":[{"@type":"SearchAction","target":{"@type":"EntryPoint","urlTemplate":"https:\/\/www.iplay.com\/en\/?s={search_term_string}"},"query-input":{"@type":"PropertyValueSpecification","valueRequired":true,"valueName":"search_term_string"}}],"inLanguage":"es"},{"@type":"Organization","@id":"https:\/\/www.iplay.com\/en\/#organization","name":"IPlay","url":"https:\/\/www.iplay.com\/en\/","logo":{"@type":"ImageObject","inLanguage":"es","@id":"https:\/\/www.iplay.com\/en\/#\/schema\/logo\/image\/","url":"https:\/\/www.iplay.com\/wp-content\/uploads\/2023\/11\/Group-6100.svg","contentUrl":"https:\/\/www.iplay.com\/wp-content\/uploads\/2023\/11\/Group-6100.svg","width":98,"height":25,"caption":"IPlay"},"image":{"@id":"https:\/\/www.iplay.com\/en\/#\/schema\/logo\/image\/"}}]}},"_links":{"self":[{"href":"https:\/\/www.iplay.com\/es\/wp-json\/wp\/v2\/product\/40694","targetHints":{"allow":["GET"]}}],"collection":[{"href":"https:\/\/www.iplay.com\/es\/wp-json\/wp\/v2\/product"}],"about":[{"href":"https:\/\/www.iplay.com\/es\/wp-json\/wp\/v2\/types\/product"}],"author":[{"embeddable":true,"href":"https:\/\/www.iplay.com\/es\/wp-json\/wp\/v2\/users\/14"}],"replies":[{"embeddable":true,"href":"https:\/\/www.iplay.com\/es\/wp-json\/wp\/v2\/comments?post=40694"}],"wp:featuredmedia":[{"embeddable":true,"href":"https:\/\/www.iplay.com\/es\/wp-json\/wp\/v2\/media\/40698"}],"wp:attachment":[{"href":"https:\/\/www.iplay.com\/es\/wp-json\/wp\/v2\/media?parent=40694"}],"wp:term":[{"taxonomy":"product_brand","embeddable":true,"href":"https:\/\/www.iplay.com\/es\/wp-json\/wp\/v2\/product_brand?post=40694"},{"taxonomy":"product_cat","embeddable":true,"href":"https:\/\/www.iplay.com\/es\/wp-json\/wp\/v2\/product_cat?post=40694"},{"taxonomy":"product_tag","embeddable":true,"href":"https:\/\/www.iplay.com\/es\/wp-json\/wp\/v2\/product_tag?post=40694"}],"curies":[{"name":"wp","href":"https:\/\/api.w.org\/{rel}","templated":true}]}}