{"id":40512,"date":"2009-02-26T00:00:00","date_gmt":"2009-02-26T00:00:00","guid":{"rendered":"https:\/\/www.iplay.com\/games\/nanny-mania-2-nanny-goes-to-hollywood\/"},"modified":"2009-02-26T00:00:00","modified_gmt":"2009-02-26T00:00:00","slug":"nanny-mania-2-nanny-goes-to-hollywood","status":"publish","type":"product","link":"https:\/\/www.iplay.com\/es\/games\/nanny-mania-2-nanny-goes-to-hollywood\/","title":{"rendered":"Nanny Mania 2: Nanny Goes to Hollywood"},"content":{"rendered":"<p><b>Loco por el cuidado de ni\u00f1os<\/b> Has completado tu curso de ni\u00f1era y ahora est\u00e1s preparado para ayudar a tu escuela con la recaudaci\u00f3n de fondos. \u00a1Veinte de las residencias m\u00e1s extra\u00f1as que jam\u00e1s hayas visto son algo que nunca esperabas! Comienzas lentamente en Babysitting Mania, pero antes de que te des cuenta, estar\u00e1s lidiando con una r\u00e1faga de ni\u00f1os, fiestas de cumplea\u00f1os y enormes casas para limpiar antes de acostarte. \u00a1Con Nanny Mania 2: Hollywood, Nanny Mania est\u00e1 de vuelta para una aventura completamente nueva! Nanny visita Hollywood y te sumerge en el estilo de vida de la gente acomodada y conocida. Ser una madre que se queda en casa en Hollywood requiere mucho trabajo. \u00bfEres capaz de manejar el hogar, los ni\u00f1os y los egos mientras te defiendes de los paparazzi? \u00bfPor qu\u00e9 no probar Nanny Mania 2: Hollywood?<\/p>\n","protected":false},"excerpt":{"rendered":"<p>Ayuda en el crecimiento de esta famosa familia con Nanny Mania 2: Nanny Goes to Hollywood.<\/p>\n","protected":false},"author":1,"featured_media":40518,"comment_status":"open","ping_status":"closed","template":"","meta":{"_acf_changed":false,"inline_featured_image":false},"product_brand":[],"product_cat":[199,212],"product_tag":[288],"class_list":{"0":"post-40512","1":"product","2":"type-product","3":"status-publish","4":"has-post-thumbnail","6":"product_cat-removed-content-es","7":"product_cat-time-management-es","8":"product_tag-play-on-pc-es","10":"first","11":"instock","12":"shipping-taxable","13":"purchasable","14":"product-type-simple"},"acf":[],"yoast_head":"<!-- This site is optimized with the Yoast SEO Premium plugin v25.2 (Yoast SEO v25.2) - https:\/\/yoast.com\/wordpress\/plugins\/seo\/ -->\n<title>Nanny Mania 2: Nanny Goes to Hollywood - Ayuda a la familia de celebridades a crecer y prosperar en Hollywood<\/title>\n<meta name=\"description\" content=\"Ayuda en el crecimiento de esta famosa familia con Nanny Mania 2: Nanny Goes to Hollywood.\" \/>\n<meta name=\"robots\" content=\"index, follow, max-snippet:-1, max-image-preview:large, max-video-preview:-1\" \/>\n<link rel=\"canonical\" href=\"https:\/\/www.iplay.com\/es\/games\/nanny-mania-2-nanny-goes-to-hollywood\/\" \/>\n<meta property=\"og:locale\" content=\"es_ES\" \/>\n<meta property=\"og:type\" content=\"article\" \/>\n<meta property=\"og:title\" content=\"Nanny Mania 2: Nanny Goes to Hollywood\" \/>\n<meta property=\"og:description\" content=\"Ayuda en el crecimiento de esta famosa familia con Nanny Mania 2: Nanny Goes to Hollywood.\" \/>\n<meta property=\"og:url\" content=\"https:\/\/www.iplay.com\/es\/games\/nanny-mania-2-nanny-goes-to-hollywood\/\" \/>\n<meta property=\"og:site_name\" content=\"IPlay\" \/>\n<meta property=\"og:image\" content=\"https:\/\/www.iplay.com\/wp-content\/uploads\/2023\/12\/large_square_tile_image-467.jpg\" \/>\n\t<meta property=\"og:image:width\" content=\"310\" \/>\n\t<meta property=\"og:image:height\" content=\"310\" \/>\n\t<meta property=\"og:image:type\" content=\"image\/jpeg\" \/>\n<meta name=\"twitter:card\" content=\"summary_large_image\" \/>\n<meta name=\"twitter:label1\" content=\"Est. reading time\" \/>\n\t<meta name=\"twitter:data1\" content=\"1 minuto\" \/>\n<script type=\"application\/ld+json\" class=\"yoast-schema-graph\">{\"@context\":\"https:\/\/schema.org\",\"@graph\":[{\"@type\":\"WebPage\",\"@id\":\"https:\/\/www.iplay.com\/es\/games\/nanny-mania-2-nanny-goes-to-hollywood\/\",\"url\":\"https:\/\/www.iplay.com\/es\/games\/nanny-mania-2-nanny-goes-to-hollywood\/\",\"name\":\"Nanny Mania 2: Nanny Goes to Hollywood - Ayuda a la familia de celebridades a crecer y prosperar en Hollywood\",\"isPartOf\":{\"@id\":\"https:\/\/www.iplay.com\/en\/#website\"},\"primaryImageOfPage\":{\"@id\":\"https:\/\/www.iplay.com\/es\/games\/nanny-mania-2-nanny-goes-to-hollywood\/#primaryimage\"},\"image\":{\"@id\":\"https:\/\/www.iplay.com\/es\/games\/nanny-mania-2-nanny-goes-to-hollywood\/#primaryimage\"},\"thumbnailUrl\":\"https:\/\/www.iplay.com\/wp-content\/uploads\/2023\/12\/large_square_tile_image-467.jpg\",\"datePublished\":\"2009-02-26T00:00:00+00:00\",\"description\":\"Ayuda en el crecimiento de esta famosa familia con Nanny Mania 2: Nanny Goes to Hollywood.\",\"breadcrumb\":{\"@id\":\"https:\/\/www.iplay.com\/es\/games\/nanny-mania-2-nanny-goes-to-hollywood\/#breadcrumb\"},\"inLanguage\":\"es\",\"potentialAction\":[{\"@type\":\"ReadAction\",\"target\":[\"https:\/\/www.iplay.com\/es\/games\/nanny-mania-2-nanny-goes-to-hollywood\/\"]}]},{\"@type\":\"ImageObject\",\"inLanguage\":\"es\",\"@id\":\"https:\/\/www.iplay.com\/es\/games\/nanny-mania-2-nanny-goes-to-hollywood\/#primaryimage\",\"url\":\"https:\/\/www.iplay.com\/wp-content\/uploads\/2023\/12\/large_square_tile_image-467.jpg\",\"contentUrl\":\"https:\/\/www.iplay.com\/wp-content\/uploads\/2023\/12\/large_square_tile_image-467.jpg\",\"width\":310,\"height\":310},{\"@type\":\"BreadcrumbList\",\"@id\":\"https:\/\/www.iplay.com\/es\/games\/nanny-mania-2-nanny-goes-to-hollywood\/#breadcrumb\",\"itemListElement\":[{\"@type\":\"ListItem\",\"position\":1,\"name\":\"Home\",\"item\":\"https:\/\/www.iplay.com\/es\/home-page-2\/\"},{\"@type\":\"ListItem\",\"position\":2,\"name\":\"Shop\",\"item\":\"https:\/\/www.iplay.com\/en\/shop\/\"},{\"@type\":\"ListItem\",\"position\":3,\"name\":\"Nanny Mania 2: Nanny Goes to Hollywood\"}]},{\"@type\":\"WebSite\",\"@id\":\"https:\/\/www.iplay.com\/en\/#website\",\"url\":\"https:\/\/www.iplay.com\/en\/\",\"name\":\"IPlay\",\"description\":\"The Best Casual Games!\",\"publisher\":{\"@id\":\"https:\/\/www.iplay.com\/en\/#organization\"},\"potentialAction\":[{\"@type\":\"SearchAction\",\"target\":{\"@type\":\"EntryPoint\",\"urlTemplate\":\"https:\/\/www.iplay.com\/en\/?s={search_term_string}\"},\"query-input\":{\"@type\":\"PropertyValueSpecification\",\"valueRequired\":true,\"valueName\":\"search_term_string\"}}],\"inLanguage\":\"es\"},{\"@type\":\"Organization\",\"@id\":\"https:\/\/www.iplay.com\/en\/#organization\",\"name\":\"IPlay\",\"url\":\"https:\/\/www.iplay.com\/en\/\",\"logo\":{\"@type\":\"ImageObject\",\"inLanguage\":\"es\",\"@id\":\"https:\/\/www.iplay.com\/en\/#\/schema\/logo\/image\/\",\"url\":\"https:\/\/www.iplay.com\/wp-content\/uploads\/2023\/11\/Group-6100.svg\",\"contentUrl\":\"https:\/\/www.iplay.com\/wp-content\/uploads\/2023\/11\/Group-6100.svg\",\"width\":98,\"height\":25,\"caption\":\"IPlay\"},\"image\":{\"@id\":\"https:\/\/www.iplay.com\/en\/#\/schema\/logo\/image\/\"}}]}<\/script>\n<!-- \/ Yoast SEO Premium plugin. -->","yoast_head_json":{"title":"Nanny Mania 2: Nanny Goes to Hollywood - Ayuda a la familia de celebridades a crecer y prosperar en Hollywood","description":"Ayuda en el crecimiento de esta famosa familia con Nanny Mania 2: Nanny Goes to Hollywood.","robots":{"index":"index","follow":"follow","max-snippet":"max-snippet:-1","max-image-preview":"max-image-preview:large","max-video-preview":"max-video-preview:-1"},"canonical":"https:\/\/www.iplay.com\/es\/games\/nanny-mania-2-nanny-goes-to-hollywood\/","og_locale":"es_ES","og_type":"article","og_title":"Nanny Mania 2: Nanny Goes to Hollywood","og_description":"Ayuda en el crecimiento de esta famosa familia con Nanny Mania 2: Nanny Goes to Hollywood.","og_url":"https:\/\/www.iplay.com\/es\/games\/nanny-mania-2-nanny-goes-to-hollywood\/","og_site_name":"IPlay","og_image":[{"width":310,"height":310,"url":"https:\/\/www.iplay.com\/wp-content\/uploads\/2023\/12\/large_square_tile_image-467.jpg","type":"image\/jpeg"}],"twitter_card":"summary_large_image","twitter_misc":{"Est. reading time":"1 minuto"},"schema":{"@context":"https:\/\/schema.org","@graph":[{"@type":"WebPage","@id":"https:\/\/www.iplay.com\/es\/games\/nanny-mania-2-nanny-goes-to-hollywood\/","url":"https:\/\/www.iplay.com\/es\/games\/nanny-mania-2-nanny-goes-to-hollywood\/","name":"Nanny Mania 2: Nanny Goes to Hollywood - Ayuda a la familia de celebridades a crecer y prosperar en Hollywood","isPartOf":{"@id":"https:\/\/www.iplay.com\/en\/#website"},"primaryImageOfPage":{"@id":"https:\/\/www.iplay.com\/es\/games\/nanny-mania-2-nanny-goes-to-hollywood\/#primaryimage"},"image":{"@id":"https:\/\/www.iplay.com\/es\/games\/nanny-mania-2-nanny-goes-to-hollywood\/#primaryimage"},"thumbnailUrl":"https:\/\/www.iplay.com\/wp-content\/uploads\/2023\/12\/large_square_tile_image-467.jpg","datePublished":"2009-02-26T00:00:00+00:00","description":"Ayuda en el crecimiento de esta famosa familia con Nanny Mania 2: Nanny Goes to Hollywood.","breadcrumb":{"@id":"https:\/\/www.iplay.com\/es\/games\/nanny-mania-2-nanny-goes-to-hollywood\/#breadcrumb"},"inLanguage":"es","potentialAction":[{"@type":"ReadAction","target":["https:\/\/www.iplay.com\/es\/games\/nanny-mania-2-nanny-goes-to-hollywood\/"]}]},{"@type":"ImageObject","inLanguage":"es","@id":"https:\/\/www.iplay.com\/es\/games\/nanny-mania-2-nanny-goes-to-hollywood\/#primaryimage","url":"https:\/\/www.iplay.com\/wp-content\/uploads\/2023\/12\/large_square_tile_image-467.jpg","contentUrl":"https:\/\/www.iplay.com\/wp-content\/uploads\/2023\/12\/large_square_tile_image-467.jpg","width":310,"height":310},{"@type":"BreadcrumbList","@id":"https:\/\/www.iplay.com\/es\/games\/nanny-mania-2-nanny-goes-to-hollywood\/#breadcrumb","itemListElement":[{"@type":"ListItem","position":1,"name":"Home","item":"https:\/\/www.iplay.com\/es\/home-page-2\/"},{"@type":"ListItem","position":2,"name":"Shop","item":"https:\/\/www.iplay.com\/en\/shop\/"},{"@type":"ListItem","position":3,"name":"Nanny Mania 2: Nanny Goes to Hollywood"}]},{"@type":"WebSite","@id":"https:\/\/www.iplay.com\/en\/#website","url":"https:\/\/www.iplay.com\/en\/","name":"IPlay","description":"The Best Casual Games!","publisher":{"@id":"https:\/\/www.iplay.com\/en\/#organization"},"potentialAction":[{"@type":"SearchAction","target":{"@type":"EntryPoint","urlTemplate":"https:\/\/www.iplay.com\/en\/?s={search_term_string}"},"query-input":{"@type":"PropertyValueSpecification","valueRequired":true,"valueName":"search_term_string"}}],"inLanguage":"es"},{"@type":"Organization","@id":"https:\/\/www.iplay.com\/en\/#organization","name":"IPlay","url":"https:\/\/www.iplay.com\/en\/","logo":{"@type":"ImageObject","inLanguage":"es","@id":"https:\/\/www.iplay.com\/en\/#\/schema\/logo\/image\/","url":"https:\/\/www.iplay.com\/wp-content\/uploads\/2023\/11\/Group-6100.svg","contentUrl":"https:\/\/www.iplay.com\/wp-content\/uploads\/2023\/11\/Group-6100.svg","width":98,"height":25,"caption":"IPlay"},"image":{"@id":"https:\/\/www.iplay.com\/en\/#\/schema\/logo\/image\/"}}]}},"_links":{"self":[{"href":"https:\/\/www.iplay.com\/es\/wp-json\/wp\/v2\/product\/40512","targetHints":{"allow":["GET"]}}],"collection":[{"href":"https:\/\/www.iplay.com\/es\/wp-json\/wp\/v2\/product"}],"about":[{"href":"https:\/\/www.iplay.com\/es\/wp-json\/wp\/v2\/types\/product"}],"author":[{"embeddable":true,"href":"https:\/\/www.iplay.com\/es\/wp-json\/wp\/v2\/users\/1"}],"replies":[{"embeddable":true,"href":"https:\/\/www.iplay.com\/es\/wp-json\/wp\/v2\/comments?post=40512"}],"wp:featuredmedia":[{"embeddable":true,"href":"https:\/\/www.iplay.com\/es\/wp-json\/wp\/v2\/media\/40518"}],"wp:attachment":[{"href":"https:\/\/www.iplay.com\/es\/wp-json\/wp\/v2\/media?parent=40512"}],"wp:term":[{"taxonomy":"product_brand","embeddable":true,"href":"https:\/\/www.iplay.com\/es\/wp-json\/wp\/v2\/product_brand?post=40512"},{"taxonomy":"product_cat","embeddable":true,"href":"https:\/\/www.iplay.com\/es\/wp-json\/wp\/v2\/product_cat?post=40512"},{"taxonomy":"product_tag","embeddable":true,"href":"https:\/\/www.iplay.com\/es\/wp-json\/wp\/v2\/product_tag?post=40512"}],"curies":[{"name":"wp","href":"https:\/\/api.w.org\/{rel}","templated":true}]}}