{"id":40488,"date":"2024-10-25T10:00:13","date_gmt":"2024-10-25T10:00:13","guid":{"rendered":"https:\/\/www.iplay.com\/games\/artists-of-fortune-8-bit\/"},"modified":"2024-10-25T10:00:13","modified_gmt":"2024-10-25T10:00:13","slug":"artists-of-fortune-8-bit","status":"publish","type":"product","link":"https:\/\/www.iplay.com\/es\/games\/artists-of-fortune-8-bit\/","title":{"rendered":"Artists Of Fortune: 8-bit"},"content":{"rendered":"<p>Ad\u00e9ntrate en el cautivador mundo del pixel art de 8 bits, donde la nostalgia se une a la creatividad y da vida a im\u00e1genes impresionantes, un p\u00edxel a la vez. Este reino de la pintura de p\u00edxeles ofrece una experiencia \u00fanica y satisfactoria, combinando el encanto de los gr\u00e1ficos cl\u00e1sicos de 8 bits con la alegr\u00eda de la simplicidad de pintar por n\u00fameros. Tanto si eres un artista experimentado como un principiante, este juego te permite abrazar tu creatividad con facilidad.  <\/p>\n<p>Se invita a los jugadores a explorar una amplia variedad de escenas vibrantes, completando obras maestras pixeladas con colores elegidos a trav\u00e9s de una combinaci\u00f3n de n\u00fameros simple e intuitiva. Cada escena promete evocar una sensaci\u00f3n de nostalgia y, al mismo tiempo, proporcionar horas de diversi\u00f3n y relajaci\u00f3n. <\/p>\n<p><strong>Por qu\u00e9 este juego es perfecto para todos<\/strong><\/p>\n<p>Una de las caracter\u00edsticas m\u00e1s destacadas de esta aventura de pintura de p\u00edxeles de 8 bits es su interfaz f\u00e1cil de usar, dise\u00f1ada para que la experiencia sea agradable para todos los niveles de habilidad. Tanto si acabas de descubrir el pixel art como si has sido fan del estilo retro durante a\u00f1os, descubrir\u00e1s que cada escena es atractiva y satisfactoria de completar. Siguiendo la gu\u00eda numerada, puedes ver c\u00f3mo las intrincadas im\u00e1genes cobran vida gradualmente, p\u00edxel a p\u00edxel.  <\/p>\n<p>Para aquellos que buscan relajaci\u00f3n o una escapada meditativa, la simplicidad del sistema de pintura por n\u00fameros ofrece precisamente eso. No hay prisa, ni estr\u00e9s, solo el puro placer de llenarse de colores vibrantes y ver c\u00f3mo una imagen toma forma. Pero para aquellos que disfrutan de los desaf\u00edos, la gran variedad de escenas de pixel art brinda infinitas oportunidades para perfeccionar su t\u00e9cnica y desbloquear obras de arte hermosas y detalladas.  <\/p>\n<p><strong>Funciones<\/strong><\/p>\n<ul>\n<li>110 niveles de gr\u00e1ficos de p\u00edxeles puros<\/li>\n<li>Minimapa \u00fatil<\/li>\n<li>Utilidades pr\u00e1cticas como Filler, Blockbuster y Rainbow Crayon<\/li>\n<li>Numeraci\u00f3n alfanum\u00e9rica de color inteligente<\/li>\n<li>Animaciones fluidas y exquisitos efectos especiales<\/li>\n<li>D\u00edas de placer y disfrute<\/li>\n<\/ul>\n<p>&nbsp;<\/p>\n<p><strong>\u00bfPor qu\u00e9 deber\u00edas probar este juego?<\/strong><\/p>\n<p>El pixel art tiene un atractivo atemporal que resuena con jugadores de todas las edades, y este juego lleva esa nostalgia a la era moderna. Ya sea que est\u00e9s buscando relajarte despu\u00e9s de un largo d\u00eda, flexionar tus m\u00fasculos creativos o simplemente perderte en un relajante proyecto de pintura, este juego de pixel art de 8 bits ofrece algo para todos. <\/p>\n<p>Al combinar gr\u00e1ficos retro con mec\u00e1nicas de pintura modernas, el juego se destaca como un pasatiempo perfecto tanto para jugadores ocasionales como para artistas dedicados. No se requiere experiencia previa y la interfaz intuitiva lo hace accesible para todos, lo que garantiza que todos puedan disfrutar del proceso creativo. <\/p>\n<p>&nbsp;<\/p>\n<p><strong>Conclusi\u00f3n<\/strong><br \/>\nSi est\u00e1s listo para abrazar el mundo del pixel art y dar rienda suelta a tu creatividad, este juego de pintar por n\u00fameros es la elecci\u00f3n perfecta. Con m\u00e1s de 100 escenas de pixel art, herramientas \u00fatiles e impresionantes animaciones, promete ofrecer una experiencia atractiva y relajante para jugadores de todos los niveles. Tanto si eres un fan de los gr\u00e1ficos de estilo retro como si simplemente buscas un pasatiempo divertido y gratificante, este juego ofrece la combinaci\u00f3n perfecta de nostalgia e innovaci\u00f3n, d\u00e1ndote d\u00edas de diversi\u00f3n y satisfacci\u00f3n art\u00edstica.  <\/p>\n<p>&nbsp;<\/p>\n","protected":false},"excerpt":{"rendered":"<p>Artists Of Fortune &#8211; 8-bit &#8211; \u00a1Explora el reino donde la nostalgia y la creatividad chocan!<\/p>\n","protected":false},"author":45,"featured_media":39006,"comment_status":"open","ping_status":"closed","template":"","meta":{"_acf_changed":false,"inline_featured_image":false},"product_brand":[],"product_cat":[184],"product_tag":[288],"class_list":{"0":"post-40488","1":"product","2":"type-product","3":"status-publish","4":"has-post-thumbnail","6":"product_cat-paint-by-numbers-series-es","7":"product_tag-play-on-pc-es","9":"first","10":"instock","11":"shipping-taxable","12":"purchasable","13":"product-type-simple"},"acf":[],"yoast_head":"<!-- This site is optimized with the Yoast SEO Premium plugin v25.2 (Yoast SEO v25.2) - https:\/\/yoast.com\/wordpress\/plugins\/seo\/ -->\n<title>Artists Of Fortune: 8-bit - \u00a1Explora el reino donde la nostalgia y la creatividad chocan!<\/title>\n<meta name=\"description\" content=\"Artists Of Fortune - 8-bit - \u00a1Explora el reino donde la nostalgia y la creatividad chocan!\" \/>\n<meta name=\"robots\" content=\"index, follow, max-snippet:-1, max-image-preview:large, max-video-preview:-1\" \/>\n<link rel=\"canonical\" href=\"https:\/\/www.iplay.com\/es\/games\/artists-of-fortune-8-bit\/\" \/>\n<meta property=\"og:locale\" content=\"es_ES\" \/>\n<meta property=\"og:type\" content=\"article\" \/>\n<meta property=\"og:title\" content=\"Artists Of Fortune: 8-bit\" \/>\n<meta property=\"og:description\" content=\"Artists Of Fortune - 8-bit - \u00a1Explora el reino donde la nostalgia y la creatividad chocan!\" \/>\n<meta property=\"og:url\" content=\"https:\/\/www.iplay.com\/es\/games\/artists-of-fortune-8-bit\/\" \/>\n<meta property=\"og:site_name\" content=\"IPlay\" \/>\n<meta property=\"og:image\" content=\"https:\/\/www.iplay.com\/wp-content\/uploads\/2024\/09\/400x400-artists_of_fortune_-_8-bit_large_square_tile_image.webp\" \/>\n\t<meta property=\"og:image:width\" content=\"400\" \/>\n\t<meta property=\"og:image:height\" content=\"400\" \/>\n\t<meta property=\"og:image:type\" content=\"image\/webp\" \/>\n<meta name=\"twitter:card\" content=\"summary_large_image\" \/>\n<meta name=\"twitter:label1\" content=\"Est. reading time\" \/>\n\t<meta name=\"twitter:data1\" content=\"3 minutos\" \/>\n<script type=\"application\/ld+json\" class=\"yoast-schema-graph\">{\"@context\":\"https:\/\/schema.org\",\"@graph\":[{\"@type\":\"WebPage\",\"@id\":\"https:\/\/www.iplay.com\/es\/games\/artists-of-fortune-8-bit\/\",\"url\":\"https:\/\/www.iplay.com\/es\/games\/artists-of-fortune-8-bit\/\",\"name\":\"Artists Of Fortune: 8-bit - \u00a1Explora el reino donde la nostalgia y la creatividad chocan!\",\"isPartOf\":{\"@id\":\"https:\/\/www.iplay.com\/en\/#website\"},\"primaryImageOfPage\":{\"@id\":\"https:\/\/www.iplay.com\/es\/games\/artists-of-fortune-8-bit\/#primaryimage\"},\"image\":{\"@id\":\"https:\/\/www.iplay.com\/es\/games\/artists-of-fortune-8-bit\/#primaryimage\"},\"thumbnailUrl\":\"https:\/\/www.iplay.com\/wp-content\/uploads\/2024\/09\/400x400-artists_of_fortune_-_8-bit_large_square_tile_image.webp\",\"datePublished\":\"2024-10-25T10:00:13+00:00\",\"description\":\"Artists Of Fortune - 8-bit - \u00a1Explora el reino donde la nostalgia y la creatividad chocan!\",\"breadcrumb\":{\"@id\":\"https:\/\/www.iplay.com\/es\/games\/artists-of-fortune-8-bit\/#breadcrumb\"},\"inLanguage\":\"es\",\"potentialAction\":[{\"@type\":\"ReadAction\",\"target\":[\"https:\/\/www.iplay.com\/es\/games\/artists-of-fortune-8-bit\/\"]}]},{\"@type\":\"ImageObject\",\"inLanguage\":\"es\",\"@id\":\"https:\/\/www.iplay.com\/es\/games\/artists-of-fortune-8-bit\/#primaryimage\",\"url\":\"https:\/\/www.iplay.com\/wp-content\/uploads\/2024\/09\/400x400-artists_of_fortune_-_8-bit_large_square_tile_image.webp\",\"contentUrl\":\"https:\/\/www.iplay.com\/wp-content\/uploads\/2024\/09\/400x400-artists_of_fortune_-_8-bit_large_square_tile_image.webp\",\"width\":400,\"height\":400},{\"@type\":\"BreadcrumbList\",\"@id\":\"https:\/\/www.iplay.com\/es\/games\/artists-of-fortune-8-bit\/#breadcrumb\",\"itemListElement\":[{\"@type\":\"ListItem\",\"position\":1,\"name\":\"Home\",\"item\":\"https:\/\/www.iplay.com\/es\/home-page-2\/\"},{\"@type\":\"ListItem\",\"position\":2,\"name\":\"Shop\",\"item\":\"https:\/\/www.iplay.com\/en\/shop\/\"},{\"@type\":\"ListItem\",\"position\":3,\"name\":\"Artists Of Fortune: 8-bit\"}]},{\"@type\":\"WebSite\",\"@id\":\"https:\/\/www.iplay.com\/en\/#website\",\"url\":\"https:\/\/www.iplay.com\/en\/\",\"name\":\"IPlay\",\"description\":\"The Best Casual Games!\",\"publisher\":{\"@id\":\"https:\/\/www.iplay.com\/en\/#organization\"},\"potentialAction\":[{\"@type\":\"SearchAction\",\"target\":{\"@type\":\"EntryPoint\",\"urlTemplate\":\"https:\/\/www.iplay.com\/en\/?s={search_term_string}\"},\"query-input\":{\"@type\":\"PropertyValueSpecification\",\"valueRequired\":true,\"valueName\":\"search_term_string\"}}],\"inLanguage\":\"es\"},{\"@type\":\"Organization\",\"@id\":\"https:\/\/www.iplay.com\/en\/#organization\",\"name\":\"IPlay\",\"url\":\"https:\/\/www.iplay.com\/en\/\",\"logo\":{\"@type\":\"ImageObject\",\"inLanguage\":\"es\",\"@id\":\"https:\/\/www.iplay.com\/en\/#\/schema\/logo\/image\/\",\"url\":\"https:\/\/www.iplay.com\/wp-content\/uploads\/2023\/11\/Group-6100.svg\",\"contentUrl\":\"https:\/\/www.iplay.com\/wp-content\/uploads\/2023\/11\/Group-6100.svg\",\"width\":98,\"height\":25,\"caption\":\"IPlay\"},\"image\":{\"@id\":\"https:\/\/www.iplay.com\/en\/#\/schema\/logo\/image\/\"}}]}<\/script>\n<!-- \/ Yoast SEO Premium plugin. -->","yoast_head_json":{"title":"Artists Of Fortune: 8-bit - \u00a1Explora el reino donde la nostalgia y la creatividad chocan!","description":"Artists Of Fortune - 8-bit - \u00a1Explora el reino donde la nostalgia y la creatividad chocan!","robots":{"index":"index","follow":"follow","max-snippet":"max-snippet:-1","max-image-preview":"max-image-preview:large","max-video-preview":"max-video-preview:-1"},"canonical":"https:\/\/www.iplay.com\/es\/games\/artists-of-fortune-8-bit\/","og_locale":"es_ES","og_type":"article","og_title":"Artists Of Fortune: 8-bit","og_description":"Artists Of Fortune - 8-bit - \u00a1Explora el reino donde la nostalgia y la creatividad chocan!","og_url":"https:\/\/www.iplay.com\/es\/games\/artists-of-fortune-8-bit\/","og_site_name":"IPlay","og_image":[{"width":400,"height":400,"url":"https:\/\/www.iplay.com\/wp-content\/uploads\/2024\/09\/400x400-artists_of_fortune_-_8-bit_large_square_tile_image.webp","type":"image\/webp"}],"twitter_card":"summary_large_image","twitter_misc":{"Est. reading time":"3 minutos"},"schema":{"@context":"https:\/\/schema.org","@graph":[{"@type":"WebPage","@id":"https:\/\/www.iplay.com\/es\/games\/artists-of-fortune-8-bit\/","url":"https:\/\/www.iplay.com\/es\/games\/artists-of-fortune-8-bit\/","name":"Artists Of Fortune: 8-bit - \u00a1Explora el reino donde la nostalgia y la creatividad chocan!","isPartOf":{"@id":"https:\/\/www.iplay.com\/en\/#website"},"primaryImageOfPage":{"@id":"https:\/\/www.iplay.com\/es\/games\/artists-of-fortune-8-bit\/#primaryimage"},"image":{"@id":"https:\/\/www.iplay.com\/es\/games\/artists-of-fortune-8-bit\/#primaryimage"},"thumbnailUrl":"https:\/\/www.iplay.com\/wp-content\/uploads\/2024\/09\/400x400-artists_of_fortune_-_8-bit_large_square_tile_image.webp","datePublished":"2024-10-25T10:00:13+00:00","description":"Artists Of Fortune - 8-bit - \u00a1Explora el reino donde la nostalgia y la creatividad chocan!","breadcrumb":{"@id":"https:\/\/www.iplay.com\/es\/games\/artists-of-fortune-8-bit\/#breadcrumb"},"inLanguage":"es","potentialAction":[{"@type":"ReadAction","target":["https:\/\/www.iplay.com\/es\/games\/artists-of-fortune-8-bit\/"]}]},{"@type":"ImageObject","inLanguage":"es","@id":"https:\/\/www.iplay.com\/es\/games\/artists-of-fortune-8-bit\/#primaryimage","url":"https:\/\/www.iplay.com\/wp-content\/uploads\/2024\/09\/400x400-artists_of_fortune_-_8-bit_large_square_tile_image.webp","contentUrl":"https:\/\/www.iplay.com\/wp-content\/uploads\/2024\/09\/400x400-artists_of_fortune_-_8-bit_large_square_tile_image.webp","width":400,"height":400},{"@type":"BreadcrumbList","@id":"https:\/\/www.iplay.com\/es\/games\/artists-of-fortune-8-bit\/#breadcrumb","itemListElement":[{"@type":"ListItem","position":1,"name":"Home","item":"https:\/\/www.iplay.com\/es\/home-page-2\/"},{"@type":"ListItem","position":2,"name":"Shop","item":"https:\/\/www.iplay.com\/en\/shop\/"},{"@type":"ListItem","position":3,"name":"Artists Of Fortune: 8-bit"}]},{"@type":"WebSite","@id":"https:\/\/www.iplay.com\/en\/#website","url":"https:\/\/www.iplay.com\/en\/","name":"IPlay","description":"The Best Casual Games!","publisher":{"@id":"https:\/\/www.iplay.com\/en\/#organization"},"potentialAction":[{"@type":"SearchAction","target":{"@type":"EntryPoint","urlTemplate":"https:\/\/www.iplay.com\/en\/?s={search_term_string}"},"query-input":{"@type":"PropertyValueSpecification","valueRequired":true,"valueName":"search_term_string"}}],"inLanguage":"es"},{"@type":"Organization","@id":"https:\/\/www.iplay.com\/en\/#organization","name":"IPlay","url":"https:\/\/www.iplay.com\/en\/","logo":{"@type":"ImageObject","inLanguage":"es","@id":"https:\/\/www.iplay.com\/en\/#\/schema\/logo\/image\/","url":"https:\/\/www.iplay.com\/wp-content\/uploads\/2023\/11\/Group-6100.svg","contentUrl":"https:\/\/www.iplay.com\/wp-content\/uploads\/2023\/11\/Group-6100.svg","width":98,"height":25,"caption":"IPlay"},"image":{"@id":"https:\/\/www.iplay.com\/en\/#\/schema\/logo\/image\/"}}]}},"_links":{"self":[{"href":"https:\/\/www.iplay.com\/es\/wp-json\/wp\/v2\/product\/40488","targetHints":{"allow":["GET"]}}],"collection":[{"href":"https:\/\/www.iplay.com\/es\/wp-json\/wp\/v2\/product"}],"about":[{"href":"https:\/\/www.iplay.com\/es\/wp-json\/wp\/v2\/types\/product"}],"author":[{"embeddable":true,"href":"https:\/\/www.iplay.com\/es\/wp-json\/wp\/v2\/users\/45"}],"replies":[{"embeddable":true,"href":"https:\/\/www.iplay.com\/es\/wp-json\/wp\/v2\/comments?post=40488"}],"wp:featuredmedia":[{"embeddable":true,"href":"https:\/\/www.iplay.com\/es\/wp-json\/wp\/v2\/media\/39006"}],"wp:attachment":[{"href":"https:\/\/www.iplay.com\/es\/wp-json\/wp\/v2\/media?parent=40488"}],"wp:term":[{"taxonomy":"product_brand","embeddable":true,"href":"https:\/\/www.iplay.com\/es\/wp-json\/wp\/v2\/product_brand?post=40488"},{"taxonomy":"product_cat","embeddable":true,"href":"https:\/\/www.iplay.com\/es\/wp-json\/wp\/v2\/product_cat?post=40488"},{"taxonomy":"product_tag","embeddable":true,"href":"https:\/\/www.iplay.com\/es\/wp-json\/wp\/v2\/product_tag?post=40488"}],"curies":[{"name":"wp","href":"https:\/\/api.w.org\/{rel}","templated":true}]}}