{"id":40478,"date":"2024-01-01T00:00:40","date_gmt":"2024-01-01T00:00:40","guid":{"rendered":"https:\/\/www.iplay.com\/games\/the-top-3-of-2023\/"},"modified":"2024-01-01T00:00:40","modified_gmt":"2024-01-01T00:00:40","slug":"the-top-3-of-2023","status":"publish","type":"product","link":"https:\/\/www.iplay.com\/es\/games\/the-top-3-of-2023\/","title":{"rendered":"The Top 3 of 2023"},"content":{"rendered":"<p>\u00a1Explora los 3 mejores juegos de 2023!<\/p>\n<p>&nbsp;<\/p>\n<p><strong>Clutter RefleXIVe &#8211; The Diceman Cometh Collector&#8217;s Edition<\/strong> &#8211; \u00a1El Clutter m\u00e1s divertido y dif\u00edcil hasta ahora! \u00a1M\u00e1s de 2800 rompecabezas para mantenerte entretenido durante d\u00edas! <\/p>\n<p>&nbsp;<\/p>\n<p><strong>Jewel<\/strong> <strong>Match Solitaire X Collector&#8217;s Edition<\/strong> &#8211; \u00a1Emb\u00e1rcate en una aventura de solitario, podr\u00e1s explorar un universo fascinante!<\/p>\n<p>&nbsp;<\/p>\n<p>\u00bfO puedes salvar a la Tierra del peligro de la Inmortalidad? en <strong>Rescue Team 15: Mineral Of Miracles Edici\u00f3n Coleccionista<\/strong><\/p>\n<p>&nbsp;<\/p>\n<p><strong>Funciones:<\/strong><\/p>\n<p>&nbsp;<\/p>\n<p>&#8211; Los 3 mejores juegos de 2023 en 1 paquete individual<\/p>\n<p>&#8211; En Clutter RefleXIVe enfrenta m\u00e1s de 2,800 niveles y cientos de rompecabezas de fotos frescas y rompecabezas de citas de caja<\/p>\n<p>&#8211; En Jewel Match Solitaire X puedes superar m\u00e1s de 1.000 niveles de Solitario con 6 juegos de Solitario cl\u00e1sicos, 18 variantes de Solitario adicionales y 120 niveles de Mahjong de bonificaci\u00f3n rejugables.<\/p>\n<p>&#8211; En Rescue Team 15, enfr\u00e9ntate a 50 niveles y al exclusivo cap\u00edtulo de bonificaci\u00f3n CE con 15 niveles adicionales.<\/p>\n","protected":false},"excerpt":{"rendered":"<p>\u00a1Explora los 3 mejores juegos de 2023!<\/p>\n","protected":false},"author":11,"featured_media":40483,"comment_status":"open","ping_status":"closed","template":"","meta":{"_acf_changed":false,"inline_featured_image":false},"product_brand":[],"product_cat":[154,159,209,212],"product_tag":[288],"class_list":{"0":"post-40478","1":"product","2":"type-product","3":"status-publish","4":"has-post-thumbnail","6":"product_cat-card-es","7":"product_cat-clutter-series-es","8":"product_cat-solitaire-es","9":"product_cat-time-management-es","10":"product_tag-play-on-pc-es","12":"first","13":"instock","14":"shipping-taxable","15":"purchasable","16":"product-type-simple"},"acf":[],"yoast_head":"<!-- This site is optimized with the Yoast SEO Premium plugin v25.2 (Yoast SEO v25.2) - https:\/\/yoast.com\/wordpress\/plugins\/seo\/ -->\n<title>Los 3 mejores de 2023 - Explora los 3 mejores juegos de 2023<\/title>\n<meta name=\"description\" content=\"\u00a1Explora los 3 mejores juegos de 2023!\" \/>\n<meta name=\"robots\" content=\"index, follow, max-snippet:-1, max-image-preview:large, max-video-preview:-1\" \/>\n<link rel=\"canonical\" href=\"https:\/\/www.iplay.com\/es\/games\/the-top-3-of-2023\/\" \/>\n<meta property=\"og:locale\" content=\"es_ES\" \/>\n<meta property=\"og:type\" content=\"article\" \/>\n<meta property=\"og:title\" content=\"The Top 3 of 2023\" \/>\n<meta property=\"og:description\" content=\"\u00a1Explora los 3 mejores juegos de 2023!\" \/>\n<meta property=\"og:url\" content=\"https:\/\/www.iplay.com\/es\/games\/the-top-3-of-2023\/\" \/>\n<meta property=\"og:site_name\" content=\"IPlay\" \/>\n<meta property=\"og:image\" content=\"https:\/\/www.iplay.com\/wp-content\/uploads\/2024\/01\/400x400-the_top_3_of_2023_large_square_tile_image.webp\" \/>\n\t<meta property=\"og:image:width\" content=\"400\" \/>\n\t<meta property=\"og:image:height\" content=\"400\" \/>\n\t<meta property=\"og:image:type\" content=\"image\/webp\" \/>\n<meta name=\"twitter:card\" content=\"summary_large_image\" \/>\n<meta name=\"twitter:label1\" content=\"Est. reading time\" \/>\n\t<meta name=\"twitter:data1\" content=\"1 minuto\" \/>\n<script type=\"application\/ld+json\" class=\"yoast-schema-graph\">{\"@context\":\"https:\/\/schema.org\",\"@graph\":[{\"@type\":\"WebPage\",\"@id\":\"https:\/\/www.iplay.com\/es\/games\/the-top-3-of-2023\/\",\"url\":\"https:\/\/www.iplay.com\/es\/games\/the-top-3-of-2023\/\",\"name\":\"Los 3 mejores de 2023 - Explora los 3 mejores juegos de 2023\",\"isPartOf\":{\"@id\":\"https:\/\/www.iplay.com\/en\/#website\"},\"primaryImageOfPage\":{\"@id\":\"https:\/\/www.iplay.com\/es\/games\/the-top-3-of-2023\/#primaryimage\"},\"image\":{\"@id\":\"https:\/\/www.iplay.com\/es\/games\/the-top-3-of-2023\/#primaryimage\"},\"thumbnailUrl\":\"https:\/\/www.iplay.com\/wp-content\/uploads\/2024\/01\/400x400-the_top_3_of_2023_large_square_tile_image.webp\",\"datePublished\":\"2024-01-01T00:00:40+00:00\",\"description\":\"\u00a1Explora los 3 mejores juegos de 2023!\",\"breadcrumb\":{\"@id\":\"https:\/\/www.iplay.com\/es\/games\/the-top-3-of-2023\/#breadcrumb\"},\"inLanguage\":\"es\",\"potentialAction\":[{\"@type\":\"ReadAction\",\"target\":[\"https:\/\/www.iplay.com\/es\/games\/the-top-3-of-2023\/\"]}]},{\"@type\":\"ImageObject\",\"inLanguage\":\"es\",\"@id\":\"https:\/\/www.iplay.com\/es\/games\/the-top-3-of-2023\/#primaryimage\",\"url\":\"https:\/\/www.iplay.com\/wp-content\/uploads\/2024\/01\/400x400-the_top_3_of_2023_large_square_tile_image.webp\",\"contentUrl\":\"https:\/\/www.iplay.com\/wp-content\/uploads\/2024\/01\/400x400-the_top_3_of_2023_large_square_tile_image.webp\",\"width\":400,\"height\":400},{\"@type\":\"BreadcrumbList\",\"@id\":\"https:\/\/www.iplay.com\/es\/games\/the-top-3-of-2023\/#breadcrumb\",\"itemListElement\":[{\"@type\":\"ListItem\",\"position\":1,\"name\":\"Home\",\"item\":\"https:\/\/www.iplay.com\/es\/home-page-2\/\"},{\"@type\":\"ListItem\",\"position\":2,\"name\":\"Shop\",\"item\":\"https:\/\/www.iplay.com\/en\/shop\/\"},{\"@type\":\"ListItem\",\"position\":3,\"name\":\"The Top 3 of 2023\"}]},{\"@type\":\"WebSite\",\"@id\":\"https:\/\/www.iplay.com\/en\/#website\",\"url\":\"https:\/\/www.iplay.com\/en\/\",\"name\":\"IPlay\",\"description\":\"The Best Casual Games!\",\"publisher\":{\"@id\":\"https:\/\/www.iplay.com\/en\/#organization\"},\"potentialAction\":[{\"@type\":\"SearchAction\",\"target\":{\"@type\":\"EntryPoint\",\"urlTemplate\":\"https:\/\/www.iplay.com\/en\/?s={search_term_string}\"},\"query-input\":{\"@type\":\"PropertyValueSpecification\",\"valueRequired\":true,\"valueName\":\"search_term_string\"}}],\"inLanguage\":\"es\"},{\"@type\":\"Organization\",\"@id\":\"https:\/\/www.iplay.com\/en\/#organization\",\"name\":\"IPlay\",\"url\":\"https:\/\/www.iplay.com\/en\/\",\"logo\":{\"@type\":\"ImageObject\",\"inLanguage\":\"es\",\"@id\":\"https:\/\/www.iplay.com\/en\/#\/schema\/logo\/image\/\",\"url\":\"https:\/\/www.iplay.com\/wp-content\/uploads\/2023\/11\/Group-6100.svg\",\"contentUrl\":\"https:\/\/www.iplay.com\/wp-content\/uploads\/2023\/11\/Group-6100.svg\",\"width\":98,\"height\":25,\"caption\":\"IPlay\"},\"image\":{\"@id\":\"https:\/\/www.iplay.com\/en\/#\/schema\/logo\/image\/\"}}]}<\/script>\n<!-- \/ Yoast SEO Premium plugin. -->","yoast_head_json":{"title":"Los 3 mejores de 2023 - Explora los 3 mejores juegos de 2023","description":"\u00a1Explora los 3 mejores juegos de 2023!","robots":{"index":"index","follow":"follow","max-snippet":"max-snippet:-1","max-image-preview":"max-image-preview:large","max-video-preview":"max-video-preview:-1"},"canonical":"https:\/\/www.iplay.com\/es\/games\/the-top-3-of-2023\/","og_locale":"es_ES","og_type":"article","og_title":"The Top 3 of 2023","og_description":"\u00a1Explora los 3 mejores juegos de 2023!","og_url":"https:\/\/www.iplay.com\/es\/games\/the-top-3-of-2023\/","og_site_name":"IPlay","og_image":[{"width":400,"height":400,"url":"https:\/\/www.iplay.com\/wp-content\/uploads\/2024\/01\/400x400-the_top_3_of_2023_large_square_tile_image.webp","type":"image\/webp"}],"twitter_card":"summary_large_image","twitter_misc":{"Est. reading time":"1 minuto"},"schema":{"@context":"https:\/\/schema.org","@graph":[{"@type":"WebPage","@id":"https:\/\/www.iplay.com\/es\/games\/the-top-3-of-2023\/","url":"https:\/\/www.iplay.com\/es\/games\/the-top-3-of-2023\/","name":"Los 3 mejores de 2023 - Explora los 3 mejores juegos de 2023","isPartOf":{"@id":"https:\/\/www.iplay.com\/en\/#website"},"primaryImageOfPage":{"@id":"https:\/\/www.iplay.com\/es\/games\/the-top-3-of-2023\/#primaryimage"},"image":{"@id":"https:\/\/www.iplay.com\/es\/games\/the-top-3-of-2023\/#primaryimage"},"thumbnailUrl":"https:\/\/www.iplay.com\/wp-content\/uploads\/2024\/01\/400x400-the_top_3_of_2023_large_square_tile_image.webp","datePublished":"2024-01-01T00:00:40+00:00","description":"\u00a1Explora los 3 mejores juegos de 2023!","breadcrumb":{"@id":"https:\/\/www.iplay.com\/es\/games\/the-top-3-of-2023\/#breadcrumb"},"inLanguage":"es","potentialAction":[{"@type":"ReadAction","target":["https:\/\/www.iplay.com\/es\/games\/the-top-3-of-2023\/"]}]},{"@type":"ImageObject","inLanguage":"es","@id":"https:\/\/www.iplay.com\/es\/games\/the-top-3-of-2023\/#primaryimage","url":"https:\/\/www.iplay.com\/wp-content\/uploads\/2024\/01\/400x400-the_top_3_of_2023_large_square_tile_image.webp","contentUrl":"https:\/\/www.iplay.com\/wp-content\/uploads\/2024\/01\/400x400-the_top_3_of_2023_large_square_tile_image.webp","width":400,"height":400},{"@type":"BreadcrumbList","@id":"https:\/\/www.iplay.com\/es\/games\/the-top-3-of-2023\/#breadcrumb","itemListElement":[{"@type":"ListItem","position":1,"name":"Home","item":"https:\/\/www.iplay.com\/es\/home-page-2\/"},{"@type":"ListItem","position":2,"name":"Shop","item":"https:\/\/www.iplay.com\/en\/shop\/"},{"@type":"ListItem","position":3,"name":"The Top 3 of 2023"}]},{"@type":"WebSite","@id":"https:\/\/www.iplay.com\/en\/#website","url":"https:\/\/www.iplay.com\/en\/","name":"IPlay","description":"The Best Casual Games!","publisher":{"@id":"https:\/\/www.iplay.com\/en\/#organization"},"potentialAction":[{"@type":"SearchAction","target":{"@type":"EntryPoint","urlTemplate":"https:\/\/www.iplay.com\/en\/?s={search_term_string}"},"query-input":{"@type":"PropertyValueSpecification","valueRequired":true,"valueName":"search_term_string"}}],"inLanguage":"es"},{"@type":"Organization","@id":"https:\/\/www.iplay.com\/en\/#organization","name":"IPlay","url":"https:\/\/www.iplay.com\/en\/","logo":{"@type":"ImageObject","inLanguage":"es","@id":"https:\/\/www.iplay.com\/en\/#\/schema\/logo\/image\/","url":"https:\/\/www.iplay.com\/wp-content\/uploads\/2023\/11\/Group-6100.svg","contentUrl":"https:\/\/www.iplay.com\/wp-content\/uploads\/2023\/11\/Group-6100.svg","width":98,"height":25,"caption":"IPlay"},"image":{"@id":"https:\/\/www.iplay.com\/en\/#\/schema\/logo\/image\/"}}]}},"_links":{"self":[{"href":"https:\/\/www.iplay.com\/es\/wp-json\/wp\/v2\/product\/40478","targetHints":{"allow":["GET"]}}],"collection":[{"href":"https:\/\/www.iplay.com\/es\/wp-json\/wp\/v2\/product"}],"about":[{"href":"https:\/\/www.iplay.com\/es\/wp-json\/wp\/v2\/types\/product"}],"author":[{"embeddable":true,"href":"https:\/\/www.iplay.com\/es\/wp-json\/wp\/v2\/users\/11"}],"replies":[{"embeddable":true,"href":"https:\/\/www.iplay.com\/es\/wp-json\/wp\/v2\/comments?post=40478"}],"wp:featuredmedia":[{"embeddable":true,"href":"https:\/\/www.iplay.com\/es\/wp-json\/wp\/v2\/media\/40483"}],"wp:attachment":[{"href":"https:\/\/www.iplay.com\/es\/wp-json\/wp\/v2\/media?parent=40478"}],"wp:term":[{"taxonomy":"product_brand","embeddable":true,"href":"https:\/\/www.iplay.com\/es\/wp-json\/wp\/v2\/product_brand?post=40478"},{"taxonomy":"product_cat","embeddable":true,"href":"https:\/\/www.iplay.com\/es\/wp-json\/wp\/v2\/product_cat?post=40478"},{"taxonomy":"product_tag","embeddable":true,"href":"https:\/\/www.iplay.com\/es\/wp-json\/wp\/v2\/product_tag?post=40478"}],"curies":[{"name":"wp","href":"https:\/\/api.w.org\/{rel}","templated":true}]}}