{"id":40444,"date":"2023-06-16T00:00:01","date_gmt":"2023-06-16T00:00:01","guid":{"rendered":"https:\/\/www.iplay.com\/games\/clutter-reflexive-the-diceman-cometh-collectors-edition\/"},"modified":"2023-06-16T00:00:01","modified_gmt":"2023-06-16T00:00:01","slug":"clutter-reflexive-the-diceman-cometh-collectors-edition","status":"publish","type":"product","link":"https:\/\/www.iplay.com\/es\/games\/clutter-reflexive-the-diceman-cometh-collectors-edition\/","title":{"rendered":"Clutter RefleXIVe &#8211; The Diceman Cometh Collector&#8217;s Edition"},"content":{"rendered":"<p>Con m\u00e1s de 2800 problemas, este es el desorden m\u00e1s dif\u00edcil y agradable hasta ahora que te mantendr\u00e1 ocupado durante d\u00edas y d\u00edas. Una b\u00fasqueda para recordar con tantos nuevos tipos de Clutter mezclados con viejos favoritos. Hay un 15% m\u00e1s de rompecabezas y recursos complementarios en esta Edici\u00f3n de Coleccionista. Crazy Singletons, Circular Absticata y la popular variante Box Songs est\u00e1n incluidos en el \u00e1rea de bonificaci\u00f3n. Como de costumbre, los niveles de Clutter son bastante rejugables y adictivos. Adem\u00e1s, hay rompecabezas cuadrados, controles deslizantes y citas de caja con un toque fresco. Recuerde tambi\u00e9n resolver los rompecabezas de dados e iconos. Nunca antes Clutter hab\u00eda sido tan duro y divertido. Puedes jugar a Clutter como quieras, seg\u00fan las posibilidades habituales. Puedes almacenar los rompecabezas que quieras jugar repetidamente agreg\u00e1ndolos a tus Favoritos.         <\/p>\n<p>&nbsp;<\/p>\n<p><strong>Funciones:<\/strong><\/p>\n<ul>\n<li>Varios modos de juego nuevos y nuevos conjuntos de objetos<\/li>\n<li>Una desafiante misi\u00f3n principal con m\u00e1s de 2800 niveles<\/li>\n<li>Una misi\u00f3n de dados excepcionalmente desafiante con una b\u00fasqueda de la vieja escuela sin movimiento<\/li>\n<li>Innumerables rompecabezas de im\u00e1genes completamente nuevos y rompecabezas de citas de caja<\/li>\n<li>Los niveles generados aleatoriamente sugieren que puedes jugarlos una y otra vez.<\/li>\n<li>Una m\u00fasica excepcional adicional con un toque cinematogr\u00e1fico.<\/li>\n<\/ul>\n<p>&nbsp;<\/p>\n<p>Si disfrutaste de este juego de Clutter, \u00bfpor qu\u00e9 no echas un vistazo a todos los dem\u00e1s juegos de la serie Clutter <a href=\"\/en?product_tag=clutter-series\">AQU\u00cd<\/a><\/p>\n","protected":false},"excerpt":{"rendered":"<p>El desorden m\u00e1s dif\u00edcil y divertido hasta ahora: \u00a1m\u00e1s de 2800 rompecabezas para pasar el tiempo durante el d\u00eda!<\/p>\n","protected":false},"author":41,"featured_media":40446,"comment_status":"open","ping_status":"closed","template":"","meta":{"_acf_changed":false,"inline_featured_image":false},"product_brand":[],"product_cat":[159,166],"product_tag":[288],"class_list":{"0":"post-40444","1":"product","2":"type-product","3":"status-publish","4":"has-post-thumbnail","6":"product_cat-clutter-series-es","7":"product_cat-hidden-object-es","8":"product_tag-play-on-pc-es","10":"first","11":"instock","12":"shipping-taxable","13":"purchasable","14":"product-type-simple"},"acf":[],"yoast_head":"<!-- This site is optimized with the Yoast SEO Premium plugin v25.2 (Yoast SEO v25.2) - https:\/\/yoast.com\/wordpress\/plugins\/seo\/ -->\n<title>Clutter RefleXIVe - The Diceman Cometh Collector&#039;s Edition - Desorden todav\u00eda, con m\u00e1s de 2800 rompecabezas para un entretenimiento sin fin<\/title>\n<meta name=\"description\" content=\"El desorden m\u00e1s dif\u00edcil y divertido hasta ahora: \u00a1m\u00e1s de 2800 rompecabezas para pasar el tiempo durante el d\u00eda!\" \/>\n<meta name=\"robots\" content=\"index, follow, max-snippet:-1, max-image-preview:large, max-video-preview:-1\" \/>\n<link rel=\"canonical\" href=\"https:\/\/www.iplay.com\/es\/games\/clutter-reflexive-the-diceman-cometh-collectors-edition\/\" \/>\n<meta property=\"og:locale\" content=\"es_ES\" \/>\n<meta property=\"og:type\" content=\"article\" \/>\n<meta property=\"og:title\" content=\"Clutter RefleXIVe - The Diceman Cometh Collector&#039;s Edition\" \/>\n<meta property=\"og:description\" content=\"El desorden m\u00e1s dif\u00edcil y divertido hasta ahora: \u00a1m\u00e1s de 2800 rompecabezas para pasar el tiempo durante el d\u00eda!\" \/>\n<meta property=\"og:url\" content=\"https:\/\/www.iplay.com\/es\/games\/clutter-reflexive-the-diceman-cometh-collectors-edition\/\" \/>\n<meta property=\"og:site_name\" content=\"IPlay\" \/>\n<meta property=\"og:image\" content=\"https:\/\/www.iplay.com\/wp-content\/uploads\/2023\/12\/large_square_tile_image-2060.jpg\" \/>\n\t<meta property=\"og:image:width\" content=\"310\" \/>\n\t<meta property=\"og:image:height\" content=\"310\" \/>\n\t<meta property=\"og:image:type\" content=\"image\/jpeg\" \/>\n<meta name=\"twitter:card\" content=\"summary_large_image\" \/>\n<meta name=\"twitter:label1\" content=\"Est. reading time\" \/>\n\t<meta name=\"twitter:data1\" content=\"1 minuto\" \/>\n<script type=\"application\/ld+json\" class=\"yoast-schema-graph\">{\"@context\":\"https:\/\/schema.org\",\"@graph\":[{\"@type\":\"WebPage\",\"@id\":\"https:\/\/www.iplay.com\/es\/games\/clutter-reflexive-the-diceman-cometh-collectors-edition\/\",\"url\":\"https:\/\/www.iplay.com\/es\/games\/clutter-reflexive-the-diceman-cometh-collectors-edition\/\",\"name\":\"Clutter RefleXIVe - The Diceman Cometh Collector's Edition - Desorden todav\u00eda, con m\u00e1s de 2800 rompecabezas para un entretenimiento sin fin\",\"isPartOf\":{\"@id\":\"https:\/\/www.iplay.com\/en\/#website\"},\"primaryImageOfPage\":{\"@id\":\"https:\/\/www.iplay.com\/es\/games\/clutter-reflexive-the-diceman-cometh-collectors-edition\/#primaryimage\"},\"image\":{\"@id\":\"https:\/\/www.iplay.com\/es\/games\/clutter-reflexive-the-diceman-cometh-collectors-edition\/#primaryimage\"},\"thumbnailUrl\":\"https:\/\/www.iplay.com\/wp-content\/uploads\/2023\/12\/large_square_tile_image-2060.jpg\",\"datePublished\":\"2023-06-16T00:00:01+00:00\",\"description\":\"El desorden m\u00e1s dif\u00edcil y divertido hasta ahora: \u00a1m\u00e1s de 2800 rompecabezas para pasar el tiempo durante el d\u00eda!\",\"breadcrumb\":{\"@id\":\"https:\/\/www.iplay.com\/es\/games\/clutter-reflexive-the-diceman-cometh-collectors-edition\/#breadcrumb\"},\"inLanguage\":\"es\",\"potentialAction\":[{\"@type\":\"ReadAction\",\"target\":[\"https:\/\/www.iplay.com\/es\/games\/clutter-reflexive-the-diceman-cometh-collectors-edition\/\"]}]},{\"@type\":\"ImageObject\",\"inLanguage\":\"es\",\"@id\":\"https:\/\/www.iplay.com\/es\/games\/clutter-reflexive-the-diceman-cometh-collectors-edition\/#primaryimage\",\"url\":\"https:\/\/www.iplay.com\/wp-content\/uploads\/2023\/12\/large_square_tile_image-2060.jpg\",\"contentUrl\":\"https:\/\/www.iplay.com\/wp-content\/uploads\/2023\/12\/large_square_tile_image-2060.jpg\",\"width\":310,\"height\":310},{\"@type\":\"BreadcrumbList\",\"@id\":\"https:\/\/www.iplay.com\/es\/games\/clutter-reflexive-the-diceman-cometh-collectors-edition\/#breadcrumb\",\"itemListElement\":[{\"@type\":\"ListItem\",\"position\":1,\"name\":\"Home\",\"item\":\"https:\/\/www.iplay.com\/es\/home-page-2\/\"},{\"@type\":\"ListItem\",\"position\":2,\"name\":\"Shop\",\"item\":\"https:\/\/www.iplay.com\/en\/shop\/\"},{\"@type\":\"ListItem\",\"position\":3,\"name\":\"Clutter RefleXIVe &#8211; The Diceman Cometh Collector&#8217;s Edition\"}]},{\"@type\":\"WebSite\",\"@id\":\"https:\/\/www.iplay.com\/en\/#website\",\"url\":\"https:\/\/www.iplay.com\/en\/\",\"name\":\"IPlay\",\"description\":\"The Best Casual Games!\",\"publisher\":{\"@id\":\"https:\/\/www.iplay.com\/en\/#organization\"},\"potentialAction\":[{\"@type\":\"SearchAction\",\"target\":{\"@type\":\"EntryPoint\",\"urlTemplate\":\"https:\/\/www.iplay.com\/en\/?s={search_term_string}\"},\"query-input\":{\"@type\":\"PropertyValueSpecification\",\"valueRequired\":true,\"valueName\":\"search_term_string\"}}],\"inLanguage\":\"es\"},{\"@type\":\"Organization\",\"@id\":\"https:\/\/www.iplay.com\/en\/#organization\",\"name\":\"IPlay\",\"url\":\"https:\/\/www.iplay.com\/en\/\",\"logo\":{\"@type\":\"ImageObject\",\"inLanguage\":\"es\",\"@id\":\"https:\/\/www.iplay.com\/en\/#\/schema\/logo\/image\/\",\"url\":\"https:\/\/www.iplay.com\/wp-content\/uploads\/2023\/11\/Group-6100.svg\",\"contentUrl\":\"https:\/\/www.iplay.com\/wp-content\/uploads\/2023\/11\/Group-6100.svg\",\"width\":98,\"height\":25,\"caption\":\"IPlay\"},\"image\":{\"@id\":\"https:\/\/www.iplay.com\/en\/#\/schema\/logo\/image\/\"}}]}<\/script>\n<!-- \/ Yoast SEO Premium plugin. -->","yoast_head_json":{"title":"Clutter RefleXIVe - The Diceman Cometh Collector's Edition - Desorden todav\u00eda, con m\u00e1s de 2800 rompecabezas para un entretenimiento sin fin","description":"El desorden m\u00e1s dif\u00edcil y divertido hasta ahora: \u00a1m\u00e1s de 2800 rompecabezas para pasar el tiempo durante el d\u00eda!","robots":{"index":"index","follow":"follow","max-snippet":"max-snippet:-1","max-image-preview":"max-image-preview:large","max-video-preview":"max-video-preview:-1"},"canonical":"https:\/\/www.iplay.com\/es\/games\/clutter-reflexive-the-diceman-cometh-collectors-edition\/","og_locale":"es_ES","og_type":"article","og_title":"Clutter RefleXIVe - The Diceman Cometh Collector's Edition","og_description":"El desorden m\u00e1s dif\u00edcil y divertido hasta ahora: \u00a1m\u00e1s de 2800 rompecabezas para pasar el tiempo durante el d\u00eda!","og_url":"https:\/\/www.iplay.com\/es\/games\/clutter-reflexive-the-diceman-cometh-collectors-edition\/","og_site_name":"IPlay","og_image":[{"width":310,"height":310,"url":"https:\/\/www.iplay.com\/wp-content\/uploads\/2023\/12\/large_square_tile_image-2060.jpg","type":"image\/jpeg"}],"twitter_card":"summary_large_image","twitter_misc":{"Est. reading time":"1 minuto"},"schema":{"@context":"https:\/\/schema.org","@graph":[{"@type":"WebPage","@id":"https:\/\/www.iplay.com\/es\/games\/clutter-reflexive-the-diceman-cometh-collectors-edition\/","url":"https:\/\/www.iplay.com\/es\/games\/clutter-reflexive-the-diceman-cometh-collectors-edition\/","name":"Clutter RefleXIVe - The Diceman Cometh Collector's Edition - Desorden todav\u00eda, con m\u00e1s de 2800 rompecabezas para un entretenimiento sin fin","isPartOf":{"@id":"https:\/\/www.iplay.com\/en\/#website"},"primaryImageOfPage":{"@id":"https:\/\/www.iplay.com\/es\/games\/clutter-reflexive-the-diceman-cometh-collectors-edition\/#primaryimage"},"image":{"@id":"https:\/\/www.iplay.com\/es\/games\/clutter-reflexive-the-diceman-cometh-collectors-edition\/#primaryimage"},"thumbnailUrl":"https:\/\/www.iplay.com\/wp-content\/uploads\/2023\/12\/large_square_tile_image-2060.jpg","datePublished":"2023-06-16T00:00:01+00:00","description":"El desorden m\u00e1s dif\u00edcil y divertido hasta ahora: \u00a1m\u00e1s de 2800 rompecabezas para pasar el tiempo durante el d\u00eda!","breadcrumb":{"@id":"https:\/\/www.iplay.com\/es\/games\/clutter-reflexive-the-diceman-cometh-collectors-edition\/#breadcrumb"},"inLanguage":"es","potentialAction":[{"@type":"ReadAction","target":["https:\/\/www.iplay.com\/es\/games\/clutter-reflexive-the-diceman-cometh-collectors-edition\/"]}]},{"@type":"ImageObject","inLanguage":"es","@id":"https:\/\/www.iplay.com\/es\/games\/clutter-reflexive-the-diceman-cometh-collectors-edition\/#primaryimage","url":"https:\/\/www.iplay.com\/wp-content\/uploads\/2023\/12\/large_square_tile_image-2060.jpg","contentUrl":"https:\/\/www.iplay.com\/wp-content\/uploads\/2023\/12\/large_square_tile_image-2060.jpg","width":310,"height":310},{"@type":"BreadcrumbList","@id":"https:\/\/www.iplay.com\/es\/games\/clutter-reflexive-the-diceman-cometh-collectors-edition\/#breadcrumb","itemListElement":[{"@type":"ListItem","position":1,"name":"Home","item":"https:\/\/www.iplay.com\/es\/home-page-2\/"},{"@type":"ListItem","position":2,"name":"Shop","item":"https:\/\/www.iplay.com\/en\/shop\/"},{"@type":"ListItem","position":3,"name":"Clutter RefleXIVe &#8211; The Diceman Cometh Collector&#8217;s Edition"}]},{"@type":"WebSite","@id":"https:\/\/www.iplay.com\/en\/#website","url":"https:\/\/www.iplay.com\/en\/","name":"IPlay","description":"The Best Casual Games!","publisher":{"@id":"https:\/\/www.iplay.com\/en\/#organization"},"potentialAction":[{"@type":"SearchAction","target":{"@type":"EntryPoint","urlTemplate":"https:\/\/www.iplay.com\/en\/?s={search_term_string}"},"query-input":{"@type":"PropertyValueSpecification","valueRequired":true,"valueName":"search_term_string"}}],"inLanguage":"es"},{"@type":"Organization","@id":"https:\/\/www.iplay.com\/en\/#organization","name":"IPlay","url":"https:\/\/www.iplay.com\/en\/","logo":{"@type":"ImageObject","inLanguage":"es","@id":"https:\/\/www.iplay.com\/en\/#\/schema\/logo\/image\/","url":"https:\/\/www.iplay.com\/wp-content\/uploads\/2023\/11\/Group-6100.svg","contentUrl":"https:\/\/www.iplay.com\/wp-content\/uploads\/2023\/11\/Group-6100.svg","width":98,"height":25,"caption":"IPlay"},"image":{"@id":"https:\/\/www.iplay.com\/en\/#\/schema\/logo\/image\/"}}]}},"_links":{"self":[{"href":"https:\/\/www.iplay.com\/es\/wp-json\/wp\/v2\/product\/40444","targetHints":{"allow":["GET"]}}],"collection":[{"href":"https:\/\/www.iplay.com\/es\/wp-json\/wp\/v2\/product"}],"about":[{"href":"https:\/\/www.iplay.com\/es\/wp-json\/wp\/v2\/types\/product"}],"author":[{"embeddable":true,"href":"https:\/\/www.iplay.com\/es\/wp-json\/wp\/v2\/users\/41"}],"replies":[{"embeddable":true,"href":"https:\/\/www.iplay.com\/es\/wp-json\/wp\/v2\/comments?post=40444"}],"wp:featuredmedia":[{"embeddable":true,"href":"https:\/\/www.iplay.com\/es\/wp-json\/wp\/v2\/media\/40446"}],"wp:attachment":[{"href":"https:\/\/www.iplay.com\/es\/wp-json\/wp\/v2\/media?parent=40444"}],"wp:term":[{"taxonomy":"product_brand","embeddable":true,"href":"https:\/\/www.iplay.com\/es\/wp-json\/wp\/v2\/product_brand?post=40444"},{"taxonomy":"product_cat","embeddable":true,"href":"https:\/\/www.iplay.com\/es\/wp-json\/wp\/v2\/product_cat?post=40444"},{"taxonomy":"product_tag","embeddable":true,"href":"https:\/\/www.iplay.com\/es\/wp-json\/wp\/v2\/product_tag?post=40444"}],"curies":[{"name":"wp","href":"https:\/\/api.w.org\/{rel}","templated":true}]}}