{"id":40327,"date":"2023-09-04T00:00:00","date_gmt":"2023-09-04T00:00:00","guid":{"rendered":"https:\/\/www.iplay.com\/games\/mystery-solitaire-grimms-tales-9\/"},"modified":"2023-09-04T00:00:00","modified_gmt":"2023-09-04T00:00:00","slug":"mystery-solitaire-grimms-tales-9","status":"publish","type":"product","link":"https:\/\/www.iplay.com\/es\/games\/mystery-solitaire-grimms-tales-9\/","title":{"rendered":"Mystery Solitaire Grimms Tales 9"},"content":{"rendered":"<p>\u00a1Gente fant\u00e1stica en un entorno fant\u00e1stico! Este juego de solitario cuenta con lugares fant\u00e1sticos y escenarios cautivadores, inspirados en los cuentos de hadas de los hermanos Grimm. Hay 200 niveles en el modo de juego solitario de Tripeaks. Re\u00fane las cartas en el orden correcto para obtener acceso a las cartas doradas.   <\/p>\n<p>&nbsp;<\/p>\n<p>&nbsp;<\/p>\n<p><strong>Funciones:<\/strong><\/p>\n<p>&#8211; \u00a1Crea una cadena de cartas jugando al solitario juego de cartas!<\/p>\n<p>&#8211; \u00a1Fases emocionantes que evitan que te aburras!<\/p>\n<p>&#8211; Es posible que elijas las cartas m\u00e1s r\u00e1pidamente debido al comod\u00edn.<\/p>\n<p>&#8211; Puedes aumentar tus ganancias de monedas aumentando el multiplicador de combinaci\u00f3n.<br \/>\n&#8211; \u00a1Dise\u00f1os distintivos de camisetas de nueve cartas y mazos tem\u00e1ticos!<\/p>\n","protected":false},"excerpt":{"rendered":"<p>Usa Mystery Solitaire Grimm: Tales 9 para enfrentarte a desaf\u00edos de solitario basados en los cuentos de los hermanos Grimm<\/p>\n","protected":false},"author":13,"featured_media":40333,"comment_status":"open","ping_status":"closed","template":"","meta":{"_acf_changed":false,"inline_featured_image":false},"product_brand":[],"product_cat":[154,208],"product_tag":[288],"class_list":{"0":"post-40327","1":"product","2":"type-product","3":"status-publish","4":"has-post-thumbnail","6":"product_cat-card-es","7":"product_cat-sports-fr","8":"product_tag-play-on-pc-es","10":"first","11":"instock","12":"shipping-taxable","13":"purchasable","14":"product-type-simple"},"acf":[],"yoast_head":"<!-- This site is optimized with the Yoast SEO Premium plugin v25.2 (Yoast SEO v25.2) - https:\/\/yoast.com\/wordpress\/plugins\/seo\/ -->\n<title>Solitario Misterioso Grimm: Cuentos 9 - Desaf\u00edos de Solitario<\/title>\n<meta name=\"description\" content=\"Usa Mystery Solitaire Grimm: Tales 9 para enfrentarte a desaf\u00edos de solitario basados en los cuentos de los hermanos Grimm\" \/>\n<meta name=\"robots\" content=\"index, follow, max-snippet:-1, max-image-preview:large, max-video-preview:-1\" \/>\n<link rel=\"canonical\" href=\"https:\/\/www.iplay.com\/es\/games\/mystery-solitaire-grimms-tales-9\/\" \/>\n<meta property=\"og:locale\" content=\"es_ES\" \/>\n<meta property=\"og:type\" content=\"article\" \/>\n<meta property=\"og:title\" content=\"Mystery Solitaire Grimms Tales 9\" \/>\n<meta property=\"og:description\" content=\"Usa Mystery Solitaire Grimm: Tales 9 para enfrentarte a desaf\u00edos de solitario basados en los cuentos de los hermanos Grimm\" \/>\n<meta property=\"og:url\" content=\"https:\/\/www.iplay.com\/es\/games\/mystery-solitaire-grimms-tales-9\/\" \/>\n<meta property=\"og:site_name\" content=\"IPlay\" \/>\n<meta property=\"og:image\" content=\"https:\/\/www.iplay.com\/wp-content\/uploads\/2023\/09\/mystery_solitaire_-_grimms_tales_9_product_image.webp\" \/>\n\t<meta property=\"og:image:width\" content=\"310\" \/>\n\t<meta property=\"og:image:height\" content=\"310\" \/>\n\t<meta property=\"og:image:type\" content=\"image\/webp\" \/>\n<meta name=\"twitter:card\" content=\"summary_large_image\" \/>\n<meta name=\"twitter:label1\" content=\"Est. reading time\" \/>\n\t<meta name=\"twitter:data1\" content=\"1 minuto\" \/>\n<script type=\"application\/ld+json\" class=\"yoast-schema-graph\">{\"@context\":\"https:\/\/schema.org\",\"@graph\":[{\"@type\":\"WebPage\",\"@id\":\"https:\/\/www.iplay.com\/es\/games\/mystery-solitaire-grimms-tales-9\/\",\"url\":\"https:\/\/www.iplay.com\/es\/games\/mystery-solitaire-grimms-tales-9\/\",\"name\":\"Solitario Misterioso Grimm: Cuentos 9 - Desaf\u00edos de Solitario\",\"isPartOf\":{\"@id\":\"https:\/\/www.iplay.com\/en\/#website\"},\"primaryImageOfPage\":{\"@id\":\"https:\/\/www.iplay.com\/es\/games\/mystery-solitaire-grimms-tales-9\/#primaryimage\"},\"image\":{\"@id\":\"https:\/\/www.iplay.com\/es\/games\/mystery-solitaire-grimms-tales-9\/#primaryimage\"},\"thumbnailUrl\":\"https:\/\/www.iplay.com\/wp-content\/uploads\/2023\/09\/mystery_solitaire_-_grimms_tales_9_product_image.webp\",\"datePublished\":\"2023-09-04T00:00:00+00:00\",\"description\":\"Usa Mystery Solitaire Grimm: Tales 9 para enfrentarte a desaf\u00edos de solitario basados en los cuentos de los hermanos Grimm\",\"breadcrumb\":{\"@id\":\"https:\/\/www.iplay.com\/es\/games\/mystery-solitaire-grimms-tales-9\/#breadcrumb\"},\"inLanguage\":\"es\",\"potentialAction\":[{\"@type\":\"ReadAction\",\"target\":[\"https:\/\/www.iplay.com\/es\/games\/mystery-solitaire-grimms-tales-9\/\"]}]},{\"@type\":\"ImageObject\",\"inLanguage\":\"es\",\"@id\":\"https:\/\/www.iplay.com\/es\/games\/mystery-solitaire-grimms-tales-9\/#primaryimage\",\"url\":\"https:\/\/www.iplay.com\/wp-content\/uploads\/2023\/09\/mystery_solitaire_-_grimms_tales_9_product_image.webp\",\"contentUrl\":\"https:\/\/www.iplay.com\/wp-content\/uploads\/2023\/09\/mystery_solitaire_-_grimms_tales_9_product_image.webp\",\"width\":310,\"height\":310},{\"@type\":\"BreadcrumbList\",\"@id\":\"https:\/\/www.iplay.com\/es\/games\/mystery-solitaire-grimms-tales-9\/#breadcrumb\",\"itemListElement\":[{\"@type\":\"ListItem\",\"position\":1,\"name\":\"Home\",\"item\":\"https:\/\/www.iplay.com\/es\/home-page-2\/\"},{\"@type\":\"ListItem\",\"position\":2,\"name\":\"Shop\",\"item\":\"https:\/\/www.iplay.com\/en\/shop\/\"},{\"@type\":\"ListItem\",\"position\":3,\"name\":\"Mystery Solitaire Grimms Tales 9\"}]},{\"@type\":\"WebSite\",\"@id\":\"https:\/\/www.iplay.com\/en\/#website\",\"url\":\"https:\/\/www.iplay.com\/en\/\",\"name\":\"IPlay\",\"description\":\"The Best Casual Games!\",\"publisher\":{\"@id\":\"https:\/\/www.iplay.com\/en\/#organization\"},\"potentialAction\":[{\"@type\":\"SearchAction\",\"target\":{\"@type\":\"EntryPoint\",\"urlTemplate\":\"https:\/\/www.iplay.com\/en\/?s={search_term_string}\"},\"query-input\":{\"@type\":\"PropertyValueSpecification\",\"valueRequired\":true,\"valueName\":\"search_term_string\"}}],\"inLanguage\":\"es\"},{\"@type\":\"Organization\",\"@id\":\"https:\/\/www.iplay.com\/en\/#organization\",\"name\":\"IPlay\",\"url\":\"https:\/\/www.iplay.com\/en\/\",\"logo\":{\"@type\":\"ImageObject\",\"inLanguage\":\"es\",\"@id\":\"https:\/\/www.iplay.com\/en\/#\/schema\/logo\/image\/\",\"url\":\"https:\/\/www.iplay.com\/wp-content\/uploads\/2023\/11\/Group-6100.svg\",\"contentUrl\":\"https:\/\/www.iplay.com\/wp-content\/uploads\/2023\/11\/Group-6100.svg\",\"width\":98,\"height\":25,\"caption\":\"IPlay\"},\"image\":{\"@id\":\"https:\/\/www.iplay.com\/en\/#\/schema\/logo\/image\/\"}}]}<\/script>\n<!-- \/ Yoast SEO Premium plugin. -->","yoast_head_json":{"title":"Solitario Misterioso Grimm: Cuentos 9 - Desaf\u00edos de Solitario","description":"Usa Mystery Solitaire Grimm: Tales 9 para enfrentarte a desaf\u00edos de solitario basados en los cuentos de los hermanos Grimm","robots":{"index":"index","follow":"follow","max-snippet":"max-snippet:-1","max-image-preview":"max-image-preview:large","max-video-preview":"max-video-preview:-1"},"canonical":"https:\/\/www.iplay.com\/es\/games\/mystery-solitaire-grimms-tales-9\/","og_locale":"es_ES","og_type":"article","og_title":"Mystery Solitaire Grimms Tales 9","og_description":"Usa Mystery Solitaire Grimm: Tales 9 para enfrentarte a desaf\u00edos de solitario basados en los cuentos de los hermanos Grimm","og_url":"https:\/\/www.iplay.com\/es\/games\/mystery-solitaire-grimms-tales-9\/","og_site_name":"IPlay","og_image":[{"width":310,"height":310,"url":"https:\/\/www.iplay.com\/wp-content\/uploads\/2023\/09\/mystery_solitaire_-_grimms_tales_9_product_image.webp","type":"image\/webp"}],"twitter_card":"summary_large_image","twitter_misc":{"Est. reading time":"1 minuto"},"schema":{"@context":"https:\/\/schema.org","@graph":[{"@type":"WebPage","@id":"https:\/\/www.iplay.com\/es\/games\/mystery-solitaire-grimms-tales-9\/","url":"https:\/\/www.iplay.com\/es\/games\/mystery-solitaire-grimms-tales-9\/","name":"Solitario Misterioso Grimm: Cuentos 9 - Desaf\u00edos de Solitario","isPartOf":{"@id":"https:\/\/www.iplay.com\/en\/#website"},"primaryImageOfPage":{"@id":"https:\/\/www.iplay.com\/es\/games\/mystery-solitaire-grimms-tales-9\/#primaryimage"},"image":{"@id":"https:\/\/www.iplay.com\/es\/games\/mystery-solitaire-grimms-tales-9\/#primaryimage"},"thumbnailUrl":"https:\/\/www.iplay.com\/wp-content\/uploads\/2023\/09\/mystery_solitaire_-_grimms_tales_9_product_image.webp","datePublished":"2023-09-04T00:00:00+00:00","description":"Usa Mystery Solitaire Grimm: Tales 9 para enfrentarte a desaf\u00edos de solitario basados en los cuentos de los hermanos Grimm","breadcrumb":{"@id":"https:\/\/www.iplay.com\/es\/games\/mystery-solitaire-grimms-tales-9\/#breadcrumb"},"inLanguage":"es","potentialAction":[{"@type":"ReadAction","target":["https:\/\/www.iplay.com\/es\/games\/mystery-solitaire-grimms-tales-9\/"]}]},{"@type":"ImageObject","inLanguage":"es","@id":"https:\/\/www.iplay.com\/es\/games\/mystery-solitaire-grimms-tales-9\/#primaryimage","url":"https:\/\/www.iplay.com\/wp-content\/uploads\/2023\/09\/mystery_solitaire_-_grimms_tales_9_product_image.webp","contentUrl":"https:\/\/www.iplay.com\/wp-content\/uploads\/2023\/09\/mystery_solitaire_-_grimms_tales_9_product_image.webp","width":310,"height":310},{"@type":"BreadcrumbList","@id":"https:\/\/www.iplay.com\/es\/games\/mystery-solitaire-grimms-tales-9\/#breadcrumb","itemListElement":[{"@type":"ListItem","position":1,"name":"Home","item":"https:\/\/www.iplay.com\/es\/home-page-2\/"},{"@type":"ListItem","position":2,"name":"Shop","item":"https:\/\/www.iplay.com\/en\/shop\/"},{"@type":"ListItem","position":3,"name":"Mystery Solitaire Grimms Tales 9"}]},{"@type":"WebSite","@id":"https:\/\/www.iplay.com\/en\/#website","url":"https:\/\/www.iplay.com\/en\/","name":"IPlay","description":"The Best Casual Games!","publisher":{"@id":"https:\/\/www.iplay.com\/en\/#organization"},"potentialAction":[{"@type":"SearchAction","target":{"@type":"EntryPoint","urlTemplate":"https:\/\/www.iplay.com\/en\/?s={search_term_string}"},"query-input":{"@type":"PropertyValueSpecification","valueRequired":true,"valueName":"search_term_string"}}],"inLanguage":"es"},{"@type":"Organization","@id":"https:\/\/www.iplay.com\/en\/#organization","name":"IPlay","url":"https:\/\/www.iplay.com\/en\/","logo":{"@type":"ImageObject","inLanguage":"es","@id":"https:\/\/www.iplay.com\/en\/#\/schema\/logo\/image\/","url":"https:\/\/www.iplay.com\/wp-content\/uploads\/2023\/11\/Group-6100.svg","contentUrl":"https:\/\/www.iplay.com\/wp-content\/uploads\/2023\/11\/Group-6100.svg","width":98,"height":25,"caption":"IPlay"},"image":{"@id":"https:\/\/www.iplay.com\/en\/#\/schema\/logo\/image\/"}}]}},"_links":{"self":[{"href":"https:\/\/www.iplay.com\/es\/wp-json\/wp\/v2\/product\/40327","targetHints":{"allow":["GET"]}}],"collection":[{"href":"https:\/\/www.iplay.com\/es\/wp-json\/wp\/v2\/product"}],"about":[{"href":"https:\/\/www.iplay.com\/es\/wp-json\/wp\/v2\/types\/product"}],"author":[{"embeddable":true,"href":"https:\/\/www.iplay.com\/es\/wp-json\/wp\/v2\/users\/13"}],"replies":[{"embeddable":true,"href":"https:\/\/www.iplay.com\/es\/wp-json\/wp\/v2\/comments?post=40327"}],"wp:featuredmedia":[{"embeddable":true,"href":"https:\/\/www.iplay.com\/es\/wp-json\/wp\/v2\/media\/40333"}],"wp:attachment":[{"href":"https:\/\/www.iplay.com\/es\/wp-json\/wp\/v2\/media?parent=40327"}],"wp:term":[{"taxonomy":"product_brand","embeddable":true,"href":"https:\/\/www.iplay.com\/es\/wp-json\/wp\/v2\/product_brand?post=40327"},{"taxonomy":"product_cat","embeddable":true,"href":"https:\/\/www.iplay.com\/es\/wp-json\/wp\/v2\/product_cat?post=40327"},{"taxonomy":"product_tag","embeddable":true,"href":"https:\/\/www.iplay.com\/es\/wp-json\/wp\/v2\/product_tag?post=40327"}],"curies":[{"name":"wp","href":"https:\/\/api.w.org\/{rel}","templated":true}]}}