{"id":40006,"date":"2011-07-27T00:00:00","date_gmt":"2011-07-27T00:00:00","guid":{"rendered":"https:\/\/www.iplay.com\/games\/midnight-mysteries-devil-on-the-mississippi-collectors-edition\/"},"modified":"2011-07-27T00:00:00","modified_gmt":"2011-07-27T00:00:00","slug":"midnight-mysteries-devil-on-the-mississippi-collectors-edition","status":"publish","type":"product","link":"https:\/\/www.iplay.com\/es\/games\/midnight-mysteries-devil-on-the-mississippi-collectors-edition\/","title":{"rendered":"Midnight Mysteries: Devil on the Mississippi Collector&#8217;s Edition"},"content":{"rendered":"<p>El esp\u00edritu de Mark Twain ha venido a ti en un intento de liberarse de un mal que lo ha estado persiguiendo en el m\u00e1s all\u00e1. Sigue las acciones en el pasado de Twain que resultaron en su sufrimiento de por vida. El amor de Twain por la historia literaria reaviva una pol\u00e9mica discusi\u00f3n sobre la verdadera identidad de Shakespeare, sacando a relucir varias figuras siniestras. Twain comienza a purgar la oscuridad de su tiempo despu\u00e9s de descubrir un mal imprevisto, pero la historia solo se complica m\u00e1s. A medida que se avecinan fuerzas mortales, debes trabajar con Twain para ordenar los enlaces para corregir la historia.    <\/p>\n<p>&nbsp;<\/p>\n<p>&nbsp;<\/p>\n<p><strong>Funciones:<\/strong><\/p>\n<p>&nbsp;<\/p>\n<ul>\n<li>Utilice la \u00fatil Gu\u00eda de estrategia totalmente integrada<\/li>\n<li>Vea detr\u00e1s de escena con una gran cantidad de concepto<\/li>\n<li>12 fondos de pantalla exquisitamente ilustrados<\/li>\n<li>Modo de juego Bonus Dem Bones<\/li>\n<li>Revive todos los efectos especiales en la Sala del P\u00e1nico.<\/li>\n<\/ul>\n","protected":false},"excerpt":{"rendered":"<p>\u00a1Este es el esp\u00edritu de Mark Twain poni\u00e9ndose en contacto contigo para pedirte ayuda!<\/p>\n","protected":false},"author":1,"featured_media":40012,"comment_status":"open","ping_status":"closed","template":"","meta":{"_acf_changed":false,"inline_featured_image":false},"product_brand":[],"product_cat":[166],"product_tag":[288],"class_list":{"0":"post-40006","1":"product","2":"type-product","3":"status-publish","4":"has-post-thumbnail","6":"product_cat-hidden-object-es","7":"product_tag-play-on-pc-es","9":"first","10":"instock","11":"shipping-taxable","12":"purchasable","13":"product-type-simple"},"acf":[],"yoast_head":"<!-- This site is optimized with the Yoast SEO Premium plugin v25.2 (Yoast SEO v25.2) - https:\/\/yoast.com\/wordpress\/plugins\/seo\/ -->\n<title>Midnight Mysteries: Devil on the Mississippi Collector&#039;s Edition - El fantasma de Mark Twain busca ayuda en la Collector&#039;s Edition<\/title>\n<meta name=\"description\" content=\"\u00a1Este es el esp\u00edritu de Mark Twain poni\u00e9ndose en contacto contigo para pedirte ayuda!\" \/>\n<meta name=\"robots\" content=\"index, follow, max-snippet:-1, max-image-preview:large, max-video-preview:-1\" \/>\n<link rel=\"canonical\" href=\"https:\/\/www.iplay.com\/es\/games\/midnight-mysteries-devil-on-the-mississippi-collectors-edition\/\" \/>\n<meta property=\"og:locale\" content=\"es_ES\" \/>\n<meta property=\"og:type\" content=\"article\" \/>\n<meta property=\"og:title\" content=\"Midnight Mysteries: Devil on the Mississippi Collector&#039;s Edition\" \/>\n<meta property=\"og:description\" content=\"\u00a1Este es el esp\u00edritu de Mark Twain poni\u00e9ndose en contacto contigo para pedirte ayuda!\" \/>\n<meta property=\"og:url\" content=\"https:\/\/www.iplay.com\/es\/games\/midnight-mysteries-devil-on-the-mississippi-collectors-edition\/\" \/>\n<meta property=\"og:site_name\" content=\"IPlay\" \/>\n<meta property=\"og:image\" content=\"https:\/\/www.iplay.com\/wp-content\/uploads\/2023\/12\/large_square_tile_image-808.jpg\" \/>\n\t<meta property=\"og:image:width\" content=\"310\" \/>\n\t<meta property=\"og:image:height\" content=\"310\" \/>\n\t<meta property=\"og:image:type\" content=\"image\/jpeg\" \/>\n<meta name=\"twitter:card\" content=\"summary_large_image\" \/>\n<meta name=\"twitter:label1\" content=\"Est. reading time\" \/>\n\t<meta name=\"twitter:data1\" content=\"1 minuto\" \/>\n<script type=\"application\/ld+json\" class=\"yoast-schema-graph\">{\"@context\":\"https:\/\/schema.org\",\"@graph\":[{\"@type\":\"WebPage\",\"@id\":\"https:\/\/www.iplay.com\/es\/games\/midnight-mysteries-devil-on-the-mississippi-collectors-edition\/\",\"url\":\"https:\/\/www.iplay.com\/es\/games\/midnight-mysteries-devil-on-the-mississippi-collectors-edition\/\",\"name\":\"Midnight Mysteries: Devil on the Mississippi Collector's Edition - El fantasma de Mark Twain busca ayuda en la Collector's Edition\",\"isPartOf\":{\"@id\":\"https:\/\/www.iplay.com\/en\/#website\"},\"primaryImageOfPage\":{\"@id\":\"https:\/\/www.iplay.com\/es\/games\/midnight-mysteries-devil-on-the-mississippi-collectors-edition\/#primaryimage\"},\"image\":{\"@id\":\"https:\/\/www.iplay.com\/es\/games\/midnight-mysteries-devil-on-the-mississippi-collectors-edition\/#primaryimage\"},\"thumbnailUrl\":\"https:\/\/www.iplay.com\/wp-content\/uploads\/2023\/12\/large_square_tile_image-808.jpg\",\"datePublished\":\"2011-07-27T00:00:00+00:00\",\"description\":\"\u00a1Este es el esp\u00edritu de Mark Twain poni\u00e9ndose en contacto contigo para pedirte ayuda!\",\"breadcrumb\":{\"@id\":\"https:\/\/www.iplay.com\/es\/games\/midnight-mysteries-devil-on-the-mississippi-collectors-edition\/#breadcrumb\"},\"inLanguage\":\"es\",\"potentialAction\":[{\"@type\":\"ReadAction\",\"target\":[\"https:\/\/www.iplay.com\/es\/games\/midnight-mysteries-devil-on-the-mississippi-collectors-edition\/\"]}]},{\"@type\":\"ImageObject\",\"inLanguage\":\"es\",\"@id\":\"https:\/\/www.iplay.com\/es\/games\/midnight-mysteries-devil-on-the-mississippi-collectors-edition\/#primaryimage\",\"url\":\"https:\/\/www.iplay.com\/wp-content\/uploads\/2023\/12\/large_square_tile_image-808.jpg\",\"contentUrl\":\"https:\/\/www.iplay.com\/wp-content\/uploads\/2023\/12\/large_square_tile_image-808.jpg\",\"width\":310,\"height\":310},{\"@type\":\"BreadcrumbList\",\"@id\":\"https:\/\/www.iplay.com\/es\/games\/midnight-mysteries-devil-on-the-mississippi-collectors-edition\/#breadcrumb\",\"itemListElement\":[{\"@type\":\"ListItem\",\"position\":1,\"name\":\"Home\",\"item\":\"https:\/\/www.iplay.com\/es\/home-page-2\/\"},{\"@type\":\"ListItem\",\"position\":2,\"name\":\"Shop\",\"item\":\"https:\/\/www.iplay.com\/en\/shop\/\"},{\"@type\":\"ListItem\",\"position\":3,\"name\":\"Midnight Mysteries: Devil on the Mississippi Collector&#8217;s Edition\"}]},{\"@type\":\"WebSite\",\"@id\":\"https:\/\/www.iplay.com\/en\/#website\",\"url\":\"https:\/\/www.iplay.com\/en\/\",\"name\":\"IPlay\",\"description\":\"The Best Casual Games!\",\"publisher\":{\"@id\":\"https:\/\/www.iplay.com\/en\/#organization\"},\"potentialAction\":[{\"@type\":\"SearchAction\",\"target\":{\"@type\":\"EntryPoint\",\"urlTemplate\":\"https:\/\/www.iplay.com\/en\/?s={search_term_string}\"},\"query-input\":{\"@type\":\"PropertyValueSpecification\",\"valueRequired\":true,\"valueName\":\"search_term_string\"}}],\"inLanguage\":\"es\"},{\"@type\":\"Organization\",\"@id\":\"https:\/\/www.iplay.com\/en\/#organization\",\"name\":\"IPlay\",\"url\":\"https:\/\/www.iplay.com\/en\/\",\"logo\":{\"@type\":\"ImageObject\",\"inLanguage\":\"es\",\"@id\":\"https:\/\/www.iplay.com\/en\/#\/schema\/logo\/image\/\",\"url\":\"https:\/\/www.iplay.com\/wp-content\/uploads\/2023\/11\/Group-6100.svg\",\"contentUrl\":\"https:\/\/www.iplay.com\/wp-content\/uploads\/2023\/11\/Group-6100.svg\",\"width\":98,\"height\":25,\"caption\":\"IPlay\"},\"image\":{\"@id\":\"https:\/\/www.iplay.com\/en\/#\/schema\/logo\/image\/\"}}]}<\/script>\n<!-- \/ Yoast SEO Premium plugin. -->","yoast_head_json":{"title":"Midnight Mysteries: Devil on the Mississippi Collector's Edition - El fantasma de Mark Twain busca ayuda en la Collector's Edition","description":"\u00a1Este es el esp\u00edritu de Mark Twain poni\u00e9ndose en contacto contigo para pedirte ayuda!","robots":{"index":"index","follow":"follow","max-snippet":"max-snippet:-1","max-image-preview":"max-image-preview:large","max-video-preview":"max-video-preview:-1"},"canonical":"https:\/\/www.iplay.com\/es\/games\/midnight-mysteries-devil-on-the-mississippi-collectors-edition\/","og_locale":"es_ES","og_type":"article","og_title":"Midnight Mysteries: Devil on the Mississippi Collector's Edition","og_description":"\u00a1Este es el esp\u00edritu de Mark Twain poni\u00e9ndose en contacto contigo para pedirte ayuda!","og_url":"https:\/\/www.iplay.com\/es\/games\/midnight-mysteries-devil-on-the-mississippi-collectors-edition\/","og_site_name":"IPlay","og_image":[{"width":310,"height":310,"url":"https:\/\/www.iplay.com\/wp-content\/uploads\/2023\/12\/large_square_tile_image-808.jpg","type":"image\/jpeg"}],"twitter_card":"summary_large_image","twitter_misc":{"Est. reading time":"1 minuto"},"schema":{"@context":"https:\/\/schema.org","@graph":[{"@type":"WebPage","@id":"https:\/\/www.iplay.com\/es\/games\/midnight-mysteries-devil-on-the-mississippi-collectors-edition\/","url":"https:\/\/www.iplay.com\/es\/games\/midnight-mysteries-devil-on-the-mississippi-collectors-edition\/","name":"Midnight Mysteries: Devil on the Mississippi Collector's Edition - El fantasma de Mark Twain busca ayuda en la Collector's Edition","isPartOf":{"@id":"https:\/\/www.iplay.com\/en\/#website"},"primaryImageOfPage":{"@id":"https:\/\/www.iplay.com\/es\/games\/midnight-mysteries-devil-on-the-mississippi-collectors-edition\/#primaryimage"},"image":{"@id":"https:\/\/www.iplay.com\/es\/games\/midnight-mysteries-devil-on-the-mississippi-collectors-edition\/#primaryimage"},"thumbnailUrl":"https:\/\/www.iplay.com\/wp-content\/uploads\/2023\/12\/large_square_tile_image-808.jpg","datePublished":"2011-07-27T00:00:00+00:00","description":"\u00a1Este es el esp\u00edritu de Mark Twain poni\u00e9ndose en contacto contigo para pedirte ayuda!","breadcrumb":{"@id":"https:\/\/www.iplay.com\/es\/games\/midnight-mysteries-devil-on-the-mississippi-collectors-edition\/#breadcrumb"},"inLanguage":"es","potentialAction":[{"@type":"ReadAction","target":["https:\/\/www.iplay.com\/es\/games\/midnight-mysteries-devil-on-the-mississippi-collectors-edition\/"]}]},{"@type":"ImageObject","inLanguage":"es","@id":"https:\/\/www.iplay.com\/es\/games\/midnight-mysteries-devil-on-the-mississippi-collectors-edition\/#primaryimage","url":"https:\/\/www.iplay.com\/wp-content\/uploads\/2023\/12\/large_square_tile_image-808.jpg","contentUrl":"https:\/\/www.iplay.com\/wp-content\/uploads\/2023\/12\/large_square_tile_image-808.jpg","width":310,"height":310},{"@type":"BreadcrumbList","@id":"https:\/\/www.iplay.com\/es\/games\/midnight-mysteries-devil-on-the-mississippi-collectors-edition\/#breadcrumb","itemListElement":[{"@type":"ListItem","position":1,"name":"Home","item":"https:\/\/www.iplay.com\/es\/home-page-2\/"},{"@type":"ListItem","position":2,"name":"Shop","item":"https:\/\/www.iplay.com\/en\/shop\/"},{"@type":"ListItem","position":3,"name":"Midnight Mysteries: Devil on the Mississippi Collector&#8217;s Edition"}]},{"@type":"WebSite","@id":"https:\/\/www.iplay.com\/en\/#website","url":"https:\/\/www.iplay.com\/en\/","name":"IPlay","description":"The Best Casual Games!","publisher":{"@id":"https:\/\/www.iplay.com\/en\/#organization"},"potentialAction":[{"@type":"SearchAction","target":{"@type":"EntryPoint","urlTemplate":"https:\/\/www.iplay.com\/en\/?s={search_term_string}"},"query-input":{"@type":"PropertyValueSpecification","valueRequired":true,"valueName":"search_term_string"}}],"inLanguage":"es"},{"@type":"Organization","@id":"https:\/\/www.iplay.com\/en\/#organization","name":"IPlay","url":"https:\/\/www.iplay.com\/en\/","logo":{"@type":"ImageObject","inLanguage":"es","@id":"https:\/\/www.iplay.com\/en\/#\/schema\/logo\/image\/","url":"https:\/\/www.iplay.com\/wp-content\/uploads\/2023\/11\/Group-6100.svg","contentUrl":"https:\/\/www.iplay.com\/wp-content\/uploads\/2023\/11\/Group-6100.svg","width":98,"height":25,"caption":"IPlay"},"image":{"@id":"https:\/\/www.iplay.com\/en\/#\/schema\/logo\/image\/"}}]}},"_links":{"self":[{"href":"https:\/\/www.iplay.com\/es\/wp-json\/wp\/v2\/product\/40006","targetHints":{"allow":["GET"]}}],"collection":[{"href":"https:\/\/www.iplay.com\/es\/wp-json\/wp\/v2\/product"}],"about":[{"href":"https:\/\/www.iplay.com\/es\/wp-json\/wp\/v2\/types\/product"}],"author":[{"embeddable":true,"href":"https:\/\/www.iplay.com\/es\/wp-json\/wp\/v2\/users\/1"}],"replies":[{"embeddable":true,"href":"https:\/\/www.iplay.com\/es\/wp-json\/wp\/v2\/comments?post=40006"}],"wp:featuredmedia":[{"embeddable":true,"href":"https:\/\/www.iplay.com\/es\/wp-json\/wp\/v2\/media\/40012"}],"wp:attachment":[{"href":"https:\/\/www.iplay.com\/es\/wp-json\/wp\/v2\/media?parent=40006"}],"wp:term":[{"taxonomy":"product_brand","embeddable":true,"href":"https:\/\/www.iplay.com\/es\/wp-json\/wp\/v2\/product_brand?post=40006"},{"taxonomy":"product_cat","embeddable":true,"href":"https:\/\/www.iplay.com\/es\/wp-json\/wp\/v2\/product_cat?post=40006"},{"taxonomy":"product_tag","embeddable":true,"href":"https:\/\/www.iplay.com\/es\/wp-json\/wp\/v2\/product_tag?post=40006"}],"curies":[{"name":"wp","href":"https:\/\/api.w.org\/{rel}","templated":true}]}}