{"id":39776,"date":"2020-05-29T00:00:00","date_gmt":"2020-05-29T00:00:00","guid":{"rendered":"https:\/\/www.iplay.com\/games\/vacation-adventures-park-ranger-10\/"},"modified":"2020-05-29T00:00:00","modified_gmt":"2020-05-29T00:00:00","slug":"vacation-adventures-park-ranger-10","status":"publish","type":"product","link":"https:\/\/www.iplay.com\/es\/games\/vacation-adventures-park-ranger-10\/","title":{"rendered":"Vacation Adventures: Park Ranger 10"},"content":{"rendered":"<p>Para los guardaparques del Parque Nacional Pinecreek Hills, el verano significa una cosa y solo una cosa: es hora de jugar incre\u00edbles juegos y rompecabezas de objetos ocultos, observar cientos de animales, aves, peces y vida silvestre, y mantener el medio ambiente seguro y limpio. Establecer programas de guardabosques voluntarios para ayudar en la gesti\u00f3n del Parque Nacional Pinecreek Hills por parte de los guardabosques. Planifique actividades junto a pintorescos r\u00edos, lagos y senderos. Disfruta del nuevo y fant\u00e1stico telef\u00e9rico en Pinecreek. Estudiar sobre las fuentes de energ\u00eda sostenibles. Disfrute de un picnic o acampe junto al lago Bluewaters mientras contempla el impresionante paisaje de m\u00e1gicos desfiladeros, cavernas, cascadas y otras caracter\u00edsticas naturales. Disfruta de impresionantes vistas, enciende fogatas y observa \u00e1guilas, ciervos y osos. Vea las estructuras y sitios hist\u00f3ricos en Pinecreek. Disfruta de fant\u00e1sticos rompecabezas y juegos de objetos ocultos mientras observas cientos de peces, aves, animales y otros elementos de la naturaleza.        <\/p>\n<p>&nbsp;<\/p>\n<p>&nbsp;<\/p>\n<p><strong>Acerca de Vacation Adventures: Park Ranger 10<\/strong><\/p>\n<p>&#8211; Impresionantes juegos, gr\u00e1ficos y jugabilidad<br \/>\n de objetos ocultos- Excelentes rompecabezas, animaciones y m\u00fasica<br \/>\n incre\u00edbles- Un enorme \u00e1lbum<br \/>\n de fotos familiares- Disfruta del estilo de vida activo de un guardaparques<\/p>\n","protected":false},"excerpt":{"rendered":"<p>Ayude a los guardabosques a correr Pinecreek Hills NP en aventuras de vacaciones: Park Ranger 10: The Great Outdoors<\/p>\n","protected":false},"author":37,"featured_media":39778,"comment_status":"open","ping_status":"closed","template":"","meta":{"_acf_changed":false,"inline_featured_image":false},"product_brand":[],"product_cat":[166],"product_tag":[288],"class_list":{"0":"post-39776","1":"product","2":"type-product","3":"status-publish","4":"has-post-thumbnail","6":"product_cat-hidden-object-es","7":"product_tag-play-on-pc-es","9":"first","10":"instock","11":"shipping-taxable","12":"purchasable","13":"product-type-simple"},"acf":[],"yoast_head":"<!-- This site is optimized with the Yoast SEO Premium plugin v25.2 (Yoast SEO v25.2) - https:\/\/yoast.com\/wordpress\/plugins\/seo\/ -->\n<title>Aventuras Vacacionales: Guardaparques 10 - Asiste a los Rangers<\/title>\n<meta name=\"description\" content=\"Ayude a los guardabosques a correr Pinecreek Hills NP en aventuras de vacaciones: Park Ranger 10: The Great Outdoors\" \/>\n<meta name=\"robots\" content=\"index, follow, max-snippet:-1, max-image-preview:large, max-video-preview:-1\" \/>\n<link rel=\"canonical\" href=\"https:\/\/www.iplay.com\/es\/games\/vacation-adventures-park-ranger-10\/\" \/>\n<meta property=\"og:locale\" content=\"es_ES\" \/>\n<meta property=\"og:type\" content=\"article\" \/>\n<meta property=\"og:title\" content=\"Vacation Adventures: Park Ranger 10\" \/>\n<meta property=\"og:description\" content=\"Ayude a los guardabosques a correr Pinecreek Hills NP en aventuras de vacaciones: Park Ranger 10: The Great Outdoors\" \/>\n<meta property=\"og:url\" content=\"https:\/\/www.iplay.com\/es\/games\/vacation-adventures-park-ranger-10\/\" \/>\n<meta property=\"og:site_name\" content=\"IPlay\" \/>\n<meta property=\"og:image\" content=\"https:\/\/www.iplay.com\/wp-content\/uploads\/2023\/12\/large_square_tile_image-2701.jpg\" \/>\n\t<meta property=\"og:image:width\" content=\"310\" \/>\n\t<meta property=\"og:image:height\" content=\"310\" \/>\n\t<meta property=\"og:image:type\" content=\"image\/jpeg\" \/>\n<meta name=\"twitter:card\" content=\"summary_large_image\" \/>\n<meta name=\"twitter:label1\" content=\"Est. reading time\" \/>\n\t<meta name=\"twitter:data1\" content=\"1 minuto\" \/>\n<script type=\"application\/ld+json\" class=\"yoast-schema-graph\">{\"@context\":\"https:\/\/schema.org\",\"@graph\":[{\"@type\":\"WebPage\",\"@id\":\"https:\/\/www.iplay.com\/es\/games\/vacation-adventures-park-ranger-10\/\",\"url\":\"https:\/\/www.iplay.com\/es\/games\/vacation-adventures-park-ranger-10\/\",\"name\":\"Aventuras Vacacionales: Guardaparques 10 - Asiste a los Rangers\",\"isPartOf\":{\"@id\":\"https:\/\/www.iplay.com\/en\/#website\"},\"primaryImageOfPage\":{\"@id\":\"https:\/\/www.iplay.com\/es\/games\/vacation-adventures-park-ranger-10\/#primaryimage\"},\"image\":{\"@id\":\"https:\/\/www.iplay.com\/es\/games\/vacation-adventures-park-ranger-10\/#primaryimage\"},\"thumbnailUrl\":\"https:\/\/www.iplay.com\/wp-content\/uploads\/2023\/12\/large_square_tile_image-2701.jpg\",\"datePublished\":\"2020-05-29T00:00:00+00:00\",\"description\":\"Ayude a los guardabosques a correr Pinecreek Hills NP en aventuras de vacaciones: Park Ranger 10: The Great Outdoors\",\"breadcrumb\":{\"@id\":\"https:\/\/www.iplay.com\/es\/games\/vacation-adventures-park-ranger-10\/#breadcrumb\"},\"inLanguage\":\"es\",\"potentialAction\":[{\"@type\":\"ReadAction\",\"target\":[\"https:\/\/www.iplay.com\/es\/games\/vacation-adventures-park-ranger-10\/\"]}]},{\"@type\":\"ImageObject\",\"inLanguage\":\"es\",\"@id\":\"https:\/\/www.iplay.com\/es\/games\/vacation-adventures-park-ranger-10\/#primaryimage\",\"url\":\"https:\/\/www.iplay.com\/wp-content\/uploads\/2023\/12\/large_square_tile_image-2701.jpg\",\"contentUrl\":\"https:\/\/www.iplay.com\/wp-content\/uploads\/2023\/12\/large_square_tile_image-2701.jpg\",\"width\":310,\"height\":310},{\"@type\":\"BreadcrumbList\",\"@id\":\"https:\/\/www.iplay.com\/es\/games\/vacation-adventures-park-ranger-10\/#breadcrumb\",\"itemListElement\":[{\"@type\":\"ListItem\",\"position\":1,\"name\":\"Home\",\"item\":\"https:\/\/www.iplay.com\/es\/home-page-2\/\"},{\"@type\":\"ListItem\",\"position\":2,\"name\":\"Shop\",\"item\":\"https:\/\/www.iplay.com\/en\/shop\/\"},{\"@type\":\"ListItem\",\"position\":3,\"name\":\"Vacation Adventures: Park Ranger 10\"}]},{\"@type\":\"WebSite\",\"@id\":\"https:\/\/www.iplay.com\/en\/#website\",\"url\":\"https:\/\/www.iplay.com\/en\/\",\"name\":\"IPlay\",\"description\":\"The Best Casual Games!\",\"publisher\":{\"@id\":\"https:\/\/www.iplay.com\/en\/#organization\"},\"potentialAction\":[{\"@type\":\"SearchAction\",\"target\":{\"@type\":\"EntryPoint\",\"urlTemplate\":\"https:\/\/www.iplay.com\/en\/?s={search_term_string}\"},\"query-input\":{\"@type\":\"PropertyValueSpecification\",\"valueRequired\":true,\"valueName\":\"search_term_string\"}}],\"inLanguage\":\"es\"},{\"@type\":\"Organization\",\"@id\":\"https:\/\/www.iplay.com\/en\/#organization\",\"name\":\"IPlay\",\"url\":\"https:\/\/www.iplay.com\/en\/\",\"logo\":{\"@type\":\"ImageObject\",\"inLanguage\":\"es\",\"@id\":\"https:\/\/www.iplay.com\/en\/#\/schema\/logo\/image\/\",\"url\":\"https:\/\/www.iplay.com\/wp-content\/uploads\/2023\/11\/Group-6100.svg\",\"contentUrl\":\"https:\/\/www.iplay.com\/wp-content\/uploads\/2023\/11\/Group-6100.svg\",\"width\":98,\"height\":25,\"caption\":\"IPlay\"},\"image\":{\"@id\":\"https:\/\/www.iplay.com\/en\/#\/schema\/logo\/image\/\"}}]}<\/script>\n<!-- \/ Yoast SEO Premium plugin. -->","yoast_head_json":{"title":"Aventuras Vacacionales: Guardaparques 10 - Asiste a los Rangers","description":"Ayude a los guardabosques a correr Pinecreek Hills NP en aventuras de vacaciones: Park Ranger 10: The Great Outdoors","robots":{"index":"index","follow":"follow","max-snippet":"max-snippet:-1","max-image-preview":"max-image-preview:large","max-video-preview":"max-video-preview:-1"},"canonical":"https:\/\/www.iplay.com\/es\/games\/vacation-adventures-park-ranger-10\/","og_locale":"es_ES","og_type":"article","og_title":"Vacation Adventures: Park Ranger 10","og_description":"Ayude a los guardabosques a correr Pinecreek Hills NP en aventuras de vacaciones: Park Ranger 10: The Great Outdoors","og_url":"https:\/\/www.iplay.com\/es\/games\/vacation-adventures-park-ranger-10\/","og_site_name":"IPlay","og_image":[{"width":310,"height":310,"url":"https:\/\/www.iplay.com\/wp-content\/uploads\/2023\/12\/large_square_tile_image-2701.jpg","type":"image\/jpeg"}],"twitter_card":"summary_large_image","twitter_misc":{"Est. reading time":"1 minuto"},"schema":{"@context":"https:\/\/schema.org","@graph":[{"@type":"WebPage","@id":"https:\/\/www.iplay.com\/es\/games\/vacation-adventures-park-ranger-10\/","url":"https:\/\/www.iplay.com\/es\/games\/vacation-adventures-park-ranger-10\/","name":"Aventuras Vacacionales: Guardaparques 10 - Asiste a los Rangers","isPartOf":{"@id":"https:\/\/www.iplay.com\/en\/#website"},"primaryImageOfPage":{"@id":"https:\/\/www.iplay.com\/es\/games\/vacation-adventures-park-ranger-10\/#primaryimage"},"image":{"@id":"https:\/\/www.iplay.com\/es\/games\/vacation-adventures-park-ranger-10\/#primaryimage"},"thumbnailUrl":"https:\/\/www.iplay.com\/wp-content\/uploads\/2023\/12\/large_square_tile_image-2701.jpg","datePublished":"2020-05-29T00:00:00+00:00","description":"Ayude a los guardabosques a correr Pinecreek Hills NP en aventuras de vacaciones: Park Ranger 10: The Great Outdoors","breadcrumb":{"@id":"https:\/\/www.iplay.com\/es\/games\/vacation-adventures-park-ranger-10\/#breadcrumb"},"inLanguage":"es","potentialAction":[{"@type":"ReadAction","target":["https:\/\/www.iplay.com\/es\/games\/vacation-adventures-park-ranger-10\/"]}]},{"@type":"ImageObject","inLanguage":"es","@id":"https:\/\/www.iplay.com\/es\/games\/vacation-adventures-park-ranger-10\/#primaryimage","url":"https:\/\/www.iplay.com\/wp-content\/uploads\/2023\/12\/large_square_tile_image-2701.jpg","contentUrl":"https:\/\/www.iplay.com\/wp-content\/uploads\/2023\/12\/large_square_tile_image-2701.jpg","width":310,"height":310},{"@type":"BreadcrumbList","@id":"https:\/\/www.iplay.com\/es\/games\/vacation-adventures-park-ranger-10\/#breadcrumb","itemListElement":[{"@type":"ListItem","position":1,"name":"Home","item":"https:\/\/www.iplay.com\/es\/home-page-2\/"},{"@type":"ListItem","position":2,"name":"Shop","item":"https:\/\/www.iplay.com\/en\/shop\/"},{"@type":"ListItem","position":3,"name":"Vacation Adventures: Park Ranger 10"}]},{"@type":"WebSite","@id":"https:\/\/www.iplay.com\/en\/#website","url":"https:\/\/www.iplay.com\/en\/","name":"IPlay","description":"The Best Casual Games!","publisher":{"@id":"https:\/\/www.iplay.com\/en\/#organization"},"potentialAction":[{"@type":"SearchAction","target":{"@type":"EntryPoint","urlTemplate":"https:\/\/www.iplay.com\/en\/?s={search_term_string}"},"query-input":{"@type":"PropertyValueSpecification","valueRequired":true,"valueName":"search_term_string"}}],"inLanguage":"es"},{"@type":"Organization","@id":"https:\/\/www.iplay.com\/en\/#organization","name":"IPlay","url":"https:\/\/www.iplay.com\/en\/","logo":{"@type":"ImageObject","inLanguage":"es","@id":"https:\/\/www.iplay.com\/en\/#\/schema\/logo\/image\/","url":"https:\/\/www.iplay.com\/wp-content\/uploads\/2023\/11\/Group-6100.svg","contentUrl":"https:\/\/www.iplay.com\/wp-content\/uploads\/2023\/11\/Group-6100.svg","width":98,"height":25,"caption":"IPlay"},"image":{"@id":"https:\/\/www.iplay.com\/en\/#\/schema\/logo\/image\/"}}]}},"_links":{"self":[{"href":"https:\/\/www.iplay.com\/es\/wp-json\/wp\/v2\/product\/39776","targetHints":{"allow":["GET"]}}],"collection":[{"href":"https:\/\/www.iplay.com\/es\/wp-json\/wp\/v2\/product"}],"about":[{"href":"https:\/\/www.iplay.com\/es\/wp-json\/wp\/v2\/types\/product"}],"author":[{"embeddable":true,"href":"https:\/\/www.iplay.com\/es\/wp-json\/wp\/v2\/users\/37"}],"replies":[{"embeddable":true,"href":"https:\/\/www.iplay.com\/es\/wp-json\/wp\/v2\/comments?post=39776"}],"wp:featuredmedia":[{"embeddable":true,"href":"https:\/\/www.iplay.com\/es\/wp-json\/wp\/v2\/media\/39778"}],"wp:attachment":[{"href":"https:\/\/www.iplay.com\/es\/wp-json\/wp\/v2\/media?parent=39776"}],"wp:term":[{"taxonomy":"product_brand","embeddable":true,"href":"https:\/\/www.iplay.com\/es\/wp-json\/wp\/v2\/product_brand?post=39776"},{"taxonomy":"product_cat","embeddable":true,"href":"https:\/\/www.iplay.com\/es\/wp-json\/wp\/v2\/product_cat?post=39776"},{"taxonomy":"product_tag","embeddable":true,"href":"https:\/\/www.iplay.com\/es\/wp-json\/wp\/v2\/product_tag?post=39776"}],"curies":[{"name":"wp","href":"https:\/\/api.w.org\/{rel}","templated":true}]}}