{"id":39538,"date":"2024-10-18T10:07:04","date_gmt":"2024-10-18T10:07:04","guid":{"rendered":"https:\/\/www.iplay.com\/games\/clutter-17-flower-power-collectors-edition\/"},"modified":"2025-07-04T09:15:45","modified_gmt":"2025-07-04T09:15:45","slug":"clutter-17-flower-power-collectors-edition","status":"publish","type":"product","link":"https:\/\/www.iplay.com\/es\/games\/clutter-17-flower-power-collectors-edition\/","title":{"rendered":"Clutter 17 &#8211; Flower Power Collector&#8217;s Edition"},"content":{"rendered":"<p>Prep\u00e1rate para sumergirte en el juego Clutter m\u00e1s entretenido y desafiante hasta la fecha, donde te esperan diversi\u00f3n sin fin y acertijos que doblan el cerebro. Con m\u00e1s de 1,800 acertijos dise\u00f1ados para mantenerte entretenido durante horas, esta \u00faltima entrega de la serie Clutter ofrece una deliciosa combinaci\u00f3n de nuevas variaciones y queridos desaf\u00edos cl\u00e1sicos. Tanto si eres un aficionado de toda la vida como si eres un jugador nuevo, aqu\u00ed hay algo para todos.  <\/p>\n<p>Entre las emocionantes adiciones se encuentran los Petal Puzzles, un giro adictivo en los niveles regulares de Clutter que pondr\u00e1 a prueba tus habilidades de nuevas maneras. Pero eso no es todo: los jugadores tambi\u00e9n encontrar\u00e1n controles deslizantes, rompecabezas cuadrados y los fascinantes rompecabezas Box Quotes. La complejidad visual de los apiladores de flores te dejar\u00e1 asombrado mientras trabajas para armar estos intrincados rompecabezas. Adem\u00e1s, se han introducido nuevos modos de Mah Jong, lo que permite a los jugadores disfrutar de un nuevo giro en el juego tradicional. Y con la funci\u00f3n Favoritos, puedes volver a visitar tus rompecabezas favoritos cuando quieras.    <\/p>\n<p>&nbsp;<\/p>\n<p><strong>Caracter\u00edsticas de la Edici\u00f3n de Coleccionista<\/strong><\/p>\n<ul>\n<li><em>M\u00e1s de 1.800 niveles:<\/em> Los jugadores pueden esperar un flujo aparentemente interminable de acertijos, con m\u00e1s de 1,800 niveles para explorar. Esto incluye una misi\u00f3n principal de 100 niveles que ofrece un desaf\u00edo \u00fanico y satisfactorio para los entusiastas de los rompecabezas. <\/li>\n<li><em>Nuevos conjuntos de objetos y modos de juego:<\/em> La variedad es clave en esta edici\u00f3n, ya que se han incluido nuevos conjuntos de objetos y modos de juego para mantener cada sesi\u00f3n fresca y atractiva.<\/li>\n<li><em>Rompecabezas de p\u00e9talos:<\/em> Una de las caracter\u00edsticas m\u00e1s destacadas de este juego, los rompecabezas de p\u00e9talos, cautivar\u00e1n a los jugadores con su hermoso dise\u00f1o y su satisfactoria complejidad.<\/li>\n<li><em>\u00c1rea de la vieja escuela sin movimiento:<\/em> Para aquellos que prefieren un ritmo m\u00e1s relajado, el \u00e1rea No-Motion Old-School ofrece un juego m\u00e1s f\u00e1cil y sin estr\u00e9s.<\/li>\n<li><em>Nuevos modos de Mah Jong:<\/em> Los fan\u00e1ticos del cl\u00e1sico Mah Jong estar\u00e1n encantados con los nuevos modos agregados a este juego, lo que permite m\u00e1s formas de jugar y disfrutar del ic\u00f3nico desaf\u00edo de combinaci\u00f3n de fichas.<\/li>\n<li><em>Citas de caja y rompecabezas de im\u00e1genes:<\/em> Con cientos de rompecabezas de im\u00e1genes y m\u00e1s de 200 nuevos rompecabezas de citas de caja, los jugadores tendr\u00e1n infinitas oportunidades para resolver desaf\u00edos creativos.<\/li>\n<li><em>Niveles generados aleatoriamente:<\/em> La diversi\u00f3n nunca tiene que parar, gracias a los niveles generados aleatoriamente que ofrecen una rejugabilidad continua, haciendo que cada juego se sienta completamente nuevo.<\/li>\n<li><em>Banda sonora cinem\u00e1tica:<\/em> Sum\u00e9rgete en la experiencia con una banda sonora cautivadora que mejora el juego, agregando una capa de diversi\u00f3n a medida que avanzas en cada rompecabezas.<\/li>\n<\/ul>\n<p>&nbsp;<\/p>\n<p><strong>\u00bfPor qu\u00e9 deber\u00edas jugar a este juego de desorden?<\/strong><\/p>\n<p>Esta \u00faltima entrega est\u00e1 dise\u00f1ada no solo para desafiar tu mente, sino tambi\u00e9n para ofrecer entretenimiento sin fin con su amplia gama de acertijos. Desde los intrincados rompecabezas de p\u00e9talos hasta las burlas de caja, cada nivel ha sido meticulosamente dise\u00f1ado para brindar una experiencia \u00fanica. Los jugadores volver\u00e1n una y otra vez, gracias a la gran variedad de tipos de rompecabezas y la inclusi\u00f3n de niveles generados aleatoriamente que garantizan que no haya dos juegos iguales.  <\/p>\n<p>Ya sea que est\u00e9s abordando la misi\u00f3n principal de 100 niveles, explorando el \u00e1rea de la vieja escuela sin movimiento para un desaf\u00edo m\u00e1s relajado o profundizando en los nuevos modos Mah Jong, el juego se adapta a todos los niveles de habilidad y preferencias. Incluso despu\u00e9s de completar cientos de niveles, puedes disfrutar volviendo a jugar tus rompecabezas favoritos con la funci\u00f3n Favoritos, asegur\u00e1ndote de que siempre haya algo familiar y divertido esper\u00e1ndote. <\/p>\n<p>&nbsp;<\/p>\n<p><strong>\u00bfA qui\u00e9n va dirigido este juego?<\/strong><\/p>\n<p>Este juego de desorden es perfecto para los amantes de los rompecabezas de todo tipo. Ya sea que disfrutes de los juegos tradicionales de estilo Match-3, rompecabezas o Mah Jong, hay algo en este juego para todos. Si buscas una mezcla de juego f\u00e1cil y relajante y acertijos m\u00e1s complejos y desafiantes, este juego logra el equilibrio perfecto. Adem\u00e1s, con m\u00e1s de 1,800 niveles para explorar, es ideal para aquellos que aman sumergirse por completo en un juego que brinda interminables horas de entretenimiento.   <\/p>\n<p>Para los jugadores ocupados que buscan una soluci\u00f3n r\u00e1pida a los rompecabezas, el \u00e1rea sin movimiento de la vieja escuela brinda una experiencia relajada, mientras que aquellos que buscan m\u00e1s desaf\u00edos pueden participar en la misi\u00f3n principal o sumergirse en los intrincados rompecabezas de p\u00e9talos y apiladores de flores. La adaptabilidad y la profundidad del juego lo hacen accesible tanto para los jugadores ocasionales como para los aficionados a los rompecabezas. <\/p>\n<p>&nbsp;<\/p>\n<p><strong>Reflexiones finales<\/strong><\/p>\n<p>Este juego de Clutter ofrece una experiencia de rompecabezas completa con suficiente variedad para mantenerte entretenido durante d\u00edas, si no semanas, y veinte. La introducci\u00f3n de Petal Puzzles, Mah Jong Modes y las creativas Box Quotes asegura que cada sesi\u00f3n se sienta fresca y emocionante. Tanto si eres un fan de Clutter desde hace mucho tiempo como si eres un reci\u00e9n llegado, este juego garantiza una aventura llena de atractivos puzles, efectos visuales vibrantes y una banda sonora cinematogr\u00e1fica que te acompa\u00f1ar\u00e1 en tu b\u00fasqueda.  <\/p>\n<p>La inteligente combinaci\u00f3n de juego relajante y desafiante del juego garantiza que los jugadores de todos los niveles encuentren algo para disfrutar. Entonces, si est\u00e1s listo para enfrentarte a m\u00e1s de 1,800 niveles de diversi\u00f3n resolviendo acertijos, este juego de Clutter es la manera perfecta de poner a prueba tus habilidades, sumergirte en un mundo de creatividad y disfrutar de innumerables horas de entretenimiento.<\/p>\n","protected":false},"excerpt":{"rendered":"<p>Enfr\u00e9ntate al desaf\u00edo de Clutter 17 &#8211; Flower Power Collector&#8217;s Edition &#8211; \u00a1El juego de Clutter m\u00e1s entretenido y desafiante hasta la fecha!<\/p>\n","protected":false},"author":41,"featured_media":39013,"comment_status":"open","ping_status":"closed","template":"","meta":{"_acf_changed":false,"inline_featured_image":false},"product_brand":[],"product_cat":[159,192],"product_tag":[288],"class_list":{"0":"post-39538","1":"product","2":"type-product","3":"status-publish","4":"has-post-thumbnail","6":"product_cat-clutter-series-es","7":"product_cat-puzzle-es","8":"product_tag-play-on-pc-es","10":"first","11":"instock","12":"shipping-taxable","13":"purchasable","14":"product-type-simple"},"acf":[],"yoast_head":"<!-- This site is optimized with the Yoast SEO Premium plugin v25.2 (Yoast SEO v25.2) - https:\/\/yoast.com\/wordpress\/plugins\/seo\/ -->\n<title>Clutter 17 - Flower Power CE - \u00a1El juego de Clutter m\u00e1s entretenido y desafiante hasta la fecha!<\/title>\n<meta name=\"description\" content=\"Enfr\u00e9ntate al desaf\u00edo de Clutter 17 - Flower Power Collector&#039;s Edition - \u00a1El juego de Clutter m\u00e1s entretenido y desafiante hasta la fecha!\" \/>\n<meta name=\"robots\" content=\"index, follow, max-snippet:-1, max-image-preview:large, max-video-preview:-1\" \/>\n<link rel=\"canonical\" href=\"https:\/\/www.iplay.com\/es\/games\/clutter-17-flower-power-collectors-edition\/\" \/>\n<meta property=\"og:locale\" content=\"es_ES\" \/>\n<meta property=\"og:type\" content=\"article\" \/>\n<meta property=\"og:title\" content=\"Clutter 17 - Flower Power Collector&#039;s Edition\" \/>\n<meta property=\"og:description\" content=\"Enfr\u00e9ntate al desaf\u00edo de Clutter 17 - Flower Power Collector&#039;s Edition - \u00a1El juego de Clutter m\u00e1s entretenido y desafiante hasta la fecha!\" \/>\n<meta property=\"og:url\" content=\"https:\/\/www.iplay.com\/es\/games\/clutter-17-flower-power-collectors-edition\/\" \/>\n<meta property=\"og:site_name\" content=\"IPlay\" \/>\n<meta property=\"article:modified_time\" content=\"2025-07-04T09:15:45+00:00\" \/>\n<meta property=\"og:image\" content=\"https:\/\/www.iplay.com\/wp-content\/uploads\/2024\/09\/400x400-clutter_17_-_flower_power_ce_large_square_tile_image.webp\" \/>\n\t<meta property=\"og:image:width\" content=\"400\" \/>\n\t<meta property=\"og:image:height\" content=\"400\" \/>\n\t<meta property=\"og:image:type\" content=\"image\/webp\" \/>\n<meta name=\"twitter:card\" content=\"summary_large_image\" \/>\n<meta name=\"twitter:label1\" content=\"Est. reading time\" \/>\n\t<meta name=\"twitter:data1\" content=\"5 minutos\" \/>\n<script type=\"application\/ld+json\" class=\"yoast-schema-graph\">{\"@context\":\"https:\/\/schema.org\",\"@graph\":[{\"@type\":\"WebPage\",\"@id\":\"https:\/\/www.iplay.com\/es\/games\/clutter-17-flower-power-collectors-edition\/\",\"url\":\"https:\/\/www.iplay.com\/es\/games\/clutter-17-flower-power-collectors-edition\/\",\"name\":\"Clutter 17 - Flower Power CE - \u00a1El juego de Clutter m\u00e1s entretenido y desafiante hasta la fecha!\",\"isPartOf\":{\"@id\":\"https:\/\/www.iplay.com\/en\/#website\"},\"primaryImageOfPage\":{\"@id\":\"https:\/\/www.iplay.com\/es\/games\/clutter-17-flower-power-collectors-edition\/#primaryimage\"},\"image\":{\"@id\":\"https:\/\/www.iplay.com\/es\/games\/clutter-17-flower-power-collectors-edition\/#primaryimage\"},\"thumbnailUrl\":\"https:\/\/www.iplay.com\/wp-content\/uploads\/2024\/09\/400x400-clutter_17_-_flower_power_ce_large_square_tile_image.webp\",\"datePublished\":\"2024-10-18T10:07:04+00:00\",\"dateModified\":\"2025-07-04T09:15:45+00:00\",\"description\":\"Enfr\u00e9ntate al desaf\u00edo de Clutter 17 - Flower Power Collector's Edition - \u00a1El juego de Clutter m\u00e1s entretenido y desafiante hasta la fecha!\",\"breadcrumb\":{\"@id\":\"https:\/\/www.iplay.com\/es\/games\/clutter-17-flower-power-collectors-edition\/#breadcrumb\"},\"inLanguage\":\"es\",\"potentialAction\":[{\"@type\":\"ReadAction\",\"target\":[\"https:\/\/www.iplay.com\/es\/games\/clutter-17-flower-power-collectors-edition\/\"]}]},{\"@type\":\"ImageObject\",\"inLanguage\":\"es\",\"@id\":\"https:\/\/www.iplay.com\/es\/games\/clutter-17-flower-power-collectors-edition\/#primaryimage\",\"url\":\"https:\/\/www.iplay.com\/wp-content\/uploads\/2024\/09\/400x400-clutter_17_-_flower_power_ce_large_square_tile_image.webp\",\"contentUrl\":\"https:\/\/www.iplay.com\/wp-content\/uploads\/2024\/09\/400x400-clutter_17_-_flower_power_ce_large_square_tile_image.webp\",\"width\":400,\"height\":400},{\"@type\":\"BreadcrumbList\",\"@id\":\"https:\/\/www.iplay.com\/es\/games\/clutter-17-flower-power-collectors-edition\/#breadcrumb\",\"itemListElement\":[{\"@type\":\"ListItem\",\"position\":1,\"name\":\"Home\",\"item\":\"https:\/\/www.iplay.com\/es\/home-page-2\/\"},{\"@type\":\"ListItem\",\"position\":2,\"name\":\"Shop\",\"item\":\"https:\/\/www.iplay.com\/en\/shop\/\"},{\"@type\":\"ListItem\",\"position\":3,\"name\":\"Clutter 17 &#8211; Flower Power Collector&#8217;s Edition\"}]},{\"@type\":\"WebSite\",\"@id\":\"https:\/\/www.iplay.com\/en\/#website\",\"url\":\"https:\/\/www.iplay.com\/en\/\",\"name\":\"IPlay\",\"description\":\"The Best Casual Games!\",\"publisher\":{\"@id\":\"https:\/\/www.iplay.com\/en\/#organization\"},\"potentialAction\":[{\"@type\":\"SearchAction\",\"target\":{\"@type\":\"EntryPoint\",\"urlTemplate\":\"https:\/\/www.iplay.com\/en\/?s={search_term_string}\"},\"query-input\":{\"@type\":\"PropertyValueSpecification\",\"valueRequired\":true,\"valueName\":\"search_term_string\"}}],\"inLanguage\":\"es\"},{\"@type\":\"Organization\",\"@id\":\"https:\/\/www.iplay.com\/en\/#organization\",\"name\":\"IPlay\",\"url\":\"https:\/\/www.iplay.com\/en\/\",\"logo\":{\"@type\":\"ImageObject\",\"inLanguage\":\"es\",\"@id\":\"https:\/\/www.iplay.com\/en\/#\/schema\/logo\/image\/\",\"url\":\"https:\/\/www.iplay.com\/wp-content\/uploads\/2023\/11\/Group-6100.svg\",\"contentUrl\":\"https:\/\/www.iplay.com\/wp-content\/uploads\/2023\/11\/Group-6100.svg\",\"width\":98,\"height\":25,\"caption\":\"IPlay\"},\"image\":{\"@id\":\"https:\/\/www.iplay.com\/en\/#\/schema\/logo\/image\/\"}}]}<\/script>\n<!-- \/ Yoast SEO Premium plugin. -->","yoast_head_json":{"title":"Clutter 17 - Flower Power CE - \u00a1El juego de Clutter m\u00e1s entretenido y desafiante hasta la fecha!","description":"Enfr\u00e9ntate al desaf\u00edo de Clutter 17 - Flower Power Collector's Edition - \u00a1El juego de Clutter m\u00e1s entretenido y desafiante hasta la fecha!","robots":{"index":"index","follow":"follow","max-snippet":"max-snippet:-1","max-image-preview":"max-image-preview:large","max-video-preview":"max-video-preview:-1"},"canonical":"https:\/\/www.iplay.com\/es\/games\/clutter-17-flower-power-collectors-edition\/","og_locale":"es_ES","og_type":"article","og_title":"Clutter 17 - Flower Power Collector's Edition","og_description":"Enfr\u00e9ntate al desaf\u00edo de Clutter 17 - Flower Power Collector's Edition - \u00a1El juego de Clutter m\u00e1s entretenido y desafiante hasta la fecha!","og_url":"https:\/\/www.iplay.com\/es\/games\/clutter-17-flower-power-collectors-edition\/","og_site_name":"IPlay","article_modified_time":"2025-07-04T09:15:45+00:00","og_image":[{"width":400,"height":400,"url":"https:\/\/www.iplay.com\/wp-content\/uploads\/2024\/09\/400x400-clutter_17_-_flower_power_ce_large_square_tile_image.webp","type":"image\/webp"}],"twitter_card":"summary_large_image","twitter_misc":{"Est. reading time":"5 minutos"},"schema":{"@context":"https:\/\/schema.org","@graph":[{"@type":"WebPage","@id":"https:\/\/www.iplay.com\/es\/games\/clutter-17-flower-power-collectors-edition\/","url":"https:\/\/www.iplay.com\/es\/games\/clutter-17-flower-power-collectors-edition\/","name":"Clutter 17 - Flower Power CE - \u00a1El juego de Clutter m\u00e1s entretenido y desafiante hasta la fecha!","isPartOf":{"@id":"https:\/\/www.iplay.com\/en\/#website"},"primaryImageOfPage":{"@id":"https:\/\/www.iplay.com\/es\/games\/clutter-17-flower-power-collectors-edition\/#primaryimage"},"image":{"@id":"https:\/\/www.iplay.com\/es\/games\/clutter-17-flower-power-collectors-edition\/#primaryimage"},"thumbnailUrl":"https:\/\/www.iplay.com\/wp-content\/uploads\/2024\/09\/400x400-clutter_17_-_flower_power_ce_large_square_tile_image.webp","datePublished":"2024-10-18T10:07:04+00:00","dateModified":"2025-07-04T09:15:45+00:00","description":"Enfr\u00e9ntate al desaf\u00edo de Clutter 17 - Flower Power Collector's Edition - \u00a1El juego de Clutter m\u00e1s entretenido y desafiante hasta la fecha!","breadcrumb":{"@id":"https:\/\/www.iplay.com\/es\/games\/clutter-17-flower-power-collectors-edition\/#breadcrumb"},"inLanguage":"es","potentialAction":[{"@type":"ReadAction","target":["https:\/\/www.iplay.com\/es\/games\/clutter-17-flower-power-collectors-edition\/"]}]},{"@type":"ImageObject","inLanguage":"es","@id":"https:\/\/www.iplay.com\/es\/games\/clutter-17-flower-power-collectors-edition\/#primaryimage","url":"https:\/\/www.iplay.com\/wp-content\/uploads\/2024\/09\/400x400-clutter_17_-_flower_power_ce_large_square_tile_image.webp","contentUrl":"https:\/\/www.iplay.com\/wp-content\/uploads\/2024\/09\/400x400-clutter_17_-_flower_power_ce_large_square_tile_image.webp","width":400,"height":400},{"@type":"BreadcrumbList","@id":"https:\/\/www.iplay.com\/es\/games\/clutter-17-flower-power-collectors-edition\/#breadcrumb","itemListElement":[{"@type":"ListItem","position":1,"name":"Home","item":"https:\/\/www.iplay.com\/es\/home-page-2\/"},{"@type":"ListItem","position":2,"name":"Shop","item":"https:\/\/www.iplay.com\/en\/shop\/"},{"@type":"ListItem","position":3,"name":"Clutter 17 &#8211; Flower Power Collector&#8217;s Edition"}]},{"@type":"WebSite","@id":"https:\/\/www.iplay.com\/en\/#website","url":"https:\/\/www.iplay.com\/en\/","name":"IPlay","description":"The Best Casual Games!","publisher":{"@id":"https:\/\/www.iplay.com\/en\/#organization"},"potentialAction":[{"@type":"SearchAction","target":{"@type":"EntryPoint","urlTemplate":"https:\/\/www.iplay.com\/en\/?s={search_term_string}"},"query-input":{"@type":"PropertyValueSpecification","valueRequired":true,"valueName":"search_term_string"}}],"inLanguage":"es"},{"@type":"Organization","@id":"https:\/\/www.iplay.com\/en\/#organization","name":"IPlay","url":"https:\/\/www.iplay.com\/en\/","logo":{"@type":"ImageObject","inLanguage":"es","@id":"https:\/\/www.iplay.com\/en\/#\/schema\/logo\/image\/","url":"https:\/\/www.iplay.com\/wp-content\/uploads\/2023\/11\/Group-6100.svg","contentUrl":"https:\/\/www.iplay.com\/wp-content\/uploads\/2023\/11\/Group-6100.svg","width":98,"height":25,"caption":"IPlay"},"image":{"@id":"https:\/\/www.iplay.com\/en\/#\/schema\/logo\/image\/"}}]}},"_links":{"self":[{"href":"https:\/\/www.iplay.com\/es\/wp-json\/wp\/v2\/product\/39538","targetHints":{"allow":["GET"]}}],"collection":[{"href":"https:\/\/www.iplay.com\/es\/wp-json\/wp\/v2\/product"}],"about":[{"href":"https:\/\/www.iplay.com\/es\/wp-json\/wp\/v2\/types\/product"}],"author":[{"embeddable":true,"href":"https:\/\/www.iplay.com\/es\/wp-json\/wp\/v2\/users\/41"}],"replies":[{"embeddable":true,"href":"https:\/\/www.iplay.com\/es\/wp-json\/wp\/v2\/comments?post=39538"}],"wp:featuredmedia":[{"embeddable":true,"href":"https:\/\/www.iplay.com\/es\/wp-json\/wp\/v2\/media\/39013"}],"wp:attachment":[{"href":"https:\/\/www.iplay.com\/es\/wp-json\/wp\/v2\/media?parent=39538"}],"wp:term":[{"taxonomy":"product_brand","embeddable":true,"href":"https:\/\/www.iplay.com\/es\/wp-json\/wp\/v2\/product_brand?post=39538"},{"taxonomy":"product_cat","embeddable":true,"href":"https:\/\/www.iplay.com\/es\/wp-json\/wp\/v2\/product_cat?post=39538"},{"taxonomy":"product_tag","embeddable":true,"href":"https:\/\/www.iplay.com\/es\/wp-json\/wp\/v2\/product_tag?post=39538"}],"curies":[{"name":"wp","href":"https:\/\/api.w.org\/{rel}","templated":true}]}}