{"id":39130,"date":"2013-12-20T00:00:00","date_gmt":"2013-12-20T00:00:00","guid":{"rendered":"https:\/\/www.iplay.com\/games\/adelantado-trilogy-book-3\/"},"modified":"2013-12-20T00:00:00","modified_gmt":"2013-12-20T00:00:00","slug":"adelantado-trilogy-book-3","status":"publish","type":"product","link":"https:\/\/www.iplay.com\/es\/games\/adelantado-trilogy-book-3\/","title":{"rendered":"Adelantado Trilogy Book 3"},"content":{"rendered":"<p>La secuela contin\u00faa inmediatamente despu\u00e9s de la conclusi\u00f3n del cap\u00edtulo anterior. Don Diego se encuentra en la cornisa de un escarpado acantilado, donde descubre una piedra que relata la narraci\u00f3n de antiguos y fascinantes reinos, as\u00ed como de sus hermosos pero peligrosos habitantes. A pesar de los peligros que se avecinan, el audaz explorador debe seguir adelante y terminar su misi\u00f3n para encontrar a la expedici\u00f3n perdida. Nuestro heroico h\u00e9roe ser\u00e1 escoltado por sus compa\u00f1eros de tripulaci\u00f3n en su camino hacia un gigantesco volc\u00e1n visto desde la distancia. Trabajar\u00e1n juntos para construir fuertes, explorar ruinas antiguas y criaturas forestales nunca antes vistas, defenderse de los neandertales y ayudar a los lugare\u00f1os.    <\/p>\n<p>&nbsp;<\/p>\n<p>&nbsp;<\/p>\n<p><strong>Funciones:<\/strong><\/p>\n<p>&nbsp;<\/p>\n<p>&#8211; Nueva historia sobre el arist\u00f3crata Adelantado<\/p>\n<p>&#8211; 10 niveles dif\u00edciles<\/p>\n<p>&#8211; Gr\u00e1ficos mejorados<\/p>\n<p>&#8211; Lugares y misiones fascinantes<\/p>\n","protected":false},"excerpt":{"rendered":"<p>La historia de Adelantado contin\u00faa: \u00a1prep\u00e1rate para el gran final de esta incre\u00edble trilog\u00eda!<\/p>\n","protected":false},"author":79,"featured_media":39135,"comment_status":"open","ping_status":"closed","template":"","meta":{"_acf_changed":false,"inline_featured_image":false},"product_brand":[],"product_cat":[212],"product_tag":[288],"class_list":{"0":"post-39130","1":"product","2":"type-product","3":"status-publish","4":"has-post-thumbnail","6":"product_cat-time-management-es","7":"product_tag-play-on-pc-es","9":"first","10":"instock","11":"shipping-taxable","12":"purchasable","13":"product-type-simple"},"acf":[],"yoast_head":"<!-- This site is optimized with the Yoast SEO Premium plugin v25.2 (Yoast SEO v25.2) - https:\/\/yoast.com\/wordpress\/plugins\/seo\/ -->\n<title>Trilog\u00eda de Adelantado Libro 3 - La \u00e9pica historia de Adelantado concluye con un impresionante final de trilog\u00eda<\/title>\n<meta name=\"description\" content=\"La historia de Adelantado contin\u00faa: \u00a1prep\u00e1rate para el gran final de esta incre\u00edble trilog\u00eda!\" \/>\n<meta name=\"robots\" content=\"index, follow, max-snippet:-1, max-image-preview:large, max-video-preview:-1\" \/>\n<link rel=\"canonical\" href=\"https:\/\/www.iplay.com\/es\/games\/adelantado-trilogy-book-3\/\" \/>\n<meta property=\"og:locale\" content=\"es_ES\" \/>\n<meta property=\"og:type\" content=\"article\" \/>\n<meta property=\"og:title\" content=\"Adelantado Trilogy Book 3\" \/>\n<meta property=\"og:description\" content=\"La historia de Adelantado contin\u00faa: \u00a1prep\u00e1rate para el gran final de esta incre\u00edble trilog\u00eda!\" \/>\n<meta property=\"og:url\" content=\"https:\/\/www.iplay.com\/es\/games\/adelantado-trilogy-book-3\/\" \/>\n<meta property=\"og:site_name\" content=\"IPlay\" \/>\n<meta property=\"og:image\" content=\"https:\/\/www.iplay.com\/wp-content\/uploads\/2023\/12\/large_square_tile_image-677.jpg\" \/>\n\t<meta property=\"og:image:width\" content=\"310\" \/>\n\t<meta property=\"og:image:height\" content=\"310\" \/>\n\t<meta property=\"og:image:type\" content=\"image\/jpeg\" \/>\n<meta name=\"twitter:card\" content=\"summary_large_image\" \/>\n<meta name=\"twitter:label1\" content=\"Est. reading time\" \/>\n\t<meta name=\"twitter:data1\" content=\"1 minuto\" \/>\n<script type=\"application\/ld+json\" class=\"yoast-schema-graph\">{\"@context\":\"https:\/\/schema.org\",\"@graph\":[{\"@type\":\"WebPage\",\"@id\":\"https:\/\/www.iplay.com\/es\/games\/adelantado-trilogy-book-3\/\",\"url\":\"https:\/\/www.iplay.com\/es\/games\/adelantado-trilogy-book-3\/\",\"name\":\"Trilog\u00eda de Adelantado Libro 3 - La \u00e9pica historia de Adelantado concluye con un impresionante final de trilog\u00eda\",\"isPartOf\":{\"@id\":\"https:\/\/www.iplay.com\/en\/#website\"},\"primaryImageOfPage\":{\"@id\":\"https:\/\/www.iplay.com\/es\/games\/adelantado-trilogy-book-3\/#primaryimage\"},\"image\":{\"@id\":\"https:\/\/www.iplay.com\/es\/games\/adelantado-trilogy-book-3\/#primaryimage\"},\"thumbnailUrl\":\"https:\/\/www.iplay.com\/wp-content\/uploads\/2023\/12\/large_square_tile_image-677.jpg\",\"datePublished\":\"2013-12-20T00:00:00+00:00\",\"description\":\"La historia de Adelantado contin\u00faa: \u00a1prep\u00e1rate para el gran final de esta incre\u00edble trilog\u00eda!\",\"breadcrumb\":{\"@id\":\"https:\/\/www.iplay.com\/es\/games\/adelantado-trilogy-book-3\/#breadcrumb\"},\"inLanguage\":\"es\",\"potentialAction\":[{\"@type\":\"ReadAction\",\"target\":[\"https:\/\/www.iplay.com\/es\/games\/adelantado-trilogy-book-3\/\"]}]},{\"@type\":\"ImageObject\",\"inLanguage\":\"es\",\"@id\":\"https:\/\/www.iplay.com\/es\/games\/adelantado-trilogy-book-3\/#primaryimage\",\"url\":\"https:\/\/www.iplay.com\/wp-content\/uploads\/2023\/12\/large_square_tile_image-677.jpg\",\"contentUrl\":\"https:\/\/www.iplay.com\/wp-content\/uploads\/2023\/12\/large_square_tile_image-677.jpg\",\"width\":310,\"height\":310},{\"@type\":\"BreadcrumbList\",\"@id\":\"https:\/\/www.iplay.com\/es\/games\/adelantado-trilogy-book-3\/#breadcrumb\",\"itemListElement\":[{\"@type\":\"ListItem\",\"position\":1,\"name\":\"Home\",\"item\":\"https:\/\/www.iplay.com\/es\/home-page-2\/\"},{\"@type\":\"ListItem\",\"position\":2,\"name\":\"Shop\",\"item\":\"https:\/\/www.iplay.com\/en\/shop\/\"},{\"@type\":\"ListItem\",\"position\":3,\"name\":\"Adelantado Trilogy Book 3\"}]},{\"@type\":\"WebSite\",\"@id\":\"https:\/\/www.iplay.com\/en\/#website\",\"url\":\"https:\/\/www.iplay.com\/en\/\",\"name\":\"IPlay\",\"description\":\"The Best Casual Games!\",\"publisher\":{\"@id\":\"https:\/\/www.iplay.com\/en\/#organization\"},\"potentialAction\":[{\"@type\":\"SearchAction\",\"target\":{\"@type\":\"EntryPoint\",\"urlTemplate\":\"https:\/\/www.iplay.com\/en\/?s={search_term_string}\"},\"query-input\":{\"@type\":\"PropertyValueSpecification\",\"valueRequired\":true,\"valueName\":\"search_term_string\"}}],\"inLanguage\":\"es\"},{\"@type\":\"Organization\",\"@id\":\"https:\/\/www.iplay.com\/en\/#organization\",\"name\":\"IPlay\",\"url\":\"https:\/\/www.iplay.com\/en\/\",\"logo\":{\"@type\":\"ImageObject\",\"inLanguage\":\"es\",\"@id\":\"https:\/\/www.iplay.com\/en\/#\/schema\/logo\/image\/\",\"url\":\"https:\/\/www.iplay.com\/wp-content\/uploads\/2023\/11\/Group-6100.svg\",\"contentUrl\":\"https:\/\/www.iplay.com\/wp-content\/uploads\/2023\/11\/Group-6100.svg\",\"width\":98,\"height\":25,\"caption\":\"IPlay\"},\"image\":{\"@id\":\"https:\/\/www.iplay.com\/en\/#\/schema\/logo\/image\/\"}}]}<\/script>\n<!-- \/ Yoast SEO Premium plugin. -->","yoast_head_json":{"title":"Trilog\u00eda de Adelantado Libro 3 - La \u00e9pica historia de Adelantado concluye con un impresionante final de trilog\u00eda","description":"La historia de Adelantado contin\u00faa: \u00a1prep\u00e1rate para el gran final de esta incre\u00edble trilog\u00eda!","robots":{"index":"index","follow":"follow","max-snippet":"max-snippet:-1","max-image-preview":"max-image-preview:large","max-video-preview":"max-video-preview:-1"},"canonical":"https:\/\/www.iplay.com\/es\/games\/adelantado-trilogy-book-3\/","og_locale":"es_ES","og_type":"article","og_title":"Adelantado Trilogy Book 3","og_description":"La historia de Adelantado contin\u00faa: \u00a1prep\u00e1rate para el gran final de esta incre\u00edble trilog\u00eda!","og_url":"https:\/\/www.iplay.com\/es\/games\/adelantado-trilogy-book-3\/","og_site_name":"IPlay","og_image":[{"width":310,"height":310,"url":"https:\/\/www.iplay.com\/wp-content\/uploads\/2023\/12\/large_square_tile_image-677.jpg","type":"image\/jpeg"}],"twitter_card":"summary_large_image","twitter_misc":{"Est. reading time":"1 minuto"},"schema":{"@context":"https:\/\/schema.org","@graph":[{"@type":"WebPage","@id":"https:\/\/www.iplay.com\/es\/games\/adelantado-trilogy-book-3\/","url":"https:\/\/www.iplay.com\/es\/games\/adelantado-trilogy-book-3\/","name":"Trilog\u00eda de Adelantado Libro 3 - La \u00e9pica historia de Adelantado concluye con un impresionante final de trilog\u00eda","isPartOf":{"@id":"https:\/\/www.iplay.com\/en\/#website"},"primaryImageOfPage":{"@id":"https:\/\/www.iplay.com\/es\/games\/adelantado-trilogy-book-3\/#primaryimage"},"image":{"@id":"https:\/\/www.iplay.com\/es\/games\/adelantado-trilogy-book-3\/#primaryimage"},"thumbnailUrl":"https:\/\/www.iplay.com\/wp-content\/uploads\/2023\/12\/large_square_tile_image-677.jpg","datePublished":"2013-12-20T00:00:00+00:00","description":"La historia de Adelantado contin\u00faa: \u00a1prep\u00e1rate para el gran final de esta incre\u00edble trilog\u00eda!","breadcrumb":{"@id":"https:\/\/www.iplay.com\/es\/games\/adelantado-trilogy-book-3\/#breadcrumb"},"inLanguage":"es","potentialAction":[{"@type":"ReadAction","target":["https:\/\/www.iplay.com\/es\/games\/adelantado-trilogy-book-3\/"]}]},{"@type":"ImageObject","inLanguage":"es","@id":"https:\/\/www.iplay.com\/es\/games\/adelantado-trilogy-book-3\/#primaryimage","url":"https:\/\/www.iplay.com\/wp-content\/uploads\/2023\/12\/large_square_tile_image-677.jpg","contentUrl":"https:\/\/www.iplay.com\/wp-content\/uploads\/2023\/12\/large_square_tile_image-677.jpg","width":310,"height":310},{"@type":"BreadcrumbList","@id":"https:\/\/www.iplay.com\/es\/games\/adelantado-trilogy-book-3\/#breadcrumb","itemListElement":[{"@type":"ListItem","position":1,"name":"Home","item":"https:\/\/www.iplay.com\/es\/home-page-2\/"},{"@type":"ListItem","position":2,"name":"Shop","item":"https:\/\/www.iplay.com\/en\/shop\/"},{"@type":"ListItem","position":3,"name":"Adelantado Trilogy Book 3"}]},{"@type":"WebSite","@id":"https:\/\/www.iplay.com\/en\/#website","url":"https:\/\/www.iplay.com\/en\/","name":"IPlay","description":"The Best Casual Games!","publisher":{"@id":"https:\/\/www.iplay.com\/en\/#organization"},"potentialAction":[{"@type":"SearchAction","target":{"@type":"EntryPoint","urlTemplate":"https:\/\/www.iplay.com\/en\/?s={search_term_string}"},"query-input":{"@type":"PropertyValueSpecification","valueRequired":true,"valueName":"search_term_string"}}],"inLanguage":"es"},{"@type":"Organization","@id":"https:\/\/www.iplay.com\/en\/#organization","name":"IPlay","url":"https:\/\/www.iplay.com\/en\/","logo":{"@type":"ImageObject","inLanguage":"es","@id":"https:\/\/www.iplay.com\/en\/#\/schema\/logo\/image\/","url":"https:\/\/www.iplay.com\/wp-content\/uploads\/2023\/11\/Group-6100.svg","contentUrl":"https:\/\/www.iplay.com\/wp-content\/uploads\/2023\/11\/Group-6100.svg","width":98,"height":25,"caption":"IPlay"},"image":{"@id":"https:\/\/www.iplay.com\/en\/#\/schema\/logo\/image\/"}}]}},"_links":{"self":[{"href":"https:\/\/www.iplay.com\/es\/wp-json\/wp\/v2\/product\/39130","targetHints":{"allow":["GET"]}}],"collection":[{"href":"https:\/\/www.iplay.com\/es\/wp-json\/wp\/v2\/product"}],"about":[{"href":"https:\/\/www.iplay.com\/es\/wp-json\/wp\/v2\/types\/product"}],"author":[{"embeddable":true,"href":"https:\/\/www.iplay.com\/es\/wp-json\/wp\/v2\/users\/79"}],"replies":[{"embeddable":true,"href":"https:\/\/www.iplay.com\/es\/wp-json\/wp\/v2\/comments?post=39130"}],"wp:featuredmedia":[{"embeddable":true,"href":"https:\/\/www.iplay.com\/es\/wp-json\/wp\/v2\/media\/39135"}],"wp:attachment":[{"href":"https:\/\/www.iplay.com\/es\/wp-json\/wp\/v2\/media?parent=39130"}],"wp:term":[{"taxonomy":"product_brand","embeddable":true,"href":"https:\/\/www.iplay.com\/es\/wp-json\/wp\/v2\/product_brand?post=39130"},{"taxonomy":"product_cat","embeddable":true,"href":"https:\/\/www.iplay.com\/es\/wp-json\/wp\/v2\/product_cat?post=39130"},{"taxonomy":"product_tag","embeddable":true,"href":"https:\/\/www.iplay.com\/es\/wp-json\/wp\/v2\/product_tag?post=39130"}],"curies":[{"name":"wp","href":"https:\/\/api.w.org\/{rel}","templated":true}]}}