{"id":38989,"date":"2024-09-13T14:01:38","date_gmt":"2024-09-13T14:01:38","guid":{"rendered":"https:\/\/www.iplay.com\/games\/12-labours-of-hercules-17-feathered-fury-collectors-edition\/"},"modified":"2025-06-26T12:34:03","modified_gmt":"2025-06-26T12:34:03","slug":"12-labours-of-hercules-17-feathered-fury-collectors-edition","status":"publish","type":"product","link":"https:\/\/www.iplay.com\/es\/games\/12-labours-of-hercules-17-feathered-fury-collectors-edition\/","title":{"rendered":"12 Labours of Hercules 17: Feathered Fury Collector&#8217;s Edition"},"content":{"rendered":"<p>En lo profundo del coraz\u00f3n de los bosques aztecas, un sabio sacerdote contempl\u00f3 el cielo nocturno y fue testigo de un presagio aterrador: un cometa colosal que se precipitaba hacia la Tierra, amenazando con acabar con toda la vida. Con el destino del mundo pendiendo de un hilo, se invoc\u00f3 la antigua sabidur\u00eda del pueblo azteca, y se convoc\u00f3 a un h\u00e9roe legendario para evitar este desastre. Por lo tanto, H\u00e9rcules, junto con sus leales compa\u00f1eros, se embarc\u00f3 en un peligroso viaje para descubrir la verdad detr\u00e1s de la amenaza celestial y salvar a la humanidad de la perdici\u00f3n inminente.  <\/p>\n<p>A medida que H\u00e9rcules se aventura en las densas selvas del mundo azteca, los jugadores ser\u00e1n guiados a trav\u00e9s de una aventura \u00e9pica llena de desaf\u00edos y descubrimientos. Magn\u00edficos templos, tallados en piedra antigua, esperan ser explorados, cada uno de los cuales contiene los secretos de las profec\u00edas aztecas olvidadas hace mucho tiempo. Estas profec\u00edas cr\u00edpticas son la clave para detener la cat\u00e1strofe que se avecina, pero no ser\u00e1n f\u00e1cilmente decodificadas. En el camino, el viaje llevar\u00e1 a H\u00e9rcules a trav\u00e9s de paisajes ardientes, tundras heladas y terrenos traicioneros, cada uno presentando su propio conjunto de acertijos y obst\u00e1culos \u00fanicos.   <\/p>\n<p>Pero el m\u00e1s formidable de todos los desaf\u00edos radica en el encuentro con Quetzalc\u00f3atl, la m\u00edtica serpiente emplumada, cuyo destino est\u00e1 ligado a la profec\u00eda misma. Lo que est\u00e1 en juego nunca ha sido tan alto, y el camino a la salvaci\u00f3n est\u00e1 lleno de peligros y maravillas. \u00bfEst\u00e1s preparado para guiar a H\u00e9rcules a trav\u00e9s de esta prueba, enfrent\u00e1ndote a fuerzas antiguas y poniendo a prueba tus habilidades estrat\u00e9gicas en el camino?  <\/p>\n<p>&nbsp;<\/p>\n<h3>Funciones:<\/h3>\n<ul>\n<li><strong>Descubre antiguos secretos aztecas<\/strong>: navega a trav\u00e9s de templos y resuelve antiguos acertijos que tienen la clave para salvar al mundo del inminente cometa.<\/li>\n<li><strong>Nueva configuraci\u00f3n de velocidad de juego<\/strong>: Experimenta la emoci\u00f3n de la aventura con H\u00e9rcules a tu lado, ajustando la velocidad del juego para que se adapte a tu estrategia y estilo de juego.<\/li>\n<li><strong>Obst\u00e1culos y aventuras \u00fanicos<\/strong>: Cada entorno, ya sea ardiente o congelado, ofrece un nuevo desaf\u00edo, llevando tus habilidades de resoluci\u00f3n de problemas al l\u00edmite.<\/li>\n<li><strong>Subniveles, niveles de bonificaci\u00f3n y niveles de s\u00faper bonificaci\u00f3n<\/strong>: Sum\u00e9rgete m\u00e1s profundamente en el juego con varios niveles dise\u00f1ados para extender tu aventura y aumentar la emoci\u00f3n.<\/li>\n<li><strong>Impresionantes im\u00e1genes HD<\/strong>: Sum\u00e9rgete en paisajes bellamente dise\u00f1ados y arquitectura azteca que cobra vida con gr\u00e1ficos de alta definici\u00f3n.<\/li>\n<\/ul>\n<h3><\/h3>\n<h3>Caracter\u00edsticas de la Edici\u00f3n de Coleccionista:<\/h3>\n<ul>\n<li><strong>Gu\u00eda interactiva<\/strong>: Nunca pierda el rumbo con una gu\u00eda completa que ayuda a navegar por las partes m\u00e1s desafiantes del viaje.<\/li>\n<li><strong>Fondos de pantalla<\/strong>: Lleva la belleza del mundo azteca a tu pantalla con impresionantes fondos de pantalla incluidos en la Edici\u00f3n de Coleccionista.<\/li>\n<li><strong>Niveles de bonificaci\u00f3n adicionales<\/strong>: Pon a prueba tus habilidades a\u00fan m\u00e1s con contenido de bonificaci\u00f3n exclusivo que agrega a\u00fan m\u00e1s profundidad a tu experiencia.<\/li>\n<li><strong>Castillo del dios azteca en el cielo<\/strong>: Explora el majestuoso y misterioso castillo en el cielo, un nivel extra lleno de secretos y maravillas que esperan ser descubiertos.<\/li>\n<\/ul>\n<p>&nbsp;<\/p>\n<p>En <em>12 Labours of Hercules XVII: Feathered Fury<\/em>, los jugadores no solo tienen la tarea de salvar el mundo, sino tambi\u00e9n de experimentar una mezcla magistral de estrategia y diversi\u00f3n. Este juego ofrece un emocionante viaje a trav\u00e9s del rico y m\u00edstico mundo de la cultura azteca, al tiempo que ofrece una jugabilidad \u00fanica y desafiante. <\/p>\n<p>Tanto si eres un estratega experimentado como si simplemente buscas una aventura inmersiva, <em>Feathered Fury<\/em> ofrece un equilibrio perfecto entre desaf\u00edo y diversi\u00f3n. Cada puzle, cada nivel y cada secreto oculto contribuye a una experiencia inolvidable que pondr\u00e1 a prueba tanto tu mente como tus reflejos. Con impresionantes efectos visuales, niveles ricamente dise\u00f1ados y nuevas y emocionantes funciones, esta aventura garantiza innumerables horas de diversi\u00f3n estrat\u00e9gica sin la necesidad de costosas inversiones en tiempo o dinero.  <\/p>\n<p>Prep\u00e1rate para adentrarte en un mundo donde los mitos antiguos chocan con aventuras \u00e9picas, y el destino del planeta est\u00e1 en tus manos. \u00a1Acepta el desaf\u00edo hoy y lleva a H\u00e9rcules a la victoria en esta emocionante historia de estrategia, mitolog\u00eda y peligro celestial!<\/p>\n","protected":false},"excerpt":{"rendered":"<p><strong>12 Trabajos de H\u00e9rcules 17 &#8211; Furia Emplumada Edici\u00f3n Coleccionista<\/strong> &#8211; Ayuda a H\u00e9rcules a prevenir el desastre de un cometa<\/p>\n","protected":false},"author":14,"featured_media":38994,"comment_status":"open","ping_status":"closed","template":"","meta":{"_acf_changed":false,"inline_featured_image":false},"product_brand":[],"product_cat":[212],"product_tag":[288],"class_list":{"0":"post-38989","1":"product","2":"type-product","3":"status-publish","4":"has-post-thumbnail","6":"product_cat-time-management-es","7":"product_tag-play-on-pc-es","9":"first","10":"instock","11":"shipping-taxable","12":"purchasable","13":"product-type-simple"},"acf":[],"yoast_head":"<!-- This site is optimized with the Yoast SEO Premium plugin v25.2 (Yoast SEO v25.2) - https:\/\/yoast.com\/wordpress\/plugins\/seo\/ -->\n<title>12 Trabajos de H\u00e9rcules 17: Furia Emplumada CE - Ayuda a H\u00e9rcules a evitar el desastre de un cometa<\/title>\n<meta name=\"description\" content=\"12 Trabajos de H\u00e9rcules 17 - Furia Emplumada Edici\u00f3n Coleccionista - Ayuda a H\u00e9rcules a prevenir el desastre de un cometa\" \/>\n<meta name=\"robots\" content=\"index, follow, max-snippet:-1, max-image-preview:large, max-video-preview:-1\" \/>\n<link rel=\"canonical\" href=\"https:\/\/www.iplay.com\/es\/games\/12-labours-of-hercules-17-feathered-fury-collectors-edition\/\" \/>\n<meta property=\"og:locale\" content=\"es_ES\" \/>\n<meta property=\"og:type\" content=\"article\" \/>\n<meta property=\"og:title\" content=\"12 Labours of Hercules 17: Feathered Fury Collector&#039;s Edition\" \/>\n<meta property=\"og:description\" content=\"12 Trabajos de H\u00e9rcules 17 - Furia Emplumada Edici\u00f3n Coleccionista - Ayuda a H\u00e9rcules a prevenir el desastre de un cometa\" \/>\n<meta property=\"og:url\" content=\"https:\/\/www.iplay.com\/es\/games\/12-labours-of-hercules-17-feathered-fury-collectors-edition\/\" \/>\n<meta property=\"og:site_name\" content=\"IPlay\" \/>\n<meta property=\"article:modified_time\" content=\"2025-06-26T12:34:03+00:00\" \/>\n<meta property=\"og:image\" content=\"https:\/\/www.iplay.com\/wp-content\/uploads\/2024\/09\/400x400-12_labours_of_hercules_17_-_feathered_fury_ce_large_square_tile_image.webp\" \/>\n\t<meta property=\"og:image:width\" content=\"400\" \/>\n\t<meta property=\"og:image:height\" content=\"400\" \/>\n\t<meta property=\"og:image:type\" content=\"image\/webp\" \/>\n<meta name=\"twitter:card\" content=\"summary_large_image\" \/>\n<meta name=\"twitter:label1\" content=\"Est. reading time\" \/>\n\t<meta name=\"twitter:data1\" content=\"4 minutos\" \/>\n<script type=\"application\/ld+json\" class=\"yoast-schema-graph\">{\"@context\":\"https:\/\/schema.org\",\"@graph\":[{\"@type\":\"WebPage\",\"@id\":\"https:\/\/www.iplay.com\/es\/games\/12-labours-of-hercules-17-feathered-fury-collectors-edition\/\",\"url\":\"https:\/\/www.iplay.com\/es\/games\/12-labours-of-hercules-17-feathered-fury-collectors-edition\/\",\"name\":\"12 Trabajos de H\u00e9rcules 17: Furia Emplumada CE - Ayuda a H\u00e9rcules a evitar el desastre de un cometa\",\"isPartOf\":{\"@id\":\"https:\/\/www.iplay.com\/en\/#website\"},\"primaryImageOfPage\":{\"@id\":\"https:\/\/www.iplay.com\/es\/games\/12-labours-of-hercules-17-feathered-fury-collectors-edition\/#primaryimage\"},\"image\":{\"@id\":\"https:\/\/www.iplay.com\/es\/games\/12-labours-of-hercules-17-feathered-fury-collectors-edition\/#primaryimage\"},\"thumbnailUrl\":\"https:\/\/www.iplay.com\/wp-content\/uploads\/2024\/09\/400x400-12_labours_of_hercules_17_-_feathered_fury_ce_large_square_tile_image.webp\",\"datePublished\":\"2024-09-13T14:01:38+00:00\",\"dateModified\":\"2025-06-26T12:34:03+00:00\",\"description\":\"12 Trabajos de H\u00e9rcules 17 - Furia Emplumada Edici\u00f3n Coleccionista - Ayuda a H\u00e9rcules a prevenir el desastre de un cometa\",\"breadcrumb\":{\"@id\":\"https:\/\/www.iplay.com\/es\/games\/12-labours-of-hercules-17-feathered-fury-collectors-edition\/#breadcrumb\"},\"inLanguage\":\"es\",\"potentialAction\":[{\"@type\":\"ReadAction\",\"target\":[\"https:\/\/www.iplay.com\/es\/games\/12-labours-of-hercules-17-feathered-fury-collectors-edition\/\"]}]},{\"@type\":\"ImageObject\",\"inLanguage\":\"es\",\"@id\":\"https:\/\/www.iplay.com\/es\/games\/12-labours-of-hercules-17-feathered-fury-collectors-edition\/#primaryimage\",\"url\":\"https:\/\/www.iplay.com\/wp-content\/uploads\/2024\/09\/400x400-12_labours_of_hercules_17_-_feathered_fury_ce_large_square_tile_image.webp\",\"contentUrl\":\"https:\/\/www.iplay.com\/wp-content\/uploads\/2024\/09\/400x400-12_labours_of_hercules_17_-_feathered_fury_ce_large_square_tile_image.webp\",\"width\":400,\"height\":400},{\"@type\":\"BreadcrumbList\",\"@id\":\"https:\/\/www.iplay.com\/es\/games\/12-labours-of-hercules-17-feathered-fury-collectors-edition\/#breadcrumb\",\"itemListElement\":[{\"@type\":\"ListItem\",\"position\":1,\"name\":\"Home\",\"item\":\"https:\/\/www.iplay.com\/es\/home-page-2\/\"},{\"@type\":\"ListItem\",\"position\":2,\"name\":\"Shop\",\"item\":\"https:\/\/www.iplay.com\/en\/shop\/\"},{\"@type\":\"ListItem\",\"position\":3,\"name\":\"12 Labours of Hercules 17: Feathered Fury Collector&#8217;s Edition\"}]},{\"@type\":\"WebSite\",\"@id\":\"https:\/\/www.iplay.com\/en\/#website\",\"url\":\"https:\/\/www.iplay.com\/en\/\",\"name\":\"IPlay\",\"description\":\"The Best Casual Games!\",\"publisher\":{\"@id\":\"https:\/\/www.iplay.com\/en\/#organization\"},\"potentialAction\":[{\"@type\":\"SearchAction\",\"target\":{\"@type\":\"EntryPoint\",\"urlTemplate\":\"https:\/\/www.iplay.com\/en\/?s={search_term_string}\"},\"query-input\":{\"@type\":\"PropertyValueSpecification\",\"valueRequired\":true,\"valueName\":\"search_term_string\"}}],\"inLanguage\":\"es\"},{\"@type\":\"Organization\",\"@id\":\"https:\/\/www.iplay.com\/en\/#organization\",\"name\":\"IPlay\",\"url\":\"https:\/\/www.iplay.com\/en\/\",\"logo\":{\"@type\":\"ImageObject\",\"inLanguage\":\"es\",\"@id\":\"https:\/\/www.iplay.com\/en\/#\/schema\/logo\/image\/\",\"url\":\"https:\/\/www.iplay.com\/wp-content\/uploads\/2023\/11\/Group-6100.svg\",\"contentUrl\":\"https:\/\/www.iplay.com\/wp-content\/uploads\/2023\/11\/Group-6100.svg\",\"width\":98,\"height\":25,\"caption\":\"IPlay\"},\"image\":{\"@id\":\"https:\/\/www.iplay.com\/en\/#\/schema\/logo\/image\/\"}}]}<\/script>\n<!-- \/ Yoast SEO Premium plugin. -->","yoast_head_json":{"title":"12 Trabajos de H\u00e9rcules 17: Furia Emplumada CE - Ayuda a H\u00e9rcules a evitar el desastre de un cometa","description":"12 Trabajos de H\u00e9rcules 17 - Furia Emplumada Edici\u00f3n Coleccionista - Ayuda a H\u00e9rcules a prevenir el desastre de un cometa","robots":{"index":"index","follow":"follow","max-snippet":"max-snippet:-1","max-image-preview":"max-image-preview:large","max-video-preview":"max-video-preview:-1"},"canonical":"https:\/\/www.iplay.com\/es\/games\/12-labours-of-hercules-17-feathered-fury-collectors-edition\/","og_locale":"es_ES","og_type":"article","og_title":"12 Labours of Hercules 17: Feathered Fury Collector's Edition","og_description":"12 Trabajos de H\u00e9rcules 17 - Furia Emplumada Edici\u00f3n Coleccionista - Ayuda a H\u00e9rcules a prevenir el desastre de un cometa","og_url":"https:\/\/www.iplay.com\/es\/games\/12-labours-of-hercules-17-feathered-fury-collectors-edition\/","og_site_name":"IPlay","article_modified_time":"2025-06-26T12:34:03+00:00","og_image":[{"width":400,"height":400,"url":"https:\/\/www.iplay.com\/wp-content\/uploads\/2024\/09\/400x400-12_labours_of_hercules_17_-_feathered_fury_ce_large_square_tile_image.webp","type":"image\/webp"}],"twitter_card":"summary_large_image","twitter_misc":{"Est. reading time":"4 minutos"},"schema":{"@context":"https:\/\/schema.org","@graph":[{"@type":"WebPage","@id":"https:\/\/www.iplay.com\/es\/games\/12-labours-of-hercules-17-feathered-fury-collectors-edition\/","url":"https:\/\/www.iplay.com\/es\/games\/12-labours-of-hercules-17-feathered-fury-collectors-edition\/","name":"12 Trabajos de H\u00e9rcules 17: Furia Emplumada CE - Ayuda a H\u00e9rcules a evitar el desastre de un cometa","isPartOf":{"@id":"https:\/\/www.iplay.com\/en\/#website"},"primaryImageOfPage":{"@id":"https:\/\/www.iplay.com\/es\/games\/12-labours-of-hercules-17-feathered-fury-collectors-edition\/#primaryimage"},"image":{"@id":"https:\/\/www.iplay.com\/es\/games\/12-labours-of-hercules-17-feathered-fury-collectors-edition\/#primaryimage"},"thumbnailUrl":"https:\/\/www.iplay.com\/wp-content\/uploads\/2024\/09\/400x400-12_labours_of_hercules_17_-_feathered_fury_ce_large_square_tile_image.webp","datePublished":"2024-09-13T14:01:38+00:00","dateModified":"2025-06-26T12:34:03+00:00","description":"12 Trabajos de H\u00e9rcules 17 - Furia Emplumada Edici\u00f3n Coleccionista - Ayuda a H\u00e9rcules a prevenir el desastre de un cometa","breadcrumb":{"@id":"https:\/\/www.iplay.com\/es\/games\/12-labours-of-hercules-17-feathered-fury-collectors-edition\/#breadcrumb"},"inLanguage":"es","potentialAction":[{"@type":"ReadAction","target":["https:\/\/www.iplay.com\/es\/games\/12-labours-of-hercules-17-feathered-fury-collectors-edition\/"]}]},{"@type":"ImageObject","inLanguage":"es","@id":"https:\/\/www.iplay.com\/es\/games\/12-labours-of-hercules-17-feathered-fury-collectors-edition\/#primaryimage","url":"https:\/\/www.iplay.com\/wp-content\/uploads\/2024\/09\/400x400-12_labours_of_hercules_17_-_feathered_fury_ce_large_square_tile_image.webp","contentUrl":"https:\/\/www.iplay.com\/wp-content\/uploads\/2024\/09\/400x400-12_labours_of_hercules_17_-_feathered_fury_ce_large_square_tile_image.webp","width":400,"height":400},{"@type":"BreadcrumbList","@id":"https:\/\/www.iplay.com\/es\/games\/12-labours-of-hercules-17-feathered-fury-collectors-edition\/#breadcrumb","itemListElement":[{"@type":"ListItem","position":1,"name":"Home","item":"https:\/\/www.iplay.com\/es\/home-page-2\/"},{"@type":"ListItem","position":2,"name":"Shop","item":"https:\/\/www.iplay.com\/en\/shop\/"},{"@type":"ListItem","position":3,"name":"12 Labours of Hercules 17: Feathered Fury Collector&#8217;s Edition"}]},{"@type":"WebSite","@id":"https:\/\/www.iplay.com\/en\/#website","url":"https:\/\/www.iplay.com\/en\/","name":"IPlay","description":"The Best Casual Games!","publisher":{"@id":"https:\/\/www.iplay.com\/en\/#organization"},"potentialAction":[{"@type":"SearchAction","target":{"@type":"EntryPoint","urlTemplate":"https:\/\/www.iplay.com\/en\/?s={search_term_string}"},"query-input":{"@type":"PropertyValueSpecification","valueRequired":true,"valueName":"search_term_string"}}],"inLanguage":"es"},{"@type":"Organization","@id":"https:\/\/www.iplay.com\/en\/#organization","name":"IPlay","url":"https:\/\/www.iplay.com\/en\/","logo":{"@type":"ImageObject","inLanguage":"es","@id":"https:\/\/www.iplay.com\/en\/#\/schema\/logo\/image\/","url":"https:\/\/www.iplay.com\/wp-content\/uploads\/2023\/11\/Group-6100.svg","contentUrl":"https:\/\/www.iplay.com\/wp-content\/uploads\/2023\/11\/Group-6100.svg","width":98,"height":25,"caption":"IPlay"},"image":{"@id":"https:\/\/www.iplay.com\/en\/#\/schema\/logo\/image\/"}}]}},"_links":{"self":[{"href":"https:\/\/www.iplay.com\/es\/wp-json\/wp\/v2\/product\/38989","targetHints":{"allow":["GET"]}}],"collection":[{"href":"https:\/\/www.iplay.com\/es\/wp-json\/wp\/v2\/product"}],"about":[{"href":"https:\/\/www.iplay.com\/es\/wp-json\/wp\/v2\/types\/product"}],"author":[{"embeddable":true,"href":"https:\/\/www.iplay.com\/es\/wp-json\/wp\/v2\/users\/14"}],"replies":[{"embeddable":true,"href":"https:\/\/www.iplay.com\/es\/wp-json\/wp\/v2\/comments?post=38989"}],"wp:featuredmedia":[{"embeddable":true,"href":"https:\/\/www.iplay.com\/es\/wp-json\/wp\/v2\/media\/38994"}],"wp:attachment":[{"href":"https:\/\/www.iplay.com\/es\/wp-json\/wp\/v2\/media?parent=38989"}],"wp:term":[{"taxonomy":"product_brand","embeddable":true,"href":"https:\/\/www.iplay.com\/es\/wp-json\/wp\/v2\/product_brand?post=38989"},{"taxonomy":"product_cat","embeddable":true,"href":"https:\/\/www.iplay.com\/es\/wp-json\/wp\/v2\/product_cat?post=38989"},{"taxonomy":"product_tag","embeddable":true,"href":"https:\/\/www.iplay.com\/es\/wp-json\/wp\/v2\/product_tag?post=38989"}],"curies":[{"name":"wp","href":"https:\/\/api.w.org\/{rel}","templated":true}]}}