{"id":38541,"date":"2022-12-20T00:00:00","date_gmt":"2022-12-20T00:00:00","guid":{"rendered":"https:\/\/www.iplay.com\/games\/artists-of-fortune-spirit-of-christmas\/"},"modified":"2022-12-20T00:00:00","modified_gmt":"2022-12-20T00:00:00","slug":"artists-of-fortune-spirit-of-christmas","status":"publish","type":"product","link":"https:\/\/www.iplay.com\/es\/games\/artists-of-fortune-spirit-of-christmas\/","title":{"rendered":"Artists Of Fortune: Spirit Of Christmas"},"content":{"rendered":"<p>La Navidad se acerca r\u00e1pidamente, \u00a1y eso significa un nuevo conjunto de acertijos festivos de pixel art para responder! \u00bfEst\u00e1s preparado para afrontar el reto? \u00a1Examina los bonos de Navidad para ver si puedes obtenerlos todos!  <\/p>\n<p>&nbsp;<\/p>\n<p>&nbsp;<\/p>\n<p><strong>Funciones:<\/strong><\/p>\n<p>&nbsp;<\/p>\n<p>&#8211; 120 impresionantes piezas de pixel art<\/p>\n<p>&#8211; Pr\u00e1ctico minimapa y otras herramientas<\/p>\n<p>&#8211; Color de resaltado seleccionable: impresionante acompa\u00f1amiento de audio navide\u00f1o<\/p>\n<p>&#8211; Rel\u00e1jate y disfruta de d\u00edas de diversi\u00f3n<\/p>\n","protected":false},"excerpt":{"rendered":"<p>\u00a1Habr\u00e1 nuevos rompecabezas con pixel art festivo a medida que se acerque la Navidad!<\/p>\n","protected":false},"author":45,"featured_media":38542,"comment_status":"open","ping_status":"closed","template":"","meta":{"_acf_changed":false,"inline_featured_image":false},"product_brand":[],"product_cat":[192],"product_tag":[],"class_list":{"0":"post-38541","1":"product","2":"type-product","3":"status-publish","4":"has-post-thumbnail","6":"product_cat-puzzle-es","8":"first","9":"instock","10":"shipping-taxable","11":"purchasable","12":"product-type-simple"},"acf":[],"yoast_head":"<!-- This site is optimized with the Yoast SEO Premium plugin v25.2 (Yoast SEO v25.2) - https:\/\/yoast.com\/wordpress\/plugins\/seo\/ -->\n<title>Artists Of Fortune: Spirit Of Christmas - Resuelve acertijos festivos de pixel art en rompecabezas navide\u00f1os<\/title>\n<meta name=\"description\" content=\"\u00a1Habr\u00e1 nuevos rompecabezas con pixel art festivo a medida que se acerque la Navidad!\" \/>\n<meta name=\"robots\" content=\"index, follow, max-snippet:-1, max-image-preview:large, max-video-preview:-1\" \/>\n<link rel=\"canonical\" href=\"https:\/\/www.iplay.com\/es\/games\/artists-of-fortune-spirit-of-christmas\/\" \/>\n<meta property=\"og:locale\" content=\"es_ES\" \/>\n<meta property=\"og:type\" content=\"article\" \/>\n<meta property=\"og:title\" content=\"Artists Of Fortune: Spirit Of Christmas\" \/>\n<meta property=\"og:description\" content=\"\u00a1Habr\u00e1 nuevos rompecabezas con pixel art festivo a medida que se acerque la Navidad!\" \/>\n<meta property=\"og:url\" content=\"https:\/\/www.iplay.com\/es\/games\/artists-of-fortune-spirit-of-christmas\/\" \/>\n<meta property=\"og:site_name\" content=\"IPlay\" \/>\n<meta property=\"og:image\" content=\"https:\/\/www.iplay.com\/wp-content\/uploads\/2023\/12\/large_square_tile_image-2181.jpg\" \/>\n\t<meta property=\"og:image:width\" content=\"310\" \/>\n\t<meta property=\"og:image:height\" content=\"310\" \/>\n\t<meta property=\"og:image:type\" content=\"image\/jpeg\" \/>\n<meta name=\"twitter:card\" content=\"summary_large_image\" \/>\n<script type=\"application\/ld+json\" class=\"yoast-schema-graph\">{\"@context\":\"https:\/\/schema.org\",\"@graph\":[{\"@type\":\"WebPage\",\"@id\":\"https:\/\/www.iplay.com\/es\/games\/artists-of-fortune-spirit-of-christmas\/\",\"url\":\"https:\/\/www.iplay.com\/es\/games\/artists-of-fortune-spirit-of-christmas\/\",\"name\":\"Artists Of Fortune: Spirit Of Christmas - Resuelve acertijos festivos de pixel art en rompecabezas navide\u00f1os\",\"isPartOf\":{\"@id\":\"https:\/\/www.iplay.com\/en\/#website\"},\"primaryImageOfPage\":{\"@id\":\"https:\/\/www.iplay.com\/es\/games\/artists-of-fortune-spirit-of-christmas\/#primaryimage\"},\"image\":{\"@id\":\"https:\/\/www.iplay.com\/es\/games\/artists-of-fortune-spirit-of-christmas\/#primaryimage\"},\"thumbnailUrl\":\"https:\/\/www.iplay.com\/wp-content\/uploads\/2023\/12\/large_square_tile_image-2181.jpg\",\"datePublished\":\"2022-12-20T00:00:00+00:00\",\"description\":\"\u00a1Habr\u00e1 nuevos rompecabezas con pixel art festivo a medida que se acerque la Navidad!\",\"breadcrumb\":{\"@id\":\"https:\/\/www.iplay.com\/es\/games\/artists-of-fortune-spirit-of-christmas\/#breadcrumb\"},\"inLanguage\":\"es\",\"potentialAction\":[{\"@type\":\"ReadAction\",\"target\":[\"https:\/\/www.iplay.com\/es\/games\/artists-of-fortune-spirit-of-christmas\/\"]}]},{\"@type\":\"ImageObject\",\"inLanguage\":\"es\",\"@id\":\"https:\/\/www.iplay.com\/es\/games\/artists-of-fortune-spirit-of-christmas\/#primaryimage\",\"url\":\"https:\/\/www.iplay.com\/wp-content\/uploads\/2023\/12\/large_square_tile_image-2181.jpg\",\"contentUrl\":\"https:\/\/www.iplay.com\/wp-content\/uploads\/2023\/12\/large_square_tile_image-2181.jpg\",\"width\":310,\"height\":310},{\"@type\":\"BreadcrumbList\",\"@id\":\"https:\/\/www.iplay.com\/es\/games\/artists-of-fortune-spirit-of-christmas\/#breadcrumb\",\"itemListElement\":[{\"@type\":\"ListItem\",\"position\":1,\"name\":\"Home\",\"item\":\"https:\/\/www.iplay.com\/es\/home-page-2\/\"},{\"@type\":\"ListItem\",\"position\":2,\"name\":\"Shop\",\"item\":\"https:\/\/www.iplay.com\/en\/shop\/\"},{\"@type\":\"ListItem\",\"position\":3,\"name\":\"Artists Of Fortune: Spirit Of Christmas\"}]},{\"@type\":\"WebSite\",\"@id\":\"https:\/\/www.iplay.com\/en\/#website\",\"url\":\"https:\/\/www.iplay.com\/en\/\",\"name\":\"IPlay\",\"description\":\"The Best Casual Games!\",\"publisher\":{\"@id\":\"https:\/\/www.iplay.com\/en\/#organization\"},\"potentialAction\":[{\"@type\":\"SearchAction\",\"target\":{\"@type\":\"EntryPoint\",\"urlTemplate\":\"https:\/\/www.iplay.com\/en\/?s={search_term_string}\"},\"query-input\":{\"@type\":\"PropertyValueSpecification\",\"valueRequired\":true,\"valueName\":\"search_term_string\"}}],\"inLanguage\":\"es\"},{\"@type\":\"Organization\",\"@id\":\"https:\/\/www.iplay.com\/en\/#organization\",\"name\":\"IPlay\",\"url\":\"https:\/\/www.iplay.com\/en\/\",\"logo\":{\"@type\":\"ImageObject\",\"inLanguage\":\"es\",\"@id\":\"https:\/\/www.iplay.com\/en\/#\/schema\/logo\/image\/\",\"url\":\"https:\/\/www.iplay.com\/wp-content\/uploads\/2023\/11\/Group-6100.svg\",\"contentUrl\":\"https:\/\/www.iplay.com\/wp-content\/uploads\/2023\/11\/Group-6100.svg\",\"width\":98,\"height\":25,\"caption\":\"IPlay\"},\"image\":{\"@id\":\"https:\/\/www.iplay.com\/en\/#\/schema\/logo\/image\/\"}}]}<\/script>\n<!-- \/ Yoast SEO Premium plugin. -->","yoast_head_json":{"title":"Artists Of Fortune: Spirit Of Christmas - Resuelve acertijos festivos de pixel art en rompecabezas navide\u00f1os","description":"\u00a1Habr\u00e1 nuevos rompecabezas con pixel art festivo a medida que se acerque la Navidad!","robots":{"index":"index","follow":"follow","max-snippet":"max-snippet:-1","max-image-preview":"max-image-preview:large","max-video-preview":"max-video-preview:-1"},"canonical":"https:\/\/www.iplay.com\/es\/games\/artists-of-fortune-spirit-of-christmas\/","og_locale":"es_ES","og_type":"article","og_title":"Artists Of Fortune: Spirit Of Christmas","og_description":"\u00a1Habr\u00e1 nuevos rompecabezas con pixel art festivo a medida que se acerque la Navidad!","og_url":"https:\/\/www.iplay.com\/es\/games\/artists-of-fortune-spirit-of-christmas\/","og_site_name":"IPlay","og_image":[{"width":310,"height":310,"url":"https:\/\/www.iplay.com\/wp-content\/uploads\/2023\/12\/large_square_tile_image-2181.jpg","type":"image\/jpeg"}],"twitter_card":"summary_large_image","schema":{"@context":"https:\/\/schema.org","@graph":[{"@type":"WebPage","@id":"https:\/\/www.iplay.com\/es\/games\/artists-of-fortune-spirit-of-christmas\/","url":"https:\/\/www.iplay.com\/es\/games\/artists-of-fortune-spirit-of-christmas\/","name":"Artists Of Fortune: Spirit Of Christmas - Resuelve acertijos festivos de pixel art en rompecabezas navide\u00f1os","isPartOf":{"@id":"https:\/\/www.iplay.com\/en\/#website"},"primaryImageOfPage":{"@id":"https:\/\/www.iplay.com\/es\/games\/artists-of-fortune-spirit-of-christmas\/#primaryimage"},"image":{"@id":"https:\/\/www.iplay.com\/es\/games\/artists-of-fortune-spirit-of-christmas\/#primaryimage"},"thumbnailUrl":"https:\/\/www.iplay.com\/wp-content\/uploads\/2023\/12\/large_square_tile_image-2181.jpg","datePublished":"2022-12-20T00:00:00+00:00","description":"\u00a1Habr\u00e1 nuevos rompecabezas con pixel art festivo a medida que se acerque la Navidad!","breadcrumb":{"@id":"https:\/\/www.iplay.com\/es\/games\/artists-of-fortune-spirit-of-christmas\/#breadcrumb"},"inLanguage":"es","potentialAction":[{"@type":"ReadAction","target":["https:\/\/www.iplay.com\/es\/games\/artists-of-fortune-spirit-of-christmas\/"]}]},{"@type":"ImageObject","inLanguage":"es","@id":"https:\/\/www.iplay.com\/es\/games\/artists-of-fortune-spirit-of-christmas\/#primaryimage","url":"https:\/\/www.iplay.com\/wp-content\/uploads\/2023\/12\/large_square_tile_image-2181.jpg","contentUrl":"https:\/\/www.iplay.com\/wp-content\/uploads\/2023\/12\/large_square_tile_image-2181.jpg","width":310,"height":310},{"@type":"BreadcrumbList","@id":"https:\/\/www.iplay.com\/es\/games\/artists-of-fortune-spirit-of-christmas\/#breadcrumb","itemListElement":[{"@type":"ListItem","position":1,"name":"Home","item":"https:\/\/www.iplay.com\/es\/home-page-2\/"},{"@type":"ListItem","position":2,"name":"Shop","item":"https:\/\/www.iplay.com\/en\/shop\/"},{"@type":"ListItem","position":3,"name":"Artists Of Fortune: Spirit Of Christmas"}]},{"@type":"WebSite","@id":"https:\/\/www.iplay.com\/en\/#website","url":"https:\/\/www.iplay.com\/en\/","name":"IPlay","description":"The Best Casual Games!","publisher":{"@id":"https:\/\/www.iplay.com\/en\/#organization"},"potentialAction":[{"@type":"SearchAction","target":{"@type":"EntryPoint","urlTemplate":"https:\/\/www.iplay.com\/en\/?s={search_term_string}"},"query-input":{"@type":"PropertyValueSpecification","valueRequired":true,"valueName":"search_term_string"}}],"inLanguage":"es"},{"@type":"Organization","@id":"https:\/\/www.iplay.com\/en\/#organization","name":"IPlay","url":"https:\/\/www.iplay.com\/en\/","logo":{"@type":"ImageObject","inLanguage":"es","@id":"https:\/\/www.iplay.com\/en\/#\/schema\/logo\/image\/","url":"https:\/\/www.iplay.com\/wp-content\/uploads\/2023\/11\/Group-6100.svg","contentUrl":"https:\/\/www.iplay.com\/wp-content\/uploads\/2023\/11\/Group-6100.svg","width":98,"height":25,"caption":"IPlay"},"image":{"@id":"https:\/\/www.iplay.com\/en\/#\/schema\/logo\/image\/"}}]}},"_links":{"self":[{"href":"https:\/\/www.iplay.com\/es\/wp-json\/wp\/v2\/product\/38541","targetHints":{"allow":["GET"]}}],"collection":[{"href":"https:\/\/www.iplay.com\/es\/wp-json\/wp\/v2\/product"}],"about":[{"href":"https:\/\/www.iplay.com\/es\/wp-json\/wp\/v2\/types\/product"}],"author":[{"embeddable":true,"href":"https:\/\/www.iplay.com\/es\/wp-json\/wp\/v2\/users\/45"}],"replies":[{"embeddable":true,"href":"https:\/\/www.iplay.com\/es\/wp-json\/wp\/v2\/comments?post=38541"}],"wp:featuredmedia":[{"embeddable":true,"href":"https:\/\/www.iplay.com\/es\/wp-json\/wp\/v2\/media\/38542"}],"wp:attachment":[{"href":"https:\/\/www.iplay.com\/es\/wp-json\/wp\/v2\/media?parent=38541"}],"wp:term":[{"taxonomy":"product_brand","embeddable":true,"href":"https:\/\/www.iplay.com\/es\/wp-json\/wp\/v2\/product_brand?post=38541"},{"taxonomy":"product_cat","embeddable":true,"href":"https:\/\/www.iplay.com\/es\/wp-json\/wp\/v2\/product_cat?post=38541"},{"taxonomy":"product_tag","embeddable":true,"href":"https:\/\/www.iplay.com\/es\/wp-json\/wp\/v2\/product_tag?post=38541"}],"curies":[{"name":"wp","href":"https:\/\/api.w.org\/{rel}","templated":true}]}}