{"id":37471,"date":"2025-02-05T09:30:11","date_gmt":"2025-02-05T09:30:11","guid":{"rendered":"https:\/\/www.iplay.com\/games\/ghost-hunters-collectors-edition\/"},"modified":"2025-02-26T14:22:31","modified_gmt":"2025-02-26T14:22:31","slug":"ghost-hunters-collectors-edition","status":"publish","type":"product","link":"https:\/\/www.iplay.com\/es\/games\/ghost-hunters-collectors-edition\/","title":{"rendered":"Ghost Hunters &#8211; Collector&#8217;s Edition"},"content":{"rendered":"<p>En <strong>Ghost Hunters &#8211; Collector&#8217;s Edition<\/strong>, la historia sigue a un medio hereditario con una profunda fascinaci\u00f3n por la tecnolog\u00eda. A pesar de su linaje, nunca se ha sentido una conexi\u00f3n con fuerzas de otro mundo. Un d\u00eda, un visitante inesperado llega con una propuesta inusual: un contrato para capturar fantasmas. Inicialmente descartada como el capricho de un exc\u00e9ntrico entusiasta de lo paranormal, la oferta finalmente es aceptada por necesidad financiera, lo que pone en marcha un viaje inesperado.<\/p>\n<p>A medida que se desarrolla la aventura, los jugadores son transportados a un mundo extraordinario donde la tecnolog\u00eda avanzada coexiste con seres misteriosos. Las impresionantes im\u00e1genes y las atractivas animaciones mejoran la experiencia inmersiva, dando vida al juego.<\/p>\n<p><strong>Funciones<\/strong><\/p>\n<ul>\n<li>Se explora un mundo lleno de tecnolog\u00eda futurista y criaturas enigm\u00e1ticas.<\/li>\n<li>Se disfrutan gr\u00e1ficos vibrantes y animaciones entretenidas.<\/li>\n<li>Se experimentan m\u00e1s de 40 emocionantes niveles en cuatro ubicaciones \u00fanicas.<\/li>\n<li>Hay tres modos de dificultad disponibles para adaptarse a diferentes estilos de juego.<\/li>\n<li>Se proporcionan m\u00e1s de 20 horas de juego atractivo, adecuado para todas las edades.<\/li>\n<\/ul>\n","protected":false},"excerpt":{"rendered":"<p>Caza fantasmas en un mundo de tecnolog\u00eda, misterio y aventura con <strong>Ghost Hunters &#8211; Collector&#8217;s Edition<\/strong><\/p>\n","protected":false},"author":13,"featured_media":37474,"comment_status":"open","ping_status":"closed","template":"","meta":{"_acf_changed":false,"inline_featured_image":false},"product_brand":[],"product_cat":[212],"product_tag":[288],"class_list":{"0":"post-37471","1":"product","2":"type-product","3":"status-publish","4":"has-post-thumbnail","6":"product_cat-time-management-es","7":"product_tag-play-on-pc-es","9":"first","10":"instock","11":"shipping-taxable","12":"purchasable","13":"product-type-simple"},"acf":[],"yoast_head":"<!-- This site is optimized with the Yoast SEO Premium plugin v25.2 (Yoast SEO v25.2) - https:\/\/yoast.com\/wordpress\/plugins\/seo\/ -->\n<title>Caza fantasmas en un mundo de tecnolog\u00eda, misterio y aventura con Ghost Hunters CE<\/title>\n<meta name=\"description\" content=\"Caza fantasmas en un mundo de tecnolog\u00eda, misterio y aventura con Ghost Hunters - Collector&#039;s Edition\" \/>\n<meta name=\"robots\" content=\"index, follow, max-snippet:-1, max-image-preview:large, max-video-preview:-1\" \/>\n<link rel=\"canonical\" href=\"https:\/\/www.iplay.com\/es\/games\/ghost-hunters-collectors-edition\/\" \/>\n<meta property=\"og:locale\" content=\"es_ES\" \/>\n<meta property=\"og:type\" content=\"article\" \/>\n<meta property=\"og:title\" content=\"Ghost Hunters - Collector&#039;s Edition\" \/>\n<meta property=\"og:description\" content=\"Caza fantasmas en un mundo de tecnolog\u00eda, misterio y aventura con Ghost Hunters - Collector&#039;s Edition\" \/>\n<meta property=\"og:url\" content=\"https:\/\/www.iplay.com\/es\/games\/ghost-hunters-collectors-edition\/\" \/>\n<meta property=\"og:site_name\" content=\"IPlay\" \/>\n<meta property=\"article:modified_time\" content=\"2025-02-26T14:22:31+00:00\" \/>\n<meta property=\"og:image\" content=\"https:\/\/www.iplay.com\/wp-content\/uploads\/2025\/02\/ghost_hunters_collectors_edition_large_square_tile_image.webp\" \/>\n\t<meta property=\"og:image:width\" content=\"400\" \/>\n\t<meta property=\"og:image:height\" content=\"400\" \/>\n\t<meta property=\"og:image:type\" content=\"image\/webp\" \/>\n<meta name=\"twitter:card\" content=\"summary_large_image\" \/>\n<meta name=\"twitter:label1\" content=\"Est. reading time\" \/>\n\t<meta name=\"twitter:data1\" content=\"1 minuto\" \/>\n<script type=\"application\/ld+json\" class=\"yoast-schema-graph\">{\"@context\":\"https:\/\/schema.org\",\"@graph\":[{\"@type\":\"WebPage\",\"@id\":\"https:\/\/www.iplay.com\/es\/games\/ghost-hunters-collectors-edition\/\",\"url\":\"https:\/\/www.iplay.com\/es\/games\/ghost-hunters-collectors-edition\/\",\"name\":\"Caza fantasmas en un mundo de tecnolog\u00eda, misterio y aventura con Ghost Hunters CE\",\"isPartOf\":{\"@id\":\"https:\/\/www.iplay.com\/en\/#website\"},\"primaryImageOfPage\":{\"@id\":\"https:\/\/www.iplay.com\/es\/games\/ghost-hunters-collectors-edition\/#primaryimage\"},\"image\":{\"@id\":\"https:\/\/www.iplay.com\/es\/games\/ghost-hunters-collectors-edition\/#primaryimage\"},\"thumbnailUrl\":\"https:\/\/www.iplay.com\/wp-content\/uploads\/2025\/02\/ghost_hunters_collectors_edition_large_square_tile_image.webp\",\"datePublished\":\"2025-02-05T09:30:11+00:00\",\"dateModified\":\"2025-02-26T14:22:31+00:00\",\"description\":\"Caza fantasmas en un mundo de tecnolog\u00eda, misterio y aventura con Ghost Hunters - Collector's Edition\",\"breadcrumb\":{\"@id\":\"https:\/\/www.iplay.com\/es\/games\/ghost-hunters-collectors-edition\/#breadcrumb\"},\"inLanguage\":\"es\",\"potentialAction\":[{\"@type\":\"ReadAction\",\"target\":[\"https:\/\/www.iplay.com\/es\/games\/ghost-hunters-collectors-edition\/\"]}]},{\"@type\":\"ImageObject\",\"inLanguage\":\"es\",\"@id\":\"https:\/\/www.iplay.com\/es\/games\/ghost-hunters-collectors-edition\/#primaryimage\",\"url\":\"https:\/\/www.iplay.com\/wp-content\/uploads\/2025\/02\/ghost_hunters_collectors_edition_large_square_tile_image.webp\",\"contentUrl\":\"https:\/\/www.iplay.com\/wp-content\/uploads\/2025\/02\/ghost_hunters_collectors_edition_large_square_tile_image.webp\",\"width\":400,\"height\":400},{\"@type\":\"BreadcrumbList\",\"@id\":\"https:\/\/www.iplay.com\/es\/games\/ghost-hunters-collectors-edition\/#breadcrumb\",\"itemListElement\":[{\"@type\":\"ListItem\",\"position\":1,\"name\":\"Home\",\"item\":\"https:\/\/www.iplay.com\/es\/home-page-2\/\"},{\"@type\":\"ListItem\",\"position\":2,\"name\":\"Shop\",\"item\":\"https:\/\/www.iplay.com\/en\/shop\/\"},{\"@type\":\"ListItem\",\"position\":3,\"name\":\"Ghost Hunters &#8211; Collector&#8217;s Edition\"}]},{\"@type\":\"WebSite\",\"@id\":\"https:\/\/www.iplay.com\/en\/#website\",\"url\":\"https:\/\/www.iplay.com\/en\/\",\"name\":\"IPlay\",\"description\":\"The Best Casual Games!\",\"publisher\":{\"@id\":\"https:\/\/www.iplay.com\/en\/#organization\"},\"potentialAction\":[{\"@type\":\"SearchAction\",\"target\":{\"@type\":\"EntryPoint\",\"urlTemplate\":\"https:\/\/www.iplay.com\/en\/?s={search_term_string}\"},\"query-input\":{\"@type\":\"PropertyValueSpecification\",\"valueRequired\":true,\"valueName\":\"search_term_string\"}}],\"inLanguage\":\"es\"},{\"@type\":\"Organization\",\"@id\":\"https:\/\/www.iplay.com\/en\/#organization\",\"name\":\"IPlay\",\"url\":\"https:\/\/www.iplay.com\/en\/\",\"logo\":{\"@type\":\"ImageObject\",\"inLanguage\":\"es\",\"@id\":\"https:\/\/www.iplay.com\/en\/#\/schema\/logo\/image\/\",\"url\":\"https:\/\/www.iplay.com\/wp-content\/uploads\/2023\/11\/Group-6100.svg\",\"contentUrl\":\"https:\/\/www.iplay.com\/wp-content\/uploads\/2023\/11\/Group-6100.svg\",\"width\":98,\"height\":25,\"caption\":\"IPlay\"},\"image\":{\"@id\":\"https:\/\/www.iplay.com\/en\/#\/schema\/logo\/image\/\"}}]}<\/script>\n<!-- \/ Yoast SEO Premium plugin. -->","yoast_head_json":{"title":"Caza fantasmas en un mundo de tecnolog\u00eda, misterio y aventura con Ghost Hunters CE","description":"Caza fantasmas en un mundo de tecnolog\u00eda, misterio y aventura con Ghost Hunters - Collector's Edition","robots":{"index":"index","follow":"follow","max-snippet":"max-snippet:-1","max-image-preview":"max-image-preview:large","max-video-preview":"max-video-preview:-1"},"canonical":"https:\/\/www.iplay.com\/es\/games\/ghost-hunters-collectors-edition\/","og_locale":"es_ES","og_type":"article","og_title":"Ghost Hunters - Collector's Edition","og_description":"Caza fantasmas en un mundo de tecnolog\u00eda, misterio y aventura con Ghost Hunters - Collector's Edition","og_url":"https:\/\/www.iplay.com\/es\/games\/ghost-hunters-collectors-edition\/","og_site_name":"IPlay","article_modified_time":"2025-02-26T14:22:31+00:00","og_image":[{"width":400,"height":400,"url":"https:\/\/www.iplay.com\/wp-content\/uploads\/2025\/02\/ghost_hunters_collectors_edition_large_square_tile_image.webp","type":"image\/webp"}],"twitter_card":"summary_large_image","twitter_misc":{"Est. reading time":"1 minuto"},"schema":{"@context":"https:\/\/schema.org","@graph":[{"@type":"WebPage","@id":"https:\/\/www.iplay.com\/es\/games\/ghost-hunters-collectors-edition\/","url":"https:\/\/www.iplay.com\/es\/games\/ghost-hunters-collectors-edition\/","name":"Caza fantasmas en un mundo de tecnolog\u00eda, misterio y aventura con Ghost Hunters CE","isPartOf":{"@id":"https:\/\/www.iplay.com\/en\/#website"},"primaryImageOfPage":{"@id":"https:\/\/www.iplay.com\/es\/games\/ghost-hunters-collectors-edition\/#primaryimage"},"image":{"@id":"https:\/\/www.iplay.com\/es\/games\/ghost-hunters-collectors-edition\/#primaryimage"},"thumbnailUrl":"https:\/\/www.iplay.com\/wp-content\/uploads\/2025\/02\/ghost_hunters_collectors_edition_large_square_tile_image.webp","datePublished":"2025-02-05T09:30:11+00:00","dateModified":"2025-02-26T14:22:31+00:00","description":"Caza fantasmas en un mundo de tecnolog\u00eda, misterio y aventura con Ghost Hunters - Collector's Edition","breadcrumb":{"@id":"https:\/\/www.iplay.com\/es\/games\/ghost-hunters-collectors-edition\/#breadcrumb"},"inLanguage":"es","potentialAction":[{"@type":"ReadAction","target":["https:\/\/www.iplay.com\/es\/games\/ghost-hunters-collectors-edition\/"]}]},{"@type":"ImageObject","inLanguage":"es","@id":"https:\/\/www.iplay.com\/es\/games\/ghost-hunters-collectors-edition\/#primaryimage","url":"https:\/\/www.iplay.com\/wp-content\/uploads\/2025\/02\/ghost_hunters_collectors_edition_large_square_tile_image.webp","contentUrl":"https:\/\/www.iplay.com\/wp-content\/uploads\/2025\/02\/ghost_hunters_collectors_edition_large_square_tile_image.webp","width":400,"height":400},{"@type":"BreadcrumbList","@id":"https:\/\/www.iplay.com\/es\/games\/ghost-hunters-collectors-edition\/#breadcrumb","itemListElement":[{"@type":"ListItem","position":1,"name":"Home","item":"https:\/\/www.iplay.com\/es\/home-page-2\/"},{"@type":"ListItem","position":2,"name":"Shop","item":"https:\/\/www.iplay.com\/en\/shop\/"},{"@type":"ListItem","position":3,"name":"Ghost Hunters &#8211; Collector&#8217;s Edition"}]},{"@type":"WebSite","@id":"https:\/\/www.iplay.com\/en\/#website","url":"https:\/\/www.iplay.com\/en\/","name":"IPlay","description":"The Best Casual Games!","publisher":{"@id":"https:\/\/www.iplay.com\/en\/#organization"},"potentialAction":[{"@type":"SearchAction","target":{"@type":"EntryPoint","urlTemplate":"https:\/\/www.iplay.com\/en\/?s={search_term_string}"},"query-input":{"@type":"PropertyValueSpecification","valueRequired":true,"valueName":"search_term_string"}}],"inLanguage":"es"},{"@type":"Organization","@id":"https:\/\/www.iplay.com\/en\/#organization","name":"IPlay","url":"https:\/\/www.iplay.com\/en\/","logo":{"@type":"ImageObject","inLanguage":"es","@id":"https:\/\/www.iplay.com\/en\/#\/schema\/logo\/image\/","url":"https:\/\/www.iplay.com\/wp-content\/uploads\/2023\/11\/Group-6100.svg","contentUrl":"https:\/\/www.iplay.com\/wp-content\/uploads\/2023\/11\/Group-6100.svg","width":98,"height":25,"caption":"IPlay"},"image":{"@id":"https:\/\/www.iplay.com\/en\/#\/schema\/logo\/image\/"}}]}},"_links":{"self":[{"href":"https:\/\/www.iplay.com\/es\/wp-json\/wp\/v2\/product\/37471","targetHints":{"allow":["GET"]}}],"collection":[{"href":"https:\/\/www.iplay.com\/es\/wp-json\/wp\/v2\/product"}],"about":[{"href":"https:\/\/www.iplay.com\/es\/wp-json\/wp\/v2\/types\/product"}],"author":[{"embeddable":true,"href":"https:\/\/www.iplay.com\/es\/wp-json\/wp\/v2\/users\/13"}],"replies":[{"embeddable":true,"href":"https:\/\/www.iplay.com\/es\/wp-json\/wp\/v2\/comments?post=37471"}],"wp:featuredmedia":[{"embeddable":true,"href":"https:\/\/www.iplay.com\/es\/wp-json\/wp\/v2\/media\/37474"}],"wp:attachment":[{"href":"https:\/\/www.iplay.com\/es\/wp-json\/wp\/v2\/media?parent=37471"}],"wp:term":[{"taxonomy":"product_brand","embeddable":true,"href":"https:\/\/www.iplay.com\/es\/wp-json\/wp\/v2\/product_brand?post=37471"},{"taxonomy":"product_cat","embeddable":true,"href":"https:\/\/www.iplay.com\/es\/wp-json\/wp\/v2\/product_cat?post=37471"},{"taxonomy":"product_tag","embeddable":true,"href":"https:\/\/www.iplay.com\/es\/wp-json\/wp\/v2\/product_tag?post=37471"}],"curies":[{"name":"wp","href":"https:\/\/api.w.org\/{rel}","templated":true}]}}