{"id":34027,"date":"2025-01-15T09:30:38","date_gmt":"2025-01-15T09:30:38","guid":{"rendered":"https:\/\/www.iplay.com\/games\/nonograms-2\/"},"modified":"2025-03-06T10:00:01","modified_gmt":"2025-03-06T10:00:01","slug":"nonograms-2","status":"publish","type":"product","link":"https:\/\/www.iplay.com\/es\/games\/nonograms-2\/","title":{"rendered":"Nonograms 2"},"content":{"rendered":"<p>Nonograms 2 proporciona una experiencia relajante de resoluci\u00f3n de acertijos, donde la l\u00f3gica y la creatividad se utilizan para revelar im\u00e1genes ocultas. Los jugadores son guiados por pistas num\u00e9ricas para llenar celdas de cuadr\u00edcula espec\u00edficas en cada fila y columna. Conocidos tambi\u00e9n como Picross, Griddlers, Pic-a-Pix y Hanjie, estos rompecabezas ofrecen una forma encantadora de relajarse.  <\/p>\n<p>Ambientados en un mundo inspirado en el steampunk, los puzles van acompa\u00f1ados de impresionantes efectos visuales y efectos de sonido inmersivos, lo que hace que la experiencia sea agradable y atractiva.<\/p>\n<p>&nbsp;<\/p>\n<p><strong>Funciones<\/strong><\/p>\n<ul>\n<li><strong>120 im\u00e1genes coloridas<\/strong>: Las im\u00e1genes ocultas se descubren a trav\u00e9s de la deducci\u00f3n l\u00f3gica.<\/li>\n<li><strong>Grandes cuadr\u00edculas de rompecabezas<\/strong>: Las cuadr\u00edculas var\u00edan hasta 35&#215;35, proporcionando desaf\u00edos variados.<\/li>\n<li><strong>Juego basado en la l\u00f3gica<\/strong>: cada rompecabezas se puede resolver sin adivinar.<\/li>\n<li><strong>Autocompletar para celdas en blanco<\/strong>: simplifica el juego y reduce el esfuerzo manual.<\/li>\n<li><strong>Animaciones suaves<\/strong>: transiciones perfectas para una experiencia pulida.<\/li>\n<li><strong>Pantalla personalizable<\/strong>: elija entre celdas de color o monocrom\u00e1ticas.<\/li>\n<li><strong>Guardar y reanudar<\/strong>: Los rompecabezas se pueden pausar y continuar en cualquier momento.<\/li>\n<li><strong>Gr\u00e1ficos de alta calidad<\/strong>: las im\u00e1genes Steampunk FullHD mejoran la inmersi\u00f3n.<\/li>\n<li><strong>Controles f\u00e1ciles de usar<\/strong>: Los controles intuitivos garantizan una experiencia fluida.<\/li>\n<li><strong>Soporte multiling\u00fce<\/strong>: Accesible para jugadores de todo el mundo.<\/li>\n<li><strong>Temas musicales personalizables<\/strong>: Cambia entre pistas steampunk, espeluznantes, invernales, egipcias y de 8 bits.<\/li>\n<li><strong>Opciones de fondo<\/strong>: Ajusta las im\u00e1genes de fondo y las pistas de m\u00fasica en el juego.<\/li>\n<li><strong>Tutorial detallado<\/strong>: Los principiantes son guiados con instrucciones f\u00e1ciles de seguir.<\/li>\n<li><strong>Modo relajado: Disfruta<\/strong> de los acertijos sin preocuparte por los errores.<\/li>\n<li><strong>Consejos \u00fatiles<\/strong>: Dise\u00f1ado para ayudar a los reci\u00e9n llegados a los rompecabezas de nonogramas.<\/li>\n<li><strong>Logros<\/strong>: Desaf\u00edos para que los jugadores experimentados los conquisten.<\/li>\n<\/ul>\n<p>&nbsp;<\/p>\n<p>Nonograms 2 garantiza una experiencia agradable y gratificante para todos los entusiastas de los rompecabezas, combinando el encanto steampunk con una jugabilidad atractiva. \u00a1Perfecto para jugadores de todos los niveles!<\/p>\n","protected":false},"excerpt":{"rendered":"<p>Rel\u00e1jate con <strong>Nonograms 2 <\/strong>: \u00a1un juego de l\u00f3gica y pensamiento creativo!<\/p>\n","protected":false},"author":45,"featured_media":34028,"comment_status":"open","ping_status":"closed","template":"","meta":{"_acf_changed":false,"inline_featured_image":false},"product_brand":[],"product_cat":[192],"product_tag":[288],"class_list":{"0":"post-34027","1":"product","2":"type-product","3":"status-publish","4":"has-post-thumbnail","6":"product_cat-puzzle-es","7":"product_tag-play-on-pc-es","9":"first","10":"instock","11":"shipping-taxable","12":"purchasable","13":"product-type-simple"},"acf":[],"yoast_head":"<!-- This site is optimized with the Yoast SEO Premium plugin v25.2 (Yoast SEO v25.2) - https:\/\/yoast.com\/wordpress\/plugins\/seo\/ -->\n<title>Nonogramas 2: \u00a1Rel\u00e1jate y resuelve acertijos con l\u00f3gica y creatividad!<\/title>\n<meta name=\"description\" content=\"Rel\u00e1jate con Nonograms 2 : \u00a1un juego de l\u00f3gica y pensamiento creativo!\" \/>\n<meta name=\"robots\" content=\"index, follow, max-snippet:-1, max-image-preview:large, max-video-preview:-1\" \/>\n<link rel=\"canonical\" href=\"https:\/\/www.iplay.com\/es\/games\/nonograms-2\/\" \/>\n<meta property=\"og:locale\" content=\"es_ES\" \/>\n<meta property=\"og:type\" content=\"article\" \/>\n<meta property=\"og:title\" content=\"Nonograms 2\" \/>\n<meta property=\"og:description\" content=\"Rel\u00e1jate con Nonograms 2 : \u00a1un juego de l\u00f3gica y pensamiento creativo!\" \/>\n<meta property=\"og:url\" content=\"https:\/\/www.iplay.com\/es\/games\/nonograms-2\/\" \/>\n<meta property=\"og:site_name\" content=\"IPlay\" \/>\n<meta property=\"article:modified_time\" content=\"2025-03-06T10:00:01+00:00\" \/>\n<meta property=\"og:image\" content=\"https:\/\/www.iplay.com\/wp-content\/uploads\/2025\/01\/nonograms_2_large_square_tile_image.webp\" \/>\n\t<meta property=\"og:image:width\" content=\"400\" \/>\n\t<meta property=\"og:image:height\" content=\"400\" \/>\n\t<meta property=\"og:image:type\" content=\"image\/webp\" \/>\n<meta name=\"twitter:card\" content=\"summary_large_image\" \/>\n<meta name=\"twitter:label1\" content=\"Est. reading time\" \/>\n\t<meta name=\"twitter:data1\" content=\"2 minutos\" \/>\n<script type=\"application\/ld+json\" class=\"yoast-schema-graph\">{\"@context\":\"https:\/\/schema.org\",\"@graph\":[{\"@type\":\"WebPage\",\"@id\":\"https:\/\/www.iplay.com\/es\/games\/nonograms-2\/\",\"url\":\"https:\/\/www.iplay.com\/es\/games\/nonograms-2\/\",\"name\":\"Nonogramas 2: \u00a1Rel\u00e1jate y resuelve acertijos con l\u00f3gica y creatividad!\",\"isPartOf\":{\"@id\":\"https:\/\/www.iplay.com\/en\/#website\"},\"primaryImageOfPage\":{\"@id\":\"https:\/\/www.iplay.com\/es\/games\/nonograms-2\/#primaryimage\"},\"image\":{\"@id\":\"https:\/\/www.iplay.com\/es\/games\/nonograms-2\/#primaryimage\"},\"thumbnailUrl\":\"https:\/\/www.iplay.com\/wp-content\/uploads\/2025\/01\/nonograms_2_large_square_tile_image.webp\",\"datePublished\":\"2025-01-15T09:30:38+00:00\",\"dateModified\":\"2025-03-06T10:00:01+00:00\",\"description\":\"Rel\u00e1jate con Nonograms 2 : \u00a1un juego de l\u00f3gica y pensamiento creativo!\",\"breadcrumb\":{\"@id\":\"https:\/\/www.iplay.com\/es\/games\/nonograms-2\/#breadcrumb\"},\"inLanguage\":\"es\",\"potentialAction\":[{\"@type\":\"ReadAction\",\"target\":[\"https:\/\/www.iplay.com\/es\/games\/nonograms-2\/\"]}]},{\"@type\":\"ImageObject\",\"inLanguage\":\"es\",\"@id\":\"https:\/\/www.iplay.com\/es\/games\/nonograms-2\/#primaryimage\",\"url\":\"https:\/\/www.iplay.com\/wp-content\/uploads\/2025\/01\/nonograms_2_large_square_tile_image.webp\",\"contentUrl\":\"https:\/\/www.iplay.com\/wp-content\/uploads\/2025\/01\/nonograms_2_large_square_tile_image.webp\",\"width\":400,\"height\":400},{\"@type\":\"BreadcrumbList\",\"@id\":\"https:\/\/www.iplay.com\/es\/games\/nonograms-2\/#breadcrumb\",\"itemListElement\":[{\"@type\":\"ListItem\",\"position\":1,\"name\":\"Home\",\"item\":\"https:\/\/www.iplay.com\/es\/home-page-2\/\"},{\"@type\":\"ListItem\",\"position\":2,\"name\":\"Shop\",\"item\":\"https:\/\/www.iplay.com\/en\/shop\/\"},{\"@type\":\"ListItem\",\"position\":3,\"name\":\"Nonograms 2\"}]},{\"@type\":\"WebSite\",\"@id\":\"https:\/\/www.iplay.com\/en\/#website\",\"url\":\"https:\/\/www.iplay.com\/en\/\",\"name\":\"IPlay\",\"description\":\"The Best Casual Games!\",\"publisher\":{\"@id\":\"https:\/\/www.iplay.com\/en\/#organization\"},\"potentialAction\":[{\"@type\":\"SearchAction\",\"target\":{\"@type\":\"EntryPoint\",\"urlTemplate\":\"https:\/\/www.iplay.com\/en\/?s={search_term_string}\"},\"query-input\":{\"@type\":\"PropertyValueSpecification\",\"valueRequired\":true,\"valueName\":\"search_term_string\"}}],\"inLanguage\":\"es\"},{\"@type\":\"Organization\",\"@id\":\"https:\/\/www.iplay.com\/en\/#organization\",\"name\":\"IPlay\",\"url\":\"https:\/\/www.iplay.com\/en\/\",\"logo\":{\"@type\":\"ImageObject\",\"inLanguage\":\"es\",\"@id\":\"https:\/\/www.iplay.com\/en\/#\/schema\/logo\/image\/\",\"url\":\"https:\/\/www.iplay.com\/wp-content\/uploads\/2023\/11\/Group-6100.svg\",\"contentUrl\":\"https:\/\/www.iplay.com\/wp-content\/uploads\/2023\/11\/Group-6100.svg\",\"width\":98,\"height\":25,\"caption\":\"IPlay\"},\"image\":{\"@id\":\"https:\/\/www.iplay.com\/en\/#\/schema\/logo\/image\/\"}}]}<\/script>\n<!-- \/ Yoast SEO Premium plugin. -->","yoast_head_json":{"title":"Nonogramas 2: \u00a1Rel\u00e1jate y resuelve acertijos con l\u00f3gica y creatividad!","description":"Rel\u00e1jate con Nonograms 2 : \u00a1un juego de l\u00f3gica y pensamiento creativo!","robots":{"index":"index","follow":"follow","max-snippet":"max-snippet:-1","max-image-preview":"max-image-preview:large","max-video-preview":"max-video-preview:-1"},"canonical":"https:\/\/www.iplay.com\/es\/games\/nonograms-2\/","og_locale":"es_ES","og_type":"article","og_title":"Nonograms 2","og_description":"Rel\u00e1jate con Nonograms 2 : \u00a1un juego de l\u00f3gica y pensamiento creativo!","og_url":"https:\/\/www.iplay.com\/es\/games\/nonograms-2\/","og_site_name":"IPlay","article_modified_time":"2025-03-06T10:00:01+00:00","og_image":[{"width":400,"height":400,"url":"https:\/\/www.iplay.com\/wp-content\/uploads\/2025\/01\/nonograms_2_large_square_tile_image.webp","type":"image\/webp"}],"twitter_card":"summary_large_image","twitter_misc":{"Est. reading time":"2 minutos"},"schema":{"@context":"https:\/\/schema.org","@graph":[{"@type":"WebPage","@id":"https:\/\/www.iplay.com\/es\/games\/nonograms-2\/","url":"https:\/\/www.iplay.com\/es\/games\/nonograms-2\/","name":"Nonogramas 2: \u00a1Rel\u00e1jate y resuelve acertijos con l\u00f3gica y creatividad!","isPartOf":{"@id":"https:\/\/www.iplay.com\/en\/#website"},"primaryImageOfPage":{"@id":"https:\/\/www.iplay.com\/es\/games\/nonograms-2\/#primaryimage"},"image":{"@id":"https:\/\/www.iplay.com\/es\/games\/nonograms-2\/#primaryimage"},"thumbnailUrl":"https:\/\/www.iplay.com\/wp-content\/uploads\/2025\/01\/nonograms_2_large_square_tile_image.webp","datePublished":"2025-01-15T09:30:38+00:00","dateModified":"2025-03-06T10:00:01+00:00","description":"Rel\u00e1jate con Nonograms 2 : \u00a1un juego de l\u00f3gica y pensamiento creativo!","breadcrumb":{"@id":"https:\/\/www.iplay.com\/es\/games\/nonograms-2\/#breadcrumb"},"inLanguage":"es","potentialAction":[{"@type":"ReadAction","target":["https:\/\/www.iplay.com\/es\/games\/nonograms-2\/"]}]},{"@type":"ImageObject","inLanguage":"es","@id":"https:\/\/www.iplay.com\/es\/games\/nonograms-2\/#primaryimage","url":"https:\/\/www.iplay.com\/wp-content\/uploads\/2025\/01\/nonograms_2_large_square_tile_image.webp","contentUrl":"https:\/\/www.iplay.com\/wp-content\/uploads\/2025\/01\/nonograms_2_large_square_tile_image.webp","width":400,"height":400},{"@type":"BreadcrumbList","@id":"https:\/\/www.iplay.com\/es\/games\/nonograms-2\/#breadcrumb","itemListElement":[{"@type":"ListItem","position":1,"name":"Home","item":"https:\/\/www.iplay.com\/es\/home-page-2\/"},{"@type":"ListItem","position":2,"name":"Shop","item":"https:\/\/www.iplay.com\/en\/shop\/"},{"@type":"ListItem","position":3,"name":"Nonograms 2"}]},{"@type":"WebSite","@id":"https:\/\/www.iplay.com\/en\/#website","url":"https:\/\/www.iplay.com\/en\/","name":"IPlay","description":"The Best Casual Games!","publisher":{"@id":"https:\/\/www.iplay.com\/en\/#organization"},"potentialAction":[{"@type":"SearchAction","target":{"@type":"EntryPoint","urlTemplate":"https:\/\/www.iplay.com\/en\/?s={search_term_string}"},"query-input":{"@type":"PropertyValueSpecification","valueRequired":true,"valueName":"search_term_string"}}],"inLanguage":"es"},{"@type":"Organization","@id":"https:\/\/www.iplay.com\/en\/#organization","name":"IPlay","url":"https:\/\/www.iplay.com\/en\/","logo":{"@type":"ImageObject","inLanguage":"es","@id":"https:\/\/www.iplay.com\/en\/#\/schema\/logo\/image\/","url":"https:\/\/www.iplay.com\/wp-content\/uploads\/2023\/11\/Group-6100.svg","contentUrl":"https:\/\/www.iplay.com\/wp-content\/uploads\/2023\/11\/Group-6100.svg","width":98,"height":25,"caption":"IPlay"},"image":{"@id":"https:\/\/www.iplay.com\/en\/#\/schema\/logo\/image\/"}}]}},"_links":{"self":[{"href":"https:\/\/www.iplay.com\/es\/wp-json\/wp\/v2\/product\/34027","targetHints":{"allow":["GET"]}}],"collection":[{"href":"https:\/\/www.iplay.com\/es\/wp-json\/wp\/v2\/product"}],"about":[{"href":"https:\/\/www.iplay.com\/es\/wp-json\/wp\/v2\/types\/product"}],"author":[{"embeddable":true,"href":"https:\/\/www.iplay.com\/es\/wp-json\/wp\/v2\/users\/45"}],"replies":[{"embeddable":true,"href":"https:\/\/www.iplay.com\/es\/wp-json\/wp\/v2\/comments?post=34027"}],"wp:featuredmedia":[{"embeddable":true,"href":"https:\/\/www.iplay.com\/es\/wp-json\/wp\/v2\/media\/34028"}],"wp:attachment":[{"href":"https:\/\/www.iplay.com\/es\/wp-json\/wp\/v2\/media?parent=34027"}],"wp:term":[{"taxonomy":"product_brand","embeddable":true,"href":"https:\/\/www.iplay.com\/es\/wp-json\/wp\/v2\/product_brand?post=34027"},{"taxonomy":"product_cat","embeddable":true,"href":"https:\/\/www.iplay.com\/es\/wp-json\/wp\/v2\/product_cat?post=34027"},{"taxonomy":"product_tag","embeddable":true,"href":"https:\/\/www.iplay.com\/es\/wp-json\/wp\/v2\/product_tag?post=34027"}],"curies":[{"name":"wp","href":"https:\/\/api.w.org\/{rel}","templated":true}]}}