{"id":33983,"date":"2024-05-17T10:00:28","date_gmt":"2024-05-17T10:00:28","guid":{"rendered":"https:\/\/www.iplay.com\/games\/clutter-puzzle-magazine-vol-16-no-2-ce\/"},"modified":"2025-03-31T17:13:43","modified_gmt":"2025-03-31T17:13:43","slug":"clutter-puzzle-magazine-vol-16-no-2-ce","status":"publish","type":"product","link":"https:\/\/www.iplay.com\/es\/games\/clutter-puzzle-magazine-vol-16-no-2-ce\/","title":{"rendered":"Clutter Puzzle Magazine Vol. 16 No. 2 CE"},"content":{"rendered":"<p>Esta b\u00fasqueda ser\u00e1 inolvidable gracias a la gran cantidad de nuevas variedades de Clutter mezcladas con los favoritos cl\u00e1sicos. De gran placer es el significativamente mejorado Spot The Differences Puzzles. Tambi\u00e9n se ha introducido una nueva versi\u00f3n de Clutter Gaps Puzzles. Son tan adictivos como los niveles est\u00e1ndar de Clutter. Adem\u00e1s, se incluyen controles deslizantes, rompecabezas cuadrados y citas de caja.    <\/p>\n<p>S\u00f3lo tienes que esperar hasta que se revelen los cuadrados abstractos y los rompecabezas circulares. Nunca antes se hab\u00eda visto el desorden como algo tan entretenido o desafiante. Y, como siempre, las opciones te ofrecen la posibilidad de jugar a Clutter como quieras. Los favoritos permiten guardar los acertijos que desea volver a visitar una y otra vez.   <\/p>\n<p>&nbsp;<\/p>\n<p><strong>Funciones<\/strong><\/p>\n<ul>\n<li>Se han a\u00f1adido nuevos conjuntos de objetos y numerosos modos de juego nuevos.<\/li>\n<li>Hay m\u00e1s de 1800 niveles disponibles, incluida una misi\u00f3n principal muy dif\u00edcil de 100 niveles.<\/li>\n<li>El rompecabezas Spot The Difference se ha actualizado significativamente y se ha hecho m\u00e1s adictivo.<\/li>\n<li>Cientos de rompecabezas de fotos, junto con 200 nuevos problemas de Box Quotes, te esperan.<\/li>\n<li>Se proporciona otra excelente banda sonora con un toque cinematogr\u00e1fico.<\/li>\n<\/ul>\n<p>&nbsp;<\/p>\n<p>Si disfrutaste de este juego de Clutter, \u00bfpor qu\u00e9 no echas un vistazo a todos los dem\u00e1s juegos de la serie Clutter <strong><a href=\"\/en?product_tag=clutter-series\">AQU\u00cd<\/a><\/strong><\/p>\n","protected":false},"excerpt":{"rendered":"<p>M\u00e1s de 1800 rompecabezas en el desorden m\u00e1s dif\u00edcil de todos los tiempos para d\u00edas de diversi\u00f3n con Clutter Puzzle Magazine Vol 16 # 2 Edici\u00f3n de coleccionista<\/p>\n","protected":false},"author":41,"featured_media":33984,"comment_status":"open","ping_status":"closed","template":"","meta":{"_acf_changed":false,"inline_featured_image":false},"product_brand":[],"product_cat":[159,166,192],"product_tag":[288],"class_list":{"0":"post-33983","1":"product","2":"type-product","3":"status-publish","4":"has-post-thumbnail","6":"product_cat-clutter-series-es","7":"product_cat-hidden-object-es","8":"product_cat-puzzle-es","9":"product_tag-play-on-pc-es","11":"first","12":"instock","13":"shipping-taxable","14":"purchasable","15":"product-type-simple"},"acf":[],"yoast_head":"<!-- This site is optimized with the Yoast SEO Premium plugin v25.2 (Yoast SEO v25.2) - https:\/\/yoast.com\/wordpress\/plugins\/seo\/ -->\n<title>Revista Clutter Puzzle Vol. 16 No. 2<\/title>\n<meta name=\"description\" content=\"M\u00e1s de 1800 rompecabezas en el desorden m\u00e1s dif\u00edcil de todos los tiempos para d\u00edas de diversi\u00f3n con Clutter Puzzle Magazine Vol 16 # 2 Edici\u00f3n de coleccionista\" \/>\n<meta name=\"robots\" content=\"index, follow, max-snippet:-1, max-image-preview:large, max-video-preview:-1\" \/>\n<link rel=\"canonical\" href=\"https:\/\/www.iplay.com\/es\/games\/clutter-puzzle-magazine-vol-16-no-2-ce\/\" \/>\n<meta property=\"og:locale\" content=\"es_ES\" \/>\n<meta property=\"og:type\" content=\"article\" \/>\n<meta property=\"og:title\" content=\"Clutter Puzzle Magazine Vol. 16 No. 2 CE\" \/>\n<meta property=\"og:description\" content=\"M\u00e1s de 1800 rompecabezas en el desorden m\u00e1s dif\u00edcil de todos los tiempos para d\u00edas de diversi\u00f3n con Clutter Puzzle Magazine Vol 16 # 2 Edici\u00f3n de coleccionista\" \/>\n<meta property=\"og:url\" content=\"https:\/\/www.iplay.com\/es\/games\/clutter-puzzle-magazine-vol-16-no-2-ce\/\" \/>\n<meta property=\"og:site_name\" content=\"IPlay\" \/>\n<meta property=\"article:modified_time\" content=\"2025-03-31T17:13:43+00:00\" \/>\n<meta property=\"og:image\" content=\"https:\/\/www.iplay.com\/wp-content\/uploads\/2024\/05\/Clutter-Puzzle-Magazine-Vol.-16-No.-2-CE_large_square_tile_image.webp\" \/>\n\t<meta property=\"og:image:width\" content=\"310\" \/>\n\t<meta property=\"og:image:height\" content=\"310\" \/>\n\t<meta property=\"og:image:type\" content=\"image\/webp\" \/>\n<meta name=\"twitter:card\" content=\"summary_large_image\" \/>\n<meta name=\"twitter:label1\" content=\"Est. reading time\" \/>\n\t<meta name=\"twitter:data1\" content=\"1 minuto\" \/>\n<script type=\"application\/ld+json\" class=\"yoast-schema-graph\">{\"@context\":\"https:\/\/schema.org\",\"@graph\":[{\"@type\":\"WebPage\",\"@id\":\"https:\/\/www.iplay.com\/es\/games\/clutter-puzzle-magazine-vol-16-no-2-ce\/\",\"url\":\"https:\/\/www.iplay.com\/es\/games\/clutter-puzzle-magazine-vol-16-no-2-ce\/\",\"name\":\"Revista Clutter Puzzle Vol. 16 No. 2\",\"isPartOf\":{\"@id\":\"https:\/\/www.iplay.com\/en\/#website\"},\"primaryImageOfPage\":{\"@id\":\"https:\/\/www.iplay.com\/es\/games\/clutter-puzzle-magazine-vol-16-no-2-ce\/#primaryimage\"},\"image\":{\"@id\":\"https:\/\/www.iplay.com\/es\/games\/clutter-puzzle-magazine-vol-16-no-2-ce\/#primaryimage\"},\"thumbnailUrl\":\"https:\/\/www.iplay.com\/wp-content\/uploads\/2024\/05\/Clutter-Puzzle-Magazine-Vol.-16-No.-2-CE_large_square_tile_image.webp\",\"datePublished\":\"2024-05-17T10:00:28+00:00\",\"dateModified\":\"2025-03-31T17:13:43+00:00\",\"description\":\"M\u00e1s de 1800 rompecabezas en el desorden m\u00e1s dif\u00edcil de todos los tiempos para d\u00edas de diversi\u00f3n con Clutter Puzzle Magazine Vol 16 # 2 Edici\u00f3n de coleccionista\",\"breadcrumb\":{\"@id\":\"https:\/\/www.iplay.com\/es\/games\/clutter-puzzle-magazine-vol-16-no-2-ce\/#breadcrumb\"},\"inLanguage\":\"es\",\"potentialAction\":[{\"@type\":\"ReadAction\",\"target\":[\"https:\/\/www.iplay.com\/es\/games\/clutter-puzzle-magazine-vol-16-no-2-ce\/\"]}]},{\"@type\":\"ImageObject\",\"inLanguage\":\"es\",\"@id\":\"https:\/\/www.iplay.com\/es\/games\/clutter-puzzle-magazine-vol-16-no-2-ce\/#primaryimage\",\"url\":\"https:\/\/www.iplay.com\/wp-content\/uploads\/2024\/05\/Clutter-Puzzle-Magazine-Vol.-16-No.-2-CE_large_square_tile_image.webp\",\"contentUrl\":\"https:\/\/www.iplay.com\/wp-content\/uploads\/2024\/05\/Clutter-Puzzle-Magazine-Vol.-16-No.-2-CE_large_square_tile_image.webp\",\"width\":310,\"height\":310},{\"@type\":\"BreadcrumbList\",\"@id\":\"https:\/\/www.iplay.com\/es\/games\/clutter-puzzle-magazine-vol-16-no-2-ce\/#breadcrumb\",\"itemListElement\":[{\"@type\":\"ListItem\",\"position\":1,\"name\":\"Home\",\"item\":\"https:\/\/www.iplay.com\/es\/home-page-2\/\"},{\"@type\":\"ListItem\",\"position\":2,\"name\":\"Shop\",\"item\":\"https:\/\/www.iplay.com\/en\/shop\/\"},{\"@type\":\"ListItem\",\"position\":3,\"name\":\"Clutter Puzzle Magazine Vol. 16 No. 2 CE\"}]},{\"@type\":\"WebSite\",\"@id\":\"https:\/\/www.iplay.com\/en\/#website\",\"url\":\"https:\/\/www.iplay.com\/en\/\",\"name\":\"IPlay\",\"description\":\"The Best Casual Games!\",\"publisher\":{\"@id\":\"https:\/\/www.iplay.com\/en\/#organization\"},\"potentialAction\":[{\"@type\":\"SearchAction\",\"target\":{\"@type\":\"EntryPoint\",\"urlTemplate\":\"https:\/\/www.iplay.com\/en\/?s={search_term_string}\"},\"query-input\":{\"@type\":\"PropertyValueSpecification\",\"valueRequired\":true,\"valueName\":\"search_term_string\"}}],\"inLanguage\":\"es\"},{\"@type\":\"Organization\",\"@id\":\"https:\/\/www.iplay.com\/en\/#organization\",\"name\":\"IPlay\",\"url\":\"https:\/\/www.iplay.com\/en\/\",\"logo\":{\"@type\":\"ImageObject\",\"inLanguage\":\"es\",\"@id\":\"https:\/\/www.iplay.com\/en\/#\/schema\/logo\/image\/\",\"url\":\"https:\/\/www.iplay.com\/wp-content\/uploads\/2023\/11\/Group-6100.svg\",\"contentUrl\":\"https:\/\/www.iplay.com\/wp-content\/uploads\/2023\/11\/Group-6100.svg\",\"width\":98,\"height\":25,\"caption\":\"IPlay\"},\"image\":{\"@id\":\"https:\/\/www.iplay.com\/en\/#\/schema\/logo\/image\/\"}}]}<\/script>\n<!-- \/ Yoast SEO Premium plugin. -->","yoast_head_json":{"title":"Revista Clutter Puzzle Vol. 16 No. 2","description":"M\u00e1s de 1800 rompecabezas en el desorden m\u00e1s dif\u00edcil de todos los tiempos para d\u00edas de diversi\u00f3n con Clutter Puzzle Magazine Vol 16 # 2 Edici\u00f3n de coleccionista","robots":{"index":"index","follow":"follow","max-snippet":"max-snippet:-1","max-image-preview":"max-image-preview:large","max-video-preview":"max-video-preview:-1"},"canonical":"https:\/\/www.iplay.com\/es\/games\/clutter-puzzle-magazine-vol-16-no-2-ce\/","og_locale":"es_ES","og_type":"article","og_title":"Clutter Puzzle Magazine Vol. 16 No. 2 CE","og_description":"M\u00e1s de 1800 rompecabezas en el desorden m\u00e1s dif\u00edcil de todos los tiempos para d\u00edas de diversi\u00f3n con Clutter Puzzle Magazine Vol 16 # 2 Edici\u00f3n de coleccionista","og_url":"https:\/\/www.iplay.com\/es\/games\/clutter-puzzle-magazine-vol-16-no-2-ce\/","og_site_name":"IPlay","article_modified_time":"2025-03-31T17:13:43+00:00","og_image":[{"width":310,"height":310,"url":"https:\/\/www.iplay.com\/wp-content\/uploads\/2024\/05\/Clutter-Puzzle-Magazine-Vol.-16-No.-2-CE_large_square_tile_image.webp","type":"image\/webp"}],"twitter_card":"summary_large_image","twitter_misc":{"Est. reading time":"1 minuto"},"schema":{"@context":"https:\/\/schema.org","@graph":[{"@type":"WebPage","@id":"https:\/\/www.iplay.com\/es\/games\/clutter-puzzle-magazine-vol-16-no-2-ce\/","url":"https:\/\/www.iplay.com\/es\/games\/clutter-puzzle-magazine-vol-16-no-2-ce\/","name":"Revista Clutter Puzzle Vol. 16 No. 2","isPartOf":{"@id":"https:\/\/www.iplay.com\/en\/#website"},"primaryImageOfPage":{"@id":"https:\/\/www.iplay.com\/es\/games\/clutter-puzzle-magazine-vol-16-no-2-ce\/#primaryimage"},"image":{"@id":"https:\/\/www.iplay.com\/es\/games\/clutter-puzzle-magazine-vol-16-no-2-ce\/#primaryimage"},"thumbnailUrl":"https:\/\/www.iplay.com\/wp-content\/uploads\/2024\/05\/Clutter-Puzzle-Magazine-Vol.-16-No.-2-CE_large_square_tile_image.webp","datePublished":"2024-05-17T10:00:28+00:00","dateModified":"2025-03-31T17:13:43+00:00","description":"M\u00e1s de 1800 rompecabezas en el desorden m\u00e1s dif\u00edcil de todos los tiempos para d\u00edas de diversi\u00f3n con Clutter Puzzle Magazine Vol 16 # 2 Edici\u00f3n de coleccionista","breadcrumb":{"@id":"https:\/\/www.iplay.com\/es\/games\/clutter-puzzle-magazine-vol-16-no-2-ce\/#breadcrumb"},"inLanguage":"es","potentialAction":[{"@type":"ReadAction","target":["https:\/\/www.iplay.com\/es\/games\/clutter-puzzle-magazine-vol-16-no-2-ce\/"]}]},{"@type":"ImageObject","inLanguage":"es","@id":"https:\/\/www.iplay.com\/es\/games\/clutter-puzzle-magazine-vol-16-no-2-ce\/#primaryimage","url":"https:\/\/www.iplay.com\/wp-content\/uploads\/2024\/05\/Clutter-Puzzle-Magazine-Vol.-16-No.-2-CE_large_square_tile_image.webp","contentUrl":"https:\/\/www.iplay.com\/wp-content\/uploads\/2024\/05\/Clutter-Puzzle-Magazine-Vol.-16-No.-2-CE_large_square_tile_image.webp","width":310,"height":310},{"@type":"BreadcrumbList","@id":"https:\/\/www.iplay.com\/es\/games\/clutter-puzzle-magazine-vol-16-no-2-ce\/#breadcrumb","itemListElement":[{"@type":"ListItem","position":1,"name":"Home","item":"https:\/\/www.iplay.com\/es\/home-page-2\/"},{"@type":"ListItem","position":2,"name":"Shop","item":"https:\/\/www.iplay.com\/en\/shop\/"},{"@type":"ListItem","position":3,"name":"Clutter Puzzle Magazine Vol. 16 No. 2 CE"}]},{"@type":"WebSite","@id":"https:\/\/www.iplay.com\/en\/#website","url":"https:\/\/www.iplay.com\/en\/","name":"IPlay","description":"The Best Casual Games!","publisher":{"@id":"https:\/\/www.iplay.com\/en\/#organization"},"potentialAction":[{"@type":"SearchAction","target":{"@type":"EntryPoint","urlTemplate":"https:\/\/www.iplay.com\/en\/?s={search_term_string}"},"query-input":{"@type":"PropertyValueSpecification","valueRequired":true,"valueName":"search_term_string"}}],"inLanguage":"es"},{"@type":"Organization","@id":"https:\/\/www.iplay.com\/en\/#organization","name":"IPlay","url":"https:\/\/www.iplay.com\/en\/","logo":{"@type":"ImageObject","inLanguage":"es","@id":"https:\/\/www.iplay.com\/en\/#\/schema\/logo\/image\/","url":"https:\/\/www.iplay.com\/wp-content\/uploads\/2023\/11\/Group-6100.svg","contentUrl":"https:\/\/www.iplay.com\/wp-content\/uploads\/2023\/11\/Group-6100.svg","width":98,"height":25,"caption":"IPlay"},"image":{"@id":"https:\/\/www.iplay.com\/en\/#\/schema\/logo\/image\/"}}]}},"_links":{"self":[{"href":"https:\/\/www.iplay.com\/es\/wp-json\/wp\/v2\/product\/33983","targetHints":{"allow":["GET"]}}],"collection":[{"href":"https:\/\/www.iplay.com\/es\/wp-json\/wp\/v2\/product"}],"about":[{"href":"https:\/\/www.iplay.com\/es\/wp-json\/wp\/v2\/types\/product"}],"author":[{"embeddable":true,"href":"https:\/\/www.iplay.com\/es\/wp-json\/wp\/v2\/users\/41"}],"replies":[{"embeddable":true,"href":"https:\/\/www.iplay.com\/es\/wp-json\/wp\/v2\/comments?post=33983"}],"wp:featuredmedia":[{"embeddable":true,"href":"https:\/\/www.iplay.com\/es\/wp-json\/wp\/v2\/media\/33984"}],"wp:attachment":[{"href":"https:\/\/www.iplay.com\/es\/wp-json\/wp\/v2\/media?parent=33983"}],"wp:term":[{"taxonomy":"product_brand","embeddable":true,"href":"https:\/\/www.iplay.com\/es\/wp-json\/wp\/v2\/product_brand?post=33983"},{"taxonomy":"product_cat","embeddable":true,"href":"https:\/\/www.iplay.com\/es\/wp-json\/wp\/v2\/product_cat?post=33983"},{"taxonomy":"product_tag","embeddable":true,"href":"https:\/\/www.iplay.com\/es\/wp-json\/wp\/v2\/product_tag?post=33983"}],"curies":[{"name":"wp","href":"https:\/\/api.w.org\/{rel}","templated":true}]}}