{"id":33939,"date":"2024-12-30T11:03:44","date_gmt":"2024-12-30T11:03:44","guid":{"rendered":"https:\/\/www.iplay.com\/games\/masterful-matches-2024s-top-3-match-3\/"},"modified":"2025-02-26T14:22:44","modified_gmt":"2025-02-26T14:22:44","slug":"masterful-matches-2024s-top-3-match-3","status":"publish","type":"product","link":"https:\/\/www.iplay.com\/es\/games\/masterful-matches-2024s-top-3-match-3\/","title":{"rendered":"Masterful Matches &#8211; 2024&#8217;s Top 3 Match 3"},"content":{"rendered":"<p>El paquete <strong>Partidos Magistrales: los 3 mejores Match 3 de 2024<\/strong> ofrece una extraordinaria colecci\u00f3n de serenidad submarina, acertijos desafiantes y aventuras m\u00e1gicas. Cada juego sumerge a los jugadores en paisajes vibrantes, atractivos niveles de Match-3 e historias cautivadoras, lo que garantiza horas de diversi\u00f3n. <\/p>\n<p><strong>Contiene los siguientes juegos:<\/strong><\/p>\n<ul>\n<li><em>Jewel Match Aquascapes 2 Edici\u00f3n Coleccionista:<\/em> Se ofrece un tranquilo viaje submarino en Match-3, lo que permite explorar vibrantes jardines de coral e impresionantes escenas acu\u00e1ticas. La m\u00fasica ambiental relajante mejora la experiencia, creando un escape sereno. <\/li>\n<li><em>Casa Maldita 13:<\/em> Se proporcionan los acertijos m\u00e1s desafiantes de la serie Cursed House, con mec\u00e1nicas de juego y niveles innovadores. La asistencia se ofrece con un bot\u00f3n interactivo HINT para garantizar el progreso a trav\u00e9s de los desaf\u00edos m\u00e1s dif\u00edciles. <\/li>\n<li><em>El Libro M\u00e1gico de Amanda 9: Los Caminantes de la Grieta:<\/em> Una aventura m\u00e1gica a trav\u00e9s de portales a reinos lejanos se lleva a cabo con Amanda y Charlie. Se resuelven intrincados acertijos y se descubren los misterios de un reloj de bolsillo encantado, creando una experiencia fascinante. <\/li>\n<\/ul>\n<p>&nbsp;<\/p>\n<p>\u00a1Emb\u00e1rcate en esta colecci\u00f3n definitiva de Match-3 y disfruta de im\u00e1genes vibrantes, juegos atractivos y aventuras emocionantes!<\/p>\n","protected":false},"excerpt":{"rendered":"<p>Sum\u00e9rgete en aventuras de Match 3 con <strong>Masterful Matches: \u00a1los 3 mejores Match 3 de 2024!<\/strong><\/p>\n","protected":false},"author":11,"featured_media":33940,"comment_status":"open","ping_status":"closed","template":"","meta":{"_acf_changed":false,"inline_featured_image":false},"product_brand":[],"product_cat":[178],"product_tag":[288],"class_list":{"0":"post-33939","1":"product","2":"type-product","3":"status-publish","4":"has-post-thumbnail","6":"product_cat-match-3-es","7":"product_tag-play-on-pc-es","9":"first","10":"instock","11":"shipping-taxable","12":"purchasable","13":"product-type-simple"},"acf":[],"yoast_head":"<!-- This site is optimized with the Yoast SEO Premium plugin v25.2 (Yoast SEO v25.2) - https:\/\/yoast.com\/wordpress\/plugins\/seo\/ -->\n<title>Sum\u00e9rgete en aventuras de Match 3 con Masterful Matches: \u00a1los 3 mejores Match 3 de 2024!<\/title>\n<meta name=\"description\" content=\"Sum\u00e9rgete en aventuras de Match 3 con Masterful Matches: \u00a1los 3 mejores Match 3 de 2024!\" \/>\n<meta name=\"robots\" content=\"index, follow, max-snippet:-1, max-image-preview:large, max-video-preview:-1\" \/>\n<link rel=\"canonical\" href=\"https:\/\/www.iplay.com\/es\/games\/masterful-matches-2024s-top-3-match-3\/\" \/>\n<meta property=\"og:locale\" content=\"es_ES\" \/>\n<meta property=\"og:type\" content=\"article\" \/>\n<meta property=\"og:title\" content=\"Masterful Matches - 2024&#039;s Top 3 Match 3\" \/>\n<meta property=\"og:description\" content=\"Sum\u00e9rgete en aventuras de Match 3 con Masterful Matches: \u00a1los 3 mejores Match 3 de 2024!\" \/>\n<meta property=\"og:url\" content=\"https:\/\/www.iplay.com\/es\/games\/masterful-matches-2024s-top-3-match-3\/\" \/>\n<meta property=\"og:site_name\" content=\"IPlay\" \/>\n<meta property=\"article:modified_time\" content=\"2025-02-26T14:22:44+00:00\" \/>\n<meta property=\"og:image\" content=\"https:\/\/www.iplay.com\/wp-content\/uploads\/2024\/12\/400x400-masterful_matches_-_2024s_top_3_match_3_large_square_tile_image-300x300-1.webp\" \/>\n\t<meta property=\"og:image:width\" content=\"400\" \/>\n\t<meta property=\"og:image:height\" content=\"400\" \/>\n\t<meta property=\"og:image:type\" content=\"image\/webp\" \/>\n<meta name=\"twitter:card\" content=\"summary_large_image\" \/>\n<meta name=\"twitter:label1\" content=\"Est. reading time\" \/>\n\t<meta name=\"twitter:data1\" content=\"1 minuto\" \/>\n<script type=\"application\/ld+json\" class=\"yoast-schema-graph\">{\"@context\":\"https:\/\/schema.org\",\"@graph\":[{\"@type\":\"WebPage\",\"@id\":\"https:\/\/www.iplay.com\/es\/games\/masterful-matches-2024s-top-3-match-3\/\",\"url\":\"https:\/\/www.iplay.com\/es\/games\/masterful-matches-2024s-top-3-match-3\/\",\"name\":\"Sum\u00e9rgete en aventuras de Match 3 con Masterful Matches: \u00a1los 3 mejores Match 3 de 2024!\",\"isPartOf\":{\"@id\":\"https:\/\/www.iplay.com\/en\/#website\"},\"primaryImageOfPage\":{\"@id\":\"https:\/\/www.iplay.com\/es\/games\/masterful-matches-2024s-top-3-match-3\/#primaryimage\"},\"image\":{\"@id\":\"https:\/\/www.iplay.com\/es\/games\/masterful-matches-2024s-top-3-match-3\/#primaryimage\"},\"thumbnailUrl\":\"https:\/\/www.iplay.com\/wp-content\/uploads\/2024\/12\/400x400-masterful_matches_-_2024s_top_3_match_3_large_square_tile_image-300x300-1.webp\",\"datePublished\":\"2024-12-30T11:03:44+00:00\",\"dateModified\":\"2025-02-26T14:22:44+00:00\",\"description\":\"Sum\u00e9rgete en aventuras de Match 3 con Masterful Matches: \u00a1los 3 mejores Match 3 de 2024!\",\"breadcrumb\":{\"@id\":\"https:\/\/www.iplay.com\/es\/games\/masterful-matches-2024s-top-3-match-3\/#breadcrumb\"},\"inLanguage\":\"es\",\"potentialAction\":[{\"@type\":\"ReadAction\",\"target\":[\"https:\/\/www.iplay.com\/es\/games\/masterful-matches-2024s-top-3-match-3\/\"]}]},{\"@type\":\"ImageObject\",\"inLanguage\":\"es\",\"@id\":\"https:\/\/www.iplay.com\/es\/games\/masterful-matches-2024s-top-3-match-3\/#primaryimage\",\"url\":\"https:\/\/www.iplay.com\/wp-content\/uploads\/2024\/12\/400x400-masterful_matches_-_2024s_top_3_match_3_large_square_tile_image-300x300-1.webp\",\"contentUrl\":\"https:\/\/www.iplay.com\/wp-content\/uploads\/2024\/12\/400x400-masterful_matches_-_2024s_top_3_match_3_large_square_tile_image-300x300-1.webp\",\"width\":400,\"height\":400},{\"@type\":\"BreadcrumbList\",\"@id\":\"https:\/\/www.iplay.com\/es\/games\/masterful-matches-2024s-top-3-match-3\/#breadcrumb\",\"itemListElement\":[{\"@type\":\"ListItem\",\"position\":1,\"name\":\"Home\",\"item\":\"https:\/\/www.iplay.com\/es\/home-page-2\/\"},{\"@type\":\"ListItem\",\"position\":2,\"name\":\"Shop\",\"item\":\"https:\/\/www.iplay.com\/en\/shop\/\"},{\"@type\":\"ListItem\",\"position\":3,\"name\":\"Masterful Matches &#8211; 2024&#8217;s Top 3 Match 3\"}]},{\"@type\":\"WebSite\",\"@id\":\"https:\/\/www.iplay.com\/en\/#website\",\"url\":\"https:\/\/www.iplay.com\/en\/\",\"name\":\"IPlay\",\"description\":\"The Best Casual Games!\",\"publisher\":{\"@id\":\"https:\/\/www.iplay.com\/en\/#organization\"},\"potentialAction\":[{\"@type\":\"SearchAction\",\"target\":{\"@type\":\"EntryPoint\",\"urlTemplate\":\"https:\/\/www.iplay.com\/en\/?s={search_term_string}\"},\"query-input\":{\"@type\":\"PropertyValueSpecification\",\"valueRequired\":true,\"valueName\":\"search_term_string\"}}],\"inLanguage\":\"es\"},{\"@type\":\"Organization\",\"@id\":\"https:\/\/www.iplay.com\/en\/#organization\",\"name\":\"IPlay\",\"url\":\"https:\/\/www.iplay.com\/en\/\",\"logo\":{\"@type\":\"ImageObject\",\"inLanguage\":\"es\",\"@id\":\"https:\/\/www.iplay.com\/en\/#\/schema\/logo\/image\/\",\"url\":\"https:\/\/www.iplay.com\/wp-content\/uploads\/2023\/11\/Group-6100.svg\",\"contentUrl\":\"https:\/\/www.iplay.com\/wp-content\/uploads\/2023\/11\/Group-6100.svg\",\"width\":98,\"height\":25,\"caption\":\"IPlay\"},\"image\":{\"@id\":\"https:\/\/www.iplay.com\/en\/#\/schema\/logo\/image\/\"}}]}<\/script>\n<!-- \/ Yoast SEO Premium plugin. -->","yoast_head_json":{"title":"Sum\u00e9rgete en aventuras de Match 3 con Masterful Matches: \u00a1los 3 mejores Match 3 de 2024!","description":"Sum\u00e9rgete en aventuras de Match 3 con Masterful Matches: \u00a1los 3 mejores Match 3 de 2024!","robots":{"index":"index","follow":"follow","max-snippet":"max-snippet:-1","max-image-preview":"max-image-preview:large","max-video-preview":"max-video-preview:-1"},"canonical":"https:\/\/www.iplay.com\/es\/games\/masterful-matches-2024s-top-3-match-3\/","og_locale":"es_ES","og_type":"article","og_title":"Masterful Matches - 2024's Top 3 Match 3","og_description":"Sum\u00e9rgete en aventuras de Match 3 con Masterful Matches: \u00a1los 3 mejores Match 3 de 2024!","og_url":"https:\/\/www.iplay.com\/es\/games\/masterful-matches-2024s-top-3-match-3\/","og_site_name":"IPlay","article_modified_time":"2025-02-26T14:22:44+00:00","og_image":[{"width":400,"height":400,"url":"https:\/\/www.iplay.com\/wp-content\/uploads\/2024\/12\/400x400-masterful_matches_-_2024s_top_3_match_3_large_square_tile_image-300x300-1.webp","type":"image\/webp"}],"twitter_card":"summary_large_image","twitter_misc":{"Est. reading time":"1 minuto"},"schema":{"@context":"https:\/\/schema.org","@graph":[{"@type":"WebPage","@id":"https:\/\/www.iplay.com\/es\/games\/masterful-matches-2024s-top-3-match-3\/","url":"https:\/\/www.iplay.com\/es\/games\/masterful-matches-2024s-top-3-match-3\/","name":"Sum\u00e9rgete en aventuras de Match 3 con Masterful Matches: \u00a1los 3 mejores Match 3 de 2024!","isPartOf":{"@id":"https:\/\/www.iplay.com\/en\/#website"},"primaryImageOfPage":{"@id":"https:\/\/www.iplay.com\/es\/games\/masterful-matches-2024s-top-3-match-3\/#primaryimage"},"image":{"@id":"https:\/\/www.iplay.com\/es\/games\/masterful-matches-2024s-top-3-match-3\/#primaryimage"},"thumbnailUrl":"https:\/\/www.iplay.com\/wp-content\/uploads\/2024\/12\/400x400-masterful_matches_-_2024s_top_3_match_3_large_square_tile_image-300x300-1.webp","datePublished":"2024-12-30T11:03:44+00:00","dateModified":"2025-02-26T14:22:44+00:00","description":"Sum\u00e9rgete en aventuras de Match 3 con Masterful Matches: \u00a1los 3 mejores Match 3 de 2024!","breadcrumb":{"@id":"https:\/\/www.iplay.com\/es\/games\/masterful-matches-2024s-top-3-match-3\/#breadcrumb"},"inLanguage":"es","potentialAction":[{"@type":"ReadAction","target":["https:\/\/www.iplay.com\/es\/games\/masterful-matches-2024s-top-3-match-3\/"]}]},{"@type":"ImageObject","inLanguage":"es","@id":"https:\/\/www.iplay.com\/es\/games\/masterful-matches-2024s-top-3-match-3\/#primaryimage","url":"https:\/\/www.iplay.com\/wp-content\/uploads\/2024\/12\/400x400-masterful_matches_-_2024s_top_3_match_3_large_square_tile_image-300x300-1.webp","contentUrl":"https:\/\/www.iplay.com\/wp-content\/uploads\/2024\/12\/400x400-masterful_matches_-_2024s_top_3_match_3_large_square_tile_image-300x300-1.webp","width":400,"height":400},{"@type":"BreadcrumbList","@id":"https:\/\/www.iplay.com\/es\/games\/masterful-matches-2024s-top-3-match-3\/#breadcrumb","itemListElement":[{"@type":"ListItem","position":1,"name":"Home","item":"https:\/\/www.iplay.com\/es\/home-page-2\/"},{"@type":"ListItem","position":2,"name":"Shop","item":"https:\/\/www.iplay.com\/en\/shop\/"},{"@type":"ListItem","position":3,"name":"Masterful Matches &#8211; 2024&#8217;s Top 3 Match 3"}]},{"@type":"WebSite","@id":"https:\/\/www.iplay.com\/en\/#website","url":"https:\/\/www.iplay.com\/en\/","name":"IPlay","description":"The Best Casual Games!","publisher":{"@id":"https:\/\/www.iplay.com\/en\/#organization"},"potentialAction":[{"@type":"SearchAction","target":{"@type":"EntryPoint","urlTemplate":"https:\/\/www.iplay.com\/en\/?s={search_term_string}"},"query-input":{"@type":"PropertyValueSpecification","valueRequired":true,"valueName":"search_term_string"}}],"inLanguage":"es"},{"@type":"Organization","@id":"https:\/\/www.iplay.com\/en\/#organization","name":"IPlay","url":"https:\/\/www.iplay.com\/en\/","logo":{"@type":"ImageObject","inLanguage":"es","@id":"https:\/\/www.iplay.com\/en\/#\/schema\/logo\/image\/","url":"https:\/\/www.iplay.com\/wp-content\/uploads\/2023\/11\/Group-6100.svg","contentUrl":"https:\/\/www.iplay.com\/wp-content\/uploads\/2023\/11\/Group-6100.svg","width":98,"height":25,"caption":"IPlay"},"image":{"@id":"https:\/\/www.iplay.com\/en\/#\/schema\/logo\/image\/"}}]}},"_links":{"self":[{"href":"https:\/\/www.iplay.com\/es\/wp-json\/wp\/v2\/product\/33939","targetHints":{"allow":["GET"]}}],"collection":[{"href":"https:\/\/www.iplay.com\/es\/wp-json\/wp\/v2\/product"}],"about":[{"href":"https:\/\/www.iplay.com\/es\/wp-json\/wp\/v2\/types\/product"}],"author":[{"embeddable":true,"href":"https:\/\/www.iplay.com\/es\/wp-json\/wp\/v2\/users\/11"}],"replies":[{"embeddable":true,"href":"https:\/\/www.iplay.com\/es\/wp-json\/wp\/v2\/comments?post=33939"}],"wp:featuredmedia":[{"embeddable":true,"href":"https:\/\/www.iplay.com\/es\/wp-json\/wp\/v2\/media\/33940"}],"wp:attachment":[{"href":"https:\/\/www.iplay.com\/es\/wp-json\/wp\/v2\/media?parent=33939"}],"wp:term":[{"taxonomy":"product_brand","embeddable":true,"href":"https:\/\/www.iplay.com\/es\/wp-json\/wp\/v2\/product_brand?post=33939"},{"taxonomy":"product_cat","embeddable":true,"href":"https:\/\/www.iplay.com\/es\/wp-json\/wp\/v2\/product_cat?post=33939"},{"taxonomy":"product_tag","embeddable":true,"href":"https:\/\/www.iplay.com\/es\/wp-json\/wp\/v2\/product_tag?post=33939"}],"curies":[{"name":"wp","href":"https:\/\/api.w.org\/{rel}","templated":true}]}}