{"id":33912,"date":"2024-08-23T14:14:53","date_gmt":"2024-08-23T14:14:53","guid":{"rendered":"https:\/\/www.iplay.com\/games\/starl5\/"},"modified":"2025-02-26T14:22:48","modified_gmt":"2025-02-26T14:22:48","slug":"starl5","status":"publish","type":"product","link":"https:\/\/www.iplay.com\/es\/games\/starl5\/","title":{"rendered":"StarL5"},"content":{"rendered":"<p>Se ha creado un mundo de juego vibrante y expansivo, que ofrece numerosos niveles que var\u00edan en dificultad, lo que garantiza una experiencia fresca y emocionante en cada etapa. El objetivo es sencillo: hay que destruir las fichas. Esto se puede lograr intercambiando gemas adyacentes para crear filas o l\u00edneas de tres gemas coincidentes. Al combinar m\u00e1s de tres gemas, se desbloquean bonificaciones y recompensas adicionales, lo que agrega capas de estrategia y diversi\u00f3n.   <\/p>\n<p>&nbsp;<\/p>\n<p><strong>Caracter\u00edsticas principales<\/strong><\/p>\n<ul>\n<li>130 niveles desafiantes: Se han dise\u00f1ado un total de 130 niveles, cada uno de los cuales presenta desaf\u00edos \u00fanicos que mantendr\u00e1n a los jugadores comprometidos y entretenidos.<\/li>\n<li>Jugabilidad cautivadora: La jugabilidad no solo es atractiva sino tambi\u00e9n visualmente atractiva, con animaciones suaves que mejoran la experiencia general.<\/li>\n<li>Tiempo de juego extendido: Con 10 a 12 horas de tiempo de juego, este juego ofrece un viaje sustancial, brindando una amplia oportunidad para explorar y disfrutar de sus diversos elementos.<\/li>\n<\/ul>\n<p>Este juego ha sido cuidadosamente dise\u00f1ado para atender tanto a los jugadores ocasionales que buscan un escape r\u00e1pido como a los jugadores dedicados que buscan una experiencia inmersiva. La mec\u00e1nica simple combinada con la profundidad estrat\u00e9gica asegura que todos, independientemente de su experiencia en el juego, encontrar\u00e1n algo para disfrutar. Ya sea que est\u00e9s buscando una breve distracci\u00f3n o una aventura prolongada, este juego ofrece un delicioso equilibrio entre desaf\u00edo y relajaci\u00f3n.<\/p>\n","protected":false},"excerpt":{"rendered":"<p><strong>StarL5<\/strong> &#8211; \u00a1\u00c1brete camino a trav\u00e9s de m\u00faltiples niveles para tener \u00e9xito!<\/p>\n","protected":false},"author":36,"featured_media":33913,"comment_status":"open","ping_status":"closed","template":"","meta":{"_acf_changed":false,"inline_featured_image":false},"product_brand":[],"product_cat":[178],"product_tag":[288],"class_list":{"0":"post-33912","1":"product","2":"type-product","3":"status-publish","4":"has-post-thumbnail","6":"product_cat-match-3-es","7":"product_tag-play-on-pc-es","9":"first","10":"instock","11":"shipping-taxable","12":"purchasable","13":"product-type-simple"},"acf":[],"yoast_head":"<!-- This site is optimized with the Yoast SEO Premium plugin v25.2 (Yoast SEO v25.2) - https:\/\/yoast.com\/wordpress\/plugins\/seo\/ -->\n<title>StarL5 - \u00a1\u00c1brete camino a trav\u00e9s de m\u00faltiples niveles para tener \u00e9xito!<\/title>\n<meta name=\"description\" content=\"StarL5 - \u00a1\u00c1brete camino a trav\u00e9s de m\u00faltiples niveles para tener \u00e9xito!\" \/>\n<meta name=\"robots\" content=\"index, follow, max-snippet:-1, max-image-preview:large, max-video-preview:-1\" \/>\n<link rel=\"canonical\" href=\"https:\/\/www.iplay.com\/es\/games\/starl5\/\" \/>\n<meta property=\"og:locale\" content=\"es_ES\" \/>\n<meta property=\"og:type\" content=\"article\" \/>\n<meta property=\"og:title\" content=\"StarL5\" \/>\n<meta property=\"og:description\" content=\"StarL5 - \u00a1\u00c1brete camino a trav\u00e9s de m\u00faltiples niveles para tener \u00e9xito!\" \/>\n<meta property=\"og:url\" content=\"https:\/\/www.iplay.com\/es\/games\/starl5\/\" \/>\n<meta property=\"og:site_name\" content=\"IPlay\" \/>\n<meta property=\"article:modified_time\" content=\"2025-02-26T14:22:48+00:00\" \/>\n<meta property=\"og:image\" content=\"https:\/\/www.iplay.com\/wp-content\/uploads\/2024\/09\/400x400-starl5_large_square_tile_image.webp\" \/>\n\t<meta property=\"og:image:width\" content=\"400\" \/>\n\t<meta property=\"og:image:height\" content=\"400\" \/>\n\t<meta property=\"og:image:type\" content=\"image\/webp\" \/>\n<meta name=\"twitter:card\" content=\"summary_large_image\" \/>\n<meta name=\"twitter:label1\" content=\"Est. reading time\" \/>\n\t<meta name=\"twitter:data1\" content=\"1 minuto\" \/>\n<script type=\"application\/ld+json\" class=\"yoast-schema-graph\">{\"@context\":\"https:\/\/schema.org\",\"@graph\":[{\"@type\":\"WebPage\",\"@id\":\"https:\/\/www.iplay.com\/es\/games\/starl5\/\",\"url\":\"https:\/\/www.iplay.com\/es\/games\/starl5\/\",\"name\":\"StarL5 - \u00a1\u00c1brete camino a trav\u00e9s de m\u00faltiples niveles para tener \u00e9xito!\",\"isPartOf\":{\"@id\":\"https:\/\/www.iplay.com\/en\/#website\"},\"primaryImageOfPage\":{\"@id\":\"https:\/\/www.iplay.com\/es\/games\/starl5\/#primaryimage\"},\"image\":{\"@id\":\"https:\/\/www.iplay.com\/es\/games\/starl5\/#primaryimage\"},\"thumbnailUrl\":\"https:\/\/www.iplay.com\/wp-content\/uploads\/2024\/09\/400x400-starl5_large_square_tile_image.webp\",\"datePublished\":\"2024-08-23T14:14:53+00:00\",\"dateModified\":\"2025-02-26T14:22:48+00:00\",\"description\":\"StarL5 - \u00a1\u00c1brete camino a trav\u00e9s de m\u00faltiples niveles para tener \u00e9xito!\",\"breadcrumb\":{\"@id\":\"https:\/\/www.iplay.com\/es\/games\/starl5\/#breadcrumb\"},\"inLanguage\":\"es\",\"potentialAction\":[{\"@type\":\"ReadAction\",\"target\":[\"https:\/\/www.iplay.com\/es\/games\/starl5\/\"]}]},{\"@type\":\"ImageObject\",\"inLanguage\":\"es\",\"@id\":\"https:\/\/www.iplay.com\/es\/games\/starl5\/#primaryimage\",\"url\":\"https:\/\/www.iplay.com\/wp-content\/uploads\/2024\/09\/400x400-starl5_large_square_tile_image.webp\",\"contentUrl\":\"https:\/\/www.iplay.com\/wp-content\/uploads\/2024\/09\/400x400-starl5_large_square_tile_image.webp\",\"width\":400,\"height\":400},{\"@type\":\"BreadcrumbList\",\"@id\":\"https:\/\/www.iplay.com\/es\/games\/starl5\/#breadcrumb\",\"itemListElement\":[{\"@type\":\"ListItem\",\"position\":1,\"name\":\"Home\",\"item\":\"https:\/\/www.iplay.com\/es\/home-page-2\/\"},{\"@type\":\"ListItem\",\"position\":2,\"name\":\"Shop\",\"item\":\"https:\/\/www.iplay.com\/en\/shop\/\"},{\"@type\":\"ListItem\",\"position\":3,\"name\":\"StarL5\"}]},{\"@type\":\"WebSite\",\"@id\":\"https:\/\/www.iplay.com\/en\/#website\",\"url\":\"https:\/\/www.iplay.com\/en\/\",\"name\":\"IPlay\",\"description\":\"The Best Casual Games!\",\"publisher\":{\"@id\":\"https:\/\/www.iplay.com\/en\/#organization\"},\"potentialAction\":[{\"@type\":\"SearchAction\",\"target\":{\"@type\":\"EntryPoint\",\"urlTemplate\":\"https:\/\/www.iplay.com\/en\/?s={search_term_string}\"},\"query-input\":{\"@type\":\"PropertyValueSpecification\",\"valueRequired\":true,\"valueName\":\"search_term_string\"}}],\"inLanguage\":\"es\"},{\"@type\":\"Organization\",\"@id\":\"https:\/\/www.iplay.com\/en\/#organization\",\"name\":\"IPlay\",\"url\":\"https:\/\/www.iplay.com\/en\/\",\"logo\":{\"@type\":\"ImageObject\",\"inLanguage\":\"es\",\"@id\":\"https:\/\/www.iplay.com\/en\/#\/schema\/logo\/image\/\",\"url\":\"https:\/\/www.iplay.com\/wp-content\/uploads\/2023\/11\/Group-6100.svg\",\"contentUrl\":\"https:\/\/www.iplay.com\/wp-content\/uploads\/2023\/11\/Group-6100.svg\",\"width\":98,\"height\":25,\"caption\":\"IPlay\"},\"image\":{\"@id\":\"https:\/\/www.iplay.com\/en\/#\/schema\/logo\/image\/\"}}]}<\/script>\n<!-- \/ Yoast SEO Premium plugin. -->","yoast_head_json":{"title":"StarL5 - \u00a1\u00c1brete camino a trav\u00e9s de m\u00faltiples niveles para tener \u00e9xito!","description":"StarL5 - \u00a1\u00c1brete camino a trav\u00e9s de m\u00faltiples niveles para tener \u00e9xito!","robots":{"index":"index","follow":"follow","max-snippet":"max-snippet:-1","max-image-preview":"max-image-preview:large","max-video-preview":"max-video-preview:-1"},"canonical":"https:\/\/www.iplay.com\/es\/games\/starl5\/","og_locale":"es_ES","og_type":"article","og_title":"StarL5","og_description":"StarL5 - \u00a1\u00c1brete camino a trav\u00e9s de m\u00faltiples niveles para tener \u00e9xito!","og_url":"https:\/\/www.iplay.com\/es\/games\/starl5\/","og_site_name":"IPlay","article_modified_time":"2025-02-26T14:22:48+00:00","og_image":[{"width":400,"height":400,"url":"https:\/\/www.iplay.com\/wp-content\/uploads\/2024\/09\/400x400-starl5_large_square_tile_image.webp","type":"image\/webp"}],"twitter_card":"summary_large_image","twitter_misc":{"Est. reading time":"1 minuto"},"schema":{"@context":"https:\/\/schema.org","@graph":[{"@type":"WebPage","@id":"https:\/\/www.iplay.com\/es\/games\/starl5\/","url":"https:\/\/www.iplay.com\/es\/games\/starl5\/","name":"StarL5 - \u00a1\u00c1brete camino a trav\u00e9s de m\u00faltiples niveles para tener \u00e9xito!","isPartOf":{"@id":"https:\/\/www.iplay.com\/en\/#website"},"primaryImageOfPage":{"@id":"https:\/\/www.iplay.com\/es\/games\/starl5\/#primaryimage"},"image":{"@id":"https:\/\/www.iplay.com\/es\/games\/starl5\/#primaryimage"},"thumbnailUrl":"https:\/\/www.iplay.com\/wp-content\/uploads\/2024\/09\/400x400-starl5_large_square_tile_image.webp","datePublished":"2024-08-23T14:14:53+00:00","dateModified":"2025-02-26T14:22:48+00:00","description":"StarL5 - \u00a1\u00c1brete camino a trav\u00e9s de m\u00faltiples niveles para tener \u00e9xito!","breadcrumb":{"@id":"https:\/\/www.iplay.com\/es\/games\/starl5\/#breadcrumb"},"inLanguage":"es","potentialAction":[{"@type":"ReadAction","target":["https:\/\/www.iplay.com\/es\/games\/starl5\/"]}]},{"@type":"ImageObject","inLanguage":"es","@id":"https:\/\/www.iplay.com\/es\/games\/starl5\/#primaryimage","url":"https:\/\/www.iplay.com\/wp-content\/uploads\/2024\/09\/400x400-starl5_large_square_tile_image.webp","contentUrl":"https:\/\/www.iplay.com\/wp-content\/uploads\/2024\/09\/400x400-starl5_large_square_tile_image.webp","width":400,"height":400},{"@type":"BreadcrumbList","@id":"https:\/\/www.iplay.com\/es\/games\/starl5\/#breadcrumb","itemListElement":[{"@type":"ListItem","position":1,"name":"Home","item":"https:\/\/www.iplay.com\/es\/home-page-2\/"},{"@type":"ListItem","position":2,"name":"Shop","item":"https:\/\/www.iplay.com\/en\/shop\/"},{"@type":"ListItem","position":3,"name":"StarL5"}]},{"@type":"WebSite","@id":"https:\/\/www.iplay.com\/en\/#website","url":"https:\/\/www.iplay.com\/en\/","name":"IPlay","description":"The Best Casual Games!","publisher":{"@id":"https:\/\/www.iplay.com\/en\/#organization"},"potentialAction":[{"@type":"SearchAction","target":{"@type":"EntryPoint","urlTemplate":"https:\/\/www.iplay.com\/en\/?s={search_term_string}"},"query-input":{"@type":"PropertyValueSpecification","valueRequired":true,"valueName":"search_term_string"}}],"inLanguage":"es"},{"@type":"Organization","@id":"https:\/\/www.iplay.com\/en\/#organization","name":"IPlay","url":"https:\/\/www.iplay.com\/en\/","logo":{"@type":"ImageObject","inLanguage":"es","@id":"https:\/\/www.iplay.com\/en\/#\/schema\/logo\/image\/","url":"https:\/\/www.iplay.com\/wp-content\/uploads\/2023\/11\/Group-6100.svg","contentUrl":"https:\/\/www.iplay.com\/wp-content\/uploads\/2023\/11\/Group-6100.svg","width":98,"height":25,"caption":"IPlay"},"image":{"@id":"https:\/\/www.iplay.com\/en\/#\/schema\/logo\/image\/"}}]}},"_links":{"self":[{"href":"https:\/\/www.iplay.com\/es\/wp-json\/wp\/v2\/product\/33912","targetHints":{"allow":["GET"]}}],"collection":[{"href":"https:\/\/www.iplay.com\/es\/wp-json\/wp\/v2\/product"}],"about":[{"href":"https:\/\/www.iplay.com\/es\/wp-json\/wp\/v2\/types\/product"}],"author":[{"embeddable":true,"href":"https:\/\/www.iplay.com\/es\/wp-json\/wp\/v2\/users\/36"}],"replies":[{"embeddable":true,"href":"https:\/\/www.iplay.com\/es\/wp-json\/wp\/v2\/comments?post=33912"}],"wp:featuredmedia":[{"embeddable":true,"href":"https:\/\/www.iplay.com\/es\/wp-json\/wp\/v2\/media\/33913"}],"wp:attachment":[{"href":"https:\/\/www.iplay.com\/es\/wp-json\/wp\/v2\/media?parent=33912"}],"wp:term":[{"taxonomy":"product_brand","embeddable":true,"href":"https:\/\/www.iplay.com\/es\/wp-json\/wp\/v2\/product_brand?post=33912"},{"taxonomy":"product_cat","embeddable":true,"href":"https:\/\/www.iplay.com\/es\/wp-json\/wp\/v2\/product_cat?post=33912"},{"taxonomy":"product_tag","embeddable":true,"href":"https:\/\/www.iplay.com\/es\/wp-json\/wp\/v2\/product_tag?post=33912"}],"curies":[{"name":"wp","href":"https:\/\/api.w.org\/{rel}","templated":true}]}}