{"id":33797,"date":"2011-04-27T00:00:00","date_gmt":"2011-04-27T00:00:00","guid":{"rendered":"https:\/\/www.iplay.com\/games\/amanda-rose-the-game-of-time\/"},"modified":"2025-02-26T14:22:57","modified_gmt":"2025-02-26T14:22:57","slug":"amanda-rose-the-game-of-time","status":"publish","type":"product","link":"https:\/\/www.iplay.com\/es\/games\/amanda-rose-the-game-of-time\/","title":{"rendered":"Amanda Rose: The Game of Time"},"content":{"rendered":"<p>Amanda Rose est\u00e1 de pie en la entrada de una mina desierta. Descubrir\u00e1 algo espectacular cuando camine por la abertura. Acababa de presenciar c\u00f3mo su padre part\u00eda de su casa en una misi\u00f3n encubierta. Unas horas m\u00e1s tarde, ella estaba buscando pistas sobre su desaparici\u00f3n en el desierto cerca de donde hab\u00eda ca\u00eddo su avi\u00f3n. Poco despu\u00e9s, un extra\u00f1o artilugio la envi\u00f3 atr\u00e1s en el tiempo. \u00bfLlevar\u00e1s a Amanda a trav\u00e9s del abismo? \u00bfEres lo suficientemente valiente como para acompa\u00f1arla hacia lo desconocido? \u00a1Solo puede haber una respuesta!<\/p>\n","protected":false},"excerpt":{"rendered":"<p>\u00bfPuedes aventurarte sin miedo en lo desconocido? \u00a1Desc\u00fabrelo con Amanda Rose: El Juego del Tiempo! <\/p>\n","protected":false},"author":8,"featured_media":33798,"comment_status":"open","ping_status":"closed","template":"","meta":{"_acf_changed":false,"inline_featured_image":false},"product_brand":[],"product_cat":[166],"product_tag":[288],"class_list":{"0":"post-33797","1":"product","2":"type-product","3":"status-publish","4":"has-post-thumbnail","6":"product_cat-hidden-object-es","7":"product_tag-play-on-pc-es","9":"first","10":"instock","11":"shipping-taxable","12":"purchasable","13":"product-type-simple"},"acf":[],"yoast_head":"<!-- This site is optimized with the Yoast SEO Premium plugin v25.2 (Yoast SEO v25.2) - https:\/\/yoast.com\/wordpress\/plugins\/seo\/ -->\n<title>Amanda Rose: El juego del tiempo - Atr\u00e9vete a adentrarte audazmente en lo desconocido; \u00bfEres lo suficientemente valiente?<\/title>\n<meta name=\"description\" content=\"\u00bfPuedes aventurarte sin miedo en lo desconocido? \u00a1Desc\u00fabrelo con Amanda Rose: El Juego del Tiempo!\" \/>\n<meta name=\"robots\" content=\"index, follow, max-snippet:-1, max-image-preview:large, max-video-preview:-1\" \/>\n<link rel=\"canonical\" href=\"https:\/\/www.iplay.com\/es\/games\/amanda-rose-the-game-of-time\/\" \/>\n<meta property=\"og:locale\" content=\"es_ES\" \/>\n<meta property=\"og:type\" content=\"article\" \/>\n<meta property=\"og:title\" content=\"Amanda Rose: The Game of Time\" \/>\n<meta property=\"og:description\" content=\"\u00bfPuedes aventurarte sin miedo en lo desconocido? \u00a1Desc\u00fabrelo con Amanda Rose: El Juego del Tiempo!\" \/>\n<meta property=\"og:url\" content=\"https:\/\/www.iplay.com\/es\/games\/amanda-rose-the-game-of-time\/\" \/>\n<meta property=\"og:site_name\" content=\"IPlay\" \/>\n<meta property=\"article:modified_time\" content=\"2025-02-26T14:22:57+00:00\" \/>\n<meta property=\"og:image\" content=\"https:\/\/www.iplay.com\/wp-content\/uploads\/2023\/12\/large_square_tile_image-1368.jpg\" \/>\n\t<meta property=\"og:image:width\" content=\"310\" \/>\n\t<meta property=\"og:image:height\" content=\"310\" \/>\n\t<meta property=\"og:image:type\" content=\"image\/jpeg\" \/>\n<meta name=\"twitter:card\" content=\"summary_large_image\" \/>\n<meta name=\"twitter:label1\" content=\"Est. reading time\" \/>\n\t<meta name=\"twitter:data1\" content=\"1 minuto\" \/>\n<script type=\"application\/ld+json\" class=\"yoast-schema-graph\">{\"@context\":\"https:\/\/schema.org\",\"@graph\":[{\"@type\":\"WebPage\",\"@id\":\"https:\/\/www.iplay.com\/es\/games\/amanda-rose-the-game-of-time\/\",\"url\":\"https:\/\/www.iplay.com\/es\/games\/amanda-rose-the-game-of-time\/\",\"name\":\"Amanda Rose: El juego del tiempo - Atr\u00e9vete a adentrarte audazmente en lo desconocido; \u00bfEres lo suficientemente valiente?\",\"isPartOf\":{\"@id\":\"https:\/\/www.iplay.com\/en\/#website\"},\"primaryImageOfPage\":{\"@id\":\"https:\/\/www.iplay.com\/es\/games\/amanda-rose-the-game-of-time\/#primaryimage\"},\"image\":{\"@id\":\"https:\/\/www.iplay.com\/es\/games\/amanda-rose-the-game-of-time\/#primaryimage\"},\"thumbnailUrl\":\"https:\/\/www.iplay.com\/wp-content\/uploads\/2023\/12\/large_square_tile_image-1368.jpg\",\"datePublished\":\"2011-04-27T00:00:00+00:00\",\"dateModified\":\"2025-02-26T14:22:57+00:00\",\"description\":\"\u00bfPuedes aventurarte sin miedo en lo desconocido? \u00a1Desc\u00fabrelo con Amanda Rose: El Juego del Tiempo!\",\"breadcrumb\":{\"@id\":\"https:\/\/www.iplay.com\/es\/games\/amanda-rose-the-game-of-time\/#breadcrumb\"},\"inLanguage\":\"es\",\"potentialAction\":[{\"@type\":\"ReadAction\",\"target\":[\"https:\/\/www.iplay.com\/es\/games\/amanda-rose-the-game-of-time\/\"]}]},{\"@type\":\"ImageObject\",\"inLanguage\":\"es\",\"@id\":\"https:\/\/www.iplay.com\/es\/games\/amanda-rose-the-game-of-time\/#primaryimage\",\"url\":\"https:\/\/www.iplay.com\/wp-content\/uploads\/2023\/12\/large_square_tile_image-1368.jpg\",\"contentUrl\":\"https:\/\/www.iplay.com\/wp-content\/uploads\/2023\/12\/large_square_tile_image-1368.jpg\",\"width\":310,\"height\":310},{\"@type\":\"BreadcrumbList\",\"@id\":\"https:\/\/www.iplay.com\/es\/games\/amanda-rose-the-game-of-time\/#breadcrumb\",\"itemListElement\":[{\"@type\":\"ListItem\",\"position\":1,\"name\":\"Home\",\"item\":\"https:\/\/www.iplay.com\/es\/home-page-2\/\"},{\"@type\":\"ListItem\",\"position\":2,\"name\":\"Shop\",\"item\":\"https:\/\/www.iplay.com\/en\/shop\/\"},{\"@type\":\"ListItem\",\"position\":3,\"name\":\"Amanda Rose: The Game of Time\"}]},{\"@type\":\"WebSite\",\"@id\":\"https:\/\/www.iplay.com\/en\/#website\",\"url\":\"https:\/\/www.iplay.com\/en\/\",\"name\":\"IPlay\",\"description\":\"The Best Casual Games!\",\"publisher\":{\"@id\":\"https:\/\/www.iplay.com\/en\/#organization\"},\"potentialAction\":[{\"@type\":\"SearchAction\",\"target\":{\"@type\":\"EntryPoint\",\"urlTemplate\":\"https:\/\/www.iplay.com\/en\/?s={search_term_string}\"},\"query-input\":{\"@type\":\"PropertyValueSpecification\",\"valueRequired\":true,\"valueName\":\"search_term_string\"}}],\"inLanguage\":\"es\"},{\"@type\":\"Organization\",\"@id\":\"https:\/\/www.iplay.com\/en\/#organization\",\"name\":\"IPlay\",\"url\":\"https:\/\/www.iplay.com\/en\/\",\"logo\":{\"@type\":\"ImageObject\",\"inLanguage\":\"es\",\"@id\":\"https:\/\/www.iplay.com\/en\/#\/schema\/logo\/image\/\",\"url\":\"https:\/\/www.iplay.com\/wp-content\/uploads\/2023\/11\/Group-6100.svg\",\"contentUrl\":\"https:\/\/www.iplay.com\/wp-content\/uploads\/2023\/11\/Group-6100.svg\",\"width\":98,\"height\":25,\"caption\":\"IPlay\"},\"image\":{\"@id\":\"https:\/\/www.iplay.com\/en\/#\/schema\/logo\/image\/\"}}]}<\/script>\n<!-- \/ Yoast SEO Premium plugin. -->","yoast_head_json":{"title":"Amanda Rose: El juego del tiempo - Atr\u00e9vete a adentrarte audazmente en lo desconocido; \u00bfEres lo suficientemente valiente?","description":"\u00bfPuedes aventurarte sin miedo en lo desconocido? \u00a1Desc\u00fabrelo con Amanda Rose: El Juego del Tiempo!","robots":{"index":"index","follow":"follow","max-snippet":"max-snippet:-1","max-image-preview":"max-image-preview:large","max-video-preview":"max-video-preview:-1"},"canonical":"https:\/\/www.iplay.com\/es\/games\/amanda-rose-the-game-of-time\/","og_locale":"es_ES","og_type":"article","og_title":"Amanda Rose: The Game of Time","og_description":"\u00bfPuedes aventurarte sin miedo en lo desconocido? \u00a1Desc\u00fabrelo con Amanda Rose: El Juego del Tiempo!","og_url":"https:\/\/www.iplay.com\/es\/games\/amanda-rose-the-game-of-time\/","og_site_name":"IPlay","article_modified_time":"2025-02-26T14:22:57+00:00","og_image":[{"width":310,"height":310,"url":"https:\/\/www.iplay.com\/wp-content\/uploads\/2023\/12\/large_square_tile_image-1368.jpg","type":"image\/jpeg"}],"twitter_card":"summary_large_image","twitter_misc":{"Est. reading time":"1 minuto"},"schema":{"@context":"https:\/\/schema.org","@graph":[{"@type":"WebPage","@id":"https:\/\/www.iplay.com\/es\/games\/amanda-rose-the-game-of-time\/","url":"https:\/\/www.iplay.com\/es\/games\/amanda-rose-the-game-of-time\/","name":"Amanda Rose: El juego del tiempo - Atr\u00e9vete a adentrarte audazmente en lo desconocido; \u00bfEres lo suficientemente valiente?","isPartOf":{"@id":"https:\/\/www.iplay.com\/en\/#website"},"primaryImageOfPage":{"@id":"https:\/\/www.iplay.com\/es\/games\/amanda-rose-the-game-of-time\/#primaryimage"},"image":{"@id":"https:\/\/www.iplay.com\/es\/games\/amanda-rose-the-game-of-time\/#primaryimage"},"thumbnailUrl":"https:\/\/www.iplay.com\/wp-content\/uploads\/2023\/12\/large_square_tile_image-1368.jpg","datePublished":"2011-04-27T00:00:00+00:00","dateModified":"2025-02-26T14:22:57+00:00","description":"\u00bfPuedes aventurarte sin miedo en lo desconocido? \u00a1Desc\u00fabrelo con Amanda Rose: El Juego del Tiempo!","breadcrumb":{"@id":"https:\/\/www.iplay.com\/es\/games\/amanda-rose-the-game-of-time\/#breadcrumb"},"inLanguage":"es","potentialAction":[{"@type":"ReadAction","target":["https:\/\/www.iplay.com\/es\/games\/amanda-rose-the-game-of-time\/"]}]},{"@type":"ImageObject","inLanguage":"es","@id":"https:\/\/www.iplay.com\/es\/games\/amanda-rose-the-game-of-time\/#primaryimage","url":"https:\/\/www.iplay.com\/wp-content\/uploads\/2023\/12\/large_square_tile_image-1368.jpg","contentUrl":"https:\/\/www.iplay.com\/wp-content\/uploads\/2023\/12\/large_square_tile_image-1368.jpg","width":310,"height":310},{"@type":"BreadcrumbList","@id":"https:\/\/www.iplay.com\/es\/games\/amanda-rose-the-game-of-time\/#breadcrumb","itemListElement":[{"@type":"ListItem","position":1,"name":"Home","item":"https:\/\/www.iplay.com\/es\/home-page-2\/"},{"@type":"ListItem","position":2,"name":"Shop","item":"https:\/\/www.iplay.com\/en\/shop\/"},{"@type":"ListItem","position":3,"name":"Amanda Rose: The Game of Time"}]},{"@type":"WebSite","@id":"https:\/\/www.iplay.com\/en\/#website","url":"https:\/\/www.iplay.com\/en\/","name":"IPlay","description":"The Best Casual Games!","publisher":{"@id":"https:\/\/www.iplay.com\/en\/#organization"},"potentialAction":[{"@type":"SearchAction","target":{"@type":"EntryPoint","urlTemplate":"https:\/\/www.iplay.com\/en\/?s={search_term_string}"},"query-input":{"@type":"PropertyValueSpecification","valueRequired":true,"valueName":"search_term_string"}}],"inLanguage":"es"},{"@type":"Organization","@id":"https:\/\/www.iplay.com\/en\/#organization","name":"IPlay","url":"https:\/\/www.iplay.com\/en\/","logo":{"@type":"ImageObject","inLanguage":"es","@id":"https:\/\/www.iplay.com\/en\/#\/schema\/logo\/image\/","url":"https:\/\/www.iplay.com\/wp-content\/uploads\/2023\/11\/Group-6100.svg","contentUrl":"https:\/\/www.iplay.com\/wp-content\/uploads\/2023\/11\/Group-6100.svg","width":98,"height":25,"caption":"IPlay"},"image":{"@id":"https:\/\/www.iplay.com\/en\/#\/schema\/logo\/image\/"}}]}},"_links":{"self":[{"href":"https:\/\/www.iplay.com\/es\/wp-json\/wp\/v2\/product\/33797","targetHints":{"allow":["GET"]}}],"collection":[{"href":"https:\/\/www.iplay.com\/es\/wp-json\/wp\/v2\/product"}],"about":[{"href":"https:\/\/www.iplay.com\/es\/wp-json\/wp\/v2\/types\/product"}],"author":[{"embeddable":true,"href":"https:\/\/www.iplay.com\/es\/wp-json\/wp\/v2\/users\/8"}],"replies":[{"embeddable":true,"href":"https:\/\/www.iplay.com\/es\/wp-json\/wp\/v2\/comments?post=33797"}],"wp:featuredmedia":[{"embeddable":true,"href":"https:\/\/www.iplay.com\/es\/wp-json\/wp\/v2\/media\/33798"}],"wp:attachment":[{"href":"https:\/\/www.iplay.com\/es\/wp-json\/wp\/v2\/media?parent=33797"}],"wp:term":[{"taxonomy":"product_brand","embeddable":true,"href":"https:\/\/www.iplay.com\/es\/wp-json\/wp\/v2\/product_brand?post=33797"},{"taxonomy":"product_cat","embeddable":true,"href":"https:\/\/www.iplay.com\/es\/wp-json\/wp\/v2\/product_cat?post=33797"},{"taxonomy":"product_tag","embeddable":true,"href":"https:\/\/www.iplay.com\/es\/wp-json\/wp\/v2\/product_tag?post=33797"}],"curies":[{"name":"wp","href":"https:\/\/api.w.org\/{rel}","templated":true}]}}