{"id":150524,"date":"2026-04-17T00:22:54","date_gmt":"2026-04-17T00:22:54","guid":{"rendered":"https:\/\/www.iplay.com\/games\/art-coloring-55\/"},"modified":"2026-04-20T15:55:54","modified_gmt":"2026-04-20T15:55:54","slug":"art-coloring-55","status":"publish","type":"product","link":"https:\/\/www.iplay.com\/es\/games\/art-coloring-55\/","title":{"rendered":"Art Coloring 55"},"content":{"rendered":"<p class=\"ai-optimize-34 ai-optimize-introduction\">Se te invita a entrar en un mundo sereno y vibrante donde la creatividad es sencilla con Art Coloring 55. Puedes elegir el m\u00e9todo de coloreado que mejor se adapte a tu estado de \u00e1nimo, tanto con estilo p\u00edxel como con obras tradicionales. Para una experiencia m\u00e1s intrincada y contemplativa, utiliza pintura por p\u00edxeles o colores suaves y vibrantes para rellenar las regiones designadas.  <\/p>\n<p class=\"ai-optimize-35\">Adem\u00e1s, puedes alternar entre rellenos limpios y planos y pinceladas texturizadas para dar a cada obra un aspecto distintivo. Art Coloring 55 ofrece un escape vibrante y satisfactorio para jugadores de todas las edades, tanto si buscas un respiro tranquilo como una larga y relajante sesi\u00f3n de colorear. <\/p>\n<p>&nbsp;<\/p>\n<p class=\"ai-optimize-36\"><strong>Caracter\u00edsticas<\/strong>:<\/p>\n<ul>\n<li class=\"ai-optimize-36\">\u00a164 pinturas vibrantes por terminar!<\/li>\n<li class=\"ai-optimize-36\">\u00a164 dibujos p\u00edxeles v\u00edvidos!<\/li>\n<li class=\"ai-optimize-36\">\u00a1Elige entre pintura en p\u00edxeles y colorear \u00e1reas!<\/li>\n<li class=\"ai-optimize-36\">\u00a1Alterna entre t\u00e9cnicas de coloreado plano y texturizado!<\/li>\n<li class=\"ai-optimize-36\">\u00a1Una experiencia sin estr\u00e9s, creativa y relajante!<\/li>\n<\/ul>\n","protected":false},"excerpt":{"rendered":"<p class=\"ai-optimize-39 ai-optimize-introduction\">Art Coloring 55 te da la bienvenida a un reino sereno y vibrante donde tu imaginaci\u00f3n puede volar libremente.<\/p>\n","protected":false},"author":16,"featured_media":150418,"comment_status":"open","ping_status":"closed","template":"","meta":{"_acf_changed":false,"inline_featured_image":false},"product_brand":[],"product_cat":[184],"product_tag":[288],"class_list":{"0":"post-150524","1":"product","2":"type-product","3":"status-publish","4":"has-post-thumbnail","6":"product_cat-paint-by-numbers-series-es","7":"product_tag-play-on-pc-es","9":"first","10":"instock","11":"shipping-taxable","12":"purchasable","13":"product-type-simple"},"acf":[],"yoast_head":"<!-- This site is optimized with the Yoast SEO Premium plugin v25.2 (Yoast SEO v25.2) - https:\/\/yoast.com\/wordpress\/plugins\/seo\/ -->\n<title>\u00a1Rel\u00e1jate y crea arte impresionante con Art Coloring 55!<\/title>\n<meta name=\"description\" content=\"Art Coloring 55 te da la bienvenida a un reino sereno y vibrante donde tu imaginaci\u00f3n puede volar libremente.\" \/>\n<meta name=\"robots\" content=\"index, follow, max-snippet:-1, max-image-preview:large, max-video-preview:-1\" \/>\n<link rel=\"canonical\" href=\"https:\/\/www.iplay.com\/es\/games\/art-coloring-55\/\" \/>\n<meta property=\"og:locale\" content=\"es_ES\" \/>\n<meta property=\"og:type\" content=\"article\" \/>\n<meta property=\"og:title\" content=\"Art Coloring 55\" \/>\n<meta property=\"og:description\" content=\"Art Coloring 55 te da la bienvenida a un reino sereno y vibrante donde tu imaginaci\u00f3n puede volar libremente.\" \/>\n<meta property=\"og:url\" content=\"https:\/\/www.iplay.com\/es\/games\/art-coloring-55\/\" \/>\n<meta property=\"og:site_name\" content=\"IPlay\" \/>\n<meta property=\"article:modified_time\" content=\"2026-04-20T15:55:54+00:00\" \/>\n<meta property=\"og:image\" content=\"https:\/\/www.iplay.com\/wp-content\/uploads\/2026\/04\/art-coloring-55_large_video_screenshot.webp\" \/>\n\t<meta property=\"og:image:width\" content=\"715\" \/>\n\t<meta property=\"og:image:height\" content=\"485\" \/>\n\t<meta property=\"og:image:type\" content=\"image\/webp\" \/>\n<meta name=\"twitter:card\" content=\"summary_large_image\" \/>\n<meta name=\"twitter:label1\" content=\"Est. reading time\" \/>\n\t<meta name=\"twitter:data1\" content=\"1 minuto\" \/>\n<script type=\"application\/ld+json\" class=\"yoast-schema-graph\">{\"@context\":\"https:\/\/schema.org\",\"@graph\":[{\"@type\":\"WebPage\",\"@id\":\"https:\/\/www.iplay.com\/es\/games\/art-coloring-55\/\",\"url\":\"https:\/\/www.iplay.com\/es\/games\/art-coloring-55\/\",\"name\":\"\u00a1Rel\u00e1jate y crea arte impresionante con Art Coloring 55!\",\"isPartOf\":{\"@id\":\"https:\/\/www.iplay.com\/en\/#website\"},\"primaryImageOfPage\":{\"@id\":\"https:\/\/www.iplay.com\/es\/games\/art-coloring-55\/#primaryimage\"},\"image\":{\"@id\":\"https:\/\/www.iplay.com\/es\/games\/art-coloring-55\/#primaryimage\"},\"thumbnailUrl\":\"https:\/\/www.iplay.com\/wp-content\/uploads\/2026\/04\/art-coloring-55_large_video_screenshot.webp\",\"datePublished\":\"2026-04-17T00:22:54+00:00\",\"dateModified\":\"2026-04-20T15:55:54+00:00\",\"description\":\"Art Coloring 55 te da la bienvenida a un reino sereno y vibrante donde tu imaginaci\u00f3n puede volar libremente.\",\"breadcrumb\":{\"@id\":\"https:\/\/www.iplay.com\/es\/games\/art-coloring-55\/#breadcrumb\"},\"inLanguage\":\"es\",\"potentialAction\":[{\"@type\":\"ReadAction\",\"target\":[\"https:\/\/www.iplay.com\/es\/games\/art-coloring-55\/\"]}]},{\"@type\":\"ImageObject\",\"inLanguage\":\"es\",\"@id\":\"https:\/\/www.iplay.com\/es\/games\/art-coloring-55\/#primaryimage\",\"url\":\"https:\/\/www.iplay.com\/wp-content\/uploads\/2026\/04\/art-coloring-55_large_video_screenshot.webp\",\"contentUrl\":\"https:\/\/www.iplay.com\/wp-content\/uploads\/2026\/04\/art-coloring-55_large_video_screenshot.webp\",\"width\":715,\"height\":485},{\"@type\":\"BreadcrumbList\",\"@id\":\"https:\/\/www.iplay.com\/es\/games\/art-coloring-55\/#breadcrumb\",\"itemListElement\":[{\"@type\":\"ListItem\",\"position\":1,\"name\":\"Home\",\"item\":\"https:\/\/www.iplay.com\/es\/home-page-2\/\"},{\"@type\":\"ListItem\",\"position\":2,\"name\":\"Shop\",\"item\":\"https:\/\/www.iplay.com\/en\/shop\/\"},{\"@type\":\"ListItem\",\"position\":3,\"name\":\"Art Coloring 55\"}]},{\"@type\":\"WebSite\",\"@id\":\"https:\/\/www.iplay.com\/en\/#website\",\"url\":\"https:\/\/www.iplay.com\/en\/\",\"name\":\"IPlay\",\"description\":\"The Best Casual Games!\",\"publisher\":{\"@id\":\"https:\/\/www.iplay.com\/en\/#organization\"},\"potentialAction\":[{\"@type\":\"SearchAction\",\"target\":{\"@type\":\"EntryPoint\",\"urlTemplate\":\"https:\/\/www.iplay.com\/en\/?s={search_term_string}\"},\"query-input\":{\"@type\":\"PropertyValueSpecification\",\"valueRequired\":true,\"valueName\":\"search_term_string\"}}],\"inLanguage\":\"es\"},{\"@type\":\"Organization\",\"@id\":\"https:\/\/www.iplay.com\/en\/#organization\",\"name\":\"IPlay\",\"url\":\"https:\/\/www.iplay.com\/en\/\",\"logo\":{\"@type\":\"ImageObject\",\"inLanguage\":\"es\",\"@id\":\"https:\/\/www.iplay.com\/en\/#\/schema\/logo\/image\/\",\"url\":\"https:\/\/www.iplay.com\/wp-content\/uploads\/2023\/11\/Group-6100.svg\",\"contentUrl\":\"https:\/\/www.iplay.com\/wp-content\/uploads\/2023\/11\/Group-6100.svg\",\"width\":98,\"height\":25,\"caption\":\"IPlay\"},\"image\":{\"@id\":\"https:\/\/www.iplay.com\/en\/#\/schema\/logo\/image\/\"}}]}<\/script>\n<!-- \/ Yoast SEO Premium plugin. -->","yoast_head_json":{"title":"\u00a1Rel\u00e1jate y crea arte impresionante con Art Coloring 55!","description":"Art Coloring 55 te da la bienvenida a un reino sereno y vibrante donde tu imaginaci\u00f3n puede volar libremente.","robots":{"index":"index","follow":"follow","max-snippet":"max-snippet:-1","max-image-preview":"max-image-preview:large","max-video-preview":"max-video-preview:-1"},"canonical":"https:\/\/www.iplay.com\/es\/games\/art-coloring-55\/","og_locale":"es_ES","og_type":"article","og_title":"Art Coloring 55","og_description":"Art Coloring 55 te da la bienvenida a un reino sereno y vibrante donde tu imaginaci\u00f3n puede volar libremente.","og_url":"https:\/\/www.iplay.com\/es\/games\/art-coloring-55\/","og_site_name":"IPlay","article_modified_time":"2026-04-20T15:55:54+00:00","og_image":[{"width":715,"height":485,"url":"https:\/\/www.iplay.com\/wp-content\/uploads\/2026\/04\/art-coloring-55_large_video_screenshot.webp","type":"image\/webp"}],"twitter_card":"summary_large_image","twitter_misc":{"Est. reading time":"1 minuto"},"schema":{"@context":"https:\/\/schema.org","@graph":[{"@type":"WebPage","@id":"https:\/\/www.iplay.com\/es\/games\/art-coloring-55\/","url":"https:\/\/www.iplay.com\/es\/games\/art-coloring-55\/","name":"\u00a1Rel\u00e1jate y crea arte impresionante con Art Coloring 55!","isPartOf":{"@id":"https:\/\/www.iplay.com\/en\/#website"},"primaryImageOfPage":{"@id":"https:\/\/www.iplay.com\/es\/games\/art-coloring-55\/#primaryimage"},"image":{"@id":"https:\/\/www.iplay.com\/es\/games\/art-coloring-55\/#primaryimage"},"thumbnailUrl":"https:\/\/www.iplay.com\/wp-content\/uploads\/2026\/04\/art-coloring-55_large_video_screenshot.webp","datePublished":"2026-04-17T00:22:54+00:00","dateModified":"2026-04-20T15:55:54+00:00","description":"Art Coloring 55 te da la bienvenida a un reino sereno y vibrante donde tu imaginaci\u00f3n puede volar libremente.","breadcrumb":{"@id":"https:\/\/www.iplay.com\/es\/games\/art-coloring-55\/#breadcrumb"},"inLanguage":"es","potentialAction":[{"@type":"ReadAction","target":["https:\/\/www.iplay.com\/es\/games\/art-coloring-55\/"]}]},{"@type":"ImageObject","inLanguage":"es","@id":"https:\/\/www.iplay.com\/es\/games\/art-coloring-55\/#primaryimage","url":"https:\/\/www.iplay.com\/wp-content\/uploads\/2026\/04\/art-coloring-55_large_video_screenshot.webp","contentUrl":"https:\/\/www.iplay.com\/wp-content\/uploads\/2026\/04\/art-coloring-55_large_video_screenshot.webp","width":715,"height":485},{"@type":"BreadcrumbList","@id":"https:\/\/www.iplay.com\/es\/games\/art-coloring-55\/#breadcrumb","itemListElement":[{"@type":"ListItem","position":1,"name":"Home","item":"https:\/\/www.iplay.com\/es\/home-page-2\/"},{"@type":"ListItem","position":2,"name":"Shop","item":"https:\/\/www.iplay.com\/en\/shop\/"},{"@type":"ListItem","position":3,"name":"Art Coloring 55"}]},{"@type":"WebSite","@id":"https:\/\/www.iplay.com\/en\/#website","url":"https:\/\/www.iplay.com\/en\/","name":"IPlay","description":"The Best Casual Games!","publisher":{"@id":"https:\/\/www.iplay.com\/en\/#organization"},"potentialAction":[{"@type":"SearchAction","target":{"@type":"EntryPoint","urlTemplate":"https:\/\/www.iplay.com\/en\/?s={search_term_string}"},"query-input":{"@type":"PropertyValueSpecification","valueRequired":true,"valueName":"search_term_string"}}],"inLanguage":"es"},{"@type":"Organization","@id":"https:\/\/www.iplay.com\/en\/#organization","name":"IPlay","url":"https:\/\/www.iplay.com\/en\/","logo":{"@type":"ImageObject","inLanguage":"es","@id":"https:\/\/www.iplay.com\/en\/#\/schema\/logo\/image\/","url":"https:\/\/www.iplay.com\/wp-content\/uploads\/2023\/11\/Group-6100.svg","contentUrl":"https:\/\/www.iplay.com\/wp-content\/uploads\/2023\/11\/Group-6100.svg","width":98,"height":25,"caption":"IPlay"},"image":{"@id":"https:\/\/www.iplay.com\/en\/#\/schema\/logo\/image\/"}}]}},"_links":{"self":[{"href":"https:\/\/www.iplay.com\/es\/wp-json\/wp\/v2\/product\/150524","targetHints":{"allow":["GET"]}}],"collection":[{"href":"https:\/\/www.iplay.com\/es\/wp-json\/wp\/v2\/product"}],"about":[{"href":"https:\/\/www.iplay.com\/es\/wp-json\/wp\/v2\/types\/product"}],"author":[{"embeddable":true,"href":"https:\/\/www.iplay.com\/es\/wp-json\/wp\/v2\/users\/16"}],"replies":[{"embeddable":true,"href":"https:\/\/www.iplay.com\/es\/wp-json\/wp\/v2\/comments?post=150524"}],"wp:featuredmedia":[{"embeddable":true,"href":"https:\/\/www.iplay.com\/es\/wp-json\/wp\/v2\/media\/150418"}],"wp:attachment":[{"href":"https:\/\/www.iplay.com\/es\/wp-json\/wp\/v2\/media?parent=150524"}],"wp:term":[{"taxonomy":"product_brand","embeddable":true,"href":"https:\/\/www.iplay.com\/es\/wp-json\/wp\/v2\/product_brand?post=150524"},{"taxonomy":"product_cat","embeddable":true,"href":"https:\/\/www.iplay.com\/es\/wp-json\/wp\/v2\/product_cat?post=150524"},{"taxonomy":"product_tag","embeddable":true,"href":"https:\/\/www.iplay.com\/es\/wp-json\/wp\/v2\/product_tag?post=150524"}],"curies":[{"name":"wp","href":"https:\/\/api.w.org\/{rel}","templated":true}]}}