{"id":150168,"date":"2026-04-06T10:53:59","date_gmt":"2026-04-06T10:53:59","guid":{"rendered":"https:\/\/www.iplay.com\/games\/cliffhanger-solitaire\/"},"modified":"2026-04-06T10:53:59","modified_gmt":"2026-04-06T10:53:59","slug":"cliffhanger-solitaire","status":"publish","type":"product","link":"https:\/\/www.iplay.com\/es\/games\/cliffhanger-solitaire\/","title":{"rendered":"Cliffhanger Solitaire"},"content":{"rendered":"<p class=\"ai-optimize-33 ai-optimize-introduction\">Cliffhanger Solitaire combina la comodidad de un rescate animal con juegos de cartas relajantes. Ponte en la posici\u00f3n de Violet y Paul mientras colaboran con su dedicado perro Coop para rescatar animales necesitados y prepararlos para cuidar nuevos hogares. Desde cachorros alegres hasta l\u00e9mures curiosos, cada especie que encuentras tiene una personalidad \u00fanica, un conjunto de dificultades y una historia conmovedora.  <\/p>\n<p class=\"ai-optimize-34\">Crear\u00e1s zonas acogedoras, ayudar\u00e1s a los animales a adaptarse y establecer\u00e1s conexiones con posibles due\u00f1os mientras haces crecer tu santuario. Cada rescate crea felicidad fresca, nuevas relaciones y nueva motivaci\u00f3n para seguir adelante. El viaje es tan satisfactorio como los finales felices que haces, con una mezcla de entornos c\u00f3modos, conversaciones entra\u00f1ables y cautivadores rompecabezas de solitario.  <\/p>\n<p>&nbsp;<\/p>\n<p class=\"ai-optimize-35\"><strong>Caracter\u00edsticas<\/strong>:<\/p>\n<ul>\n<li class=\"ai-optimize-35\">\u00a1Rescata y cuida a criaturas inusuales con historias entra\u00f1ables!<\/li>\n<li class=\"ai-optimize-35\">\u00a1Crea y personaliza un refugio c\u00f3modo para tus nuevos amigos!<\/li>\n<li class=\"ai-optimize-35\">\u00a1Disfruta de la diversi\u00f3n tranquila en solitario con un avance gratificante!<\/li>\n<li class=\"ai-optimize-35\">\u00a1Conoce a personas entra\u00f1ables y ayuda a encontrar nuevos hogares para perros!<\/li>\n<li class=\"ai-optimize-35\">\u00a1Explora material adicional, coleccionables y muchas sorpresas!<\/li>\n<li class=\"ai-optimize-35\">Para acceder a un cap\u00edtulo extra \u00fanico, \u00a1termina la historia principal!<\/li>\n<\/ul>\n","protected":false},"excerpt":{"rendered":"<p class=\"ai-optimize-38 ai-optimize-introduction\">Ven a rescatar animales, cuida de mascotas inusuales y crea un refugio c\u00f3modo con Violet, Paul y su devoto perro Coop; Disfruta de relatos conmovedores, conversaciones entra\u00f1ables y tareas de solitario cumplidas.<\/p>\n","protected":false},"author":44,"featured_media":150057,"comment_status":"open","ping_status":"closed","template":"","meta":{"_acf_changed":false,"inline_featured_image":false},"product_brand":[],"product_cat":[154],"product_tag":[288],"class_list":{"0":"post-150168","1":"product","2":"type-product","3":"status-publish","4":"has-post-thumbnail","6":"product_cat-card-es","7":"product_tag-play-on-pc-es","9":"first","10":"instock","11":"shipping-taxable","12":"purchasable","13":"product-type-simple"},"acf":[],"yoast_head":"<!-- This site is optimized with the Yoast SEO Premium plugin v25.2 (Yoast SEO v25.2) - https:\/\/yoast.com\/wordpress\/plugins\/seo\/ -->\n<title>\u00a1Salva criaturas adorables y crea el refugio definitivo!<\/title>\n<meta name=\"description\" content=\"Ven a rescatar animales, cuida de mascotas inusuales y crea un refugio c\u00f3modo con Violet, Paul y su devoto perro Coop; Disfruta de relatos conmovedores, conversaciones entra\u00f1ables y tareas de solitario cumplidas.\" \/>\n<meta name=\"robots\" content=\"index, follow, max-snippet:-1, max-image-preview:large, max-video-preview:-1\" \/>\n<link rel=\"canonical\" href=\"https:\/\/www.iplay.com\/es\/games\/cliffhanger-solitaire\/\" \/>\n<meta property=\"og:locale\" content=\"es_ES\" \/>\n<meta property=\"og:type\" content=\"article\" \/>\n<meta property=\"og:title\" content=\"Cliffhanger Solitaire\" \/>\n<meta property=\"og:description\" content=\"Ven a rescatar animales, cuida de mascotas inusuales y crea un refugio c\u00f3modo con Violet, Paul y su devoto perro Coop; Disfruta de relatos conmovedores, conversaciones entra\u00f1ables y tareas de solitario cumplidas.\" \/>\n<meta property=\"og:url\" content=\"https:\/\/www.iplay.com\/es\/games\/cliffhanger-solitaire\/\" \/>\n<meta property=\"og:site_name\" content=\"IPlay\" \/>\n<meta property=\"og:image\" content=\"https:\/\/www.iplay.com\/wp-content\/uploads\/2026\/04\/cliffhanger-solitaire_large_video_screenshot.webp\" \/>\n\t<meta property=\"og:image:width\" content=\"715\" \/>\n\t<meta property=\"og:image:height\" content=\"485\" \/>\n\t<meta property=\"og:image:type\" content=\"image\/webp\" \/>\n<meta name=\"twitter:card\" content=\"summary_large_image\" \/>\n<meta name=\"twitter:label1\" content=\"Est. reading time\" \/>\n\t<meta name=\"twitter:data1\" content=\"1 minuto\" \/>\n<script type=\"application\/ld+json\" class=\"yoast-schema-graph\">{\"@context\":\"https:\/\/schema.org\",\"@graph\":[{\"@type\":\"WebPage\",\"@id\":\"https:\/\/www.iplay.com\/es\/games\/cliffhanger-solitaire\/\",\"url\":\"https:\/\/www.iplay.com\/es\/games\/cliffhanger-solitaire\/\",\"name\":\"\u00a1Salva criaturas adorables y crea el refugio definitivo!\",\"isPartOf\":{\"@id\":\"https:\/\/www.iplay.com\/en\/#website\"},\"primaryImageOfPage\":{\"@id\":\"https:\/\/www.iplay.com\/es\/games\/cliffhanger-solitaire\/#primaryimage\"},\"image\":{\"@id\":\"https:\/\/www.iplay.com\/es\/games\/cliffhanger-solitaire\/#primaryimage\"},\"thumbnailUrl\":\"https:\/\/www.iplay.com\/wp-content\/uploads\/2026\/04\/cliffhanger-solitaire_large_video_screenshot.webp\",\"datePublished\":\"2026-04-06T10:53:59+00:00\",\"description\":\"Ven a rescatar animales, cuida de mascotas inusuales y crea un refugio c\u00f3modo con Violet, Paul y su devoto perro Coop; Disfruta de relatos conmovedores, conversaciones entra\u00f1ables y tareas de solitario cumplidas.\",\"breadcrumb\":{\"@id\":\"https:\/\/www.iplay.com\/es\/games\/cliffhanger-solitaire\/#breadcrumb\"},\"inLanguage\":\"es\",\"potentialAction\":[{\"@type\":\"ReadAction\",\"target\":[\"https:\/\/www.iplay.com\/es\/games\/cliffhanger-solitaire\/\"]}]},{\"@type\":\"ImageObject\",\"inLanguage\":\"es\",\"@id\":\"https:\/\/www.iplay.com\/es\/games\/cliffhanger-solitaire\/#primaryimage\",\"url\":\"https:\/\/www.iplay.com\/wp-content\/uploads\/2026\/04\/cliffhanger-solitaire_large_video_screenshot.webp\",\"contentUrl\":\"https:\/\/www.iplay.com\/wp-content\/uploads\/2026\/04\/cliffhanger-solitaire_large_video_screenshot.webp\",\"width\":715,\"height\":485},{\"@type\":\"BreadcrumbList\",\"@id\":\"https:\/\/www.iplay.com\/es\/games\/cliffhanger-solitaire\/#breadcrumb\",\"itemListElement\":[{\"@type\":\"ListItem\",\"position\":1,\"name\":\"Home\",\"item\":\"https:\/\/www.iplay.com\/es\/home-page-2\/\"},{\"@type\":\"ListItem\",\"position\":2,\"name\":\"Shop\",\"item\":\"https:\/\/www.iplay.com\/en\/shop\/\"},{\"@type\":\"ListItem\",\"position\":3,\"name\":\"Cliffhanger Solitaire\"}]},{\"@type\":\"WebSite\",\"@id\":\"https:\/\/www.iplay.com\/en\/#website\",\"url\":\"https:\/\/www.iplay.com\/en\/\",\"name\":\"IPlay\",\"description\":\"The Best Casual Games!\",\"publisher\":{\"@id\":\"https:\/\/www.iplay.com\/en\/#organization\"},\"potentialAction\":[{\"@type\":\"SearchAction\",\"target\":{\"@type\":\"EntryPoint\",\"urlTemplate\":\"https:\/\/www.iplay.com\/en\/?s={search_term_string}\"},\"query-input\":{\"@type\":\"PropertyValueSpecification\",\"valueRequired\":true,\"valueName\":\"search_term_string\"}}],\"inLanguage\":\"es\"},{\"@type\":\"Organization\",\"@id\":\"https:\/\/www.iplay.com\/en\/#organization\",\"name\":\"IPlay\",\"url\":\"https:\/\/www.iplay.com\/en\/\",\"logo\":{\"@type\":\"ImageObject\",\"inLanguage\":\"es\",\"@id\":\"https:\/\/www.iplay.com\/en\/#\/schema\/logo\/image\/\",\"url\":\"https:\/\/www.iplay.com\/wp-content\/uploads\/2023\/11\/Group-6100.svg\",\"contentUrl\":\"https:\/\/www.iplay.com\/wp-content\/uploads\/2023\/11\/Group-6100.svg\",\"width\":98,\"height\":25,\"caption\":\"IPlay\"},\"image\":{\"@id\":\"https:\/\/www.iplay.com\/en\/#\/schema\/logo\/image\/\"}}]}<\/script>\n<!-- \/ Yoast SEO Premium plugin. -->","yoast_head_json":{"title":"\u00a1Salva criaturas adorables y crea el refugio definitivo!","description":"Ven a rescatar animales, cuida de mascotas inusuales y crea un refugio c\u00f3modo con Violet, Paul y su devoto perro Coop; Disfruta de relatos conmovedores, conversaciones entra\u00f1ables y tareas de solitario cumplidas.","robots":{"index":"index","follow":"follow","max-snippet":"max-snippet:-1","max-image-preview":"max-image-preview:large","max-video-preview":"max-video-preview:-1"},"canonical":"https:\/\/www.iplay.com\/es\/games\/cliffhanger-solitaire\/","og_locale":"es_ES","og_type":"article","og_title":"Cliffhanger Solitaire","og_description":"Ven a rescatar animales, cuida de mascotas inusuales y crea un refugio c\u00f3modo con Violet, Paul y su devoto perro Coop; Disfruta de relatos conmovedores, conversaciones entra\u00f1ables y tareas de solitario cumplidas.","og_url":"https:\/\/www.iplay.com\/es\/games\/cliffhanger-solitaire\/","og_site_name":"IPlay","og_image":[{"width":715,"height":485,"url":"https:\/\/www.iplay.com\/wp-content\/uploads\/2026\/04\/cliffhanger-solitaire_large_video_screenshot.webp","type":"image\/webp"}],"twitter_card":"summary_large_image","twitter_misc":{"Est. reading time":"1 minuto"},"schema":{"@context":"https:\/\/schema.org","@graph":[{"@type":"WebPage","@id":"https:\/\/www.iplay.com\/es\/games\/cliffhanger-solitaire\/","url":"https:\/\/www.iplay.com\/es\/games\/cliffhanger-solitaire\/","name":"\u00a1Salva criaturas adorables y crea el refugio definitivo!","isPartOf":{"@id":"https:\/\/www.iplay.com\/en\/#website"},"primaryImageOfPage":{"@id":"https:\/\/www.iplay.com\/es\/games\/cliffhanger-solitaire\/#primaryimage"},"image":{"@id":"https:\/\/www.iplay.com\/es\/games\/cliffhanger-solitaire\/#primaryimage"},"thumbnailUrl":"https:\/\/www.iplay.com\/wp-content\/uploads\/2026\/04\/cliffhanger-solitaire_large_video_screenshot.webp","datePublished":"2026-04-06T10:53:59+00:00","description":"Ven a rescatar animales, cuida de mascotas inusuales y crea un refugio c\u00f3modo con Violet, Paul y su devoto perro Coop; Disfruta de relatos conmovedores, conversaciones entra\u00f1ables y tareas de solitario cumplidas.","breadcrumb":{"@id":"https:\/\/www.iplay.com\/es\/games\/cliffhanger-solitaire\/#breadcrumb"},"inLanguage":"es","potentialAction":[{"@type":"ReadAction","target":["https:\/\/www.iplay.com\/es\/games\/cliffhanger-solitaire\/"]}]},{"@type":"ImageObject","inLanguage":"es","@id":"https:\/\/www.iplay.com\/es\/games\/cliffhanger-solitaire\/#primaryimage","url":"https:\/\/www.iplay.com\/wp-content\/uploads\/2026\/04\/cliffhanger-solitaire_large_video_screenshot.webp","contentUrl":"https:\/\/www.iplay.com\/wp-content\/uploads\/2026\/04\/cliffhanger-solitaire_large_video_screenshot.webp","width":715,"height":485},{"@type":"BreadcrumbList","@id":"https:\/\/www.iplay.com\/es\/games\/cliffhanger-solitaire\/#breadcrumb","itemListElement":[{"@type":"ListItem","position":1,"name":"Home","item":"https:\/\/www.iplay.com\/es\/home-page-2\/"},{"@type":"ListItem","position":2,"name":"Shop","item":"https:\/\/www.iplay.com\/en\/shop\/"},{"@type":"ListItem","position":3,"name":"Cliffhanger Solitaire"}]},{"@type":"WebSite","@id":"https:\/\/www.iplay.com\/en\/#website","url":"https:\/\/www.iplay.com\/en\/","name":"IPlay","description":"The Best Casual Games!","publisher":{"@id":"https:\/\/www.iplay.com\/en\/#organization"},"potentialAction":[{"@type":"SearchAction","target":{"@type":"EntryPoint","urlTemplate":"https:\/\/www.iplay.com\/en\/?s={search_term_string}"},"query-input":{"@type":"PropertyValueSpecification","valueRequired":true,"valueName":"search_term_string"}}],"inLanguage":"es"},{"@type":"Organization","@id":"https:\/\/www.iplay.com\/en\/#organization","name":"IPlay","url":"https:\/\/www.iplay.com\/en\/","logo":{"@type":"ImageObject","inLanguage":"es","@id":"https:\/\/www.iplay.com\/en\/#\/schema\/logo\/image\/","url":"https:\/\/www.iplay.com\/wp-content\/uploads\/2023\/11\/Group-6100.svg","contentUrl":"https:\/\/www.iplay.com\/wp-content\/uploads\/2023\/11\/Group-6100.svg","width":98,"height":25,"caption":"IPlay"},"image":{"@id":"https:\/\/www.iplay.com\/en\/#\/schema\/logo\/image\/"}}]}},"_links":{"self":[{"href":"https:\/\/www.iplay.com\/es\/wp-json\/wp\/v2\/product\/150168","targetHints":{"allow":["GET"]}}],"collection":[{"href":"https:\/\/www.iplay.com\/es\/wp-json\/wp\/v2\/product"}],"about":[{"href":"https:\/\/www.iplay.com\/es\/wp-json\/wp\/v2\/types\/product"}],"author":[{"embeddable":true,"href":"https:\/\/www.iplay.com\/es\/wp-json\/wp\/v2\/users\/44"}],"replies":[{"embeddable":true,"href":"https:\/\/www.iplay.com\/es\/wp-json\/wp\/v2\/comments?post=150168"}],"wp:featuredmedia":[{"embeddable":true,"href":"https:\/\/www.iplay.com\/es\/wp-json\/wp\/v2\/media\/150057"}],"wp:attachment":[{"href":"https:\/\/www.iplay.com\/es\/wp-json\/wp\/v2\/media?parent=150168"}],"wp:term":[{"taxonomy":"product_brand","embeddable":true,"href":"https:\/\/www.iplay.com\/es\/wp-json\/wp\/v2\/product_brand?post=150168"},{"taxonomy":"product_cat","embeddable":true,"href":"https:\/\/www.iplay.com\/es\/wp-json\/wp\/v2\/product_cat?post=150168"},{"taxonomy":"product_tag","embeddable":true,"href":"https:\/\/www.iplay.com\/es\/wp-json\/wp\/v2\/product_tag?post=150168"}],"curies":[{"name":"wp","href":"https:\/\/api.w.org\/{rel}","templated":true}]}}