{"id":150021,"date":"2026-04-02T10:00:32","date_gmt":"2026-04-02T10:00:32","guid":{"rendered":"https:\/\/www.iplay.com\/games\/sharky-attack\/"},"modified":"2026-04-03T19:34:58","modified_gmt":"2026-04-03T19:34:58","slug":"sharky-attack","status":"publish","type":"product","link":"https:\/\/www.iplay.com\/es\/games\/sharky-attack\/","title":{"rendered":"Sharky Attack"},"content":{"rendered":"<p class=\"ai-optimize-29 ai-optimize-introduction\">\u00a1Prep\u00e1rate para aventuras emocionantes bajo las olas! Termina cada ronda satisfecho y descubre hasta 10 tiburones distintos, cada uno con sus propias habilidades especiales. Sum\u00e9rgete en las profundidades del oc\u00e9ano y disfruta de una deliciosa variedad de 30 variedades \u00fanicas de pescado. \u00a1Re\u00fane monedas y trofeos y, sobre todo, asegura tu supervivencia!   <\/p>\n<p>&nbsp;<\/p>\n<p class=\"ai-optimize-30\"><strong>Caracter\u00edsticas<\/strong>:<\/p>\n<ul>\n<li class=\"ai-optimize-30\">Juego infinito<\/li>\n<li class=\"ai-optimize-30\">Recompensas en forma de monedas y trofeos<\/li>\n<li class=\"ai-optimize-30\">Mejoras exclusivas<\/li>\n<li class=\"ai-optimize-30\">Diez fases distintas<\/li>\n<\/ul>\n","protected":false},"excerpt":{"rendered":"<p class=\"ai-optimize-31 ai-optimize-introduction\">Busca y captura tantos peces como puedas mientras aseguras tu supervivencia; Divi\u00e9rtete y ten en cuenta: cuanto m\u00e1s lejos te adentras, mayores ser\u00e1n los riesgos.<\/p>\n","protected":false},"author":325,"featured_media":149971,"comment_status":"open","ping_status":"closed","template":"","meta":{"_acf_changed":false,"inline_featured_image":false},"product_brand":[],"product_cat":[152],"product_tag":[304,286,303,288],"class_list":{"0":"post-150021","1":"product","2":"type-product","3":"status-publish","4":"has-post-thumbnail","6":"product_cat-arcade-es","7":"product_tag-play-for-free-es","8":"product_tag-play-on-mac-es","9":"product_tag-play-on-mobile-es","10":"product_tag-play-on-pc-es","12":"first","13":"instock","14":"shipping-taxable","15":"purchasable","16":"product-type-html5_game"},"acf":[],"yoast_head":"<!-- This site is optimized with the Yoast SEO Premium plugin v25.2 (Yoast SEO v25.2) - https:\/\/yoast.com\/wordpress\/plugins\/seo\/ -->\n<title>\u00a1Sum\u00e9rgete profundamente en el oc\u00e9ano y aprovecha la fuerza de un tibur\u00f3n!<\/title>\n<meta name=\"description\" content=\"Busca y captura tantos peces como puedas mientras aseguras tu supervivencia; Divi\u00e9rtete y ten en cuenta: cuanto m\u00e1s lejos te adentras, mayores ser\u00e1n los riesgos.\" \/>\n<meta name=\"robots\" content=\"index, follow, max-snippet:-1, max-image-preview:large, max-video-preview:-1\" \/>\n<link rel=\"canonical\" href=\"https:\/\/www.iplay.com\/es\/games\/sharky-attack\/\" \/>\n<meta property=\"og:locale\" content=\"es_ES\" \/>\n<meta property=\"og:type\" content=\"article\" \/>\n<meta property=\"og:title\" content=\"Sharky Attack\" \/>\n<meta property=\"og:description\" content=\"Busca y captura tantos peces como puedas mientras aseguras tu supervivencia; Divi\u00e9rtete y ten en cuenta: cuanto m\u00e1s lejos te adentras, mayores ser\u00e1n los riesgos.\" \/>\n<meta property=\"og:url\" content=\"https:\/\/www.iplay.com\/es\/games\/sharky-attack\/\" \/>\n<meta property=\"og:site_name\" content=\"IPlay\" \/>\n<meta property=\"article:modified_time\" content=\"2026-04-03T19:34:58+00:00\" \/>\n<meta property=\"og:image\" content=\"https:\/\/www.iplay.com\/wp-content\/uploads\/2026\/03\/Sharky-Attack_715x485.webp\" \/>\n\t<meta property=\"og:image:width\" content=\"715\" \/>\n\t<meta property=\"og:image:height\" content=\"485\" \/>\n\t<meta property=\"og:image:type\" content=\"image\/webp\" \/>\n<meta name=\"twitter:card\" content=\"summary_large_image\" \/>\n<script type=\"application\/ld+json\" class=\"yoast-schema-graph\">{\"@context\":\"https:\/\/schema.org\",\"@graph\":[{\"@type\":\"WebPage\",\"@id\":\"https:\/\/www.iplay.com\/es\/games\/sharky-attack\/\",\"url\":\"https:\/\/www.iplay.com\/es\/games\/sharky-attack\/\",\"name\":\"\u00a1Sum\u00e9rgete profundamente en el oc\u00e9ano y aprovecha la fuerza de un tibur\u00f3n!\",\"isPartOf\":{\"@id\":\"https:\/\/www.iplay.com\/en\/#website\"},\"primaryImageOfPage\":{\"@id\":\"https:\/\/www.iplay.com\/es\/games\/sharky-attack\/#primaryimage\"},\"image\":{\"@id\":\"https:\/\/www.iplay.com\/es\/games\/sharky-attack\/#primaryimage\"},\"thumbnailUrl\":\"https:\/\/www.iplay.com\/wp-content\/uploads\/2026\/03\/Sharky-Attack_310x310.webp\",\"datePublished\":\"2026-04-02T10:00:32+00:00\",\"dateModified\":\"2026-04-03T19:34:58+00:00\",\"description\":\"Busca y captura tantos peces como puedas mientras aseguras tu supervivencia; Divi\u00e9rtete y ten en cuenta: cuanto m\u00e1s lejos te adentras, mayores ser\u00e1n los riesgos.\",\"breadcrumb\":{\"@id\":\"https:\/\/www.iplay.com\/es\/games\/sharky-attack\/#breadcrumb\"},\"inLanguage\":\"es\",\"potentialAction\":[{\"@type\":\"ReadAction\",\"target\":[\"https:\/\/www.iplay.com\/es\/games\/sharky-attack\/\"]}]},{\"@type\":\"ImageObject\",\"inLanguage\":\"es\",\"@id\":\"https:\/\/www.iplay.com\/es\/games\/sharky-attack\/#primaryimage\",\"url\":\"https:\/\/www.iplay.com\/wp-content\/uploads\/2026\/03\/Sharky-Attack_310x310.webp\",\"contentUrl\":\"https:\/\/www.iplay.com\/wp-content\/uploads\/2026\/03\/Sharky-Attack_310x310.webp\",\"width\":310,\"height\":310},{\"@type\":\"BreadcrumbList\",\"@id\":\"https:\/\/www.iplay.com\/es\/games\/sharky-attack\/#breadcrumb\",\"itemListElement\":[{\"@type\":\"ListItem\",\"position\":1,\"name\":\"Home\",\"item\":\"https:\/\/www.iplay.com\/es\/home-page-2\/\"},{\"@type\":\"ListItem\",\"position\":2,\"name\":\"Shop\",\"item\":\"https:\/\/www.iplay.com\/en\/shop\/\"},{\"@type\":\"ListItem\",\"position\":3,\"name\":\"Sharky Attack\"}]},{\"@type\":\"WebSite\",\"@id\":\"https:\/\/www.iplay.com\/en\/#website\",\"url\":\"https:\/\/www.iplay.com\/en\/\",\"name\":\"IPlay\",\"description\":\"The Best Casual Games!\",\"publisher\":{\"@id\":\"https:\/\/www.iplay.com\/en\/#organization\"},\"potentialAction\":[{\"@type\":\"SearchAction\",\"target\":{\"@type\":\"EntryPoint\",\"urlTemplate\":\"https:\/\/www.iplay.com\/en\/?s={search_term_string}\"},\"query-input\":{\"@type\":\"PropertyValueSpecification\",\"valueRequired\":true,\"valueName\":\"search_term_string\"}}],\"inLanguage\":\"es\"},{\"@type\":\"Organization\",\"@id\":\"https:\/\/www.iplay.com\/en\/#organization\",\"name\":\"IPlay\",\"url\":\"https:\/\/www.iplay.com\/en\/\",\"logo\":{\"@type\":\"ImageObject\",\"inLanguage\":\"es\",\"@id\":\"https:\/\/www.iplay.com\/en\/#\/schema\/logo\/image\/\",\"url\":\"https:\/\/www.iplay.com\/wp-content\/uploads\/2023\/11\/Group-6100.svg\",\"contentUrl\":\"https:\/\/www.iplay.com\/wp-content\/uploads\/2023\/11\/Group-6100.svg\",\"width\":98,\"height\":25,\"caption\":\"IPlay\"},\"image\":{\"@id\":\"https:\/\/www.iplay.com\/en\/#\/schema\/logo\/image\/\"}}]}<\/script>\n<!-- \/ Yoast SEO Premium plugin. -->","yoast_head_json":{"title":"\u00a1Sum\u00e9rgete profundamente en el oc\u00e9ano y aprovecha la fuerza de un tibur\u00f3n!","description":"Busca y captura tantos peces como puedas mientras aseguras tu supervivencia; Divi\u00e9rtete y ten en cuenta: cuanto m\u00e1s lejos te adentras, mayores ser\u00e1n los riesgos.","robots":{"index":"index","follow":"follow","max-snippet":"max-snippet:-1","max-image-preview":"max-image-preview:large","max-video-preview":"max-video-preview:-1"},"canonical":"https:\/\/www.iplay.com\/es\/games\/sharky-attack\/","og_locale":"es_ES","og_type":"article","og_title":"Sharky Attack","og_description":"Busca y captura tantos peces como puedas mientras aseguras tu supervivencia; Divi\u00e9rtete y ten en cuenta: cuanto m\u00e1s lejos te adentras, mayores ser\u00e1n los riesgos.","og_url":"https:\/\/www.iplay.com\/es\/games\/sharky-attack\/","og_site_name":"IPlay","article_modified_time":"2026-04-03T19:34:58+00:00","og_image":[{"width":715,"height":485,"url":"https:\/\/www.iplay.com\/wp-content\/uploads\/2026\/03\/Sharky-Attack_715x485.webp","type":"image\/webp"}],"twitter_card":"summary_large_image","schema":{"@context":"https:\/\/schema.org","@graph":[{"@type":"WebPage","@id":"https:\/\/www.iplay.com\/es\/games\/sharky-attack\/","url":"https:\/\/www.iplay.com\/es\/games\/sharky-attack\/","name":"\u00a1Sum\u00e9rgete profundamente en el oc\u00e9ano y aprovecha la fuerza de un tibur\u00f3n!","isPartOf":{"@id":"https:\/\/www.iplay.com\/en\/#website"},"primaryImageOfPage":{"@id":"https:\/\/www.iplay.com\/es\/games\/sharky-attack\/#primaryimage"},"image":{"@id":"https:\/\/www.iplay.com\/es\/games\/sharky-attack\/#primaryimage"},"thumbnailUrl":"https:\/\/www.iplay.com\/wp-content\/uploads\/2026\/03\/Sharky-Attack_310x310.webp","datePublished":"2026-04-02T10:00:32+00:00","dateModified":"2026-04-03T19:34:58+00:00","description":"Busca y captura tantos peces como puedas mientras aseguras tu supervivencia; Divi\u00e9rtete y ten en cuenta: cuanto m\u00e1s lejos te adentras, mayores ser\u00e1n los riesgos.","breadcrumb":{"@id":"https:\/\/www.iplay.com\/es\/games\/sharky-attack\/#breadcrumb"},"inLanguage":"es","potentialAction":[{"@type":"ReadAction","target":["https:\/\/www.iplay.com\/es\/games\/sharky-attack\/"]}]},{"@type":"ImageObject","inLanguage":"es","@id":"https:\/\/www.iplay.com\/es\/games\/sharky-attack\/#primaryimage","url":"https:\/\/www.iplay.com\/wp-content\/uploads\/2026\/03\/Sharky-Attack_310x310.webp","contentUrl":"https:\/\/www.iplay.com\/wp-content\/uploads\/2026\/03\/Sharky-Attack_310x310.webp","width":310,"height":310},{"@type":"BreadcrumbList","@id":"https:\/\/www.iplay.com\/es\/games\/sharky-attack\/#breadcrumb","itemListElement":[{"@type":"ListItem","position":1,"name":"Home","item":"https:\/\/www.iplay.com\/es\/home-page-2\/"},{"@type":"ListItem","position":2,"name":"Shop","item":"https:\/\/www.iplay.com\/en\/shop\/"},{"@type":"ListItem","position":3,"name":"Sharky Attack"}]},{"@type":"WebSite","@id":"https:\/\/www.iplay.com\/en\/#website","url":"https:\/\/www.iplay.com\/en\/","name":"IPlay","description":"The Best Casual Games!","publisher":{"@id":"https:\/\/www.iplay.com\/en\/#organization"},"potentialAction":[{"@type":"SearchAction","target":{"@type":"EntryPoint","urlTemplate":"https:\/\/www.iplay.com\/en\/?s={search_term_string}"},"query-input":{"@type":"PropertyValueSpecification","valueRequired":true,"valueName":"search_term_string"}}],"inLanguage":"es"},{"@type":"Organization","@id":"https:\/\/www.iplay.com\/en\/#organization","name":"IPlay","url":"https:\/\/www.iplay.com\/en\/","logo":{"@type":"ImageObject","inLanguage":"es","@id":"https:\/\/www.iplay.com\/en\/#\/schema\/logo\/image\/","url":"https:\/\/www.iplay.com\/wp-content\/uploads\/2023\/11\/Group-6100.svg","contentUrl":"https:\/\/www.iplay.com\/wp-content\/uploads\/2023\/11\/Group-6100.svg","width":98,"height":25,"caption":"IPlay"},"image":{"@id":"https:\/\/www.iplay.com\/en\/#\/schema\/logo\/image\/"}}]}},"_links":{"self":[{"href":"https:\/\/www.iplay.com\/es\/wp-json\/wp\/v2\/product\/150021","targetHints":{"allow":["GET"]}}],"collection":[{"href":"https:\/\/www.iplay.com\/es\/wp-json\/wp\/v2\/product"}],"about":[{"href":"https:\/\/www.iplay.com\/es\/wp-json\/wp\/v2\/types\/product"}],"author":[{"embeddable":true,"href":"https:\/\/www.iplay.com\/es\/wp-json\/wp\/v2\/users\/325"}],"replies":[{"embeddable":true,"href":"https:\/\/www.iplay.com\/es\/wp-json\/wp\/v2\/comments?post=150021"}],"wp:featuredmedia":[{"embeddable":true,"href":"https:\/\/www.iplay.com\/es\/wp-json\/wp\/v2\/media\/149971"}],"wp:attachment":[{"href":"https:\/\/www.iplay.com\/es\/wp-json\/wp\/v2\/media?parent=150021"}],"wp:term":[{"taxonomy":"product_brand","embeddable":true,"href":"https:\/\/www.iplay.com\/es\/wp-json\/wp\/v2\/product_brand?post=150021"},{"taxonomy":"product_cat","embeddable":true,"href":"https:\/\/www.iplay.com\/es\/wp-json\/wp\/v2\/product_cat?post=150021"},{"taxonomy":"product_tag","embeddable":true,"href":"https:\/\/www.iplay.com\/es\/wp-json\/wp\/v2\/product_tag?post=150021"}],"curies":[{"name":"wp","href":"https:\/\/api.w.org\/{rel}","templated":true}]}}