{"id":145900,"date":"2025-11-07T18:07:55","date_gmt":"2025-11-07T18:07:55","guid":{"rendered":"https:\/\/www.iplay.com\/games\/paint-by-words\/"},"modified":"2025-11-07T18:15:40","modified_gmt":"2025-11-07T18:15:40","slug":"paint-by-words","status":"publish","type":"product","link":"https:\/\/www.iplay.com\/es\/games\/paint-by-words\/","title":{"rendered":"Paint By Words"},"content":{"rendered":"<p class=\"ai-optimize-25 ai-optimize-introduction\">Experimenta la fusi\u00f3n perfecta de los desaf\u00edos cl\u00e1sicos de Ahorcado y Crucigrama, combinados con el estilo imaginativo del pixel art, todo en Paint By Words. Cada rompecabezas que conquistas da vida a una secci\u00f3n de una obra maestra expansiva de 8 bits, convirtiendo cuadr\u00edculas monocrom\u00e1ticas en personajes vibrantes, una palabra a la vez. <\/p>\n<p class=\"ai-optimize-26\">Experimenta la emoci\u00f3n de 117 zonas de rompecabezas meticulosamente dise\u00f1adas en ocho impresionantes retratos de p\u00edxeles. Desaf\u00eda tu vocabulario, l\u00f3gica y habilidades de reconocimiento de patrones mientras presencias c\u00f3mo tu obra maestra se desarrolla ante tus ojos. Emb\u00e1rcate en un emocionante viaje a trav\u00e9s de un mundo de desaf\u00edos de palabras, donde cada regi\u00f3n tem\u00e1tica eleva la emoci\u00f3n y agudiza tu mente. A medida que avanzas, la emoci\u00f3n se intensifica, asegurando que tu cerebro se mantenga comprometido y tu pantalla brille con im\u00e1genes vibrantes.   <\/p>\n<p>&nbsp;<\/p>\n<p class=\"ai-optimize-27\"><strong>Funciones<\/strong><\/p>\n<ul>\n<li class=\"ai-optimize-27\">\u00a1Emocionantes desaf\u00edos de palabras generales y tem\u00e1ticos que garantizan que el juego siga siendo vibrante y atractivo!<\/li>\n<li class=\"ai-optimize-27\">\u00a1Experimenta un desaf\u00edo gradual que mejora tus habilidades para resolver acertijos!<\/li>\n<li class=\"ai-optimize-27\">\u00a1Disfruta de la libertad de control con tu mouse o teclado!<\/li>\n<li class=\"ai-optimize-27\">\u00a1Disfruta de una experiencia simplificada perfecta para jugadores m\u00e1s j\u00f3venes o para aquellos que buscan una aventura relajada!<\/li>\n<li class=\"ai-optimize-27\">\u00a1Experimenta el encanto nost\u00e1lgico del estilo retro cl\u00e1sico de 8 bits, repleto de vibrantes im\u00e1genes de p\u00edxeles!<\/li>\n<\/ul>\n<p>&nbsp;<\/p>\n<p class=\"ai-optimize-32\">Ideal tanto para ni\u00f1os como para adultos, este juego ofrece un modo f\u00e1cil, controles f\u00e1ciles de usar y una encantadora atm\u00f3sfera retro que transforma cada rompecabezas en un delicioso viaje por el carril de la memoria.<\/p>\n","protected":false},"excerpt":{"rendered":"<p class=\"ai-optimize-introduction\">\u00a1Descubre una incre\u00edble variedad de 117 regiones de rompecabezas meticulosamente dise\u00f1adas con 8 personajes \u00fanicos de pixel art!<\/p>\n","protected":false},"author":45,"featured_media":145887,"comment_status":"open","ping_status":"closed","template":"","meta":{"_acf_changed":false,"inline_featured_image":false},"product_brand":[],"product_cat":[184,192],"product_tag":[288],"class_list":{"0":"post-145900","1":"product","2":"type-product","3":"status-publish","4":"has-post-thumbnail","6":"product_cat-paint-by-numbers-series-es","7":"product_cat-puzzle-es","8":"product_tag-play-on-pc-es","10":"first","11":"instock","12":"shipping-taxable","13":"purchasable","14":"product-type-simple"},"acf":[],"yoast_head":"<!-- This site is optimized with the Yoast SEO Premium plugin v25.2 (Yoast SEO v25.2) - https:\/\/yoast.com\/wordpress\/plugins\/seo\/ -->\n<title>\u00a1Descubre un impresionante pixel art resolviendo atractivos acertijos de palabras!<\/title>\n<meta name=\"description\" content=\"\u00a1Descubre una incre\u00edble variedad de 117 regiones de rompecabezas meticulosamente dise\u00f1adas con 8 personajes \u00fanicos de pixel art!\" \/>\n<meta name=\"robots\" content=\"index, follow, max-snippet:-1, max-image-preview:large, max-video-preview:-1\" \/>\n<link rel=\"canonical\" href=\"https:\/\/www.iplay.com\/es\/games\/paint-by-words\/\" \/>\n<meta property=\"og:locale\" content=\"es_ES\" \/>\n<meta property=\"og:type\" content=\"article\" \/>\n<meta property=\"og:title\" content=\"Paint By Words\" \/>\n<meta property=\"og:description\" content=\"\u00a1Descubre una incre\u00edble variedad de 117 regiones de rompecabezas meticulosamente dise\u00f1adas con 8 personajes \u00fanicos de pixel art!\" \/>\n<meta property=\"og:url\" content=\"https:\/\/www.iplay.com\/es\/games\/paint-by-words\/\" \/>\n<meta property=\"og:site_name\" content=\"IPlay\" \/>\n<meta property=\"article:modified_time\" content=\"2025-11-07T18:15:40+00:00\" \/>\n<meta property=\"og:image\" content=\"https:\/\/www.iplay.com\/wp-content\/uploads\/2025\/11\/paint_by_words_large_square_tile_image.webp\" \/>\n\t<meta property=\"og:image:width\" content=\"310\" \/>\n\t<meta property=\"og:image:height\" content=\"310\" \/>\n\t<meta property=\"og:image:type\" content=\"image\/webp\" \/>\n<meta name=\"twitter:card\" content=\"summary_large_image\" \/>\n<meta name=\"twitter:label1\" content=\"Est. reading time\" \/>\n\t<meta name=\"twitter:data1\" content=\"1 minuto\" \/>\n<script type=\"application\/ld+json\" class=\"yoast-schema-graph\">{\"@context\":\"https:\/\/schema.org\",\"@graph\":[{\"@type\":\"WebPage\",\"@id\":\"https:\/\/www.iplay.com\/es\/games\/paint-by-words\/\",\"url\":\"https:\/\/www.iplay.com\/es\/games\/paint-by-words\/\",\"name\":\"\u00a1Descubre un impresionante pixel art resolviendo atractivos acertijos de palabras!\",\"isPartOf\":{\"@id\":\"https:\/\/www.iplay.com\/en\/#website\"},\"primaryImageOfPage\":{\"@id\":\"https:\/\/www.iplay.com\/es\/games\/paint-by-words\/#primaryimage\"},\"image\":{\"@id\":\"https:\/\/www.iplay.com\/es\/games\/paint-by-words\/#primaryimage\"},\"thumbnailUrl\":\"https:\/\/www.iplay.com\/wp-content\/uploads\/2025\/11\/paint_by_words_large_square_tile_image.webp\",\"datePublished\":\"2025-11-07T18:07:55+00:00\",\"dateModified\":\"2025-11-07T18:15:40+00:00\",\"description\":\"\u00a1Descubre una incre\u00edble variedad de 117 regiones de rompecabezas meticulosamente dise\u00f1adas con 8 personajes \u00fanicos de pixel art!\",\"breadcrumb\":{\"@id\":\"https:\/\/www.iplay.com\/es\/games\/paint-by-words\/#breadcrumb\"},\"inLanguage\":\"es\",\"potentialAction\":[{\"@type\":\"ReadAction\",\"target\":[\"https:\/\/www.iplay.com\/es\/games\/paint-by-words\/\"]}]},{\"@type\":\"ImageObject\",\"inLanguage\":\"es\",\"@id\":\"https:\/\/www.iplay.com\/es\/games\/paint-by-words\/#primaryimage\",\"url\":\"https:\/\/www.iplay.com\/wp-content\/uploads\/2025\/11\/paint_by_words_large_square_tile_image.webp\",\"contentUrl\":\"https:\/\/www.iplay.com\/wp-content\/uploads\/2025\/11\/paint_by_words_large_square_tile_image.webp\",\"width\":310,\"height\":310},{\"@type\":\"BreadcrumbList\",\"@id\":\"https:\/\/www.iplay.com\/es\/games\/paint-by-words\/#breadcrumb\",\"itemListElement\":[{\"@type\":\"ListItem\",\"position\":1,\"name\":\"Home\",\"item\":\"https:\/\/www.iplay.com\/es\/home-page-2\/\"},{\"@type\":\"ListItem\",\"position\":2,\"name\":\"Shop\",\"item\":\"https:\/\/www.iplay.com\/en\/shop\/\"},{\"@type\":\"ListItem\",\"position\":3,\"name\":\"Paint By Words\"}]},{\"@type\":\"WebSite\",\"@id\":\"https:\/\/www.iplay.com\/en\/#website\",\"url\":\"https:\/\/www.iplay.com\/en\/\",\"name\":\"IPlay\",\"description\":\"The Best Casual Games!\",\"publisher\":{\"@id\":\"https:\/\/www.iplay.com\/en\/#organization\"},\"potentialAction\":[{\"@type\":\"SearchAction\",\"target\":{\"@type\":\"EntryPoint\",\"urlTemplate\":\"https:\/\/www.iplay.com\/en\/?s={search_term_string}\"},\"query-input\":{\"@type\":\"PropertyValueSpecification\",\"valueRequired\":true,\"valueName\":\"search_term_string\"}}],\"inLanguage\":\"es\"},{\"@type\":\"Organization\",\"@id\":\"https:\/\/www.iplay.com\/en\/#organization\",\"name\":\"IPlay\",\"url\":\"https:\/\/www.iplay.com\/en\/\",\"logo\":{\"@type\":\"ImageObject\",\"inLanguage\":\"es\",\"@id\":\"https:\/\/www.iplay.com\/en\/#\/schema\/logo\/image\/\",\"url\":\"https:\/\/www.iplay.com\/wp-content\/uploads\/2023\/11\/Group-6100.svg\",\"contentUrl\":\"https:\/\/www.iplay.com\/wp-content\/uploads\/2023\/11\/Group-6100.svg\",\"width\":98,\"height\":25,\"caption\":\"IPlay\"},\"image\":{\"@id\":\"https:\/\/www.iplay.com\/en\/#\/schema\/logo\/image\/\"}}]}<\/script>\n<!-- \/ Yoast SEO Premium plugin. -->","yoast_head_json":{"title":"\u00a1Descubre un impresionante pixel art resolviendo atractivos acertijos de palabras!","description":"\u00a1Descubre una incre\u00edble variedad de 117 regiones de rompecabezas meticulosamente dise\u00f1adas con 8 personajes \u00fanicos de pixel art!","robots":{"index":"index","follow":"follow","max-snippet":"max-snippet:-1","max-image-preview":"max-image-preview:large","max-video-preview":"max-video-preview:-1"},"canonical":"https:\/\/www.iplay.com\/es\/games\/paint-by-words\/","og_locale":"es_ES","og_type":"article","og_title":"Paint By Words","og_description":"\u00a1Descubre una incre\u00edble variedad de 117 regiones de rompecabezas meticulosamente dise\u00f1adas con 8 personajes \u00fanicos de pixel art!","og_url":"https:\/\/www.iplay.com\/es\/games\/paint-by-words\/","og_site_name":"IPlay","article_modified_time":"2025-11-07T18:15:40+00:00","og_image":[{"width":310,"height":310,"url":"https:\/\/www.iplay.com\/wp-content\/uploads\/2025\/11\/paint_by_words_large_square_tile_image.webp","type":"image\/webp"}],"twitter_card":"summary_large_image","twitter_misc":{"Est. reading time":"1 minuto"},"schema":{"@context":"https:\/\/schema.org","@graph":[{"@type":"WebPage","@id":"https:\/\/www.iplay.com\/es\/games\/paint-by-words\/","url":"https:\/\/www.iplay.com\/es\/games\/paint-by-words\/","name":"\u00a1Descubre un impresionante pixel art resolviendo atractivos acertijos de palabras!","isPartOf":{"@id":"https:\/\/www.iplay.com\/en\/#website"},"primaryImageOfPage":{"@id":"https:\/\/www.iplay.com\/es\/games\/paint-by-words\/#primaryimage"},"image":{"@id":"https:\/\/www.iplay.com\/es\/games\/paint-by-words\/#primaryimage"},"thumbnailUrl":"https:\/\/www.iplay.com\/wp-content\/uploads\/2025\/11\/paint_by_words_large_square_tile_image.webp","datePublished":"2025-11-07T18:07:55+00:00","dateModified":"2025-11-07T18:15:40+00:00","description":"\u00a1Descubre una incre\u00edble variedad de 117 regiones de rompecabezas meticulosamente dise\u00f1adas con 8 personajes \u00fanicos de pixel art!","breadcrumb":{"@id":"https:\/\/www.iplay.com\/es\/games\/paint-by-words\/#breadcrumb"},"inLanguage":"es","potentialAction":[{"@type":"ReadAction","target":["https:\/\/www.iplay.com\/es\/games\/paint-by-words\/"]}]},{"@type":"ImageObject","inLanguage":"es","@id":"https:\/\/www.iplay.com\/es\/games\/paint-by-words\/#primaryimage","url":"https:\/\/www.iplay.com\/wp-content\/uploads\/2025\/11\/paint_by_words_large_square_tile_image.webp","contentUrl":"https:\/\/www.iplay.com\/wp-content\/uploads\/2025\/11\/paint_by_words_large_square_tile_image.webp","width":310,"height":310},{"@type":"BreadcrumbList","@id":"https:\/\/www.iplay.com\/es\/games\/paint-by-words\/#breadcrumb","itemListElement":[{"@type":"ListItem","position":1,"name":"Home","item":"https:\/\/www.iplay.com\/es\/home-page-2\/"},{"@type":"ListItem","position":2,"name":"Shop","item":"https:\/\/www.iplay.com\/en\/shop\/"},{"@type":"ListItem","position":3,"name":"Paint By Words"}]},{"@type":"WebSite","@id":"https:\/\/www.iplay.com\/en\/#website","url":"https:\/\/www.iplay.com\/en\/","name":"IPlay","description":"The Best Casual Games!","publisher":{"@id":"https:\/\/www.iplay.com\/en\/#organization"},"potentialAction":[{"@type":"SearchAction","target":{"@type":"EntryPoint","urlTemplate":"https:\/\/www.iplay.com\/en\/?s={search_term_string}"},"query-input":{"@type":"PropertyValueSpecification","valueRequired":true,"valueName":"search_term_string"}}],"inLanguage":"es"},{"@type":"Organization","@id":"https:\/\/www.iplay.com\/en\/#organization","name":"IPlay","url":"https:\/\/www.iplay.com\/en\/","logo":{"@type":"ImageObject","inLanguage":"es","@id":"https:\/\/www.iplay.com\/en\/#\/schema\/logo\/image\/","url":"https:\/\/www.iplay.com\/wp-content\/uploads\/2023\/11\/Group-6100.svg","contentUrl":"https:\/\/www.iplay.com\/wp-content\/uploads\/2023\/11\/Group-6100.svg","width":98,"height":25,"caption":"IPlay"},"image":{"@id":"https:\/\/www.iplay.com\/en\/#\/schema\/logo\/image\/"}}]}},"_links":{"self":[{"href":"https:\/\/www.iplay.com\/es\/wp-json\/wp\/v2\/product\/145900","targetHints":{"allow":["GET"]}}],"collection":[{"href":"https:\/\/www.iplay.com\/es\/wp-json\/wp\/v2\/product"}],"about":[{"href":"https:\/\/www.iplay.com\/es\/wp-json\/wp\/v2\/types\/product"}],"author":[{"embeddable":true,"href":"https:\/\/www.iplay.com\/es\/wp-json\/wp\/v2\/users\/45"}],"replies":[{"embeddable":true,"href":"https:\/\/www.iplay.com\/es\/wp-json\/wp\/v2\/comments?post=145900"}],"wp:featuredmedia":[{"embeddable":true,"href":"https:\/\/www.iplay.com\/es\/wp-json\/wp\/v2\/media\/145887"}],"wp:attachment":[{"href":"https:\/\/www.iplay.com\/es\/wp-json\/wp\/v2\/media?parent=145900"}],"wp:term":[{"taxonomy":"product_brand","embeddable":true,"href":"https:\/\/www.iplay.com\/es\/wp-json\/wp\/v2\/product_brand?post=145900"},{"taxonomy":"product_cat","embeddable":true,"href":"https:\/\/www.iplay.com\/es\/wp-json\/wp\/v2\/product_cat?post=145900"},{"taxonomy":"product_tag","embeddable":true,"href":"https:\/\/www.iplay.com\/es\/wp-json\/wp\/v2\/product_tag?post=145900"}],"curies":[{"name":"wp","href":"https:\/\/api.w.org\/{rel}","templated":true}]}}