{"id":145645,"date":"2025-11-07T10:30:52","date_gmt":"2025-11-07T10:30:52","guid":{"rendered":"https:\/\/www.iplay.com\/?post_type=product&p=145645"},"modified":"2025-10-29T15:41:28","modified_gmt":"2025-10-29T15:41:28","slug":"jewel-quest-match-3-adventure","status":"publish","type":"product","link":"https:\/\/www.iplay.com\/es\/games\/jewel-quest-match-3-adventure\/","title":{"rendered":"Jewel Quest: Match 3 Adventure"},"content":{"rendered":"<p class=\"ai-optimize-27 ai-optimize-introduction\">Emb\u00e1rcate en un emocionante viaje con Emma mientras exploras islas encantadoras en Jewel Quest: Match 3 Adventure. \u00a1Emb\u00e1rcate en una emocionante aventura a trav\u00e9s de cientos de cautivadores niveles de Match-3, donde el misterio, el romance y el peligro te esperan mientras persigues el legendario tesoro de Barbablanca! <\/p>\n<p class=\"ai-optimize-28\">Navegue por aguas desconocidas, ad\u00e9ntrese en ruinas antiguas y documente meticulosamente sus descubrimientos en un diario fotogr\u00e1fico. Desentra\u00f1a intrincados acertijos y desvela los secretos ocultos que el tiempo ha ocultado. Cada nivel revela nuevos desaf\u00edos y emocionantes descubrimientos, transformando esta aventura de Match-3 en una experiencia incomparable.  <\/p>\n<p>&nbsp;<\/p>\n<p class=\"ai-optimize-31\"><strong>Funciones<\/strong><\/p>\n<ul>\n<li class=\"ai-optimize-29\">\u00a1300 emocionantes niveles meticulosamente hechos a mano, cada uno de los cuales presenta mayores desaf\u00edos!<\/li>\n<li class=\"ai-optimize-29\">\u00a1Explora el diario fotogr\u00e1fico de Emma para descubrir pistas y hacer descubrimientos emocionantes!<\/li>\n<li class=\"ai-optimize-29\">\u00a1Descubre destinos impresionantes y descubre tesoros escondidos!<\/li>\n<li class=\"ai-optimize-29\">\u00a1Descubre los secretos del tesoro de Barbablanca con un juego inmersivo basado en la historia!<\/li>\n<\/ul>\n<p>&nbsp;<\/p>\n<p class=\"ai-optimize-30\">Emprende un viaje con Emma mientras desentra\u00f1a acertijos antiguos y navega a trav\u00e9s de junglas vibrantes, llenas de emocionantes desaf\u00edos, momentos sinceros y tesoros deslumbrantes.<\/p>\n","protected":false},"excerpt":{"rendered":"<p>\u00a1\u00danete a Emma en un emocionante viaje a una isla para encontrar riquezas, secretos y viejos acertijos!<\/p>\n","protected":false},"author":4,"featured_media":145587,"comment_status":"open","ping_status":"closed","template":"","meta":{"_acf_changed":false,"inline_featured_image":false},"product_brand":[],"product_cat":[178],"product_tag":[288],"class_list":{"0":"post-145645","1":"product","2":"type-product","3":"status-publish","4":"has-post-thumbnail","6":"product_cat-match-3-es","7":"product_tag-play-on-pc-es","9":"first","10":"instock","11":"shipping-taxable","12":"purchasable","13":"product-type-simple"},"acf":[],"yoast_head":"<!-- This site is optimized with the Yoast SEO Premium plugin v25.2 (Yoast SEO v25.2) - https:\/\/yoast.com\/wordpress\/plugins\/seo\/ -->\n<title>\u00a1\u00danete a Emma en una aventura de Match-3 para encontrar tesoros y secretos!<\/title>\n<meta name=\"description\" content=\"\u00a1\u00danete a Emma en un emocionante viaje a una isla para encontrar riquezas, secretos y viejos acertijos!\" \/>\n<meta name=\"robots\" content=\"index, follow, max-snippet:-1, max-image-preview:large, max-video-preview:-1\" \/>\n<link rel=\"canonical\" href=\"https:\/\/www.iplay.com\/en\/?post_type=product&p=145299\" \/>\n<meta property=\"og:locale\" content=\"es_ES\" \/>\n<meta property=\"og:type\" content=\"article\" \/>\n<meta property=\"og:title\" content=\"Jewel Quest: Match 3 Adventure\" \/>\n<meta property=\"og:description\" content=\"\u00a1\u00danete a Emma en un emocionante viaje a una isla para encontrar riquezas, secretos y viejos acertijos!\" \/>\n<meta property=\"og:url\" content=\"https:\/\/www.iplay.com\/en\/?post_type=product&amp;p=145299\" \/>\n<meta property=\"og:site_name\" content=\"IPlay\" \/>\n<meta property=\"og:image\" content=\"https:\/\/www.iplay.com\/wp-content\/uploads\/2025\/10\/jewel_quest_match_3_adventure_large_video_screenshot.webp\" \/>\n\t<meta property=\"og:image:width\" content=\"715\" \/>\n\t<meta property=\"og:image:height\" content=\"485\" \/>\n\t<meta property=\"og:image:type\" content=\"image\/webp\" \/>\n<meta name=\"twitter:card\" content=\"summary_large_image\" \/>\n<meta name=\"twitter:label1\" content=\"Est. reading time\" \/>\n\t<meta name=\"twitter:data1\" content=\"1 minuto\" \/>\n<script type=\"application\/ld+json\" class=\"yoast-schema-graph\">{\"@context\":\"https:\/\/schema.org\",\"@graph\":[{\"@type\":\"WebPage\",\"@id\":\"https:\/\/www.iplay.com\/en\/?post_type=product&p=145299\",\"url\":\"https:\/\/www.iplay.com\/en\/?post_type=product&p=145299\",\"name\":\"\u00a1\u00danete a Emma en una aventura de Match-3 para encontrar tesoros y secretos!\",\"isPartOf\":{\"@id\":\"https:\/\/www.iplay.com\/en\/#website\"},\"primaryImageOfPage\":{\"@id\":\"https:\/\/www.iplay.com\/en\/?post_type=product&p=145299#primaryimage\"},\"image\":{\"@id\":\"https:\/\/www.iplay.com\/en\/?post_type=product&p=145299#primaryimage\"},\"thumbnailUrl\":\"https:\/\/www.iplay.com\/wp-content\/uploads\/2025\/10\/jewel_quest_match_3_adventure_large_square_tile_image.webp\",\"datePublished\":\"2025-11-07T10:30:52+00:00\",\"description\":\"\u00a1\u00danete a Emma en un emocionante viaje a una isla para encontrar riquezas, secretos y viejos acertijos!\",\"breadcrumb\":{\"@id\":\"https:\/\/www.iplay.com\/en\/?post_type=product&p=145299#breadcrumb\"},\"inLanguage\":\"es\",\"potentialAction\":[{\"@type\":\"ReadAction\",\"target\":[\"https:\/\/www.iplay.com\/en\/?post_type=product&p=145299\"]}]},{\"@type\":\"ImageObject\",\"inLanguage\":\"es\",\"@id\":\"https:\/\/www.iplay.com\/en\/?post_type=product&p=145299#primaryimage\",\"url\":\"https:\/\/www.iplay.com\/wp-content\/uploads\/2025\/10\/jewel_quest_match_3_adventure_large_square_tile_image.webp\",\"contentUrl\":\"https:\/\/www.iplay.com\/wp-content\/uploads\/2025\/10\/jewel_quest_match_3_adventure_large_square_tile_image.webp\",\"width\":310,\"height\":310},{\"@type\":\"BreadcrumbList\",\"@id\":\"https:\/\/www.iplay.com\/en\/?post_type=product&p=145299#breadcrumb\",\"itemListElement\":[{\"@type\":\"ListItem\",\"position\":1,\"name\":\"Home\",\"item\":\"https:\/\/www.iplay.com\/es\/home-page-2\/\"},{\"@type\":\"ListItem\",\"position\":2,\"name\":\"Shop\",\"item\":\"https:\/\/www.iplay.com\/en\/shop\/\"},{\"@type\":\"ListItem\",\"position\":3,\"name\":\"Jewel Quest: Match 3 Adventure\"}]},{\"@type\":\"WebSite\",\"@id\":\"https:\/\/www.iplay.com\/en\/#website\",\"url\":\"https:\/\/www.iplay.com\/en\/\",\"name\":\"IPlay\",\"description\":\"The Best Casual Games!\",\"publisher\":{\"@id\":\"https:\/\/www.iplay.com\/en\/#organization\"},\"potentialAction\":[{\"@type\":\"SearchAction\",\"target\":{\"@type\":\"EntryPoint\",\"urlTemplate\":\"https:\/\/www.iplay.com\/en\/?s={search_term_string}\"},\"query-input\":{\"@type\":\"PropertyValueSpecification\",\"valueRequired\":true,\"valueName\":\"search_term_string\"}}],\"inLanguage\":\"es\"},{\"@type\":\"Organization\",\"@id\":\"https:\/\/www.iplay.com\/en\/#organization\",\"name\":\"IPlay\",\"url\":\"https:\/\/www.iplay.com\/en\/\",\"logo\":{\"@type\":\"ImageObject\",\"inLanguage\":\"es\",\"@id\":\"https:\/\/www.iplay.com\/en\/#\/schema\/logo\/image\/\",\"url\":\"https:\/\/www.iplay.com\/wp-content\/uploads\/2023\/11\/Group-6100.svg\",\"contentUrl\":\"https:\/\/www.iplay.com\/wp-content\/uploads\/2023\/11\/Group-6100.svg\",\"width\":98,\"height\":25,\"caption\":\"IPlay\"},\"image\":{\"@id\":\"https:\/\/www.iplay.com\/en\/#\/schema\/logo\/image\/\"}}]}<\/script>\n<!-- \/ Yoast SEO Premium plugin. -->","yoast_head_json":{"title":"\u00a1\u00danete a Emma en una aventura de Match-3 para encontrar tesoros y secretos!","description":"\u00a1\u00danete a Emma en un emocionante viaje a una isla para encontrar riquezas, secretos y viejos acertijos!","robots":{"index":"index","follow":"follow","max-snippet":"max-snippet:-1","max-image-preview":"max-image-preview:large","max-video-preview":"max-video-preview:-1"},"canonical":"https:\/\/www.iplay.com\/en\/?post_type=product&p=145299","og_locale":"es_ES","og_type":"article","og_title":"Jewel Quest: Match 3 Adventure","og_description":"\u00a1\u00danete a Emma en un emocionante viaje a una isla para encontrar riquezas, secretos y viejos acertijos!","og_url":"https:\/\/www.iplay.com\/en\/?post_type=product&p=145299","og_site_name":"IPlay","og_image":[{"width":715,"height":485,"url":"https:\/\/www.iplay.com\/wp-content\/uploads\/2025\/10\/jewel_quest_match_3_adventure_large_video_screenshot.webp","type":"image\/webp"}],"twitter_card":"summary_large_image","twitter_misc":{"Est. reading time":"1 minuto"},"schema":{"@context":"https:\/\/schema.org","@graph":[{"@type":"WebPage","@id":"https:\/\/www.iplay.com\/en\/?post_type=product&p=145299","url":"https:\/\/www.iplay.com\/en\/?post_type=product&p=145299","name":"\u00a1\u00danete a Emma en una aventura de Match-3 para encontrar tesoros y secretos!","isPartOf":{"@id":"https:\/\/www.iplay.com\/en\/#website"},"primaryImageOfPage":{"@id":"https:\/\/www.iplay.com\/en\/?post_type=product&p=145299#primaryimage"},"image":{"@id":"https:\/\/www.iplay.com\/en\/?post_type=product&p=145299#primaryimage"},"thumbnailUrl":"https:\/\/www.iplay.com\/wp-content\/uploads\/2025\/10\/jewel_quest_match_3_adventure_large_square_tile_image.webp","datePublished":"2025-11-07T10:30:52+00:00","description":"\u00a1\u00danete a Emma en un emocionante viaje a una isla para encontrar riquezas, secretos y viejos acertijos!","breadcrumb":{"@id":"https:\/\/www.iplay.com\/en\/?post_type=product&p=145299#breadcrumb"},"inLanguage":"es","potentialAction":[{"@type":"ReadAction","target":["https:\/\/www.iplay.com\/en\/?post_type=product&p=145299"]}]},{"@type":"ImageObject","inLanguage":"es","@id":"https:\/\/www.iplay.com\/en\/?post_type=product&p=145299#primaryimage","url":"https:\/\/www.iplay.com\/wp-content\/uploads\/2025\/10\/jewel_quest_match_3_adventure_large_square_tile_image.webp","contentUrl":"https:\/\/www.iplay.com\/wp-content\/uploads\/2025\/10\/jewel_quest_match_3_adventure_large_square_tile_image.webp","width":310,"height":310},{"@type":"BreadcrumbList","@id":"https:\/\/www.iplay.com\/en\/?post_type=product&p=145299#breadcrumb","itemListElement":[{"@type":"ListItem","position":1,"name":"Home","item":"https:\/\/www.iplay.com\/es\/home-page-2\/"},{"@type":"ListItem","position":2,"name":"Shop","item":"https:\/\/www.iplay.com\/en\/shop\/"},{"@type":"ListItem","position":3,"name":"Jewel Quest: Match 3 Adventure"}]},{"@type":"WebSite","@id":"https:\/\/www.iplay.com\/en\/#website","url":"https:\/\/www.iplay.com\/en\/","name":"IPlay","description":"The Best Casual Games!","publisher":{"@id":"https:\/\/www.iplay.com\/en\/#organization"},"potentialAction":[{"@type":"SearchAction","target":{"@type":"EntryPoint","urlTemplate":"https:\/\/www.iplay.com\/en\/?s={search_term_string}"},"query-input":{"@type":"PropertyValueSpecification","valueRequired":true,"valueName":"search_term_string"}}],"inLanguage":"es"},{"@type":"Organization","@id":"https:\/\/www.iplay.com\/en\/#organization","name":"IPlay","url":"https:\/\/www.iplay.com\/en\/","logo":{"@type":"ImageObject","inLanguage":"es","@id":"https:\/\/www.iplay.com\/en\/#\/schema\/logo\/image\/","url":"https:\/\/www.iplay.com\/wp-content\/uploads\/2023\/11\/Group-6100.svg","contentUrl":"https:\/\/www.iplay.com\/wp-content\/uploads\/2023\/11\/Group-6100.svg","width":98,"height":25,"caption":"IPlay"},"image":{"@id":"https:\/\/www.iplay.com\/en\/#\/schema\/logo\/image\/"}}]}},"_links":{"self":[{"href":"https:\/\/www.iplay.com\/es\/wp-json\/wp\/v2\/product\/145645","targetHints":{"allow":["GET"]}}],"collection":[{"href":"https:\/\/www.iplay.com\/es\/wp-json\/wp\/v2\/product"}],"about":[{"href":"https:\/\/www.iplay.com\/es\/wp-json\/wp\/v2\/types\/product"}],"author":[{"embeddable":true,"href":"https:\/\/www.iplay.com\/es\/wp-json\/wp\/v2\/users\/4"}],"replies":[{"embeddable":true,"href":"https:\/\/www.iplay.com\/es\/wp-json\/wp\/v2\/comments?post=145645"}],"wp:featuredmedia":[{"embeddable":true,"href":"https:\/\/www.iplay.com\/es\/wp-json\/wp\/v2\/media\/145587"}],"wp:attachment":[{"href":"https:\/\/www.iplay.com\/es\/wp-json\/wp\/v2\/media?parent=145645"}],"wp:term":[{"taxonomy":"product_brand","embeddable":true,"href":"https:\/\/www.iplay.com\/es\/wp-json\/wp\/v2\/product_brand?post=145645"},{"taxonomy":"product_cat","embeddable":true,"href":"https:\/\/www.iplay.com\/es\/wp-json\/wp\/v2\/product_cat?post=145645"},{"taxonomy":"product_tag","embeddable":true,"href":"https:\/\/www.iplay.com\/es\/wp-json\/wp\/v2\/product_tag?post=145645"}],"curies":[{"name":"wp","href":"https:\/\/api.w.org\/{rel}","templated":true}]}}