{"id":145612,"date":"2017-04-26T00:00:00","date_gmt":"2017-04-26T00:00:00","guid":{"rendered":"https:\/\/www.iplay.com\/games\/secrets-of-the-dark-the-flower-of-shadow\/"},"modified":"2017-04-26T00:00:00","modified_gmt":"2017-04-26T00:00:00","slug":"secrets-of-the-dark-the-flower-of-shadow","status":"publish","type":"product","link":"https:\/\/www.iplay.com\/es\/games\/secrets-of-the-dark-the-flower-of-shadow\/","title":{"rendered":"Secrets of the Dark: The Flower of Shadow"},"content":{"rendered":"<p>Un padre desesperado te ruega que busques a su hija, Mar\u00eda, que parece haber desaparecido de la nada. En su decimosexto cumplea\u00f1os, fue secuestrada por una entidad enigm\u00e1tica y de otro mundo que dej\u00f3 su habitaci\u00f3n brillando m\u00e1gicamente. A trav\u00e9s de una puerta que encuentras a trav\u00e9s de una inusual l\u00e1mpara en forma de flor, \u00a1una habitaci\u00f3n ordinaria se transforma en una jungla aterradora! \u00bfCu\u00e1ndo descubrir\u00e1s a Mar\u00eda? \u00bfO una bestia vengativa la encarcelar\u00e1 en un lugar oscuro para siempre? \u00a1Juega a este emocionante juego de aventuras y rompecabezas de objetos ocultos para descubrirlo!     <\/p>\n<p>&nbsp;<\/p>\n<p>&nbsp;<\/p>\n<p><strong>Funciones:<\/strong><\/p>\n<p>&nbsp;<\/p>\n<p>&#8211; Selecciona tu grado de dificultad<br \/>\n&#8211; Tutorial<br \/>\n atractivo- Magn\u00edficas escenas con objetos<br \/>\n ocultos- Compatibilidad con dispositivos de pantalla t\u00e1ctil<\/p>\n","protected":false},"excerpt":{"rendered":"<p>\u00a1Una querida hija ha desaparecido!<\/p>\n","protected":false},"author":17,"featured_media":100437,"comment_status":"open","ping_status":"closed","template":"","meta":{"_acf_changed":false,"inline_featured_image":false},"product_brand":[],"product_cat":[166],"product_tag":[288],"class_list":{"0":"post-145612","1":"product","2":"type-product","3":"status-publish","4":"has-post-thumbnail","6":"product_cat-hidden-object-es","7":"product_tag-play-on-pc-es","9":"first","10":"instock","11":"shipping-taxable","12":"purchasable","13":"product-type-simple"},"acf":[],"yoast_head":"<!-- This site is optimized with the Yoast SEO Premium plugin v25.2 (Yoast SEO v25.2) - https:\/\/yoast.com\/wordpress\/plugins\/seo\/ -->\n<title>Secrets of the Dark: The Flower of Shadow - Descubre el misterio detr\u00e1s de la desaparici\u00f3n de una querida hija<\/title>\n<meta name=\"description\" content=\"\u00a1Una querida hija ha desaparecido!\" \/>\n<meta name=\"robots\" content=\"noindex, nofollow\" \/>\n<meta property=\"og:locale\" content=\"es_ES\" \/>\n<meta property=\"og:type\" content=\"article\" \/>\n<meta property=\"og:title\" content=\"Secrets of the Dark: The Flower of Shadow\" \/>\n<meta property=\"og:description\" content=\"\u00a1Una querida hija ha desaparecido!\" \/>\n<meta property=\"og:url\" content=\"https:\/\/www.iplay.com\/es\/games\/secrets-of-the-dark-the-flower-of-shadow\/\" \/>\n<meta property=\"og:site_name\" content=\"IPlay\" \/>\n<meta property=\"og:image\" content=\"https:\/\/www.iplay.com\/wp-content\/uploads\/2023\/12\/large_square_tile_image-3785.jpg\" \/>\n\t<meta property=\"og:image:width\" content=\"310\" \/>\n\t<meta property=\"og:image:height\" content=\"310\" \/>\n\t<meta property=\"og:image:type\" content=\"image\/jpeg\" \/>\n<meta name=\"twitter:card\" content=\"summary_large_image\" \/>\n<meta name=\"twitter:label1\" content=\"Est. reading time\" \/>\n\t<meta name=\"twitter:data1\" content=\"1 minuto\" \/>\n<script type=\"application\/ld+json\" class=\"yoast-schema-graph\">{\"@context\":\"https:\/\/schema.org\",\"@graph\":[{\"@type\":\"WebPage\",\"@id\":\"https:\/\/www.iplay.com\/es\/games\/secrets-of-the-dark-the-flower-of-shadow\/\",\"url\":\"https:\/\/www.iplay.com\/es\/games\/secrets-of-the-dark-the-flower-of-shadow\/\",\"name\":\"Secrets of the Dark: The Flower of Shadow - Descubre el misterio detr\u00e1s de la desaparici\u00f3n de una querida hija\",\"isPartOf\":{\"@id\":\"https:\/\/www.iplay.com\/en\/#website\"},\"primaryImageOfPage\":{\"@id\":\"https:\/\/www.iplay.com\/es\/games\/secrets-of-the-dark-the-flower-of-shadow\/#primaryimage\"},\"image\":{\"@id\":\"https:\/\/www.iplay.com\/es\/games\/secrets-of-the-dark-the-flower-of-shadow\/#primaryimage\"},\"thumbnailUrl\":\"https:\/\/www.iplay.com\/wp-content\/uploads\/2023\/12\/large_square_tile_image-3785.jpg\",\"datePublished\":\"2017-04-26T00:00:00+00:00\",\"description\":\"\u00a1Una querida hija ha desaparecido!\",\"breadcrumb\":{\"@id\":\"https:\/\/www.iplay.com\/es\/games\/secrets-of-the-dark-the-flower-of-shadow\/#breadcrumb\"},\"inLanguage\":\"es\",\"potentialAction\":[{\"@type\":\"ReadAction\",\"target\":[\"https:\/\/www.iplay.com\/es\/games\/secrets-of-the-dark-the-flower-of-shadow\/\"]}]},{\"@type\":\"ImageObject\",\"inLanguage\":\"es\",\"@id\":\"https:\/\/www.iplay.com\/es\/games\/secrets-of-the-dark-the-flower-of-shadow\/#primaryimage\",\"url\":\"https:\/\/www.iplay.com\/wp-content\/uploads\/2023\/12\/large_square_tile_image-3785.jpg\",\"contentUrl\":\"https:\/\/www.iplay.com\/wp-content\/uploads\/2023\/12\/large_square_tile_image-3785.jpg\",\"width\":310,\"height\":310},{\"@type\":\"BreadcrumbList\",\"@id\":\"https:\/\/www.iplay.com\/es\/games\/secrets-of-the-dark-the-flower-of-shadow\/#breadcrumb\",\"itemListElement\":[{\"@type\":\"ListItem\",\"position\":1,\"name\":\"Home\",\"item\":\"https:\/\/www.iplay.com\/es\/home-page-2\/\"},{\"@type\":\"ListItem\",\"position\":2,\"name\":\"Shop\",\"item\":\"https:\/\/www.iplay.com\/en\/shop\/\"},{\"@type\":\"ListItem\",\"position\":3,\"name\":\"Secrets of the Dark: The Flower of Shadow\"}]},{\"@type\":\"WebSite\",\"@id\":\"https:\/\/www.iplay.com\/en\/#website\",\"url\":\"https:\/\/www.iplay.com\/en\/\",\"name\":\"IPlay\",\"description\":\"The Best Casual Games!\",\"publisher\":{\"@id\":\"https:\/\/www.iplay.com\/en\/#organization\"},\"potentialAction\":[{\"@type\":\"SearchAction\",\"target\":{\"@type\":\"EntryPoint\",\"urlTemplate\":\"https:\/\/www.iplay.com\/en\/?s={search_term_string}\"},\"query-input\":{\"@type\":\"PropertyValueSpecification\",\"valueRequired\":true,\"valueName\":\"search_term_string\"}}],\"inLanguage\":\"es\"},{\"@type\":\"Organization\",\"@id\":\"https:\/\/www.iplay.com\/en\/#organization\",\"name\":\"IPlay\",\"url\":\"https:\/\/www.iplay.com\/en\/\",\"logo\":{\"@type\":\"ImageObject\",\"inLanguage\":\"es\",\"@id\":\"https:\/\/www.iplay.com\/en\/#\/schema\/logo\/image\/\",\"url\":\"https:\/\/www.iplay.com\/wp-content\/uploads\/2023\/11\/Group-6100.svg\",\"contentUrl\":\"https:\/\/www.iplay.com\/wp-content\/uploads\/2023\/11\/Group-6100.svg\",\"width\":98,\"height\":25,\"caption\":\"IPlay\"},\"image\":{\"@id\":\"https:\/\/www.iplay.com\/en\/#\/schema\/logo\/image\/\"}}]}<\/script>\n<!-- \/ Yoast SEO Premium plugin. -->","yoast_head_json":{"title":"Secrets of the Dark: The Flower of Shadow - Descubre el misterio detr\u00e1s de la desaparici\u00f3n de una querida hija","description":"\u00a1Una querida hija ha desaparecido!","robots":{"index":"noindex","follow":"nofollow"},"og_locale":"es_ES","og_type":"article","og_title":"Secrets of the Dark: The Flower of Shadow","og_description":"\u00a1Una querida hija ha desaparecido!","og_url":"https:\/\/www.iplay.com\/es\/games\/secrets-of-the-dark-the-flower-of-shadow\/","og_site_name":"IPlay","og_image":[{"width":310,"height":310,"url":"https:\/\/www.iplay.com\/wp-content\/uploads\/2023\/12\/large_square_tile_image-3785.jpg","type":"image\/jpeg"}],"twitter_card":"summary_large_image","twitter_misc":{"Est. reading time":"1 minuto"},"schema":{"@context":"https:\/\/schema.org","@graph":[{"@type":"WebPage","@id":"https:\/\/www.iplay.com\/es\/games\/secrets-of-the-dark-the-flower-of-shadow\/","url":"https:\/\/www.iplay.com\/es\/games\/secrets-of-the-dark-the-flower-of-shadow\/","name":"Secrets of the Dark: The Flower of Shadow - Descubre el misterio detr\u00e1s de la desaparici\u00f3n de una querida hija","isPartOf":{"@id":"https:\/\/www.iplay.com\/en\/#website"},"primaryImageOfPage":{"@id":"https:\/\/www.iplay.com\/es\/games\/secrets-of-the-dark-the-flower-of-shadow\/#primaryimage"},"image":{"@id":"https:\/\/www.iplay.com\/es\/games\/secrets-of-the-dark-the-flower-of-shadow\/#primaryimage"},"thumbnailUrl":"https:\/\/www.iplay.com\/wp-content\/uploads\/2023\/12\/large_square_tile_image-3785.jpg","datePublished":"2017-04-26T00:00:00+00:00","description":"\u00a1Una querida hija ha desaparecido!","breadcrumb":{"@id":"https:\/\/www.iplay.com\/es\/games\/secrets-of-the-dark-the-flower-of-shadow\/#breadcrumb"},"inLanguage":"es","potentialAction":[{"@type":"ReadAction","target":["https:\/\/www.iplay.com\/es\/games\/secrets-of-the-dark-the-flower-of-shadow\/"]}]},{"@type":"ImageObject","inLanguage":"es","@id":"https:\/\/www.iplay.com\/es\/games\/secrets-of-the-dark-the-flower-of-shadow\/#primaryimage","url":"https:\/\/www.iplay.com\/wp-content\/uploads\/2023\/12\/large_square_tile_image-3785.jpg","contentUrl":"https:\/\/www.iplay.com\/wp-content\/uploads\/2023\/12\/large_square_tile_image-3785.jpg","width":310,"height":310},{"@type":"BreadcrumbList","@id":"https:\/\/www.iplay.com\/es\/games\/secrets-of-the-dark-the-flower-of-shadow\/#breadcrumb","itemListElement":[{"@type":"ListItem","position":1,"name":"Home","item":"https:\/\/www.iplay.com\/es\/home-page-2\/"},{"@type":"ListItem","position":2,"name":"Shop","item":"https:\/\/www.iplay.com\/en\/shop\/"},{"@type":"ListItem","position":3,"name":"Secrets of the Dark: The Flower of Shadow"}]},{"@type":"WebSite","@id":"https:\/\/www.iplay.com\/en\/#website","url":"https:\/\/www.iplay.com\/en\/","name":"IPlay","description":"The Best Casual Games!","publisher":{"@id":"https:\/\/www.iplay.com\/en\/#organization"},"potentialAction":[{"@type":"SearchAction","target":{"@type":"EntryPoint","urlTemplate":"https:\/\/www.iplay.com\/en\/?s={search_term_string}"},"query-input":{"@type":"PropertyValueSpecification","valueRequired":true,"valueName":"search_term_string"}}],"inLanguage":"es"},{"@type":"Organization","@id":"https:\/\/www.iplay.com\/en\/#organization","name":"IPlay","url":"https:\/\/www.iplay.com\/en\/","logo":{"@type":"ImageObject","inLanguage":"es","@id":"https:\/\/www.iplay.com\/en\/#\/schema\/logo\/image\/","url":"https:\/\/www.iplay.com\/wp-content\/uploads\/2023\/11\/Group-6100.svg","contentUrl":"https:\/\/www.iplay.com\/wp-content\/uploads\/2023\/11\/Group-6100.svg","width":98,"height":25,"caption":"IPlay"},"image":{"@id":"https:\/\/www.iplay.com\/en\/#\/schema\/logo\/image\/"}}]}},"_links":{"self":[{"href":"https:\/\/www.iplay.com\/es\/wp-json\/wp\/v2\/product\/145612","targetHints":{"allow":["GET"]}}],"collection":[{"href":"https:\/\/www.iplay.com\/es\/wp-json\/wp\/v2\/product"}],"about":[{"href":"https:\/\/www.iplay.com\/es\/wp-json\/wp\/v2\/types\/product"}],"author":[{"embeddable":true,"href":"https:\/\/www.iplay.com\/es\/wp-json\/wp\/v2\/users\/17"}],"replies":[{"embeddable":true,"href":"https:\/\/www.iplay.com\/es\/wp-json\/wp\/v2\/comments?post=145612"}],"wp:featuredmedia":[{"embeddable":true,"href":"https:\/\/www.iplay.com\/es\/wp-json\/wp\/v2\/media\/100437"}],"wp:attachment":[{"href":"https:\/\/www.iplay.com\/es\/wp-json\/wp\/v2\/media?parent=145612"}],"wp:term":[{"taxonomy":"product_brand","embeddable":true,"href":"https:\/\/www.iplay.com\/es\/wp-json\/wp\/v2\/product_brand?post=145612"},{"taxonomy":"product_cat","embeddable":true,"href":"https:\/\/www.iplay.com\/es\/wp-json\/wp\/v2\/product_cat?post=145612"},{"taxonomy":"product_tag","embeddable":true,"href":"https:\/\/www.iplay.com\/es\/wp-json\/wp\/v2\/product_tag?post=145612"}],"curies":[{"name":"wp","href":"https:\/\/api.w.org\/{rel}","templated":true}]}}