{"id":145554,"date":"2025-10-28T07:30:16","date_gmt":"2025-10-28T07:30:16","guid":{"rendered":"https:\/\/www.iplay.com\/games\/halloween-trouble-6-pumpkin-rampage\/"},"modified":"2025-10-28T18:40:18","modified_gmt":"2025-10-28T18:40:18","slug":"halloween-trouble-6-pumpkin-rampage","status":"publish","type":"product","link":"https:\/\/www.iplay.com\/es\/games\/halloween-trouble-6-pumpkin-rampage\/","title":{"rendered":"Halloween Trouble 6: Pumpkin Rampage"},"content":{"rendered":"<p class=\"ai-optimize-25 ai-optimize-introduction\">\u00a1Prep\u00e1rate para una emocionante aventura en Halloween Trouble 6: Pumpkin Rampage! Cuando un duelo m\u00e1gico da un giro salvaje, el caos estalla en el pantano, desatando calabazas encantadas y criaturas juguetonas en un alboroto hacia la serena ciudad de Jamberton. \u00a1No te pierdas la emoci\u00f3n! \u00a1Conoce a Ronida, la intr\u00e9pida e ingeniosa bruja destinada a restaurar el orden y salvar el d\u00eda antes de que se acabe el tiempo!   <\/p>\n<p class=\"ai-optimize-26\">Ad\u00e9ntrate en un emocionante viaje de Match-3 rebosante de encantadores espeluznantes y deliciosas festividades. Emb\u00e1rcate en un emocionante viaje a trav\u00e9s de lugares misteriosos, donde desentra\u00f1ar\u00e1s cautivadores acertijos y participar\u00e1s en una emocionante variedad de minijuegos, con desaf\u00edos de rompecabezas, controles deslizantes, solitario y objetos ocultos. Cada nivel revela emocionantes desaf\u00edos y sorpresas encantadoras mientras Ronida se embarca en una emocionante b\u00fasqueda para restaurar la armon\u00eda y salvaguardar su amado hogar.  <\/p>\n<p>&nbsp;<\/p>\n<p class=\"ai-optimize-25\"><strong>Funciones<\/strong><\/p>\n<ul>\n<li class=\"ai-optimize-27\">\u00a1Descubre la magia de 100 partidos cautivadores! \u00a1Experimenta tres emocionantes niveles rebosantes de emoci\u00f3n de Halloween! <\/li>\n<li class=\"ai-optimize-27\">\u00a1Sum\u00e9rgete en un mundo de diversi\u00f3n con una variedad de minijuegos como Jigsaw, Slider, Solitaire y escenas de objetos ocultos!<\/li>\n<li class=\"ai-optimize-27\">\u00a1Emb\u00e1rcate en un viaje encantador lleno de historias encantadoras y personajes vibrantes y exc\u00e9ntricos!<\/li>\n<li class=\"ai-optimize-27\">\u00a1Adapta la configuraci\u00f3n de tu juego para que se alinee perfectamente con tu estilo de juego \u00fanico!<\/li>\n<li class=\"ai-optimize-27\">\u00a1Sum\u00e9rgete en im\u00e1genes vibrantes y festivas que capturan el esp\u00edritu de Halloween!<\/li>\n<\/ul>\n<p>&nbsp;<\/p>\n<p class=\"ai-optimize-28\">Experimenta una aventura cautivadora llena de im\u00e1genes vibrantes, un juego atractivo y un esp\u00edritu caprichoso de Halloween. Este viaje de temporada est\u00e1 hecho a medida para los entusiastas de los rompecabezas y los fan\u00e1ticos de las travesuras encantadoras por igual. <\/p>\n","protected":false},"excerpt":{"rendered":"<p>\u00a1\u00danete a la bruja Ronida en una misi\u00f3n m\u00e1gica para detener una tragedia de Halloween causada por las calabazas!<\/p>\n","protected":false},"author":19,"featured_media":145371,"comment_status":"open","ping_status":"closed","template":"","meta":{"_acf_changed":false,"inline_featured_image":false},"product_brand":[],"product_cat":[178,192],"product_tag":[288],"class_list":{"0":"post-145554","1":"product","2":"type-product","3":"status-publish","4":"has-post-thumbnail","6":"product_cat-match-3-es","7":"product_cat-puzzle-es","8":"product_tag-play-on-pc-es","10":"first","11":"instock","12":"shipping-taxable","13":"purchasable","14":"product-type-simple"},"acf":[],"yoast_head":"<!-- This site is optimized with the Yoast SEO Premium plugin v25.2 (Yoast SEO v25.2) - https:\/\/yoast.com\/wordpress\/plugins\/seo\/ -->\n<title>\u00a1Emb\u00e1rcate en una aventura m\u00e1gica con la bruja Ronida para salvar Halloween!<\/title>\n<meta name=\"description\" content=\"\u00a1\u00danete a la bruja Ronida en una misi\u00f3n m\u00e1gica para detener una tragedia de Halloween causada por las calabazas!\" \/>\n<meta name=\"robots\" content=\"index, follow, max-snippet:-1, max-image-preview:large, max-video-preview:-1\" \/>\n<link rel=\"canonical\" href=\"https:\/\/www.iplay.com\/es\/games\/halloween-trouble-6-pumpkin-rampage\/\" \/>\n<meta property=\"og:locale\" content=\"es_ES\" \/>\n<meta property=\"og:type\" content=\"article\" \/>\n<meta property=\"og:title\" content=\"Halloween Trouble 6: Pumpkin Rampage\" \/>\n<meta property=\"og:description\" content=\"\u00a1\u00danete a la bruja Ronida en una misi\u00f3n m\u00e1gica para detener una tragedia de Halloween causada por las calabazas!\" \/>\n<meta property=\"og:url\" content=\"https:\/\/www.iplay.com\/es\/games\/halloween-trouble-6-pumpkin-rampage\/\" \/>\n<meta property=\"og:site_name\" content=\"IPlay\" \/>\n<meta property=\"article:modified_time\" content=\"2025-10-28T18:40:18+00:00\" \/>\n<meta property=\"og:image\" content=\"https:\/\/www.iplay.com\/wp-content\/uploads\/2025\/10\/halloween_trouble_6_-_pumpkin_rampage_large_square_tile_image.webp\" \/>\n\t<meta property=\"og:image:width\" content=\"310\" \/>\n\t<meta property=\"og:image:height\" content=\"310\" \/>\n\t<meta property=\"og:image:type\" content=\"image\/webp\" \/>\n<meta name=\"twitter:card\" content=\"summary_large_image\" \/>\n<meta name=\"twitter:label1\" content=\"Est. reading time\" \/>\n\t<meta name=\"twitter:data1\" content=\"1 minuto\" \/>\n<script type=\"application\/ld+json\" class=\"yoast-schema-graph\">{\"@context\":\"https:\/\/schema.org\",\"@graph\":[{\"@type\":\"WebPage\",\"@id\":\"https:\/\/www.iplay.com\/es\/games\/halloween-trouble-6-pumpkin-rampage\/\",\"url\":\"https:\/\/www.iplay.com\/es\/games\/halloween-trouble-6-pumpkin-rampage\/\",\"name\":\"\u00a1Emb\u00e1rcate en una aventura m\u00e1gica con la bruja Ronida para salvar Halloween!\",\"isPartOf\":{\"@id\":\"https:\/\/www.iplay.com\/en\/#website\"},\"primaryImageOfPage\":{\"@id\":\"https:\/\/www.iplay.com\/es\/games\/halloween-trouble-6-pumpkin-rampage\/#primaryimage\"},\"image\":{\"@id\":\"https:\/\/www.iplay.com\/es\/games\/halloween-trouble-6-pumpkin-rampage\/#primaryimage\"},\"thumbnailUrl\":\"https:\/\/www.iplay.com\/wp-content\/uploads\/2025\/10\/halloween_trouble_6_-_pumpkin_rampage_large_square_tile_image.webp\",\"datePublished\":\"2025-10-28T07:30:16+00:00\",\"dateModified\":\"2025-10-28T18:40:18+00:00\",\"description\":\"\u00a1\u00danete a la bruja Ronida en una misi\u00f3n m\u00e1gica para detener una tragedia de Halloween causada por las calabazas!\",\"breadcrumb\":{\"@id\":\"https:\/\/www.iplay.com\/es\/games\/halloween-trouble-6-pumpkin-rampage\/#breadcrumb\"},\"inLanguage\":\"es\",\"potentialAction\":[{\"@type\":\"ReadAction\",\"target\":[\"https:\/\/www.iplay.com\/es\/games\/halloween-trouble-6-pumpkin-rampage\/\"]}]},{\"@type\":\"ImageObject\",\"inLanguage\":\"es\",\"@id\":\"https:\/\/www.iplay.com\/es\/games\/halloween-trouble-6-pumpkin-rampage\/#primaryimage\",\"url\":\"https:\/\/www.iplay.com\/wp-content\/uploads\/2025\/10\/halloween_trouble_6_-_pumpkin_rampage_large_square_tile_image.webp\",\"contentUrl\":\"https:\/\/www.iplay.com\/wp-content\/uploads\/2025\/10\/halloween_trouble_6_-_pumpkin_rampage_large_square_tile_image.webp\",\"width\":310,\"height\":310},{\"@type\":\"BreadcrumbList\",\"@id\":\"https:\/\/www.iplay.com\/es\/games\/halloween-trouble-6-pumpkin-rampage\/#breadcrumb\",\"itemListElement\":[{\"@type\":\"ListItem\",\"position\":1,\"name\":\"Home\",\"item\":\"https:\/\/www.iplay.com\/es\/home-page-2\/\"},{\"@type\":\"ListItem\",\"position\":2,\"name\":\"Shop\",\"item\":\"https:\/\/www.iplay.com\/en\/shop\/\"},{\"@type\":\"ListItem\",\"position\":3,\"name\":\"Halloween Trouble 6: Pumpkin Rampage\"}]},{\"@type\":\"WebSite\",\"@id\":\"https:\/\/www.iplay.com\/en\/#website\",\"url\":\"https:\/\/www.iplay.com\/en\/\",\"name\":\"IPlay\",\"description\":\"The Best Casual Games!\",\"publisher\":{\"@id\":\"https:\/\/www.iplay.com\/en\/#organization\"},\"potentialAction\":[{\"@type\":\"SearchAction\",\"target\":{\"@type\":\"EntryPoint\",\"urlTemplate\":\"https:\/\/www.iplay.com\/en\/?s={search_term_string}\"},\"query-input\":{\"@type\":\"PropertyValueSpecification\",\"valueRequired\":true,\"valueName\":\"search_term_string\"}}],\"inLanguage\":\"es\"},{\"@type\":\"Organization\",\"@id\":\"https:\/\/www.iplay.com\/en\/#organization\",\"name\":\"IPlay\",\"url\":\"https:\/\/www.iplay.com\/en\/\",\"logo\":{\"@type\":\"ImageObject\",\"inLanguage\":\"es\",\"@id\":\"https:\/\/www.iplay.com\/en\/#\/schema\/logo\/image\/\",\"url\":\"https:\/\/www.iplay.com\/wp-content\/uploads\/2023\/11\/Group-6100.svg\",\"contentUrl\":\"https:\/\/www.iplay.com\/wp-content\/uploads\/2023\/11\/Group-6100.svg\",\"width\":98,\"height\":25,\"caption\":\"IPlay\"},\"image\":{\"@id\":\"https:\/\/www.iplay.com\/en\/#\/schema\/logo\/image\/\"}}]}<\/script>\n<!-- \/ Yoast SEO Premium plugin. -->","yoast_head_json":{"title":"\u00a1Emb\u00e1rcate en una aventura m\u00e1gica con la bruja Ronida para salvar Halloween!","description":"\u00a1\u00danete a la bruja Ronida en una misi\u00f3n m\u00e1gica para detener una tragedia de Halloween causada por las calabazas!","robots":{"index":"index","follow":"follow","max-snippet":"max-snippet:-1","max-image-preview":"max-image-preview:large","max-video-preview":"max-video-preview:-1"},"canonical":"https:\/\/www.iplay.com\/es\/games\/halloween-trouble-6-pumpkin-rampage\/","og_locale":"es_ES","og_type":"article","og_title":"Halloween Trouble 6: Pumpkin Rampage","og_description":"\u00a1\u00danete a la bruja Ronida en una misi\u00f3n m\u00e1gica para detener una tragedia de Halloween causada por las calabazas!","og_url":"https:\/\/www.iplay.com\/es\/games\/halloween-trouble-6-pumpkin-rampage\/","og_site_name":"IPlay","article_modified_time":"2025-10-28T18:40:18+00:00","og_image":[{"width":310,"height":310,"url":"https:\/\/www.iplay.com\/wp-content\/uploads\/2025\/10\/halloween_trouble_6_-_pumpkin_rampage_large_square_tile_image.webp","type":"image\/webp"}],"twitter_card":"summary_large_image","twitter_misc":{"Est. reading time":"1 minuto"},"schema":{"@context":"https:\/\/schema.org","@graph":[{"@type":"WebPage","@id":"https:\/\/www.iplay.com\/es\/games\/halloween-trouble-6-pumpkin-rampage\/","url":"https:\/\/www.iplay.com\/es\/games\/halloween-trouble-6-pumpkin-rampage\/","name":"\u00a1Emb\u00e1rcate en una aventura m\u00e1gica con la bruja Ronida para salvar Halloween!","isPartOf":{"@id":"https:\/\/www.iplay.com\/en\/#website"},"primaryImageOfPage":{"@id":"https:\/\/www.iplay.com\/es\/games\/halloween-trouble-6-pumpkin-rampage\/#primaryimage"},"image":{"@id":"https:\/\/www.iplay.com\/es\/games\/halloween-trouble-6-pumpkin-rampage\/#primaryimage"},"thumbnailUrl":"https:\/\/www.iplay.com\/wp-content\/uploads\/2025\/10\/halloween_trouble_6_-_pumpkin_rampage_large_square_tile_image.webp","datePublished":"2025-10-28T07:30:16+00:00","dateModified":"2025-10-28T18:40:18+00:00","description":"\u00a1\u00danete a la bruja Ronida en una misi\u00f3n m\u00e1gica para detener una tragedia de Halloween causada por las calabazas!","breadcrumb":{"@id":"https:\/\/www.iplay.com\/es\/games\/halloween-trouble-6-pumpkin-rampage\/#breadcrumb"},"inLanguage":"es","potentialAction":[{"@type":"ReadAction","target":["https:\/\/www.iplay.com\/es\/games\/halloween-trouble-6-pumpkin-rampage\/"]}]},{"@type":"ImageObject","inLanguage":"es","@id":"https:\/\/www.iplay.com\/es\/games\/halloween-trouble-6-pumpkin-rampage\/#primaryimage","url":"https:\/\/www.iplay.com\/wp-content\/uploads\/2025\/10\/halloween_trouble_6_-_pumpkin_rampage_large_square_tile_image.webp","contentUrl":"https:\/\/www.iplay.com\/wp-content\/uploads\/2025\/10\/halloween_trouble_6_-_pumpkin_rampage_large_square_tile_image.webp","width":310,"height":310},{"@type":"BreadcrumbList","@id":"https:\/\/www.iplay.com\/es\/games\/halloween-trouble-6-pumpkin-rampage\/#breadcrumb","itemListElement":[{"@type":"ListItem","position":1,"name":"Home","item":"https:\/\/www.iplay.com\/es\/home-page-2\/"},{"@type":"ListItem","position":2,"name":"Shop","item":"https:\/\/www.iplay.com\/en\/shop\/"},{"@type":"ListItem","position":3,"name":"Halloween Trouble 6: Pumpkin Rampage"}]},{"@type":"WebSite","@id":"https:\/\/www.iplay.com\/en\/#website","url":"https:\/\/www.iplay.com\/en\/","name":"IPlay","description":"The Best Casual Games!","publisher":{"@id":"https:\/\/www.iplay.com\/en\/#organization"},"potentialAction":[{"@type":"SearchAction","target":{"@type":"EntryPoint","urlTemplate":"https:\/\/www.iplay.com\/en\/?s={search_term_string}"},"query-input":{"@type":"PropertyValueSpecification","valueRequired":true,"valueName":"search_term_string"}}],"inLanguage":"es"},{"@type":"Organization","@id":"https:\/\/www.iplay.com\/en\/#organization","name":"IPlay","url":"https:\/\/www.iplay.com\/en\/","logo":{"@type":"ImageObject","inLanguage":"es","@id":"https:\/\/www.iplay.com\/en\/#\/schema\/logo\/image\/","url":"https:\/\/www.iplay.com\/wp-content\/uploads\/2023\/11\/Group-6100.svg","contentUrl":"https:\/\/www.iplay.com\/wp-content\/uploads\/2023\/11\/Group-6100.svg","width":98,"height":25,"caption":"IPlay"},"image":{"@id":"https:\/\/www.iplay.com\/en\/#\/schema\/logo\/image\/"}}]}},"_links":{"self":[{"href":"https:\/\/www.iplay.com\/es\/wp-json\/wp\/v2\/product\/145554","targetHints":{"allow":["GET"]}}],"collection":[{"href":"https:\/\/www.iplay.com\/es\/wp-json\/wp\/v2\/product"}],"about":[{"href":"https:\/\/www.iplay.com\/es\/wp-json\/wp\/v2\/types\/product"}],"author":[{"embeddable":true,"href":"https:\/\/www.iplay.com\/es\/wp-json\/wp\/v2\/users\/19"}],"replies":[{"embeddable":true,"href":"https:\/\/www.iplay.com\/es\/wp-json\/wp\/v2\/comments?post=145554"}],"wp:featuredmedia":[{"embeddable":true,"href":"https:\/\/www.iplay.com\/es\/wp-json\/wp\/v2\/media\/145371"}],"wp:attachment":[{"href":"https:\/\/www.iplay.com\/es\/wp-json\/wp\/v2\/media?parent=145554"}],"wp:term":[{"taxonomy":"product_brand","embeddable":true,"href":"https:\/\/www.iplay.com\/es\/wp-json\/wp\/v2\/product_brand?post=145554"},{"taxonomy":"product_cat","embeddable":true,"href":"https:\/\/www.iplay.com\/es\/wp-json\/wp\/v2\/product_cat?post=145554"},{"taxonomy":"product_tag","embeddable":true,"href":"https:\/\/www.iplay.com\/es\/wp-json\/wp\/v2\/product_tag?post=145554"}],"curies":[{"name":"wp","href":"https:\/\/api.w.org\/{rel}","templated":true}]}}