{"id":145534,"date":"2025-10-31T08:30:11","date_gmt":"2025-10-31T08:30:11","guid":{"rendered":"https:\/\/www.iplay.com\/?post_type=product&p=145534"},"modified":"2025-10-28T18:39:57","modified_gmt":"2025-10-28T18:39:57","slug":"paranormal-files-fatal-flaw-collectors-edition","status":"publish","type":"product","link":"https:\/\/www.iplay.com\/es\/games\/paranormal-files-fatal-flaw-collectors-edition\/","title":{"rendered":"Paranormal Files: Fatal Flaw &#8211; Collector&#8217;s Edition"},"content":{"rendered":"<p class=\"ai-optimize-25 ai-optimize-introduction\">Cuando el profesor Stines se enfrenta a un asalto inesperado de su colega Lillian, se tambalea, no solo por la impactante violencia, sino tambi\u00e9n por la revelaci\u00f3n de que Lillian ha estado muerta durante semanas. Cuando lo sobrenatural golpea, solo hay un nombre en el que puedes confiar: Rick Rogers. Justo cuando pensabas que no pod\u00eda ser m\u00e1s espeluznante, \u00a1Rick est\u00e1 de vuelta! Esta vez, est\u00e1 entrando en el inquietantemente misterioso Corrigale College, listo para enfrentarse a un esp\u00edritu que no solo es m\u00e1s poderoso sino tambi\u00e9n profundamente personal. \u00a1Prep\u00e1rate para una aventura escalofriante como ninguna otra!    <\/p>\n<p class=\"ai-optimize-26\">\u00bfQu\u00e9 podr\u00eda atraer a un fantasma a un simple conocido? \u00bfQu\u00e9 misterios ocultos esperan ser descubiertos en la historia de la universidad? \u00danete a Rick en un emocionante viaje mientras desentra\u00f1a un tapiz de pistas espectrales, revelando una apasionante historia de traici\u00f3n, historia oculta y un defecto cr\u00edtico que amenaza con poner en peligro m\u00e1s de una vida.  <\/p>\n<p>&nbsp;<\/p>\n<p class=\"ai-optimize-29\"><strong>Funciones<\/strong><\/p>\n<ul>\n<li class=\"ai-optimize-27\">\u00a1Un cap\u00edtulo de bonificaci\u00f3n exclusivo que profundiza en un escalofriante caso paranormal en un casino embrujado!<\/li>\n<li class=\"ai-optimize-27\">\u00a1Vuelve a sumergirte en minijuegos y HOPs, acumula logros y descubre la habitaci\u00f3n secreta oculta!<\/li>\n<li class=\"ai-optimize-27\">\u00a1Descubre artefactos ocultos y arma rompecabezas mientras viajas por el juego!<\/li>\n<li class=\"ai-optimize-27\">\u00a1Consigue fondos de pantalla exclusivos, m\u00fasica y mucho m\u00e1s!<\/li>\n<li class=\"ai-optimize-27\">\u00a1Navega por desaf\u00edos fantasmales sin esfuerzo con nuestra Gu\u00eda de estrategia integrada!<\/li>\n<\/ul>\n<p>&nbsp;<\/p>\n<p class=\"ai-optimize-28\">Experimenta la emoci\u00f3n de Paranormal Files: Fatal Flaw Collector&#8217;s Edition, una cautivadora aventura de rompecabezas de objetos ocultos rebosante de suspenso, misterios sobrenaturales y caracter\u00edsticas adicionales exclusivas que te mantendr\u00e1n al borde de tu asiento.<\/p>\n","protected":false},"excerpt":{"rendered":"<p>\u00a1Paranormal Files- Fatal Flaw Collector&#8217;s Edition te permite encontrar secretos espeluznantes en Corrigale College!<\/p>\n","protected":false},"author":17,"featured_media":131147,"comment_status":"open","ping_status":"closed","template":"","meta":{"_acf_changed":false,"inline_featured_image":false},"product_brand":[],"product_cat":[150,166],"product_tag":[288],"class_list":{"0":"post-145534","1":"product","2":"type-product","3":"status-publish","4":"has-post-thumbnail","6":"product_cat-adventure-es","7":"product_cat-hidden-object-es","8":"product_tag-play-on-pc-es","10":"first","11":"instock","12":"shipping-taxable","13":"purchasable","14":"product-type-simple"},"acf":[],"yoast_head":"<!-- This site is optimized with the Yoast SEO Premium plugin v25.2 (Yoast SEO v25.2) - https:\/\/yoast.com\/wordpress\/plugins\/seo\/ -->\n<title>\u00a1Explora misterios espeluznantes en Corrigale College!<\/title>\n<meta name=\"description\" content=\"\u00a1Paranormal Files- Fatal Flaw Collector&#039;s Edition te permite encontrar secretos espeluznantes en Corrigale College!\" \/>\n<meta name=\"robots\" content=\"index, follow, max-snippet:-1, max-image-preview:large, max-video-preview:-1\" \/>\n<link rel=\"canonical\" href=\"https:\/\/www.iplay.com\/en\/games\/paranormal-files-fatal-flaw-collectors-edition\/\" \/>\n<meta property=\"og:locale\" content=\"es_ES\" \/>\n<meta property=\"og:type\" content=\"article\" \/>\n<meta property=\"og:title\" content=\"Paranormal Files: Fatal Flaw - Collector&#039;s Edition\" \/>\n<meta property=\"og:description\" content=\"\u00a1Paranormal Files- Fatal Flaw Collector&#039;s Edition te permite encontrar secretos espeluznantes en Corrigale College!\" \/>\n<meta property=\"og:url\" content=\"https:\/\/www.iplay.com\/en\/games\/paranormal-files-fatal-flaw-collectors-edition\/\" \/>\n<meta property=\"og:site_name\" content=\"IPlay\" \/>\n<meta property=\"og:image\" content=\"https:\/\/www.iplay.com\/wp-content\/uploads\/2025\/10\/paranormal_files_fatal_flaw_ce_large_video_screenshot.webp\" \/>\n\t<meta property=\"og:image:width\" content=\"715\" \/>\n\t<meta property=\"og:image:height\" content=\"485\" \/>\n\t<meta property=\"og:image:type\" content=\"image\/webp\" \/>\n<meta name=\"twitter:card\" content=\"summary_large_image\" \/>\n<meta name=\"twitter:label1\" content=\"Est. reading time\" \/>\n\t<meta name=\"twitter:data1\" content=\"1 minuto\" \/>\n<script type=\"application\/ld+json\" class=\"yoast-schema-graph\">{\"@context\":\"https:\/\/schema.org\",\"@graph\":[{\"@type\":\"WebPage\",\"@id\":\"https:\/\/www.iplay.com\/en\/games\/paranormal-files-fatal-flaw-collectors-edition\/\",\"url\":\"https:\/\/www.iplay.com\/en\/games\/paranormal-files-fatal-flaw-collectors-edition\/\",\"name\":\"\u00a1Explora misterios espeluznantes en Corrigale College!\",\"isPartOf\":{\"@id\":\"https:\/\/www.iplay.com\/en\/#website\"},\"primaryImageOfPage\":{\"@id\":\"https:\/\/www.iplay.com\/en\/games\/paranormal-files-fatal-flaw-collectors-edition\/#primaryimage\"},\"image\":{\"@id\":\"https:\/\/www.iplay.com\/en\/games\/paranormal-files-fatal-flaw-collectors-edition\/#primaryimage\"},\"thumbnailUrl\":\"https:\/\/www.iplay.com\/wp-content\/uploads\/2025\/04\/paranormal_files_sacrifice_to_shadows_ce_large_square_tile_image.webp\",\"datePublished\":\"2025-10-31T08:30:11+00:00\",\"description\":\"\u00a1Paranormal Files- Fatal Flaw Collector's Edition te permite encontrar secretos espeluznantes en Corrigale College!\",\"breadcrumb\":{\"@id\":\"https:\/\/www.iplay.com\/en\/games\/paranormal-files-fatal-flaw-collectors-edition\/#breadcrumb\"},\"inLanguage\":\"es\",\"potentialAction\":[{\"@type\":\"ReadAction\",\"target\":[\"https:\/\/www.iplay.com\/en\/games\/paranormal-files-fatal-flaw-collectors-edition\/\"]}]},{\"@type\":\"ImageObject\",\"inLanguage\":\"es\",\"@id\":\"https:\/\/www.iplay.com\/en\/games\/paranormal-files-fatal-flaw-collectors-edition\/#primaryimage\",\"url\":\"https:\/\/www.iplay.com\/wp-content\/uploads\/2025\/04\/paranormal_files_sacrifice_to_shadows_ce_large_square_tile_image.webp\",\"contentUrl\":\"https:\/\/www.iplay.com\/wp-content\/uploads\/2025\/04\/paranormal_files_sacrifice_to_shadows_ce_large_square_tile_image.webp\",\"width\":310,\"height\":310},{\"@type\":\"BreadcrumbList\",\"@id\":\"https:\/\/www.iplay.com\/en\/games\/paranormal-files-fatal-flaw-collectors-edition\/#breadcrumb\",\"itemListElement\":[{\"@type\":\"ListItem\",\"position\":1,\"name\":\"Home\",\"item\":\"https:\/\/www.iplay.com\/es\/home-page-2\/\"},{\"@type\":\"ListItem\",\"position\":2,\"name\":\"Shop\",\"item\":\"https:\/\/www.iplay.com\/en\/shop\/\"},{\"@type\":\"ListItem\",\"position\":3,\"name\":\"Paranormal Files: Fatal Flaw &#8211; Collector&#8217;s Edition\"}]},{\"@type\":\"WebSite\",\"@id\":\"https:\/\/www.iplay.com\/en\/#website\",\"url\":\"https:\/\/www.iplay.com\/en\/\",\"name\":\"IPlay\",\"description\":\"The Best Casual Games!\",\"publisher\":{\"@id\":\"https:\/\/www.iplay.com\/en\/#organization\"},\"potentialAction\":[{\"@type\":\"SearchAction\",\"target\":{\"@type\":\"EntryPoint\",\"urlTemplate\":\"https:\/\/www.iplay.com\/en\/?s={search_term_string}\"},\"query-input\":{\"@type\":\"PropertyValueSpecification\",\"valueRequired\":true,\"valueName\":\"search_term_string\"}}],\"inLanguage\":\"es\"},{\"@type\":\"Organization\",\"@id\":\"https:\/\/www.iplay.com\/en\/#organization\",\"name\":\"IPlay\",\"url\":\"https:\/\/www.iplay.com\/en\/\",\"logo\":{\"@type\":\"ImageObject\",\"inLanguage\":\"es\",\"@id\":\"https:\/\/www.iplay.com\/en\/#\/schema\/logo\/image\/\",\"url\":\"https:\/\/www.iplay.com\/wp-content\/uploads\/2023\/11\/Group-6100.svg\",\"contentUrl\":\"https:\/\/www.iplay.com\/wp-content\/uploads\/2023\/11\/Group-6100.svg\",\"width\":98,\"height\":25,\"caption\":\"IPlay\"},\"image\":{\"@id\":\"https:\/\/www.iplay.com\/en\/#\/schema\/logo\/image\/\"}}]}<\/script>\n<!-- \/ Yoast SEO Premium plugin. -->","yoast_head_json":{"title":"\u00a1Explora misterios espeluznantes en Corrigale College!","description":"\u00a1Paranormal Files- Fatal Flaw Collector's Edition te permite encontrar secretos espeluznantes en Corrigale College!","robots":{"index":"index","follow":"follow","max-snippet":"max-snippet:-1","max-image-preview":"max-image-preview:large","max-video-preview":"max-video-preview:-1"},"canonical":"https:\/\/www.iplay.com\/en\/games\/paranormal-files-fatal-flaw-collectors-edition\/","og_locale":"es_ES","og_type":"article","og_title":"Paranormal Files: Fatal Flaw - Collector's Edition","og_description":"\u00a1Paranormal Files- Fatal Flaw Collector's Edition te permite encontrar secretos espeluznantes en Corrigale College!","og_url":"https:\/\/www.iplay.com\/en\/games\/paranormal-files-fatal-flaw-collectors-edition\/","og_site_name":"IPlay","og_image":[{"width":715,"height":485,"url":"https:\/\/www.iplay.com\/wp-content\/uploads\/2025\/10\/paranormal_files_fatal_flaw_ce_large_video_screenshot.webp","type":"image\/webp"}],"twitter_card":"summary_large_image","twitter_misc":{"Est. reading time":"1 minuto"},"schema":{"@context":"https:\/\/schema.org","@graph":[{"@type":"WebPage","@id":"https:\/\/www.iplay.com\/en\/games\/paranormal-files-fatal-flaw-collectors-edition\/","url":"https:\/\/www.iplay.com\/en\/games\/paranormal-files-fatal-flaw-collectors-edition\/","name":"\u00a1Explora misterios espeluznantes en Corrigale College!","isPartOf":{"@id":"https:\/\/www.iplay.com\/en\/#website"},"primaryImageOfPage":{"@id":"https:\/\/www.iplay.com\/en\/games\/paranormal-files-fatal-flaw-collectors-edition\/#primaryimage"},"image":{"@id":"https:\/\/www.iplay.com\/en\/games\/paranormal-files-fatal-flaw-collectors-edition\/#primaryimage"},"thumbnailUrl":"https:\/\/www.iplay.com\/wp-content\/uploads\/2025\/04\/paranormal_files_sacrifice_to_shadows_ce_large_square_tile_image.webp","datePublished":"2025-10-31T08:30:11+00:00","description":"\u00a1Paranormal Files- Fatal Flaw Collector's Edition te permite encontrar secretos espeluznantes en Corrigale College!","breadcrumb":{"@id":"https:\/\/www.iplay.com\/en\/games\/paranormal-files-fatal-flaw-collectors-edition\/#breadcrumb"},"inLanguage":"es","potentialAction":[{"@type":"ReadAction","target":["https:\/\/www.iplay.com\/en\/games\/paranormal-files-fatal-flaw-collectors-edition\/"]}]},{"@type":"ImageObject","inLanguage":"es","@id":"https:\/\/www.iplay.com\/en\/games\/paranormal-files-fatal-flaw-collectors-edition\/#primaryimage","url":"https:\/\/www.iplay.com\/wp-content\/uploads\/2025\/04\/paranormal_files_sacrifice_to_shadows_ce_large_square_tile_image.webp","contentUrl":"https:\/\/www.iplay.com\/wp-content\/uploads\/2025\/04\/paranormal_files_sacrifice_to_shadows_ce_large_square_tile_image.webp","width":310,"height":310},{"@type":"BreadcrumbList","@id":"https:\/\/www.iplay.com\/en\/games\/paranormal-files-fatal-flaw-collectors-edition\/#breadcrumb","itemListElement":[{"@type":"ListItem","position":1,"name":"Home","item":"https:\/\/www.iplay.com\/es\/home-page-2\/"},{"@type":"ListItem","position":2,"name":"Shop","item":"https:\/\/www.iplay.com\/en\/shop\/"},{"@type":"ListItem","position":3,"name":"Paranormal Files: Fatal Flaw &#8211; Collector&#8217;s Edition"}]},{"@type":"WebSite","@id":"https:\/\/www.iplay.com\/en\/#website","url":"https:\/\/www.iplay.com\/en\/","name":"IPlay","description":"The Best Casual Games!","publisher":{"@id":"https:\/\/www.iplay.com\/en\/#organization"},"potentialAction":[{"@type":"SearchAction","target":{"@type":"EntryPoint","urlTemplate":"https:\/\/www.iplay.com\/en\/?s={search_term_string}"},"query-input":{"@type":"PropertyValueSpecification","valueRequired":true,"valueName":"search_term_string"}}],"inLanguage":"es"},{"@type":"Organization","@id":"https:\/\/www.iplay.com\/en\/#organization","name":"IPlay","url":"https:\/\/www.iplay.com\/en\/","logo":{"@type":"ImageObject","inLanguage":"es","@id":"https:\/\/www.iplay.com\/en\/#\/schema\/logo\/image\/","url":"https:\/\/www.iplay.com\/wp-content\/uploads\/2023\/11\/Group-6100.svg","contentUrl":"https:\/\/www.iplay.com\/wp-content\/uploads\/2023\/11\/Group-6100.svg","width":98,"height":25,"caption":"IPlay"},"image":{"@id":"https:\/\/www.iplay.com\/en\/#\/schema\/logo\/image\/"}}]}},"_links":{"self":[{"href":"https:\/\/www.iplay.com\/es\/wp-json\/wp\/v2\/product\/145534","targetHints":{"allow":["GET"]}}],"collection":[{"href":"https:\/\/www.iplay.com\/es\/wp-json\/wp\/v2\/product"}],"about":[{"href":"https:\/\/www.iplay.com\/es\/wp-json\/wp\/v2\/types\/product"}],"author":[{"embeddable":true,"href":"https:\/\/www.iplay.com\/es\/wp-json\/wp\/v2\/users\/17"}],"replies":[{"embeddable":true,"href":"https:\/\/www.iplay.com\/es\/wp-json\/wp\/v2\/comments?post=145534"}],"wp:featuredmedia":[{"embeddable":true,"href":"https:\/\/www.iplay.com\/es\/wp-json\/wp\/v2\/media\/131147"}],"wp:attachment":[{"href":"https:\/\/www.iplay.com\/es\/wp-json\/wp\/v2\/media?parent=145534"}],"wp:term":[{"taxonomy":"product_brand","embeddable":true,"href":"https:\/\/www.iplay.com\/es\/wp-json\/wp\/v2\/product_brand?post=145534"},{"taxonomy":"product_cat","embeddable":true,"href":"https:\/\/www.iplay.com\/es\/wp-json\/wp\/v2\/product_cat?post=145534"},{"taxonomy":"product_tag","embeddable":true,"href":"https:\/\/www.iplay.com\/es\/wp-json\/wp\/v2\/product_tag?post=145534"}],"curies":[{"name":"wp","href":"https:\/\/api.w.org\/{rel}","templated":true}]}}