{"id":145278,"date":"2025-10-24T07:30:36","date_gmt":"2025-10-24T07:30:36","guid":{"rendered":"https:\/\/www.iplay.com\/?post_type=product&p=145278"},"modified":"2025-10-24T07:30:36","modified_gmt":"2025-10-24T07:30:36","slug":"pop-art-28","status":"publish","type":"product","link":"https:\/\/www.iplay.com\/es\/games\/pop-art-28\/","title":{"rendered":"Pop Art 28"},"content":{"rendered":"<p class=\"ai-optimize-29 ai-optimize-introduction\">Sum\u00e9rgete en el vibrante reino de Pop Art 28, donde cada pincelada se transforma en un viaje encantador. \u00a1Experimente la alegr\u00eda de la creatividad sin la molestia de la selecci\u00f3n de colores o la t\u00e9cnica! Simplemente siga los n\u00fameros y sea testigo de c\u00f3mo las vibrantes im\u00e1genes de arte pop cobran vida ante sus ojos. Ya sea que seas un artista experto o simplemente busques un escape relajante, este juego ofrece una v\u00eda animada y sin esfuerzo para dar rienda suelta a tu creatividad.   <\/p>\n<p class=\"ai-optimize-30\">Selecciona entre una impresionante colecci\u00f3n de 64 ilustraciones vibrantes, cada una con l\u00edneas llamativas y colores vivos que cautivar\u00e1n a tu audiencia. Sum\u00e9rgete en horas de entretenimiento relajante mientras das vida a cada lienzo, un delicioso toque a la vez. Ideal para entusiastas del arte contempor\u00e1neo, actividades atractivas para colorear por n\u00fameros, o cualquiera que busque alegrar su d\u00eda con tonos vibrantes.  <\/p>\n<p>&nbsp;<\/p>\n<p class=\"ai-optimize-31\"><strong>Funciones<\/strong><\/p>\n<ul>\n<li class=\"ai-optimize-31\">\u00a1Descubre una emocionante colecci\u00f3n de 64 im\u00e1genes de arte pop vibrantes y sorprendentes que esperan tu toque creativo!<\/li>\n<li class=\"ai-optimize-31\">Disfrute de una experiencia de pintura relajante con nuestro sistema guiado por n\u00fameros, \u00a1sin necesidad de elegir colores!<\/li>\n<li class=\"ai-optimize-31\">\u00a1Experimenta interminables horas de creatividad agradable para todos!<\/li>\n<li class=\"ai-optimize-31\">\u00a1Dale vida a tu obra de arte con cada toque!<\/li>\n<\/ul>\n","protected":false},"excerpt":{"rendered":"<p>Con Pop Art 28, puedes relajarte y pintar obras de arte v\u00edvidas y coloridas por n\u00fameros.<\/p>\n","protected":false},"author":21,"featured_media":145128,"comment_status":"open","ping_status":"closed","template":"","meta":{"_acf_changed":false,"inline_featured_image":false},"product_brand":[],"product_cat":[184],"product_tag":[288],"class_list":{"0":"post-145278","1":"product","2":"type-product","3":"status-publish","4":"has-post-thumbnail","6":"product_cat-paint-by-numbers-series-es","7":"product_tag-play-on-pc-es","9":"first","10":"instock","11":"shipping-taxable","12":"purchasable","13":"product-type-simple"},"acf":[],"yoast_head":"<!-- This site is optimized with the Yoast SEO Premium plugin v25.2 (Yoast SEO v25.2) - https:\/\/yoast.com\/wordpress\/plugins\/seo\/ -->\n<title>\u00a1Crea un arte impresionante y colorido con la pintura por n\u00fameros de Pop Art 28!<\/title>\n<meta name=\"description\" content=\"Con Pop Art 28, puedes relajarte y pintar obras de arte v\u00edvidas y coloridas por n\u00fameros.\" \/>\n<meta name=\"robots\" content=\"index, follow, max-snippet:-1, max-image-preview:large, max-video-preview:-1\" \/>\n<link rel=\"canonical\" href=\"https:\/\/www.iplay.com\/en\/games\/pop-art-28\/\" \/>\n<meta property=\"og:locale\" content=\"es_ES\" \/>\n<meta property=\"og:type\" content=\"article\" \/>\n<meta property=\"og:title\" content=\"Pop Art 28\" \/>\n<meta property=\"og:description\" content=\"Con Pop Art 28, puedes relajarte y pintar obras de arte v\u00edvidas y coloridas por n\u00fameros.\" \/>\n<meta property=\"og:url\" content=\"https:\/\/www.iplay.com\/en\/games\/pop-art-28\/\" \/>\n<meta property=\"og:site_name\" content=\"IPlay\" \/>\n<meta property=\"og:image\" content=\"https:\/\/www.iplay.com\/wp-content\/uploads\/2025\/10\/pop_art_28_large_video_screenshot.webp\" \/>\n\t<meta property=\"og:image:width\" content=\"715\" \/>\n\t<meta property=\"og:image:height\" content=\"485\" \/>\n\t<meta property=\"og:image:type\" content=\"image\/webp\" \/>\n<meta name=\"twitter:card\" content=\"summary_large_image\" \/>\n<meta name=\"twitter:label1\" content=\"Est. reading time\" \/>\n\t<meta name=\"twitter:data1\" content=\"1 minuto\" \/>\n<script type=\"application\/ld+json\" class=\"yoast-schema-graph\">{\"@context\":\"https:\/\/schema.org\",\"@graph\":[{\"@type\":\"WebPage\",\"@id\":\"https:\/\/www.iplay.com\/en\/games\/pop-art-28\/\",\"url\":\"https:\/\/www.iplay.com\/en\/games\/pop-art-28\/\",\"name\":\"\u00a1Crea un arte impresionante y colorido con la pintura por n\u00fameros de Pop Art 28!\",\"isPartOf\":{\"@id\":\"https:\/\/www.iplay.com\/en\/#website\"},\"primaryImageOfPage\":{\"@id\":\"https:\/\/www.iplay.com\/en\/games\/pop-art-28\/#primaryimage\"},\"image\":{\"@id\":\"https:\/\/www.iplay.com\/en\/games\/pop-art-28\/#primaryimage\"},\"thumbnailUrl\":\"https:\/\/www.iplay.com\/wp-content\/uploads\/2025\/10\/pop_art_28_large_square_tile_image.webp\",\"datePublished\":\"2025-10-24T07:30:36+00:00\",\"description\":\"Con Pop Art 28, puedes relajarte y pintar obras de arte v\u00edvidas y coloridas por n\u00fameros.\",\"breadcrumb\":{\"@id\":\"https:\/\/www.iplay.com\/en\/games\/pop-art-28\/#breadcrumb\"},\"inLanguage\":\"es\",\"potentialAction\":[{\"@type\":\"ReadAction\",\"target\":[\"https:\/\/www.iplay.com\/en\/games\/pop-art-28\/\"]}]},{\"@type\":\"ImageObject\",\"inLanguage\":\"es\",\"@id\":\"https:\/\/www.iplay.com\/en\/games\/pop-art-28\/#primaryimage\",\"url\":\"https:\/\/www.iplay.com\/wp-content\/uploads\/2025\/10\/pop_art_28_large_square_tile_image.webp\",\"contentUrl\":\"https:\/\/www.iplay.com\/wp-content\/uploads\/2025\/10\/pop_art_28_large_square_tile_image.webp\",\"width\":310,\"height\":310},{\"@type\":\"BreadcrumbList\",\"@id\":\"https:\/\/www.iplay.com\/en\/games\/pop-art-28\/#breadcrumb\",\"itemListElement\":[{\"@type\":\"ListItem\",\"position\":1,\"name\":\"Home\",\"item\":\"https:\/\/www.iplay.com\/es\/home-page-2\/\"},{\"@type\":\"ListItem\",\"position\":2,\"name\":\"Shop\",\"item\":\"https:\/\/www.iplay.com\/en\/shop\/\"},{\"@type\":\"ListItem\",\"position\":3,\"name\":\"Pop Art 28\"}]},{\"@type\":\"WebSite\",\"@id\":\"https:\/\/www.iplay.com\/en\/#website\",\"url\":\"https:\/\/www.iplay.com\/en\/\",\"name\":\"IPlay\",\"description\":\"The Best Casual Games!\",\"publisher\":{\"@id\":\"https:\/\/www.iplay.com\/en\/#organization\"},\"potentialAction\":[{\"@type\":\"SearchAction\",\"target\":{\"@type\":\"EntryPoint\",\"urlTemplate\":\"https:\/\/www.iplay.com\/en\/?s={search_term_string}\"},\"query-input\":{\"@type\":\"PropertyValueSpecification\",\"valueRequired\":true,\"valueName\":\"search_term_string\"}}],\"inLanguage\":\"es\"},{\"@type\":\"Organization\",\"@id\":\"https:\/\/www.iplay.com\/en\/#organization\",\"name\":\"IPlay\",\"url\":\"https:\/\/www.iplay.com\/en\/\",\"logo\":{\"@type\":\"ImageObject\",\"inLanguage\":\"es\",\"@id\":\"https:\/\/www.iplay.com\/en\/#\/schema\/logo\/image\/\",\"url\":\"https:\/\/www.iplay.com\/wp-content\/uploads\/2023\/11\/Group-6100.svg\",\"contentUrl\":\"https:\/\/www.iplay.com\/wp-content\/uploads\/2023\/11\/Group-6100.svg\",\"width\":98,\"height\":25,\"caption\":\"IPlay\"},\"image\":{\"@id\":\"https:\/\/www.iplay.com\/en\/#\/schema\/logo\/image\/\"}}]}<\/script>\n<!-- \/ Yoast SEO Premium plugin. -->","yoast_head_json":{"title":"\u00a1Crea un arte impresionante y colorido con la pintura por n\u00fameros de Pop Art 28!","description":"Con Pop Art 28, puedes relajarte y pintar obras de arte v\u00edvidas y coloridas por n\u00fameros.","robots":{"index":"index","follow":"follow","max-snippet":"max-snippet:-1","max-image-preview":"max-image-preview:large","max-video-preview":"max-video-preview:-1"},"canonical":"https:\/\/www.iplay.com\/en\/games\/pop-art-28\/","og_locale":"es_ES","og_type":"article","og_title":"Pop Art 28","og_description":"Con Pop Art 28, puedes relajarte y pintar obras de arte v\u00edvidas y coloridas por n\u00fameros.","og_url":"https:\/\/www.iplay.com\/en\/games\/pop-art-28\/","og_site_name":"IPlay","og_image":[{"width":715,"height":485,"url":"https:\/\/www.iplay.com\/wp-content\/uploads\/2025\/10\/pop_art_28_large_video_screenshot.webp","type":"image\/webp"}],"twitter_card":"summary_large_image","twitter_misc":{"Est. reading time":"1 minuto"},"schema":{"@context":"https:\/\/schema.org","@graph":[{"@type":"WebPage","@id":"https:\/\/www.iplay.com\/en\/games\/pop-art-28\/","url":"https:\/\/www.iplay.com\/en\/games\/pop-art-28\/","name":"\u00a1Crea un arte impresionante y colorido con la pintura por n\u00fameros de Pop Art 28!","isPartOf":{"@id":"https:\/\/www.iplay.com\/en\/#website"},"primaryImageOfPage":{"@id":"https:\/\/www.iplay.com\/en\/games\/pop-art-28\/#primaryimage"},"image":{"@id":"https:\/\/www.iplay.com\/en\/games\/pop-art-28\/#primaryimage"},"thumbnailUrl":"https:\/\/www.iplay.com\/wp-content\/uploads\/2025\/10\/pop_art_28_large_square_tile_image.webp","datePublished":"2025-10-24T07:30:36+00:00","description":"Con Pop Art 28, puedes relajarte y pintar obras de arte v\u00edvidas y coloridas por n\u00fameros.","breadcrumb":{"@id":"https:\/\/www.iplay.com\/en\/games\/pop-art-28\/#breadcrumb"},"inLanguage":"es","potentialAction":[{"@type":"ReadAction","target":["https:\/\/www.iplay.com\/en\/games\/pop-art-28\/"]}]},{"@type":"ImageObject","inLanguage":"es","@id":"https:\/\/www.iplay.com\/en\/games\/pop-art-28\/#primaryimage","url":"https:\/\/www.iplay.com\/wp-content\/uploads\/2025\/10\/pop_art_28_large_square_tile_image.webp","contentUrl":"https:\/\/www.iplay.com\/wp-content\/uploads\/2025\/10\/pop_art_28_large_square_tile_image.webp","width":310,"height":310},{"@type":"BreadcrumbList","@id":"https:\/\/www.iplay.com\/en\/games\/pop-art-28\/#breadcrumb","itemListElement":[{"@type":"ListItem","position":1,"name":"Home","item":"https:\/\/www.iplay.com\/es\/home-page-2\/"},{"@type":"ListItem","position":2,"name":"Shop","item":"https:\/\/www.iplay.com\/en\/shop\/"},{"@type":"ListItem","position":3,"name":"Pop Art 28"}]},{"@type":"WebSite","@id":"https:\/\/www.iplay.com\/en\/#website","url":"https:\/\/www.iplay.com\/en\/","name":"IPlay","description":"The Best Casual Games!","publisher":{"@id":"https:\/\/www.iplay.com\/en\/#organization"},"potentialAction":[{"@type":"SearchAction","target":{"@type":"EntryPoint","urlTemplate":"https:\/\/www.iplay.com\/en\/?s={search_term_string}"},"query-input":{"@type":"PropertyValueSpecification","valueRequired":true,"valueName":"search_term_string"}}],"inLanguage":"es"},{"@type":"Organization","@id":"https:\/\/www.iplay.com\/en\/#organization","name":"IPlay","url":"https:\/\/www.iplay.com\/en\/","logo":{"@type":"ImageObject","inLanguage":"es","@id":"https:\/\/www.iplay.com\/en\/#\/schema\/logo\/image\/","url":"https:\/\/www.iplay.com\/wp-content\/uploads\/2023\/11\/Group-6100.svg","contentUrl":"https:\/\/www.iplay.com\/wp-content\/uploads\/2023\/11\/Group-6100.svg","width":98,"height":25,"caption":"IPlay"},"image":{"@id":"https:\/\/www.iplay.com\/en\/#\/schema\/logo\/image\/"}}]}},"_links":{"self":[{"href":"https:\/\/www.iplay.com\/es\/wp-json\/wp\/v2\/product\/145278","targetHints":{"allow":["GET"]}}],"collection":[{"href":"https:\/\/www.iplay.com\/es\/wp-json\/wp\/v2\/product"}],"about":[{"href":"https:\/\/www.iplay.com\/es\/wp-json\/wp\/v2\/types\/product"}],"author":[{"embeddable":true,"href":"https:\/\/www.iplay.com\/es\/wp-json\/wp\/v2\/users\/21"}],"replies":[{"embeddable":true,"href":"https:\/\/www.iplay.com\/es\/wp-json\/wp\/v2\/comments?post=145278"}],"wp:featuredmedia":[{"embeddable":true,"href":"https:\/\/www.iplay.com\/es\/wp-json\/wp\/v2\/media\/145128"}],"wp:attachment":[{"href":"https:\/\/www.iplay.com\/es\/wp-json\/wp\/v2\/media?parent=145278"}],"wp:term":[{"taxonomy":"product_brand","embeddable":true,"href":"https:\/\/www.iplay.com\/es\/wp-json\/wp\/v2\/product_brand?post=145278"},{"taxonomy":"product_cat","embeddable":true,"href":"https:\/\/www.iplay.com\/es\/wp-json\/wp\/v2\/product_cat?post=145278"},{"taxonomy":"product_tag","embeddable":true,"href":"https:\/\/www.iplay.com\/es\/wp-json\/wp\/v2\/product_tag?post=145278"}],"curies":[{"name":"wp","href":"https:\/\/api.w.org\/{rel}","templated":true}]}}