{"id":145274,"date":"2025-10-24T08:30:37","date_gmt":"2025-10-24T08:30:37","guid":{"rendered":"https:\/\/www.iplay.com\/?post_type=product&p=145274"},"modified":"2025-10-20T13:05:24","modified_gmt":"2025-10-20T13:05:24","slug":"hunters-journey-tears-of-the-lake-collectors-edition","status":"publish","type":"product","link":"https:\/\/www.iplay.com\/es\/games\/hunters-journey-tears-of-the-lake-collectors-edition\/","title":{"rendered":"Hunters Journey: Tears of the Lake Collector&#8217;s Edition"},"content":{"rendered":"<p class=\"ai-optimize-27 ai-optimize-introduction\">Velimir siempre ha estado a la sombra del notable legado de su padre, impulsado por un profundo deseo de mostrar su propio valor entre las filas de los cazadores de \u00e9lite. Sin un compa\u00f1ero Animorph, se distingue de la multitud, hasta que Rodrik, su mentor y guardi\u00e1n de confianza, le entrega una misi\u00f3n que tiene el potencial de transformar su mundo para siempre. <\/p>\n<p class=\"ai-optimize-28\">En el pintoresco pueblo de Stillwater, ubicado a lo largo de las inquietantes orillas del Lago de las L\u00e1grimas, una joven llamada Malena ha desaparecido misteriosamente, dejando a la comunidad en un estado de suspenso e intriga. Las leyendas hablan de sirenas encantadoras con miradas inquietantes, atrayendo a las almas desprevenidas a su desaparici\u00f3n acu\u00e1tica. \u00danete a Velimir y Rodrik en un emocionante viaje mientras se adentran en lo desconocido. Lo que les espera debajo de la superficie no es solo un misterio, sino una antigua oscuridad que promete desafiar todo lo que cre\u00edan saber. \u00a1Prep\u00e1rate para una emocionante aventura llena de giros inesperados y descubrimientos peligrosos!    <\/p>\n<p>\u00a1Emb\u00e1rcate en una aventura inolvidable con Hunter&#8217;s Journey: Tears of the Lake Collector&#8217;s Edition! Sum\u00e9rgete en una cautivadora experiencia de objetos ocultos rebosante de misterio, emoci\u00f3n y encanto sobrenatural que te mantendr\u00e1 al borde de tu asiento. Descubre tesoros ocultos, desvela misterios antiguos y sum\u00e9rgete en una narrativa cautivadora que entrelaza el mito, la magia y el viaje del autodescubrimiento.  <\/p>\n<p class=\"ai-optimize-29\">Desbloquea un mundo de contenido exclusivo con esta edici\u00f3n especial de coleccionista, dise\u00f1ada para mejorar tu viaje y enriquecer la narrativa como nunca antes.<\/p>\n<p>&nbsp;<\/p>\n<p class=\"ai-optimize-31\"><strong>Caracter\u00edsticas de la Edici\u00f3n de Coleccionista<\/strong><\/p>\n<ul>\n<li class=\"ai-optimize-30\">\u00a1Desbloquea un cap\u00edtulo adicional exclusivo repleto de nuevos elementos de la historia y emocionantes desaf\u00edos!<\/li>\n<li class=\"ai-optimize-30\">\u00a1Descubre recuerdos \u00fanicos y ad\u00e9ntrate en el tocador para descubrir historias ocultas!<\/li>\n<li class=\"ai-optimize-30\">\u00a1Descubre impresionantes fondos de pantalla y cautivadores arte conceptual del juego!<\/li>\n<li class=\"ai-optimize-30\">\u00a1Disfruta de tus pistas favoritas y videos cinematogr\u00e1ficos cuando quieras!<\/li>\n<\/ul>\n","protected":false},"excerpt":{"rendered":"<p>En Hunter&#8217;s Journey: Tears of the Lake Collector&#8217;s Edition, puedes encontrar misterios antiguos bajo un lago maldito.<\/p>\n","protected":false},"author":52,"featured_media":145155,"comment_status":"open","ping_status":"closed","template":"","meta":{"_acf_changed":false,"inline_featured_image":false},"product_brand":[],"product_cat":[150,166],"product_tag":[288],"class_list":{"0":"post-145274","1":"product","2":"type-product","3":"status-publish","4":"has-post-thumbnail","6":"product_cat-adventure-es","7":"product_cat-hidden-object-es","8":"product_tag-play-on-pc-es","10":"first","11":"instock","12":"shipping-taxable","13":"purchasable","14":"product-type-simple"},"acf":[],"yoast_head":"<!-- This site is optimized with the Yoast SEO Premium plugin v25.2 (Yoast SEO v25.2) - https:\/\/yoast.com\/wordpress\/plugins\/seo\/ -->\n<title>\u00a1Explora misterios ocultos en una aventura en un lago embrujado!<\/title>\n<meta name=\"description\" content=\"En Hunter&#039;s Journey: Tears of the Lake Collector&#039;s Edition, puedes encontrar misterios antiguos bajo un lago maldito.\" \/>\n<meta name=\"robots\" content=\"index, follow, max-snippet:-1, max-image-preview:large, max-video-preview:-1\" \/>\n<link rel=\"canonical\" href=\"https:\/\/www.iplay.com\/en\/games\/hunters-journey-tears-of-the-lake-collectors-edition\/\" \/>\n<meta property=\"og:locale\" content=\"es_ES\" \/>\n<meta property=\"og:type\" content=\"article\" \/>\n<meta property=\"og:title\" content=\"Hunters Journey: Tears of the Lake Collector&#039;s Edition\" \/>\n<meta property=\"og:description\" content=\"En Hunter&#039;s Journey: Tears of the Lake Collector&#039;s Edition, puedes encontrar misterios antiguos bajo un lago maldito.\" \/>\n<meta property=\"og:url\" content=\"https:\/\/www.iplay.com\/en\/games\/hunters-journey-tears-of-the-lake-collectors-edition\/\" \/>\n<meta property=\"og:site_name\" content=\"IPlay\" \/>\n<meta property=\"og:image\" content=\"https:\/\/www.iplay.com\/wp-content\/uploads\/2025\/10\/hunters_journey_tears_of_the_lake_collectors_edition_large_video_screenshot.webp\" \/>\n\t<meta property=\"og:image:width\" content=\"715\" \/>\n\t<meta property=\"og:image:height\" content=\"485\" \/>\n\t<meta property=\"og:image:type\" content=\"image\/webp\" \/>\n<meta name=\"twitter:card\" content=\"summary_large_image\" \/>\n<meta name=\"twitter:label1\" content=\"Est. reading time\" \/>\n\t<meta name=\"twitter:data1\" content=\"2 minutos\" \/>\n<script type=\"application\/ld+json\" class=\"yoast-schema-graph\">{\"@context\":\"https:\/\/schema.org\",\"@graph\":[{\"@type\":\"WebPage\",\"@id\":\"https:\/\/www.iplay.com\/en\/games\/hunters-journey-tears-of-the-lake-collectors-edition\/\",\"url\":\"https:\/\/www.iplay.com\/en\/games\/hunters-journey-tears-of-the-lake-collectors-edition\/\",\"name\":\"\u00a1Explora misterios ocultos en una aventura en un lago embrujado!\",\"isPartOf\":{\"@id\":\"https:\/\/www.iplay.com\/en\/#website\"},\"primaryImageOfPage\":{\"@id\":\"https:\/\/www.iplay.com\/en\/games\/hunters-journey-tears-of-the-lake-collectors-edition\/#primaryimage\"},\"image\":{\"@id\":\"https:\/\/www.iplay.com\/en\/games\/hunters-journey-tears-of-the-lake-collectors-edition\/#primaryimage\"},\"thumbnailUrl\":\"https:\/\/www.iplay.com\/wp-content\/uploads\/2025\/10\/hunters_journey_tears_of_the_lake_collectors_edition_large_square_tile_image.webp\",\"datePublished\":\"2025-10-24T08:30:37+00:00\",\"description\":\"En Hunter's Journey: Tears of the Lake Collector's Edition, puedes encontrar misterios antiguos bajo un lago maldito.\",\"breadcrumb\":{\"@id\":\"https:\/\/www.iplay.com\/en\/games\/hunters-journey-tears-of-the-lake-collectors-edition\/#breadcrumb\"},\"inLanguage\":\"es\",\"potentialAction\":[{\"@type\":\"ReadAction\",\"target\":[\"https:\/\/www.iplay.com\/en\/games\/hunters-journey-tears-of-the-lake-collectors-edition\/\"]}]},{\"@type\":\"ImageObject\",\"inLanguage\":\"es\",\"@id\":\"https:\/\/www.iplay.com\/en\/games\/hunters-journey-tears-of-the-lake-collectors-edition\/#primaryimage\",\"url\":\"https:\/\/www.iplay.com\/wp-content\/uploads\/2025\/10\/hunters_journey_tears_of_the_lake_collectors_edition_large_square_tile_image.webp\",\"contentUrl\":\"https:\/\/www.iplay.com\/wp-content\/uploads\/2025\/10\/hunters_journey_tears_of_the_lake_collectors_edition_large_square_tile_image.webp\",\"width\":310,\"height\":310},{\"@type\":\"BreadcrumbList\",\"@id\":\"https:\/\/www.iplay.com\/en\/games\/hunters-journey-tears-of-the-lake-collectors-edition\/#breadcrumb\",\"itemListElement\":[{\"@type\":\"ListItem\",\"position\":1,\"name\":\"Home\",\"item\":\"https:\/\/www.iplay.com\/es\/home-page-2\/\"},{\"@type\":\"ListItem\",\"position\":2,\"name\":\"Shop\",\"item\":\"https:\/\/www.iplay.com\/en\/shop\/\"},{\"@type\":\"ListItem\",\"position\":3,\"name\":\"Hunters Journey: Tears of the Lake Collector&#8217;s Edition\"}]},{\"@type\":\"WebSite\",\"@id\":\"https:\/\/www.iplay.com\/en\/#website\",\"url\":\"https:\/\/www.iplay.com\/en\/\",\"name\":\"IPlay\",\"description\":\"The Best Casual Games!\",\"publisher\":{\"@id\":\"https:\/\/www.iplay.com\/en\/#organization\"},\"potentialAction\":[{\"@type\":\"SearchAction\",\"target\":{\"@type\":\"EntryPoint\",\"urlTemplate\":\"https:\/\/www.iplay.com\/en\/?s={search_term_string}\"},\"query-input\":{\"@type\":\"PropertyValueSpecification\",\"valueRequired\":true,\"valueName\":\"search_term_string\"}}],\"inLanguage\":\"es\"},{\"@type\":\"Organization\",\"@id\":\"https:\/\/www.iplay.com\/en\/#organization\",\"name\":\"IPlay\",\"url\":\"https:\/\/www.iplay.com\/en\/\",\"logo\":{\"@type\":\"ImageObject\",\"inLanguage\":\"es\",\"@id\":\"https:\/\/www.iplay.com\/en\/#\/schema\/logo\/image\/\",\"url\":\"https:\/\/www.iplay.com\/wp-content\/uploads\/2023\/11\/Group-6100.svg\",\"contentUrl\":\"https:\/\/www.iplay.com\/wp-content\/uploads\/2023\/11\/Group-6100.svg\",\"width\":98,\"height\":25,\"caption\":\"IPlay\"},\"image\":{\"@id\":\"https:\/\/www.iplay.com\/en\/#\/schema\/logo\/image\/\"}}]}<\/script>\n<!-- \/ Yoast SEO Premium plugin. -->","yoast_head_json":{"title":"\u00a1Explora misterios ocultos en una aventura en un lago embrujado!","description":"En Hunter's Journey: Tears of the Lake Collector's Edition, puedes encontrar misterios antiguos bajo un lago maldito.","robots":{"index":"index","follow":"follow","max-snippet":"max-snippet:-1","max-image-preview":"max-image-preview:large","max-video-preview":"max-video-preview:-1"},"canonical":"https:\/\/www.iplay.com\/en\/games\/hunters-journey-tears-of-the-lake-collectors-edition\/","og_locale":"es_ES","og_type":"article","og_title":"Hunters Journey: Tears of the Lake Collector's Edition","og_description":"En Hunter's Journey: Tears of the Lake Collector's Edition, puedes encontrar misterios antiguos bajo un lago maldito.","og_url":"https:\/\/www.iplay.com\/en\/games\/hunters-journey-tears-of-the-lake-collectors-edition\/","og_site_name":"IPlay","og_image":[{"width":715,"height":485,"url":"https:\/\/www.iplay.com\/wp-content\/uploads\/2025\/10\/hunters_journey_tears_of_the_lake_collectors_edition_large_video_screenshot.webp","type":"image\/webp"}],"twitter_card":"summary_large_image","twitter_misc":{"Est. reading time":"2 minutos"},"schema":{"@context":"https:\/\/schema.org","@graph":[{"@type":"WebPage","@id":"https:\/\/www.iplay.com\/en\/games\/hunters-journey-tears-of-the-lake-collectors-edition\/","url":"https:\/\/www.iplay.com\/en\/games\/hunters-journey-tears-of-the-lake-collectors-edition\/","name":"\u00a1Explora misterios ocultos en una aventura en un lago embrujado!","isPartOf":{"@id":"https:\/\/www.iplay.com\/en\/#website"},"primaryImageOfPage":{"@id":"https:\/\/www.iplay.com\/en\/games\/hunters-journey-tears-of-the-lake-collectors-edition\/#primaryimage"},"image":{"@id":"https:\/\/www.iplay.com\/en\/games\/hunters-journey-tears-of-the-lake-collectors-edition\/#primaryimage"},"thumbnailUrl":"https:\/\/www.iplay.com\/wp-content\/uploads\/2025\/10\/hunters_journey_tears_of_the_lake_collectors_edition_large_square_tile_image.webp","datePublished":"2025-10-24T08:30:37+00:00","description":"En Hunter's Journey: Tears of the Lake Collector's Edition, puedes encontrar misterios antiguos bajo un lago maldito.","breadcrumb":{"@id":"https:\/\/www.iplay.com\/en\/games\/hunters-journey-tears-of-the-lake-collectors-edition\/#breadcrumb"},"inLanguage":"es","potentialAction":[{"@type":"ReadAction","target":["https:\/\/www.iplay.com\/en\/games\/hunters-journey-tears-of-the-lake-collectors-edition\/"]}]},{"@type":"ImageObject","inLanguage":"es","@id":"https:\/\/www.iplay.com\/en\/games\/hunters-journey-tears-of-the-lake-collectors-edition\/#primaryimage","url":"https:\/\/www.iplay.com\/wp-content\/uploads\/2025\/10\/hunters_journey_tears_of_the_lake_collectors_edition_large_square_tile_image.webp","contentUrl":"https:\/\/www.iplay.com\/wp-content\/uploads\/2025\/10\/hunters_journey_tears_of_the_lake_collectors_edition_large_square_tile_image.webp","width":310,"height":310},{"@type":"BreadcrumbList","@id":"https:\/\/www.iplay.com\/en\/games\/hunters-journey-tears-of-the-lake-collectors-edition\/#breadcrumb","itemListElement":[{"@type":"ListItem","position":1,"name":"Home","item":"https:\/\/www.iplay.com\/es\/home-page-2\/"},{"@type":"ListItem","position":2,"name":"Shop","item":"https:\/\/www.iplay.com\/en\/shop\/"},{"@type":"ListItem","position":3,"name":"Hunters Journey: Tears of the Lake Collector&#8217;s Edition"}]},{"@type":"WebSite","@id":"https:\/\/www.iplay.com\/en\/#website","url":"https:\/\/www.iplay.com\/en\/","name":"IPlay","description":"The Best Casual Games!","publisher":{"@id":"https:\/\/www.iplay.com\/en\/#organization"},"potentialAction":[{"@type":"SearchAction","target":{"@type":"EntryPoint","urlTemplate":"https:\/\/www.iplay.com\/en\/?s={search_term_string}"},"query-input":{"@type":"PropertyValueSpecification","valueRequired":true,"valueName":"search_term_string"}}],"inLanguage":"es"},{"@type":"Organization","@id":"https:\/\/www.iplay.com\/en\/#organization","name":"IPlay","url":"https:\/\/www.iplay.com\/en\/","logo":{"@type":"ImageObject","inLanguage":"es","@id":"https:\/\/www.iplay.com\/en\/#\/schema\/logo\/image\/","url":"https:\/\/www.iplay.com\/wp-content\/uploads\/2023\/11\/Group-6100.svg","contentUrl":"https:\/\/www.iplay.com\/wp-content\/uploads\/2023\/11\/Group-6100.svg","width":98,"height":25,"caption":"IPlay"},"image":{"@id":"https:\/\/www.iplay.com\/en\/#\/schema\/logo\/image\/"}}]}},"_links":{"self":[{"href":"https:\/\/www.iplay.com\/es\/wp-json\/wp\/v2\/product\/145274","targetHints":{"allow":["GET"]}}],"collection":[{"href":"https:\/\/www.iplay.com\/es\/wp-json\/wp\/v2\/product"}],"about":[{"href":"https:\/\/www.iplay.com\/es\/wp-json\/wp\/v2\/types\/product"}],"author":[{"embeddable":true,"href":"https:\/\/www.iplay.com\/es\/wp-json\/wp\/v2\/users\/52"}],"replies":[{"embeddable":true,"href":"https:\/\/www.iplay.com\/es\/wp-json\/wp\/v2\/comments?post=145274"}],"wp:featuredmedia":[{"embeddable":true,"href":"https:\/\/www.iplay.com\/es\/wp-json\/wp\/v2\/media\/145155"}],"wp:attachment":[{"href":"https:\/\/www.iplay.com\/es\/wp-json\/wp\/v2\/media?parent=145274"}],"wp:term":[{"taxonomy":"product_brand","embeddable":true,"href":"https:\/\/www.iplay.com\/es\/wp-json\/wp\/v2\/product_brand?post=145274"},{"taxonomy":"product_cat","embeddable":true,"href":"https:\/\/www.iplay.com\/es\/wp-json\/wp\/v2\/product_cat?post=145274"},{"taxonomy":"product_tag","embeddable":true,"href":"https:\/\/www.iplay.com\/es\/wp-json\/wp\/v2\/product_tag?post=145274"}],"curies":[{"name":"wp","href":"https:\/\/api.w.org\/{rel}","templated":true}]}}