{"id":145037,"date":"2025-10-17T08:30:34","date_gmt":"2025-10-17T08:30:34","guid":{"rendered":"https:\/\/www.iplay.com\/?post_type=product&p=145037"},"modified":"2025-10-15T13:01:19","modified_gmt":"2025-10-15T13:01:19","slug":"adventure-mosaics-moto-trip-africa","status":"publish","type":"product","link":"https:\/\/www.iplay.com\/es\/games\/adventure-mosaics-moto-trip-africa\/","title":{"rendered":"Adventure Mosaics: Moto-Trip Africa"},"content":{"rendered":"<p class=\"ai-optimize-25 ai-optimize-introduction\">Emb\u00e1rcate en un emocionante viaje con Jake y su leal compa\u00f1ero Zoran mientras atraviesan las impresionantes vistas de \u00c1frica en Adventure Mosaics: Moto-Trip Africa. \u00a1Experimenta la aventura de tu vida! Experimente el encanto de los desiertos ba\u00f1ados por el sol, las majestuosas pir\u00e1mides, las brillantes costas del oc\u00e9ano y las exuberantes sabanas. Cada destino en este viaje est\u00e1 lleno de maravillas y descubrimientos, invit\u00e1ndote a explorar lo extraordinario.   <\/p>\n<p class=\"ai-optimize-26\">Emb\u00e1rcate en un emocionante viaje con 150 vibrantes crucigramas japoneses que combinan a la perfecci\u00f3n l\u00f3gica y creatividad. \u00a1Libera tu potencial y sum\u00e9rgete en un mundo de coloridos desaf\u00edos! Desbloquea nuevos destinos con cada nivel que conquistes, sum\u00e9rgete en una historia conmovedora y experimenta la impresionante belleza de los paisajes naturales de \u00c1frica.  <\/p>\n<p>Experimenta im\u00e1genes impresionantes, melod\u00edas relajantes y una jugabilidad perfecta en esta cautivadora aventura, dise\u00f1ada para entusiastas de los rompecabezas de todas las edades. Eleve su pensamiento abstracto mientras se embarca en un viaje vibrante e inolvidable a trav\u00e9s de uno de los continentes m\u00e1s diversos del mundo. <\/p>\n<p>&nbsp;<\/p>\n<p class=\"ai-optimize-28\"><strong>Funciones<\/strong><\/p>\n<ul>\n<li class=\"ai-optimize-27\">Descubre un mundo de creatividad y desaf\u00edo con 150 vibrantes rompecabezas de mosaico dise\u00f1ados para estimular tu mente.<\/li>\n<li class=\"ai-optimize-27\">Sum\u00e9rgete en impresionantes efectos visuales que capturan la impresionante belleza de \u00c1frica.<\/li>\n<li class=\"ai-optimize-27\">\u00a1\u00danete a Jake y Zoran en una emocionante aventura basada en una historia que te mantendr\u00e1 comprometido y entretenido!<\/li>\n<li class=\"ai-optimize-27\">Descubre la impresionante belleza de \u00c1frica, desde sus vastos desiertos hasta sus impresionantes costas.<\/li>\n<li class=\"ai-optimize-27\">Mejora tu pensamiento l\u00f3gico y abstracto con un juego cautivador.<\/li>\n<li class=\"ai-optimize-27\">Disfruta de una experiencia de usuario perfecta y una mec\u00e1nica de rompecabezas adictiva que te har\u00e1 volver por m\u00e1s.<\/li>\n<\/ul>\n","protected":false},"excerpt":{"rendered":"<p>Mientras exploran las pir\u00e1mides, las costas y los desiertos de \u00c1frica, Jake y Zoran resolver\u00e1n coloridos rompecabezas de mosaicos.<\/p>\n","protected":false},"author":39,"featured_media":145003,"comment_status":"open","ping_status":"closed","template":"","meta":{"_acf_changed":false,"inline_featured_image":false},"product_brand":[],"product_cat":[192],"product_tag":[288],"class_list":{"0":"post-145037","1":"product","2":"type-product","3":"status-publish","4":"has-post-thumbnail","6":"product_cat-puzzle-es","7":"product_tag-play-on-pc-es","9":"first","10":"instock","11":"shipping-taxable","12":"purchasable","13":"product-type-simple"},"acf":[],"yoast_head":"<!-- This site is optimized with the Yoast SEO Premium plugin v25.2 (Yoast SEO v25.2) - https:\/\/yoast.com\/wordpress\/plugins\/seo\/ -->\n<title>\u00a1\u00danete a Jake y Zoran en vibrantes rompecabezas de mosaicos en toda \u00c1frica!<\/title>\n<meta name=\"description\" content=\"Mientras exploran las pir\u00e1mides, las costas y los desiertos de \u00c1frica, Jake y Zoran resolver\u00e1n coloridos rompecabezas de mosaicos.\" \/>\n<meta name=\"robots\" content=\"index, follow, max-snippet:-1, max-image-preview:large, max-video-preview:-1\" \/>\n<link rel=\"canonical\" href=\"https:\/\/www.iplay.com\/en\/games\/adventure-mosaics-moto-trip-africa\/\" \/>\n<meta property=\"og:locale\" content=\"es_ES\" \/>\n<meta property=\"og:type\" content=\"article\" \/>\n<meta property=\"og:title\" content=\"Adventure Mosaics: Moto-Trip Africa\" \/>\n<meta property=\"og:description\" content=\"Mientras exploran las pir\u00e1mides, las costas y los desiertos de \u00c1frica, Jake y Zoran resolver\u00e1n coloridos rompecabezas de mosaicos.\" \/>\n<meta property=\"og:url\" content=\"https:\/\/www.iplay.com\/en\/games\/adventure-mosaics-moto-trip-africa\/\" \/>\n<meta property=\"og:site_name\" content=\"IPlay\" \/>\n<meta property=\"og:image\" content=\"https:\/\/www.iplay.com\/wp-content\/uploads\/2025\/10\/adventure_mosaics_-_moto-trip_africa_large_video_screenshot.webp\" \/>\n\t<meta property=\"og:image:width\" content=\"715\" \/>\n\t<meta property=\"og:image:height\" content=\"485\" \/>\n\t<meta property=\"og:image:type\" content=\"image\/webp\" \/>\n<meta name=\"twitter:card\" content=\"summary_large_image\" \/>\n<meta name=\"twitter:label1\" content=\"Est. reading time\" \/>\n\t<meta name=\"twitter:data1\" content=\"1 minuto\" \/>\n<script type=\"application\/ld+json\" class=\"yoast-schema-graph\">{\"@context\":\"https:\/\/schema.org\",\"@graph\":[{\"@type\":\"WebPage\",\"@id\":\"https:\/\/www.iplay.com\/en\/games\/adventure-mosaics-moto-trip-africa\/\",\"url\":\"https:\/\/www.iplay.com\/en\/games\/adventure-mosaics-moto-trip-africa\/\",\"name\":\"\u00a1\u00danete a Jake y Zoran en vibrantes rompecabezas de mosaicos en toda \u00c1frica!\",\"isPartOf\":{\"@id\":\"https:\/\/www.iplay.com\/en\/#website\"},\"primaryImageOfPage\":{\"@id\":\"https:\/\/www.iplay.com\/en\/games\/adventure-mosaics-moto-trip-africa\/#primaryimage\"},\"image\":{\"@id\":\"https:\/\/www.iplay.com\/en\/games\/adventure-mosaics-moto-trip-africa\/#primaryimage\"},\"thumbnailUrl\":\"https:\/\/www.iplay.com\/wp-content\/uploads\/2025\/10\/adventure_mosaics_-_moto-trip_africa_large_square_tile_image.webp\",\"datePublished\":\"2025-10-17T08:30:34+00:00\",\"description\":\"Mientras exploran las pir\u00e1mides, las costas y los desiertos de \u00c1frica, Jake y Zoran resolver\u00e1n coloridos rompecabezas de mosaicos.\",\"breadcrumb\":{\"@id\":\"https:\/\/www.iplay.com\/en\/games\/adventure-mosaics-moto-trip-africa\/#breadcrumb\"},\"inLanguage\":\"es\",\"potentialAction\":[{\"@type\":\"ReadAction\",\"target\":[\"https:\/\/www.iplay.com\/en\/games\/adventure-mosaics-moto-trip-africa\/\"]}]},{\"@type\":\"ImageObject\",\"inLanguage\":\"es\",\"@id\":\"https:\/\/www.iplay.com\/en\/games\/adventure-mosaics-moto-trip-africa\/#primaryimage\",\"url\":\"https:\/\/www.iplay.com\/wp-content\/uploads\/2025\/10\/adventure_mosaics_-_moto-trip_africa_large_square_tile_image.webp\",\"contentUrl\":\"https:\/\/www.iplay.com\/wp-content\/uploads\/2025\/10\/adventure_mosaics_-_moto-trip_africa_large_square_tile_image.webp\",\"width\":310,\"height\":310},{\"@type\":\"BreadcrumbList\",\"@id\":\"https:\/\/www.iplay.com\/en\/games\/adventure-mosaics-moto-trip-africa\/#breadcrumb\",\"itemListElement\":[{\"@type\":\"ListItem\",\"position\":1,\"name\":\"Home\",\"item\":\"https:\/\/www.iplay.com\/es\/home-page-2\/\"},{\"@type\":\"ListItem\",\"position\":2,\"name\":\"Shop\",\"item\":\"https:\/\/www.iplay.com\/en\/shop\/\"},{\"@type\":\"ListItem\",\"position\":3,\"name\":\"Adventure Mosaics: Moto-Trip Africa\"}]},{\"@type\":\"WebSite\",\"@id\":\"https:\/\/www.iplay.com\/en\/#website\",\"url\":\"https:\/\/www.iplay.com\/en\/\",\"name\":\"IPlay\",\"description\":\"The Best Casual Games!\",\"publisher\":{\"@id\":\"https:\/\/www.iplay.com\/en\/#organization\"},\"potentialAction\":[{\"@type\":\"SearchAction\",\"target\":{\"@type\":\"EntryPoint\",\"urlTemplate\":\"https:\/\/www.iplay.com\/en\/?s={search_term_string}\"},\"query-input\":{\"@type\":\"PropertyValueSpecification\",\"valueRequired\":true,\"valueName\":\"search_term_string\"}}],\"inLanguage\":\"es\"},{\"@type\":\"Organization\",\"@id\":\"https:\/\/www.iplay.com\/en\/#organization\",\"name\":\"IPlay\",\"url\":\"https:\/\/www.iplay.com\/en\/\",\"logo\":{\"@type\":\"ImageObject\",\"inLanguage\":\"es\",\"@id\":\"https:\/\/www.iplay.com\/en\/#\/schema\/logo\/image\/\",\"url\":\"https:\/\/www.iplay.com\/wp-content\/uploads\/2023\/11\/Group-6100.svg\",\"contentUrl\":\"https:\/\/www.iplay.com\/wp-content\/uploads\/2023\/11\/Group-6100.svg\",\"width\":98,\"height\":25,\"caption\":\"IPlay\"},\"image\":{\"@id\":\"https:\/\/www.iplay.com\/en\/#\/schema\/logo\/image\/\"}}]}<\/script>\n<!-- \/ Yoast SEO Premium plugin. -->","yoast_head_json":{"title":"\u00a1\u00danete a Jake y Zoran en vibrantes rompecabezas de mosaicos en toda \u00c1frica!","description":"Mientras exploran las pir\u00e1mides, las costas y los desiertos de \u00c1frica, Jake y Zoran resolver\u00e1n coloridos rompecabezas de mosaicos.","robots":{"index":"index","follow":"follow","max-snippet":"max-snippet:-1","max-image-preview":"max-image-preview:large","max-video-preview":"max-video-preview:-1"},"canonical":"https:\/\/www.iplay.com\/en\/games\/adventure-mosaics-moto-trip-africa\/","og_locale":"es_ES","og_type":"article","og_title":"Adventure Mosaics: Moto-Trip Africa","og_description":"Mientras exploran las pir\u00e1mides, las costas y los desiertos de \u00c1frica, Jake y Zoran resolver\u00e1n coloridos rompecabezas de mosaicos.","og_url":"https:\/\/www.iplay.com\/en\/games\/adventure-mosaics-moto-trip-africa\/","og_site_name":"IPlay","og_image":[{"width":715,"height":485,"url":"https:\/\/www.iplay.com\/wp-content\/uploads\/2025\/10\/adventure_mosaics_-_moto-trip_africa_large_video_screenshot.webp","type":"image\/webp"}],"twitter_card":"summary_large_image","twitter_misc":{"Est. reading time":"1 minuto"},"schema":{"@context":"https:\/\/schema.org","@graph":[{"@type":"WebPage","@id":"https:\/\/www.iplay.com\/en\/games\/adventure-mosaics-moto-trip-africa\/","url":"https:\/\/www.iplay.com\/en\/games\/adventure-mosaics-moto-trip-africa\/","name":"\u00a1\u00danete a Jake y Zoran en vibrantes rompecabezas de mosaicos en toda \u00c1frica!","isPartOf":{"@id":"https:\/\/www.iplay.com\/en\/#website"},"primaryImageOfPage":{"@id":"https:\/\/www.iplay.com\/en\/games\/adventure-mosaics-moto-trip-africa\/#primaryimage"},"image":{"@id":"https:\/\/www.iplay.com\/en\/games\/adventure-mosaics-moto-trip-africa\/#primaryimage"},"thumbnailUrl":"https:\/\/www.iplay.com\/wp-content\/uploads\/2025\/10\/adventure_mosaics_-_moto-trip_africa_large_square_tile_image.webp","datePublished":"2025-10-17T08:30:34+00:00","description":"Mientras exploran las pir\u00e1mides, las costas y los desiertos de \u00c1frica, Jake y Zoran resolver\u00e1n coloridos rompecabezas de mosaicos.","breadcrumb":{"@id":"https:\/\/www.iplay.com\/en\/games\/adventure-mosaics-moto-trip-africa\/#breadcrumb"},"inLanguage":"es","potentialAction":[{"@type":"ReadAction","target":["https:\/\/www.iplay.com\/en\/games\/adventure-mosaics-moto-trip-africa\/"]}]},{"@type":"ImageObject","inLanguage":"es","@id":"https:\/\/www.iplay.com\/en\/games\/adventure-mosaics-moto-trip-africa\/#primaryimage","url":"https:\/\/www.iplay.com\/wp-content\/uploads\/2025\/10\/adventure_mosaics_-_moto-trip_africa_large_square_tile_image.webp","contentUrl":"https:\/\/www.iplay.com\/wp-content\/uploads\/2025\/10\/adventure_mosaics_-_moto-trip_africa_large_square_tile_image.webp","width":310,"height":310},{"@type":"BreadcrumbList","@id":"https:\/\/www.iplay.com\/en\/games\/adventure-mosaics-moto-trip-africa\/#breadcrumb","itemListElement":[{"@type":"ListItem","position":1,"name":"Home","item":"https:\/\/www.iplay.com\/es\/home-page-2\/"},{"@type":"ListItem","position":2,"name":"Shop","item":"https:\/\/www.iplay.com\/en\/shop\/"},{"@type":"ListItem","position":3,"name":"Adventure Mosaics: Moto-Trip Africa"}]},{"@type":"WebSite","@id":"https:\/\/www.iplay.com\/en\/#website","url":"https:\/\/www.iplay.com\/en\/","name":"IPlay","description":"The Best Casual Games!","publisher":{"@id":"https:\/\/www.iplay.com\/en\/#organization"},"potentialAction":[{"@type":"SearchAction","target":{"@type":"EntryPoint","urlTemplate":"https:\/\/www.iplay.com\/en\/?s={search_term_string}"},"query-input":{"@type":"PropertyValueSpecification","valueRequired":true,"valueName":"search_term_string"}}],"inLanguage":"es"},{"@type":"Organization","@id":"https:\/\/www.iplay.com\/en\/#organization","name":"IPlay","url":"https:\/\/www.iplay.com\/en\/","logo":{"@type":"ImageObject","inLanguage":"es","@id":"https:\/\/www.iplay.com\/en\/#\/schema\/logo\/image\/","url":"https:\/\/www.iplay.com\/wp-content\/uploads\/2023\/11\/Group-6100.svg","contentUrl":"https:\/\/www.iplay.com\/wp-content\/uploads\/2023\/11\/Group-6100.svg","width":98,"height":25,"caption":"IPlay"},"image":{"@id":"https:\/\/www.iplay.com\/en\/#\/schema\/logo\/image\/"}}]}},"_links":{"self":[{"href":"https:\/\/www.iplay.com\/es\/wp-json\/wp\/v2\/product\/145037","targetHints":{"allow":["GET"]}}],"collection":[{"href":"https:\/\/www.iplay.com\/es\/wp-json\/wp\/v2\/product"}],"about":[{"href":"https:\/\/www.iplay.com\/es\/wp-json\/wp\/v2\/types\/product"}],"author":[{"embeddable":true,"href":"https:\/\/www.iplay.com\/es\/wp-json\/wp\/v2\/users\/39"}],"replies":[{"embeddable":true,"href":"https:\/\/www.iplay.com\/es\/wp-json\/wp\/v2\/comments?post=145037"}],"wp:featuredmedia":[{"embeddable":true,"href":"https:\/\/www.iplay.com\/es\/wp-json\/wp\/v2\/media\/145003"}],"wp:attachment":[{"href":"https:\/\/www.iplay.com\/es\/wp-json\/wp\/v2\/media?parent=145037"}],"wp:term":[{"taxonomy":"product_brand","embeddable":true,"href":"https:\/\/www.iplay.com\/es\/wp-json\/wp\/v2\/product_brand?post=145037"},{"taxonomy":"product_cat","embeddable":true,"href":"https:\/\/www.iplay.com\/es\/wp-json\/wp\/v2\/product_cat?post=145037"},{"taxonomy":"product_tag","embeddable":true,"href":"https:\/\/www.iplay.com\/es\/wp-json\/wp\/v2\/product_tag?post=145037"}],"curies":[{"name":"wp","href":"https:\/\/api.w.org\/{rel}","templated":true}]}}