{"id":144934,"date":"2025-10-14T07:30:22","date_gmt":"2025-10-14T07:30:22","guid":{"rendered":"https:\/\/www.iplay.com\/games\/mafia-solitaire\/"},"modified":"2025-10-14T07:30:22","modified_gmt":"2025-10-14T07:30:22","slug":"mafia-solitaire","status":"publish","type":"product","link":"https:\/\/www.iplay.com\/es\/games\/mafia-solitaire\/","title":{"rendered":"Mafia Solitaire"},"content":{"rendered":"<p class=\"ai-optimize-29 ai-optimize-introduction\">Sum\u00e9rgete en el vibrante mundo de los clubes de jazz llenos de humo y los misteriosos callejones de la d\u00e9cada de 1920, donde la ambici\u00f3n se encuentra con el peligro a cada paso. Ad\u00e9ntrate en el emocionante mundo de Mafia Solitaire, donde te embarcar\u00e1s en un viaje inolvidable con Frankie Barnes, un verdadero h\u00e9roe de la clase trabajadora listo para enfrentarse a la parte m\u00e1s vulnerable de los criminales. \u00bfEst\u00e1s listo para unirte a la lucha?  <\/p>\n<p class=\"ai-optimize-30\">Experimenta 200 niveles de solitario meticulosamente dise\u00f1ados, cada uno con desaf\u00edos cautivadores y una complejidad creciente. Sum\u00e9rgete en entornos encantadores rebosantes de encanto atemporal, donde los clubes nocturnos opulentos se encuentran con la esencia cruda de los bares clandestinos ocultos. Crea combinaciones din\u00e1micas, revela emocionantes bonificaciones y aprovecha los beneficios estrat\u00e9gicos para conquistar desaf\u00edos mientras te sumerges en una cautivadora historia de lealtad, traici\u00f3n y redenci\u00f3n.  <\/p>\n<p><strong>Funciones<\/strong><\/p>\n<ul>\n<li class=\"ai-optimize-31\">Descubre una fascinante narrativa de tem\u00e1tica mafiosa que te transporta a la vibrante d\u00e9cada de 1920.<\/li>\n<li class=\"ai-optimize-31\">\u00a1Sum\u00e9rgete en 200 cautivadores niveles de solitario, cada uno m\u00e1s desafiante que el anterior, dise\u00f1ados para poner a prueba tus habilidades y mantenerte comprometido!<\/li>\n<li class=\"ai-optimize-31\">Sum\u00e9rgete en fondos atmosf\u00e9ricos y escenarios vintage que capturan v\u00edvidamente la esencia de la \u00e9poca<\/li>\n<li class=\"ai-optimize-31\">Experimenta un juego estrat\u00e9gico con combos emocionantes, poderosos beneficios y aliados \u00fatiles<\/li>\n<li class=\"ai-optimize-31\">Disfruta de mec\u00e1nicas atractivas y controles intuitivos dise\u00f1ados para jugadores de todos los niveles<\/li>\n<li class=\"ai-optimize-31\">Enfr\u00e9ntate a la mafia y restaura la justicia a trav\u00e9s de un juego de cartas inteligente y cautivador<\/li>\n<\/ul>\n<p>&nbsp;<\/p>\n<p class=\"ai-optimize-32\">Experimenta la fusi\u00f3n perfecta de la estrategia cl\u00e1sica de cartas y la cautivadora narraci\u00f3n con Mafia Solitaire. Sum\u00e9rgete en un juego intuitivo que te mantiene comprometido mientras desentra\u00f1as una rica narrativa. \u00a1Prep\u00e1rate para desmantelar la mafia, una carta a la vez!  <\/p>\n","protected":false},"excerpt":{"rendered":"<p>Para derrotar a la mafia y devolver la justicia a Mafia Solitaire, tendr\u00e1s que jugar bien tus cartas.<\/p>\n","protected":false},"author":39,"featured_media":144812,"comment_status":"open","ping_status":"closed","template":"","meta":{"_acf_changed":false,"inline_featured_image":false},"product_brand":[],"product_cat":[154,209],"product_tag":[288],"class_list":{"0":"post-144934","1":"product","2":"type-product","3":"status-publish","4":"has-post-thumbnail","6":"product_cat-card-es","7":"product_cat-solitaire-es","8":"product_tag-play-on-pc-es","10":"first","11":"instock","12":"shipping-taxable","13":"purchasable","14":"product-type-simple"},"acf":[],"yoast_head":"<!-- This site is optimized with the Yoast SEO Premium plugin v25.2 (Yoast SEO v25.2) - https:\/\/yoast.com\/wordpress\/plugins\/seo\/ -->\n<title>\u00a1S\u00e9 m\u00e1s astuto que la mafia y restaura la justicia en Mafia Solitaire!<\/title>\n<meta name=\"description\" content=\"Para derrotar a la mafia y devolver la justicia a Mafia Solitaire, tendr\u00e1s que jugar bien tus cartas.\" \/>\n<meta name=\"robots\" content=\"index, follow, max-snippet:-1, max-image-preview:large, max-video-preview:-1\" \/>\n<link rel=\"canonical\" href=\"https:\/\/www.iplay.com\/es\/games\/mafia-solitaire\/\" \/>\n<meta property=\"og:locale\" content=\"es_ES\" \/>\n<meta property=\"og:type\" content=\"article\" \/>\n<meta property=\"og:title\" content=\"Mafia Solitaire\" \/>\n<meta property=\"og:description\" content=\"Para derrotar a la mafia y devolver la justicia a Mafia Solitaire, tendr\u00e1s que jugar bien tus cartas.\" \/>\n<meta property=\"og:url\" content=\"https:\/\/www.iplay.com\/es\/games\/mafia-solitaire\/\" \/>\n<meta property=\"og:site_name\" content=\"IPlay\" \/>\n<meta property=\"og:image\" content=\"https:\/\/www.iplay.com\/wp-content\/uploads\/2025\/10\/mafia_solitaire_large_video_screenshot.webp\" \/>\n\t<meta property=\"og:image:width\" content=\"715\" \/>\n\t<meta property=\"og:image:height\" content=\"485\" \/>\n\t<meta property=\"og:image:type\" content=\"image\/webp\" \/>\n<meta name=\"twitter:card\" content=\"summary_large_image\" \/>\n<meta name=\"twitter:label1\" content=\"Est. reading time\" \/>\n\t<meta name=\"twitter:data1\" content=\"2 minutos\" \/>\n<script type=\"application\/ld+json\" class=\"yoast-schema-graph\">{\"@context\":\"https:\/\/schema.org\",\"@graph\":[{\"@type\":\"WebPage\",\"@id\":\"https:\/\/www.iplay.com\/es\/games\/mafia-solitaire\/\",\"url\":\"https:\/\/www.iplay.com\/es\/games\/mafia-solitaire\/\",\"name\":\"\u00a1S\u00e9 m\u00e1s astuto que la mafia y restaura la justicia en Mafia Solitaire!\",\"isPartOf\":{\"@id\":\"https:\/\/www.iplay.com\/en\/#website\"},\"primaryImageOfPage\":{\"@id\":\"https:\/\/www.iplay.com\/es\/games\/mafia-solitaire\/#primaryimage\"},\"image\":{\"@id\":\"https:\/\/www.iplay.com\/es\/games\/mafia-solitaire\/#primaryimage\"},\"thumbnailUrl\":\"https:\/\/www.iplay.com\/wp-content\/uploads\/2025\/10\/mafia_solitaire_large_square_tile_image.webp\",\"datePublished\":\"2025-10-14T07:30:22+00:00\",\"description\":\"Para derrotar a la mafia y devolver la justicia a Mafia Solitaire, tendr\u00e1s que jugar bien tus cartas.\",\"breadcrumb\":{\"@id\":\"https:\/\/www.iplay.com\/es\/games\/mafia-solitaire\/#breadcrumb\"},\"inLanguage\":\"es\",\"potentialAction\":[{\"@type\":\"ReadAction\",\"target\":[\"https:\/\/www.iplay.com\/es\/games\/mafia-solitaire\/\"]}]},{\"@type\":\"ImageObject\",\"inLanguage\":\"es\",\"@id\":\"https:\/\/www.iplay.com\/es\/games\/mafia-solitaire\/#primaryimage\",\"url\":\"https:\/\/www.iplay.com\/wp-content\/uploads\/2025\/10\/mafia_solitaire_large_square_tile_image.webp\",\"contentUrl\":\"https:\/\/www.iplay.com\/wp-content\/uploads\/2025\/10\/mafia_solitaire_large_square_tile_image.webp\",\"width\":310,\"height\":310},{\"@type\":\"BreadcrumbList\",\"@id\":\"https:\/\/www.iplay.com\/es\/games\/mafia-solitaire\/#breadcrumb\",\"itemListElement\":[{\"@type\":\"ListItem\",\"position\":1,\"name\":\"Home\",\"item\":\"https:\/\/www.iplay.com\/es\/home-page-2\/\"},{\"@type\":\"ListItem\",\"position\":2,\"name\":\"Shop\",\"item\":\"https:\/\/www.iplay.com\/en\/shop\/\"},{\"@type\":\"ListItem\",\"position\":3,\"name\":\"Mafia Solitaire\"}]},{\"@type\":\"WebSite\",\"@id\":\"https:\/\/www.iplay.com\/en\/#website\",\"url\":\"https:\/\/www.iplay.com\/en\/\",\"name\":\"IPlay\",\"description\":\"The Best Casual Games!\",\"publisher\":{\"@id\":\"https:\/\/www.iplay.com\/en\/#organization\"},\"potentialAction\":[{\"@type\":\"SearchAction\",\"target\":{\"@type\":\"EntryPoint\",\"urlTemplate\":\"https:\/\/www.iplay.com\/en\/?s={search_term_string}\"},\"query-input\":{\"@type\":\"PropertyValueSpecification\",\"valueRequired\":true,\"valueName\":\"search_term_string\"}}],\"inLanguage\":\"es\"},{\"@type\":\"Organization\",\"@id\":\"https:\/\/www.iplay.com\/en\/#organization\",\"name\":\"IPlay\",\"url\":\"https:\/\/www.iplay.com\/en\/\",\"logo\":{\"@type\":\"ImageObject\",\"inLanguage\":\"es\",\"@id\":\"https:\/\/www.iplay.com\/en\/#\/schema\/logo\/image\/\",\"url\":\"https:\/\/www.iplay.com\/wp-content\/uploads\/2023\/11\/Group-6100.svg\",\"contentUrl\":\"https:\/\/www.iplay.com\/wp-content\/uploads\/2023\/11\/Group-6100.svg\",\"width\":98,\"height\":25,\"caption\":\"IPlay\"},\"image\":{\"@id\":\"https:\/\/www.iplay.com\/en\/#\/schema\/logo\/image\/\"}}]}<\/script>\n<!-- \/ Yoast SEO Premium plugin. -->","yoast_head_json":{"title":"\u00a1S\u00e9 m\u00e1s astuto que la mafia y restaura la justicia en Mafia Solitaire!","description":"Para derrotar a la mafia y devolver la justicia a Mafia Solitaire, tendr\u00e1s que jugar bien tus cartas.","robots":{"index":"index","follow":"follow","max-snippet":"max-snippet:-1","max-image-preview":"max-image-preview:large","max-video-preview":"max-video-preview:-1"},"canonical":"https:\/\/www.iplay.com\/es\/games\/mafia-solitaire\/","og_locale":"es_ES","og_type":"article","og_title":"Mafia Solitaire","og_description":"Para derrotar a la mafia y devolver la justicia a Mafia Solitaire, tendr\u00e1s que jugar bien tus cartas.","og_url":"https:\/\/www.iplay.com\/es\/games\/mafia-solitaire\/","og_site_name":"IPlay","og_image":[{"width":715,"height":485,"url":"https:\/\/www.iplay.com\/wp-content\/uploads\/2025\/10\/mafia_solitaire_large_video_screenshot.webp","type":"image\/webp"}],"twitter_card":"summary_large_image","twitter_misc":{"Est. reading time":"2 minutos"},"schema":{"@context":"https:\/\/schema.org","@graph":[{"@type":"WebPage","@id":"https:\/\/www.iplay.com\/es\/games\/mafia-solitaire\/","url":"https:\/\/www.iplay.com\/es\/games\/mafia-solitaire\/","name":"\u00a1S\u00e9 m\u00e1s astuto que la mafia y restaura la justicia en Mafia Solitaire!","isPartOf":{"@id":"https:\/\/www.iplay.com\/en\/#website"},"primaryImageOfPage":{"@id":"https:\/\/www.iplay.com\/es\/games\/mafia-solitaire\/#primaryimage"},"image":{"@id":"https:\/\/www.iplay.com\/es\/games\/mafia-solitaire\/#primaryimage"},"thumbnailUrl":"https:\/\/www.iplay.com\/wp-content\/uploads\/2025\/10\/mafia_solitaire_large_square_tile_image.webp","datePublished":"2025-10-14T07:30:22+00:00","description":"Para derrotar a la mafia y devolver la justicia a Mafia Solitaire, tendr\u00e1s que jugar bien tus cartas.","breadcrumb":{"@id":"https:\/\/www.iplay.com\/es\/games\/mafia-solitaire\/#breadcrumb"},"inLanguage":"es","potentialAction":[{"@type":"ReadAction","target":["https:\/\/www.iplay.com\/es\/games\/mafia-solitaire\/"]}]},{"@type":"ImageObject","inLanguage":"es","@id":"https:\/\/www.iplay.com\/es\/games\/mafia-solitaire\/#primaryimage","url":"https:\/\/www.iplay.com\/wp-content\/uploads\/2025\/10\/mafia_solitaire_large_square_tile_image.webp","contentUrl":"https:\/\/www.iplay.com\/wp-content\/uploads\/2025\/10\/mafia_solitaire_large_square_tile_image.webp","width":310,"height":310},{"@type":"BreadcrumbList","@id":"https:\/\/www.iplay.com\/es\/games\/mafia-solitaire\/#breadcrumb","itemListElement":[{"@type":"ListItem","position":1,"name":"Home","item":"https:\/\/www.iplay.com\/es\/home-page-2\/"},{"@type":"ListItem","position":2,"name":"Shop","item":"https:\/\/www.iplay.com\/en\/shop\/"},{"@type":"ListItem","position":3,"name":"Mafia Solitaire"}]},{"@type":"WebSite","@id":"https:\/\/www.iplay.com\/en\/#website","url":"https:\/\/www.iplay.com\/en\/","name":"IPlay","description":"The Best Casual Games!","publisher":{"@id":"https:\/\/www.iplay.com\/en\/#organization"},"potentialAction":[{"@type":"SearchAction","target":{"@type":"EntryPoint","urlTemplate":"https:\/\/www.iplay.com\/en\/?s={search_term_string}"},"query-input":{"@type":"PropertyValueSpecification","valueRequired":true,"valueName":"search_term_string"}}],"inLanguage":"es"},{"@type":"Organization","@id":"https:\/\/www.iplay.com\/en\/#organization","name":"IPlay","url":"https:\/\/www.iplay.com\/en\/","logo":{"@type":"ImageObject","inLanguage":"es","@id":"https:\/\/www.iplay.com\/en\/#\/schema\/logo\/image\/","url":"https:\/\/www.iplay.com\/wp-content\/uploads\/2023\/11\/Group-6100.svg","contentUrl":"https:\/\/www.iplay.com\/wp-content\/uploads\/2023\/11\/Group-6100.svg","width":98,"height":25,"caption":"IPlay"},"image":{"@id":"https:\/\/www.iplay.com\/en\/#\/schema\/logo\/image\/"}}]}},"_links":{"self":[{"href":"https:\/\/www.iplay.com\/es\/wp-json\/wp\/v2\/product\/144934","targetHints":{"allow":["GET"]}}],"collection":[{"href":"https:\/\/www.iplay.com\/es\/wp-json\/wp\/v2\/product"}],"about":[{"href":"https:\/\/www.iplay.com\/es\/wp-json\/wp\/v2\/types\/product"}],"author":[{"embeddable":true,"href":"https:\/\/www.iplay.com\/es\/wp-json\/wp\/v2\/users\/39"}],"replies":[{"embeddable":true,"href":"https:\/\/www.iplay.com\/es\/wp-json\/wp\/v2\/comments?post=144934"}],"wp:featuredmedia":[{"embeddable":true,"href":"https:\/\/www.iplay.com\/es\/wp-json\/wp\/v2\/media\/144812"}],"wp:attachment":[{"href":"https:\/\/www.iplay.com\/es\/wp-json\/wp\/v2\/media?parent=144934"}],"wp:term":[{"taxonomy":"product_brand","embeddable":true,"href":"https:\/\/www.iplay.com\/es\/wp-json\/wp\/v2\/product_brand?post=144934"},{"taxonomy":"product_cat","embeddable":true,"href":"https:\/\/www.iplay.com\/es\/wp-json\/wp\/v2\/product_cat?post=144934"},{"taxonomy":"product_tag","embeddable":true,"href":"https:\/\/www.iplay.com\/es\/wp-json\/wp\/v2\/product_tag?post=144934"}],"curies":[{"name":"wp","href":"https:\/\/api.w.org\/{rel}","templated":true}]}}