{"id":144601,"date":"2025-10-03T09:30:02","date_gmt":"2025-10-03T09:30:02","guid":{"rendered":"https:\/\/www.iplay.com\/?post_type=product&p=144601"},"modified":"2025-10-03T09:30:02","modified_gmt":"2025-10-03T09:30:02","slug":"vacation-adventures-cruise-director-9","status":"publish","type":"product","link":"https:\/\/www.iplay.com\/es\/games\/vacation-adventures-cruise-director-9\/","title":{"rendered":"Vacation Adventures: Cruise Director 9"},"content":{"rendered":"<p class=\"ai-optimize-25 ai-optimize-introduction\">Asume el papel de Director de Cruceros y gu\u00eda a los hu\u00e9spedes en el Gran Tour Definitivo de los EE. UU. en Vacation Adventures: Cruise Director 9. Comience su viaje con un opulento vuelo a San Francisco, seguido de un impresionante crucero por la pintoresca costa oeste hasta Seattle. Emb\u00e1rcate en un viaje inolvidable en una autocaravana a lo largo de la impresionante autopista de la costa del Pac\u00edfico, dirigi\u00e9ndote a la vibrante ciudad de Los \u00c1ngeles. Emb\u00e1rcate en un viaje inolvidable a bordo del magn\u00edfico USS Liberty of the Waves mientras navegas por el ic\u00f3nico Canal de Panam\u00e1 en ruta hacia la vibrante ciudad de Nueva York.   <\/p>\n<p class=\"ai-optimize-26\">Descubra lugares legendarios como las monta\u00f1as Cascade y Olympic, el impresionante Big Sur, el majestuoso Parque Nacional Redwood, el hist\u00f3rico Castillo Hearst y las playas ba\u00f1adas por el sol de California. Crea emocionantes aventuras, apoya a los hu\u00e9spedes con su alojamiento, compras, restaurantes y actividades recreativas, y garantiza que cada experiencia sea memorable. <\/p>\n<p>Emb\u00e1rcate en una emocionante b\u00fasqueda para descubrir innumerables tesoros ocultos y art\u00edculos de lujo dejados por los viajeros. Captura momentos inolvidables con tu c\u00e1mara y gana prestigiosas insignias de m\u00e9rito mientras celebras tus logros. Experimenta un viaje encantador lleno de atractivos minijuegos, gr\u00e1ficos impresionantes e interminables horas de juego divertido. Esta aventura es ideal tanto para los aficionados a los rompecabezas como para los amantes de los viajes, y atrae a todas las edades.   <\/p>\n<p>&nbsp;<\/p>\n<p class=\"ai-optimize-27\"><strong>Funciones<\/strong><\/p>\n<ul>\n<li class=\"ai-optimize-27\">Un impresionante \u00e1lbum de fotos para mostrar los aspectos m\u00e1s destacados de su viaje en crucero<\/li>\n<li class=\"ai-optimize-27\">Enfr\u00e9ntate a las tareas y desaf\u00edos del capit\u00e1n para demostrar tus habilidades<\/li>\n<li class=\"ai-optimize-27\">Impresionantes efectos visuales y una jugabilidad cautivadora<\/li>\n<li class=\"ai-optimize-27\">Navega por la ic\u00f3nica Pacific Coast Highway y descubre lugares legendarios<\/li>\n<\/ul>\n<p>&nbsp;<\/p>\n<p class=\"ai-optimize-28\">Descubre el encanto de DOS cruceros inolvidables que te llevar\u00e1n a trav\u00e9s de las impresionantes costas del Pac\u00edfico y el Atl\u00e1ntico.<\/p>\n","protected":false},"excerpt":{"rendered":"<p>\u00a1Emb\u00e1rcate en un inolvidable viaje en crucero de costa a costa lleno de vistas impresionantes, acertijos intrigantes y gemas ocultas que esperan ser descubiertas!<\/p>\n","protected":false},"author":37,"featured_media":144425,"comment_status":"open","ping_status":"closed","template":"","meta":{"_acf_changed":false,"inline_featured_image":false},"product_brand":[],"product_cat":[166,192],"product_tag":[288],"class_list":{"0":"post-144601","1":"product","2":"type-product","3":"status-publish","4":"has-post-thumbnail","6":"product_cat-hidden-object-es","7":"product_cat-puzzle-es","8":"product_tag-play-on-pc-es","10":"first","11":"instock","12":"shipping-taxable","13":"purchasable","14":"product-type-simple"},"acf":[],"yoast_head":"<!-- This site is optimized with the Yoast SEO Premium plugin v25.2 (Yoast SEO v25.2) - https:\/\/yoast.com\/wordpress\/plugins\/seo\/ -->\n<title>Vacation Adventures: Cruise Director 9 - \u00a1Disfruta de unas vacaciones de costa a costa!<\/title>\n<meta name=\"description\" content=\"\u00a1Emb\u00e1rcate en un inolvidable viaje en crucero de costa a costa lleno de vistas impresionantes, acertijos intrigantes y gemas ocultas que esperan ser descubiertas!\" \/>\n<meta name=\"robots\" content=\"index, follow, max-snippet:-1, max-image-preview:large, max-video-preview:-1\" \/>\n<link rel=\"canonical\" href=\"https:\/\/www.iplay.com\/en\/games\/vacation-adventures-cruise-director-9\/\" \/>\n<meta property=\"og:locale\" content=\"es_ES\" \/>\n<meta property=\"og:type\" content=\"article\" \/>\n<meta property=\"og:title\" content=\"Vacation Adventures: Cruise Director 9\" \/>\n<meta property=\"og:description\" content=\"\u00a1Emb\u00e1rcate en un inolvidable viaje en crucero de costa a costa lleno de vistas impresionantes, acertijos intrigantes y gemas ocultas que esperan ser descubiertas!\" \/>\n<meta property=\"og:url\" content=\"https:\/\/www.iplay.com\/en\/games\/vacation-adventures-cruise-director-9\/\" \/>\n<meta property=\"og:site_name\" content=\"IPlay\" \/>\n<meta property=\"og:image\" content=\"https:\/\/www.iplay.com\/wp-content\/uploads\/2025\/10\/vacation_adventures_-_cruise_director_9_large_video_screenshot.webp\" \/>\n\t<meta property=\"og:image:width\" content=\"715\" \/>\n\t<meta property=\"og:image:height\" content=\"485\" \/>\n\t<meta property=\"og:image:type\" content=\"image\/webp\" \/>\n<meta name=\"twitter:card\" content=\"summary_large_image\" \/>\n<meta name=\"twitter:label1\" content=\"Est. reading time\" \/>\n\t<meta name=\"twitter:data1\" content=\"2 minutos\" \/>\n<script type=\"application\/ld+json\" class=\"yoast-schema-graph\">{\"@context\":\"https:\/\/schema.org\",\"@graph\":[{\"@type\":\"WebPage\",\"@id\":\"https:\/\/www.iplay.com\/en\/games\/vacation-adventures-cruise-director-9\/\",\"url\":\"https:\/\/www.iplay.com\/en\/games\/vacation-adventures-cruise-director-9\/\",\"name\":\"Vacation Adventures: Cruise Director 9 - \u00a1Disfruta de unas vacaciones de costa a costa!\",\"isPartOf\":{\"@id\":\"https:\/\/www.iplay.com\/en\/#website\"},\"primaryImageOfPage\":{\"@id\":\"https:\/\/www.iplay.com\/en\/games\/vacation-adventures-cruise-director-9\/#primaryimage\"},\"image\":{\"@id\":\"https:\/\/www.iplay.com\/en\/games\/vacation-adventures-cruise-director-9\/#primaryimage\"},\"thumbnailUrl\":\"https:\/\/www.iplay.com\/wp-content\/uploads\/2025\/10\/vacation_adventures_-_cruise_director_9_large_square_tile_image.webp\",\"datePublished\":\"2025-10-03T09:30:02+00:00\",\"description\":\"\u00a1Emb\u00e1rcate en un inolvidable viaje en crucero de costa a costa lleno de vistas impresionantes, acertijos intrigantes y gemas ocultas que esperan ser descubiertas!\",\"breadcrumb\":{\"@id\":\"https:\/\/www.iplay.com\/en\/games\/vacation-adventures-cruise-director-9\/#breadcrumb\"},\"inLanguage\":\"es\",\"potentialAction\":[{\"@type\":\"ReadAction\",\"target\":[\"https:\/\/www.iplay.com\/en\/games\/vacation-adventures-cruise-director-9\/\"]}]},{\"@type\":\"ImageObject\",\"inLanguage\":\"es\",\"@id\":\"https:\/\/www.iplay.com\/en\/games\/vacation-adventures-cruise-director-9\/#primaryimage\",\"url\":\"https:\/\/www.iplay.com\/wp-content\/uploads\/2025\/10\/vacation_adventures_-_cruise_director_9_large_square_tile_image.webp\",\"contentUrl\":\"https:\/\/www.iplay.com\/wp-content\/uploads\/2025\/10\/vacation_adventures_-_cruise_director_9_large_square_tile_image.webp\",\"width\":310,\"height\":310},{\"@type\":\"BreadcrumbList\",\"@id\":\"https:\/\/www.iplay.com\/en\/games\/vacation-adventures-cruise-director-9\/#breadcrumb\",\"itemListElement\":[{\"@type\":\"ListItem\",\"position\":1,\"name\":\"Home\",\"item\":\"https:\/\/www.iplay.com\/es\/home-page-2\/\"},{\"@type\":\"ListItem\",\"position\":2,\"name\":\"Shop\",\"item\":\"https:\/\/www.iplay.com\/en\/shop\/\"},{\"@type\":\"ListItem\",\"position\":3,\"name\":\"Vacation Adventures: Cruise Director 9\"}]},{\"@type\":\"WebSite\",\"@id\":\"https:\/\/www.iplay.com\/en\/#website\",\"url\":\"https:\/\/www.iplay.com\/en\/\",\"name\":\"IPlay\",\"description\":\"The Best Casual Games!\",\"publisher\":{\"@id\":\"https:\/\/www.iplay.com\/en\/#organization\"},\"potentialAction\":[{\"@type\":\"SearchAction\",\"target\":{\"@type\":\"EntryPoint\",\"urlTemplate\":\"https:\/\/www.iplay.com\/en\/?s={search_term_string}\"},\"query-input\":{\"@type\":\"PropertyValueSpecification\",\"valueRequired\":true,\"valueName\":\"search_term_string\"}}],\"inLanguage\":\"es\"},{\"@type\":\"Organization\",\"@id\":\"https:\/\/www.iplay.com\/en\/#organization\",\"name\":\"IPlay\",\"url\":\"https:\/\/www.iplay.com\/en\/\",\"logo\":{\"@type\":\"ImageObject\",\"inLanguage\":\"es\",\"@id\":\"https:\/\/www.iplay.com\/en\/#\/schema\/logo\/image\/\",\"url\":\"https:\/\/www.iplay.com\/wp-content\/uploads\/2023\/11\/Group-6100.svg\",\"contentUrl\":\"https:\/\/www.iplay.com\/wp-content\/uploads\/2023\/11\/Group-6100.svg\",\"width\":98,\"height\":25,\"caption\":\"IPlay\"},\"image\":{\"@id\":\"https:\/\/www.iplay.com\/en\/#\/schema\/logo\/image\/\"}}]}<\/script>\n<!-- \/ Yoast SEO Premium plugin. -->","yoast_head_json":{"title":"Vacation Adventures: Cruise Director 9 - \u00a1Disfruta de unas vacaciones de costa a costa!","description":"\u00a1Emb\u00e1rcate en un inolvidable viaje en crucero de costa a costa lleno de vistas impresionantes, acertijos intrigantes y gemas ocultas que esperan ser descubiertas!","robots":{"index":"index","follow":"follow","max-snippet":"max-snippet:-1","max-image-preview":"max-image-preview:large","max-video-preview":"max-video-preview:-1"},"canonical":"https:\/\/www.iplay.com\/en\/games\/vacation-adventures-cruise-director-9\/","og_locale":"es_ES","og_type":"article","og_title":"Vacation Adventures: Cruise Director 9","og_description":"\u00a1Emb\u00e1rcate en un inolvidable viaje en crucero de costa a costa lleno de vistas impresionantes, acertijos intrigantes y gemas ocultas que esperan ser descubiertas!","og_url":"https:\/\/www.iplay.com\/en\/games\/vacation-adventures-cruise-director-9\/","og_site_name":"IPlay","og_image":[{"width":715,"height":485,"url":"https:\/\/www.iplay.com\/wp-content\/uploads\/2025\/10\/vacation_adventures_-_cruise_director_9_large_video_screenshot.webp","type":"image\/webp"}],"twitter_card":"summary_large_image","twitter_misc":{"Est. reading time":"2 minutos"},"schema":{"@context":"https:\/\/schema.org","@graph":[{"@type":"WebPage","@id":"https:\/\/www.iplay.com\/en\/games\/vacation-adventures-cruise-director-9\/","url":"https:\/\/www.iplay.com\/en\/games\/vacation-adventures-cruise-director-9\/","name":"Vacation Adventures: Cruise Director 9 - \u00a1Disfruta de unas vacaciones de costa a costa!","isPartOf":{"@id":"https:\/\/www.iplay.com\/en\/#website"},"primaryImageOfPage":{"@id":"https:\/\/www.iplay.com\/en\/games\/vacation-adventures-cruise-director-9\/#primaryimage"},"image":{"@id":"https:\/\/www.iplay.com\/en\/games\/vacation-adventures-cruise-director-9\/#primaryimage"},"thumbnailUrl":"https:\/\/www.iplay.com\/wp-content\/uploads\/2025\/10\/vacation_adventures_-_cruise_director_9_large_square_tile_image.webp","datePublished":"2025-10-03T09:30:02+00:00","description":"\u00a1Emb\u00e1rcate en un inolvidable viaje en crucero de costa a costa lleno de vistas impresionantes, acertijos intrigantes y gemas ocultas que esperan ser descubiertas!","breadcrumb":{"@id":"https:\/\/www.iplay.com\/en\/games\/vacation-adventures-cruise-director-9\/#breadcrumb"},"inLanguage":"es","potentialAction":[{"@type":"ReadAction","target":["https:\/\/www.iplay.com\/en\/games\/vacation-adventures-cruise-director-9\/"]}]},{"@type":"ImageObject","inLanguage":"es","@id":"https:\/\/www.iplay.com\/en\/games\/vacation-adventures-cruise-director-9\/#primaryimage","url":"https:\/\/www.iplay.com\/wp-content\/uploads\/2025\/10\/vacation_adventures_-_cruise_director_9_large_square_tile_image.webp","contentUrl":"https:\/\/www.iplay.com\/wp-content\/uploads\/2025\/10\/vacation_adventures_-_cruise_director_9_large_square_tile_image.webp","width":310,"height":310},{"@type":"BreadcrumbList","@id":"https:\/\/www.iplay.com\/en\/games\/vacation-adventures-cruise-director-9\/#breadcrumb","itemListElement":[{"@type":"ListItem","position":1,"name":"Home","item":"https:\/\/www.iplay.com\/es\/home-page-2\/"},{"@type":"ListItem","position":2,"name":"Shop","item":"https:\/\/www.iplay.com\/en\/shop\/"},{"@type":"ListItem","position":3,"name":"Vacation Adventures: Cruise Director 9"}]},{"@type":"WebSite","@id":"https:\/\/www.iplay.com\/en\/#website","url":"https:\/\/www.iplay.com\/en\/","name":"IPlay","description":"The Best Casual Games!","publisher":{"@id":"https:\/\/www.iplay.com\/en\/#organization"},"potentialAction":[{"@type":"SearchAction","target":{"@type":"EntryPoint","urlTemplate":"https:\/\/www.iplay.com\/en\/?s={search_term_string}"},"query-input":{"@type":"PropertyValueSpecification","valueRequired":true,"valueName":"search_term_string"}}],"inLanguage":"es"},{"@type":"Organization","@id":"https:\/\/www.iplay.com\/en\/#organization","name":"IPlay","url":"https:\/\/www.iplay.com\/en\/","logo":{"@type":"ImageObject","inLanguage":"es","@id":"https:\/\/www.iplay.com\/en\/#\/schema\/logo\/image\/","url":"https:\/\/www.iplay.com\/wp-content\/uploads\/2023\/11\/Group-6100.svg","contentUrl":"https:\/\/www.iplay.com\/wp-content\/uploads\/2023\/11\/Group-6100.svg","width":98,"height":25,"caption":"IPlay"},"image":{"@id":"https:\/\/www.iplay.com\/en\/#\/schema\/logo\/image\/"}}]}},"_links":{"self":[{"href":"https:\/\/www.iplay.com\/es\/wp-json\/wp\/v2\/product\/144601","targetHints":{"allow":["GET"]}}],"collection":[{"href":"https:\/\/www.iplay.com\/es\/wp-json\/wp\/v2\/product"}],"about":[{"href":"https:\/\/www.iplay.com\/es\/wp-json\/wp\/v2\/types\/product"}],"author":[{"embeddable":true,"href":"https:\/\/www.iplay.com\/es\/wp-json\/wp\/v2\/users\/37"}],"replies":[{"embeddable":true,"href":"https:\/\/www.iplay.com\/es\/wp-json\/wp\/v2\/comments?post=144601"}],"wp:featuredmedia":[{"embeddable":true,"href":"https:\/\/www.iplay.com\/es\/wp-json\/wp\/v2\/media\/144425"}],"wp:attachment":[{"href":"https:\/\/www.iplay.com\/es\/wp-json\/wp\/v2\/media?parent=144601"}],"wp:term":[{"taxonomy":"product_brand","embeddable":true,"href":"https:\/\/www.iplay.com\/es\/wp-json\/wp\/v2\/product_brand?post=144601"},{"taxonomy":"product_cat","embeddable":true,"href":"https:\/\/www.iplay.com\/es\/wp-json\/wp\/v2\/product_cat?post=144601"},{"taxonomy":"product_tag","embeddable":true,"href":"https:\/\/www.iplay.com\/es\/wp-json\/wp\/v2\/product_tag?post=144601"}],"curies":[{"name":"wp","href":"https:\/\/api.w.org\/{rel}","templated":true}]}}