{"id":144346,"date":"2025-09-26T07:30:47","date_gmt":"2025-09-26T07:30:47","guid":{"rendered":"https:\/\/www.iplay.com\/games\/pop-art-27\/"},"modified":"2025-09-26T17:12:54","modified_gmt":"2025-09-26T17:12:54","slug":"pop-art-27","status":"publish","type":"product","link":"https:\/\/www.iplay.com\/es\/games\/pop-art-27\/","title":{"rendered":"Pop Art 27"},"content":{"rendered":"<p class=\"ai-optimize-27 ai-optimize-introduction\">Sum\u00e9rgete en el animado reino de Pop Art 27, donde la imaginaci\u00f3n se entrelaza con facilidad en una colorida aventura de pintura por n\u00fameros. Olv\u00eddate del estr\u00e9s de elegir los tonos perfectos: simplemente c\u00ed\u00f1ete a los n\u00fameros y observa c\u00f3mo cada imagen cobra vida con colores vibrantes y un cautivador estilo de arte pop. <\/p>\n<p class=\"ai-optimize-28\">Con 64 dise\u00f1os cautivadores que abarcan desde iconos nost\u00e1lgicos hasta patrones contempor\u00e1neos, este juego promete interminables horas de entretenimiento agradable y sin estr\u00e9s. Tanto si eres un creador experimentado como si simplemente buscas relajarte, Pop Art 27 te permite crear sin esfuerzo hermosas obras de arte digitales con un solo toque. <\/p>\n<p>Descubre la emoci\u00f3n de colorear con 64 im\u00e1genes de arte pop audaces y elegantes, todas dise\u00f1adas para tu disfrute a trav\u00e9s de un sencillo sistema de emparejamiento de n\u00fameros.<\/p>\n<p>&nbsp;<\/p>\n<p class=\"ai-optimize-29\"><strong>Funciones<\/strong><\/p>\n<ul>\n<li class=\"ai-optimize-30\">Experimente la alegr\u00eda de pintar sin la molestia de elegir colores<\/li>\n<li class=\"ai-optimize-30\">Una forma maravillosa de relajarse, practicar la atenci\u00f3n plena y dar rienda suelta a su creatividad<\/li>\n<li class=\"ai-optimize-30\">Apto para todos, independientemente de su edad o habilidad<\/li>\n<li class=\"ai-optimize-30\">No se necesita formaci\u00f3n art\u00edstica<\/li>\n<\/ul>\n","protected":false},"excerpt":{"rendered":"<p>\u00a1Rel\u00e1jate y da vida a llamativos y coloridos dise\u00f1os por n\u00fameros con Pop Art 27!<\/p>\n","protected":false},"author":21,"featured_media":144236,"comment_status":"open","ping_status":"closed","template":"","meta":{"_acf_changed":false,"inline_featured_image":false},"product_brand":[],"product_cat":[184],"product_tag":[288],"class_list":{"0":"post-144346","1":"product","2":"type-product","3":"status-publish","4":"has-post-thumbnail","6":"product_cat-paint-by-numbers-series-es","7":"product_tag-play-on-pc-es","9":"first","10":"instock","11":"shipping-taxable","12":"purchasable","13":"product-type-simple"},"acf":[],"yoast_head":"<!-- This site is optimized with the Yoast SEO Premium plugin v25.2 (Yoast SEO v25.2) - https:\/\/yoast.com\/wordpress\/plugins\/seo\/ -->\n<title>\u00a1Pop Art 27 te permite pintar gr\u00e1ficos brillantes por n\u00fameros mientras te relajas!<\/title>\n<meta name=\"description\" content=\"\u00a1Rel\u00e1jate y da vida a llamativos y coloridos dise\u00f1os por n\u00fameros con Pop Art 27!\" \/>\n<meta name=\"robots\" content=\"index, follow, max-snippet:-1, max-image-preview:large, max-video-preview:-1\" \/>\n<link rel=\"canonical\" href=\"https:\/\/www.iplay.com\/es\/games\/pop-art-27\/\" \/>\n<meta property=\"og:locale\" content=\"es_ES\" \/>\n<meta property=\"og:type\" content=\"article\" \/>\n<meta property=\"og:title\" content=\"Pop Art 27\" \/>\n<meta property=\"og:description\" content=\"\u00a1Rel\u00e1jate y da vida a llamativos y coloridos dise\u00f1os por n\u00fameros con Pop Art 27!\" \/>\n<meta property=\"og:url\" content=\"https:\/\/www.iplay.com\/es\/games\/pop-art-27\/\" \/>\n<meta property=\"og:site_name\" content=\"IPlay\" \/>\n<meta property=\"article:modified_time\" content=\"2025-09-26T17:12:54+00:00\" \/>\n<meta property=\"og:image\" content=\"https:\/\/www.iplay.com\/wp-content\/uploads\/2025\/09\/pop_art_27_large_video_screenshot.webp\" \/>\n\t<meta property=\"og:image:width\" content=\"715\" \/>\n\t<meta property=\"og:image:height\" content=\"485\" \/>\n\t<meta property=\"og:image:type\" content=\"image\/webp\" \/>\n<meta name=\"twitter:card\" content=\"summary_large_image\" \/>\n<meta name=\"twitter:label1\" content=\"Est. reading time\" \/>\n\t<meta name=\"twitter:data1\" content=\"1 minuto\" \/>\n<script type=\"application\/ld+json\" class=\"yoast-schema-graph\">{\"@context\":\"https:\/\/schema.org\",\"@graph\":[{\"@type\":\"WebPage\",\"@id\":\"https:\/\/www.iplay.com\/es\/games\/pop-art-27\/\",\"url\":\"https:\/\/www.iplay.com\/es\/games\/pop-art-27\/\",\"name\":\"\u00a1Pop Art 27 te permite pintar gr\u00e1ficos brillantes por n\u00fameros mientras te relajas!\",\"isPartOf\":{\"@id\":\"https:\/\/www.iplay.com\/en\/#website\"},\"primaryImageOfPage\":{\"@id\":\"https:\/\/www.iplay.com\/es\/games\/pop-art-27\/#primaryimage\"},\"image\":{\"@id\":\"https:\/\/www.iplay.com\/es\/games\/pop-art-27\/#primaryimage\"},\"thumbnailUrl\":\"https:\/\/www.iplay.com\/wp-content\/uploads\/2025\/09\/01-pop-art-27-title.webp\",\"datePublished\":\"2025-09-26T07:30:47+00:00\",\"dateModified\":\"2025-09-26T17:12:54+00:00\",\"description\":\"\u00a1Rel\u00e1jate y da vida a llamativos y coloridos dise\u00f1os por n\u00fameros con Pop Art 27!\",\"breadcrumb\":{\"@id\":\"https:\/\/www.iplay.com\/es\/games\/pop-art-27\/#breadcrumb\"},\"inLanguage\":\"es\",\"potentialAction\":[{\"@type\":\"ReadAction\",\"target\":[\"https:\/\/www.iplay.com\/es\/games\/pop-art-27\/\"]}]},{\"@type\":\"ImageObject\",\"inLanguage\":\"es\",\"@id\":\"https:\/\/www.iplay.com\/es\/games\/pop-art-27\/#primaryimage\",\"url\":\"https:\/\/www.iplay.com\/wp-content\/uploads\/2025\/09\/01-pop-art-27-title.webp\",\"contentUrl\":\"https:\/\/www.iplay.com\/wp-content\/uploads\/2025\/09\/01-pop-art-27-title.webp\",\"width\":310,\"height\":310},{\"@type\":\"BreadcrumbList\",\"@id\":\"https:\/\/www.iplay.com\/es\/games\/pop-art-27\/#breadcrumb\",\"itemListElement\":[{\"@type\":\"ListItem\",\"position\":1,\"name\":\"Home\",\"item\":\"https:\/\/www.iplay.com\/es\/home-page-2\/\"},{\"@type\":\"ListItem\",\"position\":2,\"name\":\"Shop\",\"item\":\"https:\/\/www.iplay.com\/en\/shop\/\"},{\"@type\":\"ListItem\",\"position\":3,\"name\":\"Pop Art 27\"}]},{\"@type\":\"WebSite\",\"@id\":\"https:\/\/www.iplay.com\/en\/#website\",\"url\":\"https:\/\/www.iplay.com\/en\/\",\"name\":\"IPlay\",\"description\":\"The Best Casual Games!\",\"publisher\":{\"@id\":\"https:\/\/www.iplay.com\/en\/#organization\"},\"potentialAction\":[{\"@type\":\"SearchAction\",\"target\":{\"@type\":\"EntryPoint\",\"urlTemplate\":\"https:\/\/www.iplay.com\/en\/?s={search_term_string}\"},\"query-input\":{\"@type\":\"PropertyValueSpecification\",\"valueRequired\":true,\"valueName\":\"search_term_string\"}}],\"inLanguage\":\"es\"},{\"@type\":\"Organization\",\"@id\":\"https:\/\/www.iplay.com\/en\/#organization\",\"name\":\"IPlay\",\"url\":\"https:\/\/www.iplay.com\/en\/\",\"logo\":{\"@type\":\"ImageObject\",\"inLanguage\":\"es\",\"@id\":\"https:\/\/www.iplay.com\/en\/#\/schema\/logo\/image\/\",\"url\":\"https:\/\/www.iplay.com\/wp-content\/uploads\/2023\/11\/Group-6100.svg\",\"contentUrl\":\"https:\/\/www.iplay.com\/wp-content\/uploads\/2023\/11\/Group-6100.svg\",\"width\":98,\"height\":25,\"caption\":\"IPlay\"},\"image\":{\"@id\":\"https:\/\/www.iplay.com\/en\/#\/schema\/logo\/image\/\"}}]}<\/script>\n<!-- \/ Yoast SEO Premium plugin. -->","yoast_head_json":{"title":"\u00a1Pop Art 27 te permite pintar gr\u00e1ficos brillantes por n\u00fameros mientras te relajas!","description":"\u00a1Rel\u00e1jate y da vida a llamativos y coloridos dise\u00f1os por n\u00fameros con Pop Art 27!","robots":{"index":"index","follow":"follow","max-snippet":"max-snippet:-1","max-image-preview":"max-image-preview:large","max-video-preview":"max-video-preview:-1"},"canonical":"https:\/\/www.iplay.com\/es\/games\/pop-art-27\/","og_locale":"es_ES","og_type":"article","og_title":"Pop Art 27","og_description":"\u00a1Rel\u00e1jate y da vida a llamativos y coloridos dise\u00f1os por n\u00fameros con Pop Art 27!","og_url":"https:\/\/www.iplay.com\/es\/games\/pop-art-27\/","og_site_name":"IPlay","article_modified_time":"2025-09-26T17:12:54+00:00","og_image":[{"width":715,"height":485,"url":"https:\/\/www.iplay.com\/wp-content\/uploads\/2025\/09\/pop_art_27_large_video_screenshot.webp","type":"image\/webp"}],"twitter_card":"summary_large_image","twitter_misc":{"Est. reading time":"1 minuto"},"schema":{"@context":"https:\/\/schema.org","@graph":[{"@type":"WebPage","@id":"https:\/\/www.iplay.com\/es\/games\/pop-art-27\/","url":"https:\/\/www.iplay.com\/es\/games\/pop-art-27\/","name":"\u00a1Pop Art 27 te permite pintar gr\u00e1ficos brillantes por n\u00fameros mientras te relajas!","isPartOf":{"@id":"https:\/\/www.iplay.com\/en\/#website"},"primaryImageOfPage":{"@id":"https:\/\/www.iplay.com\/es\/games\/pop-art-27\/#primaryimage"},"image":{"@id":"https:\/\/www.iplay.com\/es\/games\/pop-art-27\/#primaryimage"},"thumbnailUrl":"https:\/\/www.iplay.com\/wp-content\/uploads\/2025\/09\/01-pop-art-27-title.webp","datePublished":"2025-09-26T07:30:47+00:00","dateModified":"2025-09-26T17:12:54+00:00","description":"\u00a1Rel\u00e1jate y da vida a llamativos y coloridos dise\u00f1os por n\u00fameros con Pop Art 27!","breadcrumb":{"@id":"https:\/\/www.iplay.com\/es\/games\/pop-art-27\/#breadcrumb"},"inLanguage":"es","potentialAction":[{"@type":"ReadAction","target":["https:\/\/www.iplay.com\/es\/games\/pop-art-27\/"]}]},{"@type":"ImageObject","inLanguage":"es","@id":"https:\/\/www.iplay.com\/es\/games\/pop-art-27\/#primaryimage","url":"https:\/\/www.iplay.com\/wp-content\/uploads\/2025\/09\/01-pop-art-27-title.webp","contentUrl":"https:\/\/www.iplay.com\/wp-content\/uploads\/2025\/09\/01-pop-art-27-title.webp","width":310,"height":310},{"@type":"BreadcrumbList","@id":"https:\/\/www.iplay.com\/es\/games\/pop-art-27\/#breadcrumb","itemListElement":[{"@type":"ListItem","position":1,"name":"Home","item":"https:\/\/www.iplay.com\/es\/home-page-2\/"},{"@type":"ListItem","position":2,"name":"Shop","item":"https:\/\/www.iplay.com\/en\/shop\/"},{"@type":"ListItem","position":3,"name":"Pop Art 27"}]},{"@type":"WebSite","@id":"https:\/\/www.iplay.com\/en\/#website","url":"https:\/\/www.iplay.com\/en\/","name":"IPlay","description":"The Best Casual Games!","publisher":{"@id":"https:\/\/www.iplay.com\/en\/#organization"},"potentialAction":[{"@type":"SearchAction","target":{"@type":"EntryPoint","urlTemplate":"https:\/\/www.iplay.com\/en\/?s={search_term_string}"},"query-input":{"@type":"PropertyValueSpecification","valueRequired":true,"valueName":"search_term_string"}}],"inLanguage":"es"},{"@type":"Organization","@id":"https:\/\/www.iplay.com\/en\/#organization","name":"IPlay","url":"https:\/\/www.iplay.com\/en\/","logo":{"@type":"ImageObject","inLanguage":"es","@id":"https:\/\/www.iplay.com\/en\/#\/schema\/logo\/image\/","url":"https:\/\/www.iplay.com\/wp-content\/uploads\/2023\/11\/Group-6100.svg","contentUrl":"https:\/\/www.iplay.com\/wp-content\/uploads\/2023\/11\/Group-6100.svg","width":98,"height":25,"caption":"IPlay"},"image":{"@id":"https:\/\/www.iplay.com\/en\/#\/schema\/logo\/image\/"}}]}},"_links":{"self":[{"href":"https:\/\/www.iplay.com\/es\/wp-json\/wp\/v2\/product\/144346","targetHints":{"allow":["GET"]}}],"collection":[{"href":"https:\/\/www.iplay.com\/es\/wp-json\/wp\/v2\/product"}],"about":[{"href":"https:\/\/www.iplay.com\/es\/wp-json\/wp\/v2\/types\/product"}],"author":[{"embeddable":true,"href":"https:\/\/www.iplay.com\/es\/wp-json\/wp\/v2\/users\/21"}],"replies":[{"embeddable":true,"href":"https:\/\/www.iplay.com\/es\/wp-json\/wp\/v2\/comments?post=144346"}],"wp:featuredmedia":[{"embeddable":true,"href":"https:\/\/www.iplay.com\/es\/wp-json\/wp\/v2\/media\/144236"}],"wp:attachment":[{"href":"https:\/\/www.iplay.com\/es\/wp-json\/wp\/v2\/media?parent=144346"}],"wp:term":[{"taxonomy":"product_brand","embeddable":true,"href":"https:\/\/www.iplay.com\/es\/wp-json\/wp\/v2\/product_brand?post=144346"},{"taxonomy":"product_cat","embeddable":true,"href":"https:\/\/www.iplay.com\/es\/wp-json\/wp\/v2\/product_cat?post=144346"},{"taxonomy":"product_tag","embeddable":true,"href":"https:\/\/www.iplay.com\/es\/wp-json\/wp\/v2\/product_tag?post=144346"}],"curies":[{"name":"wp","href":"https:\/\/api.w.org\/{rel}","templated":true}]}}