{"id":144335,"date":"2025-09-26T08:30:39","date_gmt":"2025-09-26T08:30:39","guid":{"rendered":"https:\/\/www.iplay.com\/games\/claire-darksage-and-the-accursed-objects-collectors-edition\/"},"modified":"2025-09-26T17:12:50","modified_gmt":"2025-09-26T17:12:50","slug":"claire-darksage-and-the-accursed-objects-collectors-edition","status":"publish","type":"product","link":"https:\/\/www.iplay.com\/es\/games\/claire-darksage-and-the-accursed-objects-collectors-edition\/","title":{"rendered":"Claire Darksage and The Accursed Objects &#8211; Collector&#8217;s Edition"},"content":{"rendered":"<p class=\"ai-optimize-29 ai-optimize-introduction\">Se ha abierto una brecha entre reinos, liberando un torrente de reliquias malditas en un reino vulnerable. Cada reliquia emana un brillo vibrante o una oscuridad siniestra, absorbiendo vitalidad y desatando el caos. Incluso los magos m\u00e1s poderosos se encuentran incapaces de escapar de su control. Sin embargo, persiste un rayo de esperanza: Claire Darksage, la audaz cazarrecompensas y la \u00faltima armonizadora elemental, dotada de la extraordinaria capacidad de armonizar fuerzas en conflicto.   <\/p>\n<p class=\"ai-optimize-30\">Emb\u00e1rcate en una emocionante aventura con Claire mientras navega a trav\u00e9s de desiertos abrasadores, bosques m\u00edsticos, tundras heladas y paisajes volc\u00e1nicos traicioneros. Participa en enfrentamientos \u00e9picos con adversarios formidables a trav\u00e9s de batallas de cartas t\u00e1cticas, supera a los juglares inteligentes en desaf\u00edos desconcertantes y descubre misterios perdidos hace mucho tiempo ocultos en las profundidades de las ruinas antiguas. Une a una vibrante variedad de aliados y determina el destino de un reino al borde del colapso.  <\/p>\n<p>Experimenta la aventura como nunca antes con esta Edici\u00f3n de Coleccionista, que incluye misiones exclusivas, escenas ocultas, logros y contenido adicional que enriquece la historia y desaf\u00eda tus habilidades. \u00bfPodr\u00e1s conquistar los elementos y romper la maldici\u00f3n antes de que se te escape el tiempo? <\/p>\n<p>&nbsp;<\/p>\n<p class=\"ai-optimize-31\"><strong>Descubre un mundo rebosante de intriga y aventura<\/strong><\/p>\n<ul>\n<li class=\"ai-optimize-31\">Explora 20 escenas de objetos ocultos meticulosamente dise\u00f1adas, cada una repleta de reliquias malditas que bailan entre luces y sombras.<\/li>\n<li class=\"ai-optimize-31\">Participa en batallas estrat\u00e9gicas, utilizando mec\u00e1nicas de cartas innovadoras para burlar a enemigos formidables.<\/li>\n<li class=\"ai-optimize-31\">Sum\u00e9rgete en una narrativa de fantas\u00eda \u00e9pica, rica en giros inesperados, secretos ocultos y personajes inolvidables.<\/li>\n<li class=\"ai-optimize-31\">Pon a prueba tus habilidades con desafiantes minijuegos y enfr\u00e9ntate al Desaf\u00edo de los juglares para disfrutar de una deliciosa variedad de juegos inteligentes.<\/li>\n<li class=\"ai-optimize-31\">Templo del Sabio Oscuro: Mejora tus habilidades y re\u00fane cartas formidables<\/li>\n<li class=\"ai-optimize-31\">Descubre calaveras doradas y ojos de bestia: encuentra coleccionables ocultos y obt\u00e9n emocionantes recompensas<\/li>\n<li class=\"ai-optimize-31\">Atractivos acertijos que se pueden volver a jugar, con configuraciones de dificultad personalizables para una aventura personalizada<\/li>\n<\/ul>\n<p>&nbsp;<\/p>\n<p class=\"ai-optimize-32\"><strong>Edici\u00f3n Exclusiva para coleccionistas Descubre las cautivadoras caracter\u00edsticas que te esperan<\/strong><\/p>\n<ul>\n<li class=\"ai-optimize-32\">Emb\u00e1rcate en la misi\u00f3n Tower of Echoes, completa con 8 escenas de objetos ocultos adicionales<\/li>\n<li class=\"ai-optimize-32\">Sum\u00e9rgete en minijuegos exclusivos y desaf\u00edos secretos, exclusivos de esta edici\u00f3n<\/li>\n<li class=\"ai-optimize-32\">Adorna tu espacio con 7 fondos de pantalla personalizados que muestran impresionantes obras de arte de fantas\u00eda<\/li>\n<li class=\"ai-optimize-32\">Desbloquea 20 logros para mostrar con orgullo tus habilidades y dominio<\/li>\n<li class=\"ai-optimize-32\">El Coliseo: Enfr\u00e9ntate a desaf\u00edos adicionales y demuestra tu poder\u00edo<\/li>\n<li class=\"ai-optimize-32\">Descubre una escena de objetos ocultos y una batalla secreta: \u00bflos encontrar\u00e1s?<\/li>\n<\/ul>\n","protected":false},"excerpt":{"rendered":"<p>\u00a1Purifica reliquias malditas y conquista batallas elementales junto a Claire Darksage!<\/p>\n","protected":false},"author":55,"featured_media":144274,"comment_status":"open","ping_status":"closed","template":"","meta":{"_acf_changed":false,"inline_featured_image":false},"product_brand":[],"product_cat":[166],"product_tag":[288],"class_list":{"0":"post-144335","1":"product","2":"type-product","3":"status-publish","4":"has-post-thumbnail","6":"product_cat-hidden-object-es","7":"product_tag-play-on-pc-es","9":"first","10":"instock","11":"shipping-taxable","12":"purchasable","13":"product-type-simple"},"acf":[],"yoast_head":"<!-- This site is optimized with the Yoast SEO Premium plugin v25.2 (Yoast SEO v25.2) - https:\/\/yoast.com\/wordpress\/plugins\/seo\/ -->\n<title>Claire Darksage and The Accursed Objects - Collector&#039;s Edition - Limpia reliquias malditas y domina el conflicto elemental<\/title>\n<meta name=\"description\" content=\"\u00a1Purifica reliquias malditas y conquista batallas elementales junto a Claire Darksage!\" \/>\n<meta name=\"robots\" content=\"index, follow, max-snippet:-1, max-image-preview:large, max-video-preview:-1\" \/>\n<link rel=\"canonical\" href=\"https:\/\/www.iplay.com\/es\/games\/claire-darksage-and-the-accursed-objects-collectors-edition\/\" \/>\n<meta property=\"og:locale\" content=\"es_ES\" \/>\n<meta property=\"og:type\" content=\"article\" \/>\n<meta property=\"og:title\" content=\"Claire Darksage and The Accursed Objects - Collector&#039;s Edition\" \/>\n<meta property=\"og:description\" content=\"\u00a1Purifica reliquias malditas y conquista batallas elementales junto a Claire Darksage!\" \/>\n<meta property=\"og:url\" content=\"https:\/\/www.iplay.com\/es\/games\/claire-darksage-and-the-accursed-objects-collectors-edition\/\" \/>\n<meta property=\"og:site_name\" content=\"IPlay\" \/>\n<meta property=\"article:modified_time\" content=\"2025-09-26T17:12:50+00:00\" \/>\n<meta property=\"og:image\" content=\"https:\/\/www.iplay.com\/wp-content\/uploads\/2025\/09\/claire_darksage_and_the_accursed_objects_ce_large_video_screenshot.webp\" \/>\n\t<meta property=\"og:image:width\" content=\"715\" \/>\n\t<meta property=\"og:image:height\" content=\"485\" \/>\n\t<meta property=\"og:image:type\" content=\"image\/webp\" \/>\n<meta name=\"twitter:card\" content=\"summary_large_image\" \/>\n<meta name=\"twitter:label1\" content=\"Est. reading time\" \/>\n\t<meta name=\"twitter:data1\" content=\"2 minutos\" \/>\n<script type=\"application\/ld+json\" class=\"yoast-schema-graph\">{\"@context\":\"https:\/\/schema.org\",\"@graph\":[{\"@type\":\"WebPage\",\"@id\":\"https:\/\/www.iplay.com\/es\/games\/claire-darksage-and-the-accursed-objects-collectors-edition\/\",\"url\":\"https:\/\/www.iplay.com\/es\/games\/claire-darksage-and-the-accursed-objects-collectors-edition\/\",\"name\":\"Claire Darksage and The Accursed Objects - Collector's Edition - Limpia reliquias malditas y domina el conflicto elemental\",\"isPartOf\":{\"@id\":\"https:\/\/www.iplay.com\/en\/#website\"},\"primaryImageOfPage\":{\"@id\":\"https:\/\/www.iplay.com\/es\/games\/claire-darksage-and-the-accursed-objects-collectors-edition\/#primaryimage\"},\"image\":{\"@id\":\"https:\/\/www.iplay.com\/es\/games\/claire-darksage-and-the-accursed-objects-collectors-edition\/#primaryimage\"},\"thumbnailUrl\":\"https:\/\/www.iplay.com\/wp-content\/uploads\/2025\/09\/claire_darksage_and_the_accursed_objects_ce_large_square_tile_image.webp\",\"datePublished\":\"2025-09-26T08:30:39+00:00\",\"dateModified\":\"2025-09-26T17:12:50+00:00\",\"description\":\"\u00a1Purifica reliquias malditas y conquista batallas elementales junto a Claire Darksage!\",\"breadcrumb\":{\"@id\":\"https:\/\/www.iplay.com\/es\/games\/claire-darksage-and-the-accursed-objects-collectors-edition\/#breadcrumb\"},\"inLanguage\":\"es\",\"potentialAction\":[{\"@type\":\"ReadAction\",\"target\":[\"https:\/\/www.iplay.com\/es\/games\/claire-darksage-and-the-accursed-objects-collectors-edition\/\"]}]},{\"@type\":\"ImageObject\",\"inLanguage\":\"es\",\"@id\":\"https:\/\/www.iplay.com\/es\/games\/claire-darksage-and-the-accursed-objects-collectors-edition\/#primaryimage\",\"url\":\"https:\/\/www.iplay.com\/wp-content\/uploads\/2025\/09\/claire_darksage_and_the_accursed_objects_ce_large_square_tile_image.webp\",\"contentUrl\":\"https:\/\/www.iplay.com\/wp-content\/uploads\/2025\/09\/claire_darksage_and_the_accursed_objects_ce_large_square_tile_image.webp\",\"width\":310,\"height\":310},{\"@type\":\"BreadcrumbList\",\"@id\":\"https:\/\/www.iplay.com\/es\/games\/claire-darksage-and-the-accursed-objects-collectors-edition\/#breadcrumb\",\"itemListElement\":[{\"@type\":\"ListItem\",\"position\":1,\"name\":\"Home\",\"item\":\"https:\/\/www.iplay.com\/es\/home-page-2\/\"},{\"@type\":\"ListItem\",\"position\":2,\"name\":\"Shop\",\"item\":\"https:\/\/www.iplay.com\/en\/shop\/\"},{\"@type\":\"ListItem\",\"position\":3,\"name\":\"Claire Darksage and The Accursed Objects &#8211; Collector&#8217;s Edition\"}]},{\"@type\":\"WebSite\",\"@id\":\"https:\/\/www.iplay.com\/en\/#website\",\"url\":\"https:\/\/www.iplay.com\/en\/\",\"name\":\"IPlay\",\"description\":\"The Best Casual Games!\",\"publisher\":{\"@id\":\"https:\/\/www.iplay.com\/en\/#organization\"},\"potentialAction\":[{\"@type\":\"SearchAction\",\"target\":{\"@type\":\"EntryPoint\",\"urlTemplate\":\"https:\/\/www.iplay.com\/en\/?s={search_term_string}\"},\"query-input\":{\"@type\":\"PropertyValueSpecification\",\"valueRequired\":true,\"valueName\":\"search_term_string\"}}],\"inLanguage\":\"es\"},{\"@type\":\"Organization\",\"@id\":\"https:\/\/www.iplay.com\/en\/#organization\",\"name\":\"IPlay\",\"url\":\"https:\/\/www.iplay.com\/en\/\",\"logo\":{\"@type\":\"ImageObject\",\"inLanguage\":\"es\",\"@id\":\"https:\/\/www.iplay.com\/en\/#\/schema\/logo\/image\/\",\"url\":\"https:\/\/www.iplay.com\/wp-content\/uploads\/2023\/11\/Group-6100.svg\",\"contentUrl\":\"https:\/\/www.iplay.com\/wp-content\/uploads\/2023\/11\/Group-6100.svg\",\"width\":98,\"height\":25,\"caption\":\"IPlay\"},\"image\":{\"@id\":\"https:\/\/www.iplay.com\/en\/#\/schema\/logo\/image\/\"}}]}<\/script>\n<!-- \/ Yoast SEO Premium plugin. -->","yoast_head_json":{"title":"Claire Darksage and The Accursed Objects - Collector's Edition - Limpia reliquias malditas y domina el conflicto elemental","description":"\u00a1Purifica reliquias malditas y conquista batallas elementales junto a Claire Darksage!","robots":{"index":"index","follow":"follow","max-snippet":"max-snippet:-1","max-image-preview":"max-image-preview:large","max-video-preview":"max-video-preview:-1"},"canonical":"https:\/\/www.iplay.com\/es\/games\/claire-darksage-and-the-accursed-objects-collectors-edition\/","og_locale":"es_ES","og_type":"article","og_title":"Claire Darksage and The Accursed Objects - Collector's Edition","og_description":"\u00a1Purifica reliquias malditas y conquista batallas elementales junto a Claire Darksage!","og_url":"https:\/\/www.iplay.com\/es\/games\/claire-darksage-and-the-accursed-objects-collectors-edition\/","og_site_name":"IPlay","article_modified_time":"2025-09-26T17:12:50+00:00","og_image":[{"width":715,"height":485,"url":"https:\/\/www.iplay.com\/wp-content\/uploads\/2025\/09\/claire_darksage_and_the_accursed_objects_ce_large_video_screenshot.webp","type":"image\/webp"}],"twitter_card":"summary_large_image","twitter_misc":{"Est. reading time":"2 minutos"},"schema":{"@context":"https:\/\/schema.org","@graph":[{"@type":"WebPage","@id":"https:\/\/www.iplay.com\/es\/games\/claire-darksage-and-the-accursed-objects-collectors-edition\/","url":"https:\/\/www.iplay.com\/es\/games\/claire-darksage-and-the-accursed-objects-collectors-edition\/","name":"Claire Darksage and The Accursed Objects - Collector's Edition - Limpia reliquias malditas y domina el conflicto elemental","isPartOf":{"@id":"https:\/\/www.iplay.com\/en\/#website"},"primaryImageOfPage":{"@id":"https:\/\/www.iplay.com\/es\/games\/claire-darksage-and-the-accursed-objects-collectors-edition\/#primaryimage"},"image":{"@id":"https:\/\/www.iplay.com\/es\/games\/claire-darksage-and-the-accursed-objects-collectors-edition\/#primaryimage"},"thumbnailUrl":"https:\/\/www.iplay.com\/wp-content\/uploads\/2025\/09\/claire_darksage_and_the_accursed_objects_ce_large_square_tile_image.webp","datePublished":"2025-09-26T08:30:39+00:00","dateModified":"2025-09-26T17:12:50+00:00","description":"\u00a1Purifica reliquias malditas y conquista batallas elementales junto a Claire Darksage!","breadcrumb":{"@id":"https:\/\/www.iplay.com\/es\/games\/claire-darksage-and-the-accursed-objects-collectors-edition\/#breadcrumb"},"inLanguage":"es","potentialAction":[{"@type":"ReadAction","target":["https:\/\/www.iplay.com\/es\/games\/claire-darksage-and-the-accursed-objects-collectors-edition\/"]}]},{"@type":"ImageObject","inLanguage":"es","@id":"https:\/\/www.iplay.com\/es\/games\/claire-darksage-and-the-accursed-objects-collectors-edition\/#primaryimage","url":"https:\/\/www.iplay.com\/wp-content\/uploads\/2025\/09\/claire_darksage_and_the_accursed_objects_ce_large_square_tile_image.webp","contentUrl":"https:\/\/www.iplay.com\/wp-content\/uploads\/2025\/09\/claire_darksage_and_the_accursed_objects_ce_large_square_tile_image.webp","width":310,"height":310},{"@type":"BreadcrumbList","@id":"https:\/\/www.iplay.com\/es\/games\/claire-darksage-and-the-accursed-objects-collectors-edition\/#breadcrumb","itemListElement":[{"@type":"ListItem","position":1,"name":"Home","item":"https:\/\/www.iplay.com\/es\/home-page-2\/"},{"@type":"ListItem","position":2,"name":"Shop","item":"https:\/\/www.iplay.com\/en\/shop\/"},{"@type":"ListItem","position":3,"name":"Claire Darksage and The Accursed Objects &#8211; Collector&#8217;s Edition"}]},{"@type":"WebSite","@id":"https:\/\/www.iplay.com\/en\/#website","url":"https:\/\/www.iplay.com\/en\/","name":"IPlay","description":"The Best Casual Games!","publisher":{"@id":"https:\/\/www.iplay.com\/en\/#organization"},"potentialAction":[{"@type":"SearchAction","target":{"@type":"EntryPoint","urlTemplate":"https:\/\/www.iplay.com\/en\/?s={search_term_string}"},"query-input":{"@type":"PropertyValueSpecification","valueRequired":true,"valueName":"search_term_string"}}],"inLanguage":"es"},{"@type":"Organization","@id":"https:\/\/www.iplay.com\/en\/#organization","name":"IPlay","url":"https:\/\/www.iplay.com\/en\/","logo":{"@type":"ImageObject","inLanguage":"es","@id":"https:\/\/www.iplay.com\/en\/#\/schema\/logo\/image\/","url":"https:\/\/www.iplay.com\/wp-content\/uploads\/2023\/11\/Group-6100.svg","contentUrl":"https:\/\/www.iplay.com\/wp-content\/uploads\/2023\/11\/Group-6100.svg","width":98,"height":25,"caption":"IPlay"},"image":{"@id":"https:\/\/www.iplay.com\/en\/#\/schema\/logo\/image\/"}}]}},"_links":{"self":[{"href":"https:\/\/www.iplay.com\/es\/wp-json\/wp\/v2\/product\/144335","targetHints":{"allow":["GET"]}}],"collection":[{"href":"https:\/\/www.iplay.com\/es\/wp-json\/wp\/v2\/product"}],"about":[{"href":"https:\/\/www.iplay.com\/es\/wp-json\/wp\/v2\/types\/product"}],"author":[{"embeddable":true,"href":"https:\/\/www.iplay.com\/es\/wp-json\/wp\/v2\/users\/55"}],"replies":[{"embeddable":true,"href":"https:\/\/www.iplay.com\/es\/wp-json\/wp\/v2\/comments?post=144335"}],"wp:featuredmedia":[{"embeddable":true,"href":"https:\/\/www.iplay.com\/es\/wp-json\/wp\/v2\/media\/144274"}],"wp:attachment":[{"href":"https:\/\/www.iplay.com\/es\/wp-json\/wp\/v2\/media?parent=144335"}],"wp:term":[{"taxonomy":"product_brand","embeddable":true,"href":"https:\/\/www.iplay.com\/es\/wp-json\/wp\/v2\/product_brand?post=144335"},{"taxonomy":"product_cat","embeddable":true,"href":"https:\/\/www.iplay.com\/es\/wp-json\/wp\/v2\/product_cat?post=144335"},{"taxonomy":"product_tag","embeddable":true,"href":"https:\/\/www.iplay.com\/es\/wp-json\/wp\/v2\/product_tag?post=144335"}],"curies":[{"name":"wp","href":"https:\/\/api.w.org\/{rel}","templated":true}]}}