{"id":143574,"date":"2025-09-05T07:30:10","date_gmt":"2025-09-05T07:30:10","guid":{"rendered":"https:\/\/www.iplay.com\/?post_type=product&p=143574"},"modified":"2025-09-05T07:30:10","modified_gmt":"2025-09-05T07:30:10","slug":"video-art","status":"publish","type":"product","link":"https:\/\/www.iplay.com\/es\/games\/video-art\/","title":{"rendered":"Video Art"},"content":{"rendered":"<p class=\"ai-optimize-25 ai-optimize-introduction\">El videoarte toma la idea de pintar por n\u00fameros y la convierte en algo emocionante y cautivador. No coloreas im\u00e1genes fijas; En cambio, le das vida a videoclips cortos agregando colores brillantes a cada cuadro. A medida que haces coincidir los colores con los n\u00fameros, la animaci\u00f3n cobra vida lentamente, mostrando hermosas im\u00e1genes que cambian seg\u00fan lo creativo que seas. Cada clip se convierte en un lienzo vivo, desde vistas pac\u00edficas hasta eventos tontos. El videoarte te lleva a un viaje relajante y visualmente gratificante, ya sea que quieras descansar despu\u00e9s de un d\u00eda duro o encontrar unas vacaciones contemplativas. Observa c\u00f3mo tus pinceladas cobran vida en la pantalla y cambia los n\u00fameros simples en hermosas escenas de pel\u00edculas.     <\/p>\n<p class=\"ai-optimize-26\">Deja que tu mente se vuelva loca y haz obras de arte llenas de movimiento, un cuadro, un color y un momento a la vez.<\/p>\n<p>&nbsp;<\/p>\n<p class=\"ai-optimize-27\"><strong>Funciones<\/strong><\/p>\n<ul>\n<li class=\"ai-optimize-27\">\u00a164 videoclips magn\u00edficamente animados con un juego f\u00e1cil de entender para pintar por n\u00fameros!<\/li>\n<li class=\"ai-optimize-27\">Cada montura cobra vida, brind\u00e1ndote horas de creaci\u00f3n relajada.<\/li>\n<li class=\"ai-optimize-27\">\u00a1Mira c\u00f3mo tu pintura cobra vida y cambia con el tiempo!<\/li>\n<li class=\"ai-optimize-27\">\u00a1Ideal para estar atento, aliviar la tensi\u00f3n y mostrar tu trabajo!<\/li>\n<\/ul>\n","protected":false},"excerpt":{"rendered":"<p>Videoarte &#8211; Colorea escenas de video animadas por n\u00fameros &#8211; \u00a1creatividad en movimiento!<\/p>\n","protected":false},"author":21,"featured_media":143572,"comment_status":"open","ping_status":"closed","template":"","meta":{"_acf_changed":false,"inline_featured_image":false},"product_brand":[],"product_cat":[184],"product_tag":[288],"class_list":{"0":"post-143574","1":"product","2":"type-product","3":"status-publish","4":"has-post-thumbnail","6":"product_cat-paint-by-numbers-series-es","7":"product_tag-play-on-pc-es","9":"first","10":"instock","11":"shipping-taxable","12":"purchasable","13":"product-type-simple"},"acf":[],"yoast_head":"<!-- This site is optimized with the Yoast SEO Premium plugin v25.2 (Yoast SEO v25.2) - https:\/\/yoast.com\/wordpress\/plugins\/seo\/ -->\n<title>Videoarte - Pintura animada por n\u00fameros: escenas en movimiento en color<\/title>\n<meta name=\"description\" content=\"Videoarte - Colorea escenas de video animadas por n\u00fameros - \u00a1creatividad en movimiento!\" \/>\n<meta name=\"robots\" content=\"index, follow, max-snippet:-1, max-image-preview:large, max-video-preview:-1\" \/>\n<link rel=\"canonical\" href=\"https:\/\/www.iplay.com\/en\/games\/video-art\/\" \/>\n<meta property=\"og:locale\" content=\"es_ES\" \/>\n<meta property=\"og:type\" content=\"article\" \/>\n<meta property=\"og:title\" content=\"Video Art\" \/>\n<meta property=\"og:description\" content=\"Videoarte - Colorea escenas de video animadas por n\u00fameros - \u00a1creatividad en movimiento!\" \/>\n<meta property=\"og:url\" content=\"https:\/\/www.iplay.com\/en\/games\/video-art\/\" \/>\n<meta property=\"og:site_name\" content=\"IPlay\" \/>\n<meta property=\"og:image\" content=\"https:\/\/www.iplay.com\/wp-content\/uploads\/2025\/09\/video_art_large_video_screenshot.webp\" \/>\n\t<meta property=\"og:image:width\" content=\"715\" \/>\n\t<meta property=\"og:image:height\" content=\"485\" \/>\n\t<meta property=\"og:image:type\" content=\"image\/webp\" \/>\n<meta name=\"twitter:card\" content=\"summary_large_image\" \/>\n<meta name=\"twitter:label1\" content=\"Est. reading time\" \/>\n\t<meta name=\"twitter:data1\" content=\"1 minuto\" \/>\n<script type=\"application\/ld+json\" class=\"yoast-schema-graph\">{\"@context\":\"https:\/\/schema.org\",\"@graph\":[{\"@type\":\"WebPage\",\"@id\":\"https:\/\/www.iplay.com\/en\/games\/video-art\/\",\"url\":\"https:\/\/www.iplay.com\/en\/games\/video-art\/\",\"name\":\"Videoarte - Pintura animada por n\u00fameros: escenas en movimiento en color\",\"isPartOf\":{\"@id\":\"https:\/\/www.iplay.com\/en\/#website\"},\"primaryImageOfPage\":{\"@id\":\"https:\/\/www.iplay.com\/en\/games\/video-art\/#primaryimage\"},\"image\":{\"@id\":\"https:\/\/www.iplay.com\/en\/games\/video-art\/#primaryimage\"},\"thumbnailUrl\":\"https:\/\/www.iplay.com\/wp-content\/uploads\/2025\/09\/video_art_large_square_tile_image.webp\",\"datePublished\":\"2025-09-05T07:30:10+00:00\",\"description\":\"Videoarte - Colorea escenas de video animadas por n\u00fameros - \u00a1creatividad en movimiento!\",\"breadcrumb\":{\"@id\":\"https:\/\/www.iplay.com\/en\/games\/video-art\/#breadcrumb\"},\"inLanguage\":\"es\",\"potentialAction\":[{\"@type\":\"ReadAction\",\"target\":[\"https:\/\/www.iplay.com\/en\/games\/video-art\/\"]}]},{\"@type\":\"ImageObject\",\"inLanguage\":\"es\",\"@id\":\"https:\/\/www.iplay.com\/en\/games\/video-art\/#primaryimage\",\"url\":\"https:\/\/www.iplay.com\/wp-content\/uploads\/2025\/09\/video_art_large_square_tile_image.webp\",\"contentUrl\":\"https:\/\/www.iplay.com\/wp-content\/uploads\/2025\/09\/video_art_large_square_tile_image.webp\",\"width\":310,\"height\":310},{\"@type\":\"BreadcrumbList\",\"@id\":\"https:\/\/www.iplay.com\/en\/games\/video-art\/#breadcrumb\",\"itemListElement\":[{\"@type\":\"ListItem\",\"position\":1,\"name\":\"Home\",\"item\":\"https:\/\/www.iplay.com\/es\/home-page-2\/\"},{\"@type\":\"ListItem\",\"position\":2,\"name\":\"Shop\",\"item\":\"https:\/\/www.iplay.com\/en\/shop\/\"},{\"@type\":\"ListItem\",\"position\":3,\"name\":\"Video Art\"}]},{\"@type\":\"WebSite\",\"@id\":\"https:\/\/www.iplay.com\/en\/#website\",\"url\":\"https:\/\/www.iplay.com\/en\/\",\"name\":\"IPlay\",\"description\":\"The Best Casual Games!\",\"publisher\":{\"@id\":\"https:\/\/www.iplay.com\/en\/#organization\"},\"potentialAction\":[{\"@type\":\"SearchAction\",\"target\":{\"@type\":\"EntryPoint\",\"urlTemplate\":\"https:\/\/www.iplay.com\/en\/?s={search_term_string}\"},\"query-input\":{\"@type\":\"PropertyValueSpecification\",\"valueRequired\":true,\"valueName\":\"search_term_string\"}}],\"inLanguage\":\"es\"},{\"@type\":\"Organization\",\"@id\":\"https:\/\/www.iplay.com\/en\/#organization\",\"name\":\"IPlay\",\"url\":\"https:\/\/www.iplay.com\/en\/\",\"logo\":{\"@type\":\"ImageObject\",\"inLanguage\":\"es\",\"@id\":\"https:\/\/www.iplay.com\/en\/#\/schema\/logo\/image\/\",\"url\":\"https:\/\/www.iplay.com\/wp-content\/uploads\/2023\/11\/Group-6100.svg\",\"contentUrl\":\"https:\/\/www.iplay.com\/wp-content\/uploads\/2023\/11\/Group-6100.svg\",\"width\":98,\"height\":25,\"caption\":\"IPlay\"},\"image\":{\"@id\":\"https:\/\/www.iplay.com\/en\/#\/schema\/logo\/image\/\"}}]}<\/script>\n<!-- \/ Yoast SEO Premium plugin. -->","yoast_head_json":{"title":"Videoarte - Pintura animada por n\u00fameros: escenas en movimiento en color","description":"Videoarte - Colorea escenas de video animadas por n\u00fameros - \u00a1creatividad en movimiento!","robots":{"index":"index","follow":"follow","max-snippet":"max-snippet:-1","max-image-preview":"max-image-preview:large","max-video-preview":"max-video-preview:-1"},"canonical":"https:\/\/www.iplay.com\/en\/games\/video-art\/","og_locale":"es_ES","og_type":"article","og_title":"Video Art","og_description":"Videoarte - Colorea escenas de video animadas por n\u00fameros - \u00a1creatividad en movimiento!","og_url":"https:\/\/www.iplay.com\/en\/games\/video-art\/","og_site_name":"IPlay","og_image":[{"width":715,"height":485,"url":"https:\/\/www.iplay.com\/wp-content\/uploads\/2025\/09\/video_art_large_video_screenshot.webp","type":"image\/webp"}],"twitter_card":"summary_large_image","twitter_misc":{"Est. reading time":"1 minuto"},"schema":{"@context":"https:\/\/schema.org","@graph":[{"@type":"WebPage","@id":"https:\/\/www.iplay.com\/en\/games\/video-art\/","url":"https:\/\/www.iplay.com\/en\/games\/video-art\/","name":"Videoarte - Pintura animada por n\u00fameros: escenas en movimiento en color","isPartOf":{"@id":"https:\/\/www.iplay.com\/en\/#website"},"primaryImageOfPage":{"@id":"https:\/\/www.iplay.com\/en\/games\/video-art\/#primaryimage"},"image":{"@id":"https:\/\/www.iplay.com\/en\/games\/video-art\/#primaryimage"},"thumbnailUrl":"https:\/\/www.iplay.com\/wp-content\/uploads\/2025\/09\/video_art_large_square_tile_image.webp","datePublished":"2025-09-05T07:30:10+00:00","description":"Videoarte - Colorea escenas de video animadas por n\u00fameros - \u00a1creatividad en movimiento!","breadcrumb":{"@id":"https:\/\/www.iplay.com\/en\/games\/video-art\/#breadcrumb"},"inLanguage":"es","potentialAction":[{"@type":"ReadAction","target":["https:\/\/www.iplay.com\/en\/games\/video-art\/"]}]},{"@type":"ImageObject","inLanguage":"es","@id":"https:\/\/www.iplay.com\/en\/games\/video-art\/#primaryimage","url":"https:\/\/www.iplay.com\/wp-content\/uploads\/2025\/09\/video_art_large_square_tile_image.webp","contentUrl":"https:\/\/www.iplay.com\/wp-content\/uploads\/2025\/09\/video_art_large_square_tile_image.webp","width":310,"height":310},{"@type":"BreadcrumbList","@id":"https:\/\/www.iplay.com\/en\/games\/video-art\/#breadcrumb","itemListElement":[{"@type":"ListItem","position":1,"name":"Home","item":"https:\/\/www.iplay.com\/es\/home-page-2\/"},{"@type":"ListItem","position":2,"name":"Shop","item":"https:\/\/www.iplay.com\/en\/shop\/"},{"@type":"ListItem","position":3,"name":"Video Art"}]},{"@type":"WebSite","@id":"https:\/\/www.iplay.com\/en\/#website","url":"https:\/\/www.iplay.com\/en\/","name":"IPlay","description":"The Best Casual Games!","publisher":{"@id":"https:\/\/www.iplay.com\/en\/#organization"},"potentialAction":[{"@type":"SearchAction","target":{"@type":"EntryPoint","urlTemplate":"https:\/\/www.iplay.com\/en\/?s={search_term_string}"},"query-input":{"@type":"PropertyValueSpecification","valueRequired":true,"valueName":"search_term_string"}}],"inLanguage":"es"},{"@type":"Organization","@id":"https:\/\/www.iplay.com\/en\/#organization","name":"IPlay","url":"https:\/\/www.iplay.com\/en\/","logo":{"@type":"ImageObject","inLanguage":"es","@id":"https:\/\/www.iplay.com\/en\/#\/schema\/logo\/image\/","url":"https:\/\/www.iplay.com\/wp-content\/uploads\/2023\/11\/Group-6100.svg","contentUrl":"https:\/\/www.iplay.com\/wp-content\/uploads\/2023\/11\/Group-6100.svg","width":98,"height":25,"caption":"IPlay"},"image":{"@id":"https:\/\/www.iplay.com\/en\/#\/schema\/logo\/image\/"}}]}},"_links":{"self":[{"href":"https:\/\/www.iplay.com\/es\/wp-json\/wp\/v2\/product\/143574","targetHints":{"allow":["GET"]}}],"collection":[{"href":"https:\/\/www.iplay.com\/es\/wp-json\/wp\/v2\/product"}],"about":[{"href":"https:\/\/www.iplay.com\/es\/wp-json\/wp\/v2\/types\/product"}],"author":[{"embeddable":true,"href":"https:\/\/www.iplay.com\/es\/wp-json\/wp\/v2\/users\/21"}],"replies":[{"embeddable":true,"href":"https:\/\/www.iplay.com\/es\/wp-json\/wp\/v2\/comments?post=143574"}],"wp:featuredmedia":[{"embeddable":true,"href":"https:\/\/www.iplay.com\/es\/wp-json\/wp\/v2\/media\/143572"}],"wp:attachment":[{"href":"https:\/\/www.iplay.com\/es\/wp-json\/wp\/v2\/media?parent=143574"}],"wp:term":[{"taxonomy":"product_brand","embeddable":true,"href":"https:\/\/www.iplay.com\/es\/wp-json\/wp\/v2\/product_brand?post=143574"},{"taxonomy":"product_cat","embeddable":true,"href":"https:\/\/www.iplay.com\/es\/wp-json\/wp\/v2\/product_cat?post=143574"},{"taxonomy":"product_tag","embeddable":true,"href":"https:\/\/www.iplay.com\/es\/wp-json\/wp\/v2\/product_tag?post=143574"}],"curies":[{"name":"wp","href":"https:\/\/api.w.org\/{rel}","templated":true}]}}