{"id":143510,"date":"2017-11-18T00:00:00","date_gmt":"2017-11-18T00:00:00","guid":{"rendered":"https:\/\/www.iplay.com\/games\/best-of-hidden-object-value-pack-vol-8\/"},"modified":"2017-11-18T00:00:00","modified_gmt":"2017-11-18T00:00:00","slug":"best-of-hidden-object-value-pack-vol-8","status":"publish","type":"product","link":"https:\/\/www.iplay.com\/es\/games\/best-of-hidden-object-value-pack-vol-8\/","title":{"rendered":"Best of Hidden Object Value Pack Vol. 8"},"content":{"rendered":"<p>\u00a1Otro fant\u00e1stico paquete de objetos ocultos con cuatro t\u00edtulos populares! Lo que obtienes es&#8230; <\/p>\n<p>&nbsp;<\/p>\n<p><strong>Almas pose\u00eddas &#8211; Ritual de<\/strong><br \/>\n sangreHace miles de a\u00f1os, la gente empleaba la magia junto con la tecnolog\u00eda de forma regular. Cuando estallaron las tensiones entre t\u00e9cnicos y magos, se decidi\u00f3 dividir el universo en dos, uno para cada lado. Este acuerdo durar\u00eda 10.000 a\u00f1os antes de que los dos bandos se fusionaran nuevamente. Sin embargo, durante el desfile de planetas, es posible que la humanidad deba unir fuerzas antes de lo esperado &#8230;   <\/p>\n<p>&nbsp;<\/p>\n<p><strong>Esp\u00edritu del Bosque Antiguo<\/strong><br \/>\nUna humilde ni\u00f1a, Sarah, se embarca en una aventura aventurera en el Bosque Antiguo. Ella escucha de un mago del bosque que el Gran \u00c1rbol, el alma del Bosque Antiguo, est\u00e1 en peligro. El Se\u00f1or Oscuro envenen\u00f3 el Coraz\u00f3n del Gran \u00c1rbol con la ayuda de sus vasallos. Sara y sus compa\u00f1eros tendr\u00e1n que frustrar los planes del Se\u00f1or, enfrentarse a \u00e9l en su Ciudadela y salvar el Gran \u00c1rbol.   <\/p>\n<p>&nbsp;<\/p>\n<p><strong>Cambio de imagen del<\/strong><br \/>\n hogar\u00a1Ayuda a Emma a restaurar la antigua casa de sus abuelos a su antiguo esplendor! \u00a1Gana dinero realizando una venta de revoltijos donde puedes comprar una variedad de muebles! Con m\u00e1s de diez tipos de juegos diferentes y niveles interminables en 15 lugares impresionantes, \u00a1nunca te aburrir\u00e1s con este juego! Home Makeover contiene emocionantes minijuegos de combinar 3, as\u00ed como objetos ocultos y un juego de gesti\u00f3n del tiempo.   <\/p>\n<p>&nbsp;<\/p>\n<p><strong>Cambio de imagen del hogar 2<\/strong><br \/>\n\u00a1Ayuda a Emma a salvar y decorar la casa de su t\u00edo! \u00a1Home Makeover ha vuelto, m\u00e1s grande y mejor que nunca! \u00a1Este maravilloso juego de objetos ocultos es f\u00e1cil de jugar, capta tu inter\u00e9s r\u00e1pidamente y es altamente adictivo! Incorpora tres de las mec\u00e1nicas de juego m\u00e1s populares: Objetos ocultos, Gesti\u00f3n de tiempo y Match 3.<\/p>\n","protected":false},"excerpt":{"rendered":"<p>\u00a1Otro fant\u00e1stico paquete de objetos ocultos!<\/p>\n","protected":false},"author":20,"featured_media":98165,"comment_status":"open","ping_status":"closed","template":"","meta":{"_acf_changed":false,"inline_featured_image":false},"product_brand":[],"product_cat":[166,199],"product_tag":[288],"class_list":{"0":"post-143510","1":"product","2":"type-product","3":"status-publish","4":"has-post-thumbnail","6":"product_cat-hidden-object-es","7":"product_cat-removed-content-es","8":"product_tag-play-on-pc-es","10":"first","11":"instock","12":"shipping-taxable","13":"purchasable","14":"product-type-simple"},"acf":[],"yoast_head":"<!-- This site is optimized with the Yoast SEO Premium plugin v25.2 (Yoast SEO v25.2) - https:\/\/yoast.com\/wordpress\/plugins\/seo\/ -->\n<title>Lo mejor de Hidden Object Value Pack Vol. 8 - Descubre otro incre\u00edble paquete de objetos ocultos<\/title>\n<meta name=\"robots\" content=\"index, follow, max-snippet:-1, max-image-preview:large, max-video-preview:-1\" \/>\n<link rel=\"canonical\" href=\"https:\/\/www.iplay.com\/es\/games\/best-of-hidden-object-value-pack-vol-8\/\" \/>\n<meta property=\"og:locale\" content=\"es_ES\" \/>\n<meta property=\"og:type\" content=\"article\" \/>\n<meta property=\"og:title\" content=\"Best of Hidden Object Value Pack Vol. 8\" \/>\n<meta property=\"og:url\" content=\"https:\/\/www.iplay.com\/es\/games\/best-of-hidden-object-value-pack-vol-8\/\" \/>\n<meta property=\"og:site_name\" content=\"IPlay\" \/>\n<meta property=\"og:image\" content=\"https:\/\/www.iplay.com\/wp-content\/uploads\/2023\/12\/large_square_tile_image-3643.jpg\" \/>\n\t<meta property=\"og:image:width\" content=\"310\" \/>\n\t<meta property=\"og:image:height\" content=\"310\" \/>\n\t<meta property=\"og:image:type\" content=\"image\/jpeg\" \/>\n<meta name=\"twitter:card\" content=\"summary_large_image\" \/>\n<meta name=\"twitter:label1\" content=\"Est. reading time\" \/>\n\t<meta name=\"twitter:data1\" content=\"2 minutos\" \/>\n<script type=\"application\/ld+json\" class=\"yoast-schema-graph\">{\"@context\":\"https:\/\/schema.org\",\"@graph\":[{\"@type\":\"WebPage\",\"@id\":\"https:\/\/www.iplay.com\/es\/games\/best-of-hidden-object-value-pack-vol-8\/\",\"url\":\"https:\/\/www.iplay.com\/es\/games\/best-of-hidden-object-value-pack-vol-8\/\",\"name\":\"Lo mejor de Hidden Object Value Pack Vol. 8 - Descubre otro incre\u00edble paquete de objetos ocultos\",\"isPartOf\":{\"@id\":\"https:\/\/www.iplay.com\/en\/#website\"},\"primaryImageOfPage\":{\"@id\":\"https:\/\/www.iplay.com\/es\/games\/best-of-hidden-object-value-pack-vol-8\/#primaryimage\"},\"image\":{\"@id\":\"https:\/\/www.iplay.com\/es\/games\/best-of-hidden-object-value-pack-vol-8\/#primaryimage\"},\"thumbnailUrl\":\"https:\/\/www.iplay.com\/wp-content\/uploads\/2023\/12\/large_square_tile_image-3643.jpg\",\"datePublished\":\"2017-11-18T00:00:00+00:00\",\"breadcrumb\":{\"@id\":\"https:\/\/www.iplay.com\/es\/games\/best-of-hidden-object-value-pack-vol-8\/#breadcrumb\"},\"inLanguage\":\"es\",\"potentialAction\":[{\"@type\":\"ReadAction\",\"target\":[\"https:\/\/www.iplay.com\/es\/games\/best-of-hidden-object-value-pack-vol-8\/\"]}]},{\"@type\":\"ImageObject\",\"inLanguage\":\"es\",\"@id\":\"https:\/\/www.iplay.com\/es\/games\/best-of-hidden-object-value-pack-vol-8\/#primaryimage\",\"url\":\"https:\/\/www.iplay.com\/wp-content\/uploads\/2023\/12\/large_square_tile_image-3643.jpg\",\"contentUrl\":\"https:\/\/www.iplay.com\/wp-content\/uploads\/2023\/12\/large_square_tile_image-3643.jpg\",\"width\":310,\"height\":310},{\"@type\":\"BreadcrumbList\",\"@id\":\"https:\/\/www.iplay.com\/es\/games\/best-of-hidden-object-value-pack-vol-8\/#breadcrumb\",\"itemListElement\":[{\"@type\":\"ListItem\",\"position\":1,\"name\":\"Home\",\"item\":\"https:\/\/www.iplay.com\/es\/home-page-2\/\"},{\"@type\":\"ListItem\",\"position\":2,\"name\":\"Shop\",\"item\":\"https:\/\/www.iplay.com\/en\/shop\/\"},{\"@type\":\"ListItem\",\"position\":3,\"name\":\"Best of Hidden Object Value Pack Vol. 8\"}]},{\"@type\":\"WebSite\",\"@id\":\"https:\/\/www.iplay.com\/en\/#website\",\"url\":\"https:\/\/www.iplay.com\/en\/\",\"name\":\"IPlay\",\"description\":\"The Best Casual Games!\",\"publisher\":{\"@id\":\"https:\/\/www.iplay.com\/en\/#organization\"},\"potentialAction\":[{\"@type\":\"SearchAction\",\"target\":{\"@type\":\"EntryPoint\",\"urlTemplate\":\"https:\/\/www.iplay.com\/en\/?s={search_term_string}\"},\"query-input\":{\"@type\":\"PropertyValueSpecification\",\"valueRequired\":true,\"valueName\":\"search_term_string\"}}],\"inLanguage\":\"es\"},{\"@type\":\"Organization\",\"@id\":\"https:\/\/www.iplay.com\/en\/#organization\",\"name\":\"IPlay\",\"url\":\"https:\/\/www.iplay.com\/en\/\",\"logo\":{\"@type\":\"ImageObject\",\"inLanguage\":\"es\",\"@id\":\"https:\/\/www.iplay.com\/en\/#\/schema\/logo\/image\/\",\"url\":\"https:\/\/www.iplay.com\/wp-content\/uploads\/2023\/11\/Group-6100.svg\",\"contentUrl\":\"https:\/\/www.iplay.com\/wp-content\/uploads\/2023\/11\/Group-6100.svg\",\"width\":98,\"height\":25,\"caption\":\"IPlay\"},\"image\":{\"@id\":\"https:\/\/www.iplay.com\/en\/#\/schema\/logo\/image\/\"}}]}<\/script>\n<!-- \/ Yoast SEO Premium plugin. -->","yoast_head_json":{"title":"Lo mejor de Hidden Object Value Pack Vol. 8 - Descubre otro incre\u00edble paquete de objetos ocultos","robots":{"index":"index","follow":"follow","max-snippet":"max-snippet:-1","max-image-preview":"max-image-preview:large","max-video-preview":"max-video-preview:-1"},"canonical":"https:\/\/www.iplay.com\/es\/games\/best-of-hidden-object-value-pack-vol-8\/","og_locale":"es_ES","og_type":"article","og_title":"Best of Hidden Object Value Pack Vol. 8","og_url":"https:\/\/www.iplay.com\/es\/games\/best-of-hidden-object-value-pack-vol-8\/","og_site_name":"IPlay","og_image":[{"width":310,"height":310,"url":"https:\/\/www.iplay.com\/wp-content\/uploads\/2023\/12\/large_square_tile_image-3643.jpg","type":"image\/jpeg"}],"twitter_card":"summary_large_image","twitter_misc":{"Est. reading time":"2 minutos"},"schema":{"@context":"https:\/\/schema.org","@graph":[{"@type":"WebPage","@id":"https:\/\/www.iplay.com\/es\/games\/best-of-hidden-object-value-pack-vol-8\/","url":"https:\/\/www.iplay.com\/es\/games\/best-of-hidden-object-value-pack-vol-8\/","name":"Lo mejor de Hidden Object Value Pack Vol. 8 - Descubre otro incre\u00edble paquete de objetos ocultos","isPartOf":{"@id":"https:\/\/www.iplay.com\/en\/#website"},"primaryImageOfPage":{"@id":"https:\/\/www.iplay.com\/es\/games\/best-of-hidden-object-value-pack-vol-8\/#primaryimage"},"image":{"@id":"https:\/\/www.iplay.com\/es\/games\/best-of-hidden-object-value-pack-vol-8\/#primaryimage"},"thumbnailUrl":"https:\/\/www.iplay.com\/wp-content\/uploads\/2023\/12\/large_square_tile_image-3643.jpg","datePublished":"2017-11-18T00:00:00+00:00","breadcrumb":{"@id":"https:\/\/www.iplay.com\/es\/games\/best-of-hidden-object-value-pack-vol-8\/#breadcrumb"},"inLanguage":"es","potentialAction":[{"@type":"ReadAction","target":["https:\/\/www.iplay.com\/es\/games\/best-of-hidden-object-value-pack-vol-8\/"]}]},{"@type":"ImageObject","inLanguage":"es","@id":"https:\/\/www.iplay.com\/es\/games\/best-of-hidden-object-value-pack-vol-8\/#primaryimage","url":"https:\/\/www.iplay.com\/wp-content\/uploads\/2023\/12\/large_square_tile_image-3643.jpg","contentUrl":"https:\/\/www.iplay.com\/wp-content\/uploads\/2023\/12\/large_square_tile_image-3643.jpg","width":310,"height":310},{"@type":"BreadcrumbList","@id":"https:\/\/www.iplay.com\/es\/games\/best-of-hidden-object-value-pack-vol-8\/#breadcrumb","itemListElement":[{"@type":"ListItem","position":1,"name":"Home","item":"https:\/\/www.iplay.com\/es\/home-page-2\/"},{"@type":"ListItem","position":2,"name":"Shop","item":"https:\/\/www.iplay.com\/en\/shop\/"},{"@type":"ListItem","position":3,"name":"Best of Hidden Object Value Pack Vol. 8"}]},{"@type":"WebSite","@id":"https:\/\/www.iplay.com\/en\/#website","url":"https:\/\/www.iplay.com\/en\/","name":"IPlay","description":"The Best Casual Games!","publisher":{"@id":"https:\/\/www.iplay.com\/en\/#organization"},"potentialAction":[{"@type":"SearchAction","target":{"@type":"EntryPoint","urlTemplate":"https:\/\/www.iplay.com\/en\/?s={search_term_string}"},"query-input":{"@type":"PropertyValueSpecification","valueRequired":true,"valueName":"search_term_string"}}],"inLanguage":"es"},{"@type":"Organization","@id":"https:\/\/www.iplay.com\/en\/#organization","name":"IPlay","url":"https:\/\/www.iplay.com\/en\/","logo":{"@type":"ImageObject","inLanguage":"es","@id":"https:\/\/www.iplay.com\/en\/#\/schema\/logo\/image\/","url":"https:\/\/www.iplay.com\/wp-content\/uploads\/2023\/11\/Group-6100.svg","contentUrl":"https:\/\/www.iplay.com\/wp-content\/uploads\/2023\/11\/Group-6100.svg","width":98,"height":25,"caption":"IPlay"},"image":{"@id":"https:\/\/www.iplay.com\/en\/#\/schema\/logo\/image\/"}}]}},"_links":{"self":[{"href":"https:\/\/www.iplay.com\/es\/wp-json\/wp\/v2\/product\/143510","targetHints":{"allow":["GET"]}}],"collection":[{"href":"https:\/\/www.iplay.com\/es\/wp-json\/wp\/v2\/product"}],"about":[{"href":"https:\/\/www.iplay.com\/es\/wp-json\/wp\/v2\/types\/product"}],"author":[{"embeddable":true,"href":"https:\/\/www.iplay.com\/es\/wp-json\/wp\/v2\/users\/20"}],"replies":[{"embeddable":true,"href":"https:\/\/www.iplay.com\/es\/wp-json\/wp\/v2\/comments?post=143510"}],"wp:featuredmedia":[{"embeddable":true,"href":"https:\/\/www.iplay.com\/es\/wp-json\/wp\/v2\/media\/98165"}],"wp:attachment":[{"href":"https:\/\/www.iplay.com\/es\/wp-json\/wp\/v2\/media?parent=143510"}],"wp:term":[{"taxonomy":"product_brand","embeddable":true,"href":"https:\/\/www.iplay.com\/es\/wp-json\/wp\/v2\/product_brand?post=143510"},{"taxonomy":"product_cat","embeddable":true,"href":"https:\/\/www.iplay.com\/es\/wp-json\/wp\/v2\/product_cat?post=143510"},{"taxonomy":"product_tag","embeddable":true,"href":"https:\/\/www.iplay.com\/es\/wp-json\/wp\/v2\/product_tag?post=143510"}],"curies":[{"name":"wp","href":"https:\/\/api.w.org\/{rel}","templated":true}]}}