{"id":143484,"date":"2017-11-06T00:00:00","date_gmt":"2017-11-06T00:00:00","guid":{"rendered":"https:\/\/www.iplay.com\/games\/dragon-soul-and-sorceress-match-3-double-pack\/"},"modified":"2017-11-06T00:00:00","modified_gmt":"2017-11-06T00:00:00","slug":"dragon-soul-and-sorceress-match-3-double-pack","status":"publish","type":"product","link":"https:\/\/www.iplay.com\/es\/games\/dragon-soul-and-sorceress-match-3-double-pack\/","title":{"rendered":"Dragon Soul and Sorceress Match-3 Double Pack"},"content":{"rendered":"<p>\u00a1Derrota a tus adversarios en este paquete de combinar 3 lleno de acci\u00f3n! Dos emocionantes juegos est\u00e1n incluidos en este paquete doble: <\/p>\n<p>&nbsp;<\/p>\n<p><strong>B\u00fasqueda del alma de drag\u00f3n <\/strong>En esta aventura de rompecabezas de fantas\u00eda atemporal de combinar 3, te espera un incre\u00edble para\u00edso m\u00e1gico. Una vez m\u00e1s, el remoto reino de Frozen Mountain est\u00e1 en peligro ya que el mal se ha apoderado de \u00e9l. Para desbloquear la buena magia, la Hechicera requiere tu ayuda como defensora jurada de la tierra. \u00bfEnfrentar\u00e1s un mal no identificado con valent\u00eda y preservar\u00e1s tu reino? Desc\u00fabrelo a medida que avanzas por un reino lleno de dragones legendarios, demonios legendarios y riquezas por descubrir.    <\/p>\n<p>&nbsp;<\/p>\n<p><strong>Journey of the Sorceress: \u00a1Emb\u00e1rcate<\/strong> en una emocionante aventura de Match 3 con la misteriosa Hechicera mientras busca el secreto de la inmortalidad en las Monta\u00f1as Heladas! Esta b\u00fasqueda es entretenida y desafiante. \u00a1Pero cuidado con las extra\u00f1as criaturas que acechan en las sombras! Te encontrar\u00e1s con una variedad de habitantes letales y adversarios formidables en el camino, cada uno con su propio conjunto \u00fanico de habilidades m\u00e1gicas listas para ponerte a prueba. Con tus habilidades y el poder de Match 3, es posible que alg\u00fan d\u00eda llegues a las Monta\u00f1as Heladas para recuperar tu premio si puedes superarlos.<\/p>\n","protected":false},"excerpt":{"rendered":"<p>\u00a1Un paquete lleno de acci\u00f3n para math-3!<\/p>\n","protected":false},"author":224,"featured_media":88247,"comment_status":"open","ping_status":"closed","template":"","meta":{"_acf_changed":false,"inline_featured_image":false},"product_brand":[],"product_cat":[178],"product_tag":[288],"class_list":{"0":"post-143484","1":"product","2":"type-product","3":"status-publish","4":"has-post-thumbnail","6":"product_cat-match-3-es","7":"product_tag-play-on-pc-es","9":"first","10":"instock","11":"shipping-taxable","12":"purchasable","13":"product-type-simple"},"acf":[],"yoast_head":"<!-- This site is optimized with the Yoast SEO Premium plugin v25.2 (Yoast SEO v25.2) - https:\/\/yoast.com\/wordpress\/plugins\/seo\/ -->\n<title>Paquete doble de Match-3 de alma de drag\u00f3n y hechicera: sum\u00e9rgete en un paquete de Match-3 lleno de acci\u00f3n<\/title>\n<meta name=\"robots\" content=\"index, follow, max-snippet:-1, max-image-preview:large, max-video-preview:-1\" \/>\n<link rel=\"canonical\" href=\"https:\/\/www.iplay.com\/es\/games\/dragon-soul-and-sorceress-match-3-double-pack\/\" \/>\n<meta property=\"og:locale\" content=\"es_ES\" \/>\n<meta property=\"og:type\" content=\"article\" \/>\n<meta property=\"og:title\" content=\"Dragon Soul and Sorceress Match-3 Double Pack\" \/>\n<meta property=\"og:url\" content=\"https:\/\/www.iplay.com\/es\/games\/dragon-soul-and-sorceress-match-3-double-pack\/\" \/>\n<meta property=\"og:site_name\" content=\"IPlay\" \/>\n<meta property=\"og:image\" content=\"https:\/\/www.iplay.com\/wp-content\/uploads\/2023\/12\/large_square_tile_image-3027.jpg\" \/>\n\t<meta property=\"og:image:width\" content=\"310\" \/>\n\t<meta property=\"og:image:height\" content=\"310\" \/>\n\t<meta property=\"og:image:type\" content=\"image\/jpeg\" \/>\n<meta name=\"twitter:card\" content=\"summary_large_image\" \/>\n<meta name=\"twitter:label1\" content=\"Est. reading time\" \/>\n\t<meta name=\"twitter:data1\" content=\"1 minuto\" \/>\n<script type=\"application\/ld+json\" class=\"yoast-schema-graph\">{\"@context\":\"https:\/\/schema.org\",\"@graph\":[{\"@type\":\"WebPage\",\"@id\":\"https:\/\/www.iplay.com\/es\/games\/dragon-soul-and-sorceress-match-3-double-pack\/\",\"url\":\"https:\/\/www.iplay.com\/es\/games\/dragon-soul-and-sorceress-match-3-double-pack\/\",\"name\":\"Paquete doble de Match-3 de alma de drag\u00f3n y hechicera: sum\u00e9rgete en un paquete de Match-3 lleno de acci\u00f3n\",\"isPartOf\":{\"@id\":\"https:\/\/www.iplay.com\/en\/#website\"},\"primaryImageOfPage\":{\"@id\":\"https:\/\/www.iplay.com\/es\/games\/dragon-soul-and-sorceress-match-3-double-pack\/#primaryimage\"},\"image\":{\"@id\":\"https:\/\/www.iplay.com\/es\/games\/dragon-soul-and-sorceress-match-3-double-pack\/#primaryimage\"},\"thumbnailUrl\":\"https:\/\/www.iplay.com\/wp-content\/uploads\/2023\/12\/large_square_tile_image-3027.jpg\",\"datePublished\":\"2017-11-06T00:00:00+00:00\",\"breadcrumb\":{\"@id\":\"https:\/\/www.iplay.com\/es\/games\/dragon-soul-and-sorceress-match-3-double-pack\/#breadcrumb\"},\"inLanguage\":\"es\",\"potentialAction\":[{\"@type\":\"ReadAction\",\"target\":[\"https:\/\/www.iplay.com\/es\/games\/dragon-soul-and-sorceress-match-3-double-pack\/\"]}]},{\"@type\":\"ImageObject\",\"inLanguage\":\"es\",\"@id\":\"https:\/\/www.iplay.com\/es\/games\/dragon-soul-and-sorceress-match-3-double-pack\/#primaryimage\",\"url\":\"https:\/\/www.iplay.com\/wp-content\/uploads\/2023\/12\/large_square_tile_image-3027.jpg\",\"contentUrl\":\"https:\/\/www.iplay.com\/wp-content\/uploads\/2023\/12\/large_square_tile_image-3027.jpg\",\"width\":310,\"height\":310},{\"@type\":\"BreadcrumbList\",\"@id\":\"https:\/\/www.iplay.com\/es\/games\/dragon-soul-and-sorceress-match-3-double-pack\/#breadcrumb\",\"itemListElement\":[{\"@type\":\"ListItem\",\"position\":1,\"name\":\"Home\",\"item\":\"https:\/\/www.iplay.com\/es\/home-page-2\/\"},{\"@type\":\"ListItem\",\"position\":2,\"name\":\"Shop\",\"item\":\"https:\/\/www.iplay.com\/en\/shop\/\"},{\"@type\":\"ListItem\",\"position\":3,\"name\":\"Dragon Soul and Sorceress Match-3 Double Pack\"}]},{\"@type\":\"WebSite\",\"@id\":\"https:\/\/www.iplay.com\/en\/#website\",\"url\":\"https:\/\/www.iplay.com\/en\/\",\"name\":\"IPlay\",\"description\":\"The Best Casual Games!\",\"publisher\":{\"@id\":\"https:\/\/www.iplay.com\/en\/#organization\"},\"potentialAction\":[{\"@type\":\"SearchAction\",\"target\":{\"@type\":\"EntryPoint\",\"urlTemplate\":\"https:\/\/www.iplay.com\/en\/?s={search_term_string}\"},\"query-input\":{\"@type\":\"PropertyValueSpecification\",\"valueRequired\":true,\"valueName\":\"search_term_string\"}}],\"inLanguage\":\"es\"},{\"@type\":\"Organization\",\"@id\":\"https:\/\/www.iplay.com\/en\/#organization\",\"name\":\"IPlay\",\"url\":\"https:\/\/www.iplay.com\/en\/\",\"logo\":{\"@type\":\"ImageObject\",\"inLanguage\":\"es\",\"@id\":\"https:\/\/www.iplay.com\/en\/#\/schema\/logo\/image\/\",\"url\":\"https:\/\/www.iplay.com\/wp-content\/uploads\/2023\/11\/Group-6100.svg\",\"contentUrl\":\"https:\/\/www.iplay.com\/wp-content\/uploads\/2023\/11\/Group-6100.svg\",\"width\":98,\"height\":25,\"caption\":\"IPlay\"},\"image\":{\"@id\":\"https:\/\/www.iplay.com\/en\/#\/schema\/logo\/image\/\"}}]}<\/script>\n<!-- \/ Yoast SEO Premium plugin. -->","yoast_head_json":{"title":"Paquete doble de Match-3 de alma de drag\u00f3n y hechicera: sum\u00e9rgete en un paquete de Match-3 lleno de acci\u00f3n","robots":{"index":"index","follow":"follow","max-snippet":"max-snippet:-1","max-image-preview":"max-image-preview:large","max-video-preview":"max-video-preview:-1"},"canonical":"https:\/\/www.iplay.com\/es\/games\/dragon-soul-and-sorceress-match-3-double-pack\/","og_locale":"es_ES","og_type":"article","og_title":"Dragon Soul and Sorceress Match-3 Double Pack","og_url":"https:\/\/www.iplay.com\/es\/games\/dragon-soul-and-sorceress-match-3-double-pack\/","og_site_name":"IPlay","og_image":[{"width":310,"height":310,"url":"https:\/\/www.iplay.com\/wp-content\/uploads\/2023\/12\/large_square_tile_image-3027.jpg","type":"image\/jpeg"}],"twitter_card":"summary_large_image","twitter_misc":{"Est. reading time":"1 minuto"},"schema":{"@context":"https:\/\/schema.org","@graph":[{"@type":"WebPage","@id":"https:\/\/www.iplay.com\/es\/games\/dragon-soul-and-sorceress-match-3-double-pack\/","url":"https:\/\/www.iplay.com\/es\/games\/dragon-soul-and-sorceress-match-3-double-pack\/","name":"Paquete doble de Match-3 de alma de drag\u00f3n y hechicera: sum\u00e9rgete en un paquete de Match-3 lleno de acci\u00f3n","isPartOf":{"@id":"https:\/\/www.iplay.com\/en\/#website"},"primaryImageOfPage":{"@id":"https:\/\/www.iplay.com\/es\/games\/dragon-soul-and-sorceress-match-3-double-pack\/#primaryimage"},"image":{"@id":"https:\/\/www.iplay.com\/es\/games\/dragon-soul-and-sorceress-match-3-double-pack\/#primaryimage"},"thumbnailUrl":"https:\/\/www.iplay.com\/wp-content\/uploads\/2023\/12\/large_square_tile_image-3027.jpg","datePublished":"2017-11-06T00:00:00+00:00","breadcrumb":{"@id":"https:\/\/www.iplay.com\/es\/games\/dragon-soul-and-sorceress-match-3-double-pack\/#breadcrumb"},"inLanguage":"es","potentialAction":[{"@type":"ReadAction","target":["https:\/\/www.iplay.com\/es\/games\/dragon-soul-and-sorceress-match-3-double-pack\/"]}]},{"@type":"ImageObject","inLanguage":"es","@id":"https:\/\/www.iplay.com\/es\/games\/dragon-soul-and-sorceress-match-3-double-pack\/#primaryimage","url":"https:\/\/www.iplay.com\/wp-content\/uploads\/2023\/12\/large_square_tile_image-3027.jpg","contentUrl":"https:\/\/www.iplay.com\/wp-content\/uploads\/2023\/12\/large_square_tile_image-3027.jpg","width":310,"height":310},{"@type":"BreadcrumbList","@id":"https:\/\/www.iplay.com\/es\/games\/dragon-soul-and-sorceress-match-3-double-pack\/#breadcrumb","itemListElement":[{"@type":"ListItem","position":1,"name":"Home","item":"https:\/\/www.iplay.com\/es\/home-page-2\/"},{"@type":"ListItem","position":2,"name":"Shop","item":"https:\/\/www.iplay.com\/en\/shop\/"},{"@type":"ListItem","position":3,"name":"Dragon Soul and Sorceress Match-3 Double Pack"}]},{"@type":"WebSite","@id":"https:\/\/www.iplay.com\/en\/#website","url":"https:\/\/www.iplay.com\/en\/","name":"IPlay","description":"The Best Casual Games!","publisher":{"@id":"https:\/\/www.iplay.com\/en\/#organization"},"potentialAction":[{"@type":"SearchAction","target":{"@type":"EntryPoint","urlTemplate":"https:\/\/www.iplay.com\/en\/?s={search_term_string}"},"query-input":{"@type":"PropertyValueSpecification","valueRequired":true,"valueName":"search_term_string"}}],"inLanguage":"es"},{"@type":"Organization","@id":"https:\/\/www.iplay.com\/en\/#organization","name":"IPlay","url":"https:\/\/www.iplay.com\/en\/","logo":{"@type":"ImageObject","inLanguage":"es","@id":"https:\/\/www.iplay.com\/en\/#\/schema\/logo\/image\/","url":"https:\/\/www.iplay.com\/wp-content\/uploads\/2023\/11\/Group-6100.svg","contentUrl":"https:\/\/www.iplay.com\/wp-content\/uploads\/2023\/11\/Group-6100.svg","width":98,"height":25,"caption":"IPlay"},"image":{"@id":"https:\/\/www.iplay.com\/en\/#\/schema\/logo\/image\/"}}]}},"_links":{"self":[{"href":"https:\/\/www.iplay.com\/es\/wp-json\/wp\/v2\/product\/143484","targetHints":{"allow":["GET"]}}],"collection":[{"href":"https:\/\/www.iplay.com\/es\/wp-json\/wp\/v2\/product"}],"about":[{"href":"https:\/\/www.iplay.com\/es\/wp-json\/wp\/v2\/types\/product"}],"author":[{"embeddable":true,"href":"https:\/\/www.iplay.com\/es\/wp-json\/wp\/v2\/users\/224"}],"replies":[{"embeddable":true,"href":"https:\/\/www.iplay.com\/es\/wp-json\/wp\/v2\/comments?post=143484"}],"wp:featuredmedia":[{"embeddable":true,"href":"https:\/\/www.iplay.com\/es\/wp-json\/wp\/v2\/media\/88247"}],"wp:attachment":[{"href":"https:\/\/www.iplay.com\/es\/wp-json\/wp\/v2\/media?parent=143484"}],"wp:term":[{"taxonomy":"product_brand","embeddable":true,"href":"https:\/\/www.iplay.com\/es\/wp-json\/wp\/v2\/product_brand?post=143484"},{"taxonomy":"product_cat","embeddable":true,"href":"https:\/\/www.iplay.com\/es\/wp-json\/wp\/v2\/product_cat?post=143484"},{"taxonomy":"product_tag","embeddable":true,"href":"https:\/\/www.iplay.com\/es\/wp-json\/wp\/v2\/product_tag?post=143484"}],"curies":[{"name":"wp","href":"https:\/\/api.w.org\/{rel}","templated":true}]}}