{"id":143354,"date":"2017-09-26T00:00:01","date_gmt":"2017-09-26T00:00:01","guid":{"rendered":"https:\/\/www.iplay.com\/games\/mahjong-masters-temple-of-the-ten-gods\/"},"modified":"2017-09-26T00:00:01","modified_gmt":"2017-09-26T00:00:01","slug":"mahjong-masters-temple-of-the-ten-gods","status":"publish","type":"product","link":"https:\/\/www.iplay.com\/es\/games\/mahjong-masters-temple-of-the-ten-gods\/","title":{"rendered":"Mahjong Masters &#8211; Temple of the Ten Gods"},"content":{"rendered":"<p>Solo la intervenci\u00f3n sobrenatural podr\u00e1 poner fin a la batalla entre los pa\u00edses del Norte. Era el deber del \u00faltimo miembro vivo de la l\u00ednea sacerdotal amatheana construir el Templo de los Diez Dioses y llamar a los dioses. Para reunir los materiales necesarios para construir el enorme complejo del templo, juegue muchos tableros de Mahjong Solitaire. Invoca a los dioses jugando al minijuego Mahjong Number Sum. En resumenEn resumen\u00a1Restaura el Templo de los Diez Dioses a su esplendor anterior! Funcionalidades:En resumenUn juego de Solitario Mahjong con muchos dise\u00f1osEn resumenCada vez, una nueva disposici\u00f3n de fichasEl nuevo minijuego Mahjong Number Sum ofrece otra forma de jugar.- Recopila los materiales necesarios para construir el templo haciendo coincidir parejas.- Potenciadores de poder de ojo m\u00e1gico y pistas recargablesEn resumen- La oportunidad de reorganizar fichas<\/p>\n","protected":false},"excerpt":{"rendered":"<p>Re\u00fane materiales y construye el Templo de los Diez Dioses, perdido hace mucho tiempo.<\/p>\n","protected":false},"author":204,"featured_media":98869,"comment_status":"open","ping_status":"closed","template":"","meta":{"_acf_changed":false,"inline_featured_image":false},"product_brand":[],"product_cat":[174],"product_tag":[288],"class_list":{"0":"post-143354","1":"product","2":"type-product","3":"status-publish","4":"has-post-thumbnail","6":"product_cat-mahjong-es","7":"product_tag-play-on-pc-es","9":"first","10":"instock","11":"shipping-taxable","12":"purchasable","13":"product-type-simple"},"acf":[],"yoast_head":"<!-- This site is optimized with the Yoast SEO Premium plugin v25.2 (Yoast SEO v25.2) - https:\/\/yoast.com\/wordpress\/plugins\/seo\/ -->\n<title>Mahjong Masters - Templo de los Diez Dioses - Re\u00fane recursos, reconstruye el Templo de los Diez Dioses perdido hace mucho tiempo<\/title>\n<meta name=\"description\" content=\"Re\u00fane materiales y construye el Templo de los Diez Dioses, perdido hace mucho tiempo.\" \/>\n<meta name=\"robots\" content=\"index, follow, max-snippet:-1, max-image-preview:large, max-video-preview:-1\" \/>\n<link rel=\"canonical\" href=\"https:\/\/www.iplay.com\/es\/games\/mahjong-masters-temple-of-the-ten-gods\/\" \/>\n<meta property=\"og:locale\" content=\"es_ES\" \/>\n<meta property=\"og:type\" content=\"article\" \/>\n<meta property=\"og:title\" content=\"Mahjong Masters - Temple of the Ten Gods\" \/>\n<meta property=\"og:description\" content=\"Re\u00fane materiales y construye el Templo de los Diez Dioses, perdido hace mucho tiempo.\" \/>\n<meta property=\"og:url\" content=\"https:\/\/www.iplay.com\/es\/games\/mahjong-masters-temple-of-the-ten-gods\/\" \/>\n<meta property=\"og:site_name\" content=\"IPlay\" \/>\n<meta property=\"og:image\" content=\"https:\/\/www.iplay.com\/wp-content\/uploads\/2023\/12\/large_square_tile_image-3685.jpg\" \/>\n\t<meta property=\"og:image:width\" content=\"310\" \/>\n\t<meta property=\"og:image:height\" content=\"310\" \/>\n\t<meta property=\"og:image:type\" content=\"image\/jpeg\" \/>\n<meta name=\"twitter:card\" content=\"summary_large_image\" \/>\n<meta name=\"twitter:label1\" content=\"Est. reading time\" \/>\n\t<meta name=\"twitter:data1\" content=\"1 minuto\" \/>\n<script type=\"application\/ld+json\" class=\"yoast-schema-graph\">{\"@context\":\"https:\/\/schema.org\",\"@graph\":[{\"@type\":\"WebPage\",\"@id\":\"https:\/\/www.iplay.com\/es\/games\/mahjong-masters-temple-of-the-ten-gods\/\",\"url\":\"https:\/\/www.iplay.com\/es\/games\/mahjong-masters-temple-of-the-ten-gods\/\",\"name\":\"Mahjong Masters - Templo de los Diez Dioses - Re\u00fane recursos, reconstruye el Templo de los Diez Dioses perdido hace mucho tiempo\",\"isPartOf\":{\"@id\":\"https:\/\/www.iplay.com\/en\/#website\"},\"primaryImageOfPage\":{\"@id\":\"https:\/\/www.iplay.com\/es\/games\/mahjong-masters-temple-of-the-ten-gods\/#primaryimage\"},\"image\":{\"@id\":\"https:\/\/www.iplay.com\/es\/games\/mahjong-masters-temple-of-the-ten-gods\/#primaryimage\"},\"thumbnailUrl\":\"https:\/\/www.iplay.com\/wp-content\/uploads\/2023\/12\/large_square_tile_image-3685.jpg\",\"datePublished\":\"2017-09-26T00:00:01+00:00\",\"description\":\"Re\u00fane materiales y construye el Templo de los Diez Dioses, perdido hace mucho tiempo.\",\"breadcrumb\":{\"@id\":\"https:\/\/www.iplay.com\/es\/games\/mahjong-masters-temple-of-the-ten-gods\/#breadcrumb\"},\"inLanguage\":\"es\",\"potentialAction\":[{\"@type\":\"ReadAction\",\"target\":[\"https:\/\/www.iplay.com\/es\/games\/mahjong-masters-temple-of-the-ten-gods\/\"]}]},{\"@type\":\"ImageObject\",\"inLanguage\":\"es\",\"@id\":\"https:\/\/www.iplay.com\/es\/games\/mahjong-masters-temple-of-the-ten-gods\/#primaryimage\",\"url\":\"https:\/\/www.iplay.com\/wp-content\/uploads\/2023\/12\/large_square_tile_image-3685.jpg\",\"contentUrl\":\"https:\/\/www.iplay.com\/wp-content\/uploads\/2023\/12\/large_square_tile_image-3685.jpg\",\"width\":310,\"height\":310},{\"@type\":\"BreadcrumbList\",\"@id\":\"https:\/\/www.iplay.com\/es\/games\/mahjong-masters-temple-of-the-ten-gods\/#breadcrumb\",\"itemListElement\":[{\"@type\":\"ListItem\",\"position\":1,\"name\":\"Home\",\"item\":\"https:\/\/www.iplay.com\/es\/home-page-2\/\"},{\"@type\":\"ListItem\",\"position\":2,\"name\":\"Shop\",\"item\":\"https:\/\/www.iplay.com\/en\/shop\/\"},{\"@type\":\"ListItem\",\"position\":3,\"name\":\"Mahjong Masters &#8211; Temple of the Ten Gods\"}]},{\"@type\":\"WebSite\",\"@id\":\"https:\/\/www.iplay.com\/en\/#website\",\"url\":\"https:\/\/www.iplay.com\/en\/\",\"name\":\"IPlay\",\"description\":\"The Best Casual Games!\",\"publisher\":{\"@id\":\"https:\/\/www.iplay.com\/en\/#organization\"},\"potentialAction\":[{\"@type\":\"SearchAction\",\"target\":{\"@type\":\"EntryPoint\",\"urlTemplate\":\"https:\/\/www.iplay.com\/en\/?s={search_term_string}\"},\"query-input\":{\"@type\":\"PropertyValueSpecification\",\"valueRequired\":true,\"valueName\":\"search_term_string\"}}],\"inLanguage\":\"es\"},{\"@type\":\"Organization\",\"@id\":\"https:\/\/www.iplay.com\/en\/#organization\",\"name\":\"IPlay\",\"url\":\"https:\/\/www.iplay.com\/en\/\",\"logo\":{\"@type\":\"ImageObject\",\"inLanguage\":\"es\",\"@id\":\"https:\/\/www.iplay.com\/en\/#\/schema\/logo\/image\/\",\"url\":\"https:\/\/www.iplay.com\/wp-content\/uploads\/2023\/11\/Group-6100.svg\",\"contentUrl\":\"https:\/\/www.iplay.com\/wp-content\/uploads\/2023\/11\/Group-6100.svg\",\"width\":98,\"height\":25,\"caption\":\"IPlay\"},\"image\":{\"@id\":\"https:\/\/www.iplay.com\/en\/#\/schema\/logo\/image\/\"}}]}<\/script>\n<!-- \/ Yoast SEO Premium plugin. -->","yoast_head_json":{"title":"Mahjong Masters - Templo de los Diez Dioses - Re\u00fane recursos, reconstruye el Templo de los Diez Dioses perdido hace mucho tiempo","description":"Re\u00fane materiales y construye el Templo de los Diez Dioses, perdido hace mucho tiempo.","robots":{"index":"index","follow":"follow","max-snippet":"max-snippet:-1","max-image-preview":"max-image-preview:large","max-video-preview":"max-video-preview:-1"},"canonical":"https:\/\/www.iplay.com\/es\/games\/mahjong-masters-temple-of-the-ten-gods\/","og_locale":"es_ES","og_type":"article","og_title":"Mahjong Masters - Temple of the Ten Gods","og_description":"Re\u00fane materiales y construye el Templo de los Diez Dioses, perdido hace mucho tiempo.","og_url":"https:\/\/www.iplay.com\/es\/games\/mahjong-masters-temple-of-the-ten-gods\/","og_site_name":"IPlay","og_image":[{"width":310,"height":310,"url":"https:\/\/www.iplay.com\/wp-content\/uploads\/2023\/12\/large_square_tile_image-3685.jpg","type":"image\/jpeg"}],"twitter_card":"summary_large_image","twitter_misc":{"Est. reading time":"1 minuto"},"schema":{"@context":"https:\/\/schema.org","@graph":[{"@type":"WebPage","@id":"https:\/\/www.iplay.com\/es\/games\/mahjong-masters-temple-of-the-ten-gods\/","url":"https:\/\/www.iplay.com\/es\/games\/mahjong-masters-temple-of-the-ten-gods\/","name":"Mahjong Masters - Templo de los Diez Dioses - Re\u00fane recursos, reconstruye el Templo de los Diez Dioses perdido hace mucho tiempo","isPartOf":{"@id":"https:\/\/www.iplay.com\/en\/#website"},"primaryImageOfPage":{"@id":"https:\/\/www.iplay.com\/es\/games\/mahjong-masters-temple-of-the-ten-gods\/#primaryimage"},"image":{"@id":"https:\/\/www.iplay.com\/es\/games\/mahjong-masters-temple-of-the-ten-gods\/#primaryimage"},"thumbnailUrl":"https:\/\/www.iplay.com\/wp-content\/uploads\/2023\/12\/large_square_tile_image-3685.jpg","datePublished":"2017-09-26T00:00:01+00:00","description":"Re\u00fane materiales y construye el Templo de los Diez Dioses, perdido hace mucho tiempo.","breadcrumb":{"@id":"https:\/\/www.iplay.com\/es\/games\/mahjong-masters-temple-of-the-ten-gods\/#breadcrumb"},"inLanguage":"es","potentialAction":[{"@type":"ReadAction","target":["https:\/\/www.iplay.com\/es\/games\/mahjong-masters-temple-of-the-ten-gods\/"]}]},{"@type":"ImageObject","inLanguage":"es","@id":"https:\/\/www.iplay.com\/es\/games\/mahjong-masters-temple-of-the-ten-gods\/#primaryimage","url":"https:\/\/www.iplay.com\/wp-content\/uploads\/2023\/12\/large_square_tile_image-3685.jpg","contentUrl":"https:\/\/www.iplay.com\/wp-content\/uploads\/2023\/12\/large_square_tile_image-3685.jpg","width":310,"height":310},{"@type":"BreadcrumbList","@id":"https:\/\/www.iplay.com\/es\/games\/mahjong-masters-temple-of-the-ten-gods\/#breadcrumb","itemListElement":[{"@type":"ListItem","position":1,"name":"Home","item":"https:\/\/www.iplay.com\/es\/home-page-2\/"},{"@type":"ListItem","position":2,"name":"Shop","item":"https:\/\/www.iplay.com\/en\/shop\/"},{"@type":"ListItem","position":3,"name":"Mahjong Masters &#8211; Temple of the Ten Gods"}]},{"@type":"WebSite","@id":"https:\/\/www.iplay.com\/en\/#website","url":"https:\/\/www.iplay.com\/en\/","name":"IPlay","description":"The Best Casual Games!","publisher":{"@id":"https:\/\/www.iplay.com\/en\/#organization"},"potentialAction":[{"@type":"SearchAction","target":{"@type":"EntryPoint","urlTemplate":"https:\/\/www.iplay.com\/en\/?s={search_term_string}"},"query-input":{"@type":"PropertyValueSpecification","valueRequired":true,"valueName":"search_term_string"}}],"inLanguage":"es"},{"@type":"Organization","@id":"https:\/\/www.iplay.com\/en\/#organization","name":"IPlay","url":"https:\/\/www.iplay.com\/en\/","logo":{"@type":"ImageObject","inLanguage":"es","@id":"https:\/\/www.iplay.com\/en\/#\/schema\/logo\/image\/","url":"https:\/\/www.iplay.com\/wp-content\/uploads\/2023\/11\/Group-6100.svg","contentUrl":"https:\/\/www.iplay.com\/wp-content\/uploads\/2023\/11\/Group-6100.svg","width":98,"height":25,"caption":"IPlay"},"image":{"@id":"https:\/\/www.iplay.com\/en\/#\/schema\/logo\/image\/"}}]}},"_links":{"self":[{"href":"https:\/\/www.iplay.com\/es\/wp-json\/wp\/v2\/product\/143354","targetHints":{"allow":["GET"]}}],"collection":[{"href":"https:\/\/www.iplay.com\/es\/wp-json\/wp\/v2\/product"}],"about":[{"href":"https:\/\/www.iplay.com\/es\/wp-json\/wp\/v2\/types\/product"}],"author":[{"embeddable":true,"href":"https:\/\/www.iplay.com\/es\/wp-json\/wp\/v2\/users\/204"}],"replies":[{"embeddable":true,"href":"https:\/\/www.iplay.com\/es\/wp-json\/wp\/v2\/comments?post=143354"}],"wp:featuredmedia":[{"embeddable":true,"href":"https:\/\/www.iplay.com\/es\/wp-json\/wp\/v2\/media\/98869"}],"wp:attachment":[{"href":"https:\/\/www.iplay.com\/es\/wp-json\/wp\/v2\/media?parent=143354"}],"wp:term":[{"taxonomy":"product_brand","embeddable":true,"href":"https:\/\/www.iplay.com\/es\/wp-json\/wp\/v2\/product_brand?post=143354"},{"taxonomy":"product_cat","embeddable":true,"href":"https:\/\/www.iplay.com\/es\/wp-json\/wp\/v2\/product_cat?post=143354"},{"taxonomy":"product_tag","embeddable":true,"href":"https:\/\/www.iplay.com\/es\/wp-json\/wp\/v2\/product_tag?post=143354"}],"curies":[{"name":"wp","href":"https:\/\/api.w.org\/{rel}","templated":true}]}}