{"id":143048,"date":"2018-01-01T00:00:00","date_gmt":"2018-01-01T00:00:00","guid":{"rendered":"https:\/\/www.iplay.com\/games\/empires-of-the-past-4-pack\/"},"modified":"2018-01-01T00:00:00","modified_gmt":"2018-01-01T00:00:00","slug":"empires-of-the-past-4-pack","status":"publish","type":"product","link":"https:\/\/www.iplay.com\/es\/games\/empires-of-the-past-4-pack\/","title":{"rendered":"Empires of the Past 4-Pack"},"content":{"rendered":"<p>\u00a1Un impresionante paquete de 4 mahjong y match-3! Experimenta cuatro emocionantes juegos que te transportar\u00e1n en el tiempo a las \u00e9pocas de las dos civilizaciones antiguas dominantes, Egipto y Roma, y disfruta de horas de diversi\u00f3n. Los siguientes juegos est\u00e1n incluidos en este paquete de cuatro &#8230;  <\/p>\n<p>&nbsp;<\/p>\n<p>&nbsp;<\/p>\n<p><strong>Mahjong: Pir\u00e1mides hist\u00f3ricas<\/strong><\/p>\n<p>Experimenta el reino de los poderosos faraones en este entretenido y dif\u00edcil juego de Mahjong. Ancient Pyramids Mahjong es el mejor juego de rompecabezas para todas las edades, con 100 acertijos. Haz un recorrido por los impresionantes sitios y maravillas del antiguo Egipto, una de las civilizaciones m\u00e1s antiguas y grandes del mundo. Encontrar\u00e1s impresionantes rompecabezas de mahjong en esta aventura \u00fanica en la vida. Con im\u00e1genes vibrantes, una banda sonora cautivadora y algunos potenciadores incre\u00edbles, este es un juego de mahjong lleno de acci\u00f3n que no olvidar\u00e1s pronto. Admire las magn\u00edficas vistas de Tebas, el Nilo y las enormes pir\u00e1mides mientras descubre los tesoros secretos de una civilizaci\u00f3n desaparecida.     <\/p>\n<p>&nbsp;<\/p>\n<p>&nbsp;<\/p>\n<p><strong>Las Siete Colinas de Roma: Mahjong<\/strong><\/p>\n<p>Con un toque de romance, es la mejor experiencia de combinaci\u00f3n de fichas. 7 Hills of Rome: Mahjong es el juego de rompecabezas ideal tanto para principiantes como para expertos, con 100 emocionantes niveles de mahjong. Experimente un gran recorrido por la antigua Roma mientras disfruta de las vistas, descubre una variedad de rompecabezas de mahjong y re\u00fane fragmentos de un enigm\u00e1tico artefacto romano. Este es un juego de mahjong que no olvidar\u00e1s pronto con sus gr\u00e1ficos vibrantes, su cautivadora banda sonora y su variedad de potenciadores. Pero tenga en cuenta que terminar la tarea requerir\u00e1 mucho talento y fortaleza mental.    <\/p>\n<p>&nbsp;<\/p>\n<p>&nbsp;<\/p>\n<p><strong>Tesoros de la Antigua Roma<\/strong><\/p>\n<p>\u00bfListo para cumplir con tu obligaci\u00f3n con Roma? Ayuda al centuri\u00f3n m\u00e1s valiente de C\u00e9sar a aceptar el mayor desaf\u00edo y rescatar a su deslumbrante esposa de las garras del terrible Marcus. En esta emocionante y dif\u00edcil aventura de Match 3, viaja a trav\u00e9s de la Antigua Roma desde Capua hasta Ostia con tus aliados a tu lado. Usa las habilidades especiales de tus legionarios confiables para atravesar la vasta Rep\u00fablica con el fin de salvar a tu novia de un destino a\u00fan peor que la muerte y desentra\u00f1ar el misterio del invaluable artefacto secreto. Treasures of Rome promete ser un juego m\u00e1s dif\u00edcil que el combate de gladiadores del Coliseo, con sus 100 niveles de puro disfrute de combinaci\u00f3n de gemas y otros extras exclusivos.    <\/p>\n<p>&nbsp;<\/p>\n<p>&nbsp;<\/p>\n<p><strong>Los preciosos tesoros de Egipto<\/strong><\/p>\n<p>El equilibrio de poder entre el bien y el mal estaba en peligro hace muchas lunas en la tierra de los faraones, cuando el Antiguo Egipto todav\u00eda era la fuerza m\u00e1s poderosa del mundo conocido. Con la ayuda de una reliquia misteriosa y el poder de Ra, el Dios Sol, las fuerzas del mal han tomado como reh\u00e9n a la encantadora Suma Sacerdotisa Iset y se est\u00e1n preparando para deponer a los faraones. M\u00e1s hermoso que Cleopatra y m\u00e1s siniestro que una maldici\u00f3n egipcia, Treasures of Egypt est\u00e1 lleno de bonificaciones exclusivas, magn\u00edficas gemas y 100 emocionantes niveles de joyas a juego.<\/p>\n","protected":false},"excerpt":{"rendered":"<p>\u00a1Un impresionante paquete de 4 mahjong y match-3!<\/p>\n","protected":false},"author":224,"featured_media":97733,"comment_status":"open","ping_status":"closed","template":"","meta":{"_acf_changed":false,"inline_featured_image":false},"product_brand":[],"product_cat":[192],"product_tag":[],"class_list":{"0":"post-143048","1":"product","2":"type-product","3":"status-publish","4":"has-post-thumbnail","6":"product_cat-puzzle-es","8":"first","9":"instock","10":"shipping-taxable","11":"purchasable","12":"product-type-simple"},"acf":[],"yoast_head":"<!-- This site is optimized with the Yoast SEO Premium plugin v25.2 (Yoast SEO v25.2) - https:\/\/yoast.com\/wordpress\/plugins\/seo\/ -->\n<title>Empires of the Past 4-Pack - Disfruta de un deslumbrante paquete de 4 match-3 y mahjong<\/title>\n<meta name=\"robots\" content=\"index, follow, max-snippet:-1, max-image-preview:large, max-video-preview:-1\" \/>\n<link rel=\"canonical\" href=\"https:\/\/www.iplay.com\/es\/games\/empires-of-the-past-4-pack\/\" \/>\n<meta property=\"og:locale\" content=\"es_ES\" \/>\n<meta property=\"og:type\" content=\"article\" \/>\n<meta property=\"og:title\" content=\"Empires of the Past 4-Pack\" \/>\n<meta property=\"og:url\" content=\"https:\/\/www.iplay.com\/es\/games\/empires-of-the-past-4-pack\/\" \/>\n<meta property=\"og:site_name\" content=\"IPlay\" \/>\n<meta property=\"og:image\" content=\"https:\/\/www.iplay.com\/wp-content\/uploads\/2023\/12\/large_square_tile_image-3616.jpg\" \/>\n\t<meta property=\"og:image:width\" content=\"310\" \/>\n\t<meta property=\"og:image:height\" content=\"310\" \/>\n\t<meta property=\"og:image:type\" content=\"image\/jpeg\" \/>\n<meta name=\"twitter:card\" content=\"summary_large_image\" \/>\n<meta name=\"twitter:label1\" content=\"Est. reading time\" \/>\n\t<meta name=\"twitter:data1\" content=\"3 minutos\" \/>\n<script type=\"application\/ld+json\" class=\"yoast-schema-graph\">{\"@context\":\"https:\/\/schema.org\",\"@graph\":[{\"@type\":\"WebPage\",\"@id\":\"https:\/\/www.iplay.com\/es\/games\/empires-of-the-past-4-pack\/\",\"url\":\"https:\/\/www.iplay.com\/es\/games\/empires-of-the-past-4-pack\/\",\"name\":\"Empires of the Past 4-Pack - Disfruta de un deslumbrante paquete de 4 match-3 y mahjong\",\"isPartOf\":{\"@id\":\"https:\/\/www.iplay.com\/en\/#website\"},\"primaryImageOfPage\":{\"@id\":\"https:\/\/www.iplay.com\/es\/games\/empires-of-the-past-4-pack\/#primaryimage\"},\"image\":{\"@id\":\"https:\/\/www.iplay.com\/es\/games\/empires-of-the-past-4-pack\/#primaryimage\"},\"thumbnailUrl\":\"https:\/\/www.iplay.com\/wp-content\/uploads\/2023\/12\/large_square_tile_image-3616.jpg\",\"datePublished\":\"2018-01-01T00:00:00+00:00\",\"breadcrumb\":{\"@id\":\"https:\/\/www.iplay.com\/es\/games\/empires-of-the-past-4-pack\/#breadcrumb\"},\"inLanguage\":\"es\",\"potentialAction\":[{\"@type\":\"ReadAction\",\"target\":[\"https:\/\/www.iplay.com\/es\/games\/empires-of-the-past-4-pack\/\"]}]},{\"@type\":\"ImageObject\",\"inLanguage\":\"es\",\"@id\":\"https:\/\/www.iplay.com\/es\/games\/empires-of-the-past-4-pack\/#primaryimage\",\"url\":\"https:\/\/www.iplay.com\/wp-content\/uploads\/2023\/12\/large_square_tile_image-3616.jpg\",\"contentUrl\":\"https:\/\/www.iplay.com\/wp-content\/uploads\/2023\/12\/large_square_tile_image-3616.jpg\",\"width\":310,\"height\":310},{\"@type\":\"BreadcrumbList\",\"@id\":\"https:\/\/www.iplay.com\/es\/games\/empires-of-the-past-4-pack\/#breadcrumb\",\"itemListElement\":[{\"@type\":\"ListItem\",\"position\":1,\"name\":\"Home\",\"item\":\"https:\/\/www.iplay.com\/es\/home-page-2\/\"},{\"@type\":\"ListItem\",\"position\":2,\"name\":\"Shop\",\"item\":\"https:\/\/www.iplay.com\/en\/shop\/\"},{\"@type\":\"ListItem\",\"position\":3,\"name\":\"Empires of the Past 4-Pack\"}]},{\"@type\":\"WebSite\",\"@id\":\"https:\/\/www.iplay.com\/en\/#website\",\"url\":\"https:\/\/www.iplay.com\/en\/\",\"name\":\"IPlay\",\"description\":\"The Best Casual Games!\",\"publisher\":{\"@id\":\"https:\/\/www.iplay.com\/en\/#organization\"},\"potentialAction\":[{\"@type\":\"SearchAction\",\"target\":{\"@type\":\"EntryPoint\",\"urlTemplate\":\"https:\/\/www.iplay.com\/en\/?s={search_term_string}\"},\"query-input\":{\"@type\":\"PropertyValueSpecification\",\"valueRequired\":true,\"valueName\":\"search_term_string\"}}],\"inLanguage\":\"es\"},{\"@type\":\"Organization\",\"@id\":\"https:\/\/www.iplay.com\/en\/#organization\",\"name\":\"IPlay\",\"url\":\"https:\/\/www.iplay.com\/en\/\",\"logo\":{\"@type\":\"ImageObject\",\"inLanguage\":\"es\",\"@id\":\"https:\/\/www.iplay.com\/en\/#\/schema\/logo\/image\/\",\"url\":\"https:\/\/www.iplay.com\/wp-content\/uploads\/2023\/11\/Group-6100.svg\",\"contentUrl\":\"https:\/\/www.iplay.com\/wp-content\/uploads\/2023\/11\/Group-6100.svg\",\"width\":98,\"height\":25,\"caption\":\"IPlay\"},\"image\":{\"@id\":\"https:\/\/www.iplay.com\/en\/#\/schema\/logo\/image\/\"}}]}<\/script>\n<!-- \/ Yoast SEO Premium plugin. -->","yoast_head_json":{"title":"Empires of the Past 4-Pack - Disfruta de un deslumbrante paquete de 4 match-3 y mahjong","robots":{"index":"index","follow":"follow","max-snippet":"max-snippet:-1","max-image-preview":"max-image-preview:large","max-video-preview":"max-video-preview:-1"},"canonical":"https:\/\/www.iplay.com\/es\/games\/empires-of-the-past-4-pack\/","og_locale":"es_ES","og_type":"article","og_title":"Empires of the Past 4-Pack","og_url":"https:\/\/www.iplay.com\/es\/games\/empires-of-the-past-4-pack\/","og_site_name":"IPlay","og_image":[{"width":310,"height":310,"url":"https:\/\/www.iplay.com\/wp-content\/uploads\/2023\/12\/large_square_tile_image-3616.jpg","type":"image\/jpeg"}],"twitter_card":"summary_large_image","twitter_misc":{"Est. reading time":"3 minutos"},"schema":{"@context":"https:\/\/schema.org","@graph":[{"@type":"WebPage","@id":"https:\/\/www.iplay.com\/es\/games\/empires-of-the-past-4-pack\/","url":"https:\/\/www.iplay.com\/es\/games\/empires-of-the-past-4-pack\/","name":"Empires of the Past 4-Pack - Disfruta de un deslumbrante paquete de 4 match-3 y mahjong","isPartOf":{"@id":"https:\/\/www.iplay.com\/en\/#website"},"primaryImageOfPage":{"@id":"https:\/\/www.iplay.com\/es\/games\/empires-of-the-past-4-pack\/#primaryimage"},"image":{"@id":"https:\/\/www.iplay.com\/es\/games\/empires-of-the-past-4-pack\/#primaryimage"},"thumbnailUrl":"https:\/\/www.iplay.com\/wp-content\/uploads\/2023\/12\/large_square_tile_image-3616.jpg","datePublished":"2018-01-01T00:00:00+00:00","breadcrumb":{"@id":"https:\/\/www.iplay.com\/es\/games\/empires-of-the-past-4-pack\/#breadcrumb"},"inLanguage":"es","potentialAction":[{"@type":"ReadAction","target":["https:\/\/www.iplay.com\/es\/games\/empires-of-the-past-4-pack\/"]}]},{"@type":"ImageObject","inLanguage":"es","@id":"https:\/\/www.iplay.com\/es\/games\/empires-of-the-past-4-pack\/#primaryimage","url":"https:\/\/www.iplay.com\/wp-content\/uploads\/2023\/12\/large_square_tile_image-3616.jpg","contentUrl":"https:\/\/www.iplay.com\/wp-content\/uploads\/2023\/12\/large_square_tile_image-3616.jpg","width":310,"height":310},{"@type":"BreadcrumbList","@id":"https:\/\/www.iplay.com\/es\/games\/empires-of-the-past-4-pack\/#breadcrumb","itemListElement":[{"@type":"ListItem","position":1,"name":"Home","item":"https:\/\/www.iplay.com\/es\/home-page-2\/"},{"@type":"ListItem","position":2,"name":"Shop","item":"https:\/\/www.iplay.com\/en\/shop\/"},{"@type":"ListItem","position":3,"name":"Empires of the Past 4-Pack"}]},{"@type":"WebSite","@id":"https:\/\/www.iplay.com\/en\/#website","url":"https:\/\/www.iplay.com\/en\/","name":"IPlay","description":"The Best Casual Games!","publisher":{"@id":"https:\/\/www.iplay.com\/en\/#organization"},"potentialAction":[{"@type":"SearchAction","target":{"@type":"EntryPoint","urlTemplate":"https:\/\/www.iplay.com\/en\/?s={search_term_string}"},"query-input":{"@type":"PropertyValueSpecification","valueRequired":true,"valueName":"search_term_string"}}],"inLanguage":"es"},{"@type":"Organization","@id":"https:\/\/www.iplay.com\/en\/#organization","name":"IPlay","url":"https:\/\/www.iplay.com\/en\/","logo":{"@type":"ImageObject","inLanguage":"es","@id":"https:\/\/www.iplay.com\/en\/#\/schema\/logo\/image\/","url":"https:\/\/www.iplay.com\/wp-content\/uploads\/2023\/11\/Group-6100.svg","contentUrl":"https:\/\/www.iplay.com\/wp-content\/uploads\/2023\/11\/Group-6100.svg","width":98,"height":25,"caption":"IPlay"},"image":{"@id":"https:\/\/www.iplay.com\/en\/#\/schema\/logo\/image\/"}}]}},"_links":{"self":[{"href":"https:\/\/www.iplay.com\/es\/wp-json\/wp\/v2\/product\/143048","targetHints":{"allow":["GET"]}}],"collection":[{"href":"https:\/\/www.iplay.com\/es\/wp-json\/wp\/v2\/product"}],"about":[{"href":"https:\/\/www.iplay.com\/es\/wp-json\/wp\/v2\/types\/product"}],"author":[{"embeddable":true,"href":"https:\/\/www.iplay.com\/es\/wp-json\/wp\/v2\/users\/224"}],"replies":[{"embeddable":true,"href":"https:\/\/www.iplay.com\/es\/wp-json\/wp\/v2\/comments?post=143048"}],"wp:featuredmedia":[{"embeddable":true,"href":"https:\/\/www.iplay.com\/es\/wp-json\/wp\/v2\/media\/97733"}],"wp:attachment":[{"href":"https:\/\/www.iplay.com\/es\/wp-json\/wp\/v2\/media?parent=143048"}],"wp:term":[{"taxonomy":"product_brand","embeddable":true,"href":"https:\/\/www.iplay.com\/es\/wp-json\/wp\/v2\/product_brand?post=143048"},{"taxonomy":"product_cat","embeddable":true,"href":"https:\/\/www.iplay.com\/es\/wp-json\/wp\/v2\/product_cat?post=143048"},{"taxonomy":"product_tag","embeddable":true,"href":"https:\/\/www.iplay.com\/es\/wp-json\/wp\/v2\/product_tag?post=143048"}],"curies":[{"name":"wp","href":"https:\/\/api.w.org\/{rel}","templated":true}]}}