{"id":142947,"date":"2025-08-29T08:30:42","date_gmt":"2025-08-29T08:30:42","guid":{"rendered":"https:\/\/www.iplay.com\/?post_type=product&p=142947"},"modified":"2025-08-29T08:30:42","modified_gmt":"2025-08-29T08:30:42","slug":"artists-of-fortune-16-bit","status":"publish","type":"product","link":"https:\/\/www.iplay.com\/es\/games\/artists-of-fortune-16-bit\/","title":{"rendered":"Artists Of Fortune: 16-bit"},"content":{"rendered":"<p class=\"ai-optimize-30 ai-optimize-introduction\">Artists of Fortune: 16-bit te lleva de vuelta a la edad de oro de los juegos, cuando el pixel art y la pintura por n\u00fameros se unen de una manera divertida y nost\u00e1lgica. Este juego te lleva a una colorida aventura a lo largo de 100 etapas llenas de p\u00edxeles, ya sea que hayas sido fan\u00e1tico de los estilos retro durante mucho tiempo o simplemente quieras relajarte y pintar un poco. <\/p>\n<p class=\"ai-optimize-31\">Elige entre muchas escenas famosas de 16 bits, como paisajes ex\u00f3ticos e individuos extra\u00f1os, y luego dales vida un color a la vez. Pintar es f\u00e1cil, divertido e interminable con controles simples, codificaci\u00f3n de colores alfanum\u00e9rica inteligente y herramientas \u00fatiles como Filler, Blockbuster y Rainbow Crayon. <\/p>\n<p class=\"ai-optimize-32\">Con animaciones fluidas, efectos geniales y un minimapa \u00fatil para ayudarte a encontrar tu camino, tienes un juego de pixel art que es divertido y relajante.<\/p>\n<p>&nbsp;<\/p>\n<p class=\"ai-optimize-33\"><strong>Funciones<\/strong><\/p>\n<ul>\n<li class=\"ai-optimize-33\">\u00a1100 niveles de gr\u00e1ficos de p\u00edxeles inspirados en juegos cl\u00e1sicos, con colores brillantes y una sensaci\u00f3n nost\u00e1lgica!<\/li>\n<li class=\"ai-optimize-33\">\u00a1Usa herramientas inteligentes como Filler, Blockbuster y Rainbow Crayon para facilitar tu pintura!<\/li>\n<li class=\"ai-optimize-33\">\u00a1Usa el minimapa integrado y la interfaz de usuario f\u00e1cil de usar para moverte r\u00e1pidamente!<\/li>\n<li class=\"ai-optimize-33\">\u00a1Disfruta de animaciones fluidas y efectos sorprendentes que hacen que cada pincelada se vea mejor!<\/li>\n<li class=\"ai-optimize-33\">Juega durante horas y rel\u00e1jate con un juego que mezcla arte y juegos de la vieja escuela.<\/li>\n<\/ul>\n","protected":false},"excerpt":{"rendered":"<p>\u00a1Pinta obras perfectas en un colorido mundo de 16 bits que te har\u00e1 retroceder en el tiempo!<\/p>\n","protected":false},"author":320,"featured_media":142932,"comment_status":"open","ping_status":"closed","template":"","meta":{"_acf_changed":false,"inline_featured_image":false},"product_brand":[],"product_cat":[184],"product_tag":[288],"class_list":{"0":"post-142947","1":"product","2":"type-product","3":"status-publish","4":"has-post-thumbnail","6":"product_cat-paint-by-numbers-series-es","7":"product_tag-play-on-pc-es","9":"first","10":"instock","11":"shipping-taxable","12":"purchasable","13":"product-type-simple"},"acf":[],"yoast_head":"<!-- This site is optimized with the Yoast SEO Premium plugin v25.2 (Yoast SEO v25.2) - https:\/\/yoast.com\/wordpress\/plugins\/seo\/ -->\n<title>Artists Of Fortune: 16-bit - Una aventura de arte retro de 16 bits<\/title>\n<meta name=\"description\" content=\"\u00a1Pinta obras perfectas en un colorido mundo de 16 bits que te har\u00e1 retroceder en el tiempo!\" \/>\n<meta name=\"robots\" content=\"index, follow, max-snippet:-1, max-image-preview:large, max-video-preview:-1\" \/>\n<link rel=\"canonical\" href=\"https:\/\/www.iplay.com\/en\/games\/artists-of-fortune-16-bit\/\" \/>\n<meta property=\"og:locale\" content=\"es_ES\" \/>\n<meta property=\"og:type\" content=\"article\" \/>\n<meta property=\"og:title\" content=\"Artists Of Fortune: 16-bit\" \/>\n<meta property=\"og:description\" content=\"\u00a1Pinta obras perfectas en un colorido mundo de 16 bits que te har\u00e1 retroceder en el tiempo!\" \/>\n<meta property=\"og:url\" content=\"https:\/\/www.iplay.com\/en\/games\/artists-of-fortune-16-bit\/\" \/>\n<meta property=\"og:site_name\" content=\"IPlay\" \/>\n<meta property=\"og:image\" content=\"https:\/\/www.iplay.com\/wp-content\/uploads\/2025\/08\/artists_of_fortune_-_16-bit_large_video_screenshot.webp\" \/>\n\t<meta property=\"og:image:width\" content=\"715\" \/>\n\t<meta property=\"og:image:height\" content=\"485\" \/>\n\t<meta property=\"og:image:type\" content=\"image\/webp\" \/>\n<meta name=\"twitter:card\" content=\"summary_large_image\" \/>\n<meta name=\"twitter:label1\" content=\"Est. reading time\" \/>\n\t<meta name=\"twitter:data1\" content=\"1 minuto\" \/>\n<script type=\"application\/ld+json\" class=\"yoast-schema-graph\">{\"@context\":\"https:\/\/schema.org\",\"@graph\":[{\"@type\":\"WebPage\",\"@id\":\"https:\/\/www.iplay.com\/en\/games\/artists-of-fortune-16-bit\/\",\"url\":\"https:\/\/www.iplay.com\/en\/games\/artists-of-fortune-16-bit\/\",\"name\":\"Artists Of Fortune: 16-bit - Una aventura de arte retro de 16 bits\",\"isPartOf\":{\"@id\":\"https:\/\/www.iplay.com\/en\/#website\"},\"primaryImageOfPage\":{\"@id\":\"https:\/\/www.iplay.com\/en\/games\/artists-of-fortune-16-bit\/#primaryimage\"},\"image\":{\"@id\":\"https:\/\/www.iplay.com\/en\/games\/artists-of-fortune-16-bit\/#primaryimage\"},\"thumbnailUrl\":\"https:\/\/www.iplay.com\/wp-content\/uploads\/2025\/08\/artists_of_fortune_-_16-bit_large_square_tile_image.webp\",\"datePublished\":\"2025-08-29T08:30:42+00:00\",\"description\":\"\u00a1Pinta obras perfectas en un colorido mundo de 16 bits que te har\u00e1 retroceder en el tiempo!\",\"breadcrumb\":{\"@id\":\"https:\/\/www.iplay.com\/en\/games\/artists-of-fortune-16-bit\/#breadcrumb\"},\"inLanguage\":\"es\",\"potentialAction\":[{\"@type\":\"ReadAction\",\"target\":[\"https:\/\/www.iplay.com\/en\/games\/artists-of-fortune-16-bit\/\"]}]},{\"@type\":\"ImageObject\",\"inLanguage\":\"es\",\"@id\":\"https:\/\/www.iplay.com\/en\/games\/artists-of-fortune-16-bit\/#primaryimage\",\"url\":\"https:\/\/www.iplay.com\/wp-content\/uploads\/2025\/08\/artists_of_fortune_-_16-bit_large_square_tile_image.webp\",\"contentUrl\":\"https:\/\/www.iplay.com\/wp-content\/uploads\/2025\/08\/artists_of_fortune_-_16-bit_large_square_tile_image.webp\",\"width\":310,\"height\":310},{\"@type\":\"BreadcrumbList\",\"@id\":\"https:\/\/www.iplay.com\/en\/games\/artists-of-fortune-16-bit\/#breadcrumb\",\"itemListElement\":[{\"@type\":\"ListItem\",\"position\":1,\"name\":\"Home\",\"item\":\"https:\/\/www.iplay.com\/es\/home-page-2\/\"},{\"@type\":\"ListItem\",\"position\":2,\"name\":\"Shop\",\"item\":\"https:\/\/www.iplay.com\/en\/shop\/\"},{\"@type\":\"ListItem\",\"position\":3,\"name\":\"Artists Of Fortune: 16-bit\"}]},{\"@type\":\"WebSite\",\"@id\":\"https:\/\/www.iplay.com\/en\/#website\",\"url\":\"https:\/\/www.iplay.com\/en\/\",\"name\":\"IPlay\",\"description\":\"The Best Casual Games!\",\"publisher\":{\"@id\":\"https:\/\/www.iplay.com\/en\/#organization\"},\"potentialAction\":[{\"@type\":\"SearchAction\",\"target\":{\"@type\":\"EntryPoint\",\"urlTemplate\":\"https:\/\/www.iplay.com\/en\/?s={search_term_string}\"},\"query-input\":{\"@type\":\"PropertyValueSpecification\",\"valueRequired\":true,\"valueName\":\"search_term_string\"}}],\"inLanguage\":\"es\"},{\"@type\":\"Organization\",\"@id\":\"https:\/\/www.iplay.com\/en\/#organization\",\"name\":\"IPlay\",\"url\":\"https:\/\/www.iplay.com\/en\/\",\"logo\":{\"@type\":\"ImageObject\",\"inLanguage\":\"es\",\"@id\":\"https:\/\/www.iplay.com\/en\/#\/schema\/logo\/image\/\",\"url\":\"https:\/\/www.iplay.com\/wp-content\/uploads\/2023\/11\/Group-6100.svg\",\"contentUrl\":\"https:\/\/www.iplay.com\/wp-content\/uploads\/2023\/11\/Group-6100.svg\",\"width\":98,\"height\":25,\"caption\":\"IPlay\"},\"image\":{\"@id\":\"https:\/\/www.iplay.com\/en\/#\/schema\/logo\/image\/\"}}]}<\/script>\n<!-- \/ Yoast SEO Premium plugin. -->","yoast_head_json":{"title":"Artists Of Fortune: 16-bit - Una aventura de arte retro de 16 bits","description":"\u00a1Pinta obras perfectas en un colorido mundo de 16 bits que te har\u00e1 retroceder en el tiempo!","robots":{"index":"index","follow":"follow","max-snippet":"max-snippet:-1","max-image-preview":"max-image-preview:large","max-video-preview":"max-video-preview:-1"},"canonical":"https:\/\/www.iplay.com\/en\/games\/artists-of-fortune-16-bit\/","og_locale":"es_ES","og_type":"article","og_title":"Artists Of Fortune: 16-bit","og_description":"\u00a1Pinta obras perfectas en un colorido mundo de 16 bits que te har\u00e1 retroceder en el tiempo!","og_url":"https:\/\/www.iplay.com\/en\/games\/artists-of-fortune-16-bit\/","og_site_name":"IPlay","og_image":[{"width":715,"height":485,"url":"https:\/\/www.iplay.com\/wp-content\/uploads\/2025\/08\/artists_of_fortune_-_16-bit_large_video_screenshot.webp","type":"image\/webp"}],"twitter_card":"summary_large_image","twitter_misc":{"Est. reading time":"1 minuto"},"schema":{"@context":"https:\/\/schema.org","@graph":[{"@type":"WebPage","@id":"https:\/\/www.iplay.com\/en\/games\/artists-of-fortune-16-bit\/","url":"https:\/\/www.iplay.com\/en\/games\/artists-of-fortune-16-bit\/","name":"Artists Of Fortune: 16-bit - Una aventura de arte retro de 16 bits","isPartOf":{"@id":"https:\/\/www.iplay.com\/en\/#website"},"primaryImageOfPage":{"@id":"https:\/\/www.iplay.com\/en\/games\/artists-of-fortune-16-bit\/#primaryimage"},"image":{"@id":"https:\/\/www.iplay.com\/en\/games\/artists-of-fortune-16-bit\/#primaryimage"},"thumbnailUrl":"https:\/\/www.iplay.com\/wp-content\/uploads\/2025\/08\/artists_of_fortune_-_16-bit_large_square_tile_image.webp","datePublished":"2025-08-29T08:30:42+00:00","description":"\u00a1Pinta obras perfectas en un colorido mundo de 16 bits que te har\u00e1 retroceder en el tiempo!","breadcrumb":{"@id":"https:\/\/www.iplay.com\/en\/games\/artists-of-fortune-16-bit\/#breadcrumb"},"inLanguage":"es","potentialAction":[{"@type":"ReadAction","target":["https:\/\/www.iplay.com\/en\/games\/artists-of-fortune-16-bit\/"]}]},{"@type":"ImageObject","inLanguage":"es","@id":"https:\/\/www.iplay.com\/en\/games\/artists-of-fortune-16-bit\/#primaryimage","url":"https:\/\/www.iplay.com\/wp-content\/uploads\/2025\/08\/artists_of_fortune_-_16-bit_large_square_tile_image.webp","contentUrl":"https:\/\/www.iplay.com\/wp-content\/uploads\/2025\/08\/artists_of_fortune_-_16-bit_large_square_tile_image.webp","width":310,"height":310},{"@type":"BreadcrumbList","@id":"https:\/\/www.iplay.com\/en\/games\/artists-of-fortune-16-bit\/#breadcrumb","itemListElement":[{"@type":"ListItem","position":1,"name":"Home","item":"https:\/\/www.iplay.com\/es\/home-page-2\/"},{"@type":"ListItem","position":2,"name":"Shop","item":"https:\/\/www.iplay.com\/en\/shop\/"},{"@type":"ListItem","position":3,"name":"Artists Of Fortune: 16-bit"}]},{"@type":"WebSite","@id":"https:\/\/www.iplay.com\/en\/#website","url":"https:\/\/www.iplay.com\/en\/","name":"IPlay","description":"The Best Casual Games!","publisher":{"@id":"https:\/\/www.iplay.com\/en\/#organization"},"potentialAction":[{"@type":"SearchAction","target":{"@type":"EntryPoint","urlTemplate":"https:\/\/www.iplay.com\/en\/?s={search_term_string}"},"query-input":{"@type":"PropertyValueSpecification","valueRequired":true,"valueName":"search_term_string"}}],"inLanguage":"es"},{"@type":"Organization","@id":"https:\/\/www.iplay.com\/en\/#organization","name":"IPlay","url":"https:\/\/www.iplay.com\/en\/","logo":{"@type":"ImageObject","inLanguage":"es","@id":"https:\/\/www.iplay.com\/en\/#\/schema\/logo\/image\/","url":"https:\/\/www.iplay.com\/wp-content\/uploads\/2023\/11\/Group-6100.svg","contentUrl":"https:\/\/www.iplay.com\/wp-content\/uploads\/2023\/11\/Group-6100.svg","width":98,"height":25,"caption":"IPlay"},"image":{"@id":"https:\/\/www.iplay.com\/en\/#\/schema\/logo\/image\/"}}]}},"_links":{"self":[{"href":"https:\/\/www.iplay.com\/es\/wp-json\/wp\/v2\/product\/142947","targetHints":{"allow":["GET"]}}],"collection":[{"href":"https:\/\/www.iplay.com\/es\/wp-json\/wp\/v2\/product"}],"about":[{"href":"https:\/\/www.iplay.com\/es\/wp-json\/wp\/v2\/types\/product"}],"author":[{"embeddable":true,"href":"https:\/\/www.iplay.com\/es\/wp-json\/wp\/v2\/users\/320"}],"replies":[{"embeddable":true,"href":"https:\/\/www.iplay.com\/es\/wp-json\/wp\/v2\/comments?post=142947"}],"wp:featuredmedia":[{"embeddable":true,"href":"https:\/\/www.iplay.com\/es\/wp-json\/wp\/v2\/media\/142932"}],"wp:attachment":[{"href":"https:\/\/www.iplay.com\/es\/wp-json\/wp\/v2\/media?parent=142947"}],"wp:term":[{"taxonomy":"product_brand","embeddable":true,"href":"https:\/\/www.iplay.com\/es\/wp-json\/wp\/v2\/product_brand?post=142947"},{"taxonomy":"product_cat","embeddable":true,"href":"https:\/\/www.iplay.com\/es\/wp-json\/wp\/v2\/product_cat?post=142947"},{"taxonomy":"product_tag","embeddable":true,"href":"https:\/\/www.iplay.com\/es\/wp-json\/wp\/v2\/product_tag?post=142947"}],"curies":[{"name":"wp","href":"https:\/\/api.w.org\/{rel}","templated":true}]}}