{"id":142803,"date":"2018-02-09T00:00:00","date_gmt":"2018-02-09T00:00:00","guid":{"rendered":"https:\/\/www.iplay.com\/games\/sea-of-lies-tide-of-treachery-collectors-edition\/"},"modified":"2018-02-09T00:00:00","modified_gmt":"2018-02-09T00:00:00","slug":"sea-of-lies-tide-of-treachery-collectors-edition","status":"publish","type":"product","link":"https:\/\/www.iplay.com\/es\/games\/sea-of-lies-tide-of-treachery-collectors-edition\/","title":{"rendered":"Sea of Lies: Tide of Treachery Collector&#8217;s Edition"},"content":{"rendered":"<p>Frente a la costa de las Indias Occidentales Brit\u00e1nicas, una persona infame conocida como el Destripador del Mar ha estado hundiendo barcos; la Royal Navy le ha pedido que investigue el asunto. Para aumentar la intriga, \u00a1es posible que acabes de subir al barco de la pr\u00f3xima v\u00edctima del Destripador del Mar! Ahora es tu tarea descubrir la verdadera historia detr\u00e1s de esta enigm\u00e1tica figura: \u00bfes un mito o una persona real? Aprender la verdad podr\u00eda impulsarte a la cima de tu profesi\u00f3n o enviarte al fondo. \u00a1En este juego de aventuras de rompecabezas de objetos ocultos, traza un viaje misterioso! \u00a1Juega el juego extra para descubrir el secreto del Destripador del Mar!     <\/p>\n<p>&nbsp;<\/p>\n<p><strong>Funciones:<\/strong><\/p>\n<ul>\n<li>\u00a1Desbloquea contenido adicional para asumir nuevas tareas, obtener m\u00e1s logros y obtener coleccionables!<\/li>\n<li>\u00a1Juega minijuegos y vuelve a jugar HOP! Hazte con obras de arte, pel\u00edculas y m\u00fasica originales \u00fanicas.<\/li>\n<li>Obtenga acceso a la \u00fatil Gu\u00eda de estrategia.<\/li>\n<\/ul>\n","protected":false},"excerpt":{"rendered":"<p>\u00a1Cuidado con el enigm\u00e1tico Sea Ripper!<\/p>\n","protected":false},"author":17,"featured_media":97477,"comment_status":"open","ping_status":"closed","template":"","meta":{"_acf_changed":false,"inline_featured_image":false},"product_brand":[],"product_cat":[166],"product_tag":[288],"class_list":{"0":"post-142803","1":"product","2":"type-product","3":"status-publish","4":"has-post-thumbnail","6":"product_cat-hidden-object-es","7":"product_tag-play-on-pc-es","9":"first","10":"instock","11":"shipping-taxable","12":"purchasable","13":"product-type-simple"},"acf":[],"yoast_head":"<!-- This site is optimized with the Yoast SEO Premium plugin v25.2 (Yoast SEO v25.2) - https:\/\/yoast.com\/wordpress\/plugins\/seo\/ -->\n<title>Sea of Lies: Tide of Treachery Edici\u00f3n Coleccionista - Cuidado con el escurridizo Destripador del Mar en una b\u00fasqueda llena de suspenso<\/title>\n<meta name=\"description\" content=\"\u00a1Cuidado con el enigm\u00e1tico Sea Ripper!\" \/>\n<meta name=\"robots\" content=\"index, follow, max-snippet:-1, max-image-preview:large, max-video-preview:-1\" \/>\n<link rel=\"canonical\" href=\"https:\/\/www.iplay.com\/es\/games\/sea-of-lies-tide-of-treachery-collectors-edition\/\" \/>\n<meta property=\"og:locale\" content=\"es_ES\" \/>\n<meta property=\"og:type\" content=\"article\" \/>\n<meta property=\"og:title\" content=\"Sea of Lies: Tide of Treachery Collector&#039;s Edition\" \/>\n<meta property=\"og:description\" content=\"\u00a1Cuidado con el enigm\u00e1tico Sea Ripper!\" \/>\n<meta property=\"og:url\" content=\"https:\/\/www.iplay.com\/es\/games\/sea-of-lies-tide-of-treachery-collectors-edition\/\" \/>\n<meta property=\"og:site_name\" content=\"IPlay\" \/>\n<meta property=\"og:image\" content=\"https:\/\/www.iplay.com\/wp-content\/uploads\/2023\/12\/large_square_tile_image-3600.jpg\" \/>\n\t<meta property=\"og:image:width\" content=\"310\" \/>\n\t<meta property=\"og:image:height\" content=\"310\" \/>\n\t<meta property=\"og:image:type\" content=\"image\/jpeg\" \/>\n<meta name=\"twitter:card\" content=\"summary_large_image\" \/>\n<meta name=\"twitter:label1\" content=\"Est. reading time\" \/>\n\t<meta name=\"twitter:data1\" content=\"1 minuto\" \/>\n<script type=\"application\/ld+json\" class=\"yoast-schema-graph\">{\"@context\":\"https:\/\/schema.org\",\"@graph\":[{\"@type\":\"WebPage\",\"@id\":\"https:\/\/www.iplay.com\/es\/games\/sea-of-lies-tide-of-treachery-collectors-edition\/\",\"url\":\"https:\/\/www.iplay.com\/es\/games\/sea-of-lies-tide-of-treachery-collectors-edition\/\",\"name\":\"Sea of Lies: Tide of Treachery Edici\u00f3n Coleccionista - Cuidado con el escurridizo Destripador del Mar en una b\u00fasqueda llena de suspenso\",\"isPartOf\":{\"@id\":\"https:\/\/www.iplay.com\/en\/#website\"},\"primaryImageOfPage\":{\"@id\":\"https:\/\/www.iplay.com\/es\/games\/sea-of-lies-tide-of-treachery-collectors-edition\/#primaryimage\"},\"image\":{\"@id\":\"https:\/\/www.iplay.com\/es\/games\/sea-of-lies-tide-of-treachery-collectors-edition\/#primaryimage\"},\"thumbnailUrl\":\"https:\/\/www.iplay.com\/wp-content\/uploads\/2023\/12\/large_square_tile_image-3600.jpg\",\"datePublished\":\"2018-02-09T00:00:00+00:00\",\"description\":\"\u00a1Cuidado con el enigm\u00e1tico Sea Ripper!\",\"breadcrumb\":{\"@id\":\"https:\/\/www.iplay.com\/es\/games\/sea-of-lies-tide-of-treachery-collectors-edition\/#breadcrumb\"},\"inLanguage\":\"es\",\"potentialAction\":[{\"@type\":\"ReadAction\",\"target\":[\"https:\/\/www.iplay.com\/es\/games\/sea-of-lies-tide-of-treachery-collectors-edition\/\"]}]},{\"@type\":\"ImageObject\",\"inLanguage\":\"es\",\"@id\":\"https:\/\/www.iplay.com\/es\/games\/sea-of-lies-tide-of-treachery-collectors-edition\/#primaryimage\",\"url\":\"https:\/\/www.iplay.com\/wp-content\/uploads\/2023\/12\/large_square_tile_image-3600.jpg\",\"contentUrl\":\"https:\/\/www.iplay.com\/wp-content\/uploads\/2023\/12\/large_square_tile_image-3600.jpg\",\"width\":310,\"height\":310},{\"@type\":\"BreadcrumbList\",\"@id\":\"https:\/\/www.iplay.com\/es\/games\/sea-of-lies-tide-of-treachery-collectors-edition\/#breadcrumb\",\"itemListElement\":[{\"@type\":\"ListItem\",\"position\":1,\"name\":\"Home\",\"item\":\"https:\/\/www.iplay.com\/es\/home-page-2\/\"},{\"@type\":\"ListItem\",\"position\":2,\"name\":\"Shop\",\"item\":\"https:\/\/www.iplay.com\/en\/shop\/\"},{\"@type\":\"ListItem\",\"position\":3,\"name\":\"Sea of Lies: Tide of Treachery Collector&#8217;s Edition\"}]},{\"@type\":\"WebSite\",\"@id\":\"https:\/\/www.iplay.com\/en\/#website\",\"url\":\"https:\/\/www.iplay.com\/en\/\",\"name\":\"IPlay\",\"description\":\"The Best Casual Games!\",\"publisher\":{\"@id\":\"https:\/\/www.iplay.com\/en\/#organization\"},\"potentialAction\":[{\"@type\":\"SearchAction\",\"target\":{\"@type\":\"EntryPoint\",\"urlTemplate\":\"https:\/\/www.iplay.com\/en\/?s={search_term_string}\"},\"query-input\":{\"@type\":\"PropertyValueSpecification\",\"valueRequired\":true,\"valueName\":\"search_term_string\"}}],\"inLanguage\":\"es\"},{\"@type\":\"Organization\",\"@id\":\"https:\/\/www.iplay.com\/en\/#organization\",\"name\":\"IPlay\",\"url\":\"https:\/\/www.iplay.com\/en\/\",\"logo\":{\"@type\":\"ImageObject\",\"inLanguage\":\"es\",\"@id\":\"https:\/\/www.iplay.com\/en\/#\/schema\/logo\/image\/\",\"url\":\"https:\/\/www.iplay.com\/wp-content\/uploads\/2023\/11\/Group-6100.svg\",\"contentUrl\":\"https:\/\/www.iplay.com\/wp-content\/uploads\/2023\/11\/Group-6100.svg\",\"width\":98,\"height\":25,\"caption\":\"IPlay\"},\"image\":{\"@id\":\"https:\/\/www.iplay.com\/en\/#\/schema\/logo\/image\/\"}}]}<\/script>\n<!-- \/ Yoast SEO Premium plugin. -->","yoast_head_json":{"title":"Sea of Lies: Tide of Treachery Edici\u00f3n Coleccionista - Cuidado con el escurridizo Destripador del Mar en una b\u00fasqueda llena de suspenso","description":"\u00a1Cuidado con el enigm\u00e1tico Sea Ripper!","robots":{"index":"index","follow":"follow","max-snippet":"max-snippet:-1","max-image-preview":"max-image-preview:large","max-video-preview":"max-video-preview:-1"},"canonical":"https:\/\/www.iplay.com\/es\/games\/sea-of-lies-tide-of-treachery-collectors-edition\/","og_locale":"es_ES","og_type":"article","og_title":"Sea of Lies: Tide of Treachery Collector's Edition","og_description":"\u00a1Cuidado con el enigm\u00e1tico Sea Ripper!","og_url":"https:\/\/www.iplay.com\/es\/games\/sea-of-lies-tide-of-treachery-collectors-edition\/","og_site_name":"IPlay","og_image":[{"width":310,"height":310,"url":"https:\/\/www.iplay.com\/wp-content\/uploads\/2023\/12\/large_square_tile_image-3600.jpg","type":"image\/jpeg"}],"twitter_card":"summary_large_image","twitter_misc":{"Est. reading time":"1 minuto"},"schema":{"@context":"https:\/\/schema.org","@graph":[{"@type":"WebPage","@id":"https:\/\/www.iplay.com\/es\/games\/sea-of-lies-tide-of-treachery-collectors-edition\/","url":"https:\/\/www.iplay.com\/es\/games\/sea-of-lies-tide-of-treachery-collectors-edition\/","name":"Sea of Lies: Tide of Treachery Edici\u00f3n Coleccionista - Cuidado con el escurridizo Destripador del Mar en una b\u00fasqueda llena de suspenso","isPartOf":{"@id":"https:\/\/www.iplay.com\/en\/#website"},"primaryImageOfPage":{"@id":"https:\/\/www.iplay.com\/es\/games\/sea-of-lies-tide-of-treachery-collectors-edition\/#primaryimage"},"image":{"@id":"https:\/\/www.iplay.com\/es\/games\/sea-of-lies-tide-of-treachery-collectors-edition\/#primaryimage"},"thumbnailUrl":"https:\/\/www.iplay.com\/wp-content\/uploads\/2023\/12\/large_square_tile_image-3600.jpg","datePublished":"2018-02-09T00:00:00+00:00","description":"\u00a1Cuidado con el enigm\u00e1tico Sea Ripper!","breadcrumb":{"@id":"https:\/\/www.iplay.com\/es\/games\/sea-of-lies-tide-of-treachery-collectors-edition\/#breadcrumb"},"inLanguage":"es","potentialAction":[{"@type":"ReadAction","target":["https:\/\/www.iplay.com\/es\/games\/sea-of-lies-tide-of-treachery-collectors-edition\/"]}]},{"@type":"ImageObject","inLanguage":"es","@id":"https:\/\/www.iplay.com\/es\/games\/sea-of-lies-tide-of-treachery-collectors-edition\/#primaryimage","url":"https:\/\/www.iplay.com\/wp-content\/uploads\/2023\/12\/large_square_tile_image-3600.jpg","contentUrl":"https:\/\/www.iplay.com\/wp-content\/uploads\/2023\/12\/large_square_tile_image-3600.jpg","width":310,"height":310},{"@type":"BreadcrumbList","@id":"https:\/\/www.iplay.com\/es\/games\/sea-of-lies-tide-of-treachery-collectors-edition\/#breadcrumb","itemListElement":[{"@type":"ListItem","position":1,"name":"Home","item":"https:\/\/www.iplay.com\/es\/home-page-2\/"},{"@type":"ListItem","position":2,"name":"Shop","item":"https:\/\/www.iplay.com\/en\/shop\/"},{"@type":"ListItem","position":3,"name":"Sea of Lies: Tide of Treachery Collector&#8217;s Edition"}]},{"@type":"WebSite","@id":"https:\/\/www.iplay.com\/en\/#website","url":"https:\/\/www.iplay.com\/en\/","name":"IPlay","description":"The Best Casual Games!","publisher":{"@id":"https:\/\/www.iplay.com\/en\/#organization"},"potentialAction":[{"@type":"SearchAction","target":{"@type":"EntryPoint","urlTemplate":"https:\/\/www.iplay.com\/en\/?s={search_term_string}"},"query-input":{"@type":"PropertyValueSpecification","valueRequired":true,"valueName":"search_term_string"}}],"inLanguage":"es"},{"@type":"Organization","@id":"https:\/\/www.iplay.com\/en\/#organization","name":"IPlay","url":"https:\/\/www.iplay.com\/en\/","logo":{"@type":"ImageObject","inLanguage":"es","@id":"https:\/\/www.iplay.com\/en\/#\/schema\/logo\/image\/","url":"https:\/\/www.iplay.com\/wp-content\/uploads\/2023\/11\/Group-6100.svg","contentUrl":"https:\/\/www.iplay.com\/wp-content\/uploads\/2023\/11\/Group-6100.svg","width":98,"height":25,"caption":"IPlay"},"image":{"@id":"https:\/\/www.iplay.com\/en\/#\/schema\/logo\/image\/"}}]}},"_links":{"self":[{"href":"https:\/\/www.iplay.com\/es\/wp-json\/wp\/v2\/product\/142803","targetHints":{"allow":["GET"]}}],"collection":[{"href":"https:\/\/www.iplay.com\/es\/wp-json\/wp\/v2\/product"}],"about":[{"href":"https:\/\/www.iplay.com\/es\/wp-json\/wp\/v2\/types\/product"}],"author":[{"embeddable":true,"href":"https:\/\/www.iplay.com\/es\/wp-json\/wp\/v2\/users\/17"}],"replies":[{"embeddable":true,"href":"https:\/\/www.iplay.com\/es\/wp-json\/wp\/v2\/comments?post=142803"}],"wp:featuredmedia":[{"embeddable":true,"href":"https:\/\/www.iplay.com\/es\/wp-json\/wp\/v2\/media\/97477"}],"wp:attachment":[{"href":"https:\/\/www.iplay.com\/es\/wp-json\/wp\/v2\/media?parent=142803"}],"wp:term":[{"taxonomy":"product_brand","embeddable":true,"href":"https:\/\/www.iplay.com\/es\/wp-json\/wp\/v2\/product_brand?post=142803"},{"taxonomy":"product_cat","embeddable":true,"href":"https:\/\/www.iplay.com\/es\/wp-json\/wp\/v2\/product_cat?post=142803"},{"taxonomy":"product_tag","embeddable":true,"href":"https:\/\/www.iplay.com\/es\/wp-json\/wp\/v2\/product_tag?post=142803"}],"curies":[{"name":"wp","href":"https:\/\/api.w.org\/{rel}","templated":true}]}}